{"id":36916,"date":"2023-03-09T13:45:43","date_gmt":"2023-03-09T12:45:43","guid":{"rendered":"https:\/\/animo.eu\/erklaering-om-beskyttelse-af-personlige-oplysninger\/"},"modified":"2024-03-23T10:16:21","modified_gmt":"2024-03-23T09:16:21","slug":"erklaering-om-beskyttelse-af-personlige-oplysninger","status":"publish","type":"page","link":"https:\/\/animo.eu\/da\/erklaering-om-beskyttelse-af-personlige-oplysninger\/","title":{"rendered":"Privatlivserkl\u00e6ring"},"content":{"rendered":"\n<section  class=\"pane pane--white \">\n    <div class=\"container\">\n        <div class=\"row g-4 g-lg-8 g-xl-15 justify-content-center\">\n                                                <div class=\"col-12 col-lg-6\">\n                        <div class=\"pane__text\">\n                            <h1>Erkl\u00e6ring om beskyttelse af personlige oplysninger<\/h1>\n<h3>Indsamling og brug af personlige data<\/h3>\n<p>Bem\u00e6rk venligst, at vi indsamler og bruger de personoplysninger, du giver os, fordi det er n\u00f8dvendigt for at indg\u00e5 og opfylde enhver aftale med dig. Dette g\u00e6lder b\u00e5de for vores (potentielle) kunder og for parter, som vi k\u00f8ber forretninger og\/eller tjenester fra.<\/p>\n<p>Hvis du er en (potentiel) kunde hos os, bruger vi dine data til at sende dig et tilbud, til at bestemme, hvilke specifikationer eller \u00f8nsker en bestemt vare eller tjeneste skal opfylde, til at levere varer eller udf\u00f8re arbejde for dig, til at fakturere dig og til at kommunikere med dig problemfrit og effektivt om aftalens udf\u00f8relsesaspekter.<\/p>\n<p>Hvis du er en (potentiel) leverand\u00f8r eller anden kontrahent, er dine personlige data ogs\u00e5 n\u00f8dvendige for indg\u00e5else og udf\u00f8relse af aftalen. I forbindelse med indk\u00f8b er dette n\u00f8dvendigt for at fort\u00e6lle dig, hvilke specifikationer eller krav en bestemt vare eller tjeneste skal opfylde for vores vedkommende, for at sende dig en anmodning om et tilbud eller afgive en ordre til dig, for at betale dine fakturaer og for at kommunikere med dig smidigt og effektivt om andre aspekter af aftalen.<\/p>\n<p>Du er ikke forpligtet til at give os dine personlige data. Men hvis du ikke giver os nogen eller tilstr\u00e6kkelige personlige data, kan vi muligvis ikke udf\u00f8re de f\u00f8rn\u00e6vnte aktiviteter.<\/p>\n<h3>Videregivelse til tredjeparter<\/h3>\n<p>I forbindelse med udf\u00f8relsen af enhver aftale med dig kan vi v\u00e6re n\u00f8dt til at give dine personlige data til parter, der forsyner os med dele, materialer og produkter eller udf\u00f8rer arbejde p\u00e5 vores vegne. Desuden bruger vi ekstern serverplads til at gemme (dele af) vores salgs- og k\u00f8bsregistre, som indeholder dine personlige data. Dine personlige data videregives til vores udbyder af serverplads af denne grund. Desuden bruger vi Microsoft Office og dets lagringsfaciliteter til e-mails og andre filer. Endelig vil dine personlige data blive overf\u00f8rt til udbyderen af denne tjeneste, fordi vi bruger en tjeneste til udsendelse af nyhedsbreve.<\/p>\n<h3>Direkte markedsf\u00f8ring<\/h3>\n<p>Hvis du bestiller regelm\u00e6ssigt hos os, gemmer og bruger vi de personoplysninger, du giver os, til at informere dig personligt via e-mail om vores eksisterende og nye produkter og tjenester i fremtiden og eventuelt give dig et tilbud p\u00e5 disse. Vi har en legitim interesse i at bruge dine personlige data til dette form\u00e5l, nemlig markedsf\u00f8ring af vores produkter og tjenester. Hver gang vi sender dig en reklameforsendelse, har du mulighed for at lade os vide, at du ikke l\u00e6ngere \u00f8nsker at modtage den. Se linket til afmelding i bunden af hver mailing. Hvis du er engangskunde hos os, sender vi dig kun reklamebeskeder, hvis du har givet os dit forudg\u00e5ende samtykke.<\/p>\n<h3>Opbevaringsperiode for personlige data<\/h3>\n<p>Hvis du har anmodet om et tilbud fra os, men ikke er blevet kunde hos os, sletter vi dine data senest et \u00e5r efter vores sidste kontakt. Tilsvarende, hvis vi har modtaget et tilbud fra dig, men ikke er blevet din kunde, vil dine personoplysninger blive slettet senest et \u00e5r efter vores sidste kontakt. Hvis du er blevet kunde hos os, eller vi er blevet kunde hos dig, opbevarer vi dine personoplysninger i syv \u00e5r efter udgangen af det regnskabs\u00e5r, hvor aftalen med dig blev gennemf\u00f8rt fuldt ud. Perioden p\u00e5 syv \u00e5r svarer til den periode, hvor vi er forpligtet til at opbevare vores optegnelser for skattemyndighederne. Efter denne periode sletter vi dine personlige data.<\/p>\n<h3>Dine rettigheder<\/h3>\n<p>Du har ret til at bede os om at f\u00e5 adgang til dine egne personlige data. Hvis det er berettiget, kan du ogs\u00e5 bede os om at supplere dine personlige data eller rette un\u00f8jagtigheder. Derudover har du ret til at bede om, at dine personlige data slettes, eller at brugen af dine personlige data begr\u00e6nses. Du kan ogs\u00e5 g\u00f8re indsigelse mod, at vi indsamler og bruger dine data, eller indgive en klage til persondatamyndigheden. Endelig kan du bede os om at f\u00e5 dine personlige data eller overf\u00f8re dem til en anden person. Hvis du vil g\u00f8re brug af dine rettigheder, bedes du kontakte<\/p>\n<p>Animo BV<br \/>\nDr. A.F. Philipsweg 47<br \/>\n9403 AD Assen, Holland<br \/>\n0592-376376<br \/>\ninfo@animo.nl<\/p>\n<p>Du kan selvf\u00f8lgelig ogs\u00e5 <a href=\"https:\/\/animo.eu\/nl-nl\/contact\">kontakte<\/a> os med sp\u00f8rgsm\u00e5l eller for at f\u00e5 flere oplysninger om indsamling og brug af dine personlige data.<\/p>\n                                                    <\/div>\n                    <\/div>\n                                    <\/div>\n    <\/div>\n<\/section>\n","protected":false},"excerpt":{"rendered":"","protected":false},"author":1,"featured_media":0,"parent":0,"menu_order":80,"comment_status":"closed","ping_status":"closed","template":"","meta":{"_acf_changed":false,"footnotes":""},"class_list":["post-36916","page","type-page","status-publish","hentry"],"acf":[],"yoast_head":"<!-- This site is optimized with the Yoast SEO plugin v25.5 - https:\/\/yoast.com\/wordpress\/plugins\/seo\/ -->\n<title>Privatlivserkl\u00e6ring -<\/title>\n<meta name=\"description\" content=\"Privatlivserkl\u00e6ring -\" \/>\n<meta name=\"robots\" content=\"index, follow, max-snippet:-1, max-image-preview:large, max-video-preview:-1\" \/>\n<link rel=\"canonical\" href=\"https:\/\/animo.eu\/da\/erklaering-om-beskyttelse-af-personlige-oplysninger\/\" \/>\n<meta property=\"og:locale\" content=\"da_DK\" \/>\n<meta property=\"og:type\" content=\"article\" \/>\n<meta property=\"og:title\" content=\"Privatlivserkl\u00e6ring -\" \/>\n<meta property=\"og:description\" content=\"Privatlivserkl\u00e6ring -\" \/>\n<meta property=\"og:url\" content=\"https:\/\/animo.eu\/da\/erklaering-om-beskyttelse-af-personlige-oplysninger\/\" \/>\n<meta property=\"article:publisher\" content=\"https:\/\/www.facebook.com\/animobv\/\" \/>\n<meta property=\"article:modified_time\" content=\"2024-03-23T09:16:21+00:00\" \/>\n<meta property=\"og:image\" content=\"https:\/\/animo.eu\/wp-content\/uploads\/2023\/06\/animo-dedicated-logo.png\" \/>\n\t<meta property=\"og:image:width\" content=\"1000\" \/>\n\t<meta property=\"og:image:height\" content=\"364\" \/>\n\t<meta property=\"og:image:type\" content=\"image\/png\" \/>\n<meta name=\"twitter:card\" content=\"summary_large_image\" \/>\n<meta name=\"twitter:site\" content=\"@animokoffie\" \/>\n<script type=\"application\/ld+json\" class=\"yoast-schema-graph\">{\"@context\":\"https:\/\/schema.org\",\"@graph\":[{\"@type\":\"WebPage\",\"@id\":\"https:\/\/animo.eu\/da\/erklaering-om-beskyttelse-af-personlige-oplysninger\/\",\"url\":\"https:\/\/animo.eu\/da\/erklaering-om-beskyttelse-af-personlige-oplysninger\/\",\"name\":\"Privatlivserkl\u00e6ring -\",\"isPartOf\":{\"@id\":\"https:\/\/animo.eu\/da\/#website\"},\"datePublished\":\"2023-03-09T12:45:43+00:00\",\"dateModified\":\"2024-03-23T09:16:21+00:00\",\"description\":\"Privatlivserkl\u00e6ring -\",\"breadcrumb\":{\"@id\":\"https:\/\/animo.eu\/da\/erklaering-om-beskyttelse-af-personlige-oplysninger\/#breadcrumb\"},\"inLanguage\":\"da-DK\",\"potentialAction\":[{\"@type\":\"ReadAction\",\"target\":[\"https:\/\/animo.eu\/da\/erklaering-om-beskyttelse-af-personlige-oplysninger\/\"]}]},{\"@type\":\"BreadcrumbList\",\"@id\":\"https:\/\/animo.eu\/da\/erklaering-om-beskyttelse-af-personlige-oplysninger\/#breadcrumb\",\"itemListElement\":[{\"@type\":\"ListItem\",\"position\":1,\"name\":\"Home\",\"item\":\"https:\/\/animo.eu\/da\/\"},{\"@type\":\"ListItem\",\"position\":2,\"name\":\"Privatlivserkl\u00e6ring\"}]},{\"@type\":\"WebSite\",\"@id\":\"https:\/\/animo.eu\/da\/#website\",\"url\":\"https:\/\/animo.eu\/da\/\",\"name\":\"\",\"description\":\"\",\"potentialAction\":[{\"@type\":\"SearchAction\",\"target\":{\"@type\":\"EntryPoint\",\"urlTemplate\":\"https:\/\/animo.eu\/da\/?s={search_term_string}\"},\"query-input\":{\"@type\":\"PropertyValueSpecification\",\"valueRequired\":true,\"valueName\":\"search_term_string\"}}],\"inLanguage\":\"da-DK\"}]}<\/script>\n<!-- \/ Yoast SEO plugin. -->","yoast_head_json":{"title":"Privatlivserkl\u00e6ring -","description":"Privatlivserkl\u00e6ring -","robots":{"index":"index","follow":"follow","max-snippet":"max-snippet:-1","max-image-preview":"max-image-preview:large","max-video-preview":"max-video-preview:-1"},"canonical":"https:\/\/animo.eu\/da\/erklaering-om-beskyttelse-af-personlige-oplysninger\/","og_locale":"da_DK","og_type":"article","og_title":"Privatlivserkl\u00e6ring -","og_description":"Privatlivserkl\u00e6ring -","og_url":"https:\/\/animo.eu\/da\/erklaering-om-beskyttelse-af-personlige-oplysninger\/","article_publisher":"https:\/\/www.facebook.com\/animobv\/","article_modified_time":"2024-03-23T09:16:21+00:00","og_image":[{"width":1000,"height":364,"url":"https:\/\/animo.eu\/wp-content\/uploads\/2023\/06\/animo-dedicated-logo.png","type":"image\/png"}],"twitter_card":"summary_large_image","twitter_site":"@animokoffie","schema":{"@context":"https:\/\/schema.org","@graph":[{"@type":"WebPage","@id":"https:\/\/animo.eu\/da\/erklaering-om-beskyttelse-af-personlige-oplysninger\/","url":"https:\/\/animo.eu\/da\/erklaering-om-beskyttelse-af-personlige-oplysninger\/","name":"Privatlivserkl\u00e6ring -","isPartOf":{"@id":"https:\/\/animo.eu\/da\/#website"},"datePublished":"2023-03-09T12:45:43+00:00","dateModified":"2024-03-23T09:16:21+00:00","description":"Privatlivserkl\u00e6ring -","breadcrumb":{"@id":"https:\/\/animo.eu\/da\/erklaering-om-beskyttelse-af-personlige-oplysninger\/#breadcrumb"},"inLanguage":"da-DK","potentialAction":[{"@type":"ReadAction","target":["https:\/\/animo.eu\/da\/erklaering-om-beskyttelse-af-personlige-oplysninger\/"]}]},{"@type":"BreadcrumbList","@id":"https:\/\/animo.eu\/da\/erklaering-om-beskyttelse-af-personlige-oplysninger\/#breadcrumb","itemListElement":[{"@type":"ListItem","position":1,"name":"Home","item":"https:\/\/animo.eu\/da\/"},{"@type":"ListItem","position":2,"name":"Privatlivserkl\u00e6ring"}]},{"@type":"WebSite","@id":"https:\/\/animo.eu\/da\/#website","url":"https:\/\/animo.eu\/da\/","name":"","description":"","potentialAction":[{"@type":"SearchAction","target":{"@type":"EntryPoint","urlTemplate":"https:\/\/animo.eu\/da\/?s={search_term_string}"},"query-input":{"@type":"PropertyValueSpecification","valueRequired":true,"valueName":"search_term_string"}}],"inLanguage":"da-DK"}]}},"_links":{"self":[{"href":"https:\/\/animo.eu\/da\/wp-json\/wp\/v2\/pages\/36916"}],"collection":[{"href":"https:\/\/animo.eu\/da\/wp-json\/wp\/v2\/pages"}],"about":[{"href":"https:\/\/animo.eu\/da\/wp-json\/wp\/v2\/types\/page"}],"author":[{"embeddable":true,"href":"https:\/\/animo.eu\/da\/wp-json\/wp\/v2\/users\/1"}],"replies":[{"embeddable":true,"href":"https:\/\/animo.eu\/da\/wp-json\/wp\/v2\/comments?post=36916"}],"version-history":[{"count":6,"href":"https:\/\/animo.eu\/da\/wp-json\/wp\/v2\/pages\/36916\/revisions"}],"predecessor-version":[{"id":56808,"href":"https:\/\/animo.eu\/da\/wp-json\/wp\/v2\/pages\/36916\/revisions\/56808"}],"wp:attachment":[{"href":"https:\/\/animo.eu\/da\/wp-json\/wp\/v2\/media?parent=36916"}],"curies":[{"name":"wp","href":"https:\/\/api.w.org\/{rel}","templated":true}]}}