{"id":36946,"date":"2023-09-11T12:09:00","date_gmt":"2023-09-11T10:09:00","guid":{"rendered":"https:\/\/animo.eu\/forgreninger\/"},"modified":"2023-11-08T09:01:13","modified_gmt":"2023-11-08T08:01:13","slug":"forgreninger","status":"publish","type":"page","link":"https:\/\/animo.eu\/da\/forgreninger\/","title":{"rendered":"Forgreninger"},"content":{"rendered":"\n<section  class=\"pane pane--white \">\n    <div class=\"container\">\n                    <div class=\"row justify-content-center mb-4\">\n                <div class=\"col-12\">\n                    <div class=\"pane__text\">\n                        <h2>Forgreninger<\/h2>\n                    <\/div>\n                <\/div>\n            <\/div>\n        \n                                \n                            <div class=\"row row--equalized g-4 g-lg-3 g-xl-6\">\n                                            <div class=\"col-12 col-md-6 col-lg-3\">\n                            <div class=\"card card--product\">\n        <div class=\"card__image\">\n                    <img decoding=\"async\" width=\"550\" height=\"458\" src=\"https:\/\/animo.eu\/wp-content\/uploads\/2023\/09\/Branche_overzicht_maritiem-550x458.png\" class=\"image wp-post-image\" alt=\"\" loading=\"lazy\" srcset=\"https:\/\/animo.eu\/wp-content\/uploads\/2023\/09\/Branche_overzicht_maritiem-550x458.png 550w, https:\/\/animo.eu\/wp-content\/uploads\/2023\/09\/Branche_overzicht_maritiem-300x250.png 300w, https:\/\/animo.eu\/wp-content\/uploads\/2023\/09\/Branche_overzicht_maritiem-1024x852.png 1024w, https:\/\/animo.eu\/wp-content\/uploads\/2023\/09\/Branche_overzicht_maritiem-768x639.png 768w, https:\/\/animo.eu\/wp-content\/uploads\/2023\/09\/Branche_overzicht_maritiem-1536x1279.png 1536w, https:\/\/animo.eu\/wp-content\/uploads\/2023\/09\/Branche_overzicht_maritiem-70x58.png 70w, https:\/\/animo.eu\/wp-content\/uploads\/2023\/09\/Branche_overzicht_maritiem-800x666.png 800w, https:\/\/animo.eu\/wp-content\/uploads\/2023\/09\/Branche_overzicht_maritiem-120x100.png 120w, https:\/\/animo.eu\/wp-content\/uploads\/2023\/09\/Branche_overzicht_maritiem-150x125.png 150w, https:\/\/animo.eu\/wp-content\/uploads\/2023\/09\/Branche_overzicht_maritiem.png 1772w\" sizes=\"(max-width: 550px) 100vw, 550px\" \/>                <\/div>\n    <div class=\"card-body\">\n        <h3 class=\"card-title\">Kaffemaskiner til den maritime industri<\/h3>\n                    <p class=\"mb-0\">Kaffemaskiner i den maritime industri<\/p>\n            <\/div>\n    <div class=\"card-footer\">\n        <span class=\"btn btn-outline-secondary\">\n            <span class=\"btn__text\">Mere info<\/span>\n            <svg class=\"icon icon--20 icon--arrow\">\n                <use xlink:href=\"https:\/\/animo.eu\/wp-content\/themes\/animo\/build\/img\/symbols.svg#arrow-right\"><\/use>\n            <\/svg>\n        <\/span>\n    <\/div>\n    <a class=\"stretched-link\" href=\"https:\/\/animo.eu\/da\/forgreninger\/kaffemaskiner-til-den-maritime-industri\/\"><\/a>\n<\/div>\n                        <\/div>\n                                            <div class=\"col-12 col-md-6 col-lg-3\">\n                            <div class=\"card card--product\">\n        <div class=\"card__image\">\n                    <img decoding=\"async\" width=\"550\" height=\"458\" src=\"https:\/\/animo.eu\/wp-content\/uploads\/2023\/09\/Branche_overzicht_horeca-550x458.png\" class=\"image wp-post-image\" alt=\"\" loading=\"lazy\" srcset=\"https:\/\/animo.eu\/wp-content\/uploads\/2023\/09\/Branche_overzicht_horeca-550x458.png 550w, https:\/\/animo.eu\/wp-content\/uploads\/2023\/09\/Branche_overzicht_horeca-300x250.png 300w, https:\/\/animo.eu\/wp-content\/uploads\/2023\/09\/Branche_overzicht_horeca-1024x852.png 1024w, https:\/\/animo.eu\/wp-content\/uploads\/2023\/09\/Branche_overzicht_horeca-768x639.png 768w, https:\/\/animo.eu\/wp-content\/uploads\/2023\/09\/Branche_overzicht_horeca-1536x1279.png 1536w, https:\/\/animo.eu\/wp-content\/uploads\/2023\/09\/Branche_overzicht_horeca-70x58.png 70w, https:\/\/animo.eu\/wp-content\/uploads\/2023\/09\/Branche_overzicht_horeca-800x666.png 800w, https:\/\/animo.eu\/wp-content\/uploads\/2023\/09\/Branche_overzicht_horeca-120x100.png 120w, https:\/\/animo.eu\/wp-content\/uploads\/2023\/09\/Branche_overzicht_horeca-150x125.png 150w, https:\/\/animo.eu\/wp-content\/uploads\/2023\/09\/Branche_overzicht_horeca.png 1772w\" sizes=\"(max-width: 550px) 100vw, 550px\" \/>                <\/div>\n    <div class=\"card-body\">\n        <h3 class=\"card-title\">Kaffemaskiner til hotel- og restaurationsbranchen<\/h3>\n                    <p class=\"mb-0\">Kaffemaskiner i hotel- og restaurationsbranchen<\/p>\n            <\/div>\n    <div class=\"card-footer\">\n        <span class=\"btn btn-outline-secondary\">\n            <span class=\"btn__text\">Mere info<\/span>\n            <svg class=\"icon icon--20 icon--arrow\">\n                <use xlink:href=\"https:\/\/animo.eu\/wp-content\/themes\/animo\/build\/img\/symbols.svg#arrow-right\"><\/use>\n            <\/svg>\n        <\/span>\n    <\/div>\n    <a class=\"stretched-link\" href=\"https:\/\/animo.eu\/da\/forgreninger\/kaffemaskiner-til-hotel-og-restaurationsbranchen\/\"><\/a>\n<\/div>\n                        <\/div>\n                                            <div class=\"col-12 col-md-6 col-lg-3\">\n                            <div class=\"card card--product\">\n        <div class=\"card__image\">\n                    <img decoding=\"async\" width=\"550\" height=\"458\" src=\"https:\/\/animo.eu\/wp-content\/uploads\/2023\/09\/Branche_overzicht_voetbal-550x458.png\" class=\"image wp-post-image\" alt=\"\" loading=\"lazy\" srcset=\"https:\/\/animo.eu\/wp-content\/uploads\/2023\/09\/Branche_overzicht_voetbal-550x458.png 550w, https:\/\/animo.eu\/wp-content\/uploads\/2023\/09\/Branche_overzicht_voetbal-300x250.png 300w, https:\/\/animo.eu\/wp-content\/uploads\/2023\/09\/Branche_overzicht_voetbal-1024x852.png 1024w, https:\/\/animo.eu\/wp-content\/uploads\/2023\/09\/Branche_overzicht_voetbal-768x639.png 768w, https:\/\/animo.eu\/wp-content\/uploads\/2023\/09\/Branche_overzicht_voetbal-1536x1279.png 1536w, https:\/\/animo.eu\/wp-content\/uploads\/2023\/09\/Branche_overzicht_voetbal-70x58.png 70w, https:\/\/animo.eu\/wp-content\/uploads\/2023\/09\/Branche_overzicht_voetbal-800x666.png 800w, https:\/\/animo.eu\/wp-content\/uploads\/2023\/09\/Branche_overzicht_voetbal-120x100.png 120w, https:\/\/animo.eu\/wp-content\/uploads\/2023\/09\/Branche_overzicht_voetbal-150x125.png 150w, https:\/\/animo.eu\/wp-content\/uploads\/2023\/09\/Branche_overzicht_voetbal.png 1772w\" sizes=\"(max-width: 550px) 100vw, 550px\" \/>                <\/div>\n    <div class=\"card-body\">\n        <h3 class=\"card-title\">Kaffemaskiner til sportskantiner<\/h3>\n                    <p class=\"mb-0\">Kaffemaskiner til sportskantinen<\/p>\n            <\/div>\n    <div class=\"card-footer\">\n        <span class=\"btn btn-outline-secondary\">\n            <span class=\"btn__text\">Mere info<\/span>\n            <svg class=\"icon icon--20 icon--arrow\">\n                <use xlink:href=\"https:\/\/animo.eu\/wp-content\/themes\/animo\/build\/img\/symbols.svg#arrow-right\"><\/use>\n            <\/svg>\n        <\/span>\n    <\/div>\n    <a class=\"stretched-link\" href=\"https:\/\/animo.eu\/da\/forgreninger\/kaffemaskiner-til-sportskantinen\/\"><\/a>\n<\/div>\n                        <\/div>\n                                            <div class=\"col-12 col-md-6 col-lg-3\">\n                            <div class=\"card card--product\">\n        <div class=\"card__image\">\n                    <img decoding=\"async\" width=\"550\" height=\"458\" src=\"https:\/\/animo.eu\/wp-content\/uploads\/2023\/09\/Branche_overzicht_onderwijs-550x458.png\" class=\"image wp-post-image\" alt=\"\" loading=\"lazy\" srcset=\"https:\/\/animo.eu\/wp-content\/uploads\/2023\/09\/Branche_overzicht_onderwijs-550x458.png 550w, https:\/\/animo.eu\/wp-content\/uploads\/2023\/09\/Branche_overzicht_onderwijs-300x250.png 300w, https:\/\/animo.eu\/wp-content\/uploads\/2023\/09\/Branche_overzicht_onderwijs-1024x852.png 1024w, https:\/\/animo.eu\/wp-content\/uploads\/2023\/09\/Branche_overzicht_onderwijs-768x639.png 768w, https:\/\/animo.eu\/wp-content\/uploads\/2023\/09\/Branche_overzicht_onderwijs-1536x1279.png 1536w, https:\/\/animo.eu\/wp-content\/uploads\/2023\/09\/Branche_overzicht_onderwijs-70x58.png 70w, https:\/\/animo.eu\/wp-content\/uploads\/2023\/09\/Branche_overzicht_onderwijs-800x666.png 800w, https:\/\/animo.eu\/wp-content\/uploads\/2023\/09\/Branche_overzicht_onderwijs-120x100.png 120w, https:\/\/animo.eu\/wp-content\/uploads\/2023\/09\/Branche_overzicht_onderwijs-150x125.png 150w, https:\/\/animo.eu\/wp-content\/uploads\/2023\/09\/Branche_overzicht_onderwijs.png 1772w\" sizes=\"(max-width: 550px) 100vw, 550px\" \/>                <\/div>\n    <div class=\"card-body\">\n        <h3 class=\"card-title\">Kaffemaskiner til uddannelse<\/h3>\n                    <p class=\"mb-0\">Kaffemaskiner i undervisningen<\/p>\n            <\/div>\n    <div class=\"card-footer\">\n        <span class=\"btn btn-outline-secondary\">\n            <span class=\"btn__text\">Mere info<\/span>\n            <svg class=\"icon icon--20 icon--arrow\">\n                <use xlink:href=\"https:\/\/animo.eu\/wp-content\/themes\/animo\/build\/img\/symbols.svg#arrow-right\"><\/use>\n            <\/svg>\n        <\/span>\n    <\/div>\n    <a class=\"stretched-link\" href=\"https:\/\/animo.eu\/da\/forgreninger\/kaffemaskiner-til-uddannelse\/\"><\/a>\n<\/div>\n                        <\/div>\n                                            <div class=\"col-12 col-md-6 col-lg-3\">\n                            <div class=\"card card--product\">\n        <div class=\"card__image\">\n                    <img decoding=\"async\" width=\"550\" height=\"458\" src=\"https:\/\/animo.eu\/wp-content\/uploads\/2023\/09\/Branche_overzicht_zorg-550x458.png\" class=\"image wp-post-image\" alt=\"\" loading=\"lazy\" srcset=\"https:\/\/animo.eu\/wp-content\/uploads\/2023\/09\/Branche_overzicht_zorg-550x458.png 550w, https:\/\/animo.eu\/wp-content\/uploads\/2023\/09\/Branche_overzicht_zorg-300x250.png 300w, https:\/\/animo.eu\/wp-content\/uploads\/2023\/09\/Branche_overzicht_zorg-1024x852.png 1024w, https:\/\/animo.eu\/wp-content\/uploads\/2023\/09\/Branche_overzicht_zorg-768x639.png 768w, https:\/\/animo.eu\/wp-content\/uploads\/2023\/09\/Branche_overzicht_zorg-1536x1279.png 1536w, https:\/\/animo.eu\/wp-content\/uploads\/2023\/09\/Branche_overzicht_zorg-70x58.png 70w, https:\/\/animo.eu\/wp-content\/uploads\/2023\/09\/Branche_overzicht_zorg-800x666.png 800w, https:\/\/animo.eu\/wp-content\/uploads\/2023\/09\/Branche_overzicht_zorg-120x100.png 120w, https:\/\/animo.eu\/wp-content\/uploads\/2023\/09\/Branche_overzicht_zorg-150x125.png 150w, https:\/\/animo.eu\/wp-content\/uploads\/2023\/09\/Branche_overzicht_zorg.png 1772w\" sizes=\"(max-width: 550px) 100vw, 550px\" \/>                <\/div>\n    <div class=\"card-body\">\n        <h3 class=\"card-title\">Kaffemaskiner til sundhedssektoren<\/h3>\n                    <p class=\"mb-0\">Kaffemaskiner til sundhedssektoren<\/p>\n            <\/div>\n    <div class=\"card-footer\">\n        <span class=\"btn btn-outline-secondary\">\n            <span class=\"btn__text\">Mere info<\/span>\n            <svg class=\"icon icon--20 icon--arrow\">\n                <use xlink:href=\"https:\/\/animo.eu\/wp-content\/themes\/animo\/build\/img\/symbols.svg#arrow-right\"><\/use>\n            <\/svg>\n        <\/span>\n    <\/div>\n    <a class=\"stretched-link\" href=\"https:\/\/animo.eu\/da\/forgreninger\/kaffemaskiner-til-sundhedssektoren\/\"><\/a>\n<\/div>\n                        <\/div>\n                                            <div class=\"col-12 col-md-6 col-lg-3\">\n                            <div class=\"card card--product\">\n        <div class=\"card__image\">\n                    <img decoding=\"async\" width=\"550\" height=\"458\" src=\"https:\/\/animo.eu\/wp-content\/uploads\/2023\/09\/Branche_overzicht_kantoor-550x458.png\" class=\"image wp-post-image\" alt=\"\" loading=\"lazy\" srcset=\"https:\/\/animo.eu\/wp-content\/uploads\/2023\/09\/Branche_overzicht_kantoor-550x458.png 550w, https:\/\/animo.eu\/wp-content\/uploads\/2023\/09\/Branche_overzicht_kantoor-300x250.png 300w, https:\/\/animo.eu\/wp-content\/uploads\/2023\/09\/Branche_overzicht_kantoor-1024x852.png 1024w, https:\/\/animo.eu\/wp-content\/uploads\/2023\/09\/Branche_overzicht_kantoor-768x639.png 768w, https:\/\/animo.eu\/wp-content\/uploads\/2023\/09\/Branche_overzicht_kantoor-1536x1279.png 1536w, https:\/\/animo.eu\/wp-content\/uploads\/2023\/09\/Branche_overzicht_kantoor-70x58.png 70w, https:\/\/animo.eu\/wp-content\/uploads\/2023\/09\/Branche_overzicht_kantoor-800x666.png 800w, https:\/\/animo.eu\/wp-content\/uploads\/2023\/09\/Branche_overzicht_kantoor-120x100.png 120w, https:\/\/animo.eu\/wp-content\/uploads\/2023\/09\/Branche_overzicht_kantoor-150x125.png 150w, https:\/\/animo.eu\/wp-content\/uploads\/2023\/09\/Branche_overzicht_kantoor.png 1772w\" sizes=\"(max-width: 550px) 100vw, 550px\" \/>                <\/div>\n    <div class=\"card-body\">\n        <h3 class=\"card-title\">Kaffemaskiner til kontor og forretning<\/h3>\n                    <p class=\"mb-0\">Kaffemaskiner til kontor og forretning<\/p>\n            <\/div>\n    <div class=\"card-footer\">\n        <span class=\"btn btn-outline-secondary\">\n            <span class=\"btn__text\">Mere info<\/span>\n            <svg class=\"icon icon--20 icon--arrow\">\n                <use xlink:href=\"https:\/\/animo.eu\/wp-content\/themes\/animo\/build\/img\/symbols.svg#arrow-right\"><\/use>\n            <\/svg>\n        <\/span>\n    <\/div>\n    <a class=\"stretched-link\" href=\"https:\/\/animo.eu\/da\/forgreninger\/kaffemaskiner-til-kontor-og-forretning\/\"><\/a>\n<\/div>\n                        <\/div>\n                                    <\/div>\n                                         <\/div>\n<\/section>\n\n<section  class=\"pane pane--white \">\n    <div class=\"container\">\n        <div class=\"row g-4 g-lg-8 g-xl-15 g-xxl-20 align-items-center flex-lg-row-reverse\">\n                            <div class=\"col-12 col-lg-6\">\n                    <div class=\"pane__text\">\n                        <h2>Kaffe til alle brancher<\/h2>\n<p>Kaffebehovet kan variere meget fra virksomhed til virksomhed og fra branche til branche. I nogle virksomheder \u00f8nsker de, at ikke kun medarbejderne, men ogs\u00e5 bes\u00f8gende kunder skal kunne nyde en frisk kop kaffe. For mange brancher er kvalitet det f\u00f8rste udv\u00e6lgelseskriterium, mens det for andre virksomheder er vigtigt at kunne brygge en stor m\u00e6ngde kaffe hurtigt. Derfor tilbyder Animo forskellige kaffemaskiner, der kan opfylde de forskellige behov i alle brancher. Lige fra kontorer, hoteller, supermarkeder, kantiner og hospitaler til uddannelsesinstitutioner, bilservicecentre og teatre &#8230; og mange flere.<\/p>\n                                                \n                    <\/div>\n                <\/div>\n                                        <div class=\"col-12 col-lg\">\n                    <figure class=\"figure image_reversed\">\n                        <img decoding=\"async\" width=\"1024\" height=\"533\" src=\"https:\/\/animo.eu\/wp-content\/uploads\/2023\/09\/Koffie-drinken-BPZ-1024x533.jpg\" class=\"img-fluid\" alt=\"\" loading=\"lazy\" srcset=\"https:\/\/animo.eu\/wp-content\/uploads\/2023\/09\/Koffie-drinken-BPZ-1024x533.jpg 1024w, https:\/\/animo.eu\/wp-content\/uploads\/2023\/09\/Koffie-drinken-BPZ-300x156.jpg 300w, https:\/\/animo.eu\/wp-content\/uploads\/2023\/09\/Koffie-drinken-BPZ-768x400.jpg 768w, https:\/\/animo.eu\/wp-content\/uploads\/2023\/09\/Koffie-drinken-BPZ-70x36.jpg 70w, https:\/\/animo.eu\/wp-content\/uploads\/2023\/09\/Koffie-drinken-BPZ-550x286.jpg 550w, https:\/\/animo.eu\/wp-content\/uploads\/2023\/09\/Koffie-drinken-BPZ-800x417.jpg 800w, https:\/\/animo.eu\/wp-content\/uploads\/2023\/09\/Koffie-drinken-BPZ-192x100.jpg 192w, https:\/\/animo.eu\/wp-content\/uploads\/2023\/09\/Koffie-drinken-BPZ-150x78.jpg 150w, https:\/\/animo.eu\/wp-content\/uploads\/2023\/09\/Koffie-drinken-BPZ.jpg 1440w\" sizes=\"(max-width: 1024px) 100vw, 1024px\" \/>                    <\/figure>\n                <\/div>\n                    <\/div>\n    <\/div>\n<\/section>\n","protected":false},"excerpt":{"rendered":"","protected":false},"author":21,"featured_media":1394,"parent":0,"menu_order":32,"comment_status":"closed","ping_status":"closed","template":"","meta":{"_acf_changed":false,"footnotes":""},"class_list":["post-36946","page","type-page","status-publish","has-post-thumbnail","hentry"],"acf":[],"yoast_head":"<!-- This site is optimized with the Yoast SEO plugin v25.5 - https:\/\/yoast.com\/wordpress\/plugins\/seo\/ -->\n<title>Forgreninger -<\/title>\n<meta name=\"description\" content=\"Forgreninger -\" \/>\n<meta name=\"robots\" content=\"index, follow, max-snippet:-1, max-image-preview:large, max-video-preview:-1\" \/>\n<link rel=\"canonical\" href=\"https:\/\/animo.eu\/da\/forgreninger\/\" \/>\n<meta property=\"og:locale\" content=\"da_DK\" \/>\n<meta property=\"og:type\" content=\"article\" \/>\n<meta property=\"og:title\" content=\"Forgreninger -\" \/>\n<meta property=\"og:description\" content=\"Forgreninger -\" \/>\n<meta property=\"og:url\" content=\"https:\/\/animo.eu\/da\/forgreninger\/\" \/>\n<meta property=\"article:publisher\" content=\"https:\/\/www.facebook.com\/animobv\/\" \/>\n<meta property=\"article:modified_time\" content=\"2023-11-08T08:01:13+00:00\" \/>\n<meta property=\"og:image\" content=\"https:\/\/animo.eu\/wp-content\/uploads\/2023\/01\/2022_04_04-animo-030-e1676041216579.jpg\" \/>\n\t<meta property=\"og:image:width\" content=\"2000\" \/>\n\t<meta property=\"og:image:height\" content=\"1115\" \/>\n\t<meta property=\"og:image:type\" content=\"image\/jpeg\" \/>\n<meta name=\"twitter:card\" content=\"summary_large_image\" \/>\n<meta name=\"twitter:site\" content=\"@animokoffie\" \/>\n<script type=\"application\/ld+json\" class=\"yoast-schema-graph\">{\"@context\":\"https:\/\/schema.org\",\"@graph\":[{\"@type\":\"WebPage\",\"@id\":\"https:\/\/animo.eu\/da\/forgreninger\/\",\"url\":\"https:\/\/animo.eu\/da\/forgreninger\/\",\"name\":\"Forgreninger -\",\"isPartOf\":{\"@id\":\"https:\/\/animo.eu\/da\/#website\"},\"primaryImageOfPage\":{\"@id\":\"https:\/\/animo.eu\/da\/forgreninger\/#primaryimage\"},\"image\":{\"@id\":\"https:\/\/animo.eu\/da\/forgreninger\/#primaryimage\"},\"thumbnailUrl\":\"https:\/\/animo.eu\/wp-content\/uploads\/2023\/01\/2022_04_04-animo-030-e1676041216579.jpg\",\"datePublished\":\"2023-09-11T10:09:00+00:00\",\"dateModified\":\"2023-11-08T08:01:13+00:00\",\"description\":\"Forgreninger -\",\"breadcrumb\":{\"@id\":\"https:\/\/animo.eu\/da\/forgreninger\/#breadcrumb\"},\"inLanguage\":\"da-DK\",\"potentialAction\":[{\"@type\":\"ReadAction\",\"target\":[\"https:\/\/animo.eu\/da\/forgreninger\/\"]}]},{\"@type\":\"ImageObject\",\"inLanguage\":\"da-DK\",\"@id\":\"https:\/\/animo.eu\/da\/forgreninger\/#primaryimage\",\"url\":\"https:\/\/animo.eu\/wp-content\/uploads\/2023\/01\/2022_04_04-animo-030-e1676041216579.jpg\",\"contentUrl\":\"https:\/\/animo.eu\/wp-content\/uploads\/2023\/01\/2022_04_04-animo-030-e1676041216579.jpg\",\"width\":2000,\"height\":1115},{\"@type\":\"BreadcrumbList\",\"@id\":\"https:\/\/animo.eu\/da\/forgreninger\/#breadcrumb\",\"itemListElement\":[{\"@type\":\"ListItem\",\"position\":1,\"name\":\"Home\",\"item\":\"https:\/\/animo.eu\/da\/\"},{\"@type\":\"ListItem\",\"position\":2,\"name\":\"Forgreninger\"}]},{\"@type\":\"WebSite\",\"@id\":\"https:\/\/animo.eu\/da\/#website\",\"url\":\"https:\/\/animo.eu\/da\/\",\"name\":\"\",\"description\":\"\",\"potentialAction\":[{\"@type\":\"SearchAction\",\"target\":{\"@type\":\"EntryPoint\",\"urlTemplate\":\"https:\/\/animo.eu\/da\/?s={search_term_string}\"},\"query-input\":{\"@type\":\"PropertyValueSpecification\",\"valueRequired\":true,\"valueName\":\"search_term_string\"}}],\"inLanguage\":\"da-DK\"}]}<\/script>\n<!-- \/ Yoast SEO plugin. -->","yoast_head_json":{"title":"Forgreninger -","description":"Forgreninger -","robots":{"index":"index","follow":"follow","max-snippet":"max-snippet:-1","max-image-preview":"max-image-preview:large","max-video-preview":"max-video-preview:-1"},"canonical":"https:\/\/animo.eu\/da\/forgreninger\/","og_locale":"da_DK","og_type":"article","og_title":"Forgreninger -","og_description":"Forgreninger -","og_url":"https:\/\/animo.eu\/da\/forgreninger\/","article_publisher":"https:\/\/www.facebook.com\/animobv\/","article_modified_time":"2023-11-08T08:01:13+00:00","og_image":[{"width":2000,"height":1115,"url":"https:\/\/animo.eu\/wp-content\/uploads\/2023\/01\/2022_04_04-animo-030-e1676041216579.jpg","type":"image\/jpeg"}],"twitter_card":"summary_large_image","twitter_site":"@animokoffie","schema":{"@context":"https:\/\/schema.org","@graph":[{"@type":"WebPage","@id":"https:\/\/animo.eu\/da\/forgreninger\/","url":"https:\/\/animo.eu\/da\/forgreninger\/","name":"Forgreninger -","isPartOf":{"@id":"https:\/\/animo.eu\/da\/#website"},"primaryImageOfPage":{"@id":"https:\/\/animo.eu\/da\/forgreninger\/#primaryimage"},"image":{"@id":"https:\/\/animo.eu\/da\/forgreninger\/#primaryimage"},"thumbnailUrl":"https:\/\/animo.eu\/wp-content\/uploads\/2023\/01\/2022_04_04-animo-030-e1676041216579.jpg","datePublished":"2023-09-11T10:09:00+00:00","dateModified":"2023-11-08T08:01:13+00:00","description":"Forgreninger -","breadcrumb":{"@id":"https:\/\/animo.eu\/da\/forgreninger\/#breadcrumb"},"inLanguage":"da-DK","potentialAction":[{"@type":"ReadAction","target":["https:\/\/animo.eu\/da\/forgreninger\/"]}]},{"@type":"ImageObject","inLanguage":"da-DK","@id":"https:\/\/animo.eu\/da\/forgreninger\/#primaryimage","url":"https:\/\/animo.eu\/wp-content\/uploads\/2023\/01\/2022_04_04-animo-030-e1676041216579.jpg","contentUrl":"https:\/\/animo.eu\/wp-content\/uploads\/2023\/01\/2022_04_04-animo-030-e1676041216579.jpg","width":2000,"height":1115},{"@type":"BreadcrumbList","@id":"https:\/\/animo.eu\/da\/forgreninger\/#breadcrumb","itemListElement":[{"@type":"ListItem","position":1,"name":"Home","item":"https:\/\/animo.eu\/da\/"},{"@type":"ListItem","position":2,"name":"Forgreninger"}]},{"@type":"WebSite","@id":"https:\/\/animo.eu\/da\/#website","url":"https:\/\/animo.eu\/da\/","name":"","description":"","potentialAction":[{"@type":"SearchAction","target":{"@type":"EntryPoint","urlTemplate":"https:\/\/animo.eu\/da\/?s={search_term_string}"},"query-input":{"@type":"PropertyValueSpecification","valueRequired":true,"valueName":"search_term_string"}}],"inLanguage":"da-DK"}]}},"_links":{"self":[{"href":"https:\/\/animo.eu\/da\/wp-json\/wp\/v2\/pages\/36946"}],"collection":[{"href":"https:\/\/animo.eu\/da\/wp-json\/wp\/v2\/pages"}],"about":[{"href":"https:\/\/animo.eu\/da\/wp-json\/wp\/v2\/types\/page"}],"author":[{"embeddable":true,"href":"https:\/\/animo.eu\/da\/wp-json\/wp\/v2\/users\/21"}],"replies":[{"embeddable":true,"href":"https:\/\/animo.eu\/da\/wp-json\/wp\/v2\/comments?post=36946"}],"version-history":[{"count":1,"href":"https:\/\/animo.eu\/da\/wp-json\/wp\/v2\/pages\/36946\/revisions"}],"predecessor-version":[{"id":36947,"href":"https:\/\/animo.eu\/da\/wp-json\/wp\/v2\/pages\/36946\/revisions\/36947"}],"wp:featuredmedia":[{"embeddable":true,"href":"https:\/\/animo.eu\/da\/wp-json\/wp\/v2\/media\/1394"}],"wp:attachment":[{"href":"https:\/\/animo.eu\/da\/wp-json\/wp\/v2\/media?parent=36946"}],"curies":[{"name":"wp","href":"https:\/\/api.w.org\/{rel}","templated":true}]}}