{"id":36966,"date":"2023-03-09T13:45:17","date_gmt":"2023-03-09T12:45:17","guid":{"rendered":"https:\/\/animo.eu\/cookies\/"},"modified":"2023-11-08T10:19:35","modified_gmt":"2023-11-08T09:19:35","slug":"cookies","status":"publish","type":"page","link":"https:\/\/animo.eu\/da\/cookies\/","title":{"rendered":"Cookies"},"content":{"rendered":"\n<section  class=\"pane pane--white \">\n    <div class=\"container\">\n        <div class=\"row g-4 g-lg-8 g-xl-15 justify-content-center\">\n                                                <div class=\"col-12 col-lg-6\">\n                        <div class=\"pane__text\">\n                            <h1>Cookies<\/h1>\n<p>Denne cookiepolitik g\u00e6lder for alle brugere af Animo.eu&#8217;s hjemmeside. Nedenfor finder du de n\u00f8dvendige oplysninger om placering, brug og styring af cookies fra Animo.eu i forbindelse med brugere, der bes\u00f8ger vores websted.<\/p>\n<p><strong>Hvad er cookies?<\/strong><\/p>\n<p>Cookies er sm\u00e5 filer, der gemmes p\u00e5 din enhed (laptop, tablet, smartphone eller lignende enheder), n\u00e5r du bes\u00f8ger vores hjemmeside. Cookies bruges til at f\u00e5 Animo.eu-webstedet til at fungere mere effektivt og til at indsamle visse oplysninger om brugernes interaktion med webstedet.<\/p>\n<p><strong>Animo.eu&#8217;s brug af cookies<\/strong><\/p>\n<p>Animo.eu bruger cookies til at:<\/p>\n<ul>\n<li>Lette navigationen og forbedre brugeroplevelsen af hjemmesiden.<\/li>\n<li>Indsamle anonyme data om, hvordan vores hjemmeside bruges, med det form\u00e5l at optimere hjemmesidens ydeevne.<\/li>\n<li>Tilpasse markedsf\u00f8ringsstrategier ved at vise relevante annoncer. Kategorier af anvendte cookies<\/li>\n<\/ul>\n<p><strong>Kategorier af anvendte cookies<\/strong><\/p>\n<ul>\n<li><strong>N\u00f8dvendige cookies: Disse er afg\u00f8rende for den tekniske drift af hjemmesiden og kan ikke deaktiveres.<\/strong><\/li>\n<li><strong>Analytiske cookies<\/strong>: Disse giver os mulighed for at analysere og forbedre brugeroplevelsen ved at forst\u00e5, hvordan hjemmesiden bruges.<\/li>\n<li><strong>Funktionelle cookies<\/strong>: Disse husker dine pr\u00e6ferencer og valg p\u00e5 hjemmesiden.<\/li>\n<li><strong>Marketingcookies<\/strong>: Disse er designet til at underst\u00f8tte marketingkampagner og har til form\u00e5l at levere relevante reklamer.<\/li>\n<\/ul>\n<p><strong>Dine valg vedr\u00f8rende cookies<\/strong><\/p>\n<p>Du kan administrere dine cookie-pr\u00e6ferencer ved at justere dine browserindstillinger. Det er muligt at afvise alle cookies eller kun acceptere specifikke cookies. Bem\u00e6rk venligst, at deaktivering af cookies kan p\u00e5virke funktionaliteten af vores hjemmeside.<\/p>\n<p><strong>\u00c6ndringer af cookiepolitikken<\/strong><\/p>\n<p>Animo.eu kan til enhver tid \u00e6ndre denne cookiepolitik. Vi r\u00e5der brugere til at konsultere denne side regelm\u00e6ssigt for at holde sig informeret om eventuelle \u00e6ndringer.<\/p>\n<p><strong>Sp\u00f8rgsm\u00e5l og kontakt<\/strong><\/p>\n<p>Hvis du har sp\u00f8rgsm\u00e5l om denne politik eller den m\u00e5de, Animo.eu bruger cookies p\u00e5, kan du kontakte os p\u00e5:<\/p>\n<p>Animo BV<br \/>\nDr. A.F. Philipsweg 47<br \/>\n9403 AD Assen, Holland<br \/>\n+31(0)592-376376<br \/>\ninfo@animo.nl<\/p>\n<p>&nbsp;<\/p>\n                                                    <\/div>\n                    <\/div>\n                                    <\/div>\n    <\/div>\n<\/section>\n","protected":false},"excerpt":{"rendered":"","protected":false},"author":1,"featured_media":0,"parent":0,"menu_order":80,"comment_status":"closed","ping_status":"closed","template":"","meta":{"_acf_changed":false,"footnotes":""},"class_list":["post-36966","page","type-page","status-publish","hentry"],"acf":[],"yoast_head":"<!-- This site is optimized with the Yoast SEO plugin v25.5 - https:\/\/yoast.com\/wordpress\/plugins\/seo\/ -->\n<title>Cookies -<\/title>\n<meta name=\"description\" content=\"Cookies -\" \/>\n<meta name=\"robots\" content=\"index, follow, max-snippet:-1, max-image-preview:large, max-video-preview:-1\" \/>\n<link rel=\"canonical\" href=\"https:\/\/animo.eu\/da\/cookies\/\" \/>\n<meta property=\"og:locale\" content=\"da_DK\" \/>\n<meta property=\"og:type\" content=\"article\" \/>\n<meta property=\"og:title\" content=\"Cookies -\" \/>\n<meta property=\"og:description\" content=\"Cookies -\" \/>\n<meta property=\"og:url\" content=\"https:\/\/animo.eu\/da\/cookies\/\" \/>\n<meta property=\"article:publisher\" content=\"https:\/\/www.facebook.com\/animobv\/\" \/>\n<meta property=\"article:modified_time\" content=\"2023-11-08T09:19:35+00:00\" \/>\n<meta property=\"og:image\" content=\"https:\/\/animo.eu\/wp-content\/uploads\/2023\/06\/animo-dedicated-logo.png\" \/>\n\t<meta property=\"og:image:width\" content=\"1000\" \/>\n\t<meta property=\"og:image:height\" content=\"364\" \/>\n\t<meta property=\"og:image:type\" content=\"image\/png\" \/>\n<meta name=\"twitter:card\" content=\"summary_large_image\" \/>\n<meta name=\"twitter:site\" content=\"@animokoffie\" \/>\n<script type=\"application\/ld+json\" class=\"yoast-schema-graph\">{\"@context\":\"https:\/\/schema.org\",\"@graph\":[{\"@type\":\"WebPage\",\"@id\":\"https:\/\/animo.eu\/da\/cookies\/\",\"url\":\"https:\/\/animo.eu\/da\/cookies\/\",\"name\":\"Cookies -\",\"isPartOf\":{\"@id\":\"https:\/\/animo.eu\/da\/#website\"},\"datePublished\":\"2023-03-09T12:45:17+00:00\",\"dateModified\":\"2023-11-08T09:19:35+00:00\",\"description\":\"Cookies -\",\"breadcrumb\":{\"@id\":\"https:\/\/animo.eu\/da\/cookies\/#breadcrumb\"},\"inLanguage\":\"da-DK\",\"potentialAction\":[{\"@type\":\"ReadAction\",\"target\":[\"https:\/\/animo.eu\/da\/cookies\/\"]}]},{\"@type\":\"BreadcrumbList\",\"@id\":\"https:\/\/animo.eu\/da\/cookies\/#breadcrumb\",\"itemListElement\":[{\"@type\":\"ListItem\",\"position\":1,\"name\":\"Home\",\"item\":\"https:\/\/animo.eu\/da\/\"},{\"@type\":\"ListItem\",\"position\":2,\"name\":\"Cookies\"}]},{\"@type\":\"WebSite\",\"@id\":\"https:\/\/animo.eu\/da\/#website\",\"url\":\"https:\/\/animo.eu\/da\/\",\"name\":\"\",\"description\":\"\",\"potentialAction\":[{\"@type\":\"SearchAction\",\"target\":{\"@type\":\"EntryPoint\",\"urlTemplate\":\"https:\/\/animo.eu\/da\/?s={search_term_string}\"},\"query-input\":{\"@type\":\"PropertyValueSpecification\",\"valueRequired\":true,\"valueName\":\"search_term_string\"}}],\"inLanguage\":\"da-DK\"}]}<\/script>\n<!-- \/ Yoast SEO plugin. -->","yoast_head_json":{"title":"Cookies -","description":"Cookies -","robots":{"index":"index","follow":"follow","max-snippet":"max-snippet:-1","max-image-preview":"max-image-preview:large","max-video-preview":"max-video-preview:-1"},"canonical":"https:\/\/animo.eu\/da\/cookies\/","og_locale":"da_DK","og_type":"article","og_title":"Cookies -","og_description":"Cookies -","og_url":"https:\/\/animo.eu\/da\/cookies\/","article_publisher":"https:\/\/www.facebook.com\/animobv\/","article_modified_time":"2023-11-08T09:19:35+00:00","og_image":[{"width":1000,"height":364,"url":"https:\/\/animo.eu\/wp-content\/uploads\/2023\/06\/animo-dedicated-logo.png","type":"image\/png"}],"twitter_card":"summary_large_image","twitter_site":"@animokoffie","schema":{"@context":"https:\/\/schema.org","@graph":[{"@type":"WebPage","@id":"https:\/\/animo.eu\/da\/cookies\/","url":"https:\/\/animo.eu\/da\/cookies\/","name":"Cookies -","isPartOf":{"@id":"https:\/\/animo.eu\/da\/#website"},"datePublished":"2023-03-09T12:45:17+00:00","dateModified":"2023-11-08T09:19:35+00:00","description":"Cookies -","breadcrumb":{"@id":"https:\/\/animo.eu\/da\/cookies\/#breadcrumb"},"inLanguage":"da-DK","potentialAction":[{"@type":"ReadAction","target":["https:\/\/animo.eu\/da\/cookies\/"]}]},{"@type":"BreadcrumbList","@id":"https:\/\/animo.eu\/da\/cookies\/#breadcrumb","itemListElement":[{"@type":"ListItem","position":1,"name":"Home","item":"https:\/\/animo.eu\/da\/"},{"@type":"ListItem","position":2,"name":"Cookies"}]},{"@type":"WebSite","@id":"https:\/\/animo.eu\/da\/#website","url":"https:\/\/animo.eu\/da\/","name":"","description":"","potentialAction":[{"@type":"SearchAction","target":{"@type":"EntryPoint","urlTemplate":"https:\/\/animo.eu\/da\/?s={search_term_string}"},"query-input":{"@type":"PropertyValueSpecification","valueRequired":true,"valueName":"search_term_string"}}],"inLanguage":"da-DK"}]}},"_links":{"self":[{"href":"https:\/\/animo.eu\/da\/wp-json\/wp\/v2\/pages\/36966"}],"collection":[{"href":"https:\/\/animo.eu\/da\/wp-json\/wp\/v2\/pages"}],"about":[{"href":"https:\/\/animo.eu\/da\/wp-json\/wp\/v2\/types\/page"}],"author":[{"embeddable":true,"href":"https:\/\/animo.eu\/da\/wp-json\/wp\/v2\/users\/1"}],"replies":[{"embeddable":true,"href":"https:\/\/animo.eu\/da\/wp-json\/wp\/v2\/comments?post=36966"}],"version-history":[{"count":1,"href":"https:\/\/animo.eu\/da\/wp-json\/wp\/v2\/pages\/36966\/revisions"}],"predecessor-version":[{"id":36967,"href":"https:\/\/animo.eu\/da\/wp-json\/wp\/v2\/pages\/36966\/revisions\/36967"}],"wp:attachment":[{"href":"https:\/\/animo.eu\/da\/wp-json\/wp\/v2\/media?parent=36966"}],"curies":[{"name":"wp","href":"https:\/\/api.w.org\/{rel}","templated":true}]}}