{"id":41998,"date":"2023-08-29T13:21:21","date_gmt":"2023-08-29T11:21:21","guid":{"rendered":"https:\/\/animo.eu\/rengoeringsmidler\/"},"modified":"2024-03-01T10:09:15","modified_gmt":"2024-03-01T09:09:15","slug":"rengoeringsmidler","status":"publish","type":"page","link":"https:\/\/animo.eu\/da\/rengoeringsmidler\/","title":{"rendered":"Reng\u00f8ringsmidler"},"content":{"rendered":"\n<section  class=\"pane pane--white \">\n    <div class=\"container\">\n                    <div class=\"row justify-content-center mb-4\">\n                <div class=\"col-12\">\n                    <div class=\"pane__text\">\n                        <h2>Reng\u00f8ringsmidler<\/h2>\n                    <\/div>\n                <\/div>\n            <\/div>\n        \n                                \n                            <div class=\"row row--equalized g-4 g-lg-3 g-xl-6\">\n                                            <div class=\"col-12 col-md-6 col-lg-3\">\n                            <div class=\"card card--product\">\n                    <div class=\"card__image\">\n                    <img decoding=\"async\" width=\"550\" height=\"321\" src=\"https:\/\/animo.eu\/wp-content\/uploads\/2023\/08\/Animo-cleaning-stuff-550x321.jpg\" class=\"image wp-post-image\" alt=\"\" loading=\"lazy\" srcset=\"https:\/\/animo.eu\/wp-content\/uploads\/2023\/08\/Animo-cleaning-stuff-550x321.jpg 550w, https:\/\/animo.eu\/wp-content\/uploads\/2023\/08\/Animo-cleaning-stuff-300x175.jpg 300w, https:\/\/animo.eu\/wp-content\/uploads\/2023\/08\/Animo-cleaning-stuff-1024x598.jpg 1024w, https:\/\/animo.eu\/wp-content\/uploads\/2023\/08\/Animo-cleaning-stuff-768x449.jpg 768w, https:\/\/animo.eu\/wp-content\/uploads\/2023\/08\/Animo-cleaning-stuff-70x41.jpg 70w, https:\/\/animo.eu\/wp-content\/uploads\/2023\/08\/Animo-cleaning-stuff-800x467.jpg 800w, https:\/\/animo.eu\/wp-content\/uploads\/2023\/08\/Animo-cleaning-stuff-171x100.jpg 171w, https:\/\/animo.eu\/wp-content\/uploads\/2023\/08\/Animo-cleaning-stuff-150x88.jpg 150w, https:\/\/animo.eu\/wp-content\/uploads\/2023\/08\/Animo-cleaning-stuff.jpg 1438w\" sizes=\"(max-width: 550px) 100vw, 550px\" \/>                <\/div>\n    <div class=\"card-body\">\n        <h3 class=\"card-title\">Reng\u00f8ringsmidler<\/h3>\n                    <p class=\"mb-0\">Reng\u00f8r dit Animo-udstyr regelm\u00e6ssigt, og undg\u00e5 nedbrud og vedligeholdelsesomkostninger.<\/p>\n            <\/div>\n    <div class=\"card-footer\">\n        <span class=\"btn btn-outline-secondary\">\n            <span class=\"btn__text\">Mere info<\/span>\n            <svg class=\"icon icon--20 icon--arrow\">\n                <use xlink:href=\"https:\/\/animo.eu\/wp-content\/themes\/animo\/build\/img\/symbols.svg#arrow-right\"><\/use>\n            <\/svg>\n        <\/span>\n    <\/div>\n    <a class=\"stretched-link\" href=\"https:\/\/animo.eu\/da\/rengoeringsmidler\/rengoeringsmidler\/\"><\/a>\n<\/div>\n                        <\/div>\n                                    <\/div>\n                                         <\/div>\n<\/section>\n\n<section  class=\"pane pane--white \">\n    <div class=\"container\">\n        <div class=\"row g-4 g-lg-8 g-xl-15 g-xxl-20 align-items-center flex-lg-row-reverse\">\n                            <div class=\"col-12 col-lg-6\">\n                    <div class=\"pane__text\">\n                        <h2>Animo specialreng\u00f8ringsprodukter<\/h2>\n<p>Du kan undg\u00e5 nedbrud og un\u00f8dvendige vedligeholdelsesomkostninger ved at holde din<span style=\"background-color: var(--bs-body-bg);color: var(--bs-body-color);font-size: 1rem;text-align: var(--bs-body-text-align)\">  Animo-udstyr skal reng\u00f8res regelm\u00e6ssigt. Brug Animos s\u00e6rlige reng\u00f8ringsprodukter til dette form\u00e5l. De er blevet testet af os og garanterer den bedste reng\u00f8ring.  <\/span><span style=\"background-color: var(--bs-body-bg);color: var(--bs-body-color);font-size: 1rem;text-align: var(--bs-body-text-align)\">Tr\u00e6f dit valg, og se reng\u00f8ringsmidler og instruktioner for hver type.<\/span><\/p>\n<p>&nbsp;<\/p>\n                                                \n                    <\/div>\n                <\/div>\n                                <\/div>\n    <\/div>\n<\/section>\n","protected":false},"excerpt":{"rendered":"","protected":false},"author":21,"featured_media":22234,"parent":0,"menu_order":49,"comment_status":"closed","ping_status":"closed","template":"","meta":{"_acf_changed":false,"footnotes":""},"class_list":["post-41998","page","type-page","status-publish","has-post-thumbnail","hentry"],"acf":[],"yoast_head":"<!-- This site is optimized with the Yoast SEO plugin v25.5 - https:\/\/yoast.com\/wordpress\/plugins\/seo\/ -->\n<title>Reng\u00f8ringsmidler -<\/title>\n<meta name=\"description\" content=\"Reng\u00f8ringsmidler -\" \/>\n<meta name=\"robots\" content=\"index, follow, max-snippet:-1, max-image-preview:large, max-video-preview:-1\" \/>\n<link rel=\"canonical\" href=\"https:\/\/animo.eu\/da\/rengoeringsmidler\/\" \/>\n<meta property=\"og:locale\" content=\"da_DK\" \/>\n<meta property=\"og:type\" content=\"article\" \/>\n<meta property=\"og:title\" content=\"Reng\u00f8ringsmidler -\" \/>\n<meta property=\"og:description\" content=\"Reng\u00f8ringsmidler -\" \/>\n<meta property=\"og:url\" content=\"https:\/\/animo.eu\/da\/rengoeringsmidler\/\" \/>\n<meta property=\"article:publisher\" content=\"https:\/\/www.facebook.com\/animobv\/\" \/>\n<meta property=\"article:modified_time\" content=\"2024-03-01T09:09:15+00:00\" \/>\n<meta property=\"og:image\" content=\"https:\/\/animo.eu\/wp-content\/uploads\/2023\/08\/Reinigingsmiddelen-assortiment.png\" \/>\n\t<meta property=\"og:image:width\" content=\"1438\" \/>\n\t<meta property=\"og:image:height\" content=\"840\" \/>\n\t<meta property=\"og:image:type\" content=\"image\/jpeg\" \/>\n<meta name=\"twitter:card\" content=\"summary_large_image\" \/>\n<meta name=\"twitter:site\" content=\"@animokoffie\" \/>\n<script type=\"application\/ld+json\" class=\"yoast-schema-graph\">{\"@context\":\"https:\/\/schema.org\",\"@graph\":[{\"@type\":\"WebPage\",\"@id\":\"https:\/\/animo.eu\/da\/rengoeringsmidler\/\",\"url\":\"https:\/\/animo.eu\/da\/rengoeringsmidler\/\",\"name\":\"Reng\u00f8ringsmidler -\",\"isPartOf\":{\"@id\":\"https:\/\/animo.eu\/da\/#website\"},\"primaryImageOfPage\":{\"@id\":\"https:\/\/animo.eu\/da\/rengoeringsmidler\/#primaryimage\"},\"image\":{\"@id\":\"https:\/\/animo.eu\/da\/rengoeringsmidler\/#primaryimage\"},\"thumbnailUrl\":\"https:\/\/animo.eu\/wp-content\/uploads\/2023\/08\/Reinigingsmiddelen-assortiment.png\",\"datePublished\":\"2023-08-29T11:21:21+00:00\",\"dateModified\":\"2024-03-01T09:09:15+00:00\",\"description\":\"Reng\u00f8ringsmidler -\",\"breadcrumb\":{\"@id\":\"https:\/\/animo.eu\/da\/rengoeringsmidler\/#breadcrumb\"},\"inLanguage\":\"da-DK\",\"potentialAction\":[{\"@type\":\"ReadAction\",\"target\":[\"https:\/\/animo.eu\/da\/rengoeringsmidler\/\"]}]},{\"@type\":\"ImageObject\",\"inLanguage\":\"da-DK\",\"@id\":\"https:\/\/animo.eu\/da\/rengoeringsmidler\/#primaryimage\",\"url\":\"https:\/\/animo.eu\/wp-content\/uploads\/2023\/08\/Reinigingsmiddelen-assortiment.png\",\"contentUrl\":\"https:\/\/animo.eu\/wp-content\/uploads\/2023\/08\/Reinigingsmiddelen-assortiment.png\",\"width\":1438,\"height\":840},{\"@type\":\"BreadcrumbList\",\"@id\":\"https:\/\/animo.eu\/da\/rengoeringsmidler\/#breadcrumb\",\"itemListElement\":[{\"@type\":\"ListItem\",\"position\":1,\"name\":\"Home\",\"item\":\"https:\/\/animo.eu\/da\/\"},{\"@type\":\"ListItem\",\"position\":2,\"name\":\"Reng\u00f8ringsmidler\"}]},{\"@type\":\"WebSite\",\"@id\":\"https:\/\/animo.eu\/da\/#website\",\"url\":\"https:\/\/animo.eu\/da\/\",\"name\":\"\",\"description\":\"\",\"potentialAction\":[{\"@type\":\"SearchAction\",\"target\":{\"@type\":\"EntryPoint\",\"urlTemplate\":\"https:\/\/animo.eu\/da\/?s={search_term_string}\"},\"query-input\":{\"@type\":\"PropertyValueSpecification\",\"valueRequired\":true,\"valueName\":\"search_term_string\"}}],\"inLanguage\":\"da-DK\"}]}<\/script>\n<!-- \/ Yoast SEO plugin. -->","yoast_head_json":{"title":"Reng\u00f8ringsmidler -","description":"Reng\u00f8ringsmidler -","robots":{"index":"index","follow":"follow","max-snippet":"max-snippet:-1","max-image-preview":"max-image-preview:large","max-video-preview":"max-video-preview:-1"},"canonical":"https:\/\/animo.eu\/da\/rengoeringsmidler\/","og_locale":"da_DK","og_type":"article","og_title":"Reng\u00f8ringsmidler -","og_description":"Reng\u00f8ringsmidler -","og_url":"https:\/\/animo.eu\/da\/rengoeringsmidler\/","article_publisher":"https:\/\/www.facebook.com\/animobv\/","article_modified_time":"2024-03-01T09:09:15+00:00","og_image":[{"width":1438,"height":840,"url":"https:\/\/animo.eu\/wp-content\/uploads\/2023\/08\/Reinigingsmiddelen-assortiment.png","type":"image\/jpeg"}],"twitter_card":"summary_large_image","twitter_site":"@animokoffie","schema":{"@context":"https:\/\/schema.org","@graph":[{"@type":"WebPage","@id":"https:\/\/animo.eu\/da\/rengoeringsmidler\/","url":"https:\/\/animo.eu\/da\/rengoeringsmidler\/","name":"Reng\u00f8ringsmidler -","isPartOf":{"@id":"https:\/\/animo.eu\/da\/#website"},"primaryImageOfPage":{"@id":"https:\/\/animo.eu\/da\/rengoeringsmidler\/#primaryimage"},"image":{"@id":"https:\/\/animo.eu\/da\/rengoeringsmidler\/#primaryimage"},"thumbnailUrl":"https:\/\/animo.eu\/wp-content\/uploads\/2023\/08\/Reinigingsmiddelen-assortiment.png","datePublished":"2023-08-29T11:21:21+00:00","dateModified":"2024-03-01T09:09:15+00:00","description":"Reng\u00f8ringsmidler -","breadcrumb":{"@id":"https:\/\/animo.eu\/da\/rengoeringsmidler\/#breadcrumb"},"inLanguage":"da-DK","potentialAction":[{"@type":"ReadAction","target":["https:\/\/animo.eu\/da\/rengoeringsmidler\/"]}]},{"@type":"ImageObject","inLanguage":"da-DK","@id":"https:\/\/animo.eu\/da\/rengoeringsmidler\/#primaryimage","url":"https:\/\/animo.eu\/wp-content\/uploads\/2023\/08\/Reinigingsmiddelen-assortiment.png","contentUrl":"https:\/\/animo.eu\/wp-content\/uploads\/2023\/08\/Reinigingsmiddelen-assortiment.png","width":1438,"height":840},{"@type":"BreadcrumbList","@id":"https:\/\/animo.eu\/da\/rengoeringsmidler\/#breadcrumb","itemListElement":[{"@type":"ListItem","position":1,"name":"Home","item":"https:\/\/animo.eu\/da\/"},{"@type":"ListItem","position":2,"name":"Reng\u00f8ringsmidler"}]},{"@type":"WebSite","@id":"https:\/\/animo.eu\/da\/#website","url":"https:\/\/animo.eu\/da\/","name":"","description":"","potentialAction":[{"@type":"SearchAction","target":{"@type":"EntryPoint","urlTemplate":"https:\/\/animo.eu\/da\/?s={search_term_string}"},"query-input":{"@type":"PropertyValueSpecification","valueRequired":true,"valueName":"search_term_string"}}],"inLanguage":"da-DK"}]}},"_links":{"self":[{"href":"https:\/\/animo.eu\/da\/wp-json\/wp\/v2\/pages\/41998"}],"collection":[{"href":"https:\/\/animo.eu\/da\/wp-json\/wp\/v2\/pages"}],"about":[{"href":"https:\/\/animo.eu\/da\/wp-json\/wp\/v2\/types\/page"}],"author":[{"embeddable":true,"href":"https:\/\/animo.eu\/da\/wp-json\/wp\/v2\/users\/21"}],"replies":[{"embeddable":true,"href":"https:\/\/animo.eu\/da\/wp-json\/wp\/v2\/comments?post=41998"}],"version-history":[{"count":1,"href":"https:\/\/animo.eu\/da\/wp-json\/wp\/v2\/pages\/41998\/revisions"}],"predecessor-version":[{"id":41999,"href":"https:\/\/animo.eu\/da\/wp-json\/wp\/v2\/pages\/41998\/revisions\/41999"}],"wp:featuredmedia":[{"embeddable":true,"href":"https:\/\/animo.eu\/da\/wp-json\/wp\/v2\/media\/22234"}],"wp:attachment":[{"href":"https:\/\/animo.eu\/da\/wp-json\/wp\/v2\/media?parent=41998"}],"curies":[{"name":"wp","href":"https:\/\/api.w.org\/{rel}","templated":true}]}}