{"id":42309,"date":"2023-08-21T15:11:29","date_gmt":"2023-08-21T13:11:29","guid":{"rendered":"https:\/\/animo.eu\/beholdere-til-drikkevarer\/"},"modified":"2023-12-15T15:17:16","modified_gmt":"2023-12-15T14:17:16","slug":"beholdere-til-drikkevarer","status":"publish","type":"page","link":"https:\/\/animo.eu\/da\/beholdere-til-drikkevarer\/","title":{"rendered":"Beholdere til drikkevarer"},"content":{"rendered":"\n<section  class=\"pane pane--white \">\n    <div class=\"container\">\n                    <div class=\"row justify-content-center mb-4\">\n                <div class=\"col-12\">\n                    <div class=\"pane__text\">\n                        <h2>Beholdere til drikkevarer<\/h2>\n                    <\/div>\n                <\/div>\n            <\/div>\n        \n                                \n                            <div class=\"row row--equalized g-4 g-lg-3 g-xl-6\">\n                                            <div class=\"col-12 col-md-6 col-lg-3\">\n                            <div class=\"card card--product\">\n                    <div class=\"card__image\">\n                    <img decoding=\"async\" width=\"550\" height=\"458\" src=\"https:\/\/animo.eu\/wp-content\/uploads\/2023\/08\/CE-en-CI-serie-550x458.png\" class=\"image wp-post-image\" alt=\"\" loading=\"lazy\" srcset=\"https:\/\/animo.eu\/wp-content\/uploads\/2023\/08\/CE-en-CI-serie-550x458.png 550w, https:\/\/animo.eu\/wp-content\/uploads\/2023\/08\/CE-en-CI-serie-300x250.png 300w, https:\/\/animo.eu\/wp-content\/uploads\/2023\/08\/CE-en-CI-serie-1024x852.png 1024w, https:\/\/animo.eu\/wp-content\/uploads\/2023\/08\/CE-en-CI-serie-768x639.png 768w, https:\/\/animo.eu\/wp-content\/uploads\/2023\/08\/CE-en-CI-serie-1536x1279.png 1536w, https:\/\/animo.eu\/wp-content\/uploads\/2023\/08\/CE-en-CI-serie-70x58.png 70w, https:\/\/animo.eu\/wp-content\/uploads\/2023\/08\/CE-en-CI-serie-800x666.png 800w, https:\/\/animo.eu\/wp-content\/uploads\/2023\/08\/CE-en-CI-serie-120x100.png 120w, https:\/\/animo.eu\/wp-content\/uploads\/2023\/08\/CE-en-CI-serie-150x125.png 150w, https:\/\/animo.eu\/wp-content\/uploads\/2023\/08\/CE-en-CI-serie.png 1772w\" sizes=\"(max-width: 550px) 100vw, 550px\" \/>                <\/div>\n    <div class=\"card-body\">\n        <h3 class=\"card-title\">CE-beholdere<\/h3>\n                    <p class=\"mb-0\">Drikkevarebeholdere med varmeelement og klixon-termostat<\/p>\n            <\/div>\n    <div class=\"card-footer\">\n        <span class=\"btn btn-outline-secondary\">\n            <span class=\"btn__text\">Mere info<\/span>\n            <svg class=\"icon icon--20 icon--arrow\">\n                <use xlink:href=\"https:\/\/animo.eu\/wp-content\/themes\/animo\/build\/img\/symbols.svg#arrow-right\"><\/use>\n            <\/svg>\n        <\/span>\n    <\/div>\n    <a class=\"stretched-link\" href=\"https:\/\/animo.eu\/da\/beholdere-til-drikkevarer\/ce-beholdere\/\"><\/a>\n<\/div>\n                        <\/div>\n                                            <div class=\"col-12 col-md-6 col-lg-3\">\n                            <div class=\"card card--product\">\n                    <div class=\"card__image\">\n                    <img decoding=\"async\" width=\"550\" height=\"458\" src=\"https:\/\/animo.eu\/wp-content\/uploads\/2023\/08\/CE-en-CI-serie-550x458.png\" class=\"image wp-post-image\" alt=\"\" loading=\"lazy\" srcset=\"https:\/\/animo.eu\/wp-content\/uploads\/2023\/08\/CE-en-CI-serie-550x458.png 550w, https:\/\/animo.eu\/wp-content\/uploads\/2023\/08\/CE-en-CI-serie-300x250.png 300w, https:\/\/animo.eu\/wp-content\/uploads\/2023\/08\/CE-en-CI-serie-1024x852.png 1024w, https:\/\/animo.eu\/wp-content\/uploads\/2023\/08\/CE-en-CI-serie-768x639.png 768w, https:\/\/animo.eu\/wp-content\/uploads\/2023\/08\/CE-en-CI-serie-1536x1279.png 1536w, https:\/\/animo.eu\/wp-content\/uploads\/2023\/08\/CE-en-CI-serie-70x58.png 70w, https:\/\/animo.eu\/wp-content\/uploads\/2023\/08\/CE-en-CI-serie-800x666.png 800w, https:\/\/animo.eu\/wp-content\/uploads\/2023\/08\/CE-en-CI-serie-120x100.png 120w, https:\/\/animo.eu\/wp-content\/uploads\/2023\/08\/CE-en-CI-serie-150x125.png 150w, https:\/\/animo.eu\/wp-content\/uploads\/2023\/08\/CE-en-CI-serie.png 1772w\" sizes=\"(max-width: 550px) 100vw, 550px\" \/>                <\/div>\n    <div class=\"card-body\">\n        <h3 class=\"card-title\">CI-containere<\/h3>\n                    <p class=\"mb-0\">Drikkevarebeholdere isoleret med polyuretan<\/p>\n            <\/div>\n    <div class=\"card-footer\">\n        <span class=\"btn btn-outline-secondary\">\n            <span class=\"btn__text\">Mere info<\/span>\n            <svg class=\"icon icon--20 icon--arrow\">\n                <use xlink:href=\"https:\/\/animo.eu\/wp-content\/themes\/animo\/build\/img\/symbols.svg#arrow-right\"><\/use>\n            <\/svg>\n        <\/span>\n    <\/div>\n    <a class=\"stretched-link\" href=\"https:\/\/animo.eu\/da\/beholdere-til-drikkevarer\/ci-containere\/\"><\/a>\n<\/div>\n                        <\/div>\n                                    <\/div>\n                                         <\/div>\n<\/section>\n\n<section  class=\"pane pane--white \">\n    <div class=\"container\">\n        <div class=\"row g-4 g-lg-8 g-xl-15 g-xxl-20 align-items-center flex-lg-row-reverse\">\n                            <div class=\"col-12 col-lg-6\">\n                    <div class=\"pane__text\">\n                        <h2>Animo p\u00e5 alle m\u00e5der<\/h2>\n<p>Animo-udstyr er p\u00e5 alle m\u00e5der en god investering. Kabinettet i rustfrit st\u00e5l er ikke bare uforg\u00e6ngeligt, men ogs\u00e5 fuldt genanvendeligt. De \u00f8vrige komponenter er ogs\u00e5 p\u00e5lidelige og har en lang levetid. Derudover er Animo meget opm\u00e6rksom p\u00e5 energiforbruget. De dobbeltv\u00e6ggede drikkevarevarmere og madbeholdere er meget varmeisolerende. Al energien ender med at komme det indre menneske til gode. Og det giver igen ny energi!<\/p>\n                                                \n                    <\/div>\n                <\/div>\n                                <\/div>\n    <\/div>\n<\/section>\n","protected":false},"excerpt":{"rendered":"","protected":false},"author":21,"featured_media":15641,"parent":0,"menu_order":53,"comment_status":"closed","ping_status":"closed","template":"","meta":{"_acf_changed":false,"footnotes":""},"class_list":["post-42309","page","type-page","status-publish","has-post-thumbnail","hentry"],"acf":[],"yoast_head":"<!-- This site is optimized with the Yoast SEO plugin v25.5 - https:\/\/yoast.com\/wordpress\/plugins\/seo\/ -->\n<title>Beholdere til drikkevarer -<\/title>\n<meta name=\"description\" content=\"Beholdere til drikkevarer -\" \/>\n<meta name=\"robots\" content=\"index, follow, max-snippet:-1, max-image-preview:large, max-video-preview:-1\" \/>\n<link rel=\"canonical\" href=\"https:\/\/animo.eu\/da\/beholdere-til-drikkevarer\/\" \/>\n<meta property=\"og:locale\" content=\"da_DK\" \/>\n<meta property=\"og:type\" content=\"article\" \/>\n<meta property=\"og:title\" content=\"Beholdere til drikkevarer -\" \/>\n<meta property=\"og:description\" content=\"Beholdere til drikkevarer -\" \/>\n<meta property=\"og:url\" content=\"https:\/\/animo.eu\/da\/beholdere-til-drikkevarer\/\" \/>\n<meta property=\"article:publisher\" content=\"https:\/\/www.facebook.com\/animobv\/\" \/>\n<meta property=\"article:modified_time\" content=\"2023-12-15T14:17:16+00:00\" \/>\n<meta property=\"og:image\" content=\"https:\/\/animo.eu\/wp-content\/uploads\/2023\/08\/CE-en-CI-serie-1.png\" \/>\n\t<meta property=\"og:image:width\" content=\"1772\" \/>\n\t<meta property=\"og:image:height\" content=\"1475\" \/>\n\t<meta property=\"og:image:type\" content=\"image\/png\" \/>\n<meta name=\"twitter:card\" content=\"summary_large_image\" \/>\n<meta name=\"twitter:site\" content=\"@animokoffie\" \/>\n<script type=\"application\/ld+json\" class=\"yoast-schema-graph\">{\"@context\":\"https:\/\/schema.org\",\"@graph\":[{\"@type\":\"WebPage\",\"@id\":\"https:\/\/animo.eu\/da\/beholdere-til-drikkevarer\/\",\"url\":\"https:\/\/animo.eu\/da\/beholdere-til-drikkevarer\/\",\"name\":\"Beholdere til drikkevarer -\",\"isPartOf\":{\"@id\":\"https:\/\/animo.eu\/da\/#website\"},\"primaryImageOfPage\":{\"@id\":\"https:\/\/animo.eu\/da\/beholdere-til-drikkevarer\/#primaryimage\"},\"image\":{\"@id\":\"https:\/\/animo.eu\/da\/beholdere-til-drikkevarer\/#primaryimage\"},\"thumbnailUrl\":\"https:\/\/animo.eu\/wp-content\/uploads\/2023\/08\/CE-en-CI-serie-1.png\",\"datePublished\":\"2023-08-21T13:11:29+00:00\",\"dateModified\":\"2023-12-15T14:17:16+00:00\",\"description\":\"Beholdere til drikkevarer -\",\"breadcrumb\":{\"@id\":\"https:\/\/animo.eu\/da\/beholdere-til-drikkevarer\/#breadcrumb\"},\"inLanguage\":\"da-DK\",\"potentialAction\":[{\"@type\":\"ReadAction\",\"target\":[\"https:\/\/animo.eu\/da\/beholdere-til-drikkevarer\/\"]}]},{\"@type\":\"ImageObject\",\"inLanguage\":\"da-DK\",\"@id\":\"https:\/\/animo.eu\/da\/beholdere-til-drikkevarer\/#primaryimage\",\"url\":\"https:\/\/animo.eu\/wp-content\/uploads\/2023\/08\/CE-en-CI-serie-1.png\",\"contentUrl\":\"https:\/\/animo.eu\/wp-content\/uploads\/2023\/08\/CE-en-CI-serie-1.png\",\"width\":1772,\"height\":1475},{\"@type\":\"BreadcrumbList\",\"@id\":\"https:\/\/animo.eu\/da\/beholdere-til-drikkevarer\/#breadcrumb\",\"itemListElement\":[{\"@type\":\"ListItem\",\"position\":1,\"name\":\"Home\",\"item\":\"https:\/\/animo.eu\/da\/\"},{\"@type\":\"ListItem\",\"position\":2,\"name\":\"Beholdere til drikkevarer\"}]},{\"@type\":\"WebSite\",\"@id\":\"https:\/\/animo.eu\/da\/#website\",\"url\":\"https:\/\/animo.eu\/da\/\",\"name\":\"\",\"description\":\"\",\"potentialAction\":[{\"@type\":\"SearchAction\",\"target\":{\"@type\":\"EntryPoint\",\"urlTemplate\":\"https:\/\/animo.eu\/da\/?s={search_term_string}\"},\"query-input\":{\"@type\":\"PropertyValueSpecification\",\"valueRequired\":true,\"valueName\":\"search_term_string\"}}],\"inLanguage\":\"da-DK\"}]}<\/script>\n<!-- \/ Yoast SEO plugin. -->","yoast_head_json":{"title":"Beholdere til drikkevarer -","description":"Beholdere til drikkevarer -","robots":{"index":"index","follow":"follow","max-snippet":"max-snippet:-1","max-image-preview":"max-image-preview:large","max-video-preview":"max-video-preview:-1"},"canonical":"https:\/\/animo.eu\/da\/beholdere-til-drikkevarer\/","og_locale":"da_DK","og_type":"article","og_title":"Beholdere til drikkevarer -","og_description":"Beholdere til drikkevarer -","og_url":"https:\/\/animo.eu\/da\/beholdere-til-drikkevarer\/","article_publisher":"https:\/\/www.facebook.com\/animobv\/","article_modified_time":"2023-12-15T14:17:16+00:00","og_image":[{"width":1772,"height":1475,"url":"https:\/\/animo.eu\/wp-content\/uploads\/2023\/08\/CE-en-CI-serie-1.png","type":"image\/png"}],"twitter_card":"summary_large_image","twitter_site":"@animokoffie","schema":{"@context":"https:\/\/schema.org","@graph":[{"@type":"WebPage","@id":"https:\/\/animo.eu\/da\/beholdere-til-drikkevarer\/","url":"https:\/\/animo.eu\/da\/beholdere-til-drikkevarer\/","name":"Beholdere til drikkevarer -","isPartOf":{"@id":"https:\/\/animo.eu\/da\/#website"},"primaryImageOfPage":{"@id":"https:\/\/animo.eu\/da\/beholdere-til-drikkevarer\/#primaryimage"},"image":{"@id":"https:\/\/animo.eu\/da\/beholdere-til-drikkevarer\/#primaryimage"},"thumbnailUrl":"https:\/\/animo.eu\/wp-content\/uploads\/2023\/08\/CE-en-CI-serie-1.png","datePublished":"2023-08-21T13:11:29+00:00","dateModified":"2023-12-15T14:17:16+00:00","description":"Beholdere til drikkevarer -","breadcrumb":{"@id":"https:\/\/animo.eu\/da\/beholdere-til-drikkevarer\/#breadcrumb"},"inLanguage":"da-DK","potentialAction":[{"@type":"ReadAction","target":["https:\/\/animo.eu\/da\/beholdere-til-drikkevarer\/"]}]},{"@type":"ImageObject","inLanguage":"da-DK","@id":"https:\/\/animo.eu\/da\/beholdere-til-drikkevarer\/#primaryimage","url":"https:\/\/animo.eu\/wp-content\/uploads\/2023\/08\/CE-en-CI-serie-1.png","contentUrl":"https:\/\/animo.eu\/wp-content\/uploads\/2023\/08\/CE-en-CI-serie-1.png","width":1772,"height":1475},{"@type":"BreadcrumbList","@id":"https:\/\/animo.eu\/da\/beholdere-til-drikkevarer\/#breadcrumb","itemListElement":[{"@type":"ListItem","position":1,"name":"Home","item":"https:\/\/animo.eu\/da\/"},{"@type":"ListItem","position":2,"name":"Beholdere til drikkevarer"}]},{"@type":"WebSite","@id":"https:\/\/animo.eu\/da\/#website","url":"https:\/\/animo.eu\/da\/","name":"","description":"","potentialAction":[{"@type":"SearchAction","target":{"@type":"EntryPoint","urlTemplate":"https:\/\/animo.eu\/da\/?s={search_term_string}"},"query-input":{"@type":"PropertyValueSpecification","valueRequired":true,"valueName":"search_term_string"}}],"inLanguage":"da-DK"}]}},"_links":{"self":[{"href":"https:\/\/animo.eu\/da\/wp-json\/wp\/v2\/pages\/42309"}],"collection":[{"href":"https:\/\/animo.eu\/da\/wp-json\/wp\/v2\/pages"}],"about":[{"href":"https:\/\/animo.eu\/da\/wp-json\/wp\/v2\/types\/page"}],"author":[{"embeddable":true,"href":"https:\/\/animo.eu\/da\/wp-json\/wp\/v2\/users\/21"}],"replies":[{"embeddable":true,"href":"https:\/\/animo.eu\/da\/wp-json\/wp\/v2\/comments?post=42309"}],"version-history":[{"count":1,"href":"https:\/\/animo.eu\/da\/wp-json\/wp\/v2\/pages\/42309\/revisions"}],"predecessor-version":[{"id":42310,"href":"https:\/\/animo.eu\/da\/wp-json\/wp\/v2\/pages\/42309\/revisions\/42310"}],"wp:featuredmedia":[{"embeddable":true,"href":"https:\/\/animo.eu\/da\/wp-json\/wp\/v2\/media\/15641"}],"wp:attachment":[{"href":"https:\/\/animo.eu\/da\/wp-json\/wp\/v2\/media?parent=42309"}],"curies":[{"name":"wp","href":"https:\/\/api.w.org\/{rel}","templated":true}]}}