{"id":42457,"date":"2023-06-02T11:05:02","date_gmt":"2023-06-02T09:05:02","guid":{"rendered":"https:\/\/animo.eu\/kaffemaskiner-2\/"},"modified":"2024-01-14T10:12:37","modified_gmt":"2024-01-14T09:12:37","slug":"kaffeautomater","status":"publish","type":"page","link":"https:\/\/animo.eu\/da\/kaffeautomater\/","title":{"rendered":"Kaffemaskiner"},"content":{"rendered":"\n<section  class=\"pane pane--white \">\n    <div class=\"container\">\n                    <div class=\"row justify-content-center mb-4\">\n                <div class=\"col-12\">\n                    <div class=\"pane__text\">\n                        <h2>Kaffemaskiner<\/h2>\n                    <\/div>\n                <\/div>\n            <\/div>\n        \n                                \n                            <div class=\"row row--equalized g-4 g-lg-3 g-xl-6\">\n                                            <div class=\"col-12 col-md-6 col-lg-3\">\n                            <div class=\"card card--product\">\n                        <div class=\"card-header\">\n                <div class=\"badge bg-tertiary\">B\u00f8nner (Espresso) med frisk m\u00e6lk<\/div>\n            <\/div>\n                <div class=\"card__image\">\n                    <img decoding=\"async\" width=\"550\" height=\"458\" src=\"https:\/\/animo.eu\/wp-content\/uploads\/2023\/08\/OptiMe-met-melkkoeler-550x458.png\" class=\"image wp-post-image\" alt=\"\" loading=\"lazy\" srcset=\"https:\/\/animo.eu\/wp-content\/uploads\/2023\/08\/OptiMe-met-melkkoeler-550x458.png 550w, https:\/\/animo.eu\/wp-content\/uploads\/2023\/08\/OptiMe-met-melkkoeler-300x250.png 300w, https:\/\/animo.eu\/wp-content\/uploads\/2023\/08\/OptiMe-met-melkkoeler-1024x852.png 1024w, https:\/\/animo.eu\/wp-content\/uploads\/2023\/08\/OptiMe-met-melkkoeler-768x639.png 768w, https:\/\/animo.eu\/wp-content\/uploads\/2023\/08\/OptiMe-met-melkkoeler-1536x1279.png 1536w, https:\/\/animo.eu\/wp-content\/uploads\/2023\/08\/OptiMe-met-melkkoeler-70x58.png 70w, https:\/\/animo.eu\/wp-content\/uploads\/2023\/08\/OptiMe-met-melkkoeler-800x666.png 800w, https:\/\/animo.eu\/wp-content\/uploads\/2023\/08\/OptiMe-met-melkkoeler-120x100.png 120w, https:\/\/animo.eu\/wp-content\/uploads\/2023\/08\/OptiMe-met-melkkoeler-150x125.png 150w, https:\/\/animo.eu\/wp-content\/uploads\/2023\/08\/OptiMe-met-melkkoeler.png 1772w\" sizes=\"(max-width: 550px) 100vw, 550px\" \/>                <\/div>\n    <div class=\"card-body\">\n        <h3 class=\"card-title\">OptiMe<\/h3>\n                    <p class=\"mb-0\">Nyd en friskmalet st\u00e6rk espresso, en l\u00e6kker lungo eller en cappuccino med frisk m\u00e6lk. OptiMe kombinerer smag og udseende i et unikt personligt design.  <\/p>\n            <\/div>\n    <div class=\"card-footer\">\n        <span class=\"btn btn-outline-secondary\">\n            <span class=\"btn__text\">Mere info<\/span>\n            <svg class=\"icon icon--20 icon--arrow\">\n                <use xlink:href=\"https:\/\/animo.eu\/wp-content\/themes\/animo\/build\/img\/symbols.svg#arrow-right\"><\/use>\n            <\/svg>\n        <\/span>\n    <\/div>\n    <a class=\"stretched-link\" href=\"https:\/\/animo.eu\/da\/kaffeautomater\/optime\/\"><\/a>\n<\/div>\n                        <\/div>\n                                            <div class=\"col-12 col-md-6 col-lg-3\">\n                            <div class=\"card card--product\">\n                        <div class=\"card-header\">\n                <div class=\"badge bg-tertiary\">B\u00f8nner (Espresso)<\/div>\n            <\/div>\n                <div class=\"card__image\">\n                    <img decoding=\"async\" width=\"550\" height=\"458\" src=\"https:\/\/animo.eu\/wp-content\/uploads\/2024\/05\/OptiMe-X-white_black-550x458.png\" class=\"image wp-post-image\" alt=\"\" loading=\"lazy\" srcset=\"https:\/\/animo.eu\/wp-content\/uploads\/2024\/05\/OptiMe-X-white_black-550x458.png 550w, https:\/\/animo.eu\/wp-content\/uploads\/2024\/05\/OptiMe-X-white_black-300x250.png 300w, https:\/\/animo.eu\/wp-content\/uploads\/2024\/05\/OptiMe-X-white_black-1024x852.png 1024w, https:\/\/animo.eu\/wp-content\/uploads\/2024\/05\/OptiMe-X-white_black-768x639.png 768w, https:\/\/animo.eu\/wp-content\/uploads\/2024\/05\/OptiMe-X-white_black-1536x1279.png 1536w, https:\/\/animo.eu\/wp-content\/uploads\/2024\/05\/OptiMe-X-white_black-70x58.png 70w, https:\/\/animo.eu\/wp-content\/uploads\/2024\/05\/OptiMe-X-white_black-800x666.png 800w, https:\/\/animo.eu\/wp-content\/uploads\/2024\/05\/OptiMe-X-white_black-120x100.png 120w, https:\/\/animo.eu\/wp-content\/uploads\/2024\/05\/OptiMe-X-white_black-150x125.png 150w, https:\/\/animo.eu\/wp-content\/uploads\/2024\/05\/OptiMe-X-white_black.png 1772w\" sizes=\"(max-width: 550px) 100vw, 550px\" \/>                <\/div>\n    <div class=\"card-body\">\n        <h3 class=\"card-title\">OptiMe X<\/h3>\n                    <p class=\"mb-0\">Med OptiMe X kan du nemt brygge to kopper p\u00e5 samme tid. Det er muligt takket v\u00e6re X-press-bryggeren. Den perfekte kaffe har aldrig v\u00e6ret nemmere.<\/p>\n            <\/div>\n    <div class=\"card-footer\">\n        <span class=\"btn btn-outline-secondary\">\n            <span class=\"btn__text\">Mere info<\/span>\n            <svg class=\"icon icon--20 icon--arrow\">\n                <use xlink:href=\"https:\/\/animo.eu\/wp-content\/themes\/animo\/build\/img\/symbols.svg#arrow-right\"><\/use>\n            <\/svg>\n        <\/span>\n    <\/div>\n    <a class=\"stretched-link\" href=\"https:\/\/animo.eu\/da\/kaffeautomater\/optime-x\/\"><\/a>\n<\/div>\n                        <\/div>\n                                            <div class=\"col-12 col-md-6 col-lg-3\">\n                            <div class=\"card card--product\">\n                        <div class=\"card-header\">\n                <div class=\"badge bg-tertiary\">B\u00f8nner (Espresso)<\/div>\n            <\/div>\n                <div class=\"card__image\">\n                    <img decoding=\"async\" width=\"550\" height=\"458\" src=\"https:\/\/animo.eu\/wp-content\/uploads\/2023\/06\/OptiBean-X-550x458.png\" class=\"image wp-post-image\" alt=\"\" loading=\"lazy\" srcset=\"https:\/\/animo.eu\/wp-content\/uploads\/2023\/06\/OptiBean-X-550x458.png 550w, https:\/\/animo.eu\/wp-content\/uploads\/2023\/06\/OptiBean-X-300x250.png 300w, https:\/\/animo.eu\/wp-content\/uploads\/2023\/06\/OptiBean-X-1024x852.png 1024w, https:\/\/animo.eu\/wp-content\/uploads\/2023\/06\/OptiBean-X-768x639.png 768w, https:\/\/animo.eu\/wp-content\/uploads\/2023\/06\/OptiBean-X-1536x1279.png 1536w, https:\/\/animo.eu\/wp-content\/uploads\/2023\/06\/OptiBean-X-70x58.png 70w, https:\/\/animo.eu\/wp-content\/uploads\/2023\/06\/OptiBean-X-120x100.png 120w, https:\/\/animo.eu\/wp-content\/uploads\/2023\/06\/OptiBean-X-150x125.png 150w, https:\/\/animo.eu\/wp-content\/uploads\/2023\/06\/OptiBean-X.png 1772w\" sizes=\"(max-width: 550px) 100vw, 550px\" \/>                <\/div>\n    <div class=\"card-body\">\n        <h3 class=\"card-title\">OptiBean X<\/h3>\n                    <p class=\"mb-0\">En st\u00e6rk espresso, den perfekte cappuccino, en l\u00e6kker lungo &#8211; uanset hvad du drikker, ligger den sande smag i de mindste detaljer. Det er pr\u00e6cis, hvad OptiBean X tilbyder.<\/p>\n            <\/div>\n    <div class=\"card-footer\">\n        <span class=\"btn btn-outline-secondary\">\n            <span class=\"btn__text\">Mere info<\/span>\n            <svg class=\"icon icon--20 icon--arrow\">\n                <use xlink:href=\"https:\/\/animo.eu\/wp-content\/themes\/animo\/build\/img\/symbols.svg#arrow-right\"><\/use>\n            <\/svg>\n        <\/span>\n    <\/div>\n    <a class=\"stretched-link\" href=\"https:\/\/animo.eu\/da\/kaffeautomater\/optibean-x\/\"><\/a>\n<\/div>\n                        <\/div>\n                                            <div class=\"col-12 col-md-6 col-lg-3\">\n                            <div class=\"card card--product\">\n                        <div class=\"card-header\">\n                <div class=\"badge bg-tertiary\">Frisk bryg<\/div>\n            <\/div>\n                <div class=\"card__image\">\n                    <img decoding=\"async\" width=\"550\" height=\"458\" src=\"https:\/\/animo.eu\/wp-content\/uploads\/2023\/06\/OptiFresh-Touch-550x458.png\" class=\"image wp-post-image\" alt=\"\" loading=\"lazy\" srcset=\"https:\/\/animo.eu\/wp-content\/uploads\/2023\/06\/OptiFresh-Touch-550x458.png 550w, https:\/\/animo.eu\/wp-content\/uploads\/2023\/06\/OptiFresh-Touch-300x250.png 300w, https:\/\/animo.eu\/wp-content\/uploads\/2023\/06\/OptiFresh-Touch-1024x852.png 1024w, https:\/\/animo.eu\/wp-content\/uploads\/2023\/06\/OptiFresh-Touch-768x639.png 768w, https:\/\/animo.eu\/wp-content\/uploads\/2023\/06\/OptiFresh-Touch-1536x1279.png 1536w, https:\/\/animo.eu\/wp-content\/uploads\/2023\/06\/OptiFresh-Touch-70x58.png 70w, https:\/\/animo.eu\/wp-content\/uploads\/2023\/06\/OptiFresh-Touch-120x100.png 120w, https:\/\/animo.eu\/wp-content\/uploads\/2023\/06\/OptiFresh-Touch-150x125.png 150w, https:\/\/animo.eu\/wp-content\/uploads\/2023\/06\/OptiFresh-Touch.png 1772w\" sizes=\"(max-width: 550px) 100vw, 550px\" \/>                <\/div>\n    <div class=\"card-body\">\n        <h3 class=\"card-title\">OptiFresh<\/h3>\n                    <p class=\"mb-0\">Tillid til l\u00e6kker filterkaffe (friskbrygget) og mange varianter. Foretr\u00e6kker du smagen af friskmalede kaffeb\u00f8nner? OptiFresh leveres ogs\u00e5 med en kaffekv\u00e6rn, som maler b\u00f8nnerne og laver l\u00e6kker filterkaffe p\u00e5 ingen tid.<\/p>\n            <\/div>\n    <div class=\"card-footer\">\n        <span class=\"btn btn-outline-secondary\">\n            <span class=\"btn__text\">Mere info<\/span>\n            <svg class=\"icon icon--20 icon--arrow\">\n                <use xlink:href=\"https:\/\/animo.eu\/wp-content\/themes\/animo\/build\/img\/symbols.svg#arrow-right\"><\/use>\n            <\/svg>\n        <\/span>\n    <\/div>\n    <a class=\"stretched-link\" href=\"https:\/\/animo.eu\/da\/kaffeautomater\/optifresh\/\"><\/a>\n<\/div>\n                        <\/div>\n                                            <div class=\"col-12 col-md-6 col-lg-3\">\n                            <div class=\"card card--product\">\n                        <div class=\"card-header\">\n                <div class=\"badge bg-tertiary\">\u00d8jeblikkelig<\/div>\n            <\/div>\n                <div class=\"card__image\">\n                    <img decoding=\"async\" width=\"550\" height=\"458\" src=\"https:\/\/animo.eu\/wp-content\/uploads\/2023\/06\/OptiVend-Touch-550x458.png\" class=\"image wp-post-image\" alt=\"\" loading=\"lazy\" srcset=\"https:\/\/animo.eu\/wp-content\/uploads\/2023\/06\/OptiVend-Touch-550x458.png 550w, https:\/\/animo.eu\/wp-content\/uploads\/2023\/06\/OptiVend-Touch-300x250.png 300w, https:\/\/animo.eu\/wp-content\/uploads\/2023\/06\/OptiVend-Touch-1024x852.png 1024w, https:\/\/animo.eu\/wp-content\/uploads\/2023\/06\/OptiVend-Touch-768x639.png 768w, https:\/\/animo.eu\/wp-content\/uploads\/2023\/06\/OptiVend-Touch-1536x1279.png 1536w, https:\/\/animo.eu\/wp-content\/uploads\/2023\/06\/OptiVend-Touch-70x58.png 70w, https:\/\/animo.eu\/wp-content\/uploads\/2023\/06\/OptiVend-Touch-120x100.png 120w, https:\/\/animo.eu\/wp-content\/uploads\/2023\/06\/OptiVend-Touch-150x125.png 150w, https:\/\/animo.eu\/wp-content\/uploads\/2023\/06\/OptiVend-Touch.png 1772w\" sizes=\"(max-width: 550px) 100vw, 550px\" \/>                <\/div>\n    <div class=\"card-body\">\n        <h3 class=\"card-title\">OptiVend<\/h3>\n                    <p class=\"mb-0\">Oplev kraften i OptiVend. Nyd instantkaffe p\u00e5 f\u00e5 sekunder, perfekt i smag og temperatur. P\u00e5 et hvilket som helst tidspunkt af dagen.  <\/p>\n            <\/div>\n    <div class=\"card-footer\">\n        <span class=\"btn btn-outline-secondary\">\n            <span class=\"btn__text\">Mere info<\/span>\n            <svg class=\"icon icon--20 icon--arrow\">\n                <use xlink:href=\"https:\/\/animo.eu\/wp-content\/themes\/animo\/build\/img\/symbols.svg#arrow-right\"><\/use>\n            <\/svg>\n        <\/span>\n    <\/div>\n    <a class=\"stretched-link\" href=\"https:\/\/animo.eu\/da\/kaffeautomater\/optivend\/\"><\/a>\n<\/div>\n                        <\/div>\n                                    <\/div>\n                                         <\/div>\n<\/section>\n\n<section  class=\"pane pane--white \">\n    <div class=\"container\">\n        <div class=\"row g-4 g-lg-8 g-xl-15 g-xxl-20 align-items-center flex-lg-row-reverse\">\n                            <div class=\"col-12 col-lg-6\">\n                    <div class=\"pane__text\">\n                        <h2>Kaffe til alle brancher<\/h2>\n<p>Kaffebehovet kan variere meget fra virksomhed til virksomhed og fra branche til branche. I nogle virksomheder \u00f8nsker de, at ikke kun medarbejderne, men ogs\u00e5 bes\u00f8gende kunder skal kunne nyde en frisk kop kaffe. For mange brancher er kvalitet det f\u00f8rste udv\u00e6lgelseskriterium, mens det for andre virksomheder er vigtigt at kunne brygge en stor m\u00e6ngde kaffe hurtigt. Derfor tilbyder Animo forskellige kaffemaskiner, der kan opfylde de forskellige behov i alle brancher. Lige fra kontorer, hoteller, supermarkeder, kantiner og hospitaler til uddannelsesinstitutioner, bilservicecentre og teatre &#8230; og mange flere.<\/p>\n                                                \n                    <\/div>\n                <\/div>\n                                <\/div>\n    <\/div>\n<\/section>\n","protected":false},"excerpt":{"rendered":"","protected":false},"author":1,"featured_media":69757,"parent":0,"menu_order":80,"comment_status":"closed","ping_status":"closed","template":"","meta":{"_acf_changed":false,"footnotes":""},"class_list":["post-42457","page","type-page","status-publish","has-post-thumbnail","hentry"],"acf":[],"yoast_head":"<!-- This site is optimized with the Yoast SEO plugin v25.5 - https:\/\/yoast.com\/wordpress\/plugins\/seo\/ -->\n<title>Kaffemaskiner -<\/title>\n<meta name=\"description\" content=\"Kaffemaskiner - Automatsortimentet fra Animo, kaffemaskineleverand\u00f8ren fra Assen. professionelle kaffemaskiner til hospitaler, kontorer, hoteller, supermarkeder, kantiner, uddannelsesinstitutioner... og meget mere.\" \/>\n<meta name=\"robots\" content=\"index, follow, max-snippet:-1, max-image-preview:large, max-video-preview:-1\" \/>\n<link rel=\"canonical\" href=\"https:\/\/animo.eu\/da\/kaffeautomater\/\" \/>\n<meta property=\"og:locale\" content=\"da_DK\" \/>\n<meta property=\"og:type\" content=\"article\" \/>\n<meta property=\"og:title\" content=\"Kaffemaskiner -\" \/>\n<meta property=\"og:description\" content=\"Kaffemaskiner - Automatsortimentet fra Animo, kaffemaskineleverand\u00f8ren fra Assen. professionelle kaffemaskiner til hospitaler, kontorer, hoteller, supermarkeder, kantiner, uddannelsesinstitutioner... og meget mere.\" \/>\n<meta property=\"og:url\" content=\"https:\/\/animo.eu\/da\/kaffeautomater\/\" \/>\n<meta property=\"article:publisher\" content=\"https:\/\/www.facebook.com\/animobv\/\" \/>\n<meta property=\"article:modified_time\" content=\"2024-01-14T09:12:37+00:00\" \/>\n<meta property=\"og:image\" content=\"https:\/\/animo.eu\/wp-content\/uploads\/2023\/06\/Vending-machines-overzicht-2.png\" \/>\n\t<meta property=\"og:image:width\" content=\"1718\" \/>\n\t<meta property=\"og:image:height\" content=\"1026\" \/>\n\t<meta property=\"og:image:type\" content=\"image\/png\" \/>\n<meta name=\"twitter:card\" content=\"summary_large_image\" \/>\n<meta name=\"twitter:site\" content=\"@animokoffie\" \/>\n<meta name=\"twitter:label1\" content=\"Estimeret l\u00e6setid\" \/>\n\t<meta name=\"twitter:data1\" content=\"1 minut\" \/>\n<script type=\"application\/ld+json\" class=\"yoast-schema-graph\">{\"@context\":\"https:\/\/schema.org\",\"@graph\":[{\"@type\":\"WebPage\",\"@id\":\"https:\/\/animo.eu\/da\/kaffeautomater\/\",\"url\":\"https:\/\/animo.eu\/da\/kaffeautomater\/\",\"name\":\"Kaffemaskiner -\",\"isPartOf\":{\"@id\":\"https:\/\/animo.eu\/da\/#website\"},\"primaryImageOfPage\":{\"@id\":\"https:\/\/animo.eu\/da\/kaffeautomater\/#primaryimage\"},\"image\":{\"@id\":\"https:\/\/animo.eu\/da\/kaffeautomater\/#primaryimage\"},\"thumbnailUrl\":\"https:\/\/animo.eu\/wp-content\/uploads\/2024\/05\/Vending-machines-overzicht-4-1024x612-1.png\",\"datePublished\":\"2023-06-02T09:05:02+00:00\",\"dateModified\":\"2024-01-14T09:12:37+00:00\",\"description\":\"Kaffemaskiner - Automatsortimentet fra Animo, kaffemaskineleverand\u00f8ren fra Assen. professionelle kaffemaskiner til hospitaler, kontorer, hoteller, supermarkeder, kantiner, uddannelsesinstitutioner... og meget mere.\",\"breadcrumb\":{\"@id\":\"https:\/\/animo.eu\/da\/kaffeautomater\/#breadcrumb\"},\"inLanguage\":\"da-DK\",\"potentialAction\":[{\"@type\":\"ReadAction\",\"target\":[\"https:\/\/animo.eu\/da\/kaffeautomater\/\"]}]},{\"@type\":\"ImageObject\",\"inLanguage\":\"da-DK\",\"@id\":\"https:\/\/animo.eu\/da\/kaffeautomater\/#primaryimage\",\"url\":\"https:\/\/animo.eu\/wp-content\/uploads\/2024\/05\/Vending-machines-overzicht-4-1024x612-1.png\",\"contentUrl\":\"https:\/\/animo.eu\/wp-content\/uploads\/2024\/05\/Vending-machines-overzicht-4-1024x612-1.png\",\"width\":1024,\"height\":612},{\"@type\":\"BreadcrumbList\",\"@id\":\"https:\/\/animo.eu\/da\/kaffeautomater\/#breadcrumb\",\"itemListElement\":[{\"@type\":\"ListItem\",\"position\":1,\"name\":\"Home\",\"item\":\"https:\/\/animo.eu\/da\/\"},{\"@type\":\"ListItem\",\"position\":2,\"name\":\"Kaffemaskiner\"}]},{\"@type\":\"WebSite\",\"@id\":\"https:\/\/animo.eu\/da\/#website\",\"url\":\"https:\/\/animo.eu\/da\/\",\"name\":\"\",\"description\":\"\",\"potentialAction\":[{\"@type\":\"SearchAction\",\"target\":{\"@type\":\"EntryPoint\",\"urlTemplate\":\"https:\/\/animo.eu\/da\/?s={search_term_string}\"},\"query-input\":{\"@type\":\"PropertyValueSpecification\",\"valueRequired\":true,\"valueName\":\"search_term_string\"}}],\"inLanguage\":\"da-DK\"}]}<\/script>\n<!-- \/ Yoast SEO plugin. -->","yoast_head_json":{"title":"Kaffemaskiner -","description":"Kaffemaskiner - Automatsortimentet fra Animo, kaffemaskineleverand\u00f8ren fra Assen. professionelle kaffemaskiner til hospitaler, kontorer, hoteller, supermarkeder, kantiner, uddannelsesinstitutioner... og meget mere.","robots":{"index":"index","follow":"follow","max-snippet":"max-snippet:-1","max-image-preview":"max-image-preview:large","max-video-preview":"max-video-preview:-1"},"canonical":"https:\/\/animo.eu\/da\/kaffeautomater\/","og_locale":"da_DK","og_type":"article","og_title":"Kaffemaskiner -","og_description":"Kaffemaskiner - Automatsortimentet fra Animo, kaffemaskineleverand\u00f8ren fra Assen. professionelle kaffemaskiner til hospitaler, kontorer, hoteller, supermarkeder, kantiner, uddannelsesinstitutioner... og meget mere.","og_url":"https:\/\/animo.eu\/da\/kaffeautomater\/","article_publisher":"https:\/\/www.facebook.com\/animobv\/","article_modified_time":"2024-01-14T09:12:37+00:00","og_image":[{"width":1718,"height":1026,"url":"https:\/\/animo.eu\/wp-content\/uploads\/2023\/06\/Vending-machines-overzicht-2.png","type":"image\/png"}],"twitter_card":"summary_large_image","twitter_site":"@animokoffie","twitter_misc":{"Estimeret l\u00e6setid":"1 minut"},"schema":{"@context":"https:\/\/schema.org","@graph":[{"@type":"WebPage","@id":"https:\/\/animo.eu\/da\/kaffeautomater\/","url":"https:\/\/animo.eu\/da\/kaffeautomater\/","name":"Kaffemaskiner -","isPartOf":{"@id":"https:\/\/animo.eu\/da\/#website"},"primaryImageOfPage":{"@id":"https:\/\/animo.eu\/da\/kaffeautomater\/#primaryimage"},"image":{"@id":"https:\/\/animo.eu\/da\/kaffeautomater\/#primaryimage"},"thumbnailUrl":"https:\/\/animo.eu\/wp-content\/uploads\/2024\/05\/Vending-machines-overzicht-4-1024x612-1.png","datePublished":"2023-06-02T09:05:02+00:00","dateModified":"2024-01-14T09:12:37+00:00","description":"Kaffemaskiner - Automatsortimentet fra Animo, kaffemaskineleverand\u00f8ren fra Assen. professionelle kaffemaskiner til hospitaler, kontorer, hoteller, supermarkeder, kantiner, uddannelsesinstitutioner... og meget mere.","breadcrumb":{"@id":"https:\/\/animo.eu\/da\/kaffeautomater\/#breadcrumb"},"inLanguage":"da-DK","potentialAction":[{"@type":"ReadAction","target":["https:\/\/animo.eu\/da\/kaffeautomater\/"]}]},{"@type":"ImageObject","inLanguage":"da-DK","@id":"https:\/\/animo.eu\/da\/kaffeautomater\/#primaryimage","url":"https:\/\/animo.eu\/wp-content\/uploads\/2024\/05\/Vending-machines-overzicht-4-1024x612-1.png","contentUrl":"https:\/\/animo.eu\/wp-content\/uploads\/2024\/05\/Vending-machines-overzicht-4-1024x612-1.png","width":1024,"height":612},{"@type":"BreadcrumbList","@id":"https:\/\/animo.eu\/da\/kaffeautomater\/#breadcrumb","itemListElement":[{"@type":"ListItem","position":1,"name":"Home","item":"https:\/\/animo.eu\/da\/"},{"@type":"ListItem","position":2,"name":"Kaffemaskiner"}]},{"@type":"WebSite","@id":"https:\/\/animo.eu\/da\/#website","url":"https:\/\/animo.eu\/da\/","name":"","description":"","potentialAction":[{"@type":"SearchAction","target":{"@type":"EntryPoint","urlTemplate":"https:\/\/animo.eu\/da\/?s={search_term_string}"},"query-input":{"@type":"PropertyValueSpecification","valueRequired":true,"valueName":"search_term_string"}}],"inLanguage":"da-DK"}]}},"_links":{"self":[{"href":"https:\/\/animo.eu\/da\/wp-json\/wp\/v2\/pages\/42457"}],"collection":[{"href":"https:\/\/animo.eu\/da\/wp-json\/wp\/v2\/pages"}],"about":[{"href":"https:\/\/animo.eu\/da\/wp-json\/wp\/v2\/types\/page"}],"author":[{"embeddable":true,"href":"https:\/\/animo.eu\/da\/wp-json\/wp\/v2\/users\/1"}],"replies":[{"embeddable":true,"href":"https:\/\/animo.eu\/da\/wp-json\/wp\/v2\/comments?post=42457"}],"version-history":[{"count":8,"href":"https:\/\/animo.eu\/da\/wp-json\/wp\/v2\/pages\/42457\/revisions"}],"predecessor-version":[{"id":45551,"href":"https:\/\/animo.eu\/da\/wp-json\/wp\/v2\/pages\/42457\/revisions\/45551"}],"wp:featuredmedia":[{"embeddable":true,"href":"https:\/\/animo.eu\/da\/wp-json\/wp\/v2\/media\/69757"}],"wp:attachment":[{"href":"https:\/\/animo.eu\/da\/wp-json\/wp\/v2\/media?parent=42457"}],"curies":[{"name":"wp","href":"https:\/\/api.w.org\/{rel}","templated":true}]}}