{"id":43613,"date":"2024-01-03T10:14:14","date_gmt":"2024-01-03T09:14:14","guid":{"rendered":"https:\/\/animo.eu\/?page_id=43613"},"modified":"2024-01-17T12:24:50","modified_gmt":"2024-01-17T11:24:50","slug":"om_animo","status":"publish","type":"page","link":"https:\/\/animo.eu\/da\/om_animo\/","title":{"rendered":"Om Animo"},"content":{"rendered":"\n<section  class=\"pane pane--white \">\n    <div class=\"container\">\n                    <div class=\"row justify-content-center mb-4\">\n                <div class=\"col-12\">\n                    <div class=\"pane__text\">\n                        <h2>Om Animo<\/h2>\n                    <\/div>\n                <\/div>\n            <\/div>\n        \n                                \n                            <div class=\"row row--equalized g-4 g-lg-3 g-xl-6\">\n                                            <div class=\"col-12 col-md-6 col-lg-3\">\n                            <div class=\"card card--product\">\n                    <div class=\"card__image\">\n                    <img decoding=\"async\" width=\"550\" height=\"550\" src=\"https:\/\/animo.eu\/wp-content\/uploads\/2024\/01\/Animo-over-ons-1-550x550.jpg\" class=\"image wp-post-image\" alt=\"\" loading=\"lazy\" srcset=\"https:\/\/animo.eu\/wp-content\/uploads\/2024\/01\/Animo-over-ons-1-550x550.jpg 550w, https:\/\/animo.eu\/wp-content\/uploads\/2024\/01\/Animo-over-ons-1-300x300.jpg 300w, https:\/\/animo.eu\/wp-content\/uploads\/2024\/01\/Animo-over-ons-1-1024x1024.jpg 1024w, https:\/\/animo.eu\/wp-content\/uploads\/2024\/01\/Animo-over-ons-1-150x150.jpg 150w, https:\/\/animo.eu\/wp-content\/uploads\/2024\/01\/Animo-over-ons-1-768x768.jpg 768w, https:\/\/animo.eu\/wp-content\/uploads\/2024\/01\/Animo-over-ons-1-1536x1536.jpg 1536w, https:\/\/animo.eu\/wp-content\/uploads\/2024\/01\/Animo-over-ons-1-70x70.jpg 70w, https:\/\/animo.eu\/wp-content\/uploads\/2024\/01\/Animo-over-ons-1-800x800.jpg 800w, https:\/\/animo.eu\/wp-content\/uploads\/2024\/01\/Animo-over-ons-1-100x100.jpg 100w, https:\/\/animo.eu\/wp-content\/uploads\/2024\/01\/Animo-over-ons-1-1400x1400.jpg 1400w, https:\/\/animo.eu\/wp-content\/uploads\/2024\/01\/Animo-over-ons-1-700x700.jpg 700w, https:\/\/animo.eu\/wp-content\/uploads\/2024\/01\/Animo-over-ons-1-350x350.jpg 350w, https:\/\/animo.eu\/wp-content\/uploads\/2024\/01\/Animo-over-ons-1.jpg 1654w\" sizes=\"(max-width: 550px) 100vw, 550px\" \/>                <\/div>\n    <div class=\"card-body\">\n        <h3 class=\"card-title\">Vi er Animo<\/h3>\n            <\/div>\n    <div class=\"card-footer\">\n        <span class=\"btn btn-outline-secondary\">\n            <span class=\"btn__text\">Mere info<\/span>\n            <svg class=\"icon icon--20 icon--arrow\">\n                <use xlink:href=\"https:\/\/animo.eu\/wp-content\/themes\/animo\/build\/img\/symbols.svg#arrow-right\"><\/use>\n            <\/svg>\n        <\/span>\n    <\/div>\n    <a class=\"stretched-link\" href=\"https:\/\/animo.eu\/da\/om_animo\/vi-er-animo\/\"><\/a>\n<\/div>\n                        <\/div>\n                                            <div class=\"col-12 col-md-6 col-lg-3\">\n                            <div class=\"card card--product\">\n                    <div class=\"card__image\">\n                    <img decoding=\"async\" width=\"491\" height=\"491\" src=\"https:\/\/animo.eu\/wp-content\/uploads\/2024\/01\/Alle-MVO-images-vierkant.jpg\" class=\"image wp-post-image\" alt=\"\" loading=\"lazy\" srcset=\"https:\/\/animo.eu\/wp-content\/uploads\/2024\/01\/Alle-MVO-images-vierkant.jpg 491w, https:\/\/animo.eu\/wp-content\/uploads\/2024\/01\/Alle-MVO-images-vierkant-300x300.jpg 300w, https:\/\/animo.eu\/wp-content\/uploads\/2024\/01\/Alle-MVO-images-vierkant-150x150.jpg 150w, https:\/\/animo.eu\/wp-content\/uploads\/2024\/01\/Alle-MVO-images-vierkant-70x70.jpg 70w, https:\/\/animo.eu\/wp-content\/uploads\/2024\/01\/Alle-MVO-images-vierkant-100x100.jpg 100w, https:\/\/animo.eu\/wp-content\/uploads\/2024\/01\/Alle-MVO-images-vierkant-350x350.jpg 350w\" sizes=\"(max-width: 491px) 100vw, 491px\" \/>                <\/div>\n    <div class=\"card-body\">\n        <h3 class=\"card-title\">Hvorfor v\u00e6lge Animo?<\/h3>\n            <\/div>\n    <div class=\"card-footer\">\n        <span class=\"btn btn-outline-secondary\">\n            <span class=\"btn__text\">Mere info<\/span>\n            <svg class=\"icon icon--20 icon--arrow\">\n                <use xlink:href=\"https:\/\/animo.eu\/wp-content\/themes\/animo\/build\/img\/symbols.svg#arrow-right\"><\/use>\n            <\/svg>\n        <\/span>\n    <\/div>\n    <a class=\"stretched-link\" href=\"https:\/\/animo.eu\/da\/om_animo\/hvorfor-vaelge-animo\/\"><\/a>\n<\/div>\n                        <\/div>\n                                            <div class=\"col-12 col-md-6 col-lg-3\">\n                            <div class=\"card card--product\">\n                    <div class=\"card__image\">\n                    <img decoding=\"async\" width=\"491\" height=\"491\" src=\"https:\/\/animo.eu\/wp-content\/uploads\/2024\/01\/Alle-MVO-images-vierkant.jpg\" class=\"image wp-post-image\" alt=\"\" loading=\"lazy\" srcset=\"https:\/\/animo.eu\/wp-content\/uploads\/2024\/01\/Alle-MVO-images-vierkant.jpg 491w, https:\/\/animo.eu\/wp-content\/uploads\/2024\/01\/Alle-MVO-images-vierkant-300x300.jpg 300w, https:\/\/animo.eu\/wp-content\/uploads\/2024\/01\/Alle-MVO-images-vierkant-150x150.jpg 150w, https:\/\/animo.eu\/wp-content\/uploads\/2024\/01\/Alle-MVO-images-vierkant-70x70.jpg 70w, https:\/\/animo.eu\/wp-content\/uploads\/2024\/01\/Alle-MVO-images-vierkant-100x100.jpg 100w, https:\/\/animo.eu\/wp-content\/uploads\/2024\/01\/Alle-MVO-images-vierkant-350x350.jpg 350w\" sizes=\"(max-width: 491px) 100vw, 491px\" \/>                <\/div>\n    <div class=\"card-body\">\n        <h3 class=\"card-title\">Fordele for forhandlere<\/h3>\n            <\/div>\n    <div class=\"card-footer\">\n        <span class=\"btn btn-outline-secondary\">\n            <span class=\"btn__text\">Mere info<\/span>\n            <svg class=\"icon icon--20 icon--arrow\">\n                <use xlink:href=\"https:\/\/animo.eu\/wp-content\/themes\/animo\/build\/img\/symbols.svg#arrow-right\"><\/use>\n            <\/svg>\n        <\/span>\n    <\/div>\n    <a class=\"stretched-link\" href=\"https:\/\/animo.eu\/da\/om_animo\/fordele-for-forhandlere\/\"><\/a>\n<\/div>\n                        <\/div>\n                                            <div class=\"col-12 col-md-6 col-lg-3\">\n                            <div class=\"card card--product\">\n                    <div class=\"card__image\">\n                    <img decoding=\"async\" width=\"491\" height=\"491\" src=\"https:\/\/animo.eu\/wp-content\/uploads\/2024\/03\/Misie-en-visie-vierkant.jpg\" class=\"image wp-post-image\" alt=\"\" loading=\"lazy\" srcset=\"https:\/\/animo.eu\/wp-content\/uploads\/2024\/03\/Misie-en-visie-vierkant.jpg 491w, https:\/\/animo.eu\/wp-content\/uploads\/2024\/03\/Misie-en-visie-vierkant-300x300.jpg 300w, https:\/\/animo.eu\/wp-content\/uploads\/2024\/03\/Misie-en-visie-vierkant-150x150.jpg 150w, https:\/\/animo.eu\/wp-content\/uploads\/2024\/03\/Misie-en-visie-vierkant-70x70.jpg 70w, https:\/\/animo.eu\/wp-content\/uploads\/2024\/03\/Misie-en-visie-vierkant-100x100.jpg 100w, https:\/\/animo.eu\/wp-content\/uploads\/2024\/03\/Misie-en-visie-vierkant-350x350.jpg 350w\" sizes=\"(max-width: 491px) 100vw, 491px\" \/>                <\/div>\n    <div class=\"card-body\">\n        <h3 class=\"card-title\">Mission, vision og kernev\u00e6rdier<\/h3>\n            <\/div>\n    <div class=\"card-footer\">\n        <span class=\"btn btn-outline-secondary\">\n            <span class=\"btn__text\">Mere info<\/span>\n            <svg class=\"icon icon--20 icon--arrow\">\n                <use xlink:href=\"https:\/\/animo.eu\/wp-content\/themes\/animo\/build\/img\/symbols.svg#arrow-right\"><\/use>\n            <\/svg>\n        <\/span>\n    <\/div>\n    <a class=\"stretched-link\" href=\"https:\/\/animo.eu\/da\/om_animo\/mission-vision-og-kernevaerdier\/\"><\/a>\n<\/div>\n                        <\/div>\n                                            <div class=\"col-12 col-md-6 col-lg-3\">\n                            <div class=\"card card--product\">\n                    <div class=\"card__image\">\n                    <img decoding=\"async\" width=\"491\" height=\"491\" src=\"https:\/\/animo.eu\/wp-content\/uploads\/2024\/01\/Sustainable-globe.jpg\" class=\"image wp-post-image\" alt=\"\" loading=\"lazy\" srcset=\"https:\/\/animo.eu\/wp-content\/uploads\/2024\/01\/Sustainable-globe.jpg 491w, https:\/\/animo.eu\/wp-content\/uploads\/2024\/01\/Sustainable-globe-300x300.jpg 300w, https:\/\/animo.eu\/wp-content\/uploads\/2024\/01\/Sustainable-globe-150x150.jpg 150w, https:\/\/animo.eu\/wp-content\/uploads\/2024\/01\/Sustainable-globe-70x70.jpg 70w, https:\/\/animo.eu\/wp-content\/uploads\/2024\/01\/Sustainable-globe-100x100.jpg 100w, https:\/\/animo.eu\/wp-content\/uploads\/2024\/01\/Sustainable-globe-350x350.jpg 350w\" sizes=\"(max-width: 491px) 100vw, 491px\" \/>                <\/div>\n    <div class=\"card-body\">\n        <h3 class=\"card-title\">CSR<\/h3>\n            <\/div>\n    <div class=\"card-footer\">\n        <span class=\"btn btn-outline-secondary\">\n            <span class=\"btn__text\">Mere info<\/span>\n            <svg class=\"icon icon--20 icon--arrow\">\n                <use xlink:href=\"https:\/\/animo.eu\/wp-content\/themes\/animo\/build\/img\/symbols.svg#arrow-right\"><\/use>\n            <\/svg>\n        <\/span>\n    <\/div>\n    <a class=\"stretched-link\" href=\"https:\/\/animo.eu\/da\/om_animo\/csr\/\"><\/a>\n<\/div>\n                        <\/div>\n                                            <div class=\"col-12 col-md-6 col-lg-3\">\n                            <div class=\"card card--product\">\n                    <div class=\"card__image\">\n                    <img decoding=\"async\" width=\"491\" height=\"491\" src=\"https:\/\/animo.eu\/wp-content\/uploads\/2024\/01\/Lease-vierkant.jpg\" class=\"image wp-post-image\" alt=\"\" loading=\"lazy\" srcset=\"https:\/\/animo.eu\/wp-content\/uploads\/2024\/01\/Lease-vierkant.jpg 491w, https:\/\/animo.eu\/wp-content\/uploads\/2024\/01\/Lease-vierkant-300x300.jpg 300w, https:\/\/animo.eu\/wp-content\/uploads\/2024\/01\/Lease-vierkant-150x150.jpg 150w, https:\/\/animo.eu\/wp-content\/uploads\/2024\/01\/Lease-vierkant-70x70.jpg 70w, https:\/\/animo.eu\/wp-content\/uploads\/2024\/01\/Lease-vierkant-100x100.jpg 100w, https:\/\/animo.eu\/wp-content\/uploads\/2024\/01\/Lease-vierkant-350x350.jpg 350w\" sizes=\"(max-width: 491px) 100vw, 491px\" \/>                <\/div>\n    <div class=\"card-body\">\n        <h3 class=\"card-title\">Udbud<\/h3>\n            <\/div>\n    <div class=\"card-footer\">\n        <span class=\"btn btn-outline-secondary\">\n            <span class=\"btn__text\">Mere info<\/span>\n            <svg class=\"icon icon--20 icon--arrow\">\n                <use xlink:href=\"https:\/\/animo.eu\/wp-content\/themes\/animo\/build\/img\/symbols.svg#arrow-right\"><\/use>\n            <\/svg>\n        <\/span>\n    <\/div>\n    <a class=\"stretched-link\" href=\"https:\/\/animo.eu\/da\/om_animo\/udbud\/\"><\/a>\n<\/div>\n                        <\/div>\n                                            <div class=\"col-12 col-md-6 col-lg-3\">\n                            <div class=\"card card--product\">\n                    <div class=\"card__image\">\n                    <img decoding=\"async\" width=\"491\" height=\"491\" src=\"https:\/\/animo.eu\/wp-content\/uploads\/2024\/01\/Adressen.jpg\" class=\"image wp-post-image\" alt=\"\" loading=\"lazy\" srcset=\"https:\/\/animo.eu\/wp-content\/uploads\/2024\/01\/Adressen.jpg 491w, https:\/\/animo.eu\/wp-content\/uploads\/2024\/01\/Adressen-300x300.jpg 300w, https:\/\/animo.eu\/wp-content\/uploads\/2024\/01\/Adressen-150x150.jpg 150w, https:\/\/animo.eu\/wp-content\/uploads\/2024\/01\/Adressen-70x70.jpg 70w, https:\/\/animo.eu\/wp-content\/uploads\/2024\/01\/Adressen-100x100.jpg 100w, https:\/\/animo.eu\/wp-content\/uploads\/2024\/01\/Adressen-350x350.jpg 350w\" sizes=\"(max-width: 491px) 100vw, 491px\" \/>                <\/div>\n    <div class=\"card-body\">\n        <h3 class=\"card-title\">Salgsadresser<\/h3>\n            <\/div>\n    <div class=\"card-footer\">\n        <span class=\"btn btn-outline-secondary\">\n            <span class=\"btn__text\">Mere info<\/span>\n            <svg class=\"icon icon--20 icon--arrow\">\n                <use xlink:href=\"https:\/\/animo.eu\/wp-content\/themes\/animo\/build\/img\/symbols.svg#arrow-right\"><\/use>\n            <\/svg>\n        <\/span>\n    <\/div>\n    <a class=\"stretched-link\" href=\"https:\/\/animo.eu\/da\/om_animo\/salgsadresser\/\"><\/a>\n<\/div>\n                        <\/div>\n                                            <div class=\"col-12 col-md-6 col-lg-3\">\n                            <div class=\"card card--product\">\n                    <div class=\"card__image\">\n                    <img decoding=\"async\" width=\"491\" height=\"491\" src=\"https:\/\/animo.eu\/wp-content\/uploads\/2024\/01\/OBX-twee-kopjes.jpg\" class=\"image wp-post-image\" alt=\"\" loading=\"lazy\" srcset=\"https:\/\/animo.eu\/wp-content\/uploads\/2024\/01\/OBX-twee-kopjes.jpg 491w, https:\/\/animo.eu\/wp-content\/uploads\/2024\/01\/OBX-twee-kopjes-300x300.jpg 300w, https:\/\/animo.eu\/wp-content\/uploads\/2024\/01\/OBX-twee-kopjes-150x150.jpg 150w, https:\/\/animo.eu\/wp-content\/uploads\/2024\/01\/OBX-twee-kopjes-70x70.jpg 70w, https:\/\/animo.eu\/wp-content\/uploads\/2024\/01\/OBX-twee-kopjes-100x100.jpg 100w, https:\/\/animo.eu\/wp-content\/uploads\/2024\/01\/OBX-twee-kopjes-350x350.jpg 350w\" sizes=\"(max-width: 491px) 100vw, 491px\" \/>                <\/div>\n    <div class=\"card-body\">\n        <h3 class=\"card-title\">Placering af fors\u00f8g<\/h3>\n            <\/div>\n    <div class=\"card-footer\">\n        <span class=\"btn btn-outline-secondary\">\n            <span class=\"btn__text\">Mere info<\/span>\n            <svg class=\"icon icon--20 icon--arrow\">\n                <use xlink:href=\"https:\/\/animo.eu\/wp-content\/themes\/animo\/build\/img\/symbols.svg#arrow-right\"><\/use>\n            <\/svg>\n        <\/span>\n    <\/div>\n    <a class=\"stretched-link\" href=\"https:\/\/animo.eu\/da\/om_animo\/placering-af-forsoeg\/\"><\/a>\n<\/div>\n                        <\/div>\n                                            <div class=\"col-12 col-md-6 col-lg-3\">\n                            <div class=\"card card--product\">\n                    <div class=\"card__image\">\n                        <img loading=\"lazy\" decoding=\"async\" class=\"image\" src=\"https:\/\/animo.eu\/wp-content\/themes\/animo\/build\/img\/product-placeholder.png\" alt=\"\" width=\"124\" height=\"30\" \/>\n            <\/div>\n    <div class=\"card-body\">\n        <h3 class=\"card-title\">Underst\u00f8ttelse af kontaktformular<\/h3>\n            <\/div>\n    <div class=\"card-footer\">\n        <span class=\"btn btn-outline-secondary\">\n            <span class=\"btn__text\">Mere info<\/span>\n            <svg class=\"icon icon--20 icon--arrow\">\n                <use xlink:href=\"https:\/\/animo.eu\/wp-content\/themes\/animo\/build\/img\/symbols.svg#arrow-right\"><\/use>\n            <\/svg>\n        <\/span>\n    <\/div>\n    <a class=\"stretched-link\" href=\"https:\/\/animo.eu\/da\/om_animo\/understoettelse-af-kontaktformular\/\"><\/a>\n<\/div>\n                        <\/div>\n                                            <div class=\"col-12 col-md-6 col-lg-3\">\n                            <div class=\"card card--product\">\n                    <div class=\"card__image\">\n                    <img decoding=\"async\" width=\"491\" height=\"491\" src=\"https:\/\/animo.eu\/wp-content\/uploads\/2024\/01\/OptiBean-sfeer.jpg\" class=\"image wp-post-image\" alt=\"\" loading=\"lazy\" srcset=\"https:\/\/animo.eu\/wp-content\/uploads\/2024\/01\/OptiBean-sfeer.jpg 491w, https:\/\/animo.eu\/wp-content\/uploads\/2024\/01\/OptiBean-sfeer-300x300.jpg 300w, https:\/\/animo.eu\/wp-content\/uploads\/2024\/01\/OptiBean-sfeer-150x150.jpg 150w, https:\/\/animo.eu\/wp-content\/uploads\/2024\/01\/OptiBean-sfeer-70x70.jpg 70w, https:\/\/animo.eu\/wp-content\/uploads\/2024\/01\/OptiBean-sfeer-100x100.jpg 100w, https:\/\/animo.eu\/wp-content\/uploads\/2024\/01\/OptiBean-sfeer-350x350.jpg 350w\" sizes=\"(max-width: 491px) 100vw, 491px\" \/>                <\/div>\n    <div class=\"card-body\">\n        <h3 class=\"card-title\">Leasing af kaffemaskiner<\/h3>\n            <\/div>\n    <div class=\"card-footer\">\n        <span class=\"btn btn-outline-secondary\">\n            <span class=\"btn__text\">Mere info<\/span>\n            <svg class=\"icon icon--20 icon--arrow\">\n                <use xlink:href=\"https:\/\/animo.eu\/wp-content\/themes\/animo\/build\/img\/symbols.svg#arrow-right\"><\/use>\n            <\/svg>\n        <\/span>\n    <\/div>\n    <a class=\"stretched-link\" href=\"https:\/\/animo.eu\/da\/om_animo\/leasing_af_kaffemaskiner\/\"><\/a>\n<\/div>\n                        <\/div>\n                                    <\/div>\n                                         <\/div>\n<\/section>\n\n<section  class=\"pane pane--white \">\n    <div class=\"container\">\n        <div class=\"row g-4 g-lg-8 g-xl-15 g-xxl-20 align-items-center flex-lg-row-reverse\">\n                            <div class=\"col-12 col-lg-6\">\n                    <div class=\"pane__text\">\n                        <h2>Fra en kop af klasse til en kande af smag<\/h2>\n<p>N\u00e5r folk m\u00f8des, er det f\u00f8rste sp\u00f8rgsm\u00e5l: Er der nogen, der vil have kaffe? Mange mennesker er ikke klar over det, men en kop kaffe kan g\u00f8re eller \u00f8del\u00e6gge en dag. Hos Animo siger vi altid, at en perfekt kaffe starter med en perfekt maskine. Og vi burde vide det, for vi har lavet f\u00f8rsteklasses kaffeudstyr siden 1950. Vi bruger materialer af h\u00f8j kvalitet og en ren produktionsproces til at bygge energieffektive maskiner med holdbar ydeevne og fremragende smag. Hoved, efter hoved, efter hoved.<\/p>\n                                                \n                    <\/div>\n                <\/div>\n                                <\/div>\n    <\/div>\n<\/section>\n","protected":false},"excerpt":{"rendered":"","protected":false},"author":21,"featured_media":43857,"parent":0,"menu_order":55,"comment_status":"closed","ping_status":"closed","template":"","meta":{"_acf_changed":false,"footnotes":""},"class_list":["post-43613","page","type-page","status-publish","has-post-thumbnail","hentry"],"acf":[],"yoast_head":"<!-- This site is optimized with the Yoast SEO plugin v25.5 - https:\/\/yoast.com\/wordpress\/plugins\/seo\/ -->\n<title>Om Animo -<\/title>\n<meta name=\"description\" content=\"Om Animo - Vi laver kaffesystemer og -maskiner af h\u00f8j kvalitet til folk, der gerne vil servere god kaffe.\" \/>\n<meta name=\"robots\" content=\"index, follow, max-snippet:-1, max-image-preview:large, max-video-preview:-1\" \/>\n<link rel=\"canonical\" href=\"https:\/\/animo.eu\/da\/om_animo\/\" \/>\n<meta property=\"og:locale\" content=\"da_DK\" \/>\n<meta property=\"og:type\" content=\"article\" \/>\n<meta property=\"og:title\" content=\"Om Animo -\" \/>\n<meta property=\"og:description\" content=\"Om Animo - Vi laver kaffesystemer og -maskiner af h\u00f8j kvalitet til folk, der gerne vil servere god kaffe.\" \/>\n<meta property=\"og:url\" content=\"https:\/\/animo.eu\/da\/om_animo\/\" \/>\n<meta property=\"article:publisher\" content=\"https:\/\/www.facebook.com\/animobv\/\" \/>\n<meta property=\"article:modified_time\" content=\"2024-01-17T11:24:50+00:00\" \/>\n<meta property=\"og:image\" content=\"https:\/\/animo.eu\/wp-content\/uploads\/2024\/01\/Animo-over-ons.jpg\" \/>\n\t<meta property=\"og:image:width\" content=\"1654\" \/>\n\t<meta property=\"og:image:height\" content=\"1654\" \/>\n\t<meta property=\"og:image:type\" content=\"image\/jpeg\" \/>\n<meta name=\"twitter:card\" content=\"summary_large_image\" \/>\n<meta name=\"twitter:site\" content=\"@animokoffie\" \/>\n<meta name=\"twitter:label1\" content=\"Estimeret l\u00e6setid\" \/>\n\t<meta name=\"twitter:data1\" content=\"1 minut\" \/>\n<script type=\"application\/ld+json\" class=\"yoast-schema-graph\">{\"@context\":\"https:\/\/schema.org\",\"@graph\":[{\"@type\":\"WebPage\",\"@id\":\"https:\/\/animo.eu\/da\/om_animo\/\",\"url\":\"https:\/\/animo.eu\/da\/om_animo\/\",\"name\":\"Om Animo -\",\"isPartOf\":{\"@id\":\"https:\/\/animo.eu\/da\/#website\"},\"primaryImageOfPage\":{\"@id\":\"https:\/\/animo.eu\/da\/om_animo\/#primaryimage\"},\"image\":{\"@id\":\"https:\/\/animo.eu\/da\/om_animo\/#primaryimage\"},\"thumbnailUrl\":\"https:\/\/animo.eu\/wp-content\/uploads\/2024\/01\/Animo-over-ons.jpg\",\"datePublished\":\"2024-01-03T09:14:14+00:00\",\"dateModified\":\"2024-01-17T11:24:50+00:00\",\"description\":\"Om Animo - Vi laver kaffesystemer og -maskiner af h\u00f8j kvalitet til folk, der gerne vil servere god kaffe.\",\"breadcrumb\":{\"@id\":\"https:\/\/animo.eu\/da\/om_animo\/#breadcrumb\"},\"inLanguage\":\"da-DK\",\"potentialAction\":[{\"@type\":\"ReadAction\",\"target\":[\"https:\/\/animo.eu\/da\/om_animo\/\"]}]},{\"@type\":\"ImageObject\",\"inLanguage\":\"da-DK\",\"@id\":\"https:\/\/animo.eu\/da\/om_animo\/#primaryimage\",\"url\":\"https:\/\/animo.eu\/wp-content\/uploads\/2024\/01\/Animo-over-ons.jpg\",\"contentUrl\":\"https:\/\/animo.eu\/wp-content\/uploads\/2024\/01\/Animo-over-ons.jpg\",\"width\":1654,\"height\":1654},{\"@type\":\"BreadcrumbList\",\"@id\":\"https:\/\/animo.eu\/da\/om_animo\/#breadcrumb\",\"itemListElement\":[{\"@type\":\"ListItem\",\"position\":1,\"name\":\"Home\",\"item\":\"https:\/\/animo.eu\/da\/\"},{\"@type\":\"ListItem\",\"position\":2,\"name\":\"Om Animo\"}]},{\"@type\":\"WebSite\",\"@id\":\"https:\/\/animo.eu\/da\/#website\",\"url\":\"https:\/\/animo.eu\/da\/\",\"name\":\"\",\"description\":\"\",\"potentialAction\":[{\"@type\":\"SearchAction\",\"target\":{\"@type\":\"EntryPoint\",\"urlTemplate\":\"https:\/\/animo.eu\/da\/?s={search_term_string}\"},\"query-input\":{\"@type\":\"PropertyValueSpecification\",\"valueRequired\":true,\"valueName\":\"search_term_string\"}}],\"inLanguage\":\"da-DK\"}]}<\/script>\n<!-- \/ Yoast SEO plugin. -->","yoast_head_json":{"title":"Om Animo -","description":"Om Animo - Vi laver kaffesystemer og -maskiner af h\u00f8j kvalitet til folk, der gerne vil servere god kaffe.","robots":{"index":"index","follow":"follow","max-snippet":"max-snippet:-1","max-image-preview":"max-image-preview:large","max-video-preview":"max-video-preview:-1"},"canonical":"https:\/\/animo.eu\/da\/om_animo\/","og_locale":"da_DK","og_type":"article","og_title":"Om Animo -","og_description":"Om Animo - Vi laver kaffesystemer og -maskiner af h\u00f8j kvalitet til folk, der gerne vil servere god kaffe.","og_url":"https:\/\/animo.eu\/da\/om_animo\/","article_publisher":"https:\/\/www.facebook.com\/animobv\/","article_modified_time":"2024-01-17T11:24:50+00:00","og_image":[{"width":1654,"height":1654,"url":"https:\/\/animo.eu\/wp-content\/uploads\/2024\/01\/Animo-over-ons.jpg","type":"image\/jpeg"}],"twitter_card":"summary_large_image","twitter_site":"@animokoffie","twitter_misc":{"Estimeret l\u00e6setid":"1 minut"},"schema":{"@context":"https:\/\/schema.org","@graph":[{"@type":"WebPage","@id":"https:\/\/animo.eu\/da\/om_animo\/","url":"https:\/\/animo.eu\/da\/om_animo\/","name":"Om Animo -","isPartOf":{"@id":"https:\/\/animo.eu\/da\/#website"},"primaryImageOfPage":{"@id":"https:\/\/animo.eu\/da\/om_animo\/#primaryimage"},"image":{"@id":"https:\/\/animo.eu\/da\/om_animo\/#primaryimage"},"thumbnailUrl":"https:\/\/animo.eu\/wp-content\/uploads\/2024\/01\/Animo-over-ons.jpg","datePublished":"2024-01-03T09:14:14+00:00","dateModified":"2024-01-17T11:24:50+00:00","description":"Om Animo - Vi laver kaffesystemer og -maskiner af h\u00f8j kvalitet til folk, der gerne vil servere god kaffe.","breadcrumb":{"@id":"https:\/\/animo.eu\/da\/om_animo\/#breadcrumb"},"inLanguage":"da-DK","potentialAction":[{"@type":"ReadAction","target":["https:\/\/animo.eu\/da\/om_animo\/"]}]},{"@type":"ImageObject","inLanguage":"da-DK","@id":"https:\/\/animo.eu\/da\/om_animo\/#primaryimage","url":"https:\/\/animo.eu\/wp-content\/uploads\/2024\/01\/Animo-over-ons.jpg","contentUrl":"https:\/\/animo.eu\/wp-content\/uploads\/2024\/01\/Animo-over-ons.jpg","width":1654,"height":1654},{"@type":"BreadcrumbList","@id":"https:\/\/animo.eu\/da\/om_animo\/#breadcrumb","itemListElement":[{"@type":"ListItem","position":1,"name":"Home","item":"https:\/\/animo.eu\/da\/"},{"@type":"ListItem","position":2,"name":"Om Animo"}]},{"@type":"WebSite","@id":"https:\/\/animo.eu\/da\/#website","url":"https:\/\/animo.eu\/da\/","name":"","description":"","potentialAction":[{"@type":"SearchAction","target":{"@type":"EntryPoint","urlTemplate":"https:\/\/animo.eu\/da\/?s={search_term_string}"},"query-input":{"@type":"PropertyValueSpecification","valueRequired":true,"valueName":"search_term_string"}}],"inLanguage":"da-DK"}]}},"_links":{"self":[{"href":"https:\/\/animo.eu\/da\/wp-json\/wp\/v2\/pages\/43613"}],"collection":[{"href":"https:\/\/animo.eu\/da\/wp-json\/wp\/v2\/pages"}],"about":[{"href":"https:\/\/animo.eu\/da\/wp-json\/wp\/v2\/types\/page"}],"author":[{"embeddable":true,"href":"https:\/\/animo.eu\/da\/wp-json\/wp\/v2\/users\/21"}],"replies":[{"embeddable":true,"href":"https:\/\/animo.eu\/da\/wp-json\/wp\/v2\/comments?post=43613"}],"version-history":[{"count":3,"href":"https:\/\/animo.eu\/da\/wp-json\/wp\/v2\/pages\/43613\/revisions"}],"predecessor-version":[{"id":44826,"href":"https:\/\/animo.eu\/da\/wp-json\/wp\/v2\/pages\/43613\/revisions\/44826"}],"wp:featuredmedia":[{"embeddable":true,"href":"https:\/\/animo.eu\/da\/wp-json\/wp\/v2\/media\/43857"}],"wp:attachment":[{"href":"https:\/\/animo.eu\/da\/wp-json\/wp\/v2\/media?parent=43613"}],"curies":[{"name":"wp","href":"https:\/\/api.w.org\/{rel}","templated":true}]}}