{"id":43650,"date":"2024-01-03T10:28:51","date_gmt":"2024-01-03T09:28:51","guid":{"rendered":"https:\/\/animo.eu\/?page_id=43650"},"modified":"2024-10-28T09:09:34","modified_gmt":"2024-10-28T08:09:34","slug":"csr","status":"publish","type":"page","link":"https:\/\/animo.eu\/da\/om_animo\/csr\/","title":{"rendered":"CSR"},"content":{"rendered":"\n<section class=\"hero\">\n    <div class=\"hero__background\">\n                                    <img fetchpriority=\"high\" decoding=\"async\" width=\"750\" height=\"450\" src=\"https:\/\/animo.eu\/wp-content\/uploads\/2024\/01\/Images_hand-milieu.jpg\" class=\"hero__image img-fluid\" alt=\"\" loading=\"eager\" srcset=\"https:\/\/animo.eu\/wp-content\/uploads\/2024\/01\/Images_hand-milieu.jpg 750w, https:\/\/animo.eu\/wp-content\/uploads\/2024\/01\/Images_hand-milieu-300x180.jpg 300w, https:\/\/animo.eu\/wp-content\/uploads\/2024\/01\/Images_hand-milieu-70x42.jpg 70w, https:\/\/animo.eu\/wp-content\/uploads\/2024\/01\/Images_hand-milieu-550x330.jpg 550w, https:\/\/animo.eu\/wp-content\/uploads\/2024\/01\/Images_hand-milieu-167x100.jpg 167w, https:\/\/animo.eu\/wp-content\/uploads\/2024\/01\/Images_hand-milieu-150x90.jpg 150w\" sizes=\"(max-width: 750px) 100vw, 750px\" \/>                                <\/div>    \n            <div class=\"hero__content\">\n            <div class=\"container\">\n                <div class=\"row\">                    <div class=\"col-12 col-lg-9 col-xl-8\">                        <div class=\"hero__text \">\n                            <h1>B\u00e6redygtigt og ansvarligt valg<\/h1>\n                        <\/div>\n                                                \n                    <\/div>\n                <\/div>\n            <\/div>\n        <\/div>\n        <div class=\"hero__scroll\">\n        <span>Rulle<\/span>\n        <svg class=\"icon icon--20 text-secondary\">\n            <use xlink:href=\"https:\/\/animo.eu\/wp-content\/themes\/animo\/build\/img\/symbols.svg#arrow-down\"><\/use>\n        <\/svg>      \n    <\/div>\n<\/section>\n\n\n\n<section class=\"pane pane--white pane--anchors\">\n    <ul class=\"list justify-content-center d-none d-lg-flex\">\n                                    <li class=\"list__item mx-6 mx-xl-8 mx-xxl-10\">\n                    <a class=\"text-decoration-none text-secondary\" href=\"#b\u00e6redygtigt iv\u00e6rks\u00e6tteri\">B\u00e6redygtig forretning<\/a>\n                <\/li>\n                            <li class=\"list__item mx-6 mx-xl-8 mx-xxl-10\">\n                    <a class=\"text-decoration-none text-secondary\" href=\"#omsorg for fremtiden\">Omsorg for fremtiden<\/a>\n                <\/li>\n                            <li class=\"list__item mx-6 mx-xl-8 mx-xxl-10\">\n                    <a class=\"text-decoration-none text-secondary\" href=\"#Alzheimers Holland\">Alzheimers Holland<\/a>\n                <\/li>\n                            <li class=\"list__item mx-6 mx-xl-8 mx-xxl-10\">\n                    <a class=\"text-decoration-none text-secondary\" href=\"#Ronald McDonald B\u00f8rnefond\">Ronald McDonald B\u00f8rnefond<\/a>\n                <\/li>\n                            <li class=\"list__item mx-6 mx-xl-8 mx-xxl-10\">\n                    <a class=\"text-decoration-none text-secondary\" href=\"#sponsorat\">Sponsorering<\/a>\n                <\/li>\n                        <\/ul>\n<\/section>\n\n\n\n<section  class=\"pane pane--white \">\n    <div class=\"container\">\n        <div class=\"row g-4 g-lg-8 g-xl-15 justify-content-center\">\n                                                <div class=\"col-12 col-lg-8\">\n                        <div class=\"pane__text\">\n                            <h2>Siden grundl\u00e6ggelsen har Animo arbejdet med rustfrit st\u00e5l af h\u00f8j kvalitet, som ikke bare er uforg\u00e6ngeligt, men ogs\u00e5 et r\u00e5materiale, der er 100 % genanvendeligt.<\/h2>\n                                                    <\/div>\n                    <\/div>\n                                    <\/div>\n    <\/div>\n<\/section>\n\n\n\n<section id=\"b\u00e6redygtigt iv\u00e6rks\u00e6tteri\" class=\"pane pane--tertiary anchor\">\n    <div class=\"container\">\n        <div class=\"row g-4 g-lg-8 g-xl-15 g-xxl-20 align-items-center \">\n                            <div class=\"col-12 col-lg-6\">\n                    <div class=\"pane__text\">\n                        <h2 class=\"paragraph-title\">B\u00e6redygtig forretning<\/h2>\n<p>Animo er opm\u00e6rksom p\u00e5 den generelle betydning af b\u00e6redygtig forretning og \u00f8nsker at bidrage til at fremme CSR i v\u00e6rdik\u00e6den. Her er str\u00e6ben efter b\u00e6redygtige overskud og kontinuitet af afg\u00f8rende betydning sammen med ansvaret for milj\u00f8, samfund og medarbejdere.<\/p>\n                                                \n                    <\/div>\n                <\/div>\n                                        <div class=\"col-12 col-lg\">\n                    <figure class=\"figure \">\n                        <img decoding=\"async\" width=\"491\" height=\"491\" src=\"https:\/\/animo.eu\/wp-content\/uploads\/2024\/10\/animo-set01-0192.jpg\" class=\"img-fluid\" alt=\"\" loading=\"lazy\" srcset=\"https:\/\/animo.eu\/wp-content\/uploads\/2024\/10\/animo-set01-0192.jpg 491w, https:\/\/animo.eu\/wp-content\/uploads\/2024\/10\/animo-set01-0192-300x300.jpg 300w, https:\/\/animo.eu\/wp-content\/uploads\/2024\/10\/animo-set01-0192-150x150.jpg 150w, https:\/\/animo.eu\/wp-content\/uploads\/2024\/10\/animo-set01-0192-70x70.jpg 70w, https:\/\/animo.eu\/wp-content\/uploads\/2024\/10\/animo-set01-0192-100x100.jpg 100w, https:\/\/animo.eu\/wp-content\/uploads\/2024\/10\/animo-set01-0192-350x350.jpg 350w\" sizes=\"(max-width: 491px) 100vw, 491px\" \/>                    <\/figure>\n                <\/div>\n                    <\/div>\n    <\/div>\n<\/section>\n\n\n\n<section id=\"omsorg for fremtiden\" class=\"pane pane--white anchor\">\n    <div class=\"container\">\n        <div class=\"row g-4 g-lg-8 g-xl-15 g-xxl-20 align-items-center flex-lg-row-reverse\">\n                            <div class=\"col-12 col-lg-6\">\n                    <div class=\"pane__text\">\n                        <h2 class=\"paragraph-title\">At drive forretning med omtanke for fremtiden<\/h2>\n<p>Animo er en socialt engageret virksomhed. Ved bevidst at reflektere over den m\u00e5de, vi driver forretning p\u00e5, og konsekvenserne af vores handlinger og fokusere vores forretning p\u00e5 dette, bidrager vi som Animo til en verden, hvor generationer efter os ogs\u00e5 har en fremtid.<\/p>\n                                                \n                    <\/div>\n                <\/div>\n                                        <div class=\"col-12 col-lg\">\n                    <figure class=\"figure image_reversed\">\n                        <img decoding=\"async\" width=\"491\" height=\"491\" src=\"https:\/\/animo.eu\/wp-content\/uploads\/2024\/01\/Sustainable-globe.jpg\" class=\"img-fluid\" alt=\"\" loading=\"lazy\" srcset=\"https:\/\/animo.eu\/wp-content\/uploads\/2024\/01\/Sustainable-globe.jpg 491w, https:\/\/animo.eu\/wp-content\/uploads\/2024\/01\/Sustainable-globe-300x300.jpg 300w, https:\/\/animo.eu\/wp-content\/uploads\/2024\/01\/Sustainable-globe-150x150.jpg 150w, https:\/\/animo.eu\/wp-content\/uploads\/2024\/01\/Sustainable-globe-70x70.jpg 70w, https:\/\/animo.eu\/wp-content\/uploads\/2024\/01\/Sustainable-globe-100x100.jpg 100w, https:\/\/animo.eu\/wp-content\/uploads\/2024\/01\/Sustainable-globe-350x350.jpg 350w\" sizes=\"(max-width: 491px) 100vw, 491px\" \/>                    <\/figure>\n                <\/div>\n                    <\/div>\n    <\/div>\n<\/section>\n\n\n\n<section id=\"Alzheimers Holland\" class=\"pane pane--tertiary anchor\">\n    <div class=\"container\">\n        <div class=\"row g-4 g-lg-8 g-xl-15 g-xxl-20 align-items-center \">\n                            <div class=\"col-12 col-lg-6\">\n                    <div class=\"pane__text\">\n                        <h2 class=\"paragraph-title\">Animo i aktion for Alzheimers i Holland<\/h2>\n<p>Den hurtige v\u00e6kst i demens har stor indflydelse p\u00e5 en sundere aldring og dermed p\u00e5 at opn\u00e5 en v\u00e6rdifuld fremtid. Animo vil gerne bidrage til at realisere Alzheimer&#8217;s Netherlands&#8217; dr\u00f8m om at forebygge eller helbrede demens. Det kr\u00e6ver en masse research. For at finansiere dette st\u00f8tter Animo Alzheimer&#8217;s Netherlands.<\/p>\n                                                \n                    <\/div>\n                <\/div>\n                                        <div class=\"col-12 col-lg\">\n                    <figure class=\"figure \">\n                        <img decoding=\"async\" width=\"491\" height=\"491\" src=\"https:\/\/animo.eu\/wp-content\/uploads\/2024\/01\/Ouderen-2.jpg\" class=\"img-fluid\" alt=\"\" loading=\"lazy\" srcset=\"https:\/\/animo.eu\/wp-content\/uploads\/2024\/01\/Ouderen-2.jpg 491w, https:\/\/animo.eu\/wp-content\/uploads\/2024\/01\/Ouderen-2-300x300.jpg 300w, https:\/\/animo.eu\/wp-content\/uploads\/2024\/01\/Ouderen-2-150x150.jpg 150w, https:\/\/animo.eu\/wp-content\/uploads\/2024\/01\/Ouderen-2-70x70.jpg 70w, https:\/\/animo.eu\/wp-content\/uploads\/2024\/01\/Ouderen-2-100x100.jpg 100w, https:\/\/animo.eu\/wp-content\/uploads\/2024\/01\/Ouderen-2-350x350.jpg 350w\" sizes=\"(max-width: 491px) 100vw, 491px\" \/>                    <\/figure>\n                <\/div>\n                    <\/div>\n    <\/div>\n<\/section>\n\n\n\n<section id=\"Ronald McDonald B\u00f8rnefond\" class=\"pane pane--white anchor\">\n    <div class=\"container\">\n        <div class=\"row g-4 g-lg-8 g-xl-15 g-xxl-20 align-items-center flex-lg-row-reverse\">\n                            <div class=\"col-12 col-lg-6\">\n                    <div class=\"pane__text\">\n                        <h2 class=\"paragraph-title\">500.000 kager med tr\u00f8st hos Ronald McDonald B\u00f8rnefond<\/h2>\n<p>Hvert \u00e5r bliver der drukket mere end 500.000 kopper tr\u00f8st i Ronald McDonald Husene. Kaffe er vigtigt for mange holl\u00e6ndere, og is\u00e6r n\u00e5r de er i en stresset situation, er det vigtigt, at du kan f\u00e5 en god kop kaffe til enhver tid. Animo sponsorerer Ronald McDonald B\u00f8rnefond med Animo-kaffemaskiner.<\/p>\n<p><strong>At holde familier t\u00e6t<\/strong><br \/>\nRonald McDonald B\u00f8rnefond sikrer, at syge b\u00f8rn og deres familier er t\u00e6t p\u00e5 hinanden. I 12 Ronald McDonald Huse bor for\u00e6ldre og s\u00f8skende i g\u00e5afstand fra hospitalet, i 12 Ronald McDonald Hus-v\u00e6relser kan familier slappe af i en hjemlig atmosf\u00e6re, og i 3 (tilpassede) feriehuse kan familier med et plejekr\u00e6vende barn tr\u00e6kke vejret i en velfortjent ferie. Ronald McDonald B\u00f8rnefond modtager ingen st\u00f8tte og fungerer takket v\u00e6re frivillige, sponsorer og donationer. #atholdefamiliern\u00e6re<\/p>\n                                                \n                    <\/div>\n                <\/div>\n                                        <div class=\"col-12 col-lg\">\n                    <figure class=\"figure image_reversed\">\n                        <img decoding=\"async\" width=\"775\" height=\"450\" src=\"https:\/\/animo.eu\/wp-content\/uploads\/2024\/01\/Images_RMKF.jpg\" class=\"img-fluid\" alt=\"\" loading=\"lazy\" srcset=\"https:\/\/animo.eu\/wp-content\/uploads\/2024\/01\/Images_RMKF.jpg 775w, https:\/\/animo.eu\/wp-content\/uploads\/2024\/01\/Images_RMKF-300x174.jpg 300w, https:\/\/animo.eu\/wp-content\/uploads\/2024\/01\/Images_RMKF-768x446.jpg 768w, https:\/\/animo.eu\/wp-content\/uploads\/2024\/01\/Images_RMKF-70x41.jpg 70w, https:\/\/animo.eu\/wp-content\/uploads\/2024\/01\/Images_RMKF-550x319.jpg 550w, https:\/\/animo.eu\/wp-content\/uploads\/2024\/01\/Images_RMKF-172x100.jpg 172w, https:\/\/animo.eu\/wp-content\/uploads\/2024\/01\/Images_RMKF-150x87.jpg 150w\" sizes=\"(max-width: 775px) 100vw, 775px\" \/>                    <\/figure>\n                <\/div>\n                    <\/div>\n    <\/div>\n<\/section>\n\n\n\n<section id=\"sponsorat\" class=\"pane pane--tertiary anchor\">\n    <div class=\"container\">\n        <div class=\"row g-4 g-lg-8 g-xl-15 g-xxl-20 align-items-center \">\n                            <div class=\"col-12 col-lg-6\">\n                    <div class=\"pane__text\">\n                        <h2 class=\"paragraph-title\">Animo-sponsorat st\u00f8tter vigtigheden af en sund livsstil<\/h2>\n<p><strong>Fit &amp; Vital<\/strong><br \/>\nAnimo mener, at kollegernes fysiske form p\u00e5virker alle dele af organisationen. Hos Animo arbejder et team under navnet &#8220;Fit &amp; Vital&#8221; for at opmuntre medarbejderne til at dyrke motion. For eksempel l\u00f8ber vi sammen med et Animo-hold under l\u00f8bsarrangementer og deltager i velg\u00f8renhedscykelture.<\/p>\n<p><strong>Animo Collegerun<\/strong><br \/>\nFor at motivere unge mennesker til at dyrke sport sponsorerer Animo en l\u00f8bekonkurrence for skoleb\u00f8rn, Animo Collegerun. Derudover er Animo sponsor for TT Cityrun, en l\u00f8beevent, der er direkte forbundet med det ber\u00f8mte hollandske TT MotoGP-event i Assen.<\/p>\n<p><strong>Lokalt sponsorat<\/strong><br \/>\nHos Animo synes vi, det er vigtigt at g\u00f8re vores del. Udover god kaffe er vitalitet meget vigtigt hos Animo, og derfor sponsorerer vi lokale sportsklubber for at opmuntre til sport og sund livsstil. Udover sportsklubber er Animo ogs\u00e5 engageret i velg\u00f8renhed.<\/p>\n                                                \n                    <\/div>\n                <\/div>\n                                        <div class=\"col-12 col-lg\">\n                    <figure class=\"figure \">\n                        <img decoding=\"async\" width=\"491\" height=\"491\" src=\"https:\/\/animo.eu\/wp-content\/uploads\/2024\/01\/animo-TTrun-header1.jpg\" class=\"img-fluid\" alt=\"\" loading=\"lazy\" srcset=\"https:\/\/animo.eu\/wp-content\/uploads\/2024\/01\/animo-TTrun-header1.jpg 491w, https:\/\/animo.eu\/wp-content\/uploads\/2024\/01\/animo-TTrun-header1-300x300.jpg 300w, https:\/\/animo.eu\/wp-content\/uploads\/2024\/01\/animo-TTrun-header1-150x150.jpg 150w, https:\/\/animo.eu\/wp-content\/uploads\/2024\/01\/animo-TTrun-header1-70x70.jpg 70w, https:\/\/animo.eu\/wp-content\/uploads\/2024\/01\/animo-TTrun-header1-100x100.jpg 100w, https:\/\/animo.eu\/wp-content\/uploads\/2024\/01\/animo-TTrun-header1-350x350.jpg 350w\" sizes=\"(max-width: 491px) 100vw, 491px\" \/>                    <\/figure>\n                <\/div>\n                    <\/div>\n    <\/div>\n<\/section>\n","protected":false},"excerpt":{"rendered":"","protected":false},"author":21,"featured_media":43775,"parent":43613,"menu_order":28,"comment_status":"closed","ping_status":"closed","template":"","meta":{"_acf_changed":false,"footnotes":""},"class_list":["post-43650","page","type-page","status-publish","has-post-thumbnail","hentry"],"acf":[],"yoast_head":"<!-- This site is optimized with the Yoast SEO plugin v25.5 - https:\/\/yoast.com\/wordpress\/plugins\/seo\/ -->\n<title>CSR -<\/title>\n<meta name=\"description\" content=\"CSR - Animo er opm\u00e6rksom p\u00e5 den generelle betydning af b\u00e6redygtig forretning og \u00f8nsker at bidrage til at fremme CSR i v\u00e6rdik\u00e6den.\" \/>\n<meta name=\"robots\" content=\"index, follow, max-snippet:-1, max-image-preview:large, max-video-preview:-1\" \/>\n<link rel=\"canonical\" href=\"https:\/\/animo.eu\/da\/om_animo\/csr\/\" \/>\n<meta property=\"og:locale\" content=\"da_DK\" \/>\n<meta property=\"og:type\" content=\"article\" \/>\n<meta property=\"og:title\" content=\"CSR -\" \/>\n<meta property=\"og:description\" content=\"CSR - Animo er opm\u00e6rksom p\u00e5 den generelle betydning af b\u00e6redygtig forretning og \u00f8nsker at bidrage til at fremme CSR i v\u00e6rdik\u00e6den.\" \/>\n<meta property=\"og:url\" content=\"https:\/\/animo.eu\/da\/om_animo\/csr\/\" \/>\n<meta property=\"article:publisher\" content=\"https:\/\/www.facebook.com\/animobv\/\" \/>\n<meta property=\"article:modified_time\" content=\"2024-10-28T08:09:34+00:00\" \/>\n<meta property=\"og:image\" content=\"https:\/\/animo.eu\/wp-content\/uploads\/2024\/01\/Sustainable-globe.jpg\" \/>\n\t<meta property=\"og:image:width\" content=\"491\" \/>\n\t<meta property=\"og:image:height\" content=\"491\" \/>\n\t<meta property=\"og:image:type\" content=\"image\/jpeg\" \/>\n<meta name=\"twitter:card\" content=\"summary_large_image\" \/>\n<meta name=\"twitter:site\" content=\"@animokoffie\" \/>\n<meta name=\"twitter:label1\" content=\"Estimeret l\u00e6setid\" \/>\n\t<meta name=\"twitter:data1\" content=\"1 minut\" \/>\n<script type=\"application\/ld+json\" class=\"yoast-schema-graph\">{\"@context\":\"https:\/\/schema.org\",\"@graph\":[{\"@type\":\"WebPage\",\"@id\":\"https:\/\/animo.eu\/da\/om_animo\/csr\/\",\"url\":\"https:\/\/animo.eu\/da\/om_animo\/csr\/\",\"name\":\"CSR -\",\"isPartOf\":{\"@id\":\"https:\/\/animo.eu\/da\/#website\"},\"primaryImageOfPage\":{\"@id\":\"https:\/\/animo.eu\/da\/om_animo\/csr\/#primaryimage\"},\"image\":{\"@id\":\"https:\/\/animo.eu\/da\/om_animo\/csr\/#primaryimage\"},\"thumbnailUrl\":\"https:\/\/animo.eu\/wp-content\/uploads\/2024\/01\/Sustainable-globe.jpg\",\"datePublished\":\"2024-01-03T09:28:51+00:00\",\"dateModified\":\"2024-10-28T08:09:34+00:00\",\"description\":\"CSR - Animo er opm\u00e6rksom p\u00e5 den generelle betydning af b\u00e6redygtig forretning og \u00f8nsker at bidrage til at fremme CSR i v\u00e6rdik\u00e6den.\",\"breadcrumb\":{\"@id\":\"https:\/\/animo.eu\/da\/om_animo\/csr\/#breadcrumb\"},\"inLanguage\":\"da-DK\",\"potentialAction\":[{\"@type\":\"ReadAction\",\"target\":[\"https:\/\/animo.eu\/da\/om_animo\/csr\/\"]}]},{\"@type\":\"ImageObject\",\"inLanguage\":\"da-DK\",\"@id\":\"https:\/\/animo.eu\/da\/om_animo\/csr\/#primaryimage\",\"url\":\"https:\/\/animo.eu\/wp-content\/uploads\/2024\/01\/Sustainable-globe.jpg\",\"contentUrl\":\"https:\/\/animo.eu\/wp-content\/uploads\/2024\/01\/Sustainable-globe.jpg\",\"width\":491,\"height\":491,\"caption\":\"Crystal globe putting on moss, ESG icon for Environment Social and Governance, World sustainable environment concept.\"},{\"@type\":\"BreadcrumbList\",\"@id\":\"https:\/\/animo.eu\/da\/om_animo\/csr\/#breadcrumb\",\"itemListElement\":[{\"@type\":\"ListItem\",\"position\":1,\"name\":\"Home\",\"item\":\"https:\/\/animo.eu\/da\/\"},{\"@type\":\"ListItem\",\"position\":2,\"name\":\"Om Animo\",\"item\":\"https:\/\/animo.eu\/da\/om_animo\/\"},{\"@type\":\"ListItem\",\"position\":3,\"name\":\"CSR\"}]},{\"@type\":\"WebSite\",\"@id\":\"https:\/\/animo.eu\/da\/#website\",\"url\":\"https:\/\/animo.eu\/da\/\",\"name\":\"\",\"description\":\"\",\"potentialAction\":[{\"@type\":\"SearchAction\",\"target\":{\"@type\":\"EntryPoint\",\"urlTemplate\":\"https:\/\/animo.eu\/da\/?s={search_term_string}\"},\"query-input\":{\"@type\":\"PropertyValueSpecification\",\"valueRequired\":true,\"valueName\":\"search_term_string\"}}],\"inLanguage\":\"da-DK\"}]}<\/script>\n<!-- \/ Yoast SEO plugin. -->","yoast_head_json":{"title":"CSR -","description":"CSR - Animo er opm\u00e6rksom p\u00e5 den generelle betydning af b\u00e6redygtig forretning og \u00f8nsker at bidrage til at fremme CSR i v\u00e6rdik\u00e6den.","robots":{"index":"index","follow":"follow","max-snippet":"max-snippet:-1","max-image-preview":"max-image-preview:large","max-video-preview":"max-video-preview:-1"},"canonical":"https:\/\/animo.eu\/da\/om_animo\/csr\/","og_locale":"da_DK","og_type":"article","og_title":"CSR -","og_description":"CSR - Animo er opm\u00e6rksom p\u00e5 den generelle betydning af b\u00e6redygtig forretning og \u00f8nsker at bidrage til at fremme CSR i v\u00e6rdik\u00e6den.","og_url":"https:\/\/animo.eu\/da\/om_animo\/csr\/","article_publisher":"https:\/\/www.facebook.com\/animobv\/","article_modified_time":"2024-10-28T08:09:34+00:00","og_image":[{"width":491,"height":491,"url":"https:\/\/animo.eu\/wp-content\/uploads\/2024\/01\/Sustainable-globe.jpg","type":"image\/jpeg"}],"twitter_card":"summary_large_image","twitter_site":"@animokoffie","twitter_misc":{"Estimeret l\u00e6setid":"1 minut"},"schema":{"@context":"https:\/\/schema.org","@graph":[{"@type":"WebPage","@id":"https:\/\/animo.eu\/da\/om_animo\/csr\/","url":"https:\/\/animo.eu\/da\/om_animo\/csr\/","name":"CSR -","isPartOf":{"@id":"https:\/\/animo.eu\/da\/#website"},"primaryImageOfPage":{"@id":"https:\/\/animo.eu\/da\/om_animo\/csr\/#primaryimage"},"image":{"@id":"https:\/\/animo.eu\/da\/om_animo\/csr\/#primaryimage"},"thumbnailUrl":"https:\/\/animo.eu\/wp-content\/uploads\/2024\/01\/Sustainable-globe.jpg","datePublished":"2024-01-03T09:28:51+00:00","dateModified":"2024-10-28T08:09:34+00:00","description":"CSR - Animo er opm\u00e6rksom p\u00e5 den generelle betydning af b\u00e6redygtig forretning og \u00f8nsker at bidrage til at fremme CSR i v\u00e6rdik\u00e6den.","breadcrumb":{"@id":"https:\/\/animo.eu\/da\/om_animo\/csr\/#breadcrumb"},"inLanguage":"da-DK","potentialAction":[{"@type":"ReadAction","target":["https:\/\/animo.eu\/da\/om_animo\/csr\/"]}]},{"@type":"ImageObject","inLanguage":"da-DK","@id":"https:\/\/animo.eu\/da\/om_animo\/csr\/#primaryimage","url":"https:\/\/animo.eu\/wp-content\/uploads\/2024\/01\/Sustainable-globe.jpg","contentUrl":"https:\/\/animo.eu\/wp-content\/uploads\/2024\/01\/Sustainable-globe.jpg","width":491,"height":491,"caption":"Crystal globe putting on moss, ESG icon for Environment Social and Governance, World sustainable environment concept."},{"@type":"BreadcrumbList","@id":"https:\/\/animo.eu\/da\/om_animo\/csr\/#breadcrumb","itemListElement":[{"@type":"ListItem","position":1,"name":"Home","item":"https:\/\/animo.eu\/da\/"},{"@type":"ListItem","position":2,"name":"Om Animo","item":"https:\/\/animo.eu\/da\/om_animo\/"},{"@type":"ListItem","position":3,"name":"CSR"}]},{"@type":"WebSite","@id":"https:\/\/animo.eu\/da\/#website","url":"https:\/\/animo.eu\/da\/","name":"","description":"","potentialAction":[{"@type":"SearchAction","target":{"@type":"EntryPoint","urlTemplate":"https:\/\/animo.eu\/da\/?s={search_term_string}"},"query-input":{"@type":"PropertyValueSpecification","valueRequired":true,"valueName":"search_term_string"}}],"inLanguage":"da-DK"}]}},"_links":{"self":[{"href":"https:\/\/animo.eu\/da\/wp-json\/wp\/v2\/pages\/43650"}],"collection":[{"href":"https:\/\/animo.eu\/da\/wp-json\/wp\/v2\/pages"}],"about":[{"href":"https:\/\/animo.eu\/da\/wp-json\/wp\/v2\/types\/page"}],"author":[{"embeddable":true,"href":"https:\/\/animo.eu\/da\/wp-json\/wp\/v2\/users\/21"}],"replies":[{"embeddable":true,"href":"https:\/\/animo.eu\/da\/wp-json\/wp\/v2\/comments?post=43650"}],"version-history":[{"count":12,"href":"https:\/\/animo.eu\/da\/wp-json\/wp\/v2\/pages\/43650\/revisions"}],"predecessor-version":[{"id":74874,"href":"https:\/\/animo.eu\/da\/wp-json\/wp\/v2\/pages\/43650\/revisions\/74874"}],"up":[{"embeddable":true,"href":"https:\/\/animo.eu\/da\/wp-json\/wp\/v2\/pages\/43613"}],"wp:featuredmedia":[{"embeddable":true,"href":"https:\/\/animo.eu\/da\/wp-json\/wp\/v2\/media\/43775"}],"wp:attachment":[{"href":"https:\/\/animo.eu\/da\/wp-json\/wp\/v2\/media?parent=43650"}],"curies":[{"name":"wp","href":"https:\/\/api.w.org\/{rel}","templated":true}]}}