{"id":44059,"date":"2024-01-03T16:19:02","date_gmt":"2024-01-03T15:19:02","guid":{"rendered":"https:\/\/animo.eu\/?page_id=44059"},"modified":"2024-03-23T10:27:03","modified_gmt":"2024-03-23T09:27:03","slug":"leasing_af_kaffemaskiner","status":"publish","type":"page","link":"https:\/\/animo.eu\/da\/om_animo\/leasing_af_kaffemaskiner\/","title":{"rendered":"Leasing af kaffemaskiner"},"content":{"rendered":"\n<section class=\"pane pane--white pane--anchors\">\n    <ul class=\"list justify-content-center d-none d-lg-flex\">\n                                    <li class=\"list__item mx-6 mx-xl-8 mx-xxl-10\">\n                    <a class=\"text-decoration-none text-secondary\" href=\"#lejekontrakt\">Leasing af en kaffemaskine<\/a>\n                <\/li>\n                            <li class=\"list__item mx-6 mx-xl-8 mx-xxl-10\">\n                    <a class=\"text-decoration-none text-secondary\" href=\"#hvordan\">S\u00e5dan lejer du<\/a>\n                <\/li>\n                            <li class=\"list__item mx-6 mx-xl-8 mx-xxl-10\">\n                    <a class=\"text-decoration-none text-secondary\" href=\"#vs\">Operationel og finansiel leasing<\/a>\n                <\/li>\n                            <li class=\"list__item mx-6 mx-xl-8 mx-xxl-10\">\n                    <a class=\"text-decoration-none text-secondary\" href=\"#popul\u00e6r\">Popul\u00e6re kaffemaskiner<\/a>\n                <\/li>\n                        <\/ul>\n<\/section>\n\n<section class=\"hero\">\n    <div class=\"hero__background\">\n                                    <img fetchpriority=\"high\" decoding=\"async\" width=\"2560\" height=\"1709\" src=\"https:\/\/animo.eu\/wp-content\/uploads\/2024\/01\/Koffie-momentje-scaled.jpg\" class=\"hero__image img-fluid\" alt=\"\" loading=\"eager\" srcset=\"https:\/\/animo.eu\/wp-content\/uploads\/2024\/01\/Koffie-momentje-scaled.jpg 2560w, https:\/\/animo.eu\/wp-content\/uploads\/2024\/01\/Koffie-momentje-300x200.jpg 300w, https:\/\/animo.eu\/wp-content\/uploads\/2024\/01\/Koffie-momentje-1024x684.jpg 1024w, https:\/\/animo.eu\/wp-content\/uploads\/2024\/01\/Koffie-momentje-768x513.jpg 768w, https:\/\/animo.eu\/wp-content\/uploads\/2024\/01\/Koffie-momentje-1536x1025.jpg 1536w, https:\/\/animo.eu\/wp-content\/uploads\/2024\/01\/Koffie-momentje-2048x1367.jpg 2048w, https:\/\/animo.eu\/wp-content\/uploads\/2024\/01\/Koffie-momentje-70x47.jpg 70w, https:\/\/animo.eu\/wp-content\/uploads\/2024\/01\/Koffie-momentje-550x367.jpg 550w, https:\/\/animo.eu\/wp-content\/uploads\/2024\/01\/Koffie-momentje-800x534.jpg 800w, https:\/\/animo.eu\/wp-content\/uploads\/2024\/01\/Koffie-momentje-150x100.jpg 150w\" sizes=\"(max-width: 2560px) 100vw, 2560px\" \/>                                <\/div>    \n            <div class=\"hero__content\">\n            <div class=\"container\">\n                <div class=\"row\">                    <div class=\"col-12 col-lg-9 col-xl-8\">                        <div class=\"hero__text \">\n                            <h1>Leasing af en kaffemaskine til din virksomhed<\/h1>\n                        <\/div>\n                                                \n                    <\/div>\n                <\/div>\n            <\/div>\n        <\/div>\n        <div class=\"hero__scroll\">\n        <span>Rulle<\/span>\n        <svg class=\"icon icon--20 text-secondary\">\n            <use xlink:href=\"https:\/\/animo.eu\/wp-content\/themes\/animo\/build\/img\/symbols.svg#arrow-down\"><\/use>\n        <\/svg>      \n    <\/div>\n<\/section>\n\n<section id=\"lejekontrakt\" class=\"pane pane--white anchor\">\n    <div class=\"container\">\n        <div class=\"row g-4 g-lg-8 g-xl-15 g-xxl-20 align-items-center flex-lg-row-reverse\">\n                            <div class=\"col-12 col-lg-6\">\n                    <div class=\"pane__text\">\n                        <h2>Leasing af en Animo-kaffemaskine? Det kan<\/h2>\n<p>Er du p\u00e5 udkig efter en kaffemaskine til din virksomhed? Hvis det er tilf\u00e6ldet, er der flere muligheder for at k\u00f8be dem. Man kan k\u00f8be en kaffemaskine, men for nogle virksomheder er det mere attraktivt at lease en kaffemaskine.<\/p>\n<p>Der findes forskellige leasingordninger. De mest almindelige er operationelle og finansielle leasingaftaler. Den st\u00f8rste forskel er, at ved operationel leasing ejer leasingselskabet kaffemaskinen, og ved finansiel leasing bliver du selv den \u00f8konomiske ejer af kaffemaskinen, hvor den st\u00e5r p\u00e5 din egen balance.<\/p>\n<ul>\n<li>Skr\u00e6ddersyede leasingmuligheder gennem din Animo-forhandler<\/li>\n<li>Ingen investeringsomkostninger ved k\u00f8b af kaffemaskiner<\/li>\n<li>Betal et fast bel\u00f8b pr. m\u00e5ned<\/li>\n<li>Ofte inklusive vedligeholdelse og reparationer (operationel leasing)<\/li>\n<li>Mulighed for pr\u00f8veplacering<\/li>\n<\/ul>\n                                                \n                    <\/div>\n                <\/div>\n                                        <div class=\"col-12 col-lg\">\n                    <figure class=\"figure image_reversed\">\n                        <img decoding=\"async\" width=\"491\" height=\"491\" src=\"https:\/\/animo.eu\/wp-content\/uploads\/2024\/01\/Twee-kopjes.jpg\" class=\"img-fluid\" alt=\"\" loading=\"lazy\" srcset=\"https:\/\/animo.eu\/wp-content\/uploads\/2024\/01\/Twee-kopjes.jpg 491w, https:\/\/animo.eu\/wp-content\/uploads\/2024\/01\/Twee-kopjes-300x300.jpg 300w, https:\/\/animo.eu\/wp-content\/uploads\/2024\/01\/Twee-kopjes-150x150.jpg 150w, https:\/\/animo.eu\/wp-content\/uploads\/2024\/01\/Twee-kopjes-70x70.jpg 70w, https:\/\/animo.eu\/wp-content\/uploads\/2024\/01\/Twee-kopjes-100x100.jpg 100w, https:\/\/animo.eu\/wp-content\/uploads\/2024\/01\/Twee-kopjes-350x350.jpg 350w\" sizes=\"(max-width: 491px) 100vw, 491px\" \/>                    <\/figure>\n                <\/div>\n                    <\/div>\n    <\/div>\n<\/section>\n\n<section id=\"hvordan\" class=\"pane pane--tertiary anchor\">\n    <div class=\"container\">\n        <div class=\"row g-4 g-lg-8 g-xl-15 g-xxl-20 align-items-center \">\n                            <div class=\"col-12 col-lg-6\">\n                    <div class=\"pane__text\">\n                        <h2>Hvordan kan jeg lease en kaffemaskine?<\/h2>\n<p>Vi samarbejder med et st\u00e6rkt Animo-forhandlernetv\u00e6rk i hele landet. Gennem dette forhandlernetv\u00e6rk kan vi tilbyde et samlet koncept, hvis det er n\u00f8dvendigt, fra ingredienser og service til k\u00f8b eller leasing af vores kaffemaskiner.<\/p>\n<p>Der er mulighed for, at en certificeret Animo-forhandler kan fungere som &#8220;leasingpart&#8221;, eller at et leasingselskab kan formidle dette.<\/p>\n<p>Har du sp\u00f8rgsm\u00e5l, eller er du interesseret i at lease vores kaffemaskiner? <a href=\"https:\/\/animo.eu\/da\/om_animo\/salgsadresser\/\" target=\"_blank\" rel=\"noopener\">Efterlad dine oplysninger<\/a>, og en af vores forhandlere i dit omr\u00e5de vil kontakte dig hurtigst muligt.<\/p>\n                                                \n                    <\/div>\n                <\/div>\n                                        <div class=\"col-12 col-lg\">\n                    <figure class=\"figure \">\n                        <img decoding=\"async\" width=\"491\" height=\"491\" src=\"https:\/\/animo.eu\/wp-content\/uploads\/2024\/01\/OptiBean-sfeer.jpg\" class=\"img-fluid\" alt=\"\" loading=\"lazy\" srcset=\"https:\/\/animo.eu\/wp-content\/uploads\/2024\/01\/OptiBean-sfeer.jpg 491w, https:\/\/animo.eu\/wp-content\/uploads\/2024\/01\/OptiBean-sfeer-300x300.jpg 300w, https:\/\/animo.eu\/wp-content\/uploads\/2024\/01\/OptiBean-sfeer-150x150.jpg 150w, https:\/\/animo.eu\/wp-content\/uploads\/2024\/01\/OptiBean-sfeer-70x70.jpg 70w, https:\/\/animo.eu\/wp-content\/uploads\/2024\/01\/OptiBean-sfeer-100x100.jpg 100w, https:\/\/animo.eu\/wp-content\/uploads\/2024\/01\/OptiBean-sfeer-350x350.jpg 350w\" sizes=\"(max-width: 491px) 100vw, 491px\" \/>                    <\/figure>\n                <\/div>\n                    <\/div>\n    <\/div>\n<\/section>\n\n<section id=\"vs\" class=\"pane pane--white anchor\">\n    <div class=\"container\">\n        <div class=\"row g-4 g-lg-8 g-xl-15 g-xxl-20 align-items-center flex-lg-row-reverse\">\n                            <div class=\"col-12 col-lg-6\">\n                    <div class=\"pane__text\">\n                        <h2>Operationel versus finansiel leasing<\/h2>\n<p>Den st\u00f8rste forskel er, at med operationel leasing ejer du ikke kaffemaskinen, og med finansiel leasing g\u00f8r du.<\/p>\n<p>Da du ikke ejer kaffemaskinen med operationel leasing, har du ikke ret til investeringsfradrag. Derudover er kaffemaskinen heller ikke p\u00e5 balancen. Med finansiel leasing ejer du kaffemaskinen og kan tr\u00e6kke momsen fra. Du har ret til investeringsfradrag, og kaffemaskinen st\u00e5r ogs\u00e5 p\u00e5 din balance.<\/p>\n<p>Finansiel leasing er faktisk en form for afbetalingsk\u00f8b. Du k\u00f8ber i princippet kaffemaskinen, og et leasingselskab st\u00e5r for finansieringen. I l\u00f8bet af perioden vil kaffemaskinen blive tilbagebetalt i lige store rater. I kontraktens l\u00f8betid er leasingselskabet den juridiske ejer, og brugeren er den \u00f8konomiske ejer. N\u00e5r perioden udl\u00f8ber, og alle afdrag er betalt, bliver brugeren den fulde ejer af kaffemaskinen.<\/p>\n<p>Med operationel leasing er der to muligheder efter leasingperioden:<\/p>\n<ul>\n<li>Kaffemaskinen g\u00e5r tilbage til leasingselskabet eller Animo-forhandleren.<\/li>\n<li>Du bliver din egen ejer ved at overtage kaffemaskinen for en vis sum penge.<\/li>\n<\/ul>\n<p>&nbsp;<\/p>\n                                                \n                    <\/div>\n                <\/div>\n                                        <div class=\"col-12 col-lg\">\n                    <figure class=\"figure image_reversed\">\n                        <img decoding=\"async\" width=\"491\" height=\"491\" src=\"https:\/\/animo.eu\/wp-content\/uploads\/2024\/01\/Animo-kopje.jpg\" class=\"img-fluid\" alt=\"\" loading=\"lazy\" srcset=\"https:\/\/animo.eu\/wp-content\/uploads\/2024\/01\/Animo-kopje.jpg 491w, https:\/\/animo.eu\/wp-content\/uploads\/2024\/01\/Animo-kopje-300x300.jpg 300w, https:\/\/animo.eu\/wp-content\/uploads\/2024\/01\/Animo-kopje-150x150.jpg 150w, https:\/\/animo.eu\/wp-content\/uploads\/2024\/01\/Animo-kopje-70x70.jpg 70w, https:\/\/animo.eu\/wp-content\/uploads\/2024\/01\/Animo-kopje-100x100.jpg 100w, https:\/\/animo.eu\/wp-content\/uploads\/2024\/01\/Animo-kopje-350x350.jpg 350w\" sizes=\"(max-width: 491px) 100vw, 491px\" \/>                    <\/figure>\n                <\/div>\n                    <\/div>\n    <\/div>\n<\/section>\n\n<section id=\"popul\u00e6r\" class=\"pane pane--tertiary anchor\">\n    <div class=\"container\">\n                    <div class=\"row justify-content-center mb-10\">\n                <div class=\"col-12 col-lg-10 col-xl-8\">\n                    <div class=\"pane__text\">\n                        <h2 class=\"uk-width-1-1\">Popul\u00e6re kaffemaskiner til leasing<\/h2>\n                    <\/div>\n                <\/div>\n            <\/div>\n                            <div class=\"row row--equalized g-4 g-lg-3 g-xl-6\">\n              \n                <div class=\"col-12 col-md-6 col-lg-3\">\n                    <div class=\"card card--product\">\n        <div class=\"card__image\">\n                    <img decoding=\"async\" width=\"550\" height=\"458\" src=\"https:\/\/animo.eu\/wp-content\/uploads\/2023\/06\/OptiBean-X-550x458.png\" class=\"image wp-post-image\" alt=\"\" loading=\"lazy\" srcset=\"https:\/\/animo.eu\/wp-content\/uploads\/2023\/06\/OptiBean-X-550x458.png 550w, https:\/\/animo.eu\/wp-content\/uploads\/2023\/06\/OptiBean-X-300x250.png 300w, https:\/\/animo.eu\/wp-content\/uploads\/2023\/06\/OptiBean-X-1024x852.png 1024w, https:\/\/animo.eu\/wp-content\/uploads\/2023\/06\/OptiBean-X-768x639.png 768w, https:\/\/animo.eu\/wp-content\/uploads\/2023\/06\/OptiBean-X-1536x1279.png 1536w, https:\/\/animo.eu\/wp-content\/uploads\/2023\/06\/OptiBean-X-70x58.png 70w, https:\/\/animo.eu\/wp-content\/uploads\/2023\/06\/OptiBean-X-120x100.png 120w, https:\/\/animo.eu\/wp-content\/uploads\/2023\/06\/OptiBean-X-150x125.png 150w, https:\/\/animo.eu\/wp-content\/uploads\/2023\/06\/OptiBean-X.png 1772w\" sizes=\"(max-width: 550px) 100vw, 550px\" \/>                <\/div>\n    <div class=\"card-body\">\n        <h3 class=\"card-title\">OptiBean X<\/h3>\n                    <p class=\"mb-0\">En st\u00e6rk espresso, den perfekte cappuccino, en l\u00e6kker lungo &#8211; uanset hvad du drikker, ligger den sande smag i de mindste detaljer. Det er pr\u00e6cis, hvad OptiBean X tilbyder.<\/p>\n            <\/div>\n    <div class=\"card-footer\">\n        <span class=\"btn btn-outline-secondary\">\n            <span class=\"btn__text\">Mere info<\/span>\n            <svg class=\"icon icon--20 icon--arrow\">\n                <use xlink:href=\"https:\/\/animo.eu\/wp-content\/themes\/animo\/build\/img\/symbols.svg#arrow-right\"><\/use>\n            <\/svg>\n        <\/span>\n    <\/div>\n    <a class=\"stretched-link\" href=\"https:\/\/animo.eu\/da\/kaffeautomater\/optibean-x\/\"><\/a>\n<\/div>\n                <\/div>\n              \n                <div class=\"col-12 col-md-6 col-lg-3\">\n                    <div class=\"card card--product\">\n        <div class=\"card__image\">\n                    <img decoding=\"async\" width=\"550\" height=\"458\" src=\"https:\/\/animo.eu\/wp-content\/uploads\/2023\/08\/OptiMe-met-melkkoeler-550x458.png\" class=\"image wp-post-image\" alt=\"\" loading=\"lazy\" srcset=\"https:\/\/animo.eu\/wp-content\/uploads\/2023\/08\/OptiMe-met-melkkoeler-550x458.png 550w, https:\/\/animo.eu\/wp-content\/uploads\/2023\/08\/OptiMe-met-melkkoeler-300x250.png 300w, https:\/\/animo.eu\/wp-content\/uploads\/2023\/08\/OptiMe-met-melkkoeler-1024x852.png 1024w, https:\/\/animo.eu\/wp-content\/uploads\/2023\/08\/OptiMe-met-melkkoeler-768x639.png 768w, https:\/\/animo.eu\/wp-content\/uploads\/2023\/08\/OptiMe-met-melkkoeler-1536x1279.png 1536w, https:\/\/animo.eu\/wp-content\/uploads\/2023\/08\/OptiMe-met-melkkoeler-70x58.png 70w, https:\/\/animo.eu\/wp-content\/uploads\/2023\/08\/OptiMe-met-melkkoeler-800x666.png 800w, https:\/\/animo.eu\/wp-content\/uploads\/2023\/08\/OptiMe-met-melkkoeler-120x100.png 120w, https:\/\/animo.eu\/wp-content\/uploads\/2023\/08\/OptiMe-met-melkkoeler-150x125.png 150w, https:\/\/animo.eu\/wp-content\/uploads\/2023\/08\/OptiMe-met-melkkoeler.png 1772w\" sizes=\"(max-width: 550px) 100vw, 550px\" \/>                <\/div>\n    <div class=\"card-body\">\n        <h3 class=\"card-title\">OptiMe<\/h3>\n                    <p class=\"mb-0\">Nyd en friskmalet st\u00e6rk espresso, en l\u00e6kker lungo eller en cappuccino med frisk m\u00e6lk. OptiMe kombinerer smag og udseende i et unikt personligt design.  <\/p>\n            <\/div>\n    <div class=\"card-footer\">\n        <span class=\"btn btn-outline-secondary\">\n            <span class=\"btn__text\">Mere info<\/span>\n            <svg class=\"icon icon--20 icon--arrow\">\n                <use xlink:href=\"https:\/\/animo.eu\/wp-content\/themes\/animo\/build\/img\/symbols.svg#arrow-right\"><\/use>\n            <\/svg>\n        <\/span>\n    <\/div>\n    <a class=\"stretched-link\" href=\"https:\/\/animo.eu\/da\/kaffeautomater\/optime\/\"><\/a>\n<\/div>\n                <\/div>\n              \n                <div class=\"col-12 col-md-6 col-lg-3\">\n                    <div class=\"card card--product\">\n        <div class=\"card__image\">\n                    <img decoding=\"async\" width=\"550\" height=\"458\" src=\"https:\/\/animo.eu\/wp-content\/uploads\/2023\/06\/OptiFresh-Touch-550x458.png\" class=\"image wp-post-image\" alt=\"\" loading=\"lazy\" srcset=\"https:\/\/animo.eu\/wp-content\/uploads\/2023\/06\/OptiFresh-Touch-550x458.png 550w, https:\/\/animo.eu\/wp-content\/uploads\/2023\/06\/OptiFresh-Touch-300x250.png 300w, https:\/\/animo.eu\/wp-content\/uploads\/2023\/06\/OptiFresh-Touch-1024x852.png 1024w, https:\/\/animo.eu\/wp-content\/uploads\/2023\/06\/OptiFresh-Touch-768x639.png 768w, https:\/\/animo.eu\/wp-content\/uploads\/2023\/06\/OptiFresh-Touch-1536x1279.png 1536w, https:\/\/animo.eu\/wp-content\/uploads\/2023\/06\/OptiFresh-Touch-70x58.png 70w, https:\/\/animo.eu\/wp-content\/uploads\/2023\/06\/OptiFresh-Touch-120x100.png 120w, https:\/\/animo.eu\/wp-content\/uploads\/2023\/06\/OptiFresh-Touch-150x125.png 150w, https:\/\/animo.eu\/wp-content\/uploads\/2023\/06\/OptiFresh-Touch.png 1772w\" sizes=\"(max-width: 550px) 100vw, 550px\" \/>                <\/div>\n    <div class=\"card-body\">\n        <h3 class=\"card-title\">OptiFresh<\/h3>\n                    <p class=\"mb-0\">Tillid til l\u00e6kker filterkaffe (friskbrygget) og mange varianter. Foretr\u00e6kker du smagen af friskmalede kaffeb\u00f8nner? OptiFresh leveres ogs\u00e5 med en kaffekv\u00e6rn, som maler b\u00f8nnerne og laver l\u00e6kker filterkaffe p\u00e5 ingen tid.<\/p>\n            <\/div>\n    <div class=\"card-footer\">\n        <span class=\"btn btn-outline-secondary\">\n            <span class=\"btn__text\">Mere info<\/span>\n            <svg class=\"icon icon--20 icon--arrow\">\n                <use xlink:href=\"https:\/\/animo.eu\/wp-content\/themes\/animo\/build\/img\/symbols.svg#arrow-right\"><\/use>\n            <\/svg>\n        <\/span>\n    <\/div>\n    <a class=\"stretched-link\" href=\"https:\/\/animo.eu\/da\/kaffeautomater\/optifresh\/\"><\/a>\n<\/div>\n                <\/div>\n              \n                <div class=\"col-12 col-md-6 col-lg-3\">\n                    <div class=\"card card--product\">\n        <div class=\"card__image\">\n                    <img decoding=\"async\" width=\"550\" height=\"458\" src=\"https:\/\/animo.eu\/wp-content\/uploads\/2023\/06\/OptiVend-Touch-550x458.png\" class=\"image wp-post-image\" alt=\"\" loading=\"lazy\" srcset=\"https:\/\/animo.eu\/wp-content\/uploads\/2023\/06\/OptiVend-Touch-550x458.png 550w, https:\/\/animo.eu\/wp-content\/uploads\/2023\/06\/OptiVend-Touch-300x250.png 300w, https:\/\/animo.eu\/wp-content\/uploads\/2023\/06\/OptiVend-Touch-1024x852.png 1024w, https:\/\/animo.eu\/wp-content\/uploads\/2023\/06\/OptiVend-Touch-768x639.png 768w, https:\/\/animo.eu\/wp-content\/uploads\/2023\/06\/OptiVend-Touch-1536x1279.png 1536w, https:\/\/animo.eu\/wp-content\/uploads\/2023\/06\/OptiVend-Touch-70x58.png 70w, https:\/\/animo.eu\/wp-content\/uploads\/2023\/06\/OptiVend-Touch-120x100.png 120w, https:\/\/animo.eu\/wp-content\/uploads\/2023\/06\/OptiVend-Touch-150x125.png 150w, https:\/\/animo.eu\/wp-content\/uploads\/2023\/06\/OptiVend-Touch.png 1772w\" sizes=\"(max-width: 550px) 100vw, 550px\" \/>                <\/div>\n    <div class=\"card-body\">\n        <h3 class=\"card-title\">OptiVend<\/h3>\n                    <p class=\"mb-0\">Oplev kraften i OptiVend. Nyd instantkaffe p\u00e5 f\u00e5 sekunder, perfekt i smag og temperatur. P\u00e5 et hvilket som helst tidspunkt af dagen.  <\/p>\n            <\/div>\n    <div class=\"card-footer\">\n        <span class=\"btn btn-outline-secondary\">\n            <span class=\"btn__text\">Mere info<\/span>\n            <svg class=\"icon icon--20 icon--arrow\">\n                <use xlink:href=\"https:\/\/animo.eu\/wp-content\/themes\/animo\/build\/img\/symbols.svg#arrow-right\"><\/use>\n            <\/svg>\n        <\/span>\n    <\/div>\n    <a class=\"stretched-link\" href=\"https:\/\/animo.eu\/da\/kaffeautomater\/optivend\/\"><\/a>\n<\/div>\n                <\/div>\n                        <\/div>\n                        <\/div>\n<\/section>\n","protected":false},"excerpt":{"rendered":"","protected":false},"author":21,"featured_media":44109,"parent":43613,"menu_order":42,"comment_status":"closed","ping_status":"closed","template":"","meta":{"_acf_changed":false,"footnotes":""},"class_list":["post-44059","page","type-page","status-publish","has-post-thumbnail","hentry"],"acf":[],"yoast_head":"<!-- This site is optimized with the Yoast SEO plugin v25.5 - https:\/\/yoast.com\/wordpress\/plugins\/seo\/ -->\n<title>Leasing af kaffemaskiner -<\/title>\n<meta name=\"description\" content=\"Leasing af kaffemaskiner -\" \/>\n<meta name=\"robots\" content=\"index, follow, max-snippet:-1, max-image-preview:large, max-video-preview:-1\" \/>\n<link rel=\"canonical\" href=\"https:\/\/animo.eu\/da\/om_animo\/leasing_af_kaffemaskiner\/\" \/>\n<meta property=\"og:locale\" content=\"da_DK\" \/>\n<meta property=\"og:type\" content=\"article\" \/>\n<meta property=\"og:title\" content=\"Leasing af kaffemaskiner -\" \/>\n<meta property=\"og:description\" content=\"Leasing af kaffemaskiner -\" \/>\n<meta property=\"og:url\" content=\"https:\/\/animo.eu\/da\/om_animo\/leasing_af_kaffemaskiner\/\" \/>\n<meta property=\"article:publisher\" content=\"https:\/\/www.facebook.com\/animobv\/\" \/>\n<meta property=\"article:modified_time\" content=\"2024-03-23T09:27:03+00:00\" \/>\n<meta property=\"og:image\" content=\"https:\/\/animo.eu\/wp-content\/uploads\/2024\/01\/OptiBean-sfeer.jpg\" \/>\n\t<meta property=\"og:image:width\" content=\"491\" \/>\n\t<meta property=\"og:image:height\" content=\"491\" \/>\n\t<meta property=\"og:image:type\" content=\"image\/jpeg\" \/>\n<meta name=\"twitter:card\" content=\"summary_large_image\" \/>\n<meta name=\"twitter:site\" content=\"@animokoffie\" \/>\n<meta name=\"twitter:label1\" content=\"Estimeret l\u00e6setid\" \/>\n\t<meta name=\"twitter:data1\" content=\"1 minut\" \/>\n<script type=\"application\/ld+json\" class=\"yoast-schema-graph\">{\"@context\":\"https:\/\/schema.org\",\"@graph\":[{\"@type\":\"WebPage\",\"@id\":\"https:\/\/animo.eu\/da\/om_animo\/leasing_af_kaffemaskiner\/\",\"url\":\"https:\/\/animo.eu\/da\/om_animo\/leasing_af_kaffemaskiner\/\",\"name\":\"Leasing af kaffemaskiner -\",\"isPartOf\":{\"@id\":\"https:\/\/animo.eu\/da\/#website\"},\"primaryImageOfPage\":{\"@id\":\"https:\/\/animo.eu\/da\/om_animo\/leasing_af_kaffemaskiner\/#primaryimage\"},\"image\":{\"@id\":\"https:\/\/animo.eu\/da\/om_animo\/leasing_af_kaffemaskiner\/#primaryimage\"},\"thumbnailUrl\":\"https:\/\/animo.eu\/wp-content\/uploads\/2024\/01\/OptiBean-sfeer.jpg\",\"datePublished\":\"2024-01-03T15:19:02+00:00\",\"dateModified\":\"2024-03-23T09:27:03+00:00\",\"description\":\"Leasing af kaffemaskiner -\",\"breadcrumb\":{\"@id\":\"https:\/\/animo.eu\/da\/om_animo\/leasing_af_kaffemaskiner\/#breadcrumb\"},\"inLanguage\":\"da-DK\",\"potentialAction\":[{\"@type\":\"ReadAction\",\"target\":[\"https:\/\/animo.eu\/da\/om_animo\/leasing_af_kaffemaskiner\/\"]}]},{\"@type\":\"ImageObject\",\"inLanguage\":\"da-DK\",\"@id\":\"https:\/\/animo.eu\/da\/om_animo\/leasing_af_kaffemaskiner\/#primaryimage\",\"url\":\"https:\/\/animo.eu\/wp-content\/uploads\/2024\/01\/OptiBean-sfeer.jpg\",\"contentUrl\":\"https:\/\/animo.eu\/wp-content\/uploads\/2024\/01\/OptiBean-sfeer.jpg\",\"width\":491,\"height\":491},{\"@type\":\"BreadcrumbList\",\"@id\":\"https:\/\/animo.eu\/da\/om_animo\/leasing_af_kaffemaskiner\/#breadcrumb\",\"itemListElement\":[{\"@type\":\"ListItem\",\"position\":1,\"name\":\"Home\",\"item\":\"https:\/\/animo.eu\/da\/\"},{\"@type\":\"ListItem\",\"position\":2,\"name\":\"Om Animo\",\"item\":\"https:\/\/animo.eu\/da\/om_animo\/\"},{\"@type\":\"ListItem\",\"position\":3,\"name\":\"Leasing af kaffemaskiner\"}]},{\"@type\":\"WebSite\",\"@id\":\"https:\/\/animo.eu\/da\/#website\",\"url\":\"https:\/\/animo.eu\/da\/\",\"name\":\"\",\"description\":\"\",\"potentialAction\":[{\"@type\":\"SearchAction\",\"target\":{\"@type\":\"EntryPoint\",\"urlTemplate\":\"https:\/\/animo.eu\/da\/?s={search_term_string}\"},\"query-input\":{\"@type\":\"PropertyValueSpecification\",\"valueRequired\":true,\"valueName\":\"search_term_string\"}}],\"inLanguage\":\"da-DK\"}]}<\/script>\n<!-- \/ Yoast SEO plugin. -->","yoast_head_json":{"title":"Leasing af kaffemaskiner -","description":"Leasing af kaffemaskiner -","robots":{"index":"index","follow":"follow","max-snippet":"max-snippet:-1","max-image-preview":"max-image-preview:large","max-video-preview":"max-video-preview:-1"},"canonical":"https:\/\/animo.eu\/da\/om_animo\/leasing_af_kaffemaskiner\/","og_locale":"da_DK","og_type":"article","og_title":"Leasing af kaffemaskiner -","og_description":"Leasing af kaffemaskiner -","og_url":"https:\/\/animo.eu\/da\/om_animo\/leasing_af_kaffemaskiner\/","article_publisher":"https:\/\/www.facebook.com\/animobv\/","article_modified_time":"2024-03-23T09:27:03+00:00","og_image":[{"width":491,"height":491,"url":"https:\/\/animo.eu\/wp-content\/uploads\/2024\/01\/OptiBean-sfeer.jpg","type":"image\/jpeg"}],"twitter_card":"summary_large_image","twitter_site":"@animokoffie","twitter_misc":{"Estimeret l\u00e6setid":"1 minut"},"schema":{"@context":"https:\/\/schema.org","@graph":[{"@type":"WebPage","@id":"https:\/\/animo.eu\/da\/om_animo\/leasing_af_kaffemaskiner\/","url":"https:\/\/animo.eu\/da\/om_animo\/leasing_af_kaffemaskiner\/","name":"Leasing af kaffemaskiner -","isPartOf":{"@id":"https:\/\/animo.eu\/da\/#website"},"primaryImageOfPage":{"@id":"https:\/\/animo.eu\/da\/om_animo\/leasing_af_kaffemaskiner\/#primaryimage"},"image":{"@id":"https:\/\/animo.eu\/da\/om_animo\/leasing_af_kaffemaskiner\/#primaryimage"},"thumbnailUrl":"https:\/\/animo.eu\/wp-content\/uploads\/2024\/01\/OptiBean-sfeer.jpg","datePublished":"2024-01-03T15:19:02+00:00","dateModified":"2024-03-23T09:27:03+00:00","description":"Leasing af kaffemaskiner -","breadcrumb":{"@id":"https:\/\/animo.eu\/da\/om_animo\/leasing_af_kaffemaskiner\/#breadcrumb"},"inLanguage":"da-DK","potentialAction":[{"@type":"ReadAction","target":["https:\/\/animo.eu\/da\/om_animo\/leasing_af_kaffemaskiner\/"]}]},{"@type":"ImageObject","inLanguage":"da-DK","@id":"https:\/\/animo.eu\/da\/om_animo\/leasing_af_kaffemaskiner\/#primaryimage","url":"https:\/\/animo.eu\/wp-content\/uploads\/2024\/01\/OptiBean-sfeer.jpg","contentUrl":"https:\/\/animo.eu\/wp-content\/uploads\/2024\/01\/OptiBean-sfeer.jpg","width":491,"height":491},{"@type":"BreadcrumbList","@id":"https:\/\/animo.eu\/da\/om_animo\/leasing_af_kaffemaskiner\/#breadcrumb","itemListElement":[{"@type":"ListItem","position":1,"name":"Home","item":"https:\/\/animo.eu\/da\/"},{"@type":"ListItem","position":2,"name":"Om Animo","item":"https:\/\/animo.eu\/da\/om_animo\/"},{"@type":"ListItem","position":3,"name":"Leasing af kaffemaskiner"}]},{"@type":"WebSite","@id":"https:\/\/animo.eu\/da\/#website","url":"https:\/\/animo.eu\/da\/","name":"","description":"","potentialAction":[{"@type":"SearchAction","target":{"@type":"EntryPoint","urlTemplate":"https:\/\/animo.eu\/da\/?s={search_term_string}"},"query-input":{"@type":"PropertyValueSpecification","valueRequired":true,"valueName":"search_term_string"}}],"inLanguage":"da-DK"}]}},"_links":{"self":[{"href":"https:\/\/animo.eu\/da\/wp-json\/wp\/v2\/pages\/44059"}],"collection":[{"href":"https:\/\/animo.eu\/da\/wp-json\/wp\/v2\/pages"}],"about":[{"href":"https:\/\/animo.eu\/da\/wp-json\/wp\/v2\/types\/page"}],"author":[{"embeddable":true,"href":"https:\/\/animo.eu\/da\/wp-json\/wp\/v2\/users\/21"}],"replies":[{"embeddable":true,"href":"https:\/\/animo.eu\/da\/wp-json\/wp\/v2\/comments?post=44059"}],"version-history":[{"count":7,"href":"https:\/\/animo.eu\/da\/wp-json\/wp\/v2\/pages\/44059\/revisions"}],"predecessor-version":[{"id":55196,"href":"https:\/\/animo.eu\/da\/wp-json\/wp\/v2\/pages\/44059\/revisions\/55196"}],"up":[{"embeddable":true,"href":"https:\/\/animo.eu\/da\/wp-json\/wp\/v2\/pages\/43613"}],"wp:featuredmedia":[{"embeddable":true,"href":"https:\/\/animo.eu\/da\/wp-json\/wp\/v2\/media\/44109"}],"wp:attachment":[{"href":"https:\/\/animo.eu\/da\/wp-json\/wp\/v2\/media?parent=44059"}],"curies":[{"name":"wp","href":"https:\/\/api.w.org\/{rel}","templated":true}]}}