{"id":44198,"date":"2024-01-04T10:09:18","date_gmt":"2024-01-04T09:09:18","guid":{"rendered":"https:\/\/animo.eu\/?page_id=44198"},"modified":"2024-01-17T12:45:04","modified_gmt":"2024-01-17T11:45:04","slug":"hvorfor-vaelge-animo","status":"publish","type":"page","link":"https:\/\/animo.eu\/da\/om_animo\/hvorfor-vaelge-animo\/","title":{"rendered":"Hvorfor v\u00e6lge Animo?"},"content":{"rendered":"\n<section class=\"hero\">\n    <div class=\"hero__background\">\n                                    <img fetchpriority=\"high\" decoding=\"async\" width=\"2560\" height=\"1707\" src=\"https:\/\/animo.eu\/wp-content\/uploads\/2024\/01\/OptibeanX_627-scaled.jpg\" class=\"hero__image img-fluid\" alt=\"Man in een witte blouse bedient een luxe Animo koffiemachine met een digitaal touchscreen, tegen een donkerblauwe achtergrond. Op het scherm staan verschillende koffiekeuzes. Op de afbeelding staat de tekst: &#039;Een sterke samenwerking, gebouwd op kwaliteit en betrouwbaarheid&#039;\" loading=\"eager\" srcset=\"https:\/\/animo.eu\/wp-content\/uploads\/2024\/01\/OptibeanX_627-scaled.jpg 2560w, https:\/\/animo.eu\/wp-content\/uploads\/2024\/01\/OptibeanX_627-300x200.jpg 300w, https:\/\/animo.eu\/wp-content\/uploads\/2024\/01\/OptibeanX_627-1024x683.jpg 1024w, https:\/\/animo.eu\/wp-content\/uploads\/2024\/01\/OptibeanX_627-768x512.jpg 768w, https:\/\/animo.eu\/wp-content\/uploads\/2024\/01\/OptibeanX_627-1536x1024.jpg 1536w, https:\/\/animo.eu\/wp-content\/uploads\/2024\/01\/OptibeanX_627-2048x1366.jpg 2048w, https:\/\/animo.eu\/wp-content\/uploads\/2024\/01\/OptibeanX_627-70x47.jpg 70w, https:\/\/animo.eu\/wp-content\/uploads\/2024\/01\/OptibeanX_627-550x367.jpg 550w, https:\/\/animo.eu\/wp-content\/uploads\/2024\/01\/OptibeanX_627-800x534.jpg 800w, https:\/\/animo.eu\/wp-content\/uploads\/2024\/01\/OptibeanX_627-150x100.jpg 150w\" sizes=\"(max-width: 2560px) 100vw, 2560px\" \/>                                <\/div>    \n            <div class=\"hero__content\">\n            <div class=\"container\">\n                <div class=\"row\">                    <div class=\"col-12 col-lg-9 col-xl-8\">                        <div class=\"hero__text \">\n                            <h1>Hvorfor er det bedst at v\u00e6lge Animo?<\/h1>\n                        <\/div>\n                                                \n                    <\/div>\n                <\/div>\n            <\/div>\n        <\/div>\n        <div class=\"hero__scroll\">\n        <span>Rulle<\/span>\n        <svg class=\"icon icon--20 text-secondary\">\n            <use xlink:href=\"https:\/\/animo.eu\/wp-content\/themes\/animo\/build\/img\/symbols.svg#arrow-down\"><\/use>\n        <\/svg>      \n    <\/div>\n<\/section>\n\n<section  class=\"pane pane--white \">\n    <div class=\"container\">\n        <div class=\"row justify-content-end\">\n            <div class=\"col-12 col-xl-11 offset-xl-1\">\n                <div class=\"row g-4 g-lg-8 g-xl-15 \">\n                                                                <div class=\"col-12 col-lg-7\">\n                            <ul class=\"list list--usp\">\n                                                                    <li class=\"list__item\">\n                                        <div class=\"row g-4\">\n                                            <div class=\"col-auto\">\n                                                <svg class=\"icon icon--10\">\n                                                    <use xlink:href=\"https:\/\/animo.eu\/wp-content\/themes\/animo\/build\/img\/symbols.svg#plus\"><\/use>\n                                                <\/svg>\n                                            <\/div>\n                                            <div class=\"col\">\n                                                <span>Vi har lavet f\u00f8rsteklasses kaffeudstyr siden 1950<\/span>\n                                            <\/div>\n                                        <\/div>\n                                    <\/li>\n                                                                    <li class=\"list__item\">\n                                        <div class=\"row g-4\">\n                                            <div class=\"col-auto\">\n                                                <svg class=\"icon icon--10\">\n                                                    <use xlink:href=\"https:\/\/animo.eu\/wp-content\/themes\/animo\/build\/img\/symbols.svg#plus\"><\/use>\n                                                <\/svg>\n                                            <\/div>\n                                            <div class=\"col\">\n                                                <span>Vores produkter er designet og fremstillet p\u00e5 Animos hovedkontor i Assen, Holland.<\/span>\n                                            <\/div>\n                                        <\/div>\n                                    <\/li>\n                                                                    <li class=\"list__item\">\n                                        <div class=\"row g-4\">\n                                            <div class=\"col-auto\">\n                                                <svg class=\"icon icon--10\">\n                                                    <use xlink:href=\"https:\/\/animo.eu\/wp-content\/themes\/animo\/build\/img\/symbols.svg#plus\"><\/use>\n                                                <\/svg>\n                                            <\/div>\n                                            <div class=\"col\">\n                                                <span>Vores maskiner kr\u00e6ver kun lidt vedligeholdelse og har meget f\u00e5 nedbrud.<\/span>\n                                            <\/div>\n                                        <\/div>\n                                    <\/li>\n                                                                    <li class=\"list__item\">\n                                        <div class=\"row g-4\">\n                                            <div class=\"col-auto\">\n                                                <svg class=\"icon icon--10\">\n                                                    <use xlink:href=\"https:\/\/animo.eu\/wp-content\/themes\/animo\/build\/img\/symbols.svg#plus\"><\/use>\n                                                <\/svg>\n                                            <\/div>\n                                            <div class=\"col\">\n                                                <span>Animo-maskiner holder i lang tid<\/span>\n                                            <\/div>\n                                        <\/div>\n                                    <\/li>\n                                                                    <li class=\"list__item\">\n                                        <div class=\"row g-4\">\n                                            <div class=\"col-auto\">\n                                                <svg class=\"icon icon--10\">\n                                                    <use xlink:href=\"https:\/\/animo.eu\/wp-content\/themes\/animo\/build\/img\/symbols.svg#plus\"><\/use>\n                                                <\/svg>\n                                            <\/div>\n                                            <div class=\"col\">\n                                                <span>Vores produkter er nemme at vedligeholde og bruge<\/span>\n                                            <\/div>\n                                        <\/div>\n                                    <\/li>\n                                                                    <li class=\"list__item\">\n                                        <div class=\"row g-4\">\n                                            <div class=\"col-auto\">\n                                                <svg class=\"icon icon--10\">\n                                                    <use xlink:href=\"https:\/\/animo.eu\/wp-content\/themes\/animo\/build\/img\/symbols.svg#plus\"><\/use>\n                                                <\/svg>\n                                            <\/div>\n                                            <div class=\"col\">\n                                                <span>Prisvindende design<\/span>\n                                            <\/div>\n                                        <\/div>\n                                    <\/li>\n                                                                    <li class=\"list__item\">\n                                        <div class=\"row g-4\">\n                                            <div class=\"col-auto\">\n                                                <svg class=\"icon icon--10\">\n                                                    <use xlink:href=\"https:\/\/animo.eu\/wp-content\/themes\/animo\/build\/img\/symbols.svg#plus\"><\/use>\n                                                <\/svg>\n                                            <\/div>\n                                            <div class=\"col\">\n                                                <span>Maskiner fremstillet af b\u00e6redygtige materialer af h\u00f8j kvalitet &#8211; grundlaget for vores maskiner er rustfrit st\u00e5l, som er 100 % genanvendeligt.<\/span>\n                                            <\/div>\n                                        <\/div>\n                                    <\/li>\n                                                                    <li class=\"list__item\">\n                                        <div class=\"row g-4\">\n                                            <div class=\"col-auto\">\n                                                <svg class=\"icon icon--10\">\n                                                    <use xlink:href=\"https:\/\/animo.eu\/wp-content\/themes\/animo\/build\/img\/symbols.svg#plus\"><\/use>\n                                                <\/svg>\n                                            <\/div>\n                                            <div class=\"col\">\n                                                <span>Mange maskiner har praktiske, animerede reng\u00f8ringsvejledninger<\/span>\n                                            <\/div>\n                                        <\/div>\n                                    <\/li>\n                                                                    <li class=\"list__item\">\n                                        <div class=\"row g-4\">\n                                            <div class=\"col-auto\">\n                                                <svg class=\"icon icon--10\">\n                                                    <use xlink:href=\"https:\/\/animo.eu\/wp-content\/themes\/animo\/build\/img\/symbols.svg#plus\"><\/use>\n                                                <\/svg>\n                                            <\/div>\n                                            <div class=\"col\">\n                                                <span>H\u00f8j kundetilfredshed med den bedste v\u00e6rdi for pengene<\/span>\n                                            <\/div>\n                                        <\/div>\n                                    <\/li>\n                                                                    <li class=\"list__item\">\n                                        <div class=\"row g-4\">\n                                            <div class=\"col-auto\">\n                                                <svg class=\"icon icon--10\">\n                                                    <use xlink:href=\"https:\/\/animo.eu\/wp-content\/themes\/animo\/build\/img\/symbols.svg#plus\"><\/use>\n                                                <\/svg>\n                                            <\/div>\n                                            <div class=\"col\">\n                                                <span>Animo tilbyder hurtig levering og fremragende service<\/span>\n                                            <\/div>\n                                        <\/div>\n                                    <\/li>\n                                                                    <li class=\"list__item\">\n                                        <div class=\"row g-4\">\n                                            <div class=\"col-auto\">\n                                                <svg class=\"icon icon--10\">\n                                                    <use xlink:href=\"https:\/\/animo.eu\/wp-content\/themes\/animo\/build\/img\/symbols.svg#plus\"><\/use>\n                                                <\/svg>\n                                            <\/div>\n                                            <div class=\"col\">\n                                                <span>Altid ekspertr\u00e5dgivning, hos Animo er du ikke et nummer<\/span>\n                                            <\/div>\n                                        <\/div>\n                                    <\/li>\n                                                            <\/ul>\n                        <\/div>\n                                    <\/div>\n            <\/div>\n        <\/div>\n    <\/div>\n<\/section>\n","protected":false},"excerpt":{"rendered":"","protected":false},"author":21,"featured_media":44239,"parent":43613,"menu_order":20,"comment_status":"closed","ping_status":"closed","template":"","meta":{"_acf_changed":false,"footnotes":""},"class_list":["post-44198","page","type-page","status-publish","has-post-thumbnail","hentry"],"acf":[],"yoast_head":"<!-- This site is optimized with the Yoast SEO plugin v25.5 - https:\/\/yoast.com\/wordpress\/plugins\/seo\/ -->\n<title>Hvorfor v\u00e6lge Animo? -<\/title>\n<meta name=\"description\" content=\"Hvorfor v\u00e6lge Animo? - Vi er en moderne virksomhed, der f\u00f8lger med tiden, b\u00e5de n\u00e5r det g\u00e6lder innovation, produktudvikling og -tilpasning, og n\u00e5r det g\u00e6lder tids\u00e5nd, opfattelse og forbrugerbehov.\" \/>\n<meta name=\"robots\" content=\"index, follow, max-snippet:-1, max-image-preview:large, max-video-preview:-1\" \/>\n<link rel=\"canonical\" href=\"https:\/\/animo.eu\/da\/om_animo\/hvorfor-vaelge-animo\/\" \/>\n<meta property=\"og:locale\" content=\"da_DK\" \/>\n<meta property=\"og:type\" content=\"article\" \/>\n<meta property=\"og:title\" content=\"Hvorfor v\u00e6lge Animo? -\" \/>\n<meta property=\"og:description\" content=\"Hvorfor v\u00e6lge Animo? - Vi er en moderne virksomhed, der f\u00f8lger med tiden, b\u00e5de n\u00e5r det g\u00e6lder innovation, produktudvikling og -tilpasning, og n\u00e5r det g\u00e6lder tids\u00e5nd, opfattelse og forbrugerbehov.\" \/>\n<meta property=\"og:url\" content=\"https:\/\/animo.eu\/da\/om_animo\/hvorfor-vaelge-animo\/\" \/>\n<meta property=\"article:publisher\" content=\"https:\/\/www.facebook.com\/animobv\/\" \/>\n<meta property=\"article:modified_time\" content=\"2024-01-17T11:45:04+00:00\" \/>\n<meta property=\"og:image\" content=\"https:\/\/animo.eu\/wp-content\/uploads\/2024\/01\/Alle-MVO-images-vierkant.jpg\" \/>\n\t<meta property=\"og:image:width\" content=\"491\" \/>\n\t<meta property=\"og:image:height\" content=\"491\" \/>\n\t<meta property=\"og:image:type\" content=\"image\/jpeg\" \/>\n<meta name=\"twitter:card\" content=\"summary_large_image\" \/>\n<meta name=\"twitter:site\" content=\"@animokoffie\" \/>\n<meta name=\"twitter:label1\" content=\"Estimeret l\u00e6setid\" \/>\n\t<meta name=\"twitter:data1\" content=\"1 minut\" \/>\n<script type=\"application\/ld+json\" class=\"yoast-schema-graph\">{\"@context\":\"https:\/\/schema.org\",\"@graph\":[{\"@type\":\"WebPage\",\"@id\":\"https:\/\/animo.eu\/da\/om_animo\/hvorfor-vaelge-animo\/\",\"url\":\"https:\/\/animo.eu\/da\/om_animo\/hvorfor-vaelge-animo\/\",\"name\":\"Hvorfor v\u00e6lge Animo? -\",\"isPartOf\":{\"@id\":\"https:\/\/animo.eu\/da\/#website\"},\"primaryImageOfPage\":{\"@id\":\"https:\/\/animo.eu\/da\/om_animo\/hvorfor-vaelge-animo\/#primaryimage\"},\"image\":{\"@id\":\"https:\/\/animo.eu\/da\/om_animo\/hvorfor-vaelge-animo\/#primaryimage\"},\"thumbnailUrl\":\"https:\/\/animo.eu\/wp-content\/uploads\/2024\/01\/Alle-MVO-images-vierkant.jpg\",\"datePublished\":\"2024-01-04T09:09:18+00:00\",\"dateModified\":\"2024-01-17T11:45:04+00:00\",\"description\":\"Hvorfor v\u00e6lge Animo? - Vi er en moderne virksomhed, der f\u00f8lger med tiden, b\u00e5de n\u00e5r det g\u00e6lder innovation, produktudvikling og -tilpasning, og n\u00e5r det g\u00e6lder tids\u00e5nd, opfattelse og forbrugerbehov.\",\"breadcrumb\":{\"@id\":\"https:\/\/animo.eu\/da\/om_animo\/hvorfor-vaelge-animo\/#breadcrumb\"},\"inLanguage\":\"da-DK\",\"potentialAction\":[{\"@type\":\"ReadAction\",\"target\":[\"https:\/\/animo.eu\/da\/om_animo\/hvorfor-vaelge-animo\/\"]}]},{\"@type\":\"ImageObject\",\"inLanguage\":\"da-DK\",\"@id\":\"https:\/\/animo.eu\/da\/om_animo\/hvorfor-vaelge-animo\/#primaryimage\",\"url\":\"https:\/\/animo.eu\/wp-content\/uploads\/2024\/01\/Alle-MVO-images-vierkant.jpg\",\"contentUrl\":\"https:\/\/animo.eu\/wp-content\/uploads\/2024\/01\/Alle-MVO-images-vierkant.jpg\",\"width\":491,\"height\":491},{\"@type\":\"BreadcrumbList\",\"@id\":\"https:\/\/animo.eu\/da\/om_animo\/hvorfor-vaelge-animo\/#breadcrumb\",\"itemListElement\":[{\"@type\":\"ListItem\",\"position\":1,\"name\":\"Home\",\"item\":\"https:\/\/animo.eu\/da\/\"},{\"@type\":\"ListItem\",\"position\":2,\"name\":\"Om Animo\",\"item\":\"https:\/\/animo.eu\/da\/om_animo\/\"},{\"@type\":\"ListItem\",\"position\":3,\"name\":\"Hvorfor v\u00e6lge Animo?\"}]},{\"@type\":\"WebSite\",\"@id\":\"https:\/\/animo.eu\/da\/#website\",\"url\":\"https:\/\/animo.eu\/da\/\",\"name\":\"\",\"description\":\"\",\"potentialAction\":[{\"@type\":\"SearchAction\",\"target\":{\"@type\":\"EntryPoint\",\"urlTemplate\":\"https:\/\/animo.eu\/da\/?s={search_term_string}\"},\"query-input\":{\"@type\":\"PropertyValueSpecification\",\"valueRequired\":true,\"valueName\":\"search_term_string\"}}],\"inLanguage\":\"da-DK\"}]}<\/script>\n<!-- \/ Yoast SEO plugin. -->","yoast_head_json":{"title":"Hvorfor v\u00e6lge Animo? -","description":"Hvorfor v\u00e6lge Animo? - Vi er en moderne virksomhed, der f\u00f8lger med tiden, b\u00e5de n\u00e5r det g\u00e6lder innovation, produktudvikling og -tilpasning, og n\u00e5r det g\u00e6lder tids\u00e5nd, opfattelse og forbrugerbehov.","robots":{"index":"index","follow":"follow","max-snippet":"max-snippet:-1","max-image-preview":"max-image-preview:large","max-video-preview":"max-video-preview:-1"},"canonical":"https:\/\/animo.eu\/da\/om_animo\/hvorfor-vaelge-animo\/","og_locale":"da_DK","og_type":"article","og_title":"Hvorfor v\u00e6lge Animo? -","og_description":"Hvorfor v\u00e6lge Animo? - Vi er en moderne virksomhed, der f\u00f8lger med tiden, b\u00e5de n\u00e5r det g\u00e6lder innovation, produktudvikling og -tilpasning, og n\u00e5r det g\u00e6lder tids\u00e5nd, opfattelse og forbrugerbehov.","og_url":"https:\/\/animo.eu\/da\/om_animo\/hvorfor-vaelge-animo\/","article_publisher":"https:\/\/www.facebook.com\/animobv\/","article_modified_time":"2024-01-17T11:45:04+00:00","og_image":[{"width":491,"height":491,"url":"https:\/\/animo.eu\/wp-content\/uploads\/2024\/01\/Alle-MVO-images-vierkant.jpg","type":"image\/jpeg"}],"twitter_card":"summary_large_image","twitter_site":"@animokoffie","twitter_misc":{"Estimeret l\u00e6setid":"1 minut"},"schema":{"@context":"https:\/\/schema.org","@graph":[{"@type":"WebPage","@id":"https:\/\/animo.eu\/da\/om_animo\/hvorfor-vaelge-animo\/","url":"https:\/\/animo.eu\/da\/om_animo\/hvorfor-vaelge-animo\/","name":"Hvorfor v\u00e6lge Animo? -","isPartOf":{"@id":"https:\/\/animo.eu\/da\/#website"},"primaryImageOfPage":{"@id":"https:\/\/animo.eu\/da\/om_animo\/hvorfor-vaelge-animo\/#primaryimage"},"image":{"@id":"https:\/\/animo.eu\/da\/om_animo\/hvorfor-vaelge-animo\/#primaryimage"},"thumbnailUrl":"https:\/\/animo.eu\/wp-content\/uploads\/2024\/01\/Alle-MVO-images-vierkant.jpg","datePublished":"2024-01-04T09:09:18+00:00","dateModified":"2024-01-17T11:45:04+00:00","description":"Hvorfor v\u00e6lge Animo? - Vi er en moderne virksomhed, der f\u00f8lger med tiden, b\u00e5de n\u00e5r det g\u00e6lder innovation, produktudvikling og -tilpasning, og n\u00e5r det g\u00e6lder tids\u00e5nd, opfattelse og forbrugerbehov.","breadcrumb":{"@id":"https:\/\/animo.eu\/da\/om_animo\/hvorfor-vaelge-animo\/#breadcrumb"},"inLanguage":"da-DK","potentialAction":[{"@type":"ReadAction","target":["https:\/\/animo.eu\/da\/om_animo\/hvorfor-vaelge-animo\/"]}]},{"@type":"ImageObject","inLanguage":"da-DK","@id":"https:\/\/animo.eu\/da\/om_animo\/hvorfor-vaelge-animo\/#primaryimage","url":"https:\/\/animo.eu\/wp-content\/uploads\/2024\/01\/Alle-MVO-images-vierkant.jpg","contentUrl":"https:\/\/animo.eu\/wp-content\/uploads\/2024\/01\/Alle-MVO-images-vierkant.jpg","width":491,"height":491},{"@type":"BreadcrumbList","@id":"https:\/\/animo.eu\/da\/om_animo\/hvorfor-vaelge-animo\/#breadcrumb","itemListElement":[{"@type":"ListItem","position":1,"name":"Home","item":"https:\/\/animo.eu\/da\/"},{"@type":"ListItem","position":2,"name":"Om Animo","item":"https:\/\/animo.eu\/da\/om_animo\/"},{"@type":"ListItem","position":3,"name":"Hvorfor v\u00e6lge Animo?"}]},{"@type":"WebSite","@id":"https:\/\/animo.eu\/da\/#website","url":"https:\/\/animo.eu\/da\/","name":"","description":"","potentialAction":[{"@type":"SearchAction","target":{"@type":"EntryPoint","urlTemplate":"https:\/\/animo.eu\/da\/?s={search_term_string}"},"query-input":{"@type":"PropertyValueSpecification","valueRequired":true,"valueName":"search_term_string"}}],"inLanguage":"da-DK"}]}},"_links":{"self":[{"href":"https:\/\/animo.eu\/da\/wp-json\/wp\/v2\/pages\/44198"}],"collection":[{"href":"https:\/\/animo.eu\/da\/wp-json\/wp\/v2\/pages"}],"about":[{"href":"https:\/\/animo.eu\/da\/wp-json\/wp\/v2\/types\/page"}],"author":[{"embeddable":true,"href":"https:\/\/animo.eu\/da\/wp-json\/wp\/v2\/users\/21"}],"replies":[{"embeddable":true,"href":"https:\/\/animo.eu\/da\/wp-json\/wp\/v2\/comments?post=44198"}],"version-history":[{"count":3,"href":"https:\/\/animo.eu\/da\/wp-json\/wp\/v2\/pages\/44198\/revisions"}],"predecessor-version":[{"id":44257,"href":"https:\/\/animo.eu\/da\/wp-json\/wp\/v2\/pages\/44198\/revisions\/44257"}],"up":[{"embeddable":true,"href":"https:\/\/animo.eu\/da\/wp-json\/wp\/v2\/pages\/43613"}],"wp:featuredmedia":[{"embeddable":true,"href":"https:\/\/animo.eu\/da\/wp-json\/wp\/v2\/media\/44239"}],"wp:attachment":[{"href":"https:\/\/animo.eu\/da\/wp-json\/wp\/v2\/media?parent=44198"}],"curies":[{"name":"wp","href":"https:\/\/api.w.org\/{rel}","templated":true}]}}