{"id":44270,"date":"2023-03-09T13:45:33","date_gmt":"2023-03-09T12:45:33","guid":{"rendered":"https:\/\/animo.eu\/generelle-leveringsbetingelser\/"},"modified":"2024-01-05T16:26:40","modified_gmt":"2024-01-05T15:26:40","slug":"generelle-leveringsbetingelser","status":"publish","type":"page","link":"https:\/\/animo.eu\/da\/generelle-leveringsbetingelser\/","title":{"rendered":"Generelle leveringsbetingelser"},"content":{"rendered":"\n<section  class=\"pane pane--white \">\n    <div class=\"container\">\n        <div class=\"row g-4 g-lg-8 g-xl-15 justify-content-center\">\n                                                <div class=\"col-12 col-lg-6\">\n                        <div class=\"pane__text\">\n                            <h1>Generelle leverings- og betalingsbetingelser Animo B.V.<\/h1>\n<p><strong>For generelle leverings- og betalingsbetingelser for Animo Belgium BV, se <a class=\"uk-button uk-button-black\" href=\"https:\/\/animo.eu\/algemene-voorwaarden\/algemene-leveringsvoorwaarden-animo-belgium-bv\/\">HER<\/a><\/strong><\/p>\n<ol>\n<li><strong>Generelt<\/strong><br \/>\nDet f\u00f8lgende indeholder de generelle leverings- og betalingsbetingelser for Animo B.V., i det f\u00f8lgende ben\u00e6vnt &#8220;s\u00e6lger&#8221;. Kunden, k\u00f8beren, omtales i det f\u00f8lgende altid som &#8220;k\u00f8ber&#8221;.<\/li>\n<li><strong>Anvendelighed<\/strong><br \/>\n2.1 Disse generelle vilk\u00e5r og betingelser g\u00e6lder for alle tilbud og aftaler fra s\u00e6lger.<br \/>\n2.2 Kun disse generelle vilk\u00e5r og betingelser g\u00e6lder for alle tilbud og aftaler fra s\u00e6lgeren. K\u00f8bers indk\u00f8bsbetingelser afvises udtrykkeligt og er ikke g\u00e6ldende, medmindre de udtrykkeligt og skriftligt er accepteret af s\u00e6lger.<\/li>\n<li><strong>Tilbud og accept<\/strong><br \/>\n3.1 Alle tilbud fra s\u00e6lger er uforpligtende. En k\u00f8bsaftale anses for at v\u00e6re indg\u00e5et p\u00e5 det tidspunkt, hvor s\u00e6lgeren skriftligt bekr\u00e6fter ordren, eller s\u00e6lgeren har p\u00e5begyndt udf\u00f8relsen af den.<br \/>\n3.2 Hvis k\u00f8beren ikke protesterer mod indholdet af ordrebekr\u00e6ftelsen inden for 24 timer efter modtagelsen, anses k\u00f8beren for at have accepteret den.<br \/>\n3.3 Aftaler, der afviger fra ovenst\u00e5ende leverings- og betalingsbetingelser, og som er indg\u00e5et med\/eller indg\u00e5et af medarbejdere hos k\u00f8ber, er kun bindende, s\u00e5fremt de er skriftligt bekr\u00e6ftet af s\u00e6lgers direkt\u00f8r.<\/li>\n<li><strong>Leveringstider<\/strong><br \/>\nDe angivne leveringstider er aldrig at betragte som deadlines, medmindre andet udtrykkeligt er aftalt skriftligt. I tilf\u00e6lde af forsinket levering skal s\u00e6lgeren have skriftlig meddelelse om misligholdelse.<\/li>\n<li><strong>Levering og risiko<\/strong><br \/>\n5.1 Levering skal ske til k\u00f8bers bop\u00e6l\/virksomhed, medmindre andet er aftalt.<br \/>\n5.2 Ordrer over EUR 300,- netto fakturav\u00e6rdi eksklusive moms vil blive leveret fragtfrit; for ordrer under EUR 300,- netto fakturav\u00e6rdi eksklusive moms skal transportomkostningerne afholdes af k\u00f8beren. Der vil altid blive opkr\u00e6vet et ekstra gebyr p\u00e5 15 EUR for ekspres-, ekspres- og pakkeforsendelser.<br \/>\n5.3 Transport af varerne sker som udgangspunkt p\u00e5 s\u00e6lgers risiko. S\u00e6lgers ansvar er til enhver tid begr\u00e6nset til den d\u00e6kning\/erstatning, som de relevante transportforsikringsselskaber yder til s\u00e6lger.<br \/>\n5.4 Leveringstidspunktet er det tidspunkt, hvor varerne losses\/afl\u00e6sses (den faktiske overf\u00f8rsel). Risikoen for varerne overg\u00e5r derefter til k\u00f8beren.<\/li>\n<li><strong>Accept<\/strong><br \/>\n6.1 K\u00f8ber er til enhver tid forpligtet til at aftage de bestilte varer, og i tilf\u00e6lde af afvisning b\u00e6rer k\u00f8ber risikoen og omkostningerne ved returfragt, opbevaring og\/eller andre n\u00f8dvendige omkostninger.<br \/>\n6.2 Efter at k\u00f8ber har afvist varen \u00e9n gang, kan s\u00e6lger, inden anden levering finder sted, kr\u00e6ve, at k\u00f8ber betaler k\u00f8besummen med alle forfaldne omkostninger, herunder retslige og udenretslige inkassoomkostninger.<br \/>\n6.3 Hvis s\u00e6lgeren p\u00e5 grund af omst\u00e6ndigheder beskrevet i denne artikel foretager en anden levering, skal transporten af varerne ske for k\u00f8bers regning og risiko.<\/li>\n<li><strong>Force majeure<\/strong><br \/>\n7.1 Uforudsete omst\u00e6ndigheder, der med rimelighed forhindrer levering eller rettidig levering af varerne, giver s\u00e6lgeren ret til at oph\u00e6ve aftalen helt eller delvist eller til at forl\u00e6nge leveringsperioden efter omst\u00e6ndighederne med h\u00f8jst 6 m\u00e5neder, uden at det ber\u00f8rer retten til at oph\u00e6ve som n\u00e6vnt ovenfor p\u00e5 et senere tidspunkt i denne periode. K\u00f8ber er ikke berettiget til erstatning og\/eller oph\u00e6velse i tilf\u00e6lde af force majeure.<br \/>\n7.2 Uforudsete omst\u00e6ndigheder som n\u00e6vnt i pkt. 7.1 omfatter bl.a:<br \/>\na. krig eller opr\u00f8r;<br \/>\nb. manglende (rettidig) eller ukorrekt modtagelse af dele eller genstande fra s\u00e6lgers leverand\u00f8rer;<br \/>\nc. ild;<br \/>\nd. maskinfejl;<br \/>\ne. strejke;<br \/>\nog endvidere alle omst\u00e6ndigheder, som uden s\u00e6lgers skyld med rimelighed vanskeligg\u00f8r varens levering eller rettidige levering.<\/li>\n<li><strong>Priser<\/strong><br \/>\n8.1 Alle priser er eksklusive moms og bortskaffelsesbidrag, hvor det er relevant.<br \/>\nIkke inkluderet i priserne er omkostninger til placering og installation af varerne og omkostninger til transport som n\u00e6vnt i artikel 5.2 i disse vilk\u00e5r og betingelser.<br \/>\n8.2 S\u00e6lgers tilbud er uforpligtende. Priserne i s\u00e6lgers prisliste kan fraviges af s\u00e6lger uden forudg\u00e5ende varsel.<\/li>\n<li><strong>Klager<\/strong><br \/>\n9.1 S\u00e5fremt det leverede ikke er i overensstemmelse med aftalen, er k\u00f8ber forpligtet til inden 8 dage efter modtagelsen at give s\u00e6lger skriftlig meddelelse herom med n\u00f8jagtig angivelse af reklamationens art og begrundelse samt de p\u00e5g\u00e6ldende maskiners\/delsers varenumre. Efter fristens udl\u00f8b anses k\u00f8ber for at have accepteret og godkendt de leverede varer.<br \/>\n9.2 Hvis de leverede varer tages tilbage af s\u00e6lger, vil der blive opkr\u00e6vet administrations- og h\u00e5ndteringsomkostninger, som er fastsat til 10% af nettofakturav\u00e6rdien med et minimum p\u00e5 EUR 15. Hvis k\u00f8ber allerede har betalt k\u00f8besummen, fratr\u00e6kkes de f\u00f8rn\u00e6vnte administrations- og ekspeditionsgebyrer k\u00f8besummen.<br \/>\n9.3 Returnering af leverede varer, uanset \u00e5rsag, kan kun ske fragtfrit, hvis varerne er ubrugte og ubeskadigede, og S\u00e6lger udtrykkeligt har accepteret at returnere varerne ved at tildele et &#8220;Return With Authorisation Number&#8221;.<br \/>\n9.4 Varer, der returneres til s\u00e6lger i strid med bestemmelserne i punkt 9.3 eller uden angivelse af &#8220;Return With Authorisation Number&#8221;, vil blive afvist og returneret for k\u00f8bers regning.<br \/>\n9.5 Bestemmelserne i denne artikel p\u00e5virker ikke k\u00f8bers rettigheder i henhold til loven i tilf\u00e6lde af skjulte mangler i de leverede varer. K\u00f8beren er forpligtet til at rapportere skjulte mangler skriftligt til s\u00e6lgeren s\u00e5 hurtigt som muligt, men under alle omst\u00e6ndigheder senest otte dage efter at v\u00e6re blevet opm\u00e6rksom p\u00e5 dem.<\/li>\n<li><strong>Garanti<\/strong><br \/>\n10.1 S\u00e6lgeren garanterer elektriske og mekaniske dele p\u00e5 terminaludstyr produceret under Animo-m\u00e6rket i 24 m\u00e5neder fra leveringsdatoen. For alle andre dele og artikler, der ikke er fremstillet af Animo, som f.eks. vandfiltre, g\u00e6lder en garantiperiode p\u00e5 12 m\u00e5neder fra levering. Defekter, der skyldes normal slitage af dele, forkert brug, forkalkning eller uagtsom vedligeholdelse, er ikke d\u00e6kket af garantien. Garantien g\u00e6lder heller ikke for inderflasker af glas, m\u00e5leglas og glaskander.<br \/>\n10.2 Ansvaret under denne garanti er begr\u00e6nset til levering af de dele, der skal repareres, uden beregning. Garantien p\u00e5 arbejde udf\u00f8rt som f\u00f8lge af reparation er tre m\u00e5neder fra leveringsdatoen. Omkostninger til (af)montering, arbejdskraft og tilkald vil altid blive opkr\u00e6vet efter disse tre m\u00e5neder.<br \/>\n10.3 Defekte dele skal returneres af k\u00f8beren til s\u00e6lgeren fragtfrit med angivelse af &#8220;Return With Authorisation Number&#8221;, som n\u00e6vnt i artikel 9 i disse vilk\u00e5r og betingelser, samt maskinens type og serienummer.<br \/>\n10.4 Ovenst\u00e5ende garanti g\u00e6lder kun, hvis k\u00f8beren har opfyldt alle sine forpligtelser over for s\u00e6lgeren.<\/li>\n<li><strong>Ansvar<\/strong><br \/>\n11.1 S\u00e6lger er ikke ansvarlig for (f\u00f8lgerne af) manglende eller forsinket levering af varer, for s\u00e5 vidt dette skyldes uforudsete omst\u00e6ndigheder som n\u00e6vnt i artikel 7 i disse vilk\u00e5r og betingelser.<br \/>\n11.2 S\u00e6lger er ikke ansvarlig, herunder i henhold til ovenst\u00e5ende garanti, for skader som f\u00f8lge af:<br \/>\na. fejlagtig opbevaring eller h\u00e5ndtering af de leverede varer fra k\u00f8bers side;<br \/>\nb. k\u00f8bers eller andre brugeres usagkyndige og\/eller ukorrekte brug af de leverede varer;<br \/>\nc. fors\u00f8mmelse af vedligeholdelse af de leverede varer fra k\u00f8bers eller andre brugeres side;<br \/>\nd. reparationer, udskiftninger eller \u00e6ndringer udf\u00f8rt af andre personer end dem, der er autoriseret af s\u00e6lgeren, medmindre s\u00e6lgeren har givet sit forudg\u00e5ende samtykke;<br \/>\ne. forkert installation af varerne, eller ikke i overensstemmelse med de instruktioner, der er leveret af s\u00e6lgeren.<br \/>\n11.3 Hvis s\u00e6lgeren p\u00e5 trods af ovenst\u00e5ende er ansvarlig for (f\u00f8lgerne af) manglende levering, manglende rettidig levering eller manglende korrekt levering, er han kun forpligtet til at erstatte den skade, der er en direkte f\u00f8lge af hans fors\u00f8mmelse. Under alle omst\u00e6ndigheder er s\u00e6lger ikke forpligtet til at erstatte f\u00f8lgeskader, herunder bl.a. drifts- og f\u00f8lgeskader, indirekte skader og skader som f\u00f8lge af tabt fortjeneste.<br \/>\n11.4 S\u00e6lgers forpligtelse til at betale skadeserstatning kan aldrig overstige fakturav\u00e6rdien af de leverede varer.<\/li>\n<li><strong>Betaling<\/strong><br \/>\n12.1 Betaling skal ske kontant ved levering af varerne. Kontant betaling omfatter ogs\u00e5 kreditering af det skyldige bel\u00f8b p\u00e5 en bank- eller girokonto, som s\u00e6lgeren har angivet p\u00e5 leveringstidspunktet, eller udlevering af garanterede girobetalingskort eller bankchecks.<br \/>\n12.2 Hvis parterne har fravalgt kontant betaling, skal betaling ske senest 30 dage efter fakturadato. Betalingsperioden skal betragtes som en frist.<br \/>\n12.3 S\u00e5fremt k\u00f8ber undlader at opfylde en eller flere betalingsforpligtelser, eller undlader at g\u00f8re det rettidigt eller fuldt ud, vil k\u00f8ber skylde s\u00e6lger renter af alle forsinkede betalinger p\u00e5 1,5% pr. m\u00e5ned fra forfaldsdatoen, hvor en del af en m\u00e5ned t\u00e6ller som en hel m\u00e5ned. K\u00f8ber er ogs\u00e5 ansvarlig for alle omkostninger, s\u00e5som inkassoomkostninger, retslige og udenretslige omkostninger, for\u00e5rsaget af k\u00f8bers manglende, utidige eller ukorrekte opfyldelse af sine forpligtelser. I tilf\u00e6lde af manglende, forsinket eller ufuldst\u00e6ndig betaling er s\u00e6lger endvidere berettiget til at kr\u00e6ve kontant betaling fra k\u00f8ber for efterf\u00f8lgende leverancer.<br \/>\n12.4 K\u00f8ber kan aldrig p\u00e5ber\u00e5be sig modregning i forbindelse med betaling.<\/li>\n<li><strong>Forbehold for ejendomsret<\/strong><br \/>\nEjendomsretten til alle varer, som s\u00e6lger har solgt til k\u00f8ber, forbliver hos s\u00e6lger, s\u00e5 l\u00e6nge k\u00f8ber ikke har betalt s\u00e6lgers krav i henhold til denne eller lignende aftaler, og s\u00e5 l\u00e6nge k\u00f8ber ikke har betalt s\u00e6lgers krav for manglende opfyldelse af s\u00e5danne forpligtelser, herunder krav vedr\u00f8rende renter og omkostninger. K\u00f8ber skal p\u00e5 f\u00f8rste anmodning give s\u00e6lger mulighed for at f\u00e5 de af s\u00e6lger leverede varer tilbage fra k\u00f8ber.<\/li>\n<li><strong>Tvister<\/strong><br \/>\n14.1 Alle s\u00e6lgers aftaler er udelukkende underlagt hollandsk lov.<br \/>\n14.2 Tvister afg\u00f8res af retten p\u00e5 det sted, som s\u00e6lger har valgt.<br \/>\n15.<\/li>\n<li><strong>Depot<\/strong><br \/>\nDisse vilk\u00e5r og betingelser er arkiveret hos handels- og industrikammeret i Meppel nummer 04016432.<\/li>\n<\/ol>\n                                                    <\/div>\n                    <\/div>\n                                    <\/div>\n    <\/div>\n<\/section>\n","protected":false},"excerpt":{"rendered":"","protected":false},"author":1,"featured_media":0,"parent":0,"menu_order":80,"comment_status":"closed","ping_status":"closed","template":"","meta":{"_acf_changed":false,"footnotes":""},"class_list":["post-44270","page","type-page","status-publish","hentry"],"acf":[],"yoast_head":"<!-- This site is optimized with the Yoast SEO plugin v25.5 - https:\/\/yoast.com\/wordpress\/plugins\/seo\/ -->\n<title>Generelle leveringsbetingelser -<\/title>\n<meta name=\"description\" content=\"Generelle leveringsbetingelser -\" \/>\n<meta name=\"robots\" content=\"index, follow, max-snippet:-1, max-image-preview:large, max-video-preview:-1\" \/>\n<link rel=\"canonical\" href=\"https:\/\/animo.eu\/da\/generelle-leveringsbetingelser\/\" \/>\n<meta property=\"og:locale\" content=\"da_DK\" \/>\n<meta property=\"og:type\" content=\"article\" \/>\n<meta property=\"og:title\" content=\"Generelle leveringsbetingelser -\" \/>\n<meta property=\"og:description\" content=\"Generelle leveringsbetingelser -\" \/>\n<meta property=\"og:url\" content=\"https:\/\/animo.eu\/da\/generelle-leveringsbetingelser\/\" \/>\n<meta property=\"article:publisher\" content=\"https:\/\/www.facebook.com\/animobv\/\" \/>\n<meta property=\"article:modified_time\" content=\"2024-01-05T15:26:40+00:00\" \/>\n<meta property=\"og:image\" content=\"https:\/\/animo.eu\/wp-content\/uploads\/2023\/06\/animo-dedicated-logo.png\" \/>\n\t<meta property=\"og:image:width\" content=\"1000\" \/>\n\t<meta property=\"og:image:height\" content=\"364\" \/>\n\t<meta property=\"og:image:type\" content=\"image\/png\" \/>\n<meta name=\"twitter:card\" content=\"summary_large_image\" \/>\n<meta name=\"twitter:site\" content=\"@animokoffie\" \/>\n<script type=\"application\/ld+json\" class=\"yoast-schema-graph\">{\"@context\":\"https:\/\/schema.org\",\"@graph\":[{\"@type\":\"WebPage\",\"@id\":\"https:\/\/animo.eu\/da\/generelle-leveringsbetingelser\/\",\"url\":\"https:\/\/animo.eu\/da\/generelle-leveringsbetingelser\/\",\"name\":\"Generelle leveringsbetingelser -\",\"isPartOf\":{\"@id\":\"https:\/\/animo.eu\/da\/#website\"},\"datePublished\":\"2023-03-09T12:45:33+00:00\",\"dateModified\":\"2024-01-05T15:26:40+00:00\",\"description\":\"Generelle leveringsbetingelser -\",\"breadcrumb\":{\"@id\":\"https:\/\/animo.eu\/da\/generelle-leveringsbetingelser\/#breadcrumb\"},\"inLanguage\":\"da-DK\",\"potentialAction\":[{\"@type\":\"ReadAction\",\"target\":[\"https:\/\/animo.eu\/da\/generelle-leveringsbetingelser\/\"]}]},{\"@type\":\"BreadcrumbList\",\"@id\":\"https:\/\/animo.eu\/da\/generelle-leveringsbetingelser\/#breadcrumb\",\"itemListElement\":[{\"@type\":\"ListItem\",\"position\":1,\"name\":\"Home\",\"item\":\"https:\/\/animo.eu\/da\/\"},{\"@type\":\"ListItem\",\"position\":2,\"name\":\"Generelle leveringsbetingelser\"}]},{\"@type\":\"WebSite\",\"@id\":\"https:\/\/animo.eu\/da\/#website\",\"url\":\"https:\/\/animo.eu\/da\/\",\"name\":\"\",\"description\":\"\",\"potentialAction\":[{\"@type\":\"SearchAction\",\"target\":{\"@type\":\"EntryPoint\",\"urlTemplate\":\"https:\/\/animo.eu\/da\/?s={search_term_string}\"},\"query-input\":{\"@type\":\"PropertyValueSpecification\",\"valueRequired\":true,\"valueName\":\"search_term_string\"}}],\"inLanguage\":\"da-DK\"}]}<\/script>\n<!-- \/ Yoast SEO plugin. -->","yoast_head_json":{"title":"Generelle leveringsbetingelser -","description":"Generelle leveringsbetingelser -","robots":{"index":"index","follow":"follow","max-snippet":"max-snippet:-1","max-image-preview":"max-image-preview:large","max-video-preview":"max-video-preview:-1"},"canonical":"https:\/\/animo.eu\/da\/generelle-leveringsbetingelser\/","og_locale":"da_DK","og_type":"article","og_title":"Generelle leveringsbetingelser -","og_description":"Generelle leveringsbetingelser -","og_url":"https:\/\/animo.eu\/da\/generelle-leveringsbetingelser\/","article_publisher":"https:\/\/www.facebook.com\/animobv\/","article_modified_time":"2024-01-05T15:26:40+00:00","og_image":[{"width":1000,"height":364,"url":"https:\/\/animo.eu\/wp-content\/uploads\/2023\/06\/animo-dedicated-logo.png","type":"image\/png"}],"twitter_card":"summary_large_image","twitter_site":"@animokoffie","schema":{"@context":"https:\/\/schema.org","@graph":[{"@type":"WebPage","@id":"https:\/\/animo.eu\/da\/generelle-leveringsbetingelser\/","url":"https:\/\/animo.eu\/da\/generelle-leveringsbetingelser\/","name":"Generelle leveringsbetingelser -","isPartOf":{"@id":"https:\/\/animo.eu\/da\/#website"},"datePublished":"2023-03-09T12:45:33+00:00","dateModified":"2024-01-05T15:26:40+00:00","description":"Generelle leveringsbetingelser -","breadcrumb":{"@id":"https:\/\/animo.eu\/da\/generelle-leveringsbetingelser\/#breadcrumb"},"inLanguage":"da-DK","potentialAction":[{"@type":"ReadAction","target":["https:\/\/animo.eu\/da\/generelle-leveringsbetingelser\/"]}]},{"@type":"BreadcrumbList","@id":"https:\/\/animo.eu\/da\/generelle-leveringsbetingelser\/#breadcrumb","itemListElement":[{"@type":"ListItem","position":1,"name":"Home","item":"https:\/\/animo.eu\/da\/"},{"@type":"ListItem","position":2,"name":"Generelle leveringsbetingelser"}]},{"@type":"WebSite","@id":"https:\/\/animo.eu\/da\/#website","url":"https:\/\/animo.eu\/da\/","name":"","description":"","potentialAction":[{"@type":"SearchAction","target":{"@type":"EntryPoint","urlTemplate":"https:\/\/animo.eu\/da\/?s={search_term_string}"},"query-input":{"@type":"PropertyValueSpecification","valueRequired":true,"valueName":"search_term_string"}}],"inLanguage":"da-DK"}]}},"_links":{"self":[{"href":"https:\/\/animo.eu\/da\/wp-json\/wp\/v2\/pages\/44270"}],"collection":[{"href":"https:\/\/animo.eu\/da\/wp-json\/wp\/v2\/pages"}],"about":[{"href":"https:\/\/animo.eu\/da\/wp-json\/wp\/v2\/types\/page"}],"author":[{"embeddable":true,"href":"https:\/\/animo.eu\/da\/wp-json\/wp\/v2\/users\/1"}],"replies":[{"embeddable":true,"href":"https:\/\/animo.eu\/da\/wp-json\/wp\/v2\/comments?post=44270"}],"version-history":[{"count":2,"href":"https:\/\/animo.eu\/da\/wp-json\/wp\/v2\/pages\/44270\/revisions"}],"predecessor-version":[{"id":44758,"href":"https:\/\/animo.eu\/da\/wp-json\/wp\/v2\/pages\/44270\/revisions\/44758"}],"wp:attachment":[{"href":"https:\/\/animo.eu\/da\/wp-json\/wp\/v2\/media?parent=44270"}],"curies":[{"name":"wp","href":"https:\/\/api.w.org\/{rel}","templated":true}]}}