{"id":50789,"date":"2024-02-05T11:48:20","date_gmt":"2024-02-05T10:48:20","guid":{"rendered":"https:\/\/animo.eu\/udstillingskalender\/"},"modified":"2026-02-27T12:18:23","modified_gmt":"2026-02-27T11:18:23","slug":"udstillingskalender","status":"publish","type":"page","link":"https:\/\/animo.eu\/da\/udstillingskalender\/","title":{"rendered":"Udstillingskalender"},"content":{"rendered":"\n<section  class=\"pane pane--white \">\n    <div class=\"container\">\n        <div class=\"row g-4 g-lg-8 g-xl-15 g-xxl-20  \">\n                            <div class=\"col-12 col-lg-6\">\n                    <div class=\"pane__text\">\n                        <h2 class=\"paragraph-title\">Hvor kan du finde os?<\/h2>\n<p>Du kan finde Animo p\u00e5 de messer, der er anf\u00f8rt nedenfor.<\/p>\n<p>Det er selvf\u00f8lgelig ogs\u00e5 muligt at bes\u00f8ge vores showroom i Assen eller en af <a href=\"https:\/\/animo.eu\/da\/om_animo\/salgsadresser\/\">vores forhandlere<\/a> i hele landet. Du kan <a href=\"https:\/\/animo.eu\/da\/kontakt\/\">kontakte os<\/a> med henblik p\u00e5 dette.<\/p>\n                                                \n                    <\/div>\n                <\/div>\n                                <\/div>\n    <\/div>\n<\/section>\n\n\n\n<section  class=\"pane pane--table pane--white \">\n    <div class=\"container\">\n        <div class=\"row\">\n            <div class=\"col-12\">\n                                                                            \n\n<figure class=\"wp-block-table is-style-stripes\"><table><thead><tr><th>Dato<\/th><th>Fair<\/th><th>Placering<\/th><th>Land<\/th><th>Nummer p\u00e5 stand<\/th><\/tr><\/thead><tbody><tr><td>12 &#8211; 15 januar<\/td><td><a href=\"https:\/\/www.horecava.nl\/\">Horecava<\/a><\/td><td>Amsterdam<\/td><td>Holland<\/td><td>12.230<\/td><\/tr><tr><td>13 &#8211; 17 marts<\/td><td><a href=\"https:\/\/www.internorga.com\/en\/\">Internorga<\/a><\/td><td>Hamborg<\/td><td>Tyskland<\/td><td>A4.116<\/td><\/tr><tr><td>22 &#8211; 23 april<\/td><td><a href=\"https:\/\/www.health-care.be\/inspire-health-care\/\">Inspire Health &amp; Care<\/a><\/td><td>Gent<\/td><td>Belgien<\/td><td>1255<\/td><\/tr><\/tbody><\/table><\/figure>\n\n\n                            <\/div>\n        <\/div>\n    <\/div>\n<\/section>\n","protected":false},"excerpt":{"rendered":"","protected":false},"author":21,"featured_media":53241,"parent":0,"menu_order":6,"comment_status":"closed","ping_status":"closed","template":"","meta":{"_acf_changed":false,"footnotes":""},"class_list":["post-50789","page","type-page","status-publish","has-post-thumbnail","hentry"],"acf":[],"yoast_head":"<!-- This site is optimized with the Yoast SEO plugin v25.5 - https:\/\/yoast.com\/wordpress\/plugins\/seo\/ -->\n<title>Udstillingskalender -<\/title>\n<meta name=\"description\" content=\"Udstillingskalender -\" \/>\n<meta name=\"robots\" content=\"index, follow, max-snippet:-1, max-image-preview:large, max-video-preview:-1\" \/>\n<link rel=\"canonical\" href=\"https:\/\/animo.eu\/da\/udstillingskalender\/\" \/>\n<meta property=\"og:locale\" content=\"da_DK\" \/>\n<meta property=\"og:type\" content=\"article\" \/>\n<meta property=\"og:title\" content=\"Udstillingskalender -\" \/>\n<meta property=\"og:description\" content=\"Udstillingskalender -\" \/>\n<meta property=\"og:url\" content=\"https:\/\/animo.eu\/da\/udstillingskalender\/\" \/>\n<meta property=\"article:publisher\" content=\"https:\/\/www.facebook.com\/animobv\/\" \/>\n<meta property=\"article:modified_time\" content=\"2026-02-27T11:18:23+00:00\" \/>\n<meta property=\"og:image\" content=\"https:\/\/animo.eu\/wp-content\/uploads\/2024\/02\/Beurzen.jpg\" \/>\n\t<meta property=\"og:image:width\" content=\"1772\" \/>\n\t<meta property=\"og:image:height\" content=\"1475\" \/>\n\t<meta property=\"og:image:type\" content=\"image\/jpeg\" \/>\n<meta name=\"twitter:card\" content=\"summary_large_image\" \/>\n<meta name=\"twitter:site\" content=\"@animokoffie\" \/>\n<meta name=\"twitter:label1\" content=\"Estimeret l\u00e6setid\" \/>\n\t<meta name=\"twitter:data1\" content=\"1 minut\" \/>\n<script type=\"application\/ld+json\" class=\"yoast-schema-graph\">{\"@context\":\"https:\/\/schema.org\",\"@graph\":[{\"@type\":\"WebPage\",\"@id\":\"https:\/\/animo.eu\/da\/udstillingskalender\/\",\"url\":\"https:\/\/animo.eu\/da\/udstillingskalender\/\",\"name\":\"Udstillingskalender -\",\"isPartOf\":{\"@id\":\"https:\/\/animo.eu\/da\/#website\"},\"primaryImageOfPage\":{\"@id\":\"https:\/\/animo.eu\/da\/udstillingskalender\/#primaryimage\"},\"image\":{\"@id\":\"https:\/\/animo.eu\/da\/udstillingskalender\/#primaryimage\"},\"thumbnailUrl\":\"https:\/\/animo.eu\/wp-content\/uploads\/2024\/02\/Beurzen.jpg\",\"datePublished\":\"2024-02-05T10:48:20+00:00\",\"dateModified\":\"2026-02-27T11:18:23+00:00\",\"description\":\"Udstillingskalender -\",\"breadcrumb\":{\"@id\":\"https:\/\/animo.eu\/da\/udstillingskalender\/#breadcrumb\"},\"inLanguage\":\"da-DK\",\"potentialAction\":[{\"@type\":\"ReadAction\",\"target\":[\"https:\/\/animo.eu\/da\/udstillingskalender\/\"]}]},{\"@type\":\"ImageObject\",\"inLanguage\":\"da-DK\",\"@id\":\"https:\/\/animo.eu\/da\/udstillingskalender\/#primaryimage\",\"url\":\"https:\/\/animo.eu\/wp-content\/uploads\/2024\/02\/Beurzen.jpg\",\"contentUrl\":\"https:\/\/animo.eu\/wp-content\/uploads\/2024\/02\/Beurzen.jpg\",\"width\":1772,\"height\":1475},{\"@type\":\"BreadcrumbList\",\"@id\":\"https:\/\/animo.eu\/da\/udstillingskalender\/#breadcrumb\",\"itemListElement\":[{\"@type\":\"ListItem\",\"position\":1,\"name\":\"Home\",\"item\":\"https:\/\/animo.eu\/da\/\"},{\"@type\":\"ListItem\",\"position\":2,\"name\":\"Udstillingskalender\"}]},{\"@type\":\"WebSite\",\"@id\":\"https:\/\/animo.eu\/da\/#website\",\"url\":\"https:\/\/animo.eu\/da\/\",\"name\":\"\",\"description\":\"\",\"potentialAction\":[{\"@type\":\"SearchAction\",\"target\":{\"@type\":\"EntryPoint\",\"urlTemplate\":\"https:\/\/animo.eu\/da\/?s={search_term_string}\"},\"query-input\":{\"@type\":\"PropertyValueSpecification\",\"valueRequired\":true,\"valueName\":\"search_term_string\"}}],\"inLanguage\":\"da-DK\"}]}<\/script>\n<!-- \/ Yoast SEO plugin. -->","yoast_head_json":{"title":"Udstillingskalender -","description":"Udstillingskalender -","robots":{"index":"index","follow":"follow","max-snippet":"max-snippet:-1","max-image-preview":"max-image-preview:large","max-video-preview":"max-video-preview:-1"},"canonical":"https:\/\/animo.eu\/da\/udstillingskalender\/","og_locale":"da_DK","og_type":"article","og_title":"Udstillingskalender -","og_description":"Udstillingskalender -","og_url":"https:\/\/animo.eu\/da\/udstillingskalender\/","article_publisher":"https:\/\/www.facebook.com\/animobv\/","article_modified_time":"2026-02-27T11:18:23+00:00","og_image":[{"width":1772,"height":1475,"url":"https:\/\/animo.eu\/wp-content\/uploads\/2024\/02\/Beurzen.jpg","type":"image\/jpeg"}],"twitter_card":"summary_large_image","twitter_site":"@animokoffie","twitter_misc":{"Estimeret l\u00e6setid":"1 minut"},"schema":{"@context":"https:\/\/schema.org","@graph":[{"@type":"WebPage","@id":"https:\/\/animo.eu\/da\/udstillingskalender\/","url":"https:\/\/animo.eu\/da\/udstillingskalender\/","name":"Udstillingskalender -","isPartOf":{"@id":"https:\/\/animo.eu\/da\/#website"},"primaryImageOfPage":{"@id":"https:\/\/animo.eu\/da\/udstillingskalender\/#primaryimage"},"image":{"@id":"https:\/\/animo.eu\/da\/udstillingskalender\/#primaryimage"},"thumbnailUrl":"https:\/\/animo.eu\/wp-content\/uploads\/2024\/02\/Beurzen.jpg","datePublished":"2024-02-05T10:48:20+00:00","dateModified":"2026-02-27T11:18:23+00:00","description":"Udstillingskalender -","breadcrumb":{"@id":"https:\/\/animo.eu\/da\/udstillingskalender\/#breadcrumb"},"inLanguage":"da-DK","potentialAction":[{"@type":"ReadAction","target":["https:\/\/animo.eu\/da\/udstillingskalender\/"]}]},{"@type":"ImageObject","inLanguage":"da-DK","@id":"https:\/\/animo.eu\/da\/udstillingskalender\/#primaryimage","url":"https:\/\/animo.eu\/wp-content\/uploads\/2024\/02\/Beurzen.jpg","contentUrl":"https:\/\/animo.eu\/wp-content\/uploads\/2024\/02\/Beurzen.jpg","width":1772,"height":1475},{"@type":"BreadcrumbList","@id":"https:\/\/animo.eu\/da\/udstillingskalender\/#breadcrumb","itemListElement":[{"@type":"ListItem","position":1,"name":"Home","item":"https:\/\/animo.eu\/da\/"},{"@type":"ListItem","position":2,"name":"Udstillingskalender"}]},{"@type":"WebSite","@id":"https:\/\/animo.eu\/da\/#website","url":"https:\/\/animo.eu\/da\/","name":"","description":"","potentialAction":[{"@type":"SearchAction","target":{"@type":"EntryPoint","urlTemplate":"https:\/\/animo.eu\/da\/?s={search_term_string}"},"query-input":{"@type":"PropertyValueSpecification","valueRequired":true,"valueName":"search_term_string"}}],"inLanguage":"da-DK"}]}},"_links":{"self":[{"href":"https:\/\/animo.eu\/da\/wp-json\/wp\/v2\/pages\/50789"}],"collection":[{"href":"https:\/\/animo.eu\/da\/wp-json\/wp\/v2\/pages"}],"about":[{"href":"https:\/\/animo.eu\/da\/wp-json\/wp\/v2\/types\/page"}],"author":[{"embeddable":true,"href":"https:\/\/animo.eu\/da\/wp-json\/wp\/v2\/users\/21"}],"replies":[{"embeddable":true,"href":"https:\/\/animo.eu\/da\/wp-json\/wp\/v2\/comments?post=50789"}],"version-history":[{"count":15,"href":"https:\/\/animo.eu\/da\/wp-json\/wp\/v2\/pages\/50789\/revisions"}],"predecessor-version":[{"id":109635,"href":"https:\/\/animo.eu\/da\/wp-json\/wp\/v2\/pages\/50789\/revisions\/109635"}],"wp:featuredmedia":[{"embeddable":true,"href":"https:\/\/animo.eu\/da\/wp-json\/wp\/v2\/media\/53241"}],"wp:attachment":[{"href":"https:\/\/animo.eu\/da\/wp-json\/wp\/v2\/media?parent=50789"}],"curies":[{"name":"wp","href":"https:\/\/api.w.org\/{rel}","templated":true}]}}