{"id":56681,"date":"2024-03-21T11:24:56","date_gmt":"2024-03-21T10:24:56","guid":{"rendered":"https:\/\/animo.eu\/?page_id=56681"},"modified":"2024-05-08T07:54:15","modified_gmt":"2024-05-08T05:54:15","slug":"mission-vision-og-kernevaerdier","status":"publish","type":"page","link":"https:\/\/animo.eu\/da\/om_animo\/mission-vision-og-kernevaerdier\/","title":{"rendered":"Mission, vision og kernev\u00e6rdier"},"content":{"rendered":"\n<section class=\"hero\">\n    <div class=\"hero__background\">\n                                    <img fetchpriority=\"high\" decoding=\"async\" width=\"2205\" height=\"1279\" src=\"https:\/\/animo.eu\/wp-content\/uploads\/2024\/03\/Animo-Assen-fabriek.jpg\" class=\"hero__image img-fluid\" alt=\"\" loading=\"eager\" srcset=\"https:\/\/animo.eu\/wp-content\/uploads\/2024\/03\/Animo-Assen-fabriek.jpg 2205w, https:\/\/animo.eu\/wp-content\/uploads\/2024\/03\/Animo-Assen-fabriek-300x174.jpg 300w, https:\/\/animo.eu\/wp-content\/uploads\/2024\/03\/Animo-Assen-fabriek-1024x594.jpg 1024w, https:\/\/animo.eu\/wp-content\/uploads\/2024\/03\/Animo-Assen-fabriek-768x445.jpg 768w, https:\/\/animo.eu\/wp-content\/uploads\/2024\/03\/Animo-Assen-fabriek-1536x891.jpg 1536w, https:\/\/animo.eu\/wp-content\/uploads\/2024\/03\/Animo-Assen-fabriek-2048x1188.jpg 2048w, https:\/\/animo.eu\/wp-content\/uploads\/2024\/03\/Animo-Assen-fabriek-70x41.jpg 70w, https:\/\/animo.eu\/wp-content\/uploads\/2024\/03\/Animo-Assen-fabriek-550x319.jpg 550w, https:\/\/animo.eu\/wp-content\/uploads\/2024\/03\/Animo-Assen-fabriek-800x464.jpg 800w, https:\/\/animo.eu\/wp-content\/uploads\/2024\/03\/Animo-Assen-fabriek-172x100.jpg 172w, https:\/\/animo.eu\/wp-content\/uploads\/2024\/03\/Animo-Assen-fabriek-150x87.jpg 150w\" sizes=\"(max-width: 2205px) 100vw, 2205px\" \/>                                <\/div>    \n            <div class=\"hero__content\">\n            <div class=\"container\">\n                <div class=\"row\">                    <div class=\"col-12 col-lg-9 col-xl-8\">                        <div class=\"hero__text \">\n                            <h1>Dedicated to every cup<\/h1>\n<p>&nbsp;<\/p>\n                        <\/div>\n                                                \n                    <\/div>\n                <\/div>\n            <\/div>\n        <\/div>\n        <div class=\"hero__scroll\">\n        <span>Rulle<\/span>\n        <svg class=\"icon icon--20 text-secondary\">\n            <use xlink:href=\"https:\/\/animo.eu\/wp-content\/themes\/animo\/build\/img\/symbols.svg#arrow-down\"><\/use>\n        <\/svg>      \n    <\/div>\n<\/section>\n\n<section class=\"pane pane--white pane--anchors\">\n    <ul class=\"list justify-content-center d-none d-lg-flex\">\n                                    <li class=\"list__item mx-6 mx-xl-8 mx-xxl-10\">\n                    <a class=\"text-decoration-none text-secondary\" href=\"#vision\">Vision og mission<\/a>\n                <\/li>\n                            <li class=\"list__item mx-6 mx-xl-8 mx-xxl-10\">\n                    <a class=\"text-decoration-none text-secondary\" href=\"#Brandets personlighed\">Brandets personlighed<\/a>\n                <\/li>\n                            <li class=\"list__item mx-6 mx-xl-8 mx-xxl-10\">\n                    <a class=\"text-decoration-none text-secondary\" href=\"#kaffemaskiner\">Animo kaffemaskiner st\u00e5r for<\/a>\n                <\/li>\n                            <li class=\"list__item mx-6 mx-xl-8 mx-xxl-10\">\n                    <a class=\"text-decoration-none text-secondary\" href=\"#Video\">Animo-video<\/a>\n                <\/li>\n                        <\/ul>\n<\/section>\n\n<section  class=\"pane pane--white \">\n    <div class=\"container\">\n        <div class=\"row g-4 g-lg-8 g-xl-15 justify-content-center\">\n                                                <div class=\"col-12 col-lg-8\">\n                        <div class=\"pane__text\">\n                            <h2>Animo laver kaffesystemer og -maskiner af h\u00f8j kvalitet til folk, der gerne vil servere god kaffe. Brugervenlige apparater med mange valgmuligheder, der er nemme at vedligeholde og holder l\u00e6nge.<\/h2>\n                                                    <\/div>\n                    <\/div>\n                                    <\/div>\n    <\/div>\n<\/section>\n\n<section id=\"vision\" class=\"pane pane--tertiary anchor\">\n    <div class=\"container\">\n        <div class=\"row g-4 g-lg-8 g-xl-15 g-xxl-20 align-items-center \">\n                            <div class=\"col-12 col-lg-6\">\n                    <div class=\"pane__text\">\n                        <h2>Vision Animo<\/h2>\n<p>At opn\u00e5 og styrke en foretrukken position hos forhandlere og beslutningstagere hos slutkunder og fremragende proaktiv (salgs)support og service, fordi vi \u00f8nsker at bevise <em>dedikation til hver<\/em> kop hver dag. Det g\u00f8r vi gennem:<\/p>\n<ul>\n<li>M\u00e5lrettet markedsf\u00f8ring til specifikke m\u00e5lgrupper<\/li>\n<li>En karakteristisk brandpositionering<\/li>\n<li>Tilbyder produkter af h\u00f8j kvalitet, der udm\u00e6rker sig ved at v\u00e6re nemme at betjene og vedligeholde.<\/li>\n<li>En differentieret forhandlerstrategi til at skabe mere v\u00e6rdi sammen med forhandlerne<\/li>\n<li>Internt salg og support til st\u00f8rre kunder og projekter<\/li>\n<li>Online salg og support som en integreret del af vores service til forhandlere og slutkunder<\/li>\n<\/ul>\n<h2 class=\"paragraph-title\">Mission Animo<\/h2>\n<p>Med engagement og omhu g\u00f8r vi det muligt for vores kunder at servere god kaffe fordi:<\/p>\n<ul>\n<li>Vi laver apparater, der giver velsmagende kaffe.<\/li>\n<li>Vi fremstiller enheder, der er nemme at betjene og vedligeholde.<\/li>\n<li>Vi tilbyder fremragende teknisk support.<\/li>\n<li>Vi laver apparater, der holder i lang tid og har f\u00e5 fejl.<\/li>\n<li>Vi kan reagere fleksibelt p\u00e5 kundernes krav.<\/li>\n<\/ul>\n                                                \n                    <\/div>\n                <\/div>\n                                        <div class=\"col-12 col-lg\">\n                    <figure class=\"figure \">\n                        <img decoding=\"async\" width=\"1024\" height=\"1024\" src=\"https:\/\/animo.eu\/wp-content\/uploads\/2023\/09\/Animo-OptiVend-en-OptiBean-X-1024x1024.png\" class=\"img-fluid\" alt=\"\" loading=\"lazy\" srcset=\"https:\/\/animo.eu\/wp-content\/uploads\/2023\/09\/Animo-OptiVend-en-OptiBean-X-1024x1024.png 1024w, https:\/\/animo.eu\/wp-content\/uploads\/2023\/09\/Animo-OptiVend-en-OptiBean-X-300x300.png 300w, https:\/\/animo.eu\/wp-content\/uploads\/2023\/09\/Animo-OptiVend-en-OptiBean-X-150x150.png 150w, https:\/\/animo.eu\/wp-content\/uploads\/2023\/09\/Animo-OptiVend-en-OptiBean-X-768x768.png 768w, https:\/\/animo.eu\/wp-content\/uploads\/2023\/09\/Animo-OptiVend-en-OptiBean-X-1536x1536.png 1536w, https:\/\/animo.eu\/wp-content\/uploads\/2023\/09\/Animo-OptiVend-en-OptiBean-X-2048x2048.png 2048w, https:\/\/animo.eu\/wp-content\/uploads\/2023\/09\/Animo-OptiVend-en-OptiBean-X-70x70.png 70w, https:\/\/animo.eu\/wp-content\/uploads\/2023\/09\/Animo-OptiVend-en-OptiBean-X-550x550.png 550w, https:\/\/animo.eu\/wp-content\/uploads\/2023\/09\/Animo-OptiVend-en-OptiBean-X-800x800.png 800w, https:\/\/animo.eu\/wp-content\/uploads\/2023\/09\/Animo-OptiVend-en-OptiBean-X-100x100.png 100w, https:\/\/animo.eu\/wp-content\/uploads\/2023\/09\/Animo-OptiVend-en-OptiBean-X-1400x1400.png 1400w, https:\/\/animo.eu\/wp-content\/uploads\/2023\/09\/Animo-OptiVend-en-OptiBean-X-700x700.png 700w, https:\/\/animo.eu\/wp-content\/uploads\/2023\/09\/Animo-OptiVend-en-OptiBean-X-350x350.png 350w\" sizes=\"(max-width: 1024px) 100vw, 1024px\" \/>                    <\/figure>\n                <\/div>\n                    <\/div>\n    <\/div>\n<\/section>\n\n<section id=\"Brandets personlighed\" class=\"pane pane--white anchor\">\n    <div class=\"container\">\n        <div class=\"row g-4 g-lg-8 g-xl-15 g-xxl-20 align-items-center flex-lg-row-reverse\">\n                            <div class=\"col-12 col-lg-6\">\n                    <div class=\"pane__text\">\n                        <h2>Brandets personlighed<\/h2>\n<p><strong>Dedikeret:<\/strong> Animos dedikation og inspiration ligger til dels allerede i navnet. Men den er ogs\u00e5 tydelig i sin omsorg, service og fleksibilitet. Animo t\u00e6nker altid sammen med sine kunder.<\/p>\n<p>Opl\u00f8ftende<strong>:<\/strong> Kaffe er opl\u00f8ftende, og det kan du se hos Animo. Animo er frisk og positiv.<\/p>\n<p><strong>Robust:<\/strong> den m\u00e5ske vigtigste funktion i Animo. Animo er solid, stabil og p\u00e5lidelig. S\u00e5dan har det v\u00e6ret i lang tid, og s\u00e5dan vil det forblive i lang tid.<\/p>\n<p><strong>Moderne:<\/strong> Animo f\u00f8lger med tiden uden at blive for fin eller langt ude. Det er et moderne brand.<\/p>\n                                                \n\n\n\n                    <\/div>\n                <\/div>\n                                        <div class=\"col-12 col-lg\">\n                    <figure class=\"figure image_reversed\">\n                        <img decoding=\"async\" width=\"256\" height=\"256\" src=\"https:\/\/animo.eu\/wp-content\/uploads\/2023\/03\/favicon-256x256-1.png\" class=\"img-fluid\" alt=\"\" loading=\"lazy\" srcset=\"https:\/\/animo.eu\/wp-content\/uploads\/2023\/03\/favicon-256x256-1.png 256w, https:\/\/animo.eu\/wp-content\/uploads\/2023\/03\/favicon-256x256-1-150x150.png 150w, https:\/\/animo.eu\/wp-content\/uploads\/2023\/03\/favicon-256x256-1-70x70.png 70w, https:\/\/animo.eu\/wp-content\/uploads\/2023\/03\/favicon-256x256-1-100x100.png 100w\" sizes=\"(max-width: 256px) 100vw, 256px\" \/>                    <\/figure>\n                <\/div>\n                    <\/div>\n    <\/div>\n<\/section>\n\n<section id=\"kaffemaskiner\" class=\"pane pane--tertiary anchor\">\n    <div class=\"container\">\n        <div class=\"row g-4 g-lg-8 g-xl-15 g-xxl-20 align-items-center \">\n                            <div class=\"col-12 col-lg-6\">\n                    <div class=\"pane__text\">\n                        <h2>En perfekt kop kaffe&#8230;<\/h2>\n<p>Det starter med en perfekt maskine, og det er et sp\u00f8rgsm\u00e5l om erfaring, viden og dedikation. Vi laver kaffeudstyr af h\u00f8j kvalitet til folk, der gerne vil servere god kaffe.  <em><strong>P\u00e5lidelig, fleksibel og af h\u00f8j kvalitet<\/strong><\/em><\/p>\n<p>Vores kaffemaskiner st\u00e5r for:<\/p>\n<ul>\n<li>God smag<\/li>\n<li>Brugervenlig betjening<\/li>\n<li>Let at vedligeholde<\/li>\n<li>P\u00e5lidelig ydeevne<\/li>\n<li>Fremragende teknisk support<\/li>\n<li>Fleksibel i tilpasning<\/li>\n<\/ul>\n                                                \n                    <\/div>\n                <\/div>\n                                        <div class=\"col-12 col-lg\">\n                    <figure class=\"figure \">\n                        <img decoding=\"async\" width=\"491\" height=\"491\" src=\"https:\/\/animo.eu\/wp-content\/uploads\/2024\/03\/Misie-en-visie-vierkant.jpg\" class=\"img-fluid\" alt=\"\" loading=\"lazy\" srcset=\"https:\/\/animo.eu\/wp-content\/uploads\/2024\/03\/Misie-en-visie-vierkant.jpg 491w, https:\/\/animo.eu\/wp-content\/uploads\/2024\/03\/Misie-en-visie-vierkant-300x300.jpg 300w, https:\/\/animo.eu\/wp-content\/uploads\/2024\/03\/Misie-en-visie-vierkant-150x150.jpg 150w, https:\/\/animo.eu\/wp-content\/uploads\/2024\/03\/Misie-en-visie-vierkant-70x70.jpg 70w, https:\/\/animo.eu\/wp-content\/uploads\/2024\/03\/Misie-en-visie-vierkant-100x100.jpg 100w, https:\/\/animo.eu\/wp-content\/uploads\/2024\/03\/Misie-en-visie-vierkant-350x350.jpg 350w\" sizes=\"(max-width: 491px) 100vw, 491px\" \/>                    <\/figure>\n                <\/div>\n                    <\/div>\n    <\/div>\n<\/section>\n\n<section id=\"Video\" class=\"pane pane--white anchor\">\n    <div class=\"container-fluid px-4 pe-lg-0 ps-lg-8\">\n        <div class=\"row g-0\">\n                            <div class=\"col-12\">\n                    <figure class=\"figure figure--video\">\n                        <a href=\"https:\/\/animo.eu\/wp-content\/uploads\/2024\/03\/Animo.mp4\" class=\"icon-frame icon-frame--56\" data-fancybox>\n                            <svg class=\"icon icon--20\">\n                                <use xlink:href=\"https:\/\/animo.eu\/wp-content\/themes\/animo\/build\/img\/symbols.svg#play\"><\/use>\n                            <\/svg>\n                        <\/a>\n                        <img decoding=\"async\" width=\"1400\" height=\"600\" src=\"https:\/\/animo.eu\/wp-content\/uploads\/2024\/03\/Corporate-movie-Animo-1400x600.jpg\" class=\"img-fluid w-100\" alt=\"\" loading=\"lazy\" \/>                    <\/figure>\n                <\/div>\n                    <\/div>\n    <\/div>\n<\/section>\n","protected":false},"excerpt":{"rendered":"","protected":false},"author":21,"featured_media":56716,"parent":43613,"menu_order":23,"comment_status":"closed","ping_status":"closed","template":"","meta":{"_acf_changed":false,"footnotes":""},"class_list":["post-56681","page","type-page","status-publish","has-post-thumbnail","hentry"],"acf":[],"yoast_head":"<!-- This site is optimized with the Yoast SEO plugin v25.5 - https:\/\/yoast.com\/wordpress\/plugins\/seo\/ -->\n<title>Mission, vision og kernev\u00e6rdier -<\/title>\n<meta name=\"description\" content=\"Mission, vision og kernev\u00e6rdier - Vi laver kaffesystemer og -maskiner af h\u00f8j kvalitet til folk, der gerne vil servere god kaffe.\" \/>\n<meta name=\"robots\" content=\"index, follow, max-snippet:-1, max-image-preview:large, max-video-preview:-1\" \/>\n<link rel=\"canonical\" href=\"https:\/\/animo.eu\/da\/om_animo\/mission-vision-og-kernevaerdier\/\" \/>\n<meta property=\"og:locale\" content=\"da_DK\" \/>\n<meta property=\"og:type\" content=\"article\" \/>\n<meta property=\"og:title\" content=\"Mission, vision og kernev\u00e6rdier -\" \/>\n<meta property=\"og:description\" content=\"Mission, vision og kernev\u00e6rdier - Vi laver kaffesystemer og -maskiner af h\u00f8j kvalitet til folk, der gerne vil servere god kaffe.\" \/>\n<meta property=\"og:url\" content=\"https:\/\/animo.eu\/da\/om_animo\/mission-vision-og-kernevaerdier\/\" \/>\n<meta property=\"article:publisher\" content=\"https:\/\/www.facebook.com\/animobv\/\" \/>\n<meta property=\"article:modified_time\" content=\"2024-05-08T05:54:15+00:00\" \/>\n<meta property=\"og:image\" content=\"https:\/\/animo.eu\/wp-content\/uploads\/2024\/03\/Misie-en-visie-vierkant.jpg\" \/>\n\t<meta property=\"og:image:width\" content=\"491\" \/>\n\t<meta property=\"og:image:height\" content=\"491\" \/>\n\t<meta property=\"og:image:type\" content=\"image\/jpeg\" \/>\n<meta name=\"twitter:card\" content=\"summary_large_image\" \/>\n<meta name=\"twitter:site\" content=\"@animokoffie\" \/>\n<meta name=\"twitter:label1\" content=\"Estimeret l\u00e6setid\" \/>\n\t<meta name=\"twitter:data1\" content=\"1 minut\" \/>\n<script type=\"application\/ld+json\" class=\"yoast-schema-graph\">{\"@context\":\"https:\/\/schema.org\",\"@graph\":[{\"@type\":\"WebPage\",\"@id\":\"https:\/\/animo.eu\/da\/om_animo\/mission-vision-og-kernevaerdier\/\",\"url\":\"https:\/\/animo.eu\/da\/om_animo\/mission-vision-og-kernevaerdier\/\",\"name\":\"Mission, vision og kernev\u00e6rdier -\",\"isPartOf\":{\"@id\":\"https:\/\/animo.eu\/da\/#website\"},\"primaryImageOfPage\":{\"@id\":\"https:\/\/animo.eu\/da\/om_animo\/mission-vision-og-kernevaerdier\/#primaryimage\"},\"image\":{\"@id\":\"https:\/\/animo.eu\/da\/om_animo\/mission-vision-og-kernevaerdier\/#primaryimage\"},\"thumbnailUrl\":\"https:\/\/animo.eu\/wp-content\/uploads\/2024\/03\/Misie-en-visie-vierkant.jpg\",\"datePublished\":\"2024-03-21T10:24:56+00:00\",\"dateModified\":\"2024-05-08T05:54:15+00:00\",\"description\":\"Mission, vision og kernev\u00e6rdier - Vi laver kaffesystemer og -maskiner af h\u00f8j kvalitet til folk, der gerne vil servere god kaffe.\",\"breadcrumb\":{\"@id\":\"https:\/\/animo.eu\/da\/om_animo\/mission-vision-og-kernevaerdier\/#breadcrumb\"},\"inLanguage\":\"da-DK\",\"potentialAction\":[{\"@type\":\"ReadAction\",\"target\":[\"https:\/\/animo.eu\/da\/om_animo\/mission-vision-og-kernevaerdier\/\"]}]},{\"@type\":\"ImageObject\",\"inLanguage\":\"da-DK\",\"@id\":\"https:\/\/animo.eu\/da\/om_animo\/mission-vision-og-kernevaerdier\/#primaryimage\",\"url\":\"https:\/\/animo.eu\/wp-content\/uploads\/2024\/03\/Misie-en-visie-vierkant.jpg\",\"contentUrl\":\"https:\/\/animo.eu\/wp-content\/uploads\/2024\/03\/Misie-en-visie-vierkant.jpg\",\"width\":491,\"height\":491},{\"@type\":\"BreadcrumbList\",\"@id\":\"https:\/\/animo.eu\/da\/om_animo\/mission-vision-og-kernevaerdier\/#breadcrumb\",\"itemListElement\":[{\"@type\":\"ListItem\",\"position\":1,\"name\":\"Home\",\"item\":\"https:\/\/animo.eu\/da\/\"},{\"@type\":\"ListItem\",\"position\":2,\"name\":\"Om Animo\",\"item\":\"https:\/\/animo.eu\/da\/om_animo\/\"},{\"@type\":\"ListItem\",\"position\":3,\"name\":\"Mission, vision og kernev\u00e6rdier\"}]},{\"@type\":\"WebSite\",\"@id\":\"https:\/\/animo.eu\/da\/#website\",\"url\":\"https:\/\/animo.eu\/da\/\",\"name\":\"\",\"description\":\"\",\"potentialAction\":[{\"@type\":\"SearchAction\",\"target\":{\"@type\":\"EntryPoint\",\"urlTemplate\":\"https:\/\/animo.eu\/da\/?s={search_term_string}\"},\"query-input\":{\"@type\":\"PropertyValueSpecification\",\"valueRequired\":true,\"valueName\":\"search_term_string\"}}],\"inLanguage\":\"da-DK\"}]}<\/script>\n<!-- \/ Yoast SEO plugin. -->","yoast_head_json":{"title":"Mission, vision og kernev\u00e6rdier -","description":"Mission, vision og kernev\u00e6rdier - Vi laver kaffesystemer og -maskiner af h\u00f8j kvalitet til folk, der gerne vil servere god kaffe.","robots":{"index":"index","follow":"follow","max-snippet":"max-snippet:-1","max-image-preview":"max-image-preview:large","max-video-preview":"max-video-preview:-1"},"canonical":"https:\/\/animo.eu\/da\/om_animo\/mission-vision-og-kernevaerdier\/","og_locale":"da_DK","og_type":"article","og_title":"Mission, vision og kernev\u00e6rdier -","og_description":"Mission, vision og kernev\u00e6rdier - Vi laver kaffesystemer og -maskiner af h\u00f8j kvalitet til folk, der gerne vil servere god kaffe.","og_url":"https:\/\/animo.eu\/da\/om_animo\/mission-vision-og-kernevaerdier\/","article_publisher":"https:\/\/www.facebook.com\/animobv\/","article_modified_time":"2024-05-08T05:54:15+00:00","og_image":[{"width":491,"height":491,"url":"https:\/\/animo.eu\/wp-content\/uploads\/2024\/03\/Misie-en-visie-vierkant.jpg","type":"image\/jpeg"}],"twitter_card":"summary_large_image","twitter_site":"@animokoffie","twitter_misc":{"Estimeret l\u00e6setid":"1 minut"},"schema":{"@context":"https:\/\/schema.org","@graph":[{"@type":"WebPage","@id":"https:\/\/animo.eu\/da\/om_animo\/mission-vision-og-kernevaerdier\/","url":"https:\/\/animo.eu\/da\/om_animo\/mission-vision-og-kernevaerdier\/","name":"Mission, vision og kernev\u00e6rdier -","isPartOf":{"@id":"https:\/\/animo.eu\/da\/#website"},"primaryImageOfPage":{"@id":"https:\/\/animo.eu\/da\/om_animo\/mission-vision-og-kernevaerdier\/#primaryimage"},"image":{"@id":"https:\/\/animo.eu\/da\/om_animo\/mission-vision-og-kernevaerdier\/#primaryimage"},"thumbnailUrl":"https:\/\/animo.eu\/wp-content\/uploads\/2024\/03\/Misie-en-visie-vierkant.jpg","datePublished":"2024-03-21T10:24:56+00:00","dateModified":"2024-05-08T05:54:15+00:00","description":"Mission, vision og kernev\u00e6rdier - Vi laver kaffesystemer og -maskiner af h\u00f8j kvalitet til folk, der gerne vil servere god kaffe.","breadcrumb":{"@id":"https:\/\/animo.eu\/da\/om_animo\/mission-vision-og-kernevaerdier\/#breadcrumb"},"inLanguage":"da-DK","potentialAction":[{"@type":"ReadAction","target":["https:\/\/animo.eu\/da\/om_animo\/mission-vision-og-kernevaerdier\/"]}]},{"@type":"ImageObject","inLanguage":"da-DK","@id":"https:\/\/animo.eu\/da\/om_animo\/mission-vision-og-kernevaerdier\/#primaryimage","url":"https:\/\/animo.eu\/wp-content\/uploads\/2024\/03\/Misie-en-visie-vierkant.jpg","contentUrl":"https:\/\/animo.eu\/wp-content\/uploads\/2024\/03\/Misie-en-visie-vierkant.jpg","width":491,"height":491},{"@type":"BreadcrumbList","@id":"https:\/\/animo.eu\/da\/om_animo\/mission-vision-og-kernevaerdier\/#breadcrumb","itemListElement":[{"@type":"ListItem","position":1,"name":"Home","item":"https:\/\/animo.eu\/da\/"},{"@type":"ListItem","position":2,"name":"Om Animo","item":"https:\/\/animo.eu\/da\/om_animo\/"},{"@type":"ListItem","position":3,"name":"Mission, vision og kernev\u00e6rdier"}]},{"@type":"WebSite","@id":"https:\/\/animo.eu\/da\/#website","url":"https:\/\/animo.eu\/da\/","name":"","description":"","potentialAction":[{"@type":"SearchAction","target":{"@type":"EntryPoint","urlTemplate":"https:\/\/animo.eu\/da\/?s={search_term_string}"},"query-input":{"@type":"PropertyValueSpecification","valueRequired":true,"valueName":"search_term_string"}}],"inLanguage":"da-DK"}]}},"_links":{"self":[{"href":"https:\/\/animo.eu\/da\/wp-json\/wp\/v2\/pages\/56681"}],"collection":[{"href":"https:\/\/animo.eu\/da\/wp-json\/wp\/v2\/pages"}],"about":[{"href":"https:\/\/animo.eu\/da\/wp-json\/wp\/v2\/types\/page"}],"author":[{"embeddable":true,"href":"https:\/\/animo.eu\/da\/wp-json\/wp\/v2\/users\/21"}],"replies":[{"embeddable":true,"href":"https:\/\/animo.eu\/da\/wp-json\/wp\/v2\/comments?post=56681"}],"version-history":[{"count":6,"href":"https:\/\/animo.eu\/da\/wp-json\/wp\/v2\/pages\/56681\/revisions"}],"predecessor-version":[{"id":68914,"href":"https:\/\/animo.eu\/da\/wp-json\/wp\/v2\/pages\/56681\/revisions\/68914"}],"up":[{"embeddable":true,"href":"https:\/\/animo.eu\/da\/wp-json\/wp\/v2\/pages\/43613"}],"wp:featuredmedia":[{"embeddable":true,"href":"https:\/\/animo.eu\/da\/wp-json\/wp\/v2\/media\/56716"}],"wp:attachment":[{"href":"https:\/\/animo.eu\/da\/wp-json\/wp\/v2\/media?parent=56681"}],"curies":[{"name":"wp","href":"https:\/\/api.w.org\/{rel}","templated":true}]}}