{"id":36954,"date":"2023-09-11T12:09:00","date_gmt":"2023-09-11T10:09:00","guid":{"rendered":"https:\/\/animo.eu\/zweigstellen\/"},"modified":"2024-02-23T10:23:45","modified_gmt":"2024-02-23T09:23:45","slug":"branchen","status":"publish","type":"page","link":"https:\/\/animo.eu\/de\/branchen\/","title":{"rendered":"Branchen"},"content":{"rendered":"\n<section  class=\"pane pane--white \">\n    <div class=\"container\">\n                    <div class=\"row justify-content-center mb-4\">\n                <div class=\"col-12\">\n                    <div class=\"pane__text\">\n                        <h2>Zweigstellen<\/h2>\n                    <\/div>\n                <\/div>\n            <\/div>\n        \n                                \n                            <div class=\"row row--equalized g-4 g-lg-3 g-xl-6\">\n                                            <div class=\"col-12 col-md-6 col-lg-3\">\n                            <div class=\"card card--product\">\n        <div class=\"card__image\">\n                    <img decoding=\"async\" width=\"550\" height=\"458\" src=\"https:\/\/animo.eu\/wp-content\/uploads\/2023\/09\/Branche_overzicht_horeca-550x458.png\" class=\"image wp-post-image\" alt=\"\" loading=\"lazy\" srcset=\"https:\/\/animo.eu\/wp-content\/uploads\/2023\/09\/Branche_overzicht_horeca-550x458.png 550w, https:\/\/animo.eu\/wp-content\/uploads\/2023\/09\/Branche_overzicht_horeca-300x250.png 300w, https:\/\/animo.eu\/wp-content\/uploads\/2023\/09\/Branche_overzicht_horeca-1024x852.png 1024w, https:\/\/animo.eu\/wp-content\/uploads\/2023\/09\/Branche_overzicht_horeca-768x639.png 768w, https:\/\/animo.eu\/wp-content\/uploads\/2023\/09\/Branche_overzicht_horeca-1536x1279.png 1536w, https:\/\/animo.eu\/wp-content\/uploads\/2023\/09\/Branche_overzicht_horeca-70x58.png 70w, https:\/\/animo.eu\/wp-content\/uploads\/2023\/09\/Branche_overzicht_horeca-800x666.png 800w, https:\/\/animo.eu\/wp-content\/uploads\/2023\/09\/Branche_overzicht_horeca-120x100.png 120w, https:\/\/animo.eu\/wp-content\/uploads\/2023\/09\/Branche_overzicht_horeca-150x125.png 150w, https:\/\/animo.eu\/wp-content\/uploads\/2023\/09\/Branche_overzicht_horeca.png 1772w\" sizes=\"(max-width: 550px) 100vw, 550px\" \/>                <\/div>\n    <div class=\"card-body\">\n        <h3 class=\"card-title\">Kaffeemaschinen f\u00fcr das Gastgewerbe<\/h3>\n                    <p class=\"mb-0\">Kaffeemaschinen im Gastgewerbe<\/p>\n            <\/div>\n    <div class=\"card-footer\">\n        <span class=\"btn btn-outline-secondary\">\n            <span class=\"btn__text\">Mehr Infos<\/span>\n            <svg class=\"icon icon--20 icon--arrow\">\n                <use xlink:href=\"https:\/\/animo.eu\/wp-content\/themes\/animo\/build\/img\/symbols.svg#arrow-right\"><\/use>\n            <\/svg>\n        <\/span>\n    <\/div>\n    <a class=\"stretched-link\" href=\"https:\/\/animo.eu\/de\/branchen\/kaffeemaschinen-fuer-das-gastgewerbe\/\"><\/a>\n<\/div>\n                        <\/div>\n                                            <div class=\"col-12 col-md-6 col-lg-3\">\n                            <div class=\"card card--product\">\n        <div class=\"card__image\">\n                    <img decoding=\"async\" width=\"550\" height=\"458\" src=\"https:\/\/animo.eu\/wp-content\/uploads\/2023\/09\/Branche_overzicht_maritiem-550x458.png\" class=\"image wp-post-image\" alt=\"\" loading=\"lazy\" srcset=\"https:\/\/animo.eu\/wp-content\/uploads\/2023\/09\/Branche_overzicht_maritiem-550x458.png 550w, https:\/\/animo.eu\/wp-content\/uploads\/2023\/09\/Branche_overzicht_maritiem-300x250.png 300w, https:\/\/animo.eu\/wp-content\/uploads\/2023\/09\/Branche_overzicht_maritiem-1024x852.png 1024w, https:\/\/animo.eu\/wp-content\/uploads\/2023\/09\/Branche_overzicht_maritiem-768x639.png 768w, https:\/\/animo.eu\/wp-content\/uploads\/2023\/09\/Branche_overzicht_maritiem-1536x1279.png 1536w, https:\/\/animo.eu\/wp-content\/uploads\/2023\/09\/Branche_overzicht_maritiem-70x58.png 70w, https:\/\/animo.eu\/wp-content\/uploads\/2023\/09\/Branche_overzicht_maritiem-800x666.png 800w, https:\/\/animo.eu\/wp-content\/uploads\/2023\/09\/Branche_overzicht_maritiem-120x100.png 120w, https:\/\/animo.eu\/wp-content\/uploads\/2023\/09\/Branche_overzicht_maritiem-150x125.png 150w, https:\/\/animo.eu\/wp-content\/uploads\/2023\/09\/Branche_overzicht_maritiem.png 1772w\" sizes=\"(max-width: 550px) 100vw, 550px\" \/>                <\/div>\n    <div class=\"card-body\">\n        <h3 class=\"card-title\">Kaffeemaschinen f\u00fcr die maritime Industrie<\/h3>\n                    <p class=\"mb-0\">Kaffeemaschinen in der maritimen Wirtschaft<\/p>\n            <\/div>\n    <div class=\"card-footer\">\n        <span class=\"btn btn-outline-secondary\">\n            <span class=\"btn__text\">Mehr Infos<\/span>\n            <svg class=\"icon icon--20 icon--arrow\">\n                <use xlink:href=\"https:\/\/animo.eu\/wp-content\/themes\/animo\/build\/img\/symbols.svg#arrow-right\"><\/use>\n            <\/svg>\n        <\/span>\n    <\/div>\n    <a class=\"stretched-link\" href=\"https:\/\/animo.eu\/de\/branchen\/kaffeemaschinen-fuer-die-maritime-industrie\/\"><\/a>\n<\/div>\n                        <\/div>\n                                            <div class=\"col-12 col-md-6 col-lg-3\">\n                            <div class=\"card card--product\">\n        <div class=\"card__image\">\n                    <img decoding=\"async\" width=\"550\" height=\"458\" src=\"https:\/\/animo.eu\/wp-content\/uploads\/2023\/09\/Branche_overzicht_onderwijs-550x458.png\" class=\"image wp-post-image\" alt=\"\" loading=\"lazy\" srcset=\"https:\/\/animo.eu\/wp-content\/uploads\/2023\/09\/Branche_overzicht_onderwijs-550x458.png 550w, https:\/\/animo.eu\/wp-content\/uploads\/2023\/09\/Branche_overzicht_onderwijs-300x250.png 300w, https:\/\/animo.eu\/wp-content\/uploads\/2023\/09\/Branche_overzicht_onderwijs-1024x852.png 1024w, https:\/\/animo.eu\/wp-content\/uploads\/2023\/09\/Branche_overzicht_onderwijs-768x639.png 768w, https:\/\/animo.eu\/wp-content\/uploads\/2023\/09\/Branche_overzicht_onderwijs-1536x1279.png 1536w, https:\/\/animo.eu\/wp-content\/uploads\/2023\/09\/Branche_overzicht_onderwijs-70x58.png 70w, https:\/\/animo.eu\/wp-content\/uploads\/2023\/09\/Branche_overzicht_onderwijs-800x666.png 800w, https:\/\/animo.eu\/wp-content\/uploads\/2023\/09\/Branche_overzicht_onderwijs-120x100.png 120w, https:\/\/animo.eu\/wp-content\/uploads\/2023\/09\/Branche_overzicht_onderwijs-150x125.png 150w, https:\/\/animo.eu\/wp-content\/uploads\/2023\/09\/Branche_overzicht_onderwijs.png 1772w\" sizes=\"(max-width: 550px) 100vw, 550px\" \/>                <\/div>\n    <div class=\"card-body\">\n        <h3 class=\"card-title\">Kaffeemaschinen f\u00fcr die Bildung<\/h3>\n                    <p class=\"mb-0\">Kaffeemaschinen im Bildungswesen<\/p>\n            <\/div>\n    <div class=\"card-footer\">\n        <span class=\"btn btn-outline-secondary\">\n            <span class=\"btn__text\">Mehr Infos<\/span>\n            <svg class=\"icon icon--20 icon--arrow\">\n                <use xlink:href=\"https:\/\/animo.eu\/wp-content\/themes\/animo\/build\/img\/symbols.svg#arrow-right\"><\/use>\n            <\/svg>\n        <\/span>\n    <\/div>\n    <a class=\"stretched-link\" href=\"https:\/\/animo.eu\/de\/branchen\/kaffeemaschinen-fuer-die-bildung\/\"><\/a>\n<\/div>\n                        <\/div>\n                                            <div class=\"col-12 col-md-6 col-lg-3\">\n                            <div class=\"card card--product\">\n        <div class=\"card__image\">\n                    <img decoding=\"async\" width=\"550\" height=\"458\" src=\"https:\/\/animo.eu\/wp-content\/uploads\/2023\/09\/Branche_overzicht_voetbal-550x458.png\" class=\"image wp-post-image\" alt=\"\" loading=\"lazy\" srcset=\"https:\/\/animo.eu\/wp-content\/uploads\/2023\/09\/Branche_overzicht_voetbal-550x458.png 550w, https:\/\/animo.eu\/wp-content\/uploads\/2023\/09\/Branche_overzicht_voetbal-300x250.png 300w, https:\/\/animo.eu\/wp-content\/uploads\/2023\/09\/Branche_overzicht_voetbal-1024x852.png 1024w, https:\/\/animo.eu\/wp-content\/uploads\/2023\/09\/Branche_overzicht_voetbal-768x639.png 768w, https:\/\/animo.eu\/wp-content\/uploads\/2023\/09\/Branche_overzicht_voetbal-1536x1279.png 1536w, https:\/\/animo.eu\/wp-content\/uploads\/2023\/09\/Branche_overzicht_voetbal-70x58.png 70w, https:\/\/animo.eu\/wp-content\/uploads\/2023\/09\/Branche_overzicht_voetbal-800x666.png 800w, https:\/\/animo.eu\/wp-content\/uploads\/2023\/09\/Branche_overzicht_voetbal-120x100.png 120w, https:\/\/animo.eu\/wp-content\/uploads\/2023\/09\/Branche_overzicht_voetbal-150x125.png 150w, https:\/\/animo.eu\/wp-content\/uploads\/2023\/09\/Branche_overzicht_voetbal.png 1772w\" sizes=\"(max-width: 550px) 100vw, 550px\" \/>                <\/div>\n    <div class=\"card-body\">\n        <h3 class=\"card-title\">Kaffeemaschinen f\u00fcr Sportkantinen<\/h3>\n                    <p class=\"mb-0\">Kaffeemaschinen f\u00fcr die Sportkantine<\/p>\n            <\/div>\n    <div class=\"card-footer\">\n        <span class=\"btn btn-outline-secondary\">\n            <span class=\"btn__text\">Mehr Infos<\/span>\n            <svg class=\"icon icon--20 icon--arrow\">\n                <use xlink:href=\"https:\/\/animo.eu\/wp-content\/themes\/animo\/build\/img\/symbols.svg#arrow-right\"><\/use>\n            <\/svg>\n        <\/span>\n    <\/div>\n    <a class=\"stretched-link\" href=\"https:\/\/animo.eu\/de\/branchen\/kaffeemaschinen-fuer-die-sportkantine\/\"><\/a>\n<\/div>\n                        <\/div>\n                                            <div class=\"col-12 col-md-6 col-lg-3\">\n                            <div class=\"card card--product\">\n        <div class=\"card__image\">\n                    <img decoding=\"async\" width=\"550\" height=\"458\" src=\"https:\/\/animo.eu\/wp-content\/uploads\/2023\/09\/Branche_overzicht_zorg-550x458.png\" class=\"image wp-post-image\" alt=\"\" loading=\"lazy\" srcset=\"https:\/\/animo.eu\/wp-content\/uploads\/2023\/09\/Branche_overzicht_zorg-550x458.png 550w, https:\/\/animo.eu\/wp-content\/uploads\/2023\/09\/Branche_overzicht_zorg-300x250.png 300w, https:\/\/animo.eu\/wp-content\/uploads\/2023\/09\/Branche_overzicht_zorg-1024x852.png 1024w, https:\/\/animo.eu\/wp-content\/uploads\/2023\/09\/Branche_overzicht_zorg-768x639.png 768w, https:\/\/animo.eu\/wp-content\/uploads\/2023\/09\/Branche_overzicht_zorg-1536x1279.png 1536w, https:\/\/animo.eu\/wp-content\/uploads\/2023\/09\/Branche_overzicht_zorg-70x58.png 70w, https:\/\/animo.eu\/wp-content\/uploads\/2023\/09\/Branche_overzicht_zorg-800x666.png 800w, https:\/\/animo.eu\/wp-content\/uploads\/2023\/09\/Branche_overzicht_zorg-120x100.png 120w, https:\/\/animo.eu\/wp-content\/uploads\/2023\/09\/Branche_overzicht_zorg-150x125.png 150w, https:\/\/animo.eu\/wp-content\/uploads\/2023\/09\/Branche_overzicht_zorg.png 1772w\" sizes=\"(max-width: 550px) 100vw, 550px\" \/>                <\/div>\n    <div class=\"card-body\">\n        <h3 class=\"card-title\">Kaffeemaschinen f\u00fcr das Gesundheitswesen<\/h3>\n                    <p class=\"mb-0\">Kaffeemaschinen f\u00fcr das Gesundheitswesen<\/p>\n            <\/div>\n    <div class=\"card-footer\">\n        <span class=\"btn btn-outline-secondary\">\n            <span class=\"btn__text\">Mehr Infos<\/span>\n            <svg class=\"icon icon--20 icon--arrow\">\n                <use xlink:href=\"https:\/\/animo.eu\/wp-content\/themes\/animo\/build\/img\/symbols.svg#arrow-right\"><\/use>\n            <\/svg>\n        <\/span>\n    <\/div>\n    <a class=\"stretched-link\" href=\"https:\/\/animo.eu\/de\/branchen\/kaffeemaschinen-fuer-das-gesundheitswesen\/\"><\/a>\n<\/div>\n                        <\/div>\n                                            <div class=\"col-12 col-md-6 col-lg-3\">\n                            <div class=\"card card--product\">\n        <div class=\"card__image\">\n                    <img decoding=\"async\" width=\"550\" height=\"458\" src=\"https:\/\/animo.eu\/wp-content\/uploads\/2023\/09\/Branche_overzicht_kantoor-550x458.png\" class=\"image wp-post-image\" alt=\"\" loading=\"lazy\" srcset=\"https:\/\/animo.eu\/wp-content\/uploads\/2023\/09\/Branche_overzicht_kantoor-550x458.png 550w, https:\/\/animo.eu\/wp-content\/uploads\/2023\/09\/Branche_overzicht_kantoor-300x250.png 300w, https:\/\/animo.eu\/wp-content\/uploads\/2023\/09\/Branche_overzicht_kantoor-1024x852.png 1024w, https:\/\/animo.eu\/wp-content\/uploads\/2023\/09\/Branche_overzicht_kantoor-768x639.png 768w, https:\/\/animo.eu\/wp-content\/uploads\/2023\/09\/Branche_overzicht_kantoor-1536x1279.png 1536w, https:\/\/animo.eu\/wp-content\/uploads\/2023\/09\/Branche_overzicht_kantoor-70x58.png 70w, https:\/\/animo.eu\/wp-content\/uploads\/2023\/09\/Branche_overzicht_kantoor-800x666.png 800w, https:\/\/animo.eu\/wp-content\/uploads\/2023\/09\/Branche_overzicht_kantoor-120x100.png 120w, https:\/\/animo.eu\/wp-content\/uploads\/2023\/09\/Branche_overzicht_kantoor-150x125.png 150w, https:\/\/animo.eu\/wp-content\/uploads\/2023\/09\/Branche_overzicht_kantoor.png 1772w\" sizes=\"(max-width: 550px) 100vw, 550px\" \/>                <\/div>\n    <div class=\"card-body\">\n        <h3 class=\"card-title\">Kaffeemaschinen f\u00fcr B\u00fcro und Gesch\u00e4ft<\/h3>\n                    <p class=\"mb-0\">Kaffeemaschinen f\u00fcr B\u00fcro und Gesch\u00e4ft<\/p>\n            <\/div>\n    <div class=\"card-footer\">\n        <span class=\"btn btn-outline-secondary\">\n            <span class=\"btn__text\">Mehr Infos<\/span>\n            <svg class=\"icon icon--20 icon--arrow\">\n                <use xlink:href=\"https:\/\/animo.eu\/wp-content\/themes\/animo\/build\/img\/symbols.svg#arrow-right\"><\/use>\n            <\/svg>\n        <\/span>\n    <\/div>\n    <a class=\"stretched-link\" href=\"https:\/\/animo.eu\/de\/branchen\/kaffeemaschinen-fuer-buero-und-geschaeft\/\"><\/a>\n<\/div>\n                        <\/div>\n                                    <\/div>\n                                         <\/div>\n<\/section>\n\n<section  class=\"pane pane--white \">\n    <div class=\"container\">\n        <div class=\"row g-4 g-lg-8 g-xl-15 g-xxl-20 align-items-center flex-lg-row-reverse\">\n                            <div class=\"col-12 col-lg-6\">\n                    <div class=\"pane__text\">\n                        <h2>Kaffee f\u00fcr alle Branchen<\/h2>\n<p>Der Kaffeebedarf kann von Unternehmen und Branche zu Branche sehr unterschiedlich sein. In einigen Unternehmen sollen nicht nur die Mitarbeiter, sondern auch die Kunden eine frische Tasse Kaffee genie\u00dfen k\u00f6nnen. F\u00fcr viele Branchen ist die Qualit\u00e4t das erste Auswahlkriterium, w\u00e4hrend es f\u00fcr andere Unternehmen wichtig ist, schnell eine gro\u00dfe Menge Kaffee aufbr\u00fchen zu k\u00f6nnen. Deshalb bietet Animo verschiedene Kaffeemaschinen an, die den unterschiedlichen Bed\u00fcrfnissen aller Branchen gerecht werden. Das Spektrum reicht von B\u00fcros, Hotels, Superm\u00e4rkten, Kantinen und Krankenh\u00e4usern bis hin zu Bildungseinrichtungen, Autowerkst\u00e4tten und Theatern&#8230; und viele mehr.<\/p>\n                                                \n                    <\/div>\n                <\/div>\n                                        <div class=\"col-12 col-lg\">\n                    <figure class=\"figure image_reversed\">\n                        <img decoding=\"async\" width=\"1024\" height=\"533\" src=\"https:\/\/animo.eu\/wp-content\/uploads\/2023\/09\/Koffie-drinken-BPZ-1024x533.jpg\" class=\"img-fluid\" alt=\"\" loading=\"lazy\" srcset=\"https:\/\/animo.eu\/wp-content\/uploads\/2023\/09\/Koffie-drinken-BPZ-1024x533.jpg 1024w, https:\/\/animo.eu\/wp-content\/uploads\/2023\/09\/Koffie-drinken-BPZ-300x156.jpg 300w, https:\/\/animo.eu\/wp-content\/uploads\/2023\/09\/Koffie-drinken-BPZ-768x400.jpg 768w, https:\/\/animo.eu\/wp-content\/uploads\/2023\/09\/Koffie-drinken-BPZ-70x36.jpg 70w, https:\/\/animo.eu\/wp-content\/uploads\/2023\/09\/Koffie-drinken-BPZ-550x286.jpg 550w, https:\/\/animo.eu\/wp-content\/uploads\/2023\/09\/Koffie-drinken-BPZ-800x417.jpg 800w, https:\/\/animo.eu\/wp-content\/uploads\/2023\/09\/Koffie-drinken-BPZ-192x100.jpg 192w, https:\/\/animo.eu\/wp-content\/uploads\/2023\/09\/Koffie-drinken-BPZ-150x78.jpg 150w, https:\/\/animo.eu\/wp-content\/uploads\/2023\/09\/Koffie-drinken-BPZ.jpg 1440w\" sizes=\"(max-width: 1024px) 100vw, 1024px\" \/>                    <\/figure>\n                <\/div>\n                    <\/div>\n    <\/div>\n<\/section>\n","protected":false},"excerpt":{"rendered":"","protected":false},"author":21,"featured_media":1398,"parent":0,"menu_order":32,"comment_status":"closed","ping_status":"closed","template":"","meta":{"_acf_changed":false,"footnotes":""},"class_list":["post-36954","page","type-page","status-publish","has-post-thumbnail","hentry"],"acf":[],"yoast_head":"<!-- This site is optimized with the Yoast SEO plugin v25.5 - https:\/\/yoast.com\/wordpress\/plugins\/seo\/ -->\n<title>Branchen -<\/title>\n<meta name=\"description\" content=\"Branchen -\" \/>\n<meta name=\"robots\" content=\"index, follow, max-snippet:-1, max-image-preview:large, max-video-preview:-1\" \/>\n<link rel=\"canonical\" href=\"https:\/\/animo.eu\/de\/branchen\/\" \/>\n<meta property=\"og:locale\" content=\"de_DE\" \/>\n<meta property=\"og:type\" content=\"article\" \/>\n<meta property=\"og:title\" content=\"Branchen -\" \/>\n<meta property=\"og:description\" content=\"Branchen -\" \/>\n<meta property=\"og:url\" content=\"https:\/\/animo.eu\/de\/branchen\/\" \/>\n<meta property=\"article:publisher\" content=\"https:\/\/www.facebook.com\/animobv\/\" \/>\n<meta property=\"article:modified_time\" content=\"2024-02-23T09:23:45+00:00\" \/>\n<meta property=\"og:image\" content=\"https:\/\/animo.eu\/wp-content\/uploads\/2023\/01\/2022_04_04-animo-030-e1676041216579.jpg\" \/>\n\t<meta property=\"og:image:width\" content=\"2000\" \/>\n\t<meta property=\"og:image:height\" content=\"1115\" \/>\n\t<meta property=\"og:image:type\" content=\"image\/jpeg\" \/>\n<meta name=\"twitter:card\" content=\"summary_large_image\" \/>\n<meta name=\"twitter:site\" content=\"@animokoffie\" \/>\n<meta name=\"twitter:label1\" content=\"Gesch\u00e4tzte Lesezeit\" \/>\n\t<meta name=\"twitter:data1\" content=\"1\u00a0Minute\" \/>\n<script type=\"application\/ld+json\" class=\"yoast-schema-graph\">{\"@context\":\"https:\/\/schema.org\",\"@graph\":[{\"@type\":\"WebPage\",\"@id\":\"https:\/\/animo.eu\/de\/branchen\/\",\"url\":\"https:\/\/animo.eu\/de\/branchen\/\",\"name\":\"Branchen -\",\"isPartOf\":{\"@id\":\"https:\/\/animo.eu\/de\/#website\"},\"primaryImageOfPage\":{\"@id\":\"https:\/\/animo.eu\/de\/branchen\/#primaryimage\"},\"image\":{\"@id\":\"https:\/\/animo.eu\/de\/branchen\/#primaryimage\"},\"thumbnailUrl\":\"https:\/\/animo.eu\/wp-content\/uploads\/2023\/01\/2022_04_04-animo-030-e1676041216579.jpg\",\"datePublished\":\"2023-09-11T10:09:00+00:00\",\"dateModified\":\"2024-02-23T09:23:45+00:00\",\"description\":\"Branchen -\",\"breadcrumb\":{\"@id\":\"https:\/\/animo.eu\/de\/branchen\/#breadcrumb\"},\"inLanguage\":\"de\",\"potentialAction\":[{\"@type\":\"ReadAction\",\"target\":[\"https:\/\/animo.eu\/de\/branchen\/\"]}]},{\"@type\":\"ImageObject\",\"inLanguage\":\"de\",\"@id\":\"https:\/\/animo.eu\/de\/branchen\/#primaryimage\",\"url\":\"https:\/\/animo.eu\/wp-content\/uploads\/2023\/01\/2022_04_04-animo-030-e1676041216579.jpg\",\"contentUrl\":\"https:\/\/animo.eu\/wp-content\/uploads\/2023\/01\/2022_04_04-animo-030-e1676041216579.jpg\",\"width\":2000,\"height\":1115},{\"@type\":\"BreadcrumbList\",\"@id\":\"https:\/\/animo.eu\/de\/branchen\/#breadcrumb\",\"itemListElement\":[{\"@type\":\"ListItem\",\"position\":1,\"name\":\"Home\",\"item\":\"https:\/\/animo.eu\/de\/\"},{\"@type\":\"ListItem\",\"position\":2,\"name\":\"Branchen\"}]},{\"@type\":\"WebSite\",\"@id\":\"https:\/\/animo.eu\/de\/#website\",\"url\":\"https:\/\/animo.eu\/de\/\",\"name\":\"\",\"description\":\"\",\"potentialAction\":[{\"@type\":\"SearchAction\",\"target\":{\"@type\":\"EntryPoint\",\"urlTemplate\":\"https:\/\/animo.eu\/de\/?s={search_term_string}\"},\"query-input\":{\"@type\":\"PropertyValueSpecification\",\"valueRequired\":true,\"valueName\":\"search_term_string\"}}],\"inLanguage\":\"de\"}]}<\/script>\n<!-- \/ Yoast SEO plugin. -->","yoast_head_json":{"title":"Branchen -","description":"Branchen -","robots":{"index":"index","follow":"follow","max-snippet":"max-snippet:-1","max-image-preview":"max-image-preview:large","max-video-preview":"max-video-preview:-1"},"canonical":"https:\/\/animo.eu\/de\/branchen\/","og_locale":"de_DE","og_type":"article","og_title":"Branchen -","og_description":"Branchen -","og_url":"https:\/\/animo.eu\/de\/branchen\/","article_publisher":"https:\/\/www.facebook.com\/animobv\/","article_modified_time":"2024-02-23T09:23:45+00:00","og_image":[{"width":2000,"height":1115,"url":"https:\/\/animo.eu\/wp-content\/uploads\/2023\/01\/2022_04_04-animo-030-e1676041216579.jpg","type":"image\/jpeg"}],"twitter_card":"summary_large_image","twitter_site":"@animokoffie","twitter_misc":{"Gesch\u00e4tzte Lesezeit":"1\u00a0Minute"},"schema":{"@context":"https:\/\/schema.org","@graph":[{"@type":"WebPage","@id":"https:\/\/animo.eu\/de\/branchen\/","url":"https:\/\/animo.eu\/de\/branchen\/","name":"Branchen -","isPartOf":{"@id":"https:\/\/animo.eu\/de\/#website"},"primaryImageOfPage":{"@id":"https:\/\/animo.eu\/de\/branchen\/#primaryimage"},"image":{"@id":"https:\/\/animo.eu\/de\/branchen\/#primaryimage"},"thumbnailUrl":"https:\/\/animo.eu\/wp-content\/uploads\/2023\/01\/2022_04_04-animo-030-e1676041216579.jpg","datePublished":"2023-09-11T10:09:00+00:00","dateModified":"2024-02-23T09:23:45+00:00","description":"Branchen -","breadcrumb":{"@id":"https:\/\/animo.eu\/de\/branchen\/#breadcrumb"},"inLanguage":"de","potentialAction":[{"@type":"ReadAction","target":["https:\/\/animo.eu\/de\/branchen\/"]}]},{"@type":"ImageObject","inLanguage":"de","@id":"https:\/\/animo.eu\/de\/branchen\/#primaryimage","url":"https:\/\/animo.eu\/wp-content\/uploads\/2023\/01\/2022_04_04-animo-030-e1676041216579.jpg","contentUrl":"https:\/\/animo.eu\/wp-content\/uploads\/2023\/01\/2022_04_04-animo-030-e1676041216579.jpg","width":2000,"height":1115},{"@type":"BreadcrumbList","@id":"https:\/\/animo.eu\/de\/branchen\/#breadcrumb","itemListElement":[{"@type":"ListItem","position":1,"name":"Home","item":"https:\/\/animo.eu\/de\/"},{"@type":"ListItem","position":2,"name":"Branchen"}]},{"@type":"WebSite","@id":"https:\/\/animo.eu\/de\/#website","url":"https:\/\/animo.eu\/de\/","name":"","description":"","potentialAction":[{"@type":"SearchAction","target":{"@type":"EntryPoint","urlTemplate":"https:\/\/animo.eu\/de\/?s={search_term_string}"},"query-input":{"@type":"PropertyValueSpecification","valueRequired":true,"valueName":"search_term_string"}}],"inLanguage":"de"}]}},"_links":{"self":[{"href":"https:\/\/animo.eu\/de\/wp-json\/wp\/v2\/pages\/36954"}],"collection":[{"href":"https:\/\/animo.eu\/de\/wp-json\/wp\/v2\/pages"}],"about":[{"href":"https:\/\/animo.eu\/de\/wp-json\/wp\/v2\/types\/page"}],"author":[{"embeddable":true,"href":"https:\/\/animo.eu\/de\/wp-json\/wp\/v2\/users\/21"}],"replies":[{"embeddable":true,"href":"https:\/\/animo.eu\/de\/wp-json\/wp\/v2\/comments?post=36954"}],"version-history":[{"count":3,"href":"https:\/\/animo.eu\/de\/wp-json\/wp\/v2\/pages\/36954\/revisions"}],"predecessor-version":[{"id":54431,"href":"https:\/\/animo.eu\/de\/wp-json\/wp\/v2\/pages\/36954\/revisions\/54431"}],"wp:featuredmedia":[{"embeddable":true,"href":"https:\/\/animo.eu\/de\/wp-json\/wp\/v2\/media\/1398"}],"wp:attachment":[{"href":"https:\/\/animo.eu\/de\/wp-json\/wp\/v2\/media?parent=36954"}],"curies":[{"name":"wp","href":"https:\/\/api.w.org\/{rel}","templated":true}]}}