{"id":36994,"date":"2023-03-09T13:45:17","date_gmt":"2023-03-09T12:45:17","guid":{"rendered":"https:\/\/animo.eu\/cookies\/"},"modified":"2023-11-08T10:42:12","modified_gmt":"2023-11-08T09:42:12","slug":"cookies","status":"publish","type":"page","link":"https:\/\/animo.eu\/de\/cookies\/","title":{"rendered":"Cookies"},"content":{"rendered":"\n<section  class=\"pane pane--white \">\n    <div class=\"container\">\n        <div class=\"row g-4 g-lg-8 g-xl-15 justify-content-center\">\n                                                <div class=\"col-12 col-lg-6\">\n                        <div class=\"pane__text\">\n                            <h1>Cookies<\/h1>\n<p>Diese Cookie-Politik gilt f\u00fcr alle Nutzer der Website Animo.eu. Nachstehend finden Sie die notwendigen Informationen \u00fcber die Platzierung, Verwendung und Verwaltung von Cookies durch Animo.eu im Zusammenhang mit dem Besuch unserer Website.<\/p>\n<p><strong>Was sind Cookies?<\/strong><\/p>\n<p>Cookies sind kleine Dateien, die auf Ihrem Ger\u00e4t (Laptop, Tablet, Smartphone oder \u00e4hnliche Ger\u00e4te) gespeichert werden, wenn Sie unsere Website besuchen. Cookies werden verwendet, um das Funktionieren der Website Animo.eu zu verbessern und um bestimmte Informationen \u00fcber die Interaktion der Nutzer mit der Website zu sammeln.<\/p>\n<p><strong>Verwendung von Cookies durch Animo.eu<\/strong><\/p>\n<p>Animo.eu verwendet Cookies, um:<\/p>\n<ul>\n<li>Erleichterung der Navigation und Verbesserung der Nutzererfahrung auf der Website.<\/li>\n<li>Sammlung anonymer Daten \u00fcber die Nutzung unserer Website mit dem Ziel, die Leistung der Website zu optimieren.<\/li>\n<li>Marketingstrategien zu personalisieren, indem relevante Werbung angezeigt wird.<\/li>\n<\/ul>\n<p><strong>Kategorien der verwendeten Cookies<\/strong><\/p>\n<ul>\n<li><strong>Notwendige Cookies<\/strong>: Diese sind f\u00fcr den technischen Betrieb der Website unerl\u00e4sslich und k\u00f6nnen nicht deaktiviert werden.<\/li>\n<li><strong>Analytische Cookies<\/strong>: Sie erm\u00f6glichen es uns, die Nutzung der Website zu analysieren und zu verbessern, indem wir verstehen, wie die Website genutzt wird.<\/li>\n<li><strong>Funktionale Cookies<\/strong>: Diese speichern Ihre Pr\u00e4ferenzen und Auswahlm\u00f6glichkeiten auf der Website.<\/li>\n<li><strong>Marketing-Cookies<\/strong>: Diese Cookies dienen der Unterst\u00fctzung von Marketingkampagnen und der Bereitstellung relevanter Werbung.<\/li>\n<\/ul>\n<p><strong>Ihre Wahl bez\u00fcglich Cookies<\/strong><\/p>\n<p>Sie k\u00f6nnen Ihre Cookie-Pr\u00e4ferenzen verwalten, indem Sie Ihre Browsereinstellungen anpassen. Es ist m\u00f6glich, alle Cookies abzulehnen oder nur bestimmte Cookies zu akzeptieren. Bitte beachten Sie, dass die Deaktivierung von Cookies die Funktionalit\u00e4t unserer Website beeintr\u00e4chtigen kann.<\/p>\n<p><strong>\u00c4nderungen an der Cookie-Richtlinie<\/strong><\/p>\n<p>Animo.eu kann diese Cookie-Politik jederzeit \u00e4ndern. Wir raten den Nutzern, diese Seite regelm\u00e4\u00dfig zu besuchen, um \u00fcber eventuelle \u00c4nderungen informiert zu sein.<\/p>\n<p><strong>Fragen und Kontakt<\/strong><\/p>\n<p>Wenn Sie Fragen zu dieser Politik oder zur Verwendung von Cookies durch Animo.eu haben, k\u00f6nnen Sie sich an uns wenden:<\/p>\n<p>Animo BV<br \/>\nDr. A.F. Philipsweg 47<br \/>\n9403 AD Assen, die Niederlande<br \/>\n+31(0)592-376376<br \/>\ninfo@animo.nl<\/p>\n<p>&nbsp;<\/p>\n                                                    <\/div>\n                    <\/div>\n                                    <\/div>\n    <\/div>\n<\/section>\n","protected":false},"excerpt":{"rendered":"","protected":false},"author":1,"featured_media":0,"parent":0,"menu_order":84,"comment_status":"closed","ping_status":"closed","template":"","meta":{"_acf_changed":false,"footnotes":""},"class_list":["post-36994","page","type-page","status-publish","hentry"],"acf":[],"yoast_head":"<!-- This site is optimized with the Yoast SEO plugin v25.5 - https:\/\/yoast.com\/wordpress\/plugins\/seo\/ -->\n<title>Cookies -<\/title>\n<meta name=\"description\" content=\"Cookies -\" \/>\n<meta name=\"robots\" content=\"index, follow, max-snippet:-1, max-image-preview:large, max-video-preview:-1\" \/>\n<link rel=\"canonical\" href=\"https:\/\/animo.eu\/de\/cookies\/\" \/>\n<meta property=\"og:locale\" content=\"de_DE\" \/>\n<meta property=\"og:type\" content=\"article\" \/>\n<meta property=\"og:title\" content=\"Cookies -\" \/>\n<meta property=\"og:description\" content=\"Cookies -\" \/>\n<meta property=\"og:url\" content=\"https:\/\/animo.eu\/de\/cookies\/\" \/>\n<meta property=\"article:publisher\" content=\"https:\/\/www.facebook.com\/animobv\/\" \/>\n<meta property=\"article:modified_time\" content=\"2023-11-08T09:42:12+00:00\" \/>\n<meta property=\"og:image\" content=\"https:\/\/animo.eu\/wp-content\/uploads\/2023\/06\/animo-dedicated-logo.png\" \/>\n\t<meta property=\"og:image:width\" content=\"1000\" \/>\n\t<meta property=\"og:image:height\" content=\"364\" \/>\n\t<meta property=\"og:image:type\" content=\"image\/png\" \/>\n<meta name=\"twitter:card\" content=\"summary_large_image\" \/>\n<meta name=\"twitter:site\" content=\"@animokoffie\" \/>\n<script type=\"application\/ld+json\" class=\"yoast-schema-graph\">{\"@context\":\"https:\/\/schema.org\",\"@graph\":[{\"@type\":\"WebPage\",\"@id\":\"https:\/\/animo.eu\/de\/cookies\/\",\"url\":\"https:\/\/animo.eu\/de\/cookies\/\",\"name\":\"Cookies -\",\"isPartOf\":{\"@id\":\"https:\/\/animo.eu\/de\/#website\"},\"datePublished\":\"2023-03-09T12:45:17+00:00\",\"dateModified\":\"2023-11-08T09:42:12+00:00\",\"description\":\"Cookies -\",\"breadcrumb\":{\"@id\":\"https:\/\/animo.eu\/de\/cookies\/#breadcrumb\"},\"inLanguage\":\"de\",\"potentialAction\":[{\"@type\":\"ReadAction\",\"target\":[\"https:\/\/animo.eu\/de\/cookies\/\"]}]},{\"@type\":\"BreadcrumbList\",\"@id\":\"https:\/\/animo.eu\/de\/cookies\/#breadcrumb\",\"itemListElement\":[{\"@type\":\"ListItem\",\"position\":1,\"name\":\"Home\",\"item\":\"https:\/\/animo.eu\/de\/\"},{\"@type\":\"ListItem\",\"position\":2,\"name\":\"Cookies\"}]},{\"@type\":\"WebSite\",\"@id\":\"https:\/\/animo.eu\/de\/#website\",\"url\":\"https:\/\/animo.eu\/de\/\",\"name\":\"\",\"description\":\"\",\"potentialAction\":[{\"@type\":\"SearchAction\",\"target\":{\"@type\":\"EntryPoint\",\"urlTemplate\":\"https:\/\/animo.eu\/de\/?s={search_term_string}\"},\"query-input\":{\"@type\":\"PropertyValueSpecification\",\"valueRequired\":true,\"valueName\":\"search_term_string\"}}],\"inLanguage\":\"de\"}]}<\/script>\n<!-- \/ Yoast SEO plugin. -->","yoast_head_json":{"title":"Cookies -","description":"Cookies -","robots":{"index":"index","follow":"follow","max-snippet":"max-snippet:-1","max-image-preview":"max-image-preview:large","max-video-preview":"max-video-preview:-1"},"canonical":"https:\/\/animo.eu\/de\/cookies\/","og_locale":"de_DE","og_type":"article","og_title":"Cookies -","og_description":"Cookies -","og_url":"https:\/\/animo.eu\/de\/cookies\/","article_publisher":"https:\/\/www.facebook.com\/animobv\/","article_modified_time":"2023-11-08T09:42:12+00:00","og_image":[{"width":1000,"height":364,"url":"https:\/\/animo.eu\/wp-content\/uploads\/2023\/06\/animo-dedicated-logo.png","type":"image\/png"}],"twitter_card":"summary_large_image","twitter_site":"@animokoffie","schema":{"@context":"https:\/\/schema.org","@graph":[{"@type":"WebPage","@id":"https:\/\/animo.eu\/de\/cookies\/","url":"https:\/\/animo.eu\/de\/cookies\/","name":"Cookies -","isPartOf":{"@id":"https:\/\/animo.eu\/de\/#website"},"datePublished":"2023-03-09T12:45:17+00:00","dateModified":"2023-11-08T09:42:12+00:00","description":"Cookies -","breadcrumb":{"@id":"https:\/\/animo.eu\/de\/cookies\/#breadcrumb"},"inLanguage":"de","potentialAction":[{"@type":"ReadAction","target":["https:\/\/animo.eu\/de\/cookies\/"]}]},{"@type":"BreadcrumbList","@id":"https:\/\/animo.eu\/de\/cookies\/#breadcrumb","itemListElement":[{"@type":"ListItem","position":1,"name":"Home","item":"https:\/\/animo.eu\/de\/"},{"@type":"ListItem","position":2,"name":"Cookies"}]},{"@type":"WebSite","@id":"https:\/\/animo.eu\/de\/#website","url":"https:\/\/animo.eu\/de\/","name":"","description":"","potentialAction":[{"@type":"SearchAction","target":{"@type":"EntryPoint","urlTemplate":"https:\/\/animo.eu\/de\/?s={search_term_string}"},"query-input":{"@type":"PropertyValueSpecification","valueRequired":true,"valueName":"search_term_string"}}],"inLanguage":"de"}]}},"_links":{"self":[{"href":"https:\/\/animo.eu\/de\/wp-json\/wp\/v2\/pages\/36994"}],"collection":[{"href":"https:\/\/animo.eu\/de\/wp-json\/wp\/v2\/pages"}],"about":[{"href":"https:\/\/animo.eu\/de\/wp-json\/wp\/v2\/types\/page"}],"author":[{"embeddable":true,"href":"https:\/\/animo.eu\/de\/wp-json\/wp\/v2\/users\/1"}],"replies":[{"embeddable":true,"href":"https:\/\/animo.eu\/de\/wp-json\/wp\/v2\/comments?post=36994"}],"version-history":[{"count":1,"href":"https:\/\/animo.eu\/de\/wp-json\/wp\/v2\/pages\/36994\/revisions"}],"predecessor-version":[{"id":36995,"href":"https:\/\/animo.eu\/de\/wp-json\/wp\/v2\/pages\/36994\/revisions\/36995"}],"wp:attachment":[{"href":"https:\/\/animo.eu\/de\/wp-json\/wp\/v2\/media?parent=36994"}],"curies":[{"name":"wp","href":"https:\/\/api.w.org\/{rel}","templated":true}]}}