{"id":37351,"date":"2023-03-14T13:11:11","date_gmt":"2023-03-14T12:11:11","guid":{"rendered":"https:\/\/animo.eu\/kaffeemaschinen\/"},"modified":"2024-01-23T09:08:02","modified_gmt":"2024-01-23T08:08:02","slug":"kaffeemaschinen_filterkaffee","status":"publish","type":"page","link":"https:\/\/animo.eu\/de\/kaffeemaschinen_filterkaffee\/","title":{"rendered":"Kaffeemaschinen"},"content":{"rendered":"\n<section  class=\"pane pane--white \">\n    <div class=\"container\">\n                    <div class=\"row justify-content-center mb-4\">\n                <div class=\"col-12\">\n                    <div class=\"pane__text\">\n                        <h2>Kaffeemaschinen f\u00fcr frischen Filterkaffee<\/h2>\n                    <\/div>\n                <\/div>\n            <\/div>\n        \n                                \n                            <div class=\"row row--equalized g-4 g-lg-3 g-xl-6\">\n                                            <div class=\"col-12 col-md-6 col-lg-3\">\n                            <div class=\"card card--product\">\n        <div class=\"card__image\">\n                    <img decoding=\"async\" width=\"550\" height=\"440\" src=\"https:\/\/animo.eu\/wp-content\/uploads\/2023\/07\/Glazenkannen-overview-550x440.png\" class=\"image wp-post-image\" alt=\"\" loading=\"lazy\" srcset=\"https:\/\/animo.eu\/wp-content\/uploads\/2023\/07\/Glazenkannen-overview-550x440.png 550w, https:\/\/animo.eu\/wp-content\/uploads\/2023\/07\/Glazenkannen-overview-300x240.png 300w, https:\/\/animo.eu\/wp-content\/uploads\/2023\/07\/Glazenkannen-overview-1024x819.png 1024w, https:\/\/animo.eu\/wp-content\/uploads\/2023\/07\/Glazenkannen-overview-768x615.png 768w, https:\/\/animo.eu\/wp-content\/uploads\/2023\/07\/Glazenkannen-overview-70x56.png 70w, https:\/\/animo.eu\/wp-content\/uploads\/2023\/07\/Glazenkannen-overview-800x640.png 800w, https:\/\/animo.eu\/wp-content\/uploads\/2023\/07\/Glazenkannen-overview-125x100.png 125w, https:\/\/animo.eu\/wp-content\/uploads\/2023\/07\/Glazenkannen-overview-150x120.png 150w, https:\/\/animo.eu\/wp-content\/uploads\/2023\/07\/Glazenkannen-overview.png 1276w\" sizes=\"(max-width: 550px) 100vw, 550px\" \/>                <\/div>\n    <div class=\"card-body\">\n        <h3 class=\"card-title\">Kaffeemaschinen mit Glaskanne<\/h3>\n                    <p class=\"mb-0\">Mit den Kaffeemaschinen der M-Serie k\u00f6nnen Sie einfach und schnell frischen Filterkaffee direkt in eine Glaskanne br\u00fchen.<\/p>\n            <\/div>\n    <div class=\"card-footer\">\n        <span class=\"btn btn-outline-secondary\">\n            <span class=\"btn__text\">Mehr Infos<\/span>\n            <svg class=\"icon icon--20 icon--arrow\">\n                <use xlink:href=\"https:\/\/animo.eu\/wp-content\/themes\/animo\/build\/img\/symbols.svg#arrow-right\"><\/use>\n            <\/svg>\n        <\/span>\n    <\/div>\n    <a class=\"stretched-link\" href=\"https:\/\/animo.eu\/de\/kaffeemaschinen_filterkaffee\/kaffeemaschinen-mit-glaskanne\/\"><\/a>\n<\/div>\n                        <\/div>\n                                            <div class=\"col-12 col-md-6 col-lg-3\">\n                            <div class=\"card card--product\">\n        <div class=\"card__image\">\n                    <img decoding=\"async\" width=\"550\" height=\"440\" src=\"https:\/\/animo.eu\/wp-content\/uploads\/2023\/07\/MT-Line-overview-550x440.png\" class=\"image wp-post-image\" alt=\"\" loading=\"lazy\" srcset=\"https:\/\/animo.eu\/wp-content\/uploads\/2023\/07\/MT-Line-overview-550x440.png 550w, https:\/\/animo.eu\/wp-content\/uploads\/2023\/07\/MT-Line-overview-300x240.png 300w, https:\/\/animo.eu\/wp-content\/uploads\/2023\/07\/MT-Line-overview-1024x819.png 1024w, https:\/\/animo.eu\/wp-content\/uploads\/2023\/07\/MT-Line-overview-768x615.png 768w, https:\/\/animo.eu\/wp-content\/uploads\/2023\/07\/MT-Line-overview-70x56.png 70w, https:\/\/animo.eu\/wp-content\/uploads\/2023\/07\/MT-Line-overview-800x640.png 800w, https:\/\/animo.eu\/wp-content\/uploads\/2023\/07\/MT-Line-overview-125x100.png 125w, https:\/\/animo.eu\/wp-content\/uploads\/2023\/07\/MT-Line-overview-150x120.png 150w, https:\/\/animo.eu\/wp-content\/uploads\/2023\/07\/MT-Line-overview.png 1276w\" sizes=\"(max-width: 550px) 100vw, 550px\" \/>                <\/div>\n    <div class=\"card-body\">\n        <h3 class=\"card-title\">Kaffeemaschinen mit Thermoskannen<\/h3>\n                    <p class=\"mb-0\">Die MT-line von Animo ist ein sehr komplettes Sortiment an Thermoskannenger\u00e4ten, die auf einem anerkannten zeitgen\u00f6ssischen Design basieren.<\/p>\n            <\/div>\n    <div class=\"card-footer\">\n        <span class=\"btn btn-outline-secondary\">\n            <span class=\"btn__text\">Mehr Infos<\/span>\n            <svg class=\"icon icon--20 icon--arrow\">\n                <use xlink:href=\"https:\/\/animo.eu\/wp-content\/themes\/animo\/build\/img\/symbols.svg#arrow-right\"><\/use>\n            <\/svg>\n        <\/span>\n    <\/div>\n    <a class=\"stretched-link\" href=\"https:\/\/animo.eu\/de\/kaffeemaschinen_filterkaffee\/kaffeemaschinen-mit-thermoskannen\/\"><\/a>\n<\/div>\n                        <\/div>\n                                            <div class=\"col-12 col-md-6 col-lg-3\">\n                            <div class=\"card card--product\">\n        <div class=\"card__image\">\n                    <img decoding=\"async\" width=\"550\" height=\"440\" src=\"https:\/\/animo.eu\/wp-content\/uploads\/2023\/07\/Excelso-overview-550x440.png\" class=\"image wp-post-image\" alt=\"\" loading=\"lazy\" srcset=\"https:\/\/animo.eu\/wp-content\/uploads\/2023\/07\/Excelso-overview-550x440.png 550w, https:\/\/animo.eu\/wp-content\/uploads\/2023\/07\/Excelso-overview-300x240.png 300w, https:\/\/animo.eu\/wp-content\/uploads\/2023\/07\/Excelso-overview-1024x819.png 1024w, https:\/\/animo.eu\/wp-content\/uploads\/2023\/07\/Excelso-overview-768x615.png 768w, https:\/\/animo.eu\/wp-content\/uploads\/2023\/07\/Excelso-overview-70x56.png 70w, https:\/\/animo.eu\/wp-content\/uploads\/2023\/07\/Excelso-overview-800x640.png 800w, https:\/\/animo.eu\/wp-content\/uploads\/2023\/07\/Excelso-overview-125x100.png 125w, https:\/\/animo.eu\/wp-content\/uploads\/2023\/07\/Excelso-overview-150x120.png 150w, https:\/\/animo.eu\/wp-content\/uploads\/2023\/07\/Excelso-overview.png 1276w\" sizes=\"(max-width: 550px) 100vw, 550px\" \/>                <\/div>\n    <div class=\"card-body\">\n        <h3 class=\"card-title\">Excelso Kaffeemaschinen<\/h3>\n                    <p class=\"mb-0\">Professionelle Kaffeemaschinen aus Edelstahl f\u00fcr die einfache und schnelle Zubereitung von frischem Filterkaffee in einer Glaskanne oder Thermoskanne.<\/p>\n            <\/div>\n    <div class=\"card-footer\">\n        <span class=\"btn btn-outline-secondary\">\n            <span class=\"btn__text\">Mehr Infos<\/span>\n            <svg class=\"icon icon--20 icon--arrow\">\n                <use xlink:href=\"https:\/\/animo.eu\/wp-content\/themes\/animo\/build\/img\/symbols.svg#arrow-right\"><\/use>\n            <\/svg>\n        <\/span>\n    <\/div>\n    <a class=\"stretched-link\" href=\"https:\/\/animo.eu\/de\/kaffeemaschinen_filterkaffee\/excelso-kaffeemaschinen\/\"><\/a>\n<\/div>\n                        <\/div>\n                                    <\/div>\n                                         <\/div>\n<\/section>\n\n\n\n<section  class=\"pane pane--tertiary \">\n    <div class=\"container\">\n        <div class=\"row g-4 g-lg-8 g-xl-15 g-xxl-20 align-items-center flex-lg-row-reverse\">\n                            <div class=\"col-12 col-lg-6\">\n                    <div class=\"pane__text\">\n                        <h2>Brosch\u00fcre ansehen<\/h2>\n<p>Wenn Sie mehr \u00fcber unsere frischen Filterkaffeemaschinen erfahren m\u00f6chten, schauen Sie sich unsere Brosch\u00fcre online an oder laden Sie sie auf Ihren Computer herunter.<\/p>\n                                                \n\n    <div class=\"pane__button-group\">\n        <div class=\"row g-2 g-lg-3 justify-content-start\">\n                            <div class=\"col-auto\">\n                                        <a class=\"btn btn-outline-secondary\" href=\"https:\/\/animo.eu\/de\/kaffeemaschinen_filterkaffee\/kaffeemaschinen-mit-glaskanne\/pdf-m-line-mt-line-und-excelso\/\" target=\"_self\">\n                        <span class=\"btn__text\">Brosch\u00fcre ansehen<\/span>\n                        <svg class=\"icon icon--20 icon--arrow\">\n                            <use xlink:href=\"https:\/\/animo.eu\/wp-content\/themes\/animo\/build\/img\/symbols.svg#arrow-right\"><\/use>\n                        <\/svg>\n                    <\/a>\n                <\/div>\n                    <\/div>\n    <\/div>\n\n\n                    <\/div>\n                <\/div>\n                                        <div class=\"col-12 col-lg\">\n                    <figure class=\"figure image_reversed\">\n                        <img decoding=\"async\" width=\"1024\" height=\"719\" src=\"https:\/\/animo.eu\/wp-content\/uploads\/2023\/06\/brochure-1024x719.jpg\" class=\"img-fluid\" alt=\"\" loading=\"lazy\" srcset=\"https:\/\/animo.eu\/wp-content\/uploads\/2023\/06\/brochure-1024x719.jpg 1024w, https:\/\/animo.eu\/wp-content\/uploads\/2023\/06\/brochure-300x211.jpg 300w, https:\/\/animo.eu\/wp-content\/uploads\/2023\/06\/brochure-768x539.jpg 768w, https:\/\/animo.eu\/wp-content\/uploads\/2023\/06\/brochure-70x49.jpg 70w, https:\/\/animo.eu\/wp-content\/uploads\/2023\/06\/brochure-550x386.jpg 550w, https:\/\/animo.eu\/wp-content\/uploads\/2023\/06\/brochure-142x100.jpg 142w, https:\/\/animo.eu\/wp-content\/uploads\/2023\/06\/brochure-150x105.jpg 150w, https:\/\/animo.eu\/wp-content\/uploads\/2023\/06\/brochure.jpg 1341w\" sizes=\"(max-width: 1024px) 100vw, 1024px\" \/>                    <\/figure>\n                <\/div>\n                    <\/div>\n    <\/div>\n<\/section>\n\n\n\n<section  class=\"pane pane--white \">\n    <div class=\"container\">\n        <div class=\"row g-4 g-lg-8 g-xl-15 g-xxl-20 align-items-center flex-lg-row-reverse\">\n                            <div class=\"col-12 col-lg-6\">\n                    <div class=\"pane__text\">\n                        <h2>Kaffee f\u00fcr alle Branchen<\/h2>\n<p>Der Kaffeebedarf kann von Unternehmen und Branche zu Branche sehr unterschiedlich sein. In einigen Unternehmen sollen nicht nur die Mitarbeiter, sondern auch die Kunden eine frische Tasse Kaffee genie\u00dfen k\u00f6nnen. F\u00fcr viele Branchen ist die Qualit\u00e4t das erste Auswahlkriterium, w\u00e4hrend es f\u00fcr andere Unternehmen wichtig ist, schnell eine gro\u00dfe Menge Kaffee aufbr\u00fchen zu k\u00f6nnen. Deshalb bietet Animo verschiedene Kaffeemaschinen an, die den unterschiedlichen Bed\u00fcrfnissen aller Branchen gerecht werden. Das Spektrum reicht von B\u00fcros, Hotels, Superm\u00e4rkten, Kantinen und Krankenh\u00e4usern bis hin zu Bildungseinrichtungen, Autowerkst\u00e4tten und Theatern&#8230; und viele mehr.<\/p>\n                                                \n                    <\/div>\n                <\/div>\n                                        <div class=\"col-12 col-lg\">\n                    <figure class=\"figure image_reversed\">\n                        <img decoding=\"async\" width=\"1024\" height=\"640\" src=\"https:\/\/animo.eu\/wp-content\/uploads\/2023\/07\/M-Line-Promo-image-1024x640.jpg\" class=\"img-fluid\" alt=\"\" loading=\"lazy\" srcset=\"https:\/\/animo.eu\/wp-content\/uploads\/2023\/07\/M-Line-Promo-image-1024x640.jpg 1024w, https:\/\/animo.eu\/wp-content\/uploads\/2023\/07\/M-Line-Promo-image-300x188.jpg 300w, https:\/\/animo.eu\/wp-content\/uploads\/2023\/07\/M-Line-Promo-image-768x480.jpg 768w, https:\/\/animo.eu\/wp-content\/uploads\/2023\/07\/M-Line-Promo-image-1536x960.jpg 1536w, https:\/\/animo.eu\/wp-content\/uploads\/2023\/07\/M-Line-Promo-image-70x44.jpg 70w, https:\/\/animo.eu\/wp-content\/uploads\/2023\/07\/M-Line-Promo-image-550x344.jpg 550w, https:\/\/animo.eu\/wp-content\/uploads\/2023\/07\/M-Line-Promo-image-800x500.jpg 800w, https:\/\/animo.eu\/wp-content\/uploads\/2023\/07\/M-Line-Promo-image-160x100.jpg 160w, https:\/\/animo.eu\/wp-content\/uploads\/2023\/07\/M-Line-Promo-image-150x94.jpg 150w, https:\/\/animo.eu\/wp-content\/uploads\/2023\/07\/M-Line-Promo-image.jpg 1920w\" sizes=\"(max-width: 1024px) 100vw, 1024px\" \/>                    <\/figure>\n                <\/div>\n                    <\/div>\n    <\/div>\n<\/section>\n","protected":false},"excerpt":{"rendered":"","protected":false},"author":1,"featured_media":18274,"parent":0,"menu_order":34,"comment_status":"closed","ping_status":"closed","template":"","meta":{"_acf_changed":false,"footnotes":""},"class_list":["post-37351","page","type-page","status-publish","has-post-thumbnail","hentry"],"acf":[],"yoast_head":"<!-- This site is optimized with the Yoast SEO plugin v25.5 - https:\/\/yoast.com\/wordpress\/plugins\/seo\/ -->\n<title>Kaffeemaschinen -<\/title>\n<meta name=\"description\" content=\"Kaffeemaschinen - Mit den Animo-Kaffeemaschinen k\u00f6nnen Sie ganz einfach frischen Kaffee zubereiten.\" \/>\n<meta name=\"robots\" content=\"index, follow, max-snippet:-1, max-image-preview:large, max-video-preview:-1\" \/>\n<link rel=\"canonical\" href=\"https:\/\/animo.eu\/de\/kaffeemaschinen_filterkaffee\/\" \/>\n<meta property=\"og:locale\" content=\"de_DE\" \/>\n<meta property=\"og:type\" content=\"article\" \/>\n<meta property=\"og:title\" content=\"Kaffeemaschinen -\" \/>\n<meta property=\"og:description\" content=\"Kaffeemaschinen - Mit den Animo-Kaffeemaschinen k\u00f6nnen Sie ganz einfach frischen Kaffee zubereiten.\" \/>\n<meta property=\"og:url\" content=\"https:\/\/animo.eu\/de\/kaffeemaschinen_filterkaffee\/\" \/>\n<meta property=\"article:publisher\" content=\"https:\/\/www.facebook.com\/animobv\/\" \/>\n<meta property=\"article:modified_time\" content=\"2024-01-23T08:08:02+00:00\" \/>\n<meta property=\"og:image\" content=\"https:\/\/animo.eu\/wp-content\/uploads\/2023\/08\/Combi-koffiezetapparaten.png\" \/>\n\t<meta property=\"og:image:width\" content=\"1772\" \/>\n\t<meta property=\"og:image:height\" content=\"1475\" \/>\n\t<meta property=\"og:image:type\" content=\"image\/png\" \/>\n<meta name=\"twitter:card\" content=\"summary_large_image\" \/>\n<meta name=\"twitter:site\" content=\"@animokoffie\" \/>\n<meta name=\"twitter:label1\" content=\"Gesch\u00e4tzte Lesezeit\" \/>\n\t<meta name=\"twitter:data1\" content=\"1\u00a0Minute\" \/>\n<script type=\"application\/ld+json\" class=\"yoast-schema-graph\">{\"@context\":\"https:\/\/schema.org\",\"@graph\":[{\"@type\":\"WebPage\",\"@id\":\"https:\/\/animo.eu\/de\/kaffeemaschinen_filterkaffee\/\",\"url\":\"https:\/\/animo.eu\/de\/kaffeemaschinen_filterkaffee\/\",\"name\":\"Kaffeemaschinen -\",\"isPartOf\":{\"@id\":\"https:\/\/animo.eu\/de\/#website\"},\"primaryImageOfPage\":{\"@id\":\"https:\/\/animo.eu\/de\/kaffeemaschinen_filterkaffee\/#primaryimage\"},\"image\":{\"@id\":\"https:\/\/animo.eu\/de\/kaffeemaschinen_filterkaffee\/#primaryimage\"},\"thumbnailUrl\":\"https:\/\/animo.eu\/wp-content\/uploads\/2023\/08\/Combi-koffiezetapparaten.png\",\"datePublished\":\"2023-03-14T12:11:11+00:00\",\"dateModified\":\"2024-01-23T08:08:02+00:00\",\"description\":\"Kaffeemaschinen - Mit den Animo-Kaffeemaschinen k\u00f6nnen Sie ganz einfach frischen Kaffee zubereiten.\",\"breadcrumb\":{\"@id\":\"https:\/\/animo.eu\/de\/kaffeemaschinen_filterkaffee\/#breadcrumb\"},\"inLanguage\":\"de\",\"potentialAction\":[{\"@type\":\"ReadAction\",\"target\":[\"https:\/\/animo.eu\/de\/kaffeemaschinen_filterkaffee\/\"]}]},{\"@type\":\"ImageObject\",\"inLanguage\":\"de\",\"@id\":\"https:\/\/animo.eu\/de\/kaffeemaschinen_filterkaffee\/#primaryimage\",\"url\":\"https:\/\/animo.eu\/wp-content\/uploads\/2023\/08\/Combi-koffiezetapparaten.png\",\"contentUrl\":\"https:\/\/animo.eu\/wp-content\/uploads\/2023\/08\/Combi-koffiezetapparaten.png\",\"width\":1772,\"height\":1475},{\"@type\":\"BreadcrumbList\",\"@id\":\"https:\/\/animo.eu\/de\/kaffeemaschinen_filterkaffee\/#breadcrumb\",\"itemListElement\":[{\"@type\":\"ListItem\",\"position\":1,\"name\":\"Home\",\"item\":\"https:\/\/animo.eu\/de\/\"},{\"@type\":\"ListItem\",\"position\":2,\"name\":\"Kaffeemaschinen\"}]},{\"@type\":\"WebSite\",\"@id\":\"https:\/\/animo.eu\/de\/#website\",\"url\":\"https:\/\/animo.eu\/de\/\",\"name\":\"\",\"description\":\"\",\"potentialAction\":[{\"@type\":\"SearchAction\",\"target\":{\"@type\":\"EntryPoint\",\"urlTemplate\":\"https:\/\/animo.eu\/de\/?s={search_term_string}\"},\"query-input\":{\"@type\":\"PropertyValueSpecification\",\"valueRequired\":true,\"valueName\":\"search_term_string\"}}],\"inLanguage\":\"de\"}]}<\/script>\n<!-- \/ Yoast SEO plugin. -->","yoast_head_json":{"title":"Kaffeemaschinen -","description":"Kaffeemaschinen - Mit den Animo-Kaffeemaschinen k\u00f6nnen Sie ganz einfach frischen Kaffee zubereiten.","robots":{"index":"index","follow":"follow","max-snippet":"max-snippet:-1","max-image-preview":"max-image-preview:large","max-video-preview":"max-video-preview:-1"},"canonical":"https:\/\/animo.eu\/de\/kaffeemaschinen_filterkaffee\/","og_locale":"de_DE","og_type":"article","og_title":"Kaffeemaschinen -","og_description":"Kaffeemaschinen - Mit den Animo-Kaffeemaschinen k\u00f6nnen Sie ganz einfach frischen Kaffee zubereiten.","og_url":"https:\/\/animo.eu\/de\/kaffeemaschinen_filterkaffee\/","article_publisher":"https:\/\/www.facebook.com\/animobv\/","article_modified_time":"2024-01-23T08:08:02+00:00","og_image":[{"width":1772,"height":1475,"url":"https:\/\/animo.eu\/wp-content\/uploads\/2023\/08\/Combi-koffiezetapparaten.png","type":"image\/png"}],"twitter_card":"summary_large_image","twitter_site":"@animokoffie","twitter_misc":{"Gesch\u00e4tzte Lesezeit":"1\u00a0Minute"},"schema":{"@context":"https:\/\/schema.org","@graph":[{"@type":"WebPage","@id":"https:\/\/animo.eu\/de\/kaffeemaschinen_filterkaffee\/","url":"https:\/\/animo.eu\/de\/kaffeemaschinen_filterkaffee\/","name":"Kaffeemaschinen -","isPartOf":{"@id":"https:\/\/animo.eu\/de\/#website"},"primaryImageOfPage":{"@id":"https:\/\/animo.eu\/de\/kaffeemaschinen_filterkaffee\/#primaryimage"},"image":{"@id":"https:\/\/animo.eu\/de\/kaffeemaschinen_filterkaffee\/#primaryimage"},"thumbnailUrl":"https:\/\/animo.eu\/wp-content\/uploads\/2023\/08\/Combi-koffiezetapparaten.png","datePublished":"2023-03-14T12:11:11+00:00","dateModified":"2024-01-23T08:08:02+00:00","description":"Kaffeemaschinen - Mit den Animo-Kaffeemaschinen k\u00f6nnen Sie ganz einfach frischen Kaffee zubereiten.","breadcrumb":{"@id":"https:\/\/animo.eu\/de\/kaffeemaschinen_filterkaffee\/#breadcrumb"},"inLanguage":"de","potentialAction":[{"@type":"ReadAction","target":["https:\/\/animo.eu\/de\/kaffeemaschinen_filterkaffee\/"]}]},{"@type":"ImageObject","inLanguage":"de","@id":"https:\/\/animo.eu\/de\/kaffeemaschinen_filterkaffee\/#primaryimage","url":"https:\/\/animo.eu\/wp-content\/uploads\/2023\/08\/Combi-koffiezetapparaten.png","contentUrl":"https:\/\/animo.eu\/wp-content\/uploads\/2023\/08\/Combi-koffiezetapparaten.png","width":1772,"height":1475},{"@type":"BreadcrumbList","@id":"https:\/\/animo.eu\/de\/kaffeemaschinen_filterkaffee\/#breadcrumb","itemListElement":[{"@type":"ListItem","position":1,"name":"Home","item":"https:\/\/animo.eu\/de\/"},{"@type":"ListItem","position":2,"name":"Kaffeemaschinen"}]},{"@type":"WebSite","@id":"https:\/\/animo.eu\/de\/#website","url":"https:\/\/animo.eu\/de\/","name":"","description":"","potentialAction":[{"@type":"SearchAction","target":{"@type":"EntryPoint","urlTemplate":"https:\/\/animo.eu\/de\/?s={search_term_string}"},"query-input":{"@type":"PropertyValueSpecification","valueRequired":true,"valueName":"search_term_string"}}],"inLanguage":"de"}]}},"_links":{"self":[{"href":"https:\/\/animo.eu\/de\/wp-json\/wp\/v2\/pages\/37351"}],"collection":[{"href":"https:\/\/animo.eu\/de\/wp-json\/wp\/v2\/pages"}],"about":[{"href":"https:\/\/animo.eu\/de\/wp-json\/wp\/v2\/types\/page"}],"author":[{"embeddable":true,"href":"https:\/\/animo.eu\/de\/wp-json\/wp\/v2\/users\/1"}],"replies":[{"embeddable":true,"href":"https:\/\/animo.eu\/de\/wp-json\/wp\/v2\/comments?post=37351"}],"version-history":[{"count":8,"href":"https:\/\/animo.eu\/de\/wp-json\/wp\/v2\/pages\/37351\/revisions"}],"predecessor-version":[{"id":47504,"href":"https:\/\/animo.eu\/de\/wp-json\/wp\/v2\/pages\/37351\/revisions\/47504"}],"wp:featuredmedia":[{"embeddable":true,"href":"https:\/\/animo.eu\/de\/wp-json\/wp\/v2\/media\/18274"}],"wp:attachment":[{"href":"https:\/\/animo.eu\/de\/wp-json\/wp\/v2\/media?parent=37351"}],"curies":[{"name":"wp","href":"https:\/\/api.w.org\/{rel}","templated":true}]}}