{"id":37466,"date":"2023-09-18T13:55:57","date_gmt":"2023-09-18T11:55:57","guid":{"rendered":"https:\/\/animo.eu\/unterstuetzung\/"},"modified":"2024-03-19T10:15:06","modified_gmt":"2024-03-19T09:15:06","slug":"unterstuetzung-2","status":"publish","type":"page","link":"https:\/\/animo.eu\/de\/unterstuetzung-2\/","title":{"rendered":"Unterst\u00fctzung"},"content":{"rendered":"\n<section  class=\"pane pane--white \">\n    <div class=\"container\">\n                    <div class=\"row justify-content-center mb-4\">\n                <div class=\"col-12\">\n                    <div class=\"pane__text\">\n                        <h2>Unterst\u00fctzung<\/h2>\n                    <\/div>\n                <\/div>\n            <\/div>\n        \n                                \n                            <div class=\"row row--equalized g-4 g-lg-3 g-xl-6\">\n                                            <div class=\"col-12 col-md-6 col-lg-3\">\n                            <div class=\"card card--product\">\n        <div class=\"card__image\">\n                    <img decoding=\"async\" width=\"550\" height=\"458\" src=\"https:\/\/animo.eu\/wp-content\/uploads\/2024\/02\/Formulier-header-550x458.jpg\" class=\"image wp-post-image\" alt=\"\" loading=\"lazy\" srcset=\"https:\/\/animo.eu\/wp-content\/uploads\/2024\/02\/Formulier-header-550x458.jpg 550w, https:\/\/animo.eu\/wp-content\/uploads\/2024\/02\/Formulier-header-300x250.jpg 300w, https:\/\/animo.eu\/wp-content\/uploads\/2024\/02\/Formulier-header-1024x852.jpg 1024w, https:\/\/animo.eu\/wp-content\/uploads\/2024\/02\/Formulier-header-768x639.jpg 768w, https:\/\/animo.eu\/wp-content\/uploads\/2024\/02\/Formulier-header-1536x1279.jpg 1536w, https:\/\/animo.eu\/wp-content\/uploads\/2024\/02\/Formulier-header-70x58.jpg 70w, https:\/\/animo.eu\/wp-content\/uploads\/2024\/02\/Formulier-header-800x666.jpg 800w, https:\/\/animo.eu\/wp-content\/uploads\/2024\/02\/Formulier-header-120x100.jpg 120w, https:\/\/animo.eu\/wp-content\/uploads\/2024\/02\/Formulier-header-150x125.jpg 150w, https:\/\/animo.eu\/wp-content\/uploads\/2024\/02\/Formulier-header.jpg 1772w\" sizes=\"(max-width: 550px) 100vw, 550px\" \/>                <\/div>\n    <div class=\"card-body\">\n        <h3 class=\"card-title\">Kontaktformular f\u00fcr Support<\/h3>\n            <\/div>\n    <div class=\"card-footer\">\n        <span class=\"btn btn-outline-secondary\">\n            <span class=\"btn__text\">Mehr Infos<\/span>\n            <svg class=\"icon icon--20 icon--arrow\">\n                <use xlink:href=\"https:\/\/animo.eu\/wp-content\/themes\/animo\/build\/img\/symbols.svg#arrow-right\"><\/use>\n            <\/svg>\n        <\/span>\n    <\/div>\n    <a class=\"stretched-link\" href=\"https:\/\/animo.eu\/de\/unterstuetzung-2\/unterstuetzung-fuer-kontaktformulare\/\"><\/a>\n<\/div>\n                        <\/div>\n                                            <div class=\"col-12 col-md-6 col-lg-3\">\n                            <div class=\"card card--product\">\n        <div class=\"card__image\">\n                    <img decoding=\"async\" width=\"550\" height=\"307\" src=\"https:\/\/animo.eu\/wp-content\/uploads\/2023\/01\/2022_04_04-animo-030-e1676041216579-550x307.jpg\" class=\"image wp-post-image\" alt=\"\" loading=\"lazy\" srcset=\"https:\/\/animo.eu\/wp-content\/uploads\/2023\/01\/2022_04_04-animo-030-e1676041216579-550x307.jpg 550w, https:\/\/animo.eu\/wp-content\/uploads\/2023\/01\/2022_04_04-animo-030-e1676041216579-300x167.jpg 300w, https:\/\/animo.eu\/wp-content\/uploads\/2023\/01\/2022_04_04-animo-030-e1676041216579-1024x571.jpg 1024w, https:\/\/animo.eu\/wp-content\/uploads\/2023\/01\/2022_04_04-animo-030-e1676041216579-768x428.jpg 768w, https:\/\/animo.eu\/wp-content\/uploads\/2023\/01\/2022_04_04-animo-030-e1676041216579-1536x856.jpg 1536w, https:\/\/animo.eu\/wp-content\/uploads\/2023\/01\/2022_04_04-animo-030-e1676041216579-70x39.jpg 70w, https:\/\/animo.eu\/wp-content\/uploads\/2023\/01\/2022_04_04-animo-030-e1676041216579-179x100.jpg 179w, https:\/\/animo.eu\/wp-content\/uploads\/2023\/01\/2022_04_04-animo-030-e1676041216579-150x84.jpg 150w, https:\/\/animo.eu\/wp-content\/uploads\/2023\/01\/2022_04_04-animo-030-e1676041216579.jpg 2000w\" sizes=\"(max-width: 550px) 100vw, 550px\" \/>                <\/div>\n    <div class=\"card-body\">\n        <h3 class=\"card-title\">Videos mit Anleitungen<\/h3>\n            <\/div>\n    <div class=\"card-footer\">\n        <span class=\"btn btn-outline-secondary\">\n            <span class=\"btn__text\">Mehr Infos<\/span>\n            <svg class=\"icon icon--20 icon--arrow\">\n                <use xlink:href=\"https:\/\/animo.eu\/wp-content\/themes\/animo\/build\/img\/symbols.svg#arrow-right\"><\/use>\n            <\/svg>\n        <\/span>\n    <\/div>\n    <a class=\"stretched-link\" href=\"https:\/\/animo.eu\/de\/unterstuetzung-2\/videos-mit-anleitungen\/\"><\/a>\n<\/div>\n                        <\/div>\n                                            <div class=\"col-12 col-md-6 col-lg-3\">\n                            <div class=\"card card--product\">\n        <div class=\"card__image\">\n                    <img decoding=\"async\" width=\"550\" height=\"458\" src=\"https:\/\/animo.eu\/wp-content\/uploads\/2024\/02\/Downloads-header-550x458.jpg\" class=\"image wp-post-image\" alt=\"\" loading=\"lazy\" srcset=\"https:\/\/animo.eu\/wp-content\/uploads\/2024\/02\/Downloads-header-550x458.jpg 550w, https:\/\/animo.eu\/wp-content\/uploads\/2024\/02\/Downloads-header-300x250.jpg 300w, https:\/\/animo.eu\/wp-content\/uploads\/2024\/02\/Downloads-header-1024x852.jpg 1024w, https:\/\/animo.eu\/wp-content\/uploads\/2024\/02\/Downloads-header-768x639.jpg 768w, https:\/\/animo.eu\/wp-content\/uploads\/2024\/02\/Downloads-header-1536x1279.jpg 1536w, https:\/\/animo.eu\/wp-content\/uploads\/2024\/02\/Downloads-header-70x58.jpg 70w, https:\/\/animo.eu\/wp-content\/uploads\/2024\/02\/Downloads-header-800x666.jpg 800w, https:\/\/animo.eu\/wp-content\/uploads\/2024\/02\/Downloads-header-120x100.jpg 120w, https:\/\/animo.eu\/wp-content\/uploads\/2024\/02\/Downloads-header-150x125.jpg 150w, https:\/\/animo.eu\/wp-content\/uploads\/2024\/02\/Downloads-header.jpg 1772w\" sizes=\"(max-width: 550px) 100vw, 550px\" \/>                <\/div>\n    <div class=\"card-body\">\n        <h3 class=\"card-title\">Herunterladen<\/h3>\n            <\/div>\n    <div class=\"card-footer\">\n        <span class=\"btn btn-outline-secondary\">\n            <span class=\"btn__text\">Mehr Infos<\/span>\n            <svg class=\"icon icon--20 icon--arrow\">\n                <use xlink:href=\"https:\/\/animo.eu\/wp-content\/themes\/animo\/build\/img\/symbols.svg#arrow-right\"><\/use>\n            <\/svg>\n        <\/span>\n    <\/div>\n    <a class=\"stretched-link\" href=\"https:\/\/animo.eu\/de\/unterstuetzung-2\/herunterladen\/\"><\/a>\n<\/div>\n                        <\/div>\n                                    <\/div>\n                                         <\/div>\n<\/section>\n\n<section  class=\"pane pane--white \">\n    <div class=\"container\">\n        <div class=\"row g-4 g-lg-8 g-xl-15 g-xxl-20 align-items-center flex-lg-row-reverse\">\n                            <div class=\"col-12 col-lg-6\">\n                    <div class=\"pane__text\">\n                        <h2>Unterst\u00fctzung<\/h2>\n<p>Die Abteilung Support &amp; Service ist mit ihrem fundierten Wissen und ihrer Erfahrung von unsch\u00e4tzbarem Wert f\u00fcr Animo. Diese Abteilung ist t\u00e4glich erreichbar und bietet technische Schulungen f\u00fcr Kunden vor Ort weltweit oder in Assen an. Auf diese Weise profitieren unsere H\u00e4ndler von den ausgezeichneten Kenntnissen von Animo und wir k\u00f6nnen unseren Service und unsere Qualit\u00e4t garantieren.<\/p>\n                                                \n                    <\/div>\n                <\/div>\n                                        <div class=\"col-12 col-lg\">\n                    <figure class=\"figure image_reversed\">\n                        <img decoding=\"async\" width=\"1024\" height=\"683\" src=\"https:\/\/animo.eu\/wp-content\/uploads\/2023\/08\/Support-uitleg-03-1024x683.jpg\" class=\"img-fluid\" alt=\"\" loading=\"lazy\" srcset=\"https:\/\/animo.eu\/wp-content\/uploads\/2023\/08\/Support-uitleg-03-1024x683.jpg 1024w, https:\/\/animo.eu\/wp-content\/uploads\/2023\/08\/Support-uitleg-03-300x200.jpg 300w, https:\/\/animo.eu\/wp-content\/uploads\/2023\/08\/Support-uitleg-03-768x512.jpg 768w, https:\/\/animo.eu\/wp-content\/uploads\/2023\/08\/Support-uitleg-03-1536x1024.jpg 1536w, https:\/\/animo.eu\/wp-content\/uploads\/2023\/08\/Support-uitleg-03-2048x1365.jpg 2048w, https:\/\/animo.eu\/wp-content\/uploads\/2023\/08\/Support-uitleg-03-70x47.jpg 70w, https:\/\/animo.eu\/wp-content\/uploads\/2023\/08\/Support-uitleg-03-550x367.jpg 550w, https:\/\/animo.eu\/wp-content\/uploads\/2023\/08\/Support-uitleg-03-800x533.jpg 800w, https:\/\/animo.eu\/wp-content\/uploads\/2023\/08\/Support-uitleg-03-150x100.jpg 150w\" sizes=\"(max-width: 1024px) 100vw, 1024px\" \/>                    <\/figure>\n                <\/div>\n                    <\/div>\n    <\/div>\n<\/section>\n","protected":false},"excerpt":{"rendered":"","protected":false},"author":21,"featured_media":44193,"parent":0,"menu_order":60,"comment_status":"closed","ping_status":"closed","template":"","meta":{"_acf_changed":false,"footnotes":""},"class_list":["post-37466","page","type-page","status-publish","has-post-thumbnail","hentry"],"acf":[],"yoast_head":"<!-- This site is optimized with the Yoast SEO plugin v25.5 - https:\/\/yoast.com\/wordpress\/plugins\/seo\/ -->\n<title>Unterst\u00fctzung -<\/title>\n<meta name=\"description\" content=\"Unterst\u00fctzung -\" \/>\n<meta name=\"robots\" content=\"index, follow, max-snippet:-1, max-image-preview:large, max-video-preview:-1\" \/>\n<link rel=\"canonical\" href=\"https:\/\/animo.eu\/de\/unterstuetzung-2\/\" \/>\n<meta property=\"og:locale\" content=\"de_DE\" \/>\n<meta property=\"og:type\" content=\"article\" \/>\n<meta property=\"og:title\" content=\"Unterst\u00fctzung -\" \/>\n<meta property=\"og:description\" content=\"Unterst\u00fctzung -\" \/>\n<meta property=\"og:url\" content=\"https:\/\/animo.eu\/de\/unterstuetzung-2\/\" \/>\n<meta property=\"article:publisher\" content=\"https:\/\/www.facebook.com\/animobv\/\" \/>\n<meta property=\"article:modified_time\" content=\"2024-03-19T09:15:06+00:00\" \/>\n<meta property=\"og:image\" content=\"https:\/\/animo.eu\/wp-content\/uploads\/2024\/01\/Animo-Support.jpg\" \/>\n\t<meta property=\"og:image:width\" content=\"491\" \/>\n\t<meta property=\"og:image:height\" content=\"491\" \/>\n\t<meta property=\"og:image:type\" content=\"image\/jpeg\" \/>\n<meta name=\"twitter:card\" content=\"summary_large_image\" \/>\n<meta name=\"twitter:site\" content=\"@animokoffie\" \/>\n<meta name=\"twitter:label1\" content=\"Gesch\u00e4tzte Lesezeit\" \/>\n\t<meta name=\"twitter:data1\" content=\"1\u00a0Minute\" \/>\n<script type=\"application\/ld+json\" class=\"yoast-schema-graph\">{\"@context\":\"https:\/\/schema.org\",\"@graph\":[{\"@type\":\"WebPage\",\"@id\":\"https:\/\/animo.eu\/de\/unterstuetzung-2\/\",\"url\":\"https:\/\/animo.eu\/de\/unterstuetzung-2\/\",\"name\":\"Unterst\u00fctzung -\",\"isPartOf\":{\"@id\":\"https:\/\/animo.eu\/de\/#website\"},\"primaryImageOfPage\":{\"@id\":\"https:\/\/animo.eu\/de\/unterstuetzung-2\/#primaryimage\"},\"image\":{\"@id\":\"https:\/\/animo.eu\/de\/unterstuetzung-2\/#primaryimage\"},\"thumbnailUrl\":\"https:\/\/animo.eu\/wp-content\/uploads\/2024\/01\/Animo-Support.jpg\",\"datePublished\":\"2023-09-18T11:55:57+00:00\",\"dateModified\":\"2024-03-19T09:15:06+00:00\",\"description\":\"Unterst\u00fctzung -\",\"breadcrumb\":{\"@id\":\"https:\/\/animo.eu\/de\/unterstuetzung-2\/#breadcrumb\"},\"inLanguage\":\"de\",\"potentialAction\":[{\"@type\":\"ReadAction\",\"target\":[\"https:\/\/animo.eu\/de\/unterstuetzung-2\/\"]}]},{\"@type\":\"ImageObject\",\"inLanguage\":\"de\",\"@id\":\"https:\/\/animo.eu\/de\/unterstuetzung-2\/#primaryimage\",\"url\":\"https:\/\/animo.eu\/wp-content\/uploads\/2024\/01\/Animo-Support.jpg\",\"contentUrl\":\"https:\/\/animo.eu\/wp-content\/uploads\/2024\/01\/Animo-Support.jpg\",\"width\":491,\"height\":491},{\"@type\":\"BreadcrumbList\",\"@id\":\"https:\/\/animo.eu\/de\/unterstuetzung-2\/#breadcrumb\",\"itemListElement\":[{\"@type\":\"ListItem\",\"position\":1,\"name\":\"Home\",\"item\":\"https:\/\/animo.eu\/de\/\"},{\"@type\":\"ListItem\",\"position\":2,\"name\":\"Unterst\u00fctzung\"}]},{\"@type\":\"WebSite\",\"@id\":\"https:\/\/animo.eu\/de\/#website\",\"url\":\"https:\/\/animo.eu\/de\/\",\"name\":\"\",\"description\":\"\",\"potentialAction\":[{\"@type\":\"SearchAction\",\"target\":{\"@type\":\"EntryPoint\",\"urlTemplate\":\"https:\/\/animo.eu\/de\/?s={search_term_string}\"},\"query-input\":{\"@type\":\"PropertyValueSpecification\",\"valueRequired\":true,\"valueName\":\"search_term_string\"}}],\"inLanguage\":\"de\"}]}<\/script>\n<!-- \/ Yoast SEO plugin. -->","yoast_head_json":{"title":"Unterst\u00fctzung -","description":"Unterst\u00fctzung -","robots":{"index":"index","follow":"follow","max-snippet":"max-snippet:-1","max-image-preview":"max-image-preview:large","max-video-preview":"max-video-preview:-1"},"canonical":"https:\/\/animo.eu\/de\/unterstuetzung-2\/","og_locale":"de_DE","og_type":"article","og_title":"Unterst\u00fctzung -","og_description":"Unterst\u00fctzung -","og_url":"https:\/\/animo.eu\/de\/unterstuetzung-2\/","article_publisher":"https:\/\/www.facebook.com\/animobv\/","article_modified_time":"2024-03-19T09:15:06+00:00","og_image":[{"width":491,"height":491,"url":"https:\/\/animo.eu\/wp-content\/uploads\/2024\/01\/Animo-Support.jpg","type":"image\/jpeg"}],"twitter_card":"summary_large_image","twitter_site":"@animokoffie","twitter_misc":{"Gesch\u00e4tzte Lesezeit":"1\u00a0Minute"},"schema":{"@context":"https:\/\/schema.org","@graph":[{"@type":"WebPage","@id":"https:\/\/animo.eu\/de\/unterstuetzung-2\/","url":"https:\/\/animo.eu\/de\/unterstuetzung-2\/","name":"Unterst\u00fctzung -","isPartOf":{"@id":"https:\/\/animo.eu\/de\/#website"},"primaryImageOfPage":{"@id":"https:\/\/animo.eu\/de\/unterstuetzung-2\/#primaryimage"},"image":{"@id":"https:\/\/animo.eu\/de\/unterstuetzung-2\/#primaryimage"},"thumbnailUrl":"https:\/\/animo.eu\/wp-content\/uploads\/2024\/01\/Animo-Support.jpg","datePublished":"2023-09-18T11:55:57+00:00","dateModified":"2024-03-19T09:15:06+00:00","description":"Unterst\u00fctzung -","breadcrumb":{"@id":"https:\/\/animo.eu\/de\/unterstuetzung-2\/#breadcrumb"},"inLanguage":"de","potentialAction":[{"@type":"ReadAction","target":["https:\/\/animo.eu\/de\/unterstuetzung-2\/"]}]},{"@type":"ImageObject","inLanguage":"de","@id":"https:\/\/animo.eu\/de\/unterstuetzung-2\/#primaryimage","url":"https:\/\/animo.eu\/wp-content\/uploads\/2024\/01\/Animo-Support.jpg","contentUrl":"https:\/\/animo.eu\/wp-content\/uploads\/2024\/01\/Animo-Support.jpg","width":491,"height":491},{"@type":"BreadcrumbList","@id":"https:\/\/animo.eu\/de\/unterstuetzung-2\/#breadcrumb","itemListElement":[{"@type":"ListItem","position":1,"name":"Home","item":"https:\/\/animo.eu\/de\/"},{"@type":"ListItem","position":2,"name":"Unterst\u00fctzung"}]},{"@type":"WebSite","@id":"https:\/\/animo.eu\/de\/#website","url":"https:\/\/animo.eu\/de\/","name":"","description":"","potentialAction":[{"@type":"SearchAction","target":{"@type":"EntryPoint","urlTemplate":"https:\/\/animo.eu\/de\/?s={search_term_string}"},"query-input":{"@type":"PropertyValueSpecification","valueRequired":true,"valueName":"search_term_string"}}],"inLanguage":"de"}]}},"_links":{"self":[{"href":"https:\/\/animo.eu\/de\/wp-json\/wp\/v2\/pages\/37466"}],"collection":[{"href":"https:\/\/animo.eu\/de\/wp-json\/wp\/v2\/pages"}],"about":[{"href":"https:\/\/animo.eu\/de\/wp-json\/wp\/v2\/types\/page"}],"author":[{"embeddable":true,"href":"https:\/\/animo.eu\/de\/wp-json\/wp\/v2\/users\/21"}],"replies":[{"embeddable":true,"href":"https:\/\/animo.eu\/de\/wp-json\/wp\/v2\/comments?post=37466"}],"version-history":[{"count":4,"href":"https:\/\/animo.eu\/de\/wp-json\/wp\/v2\/pages\/37466\/revisions"}],"predecessor-version":[{"id":56281,"href":"https:\/\/animo.eu\/de\/wp-json\/wp\/v2\/pages\/37466\/revisions\/56281"}],"wp:featuredmedia":[{"embeddable":true,"href":"https:\/\/animo.eu\/de\/wp-json\/wp\/v2\/media\/44193"}],"wp:attachment":[{"href":"https:\/\/animo.eu\/de\/wp-json\/wp\/v2\/media?parent=37466"}],"curies":[{"name":"wp","href":"https:\/\/api.w.org\/{rel}","templated":true}]}}