{"id":37627,"date":"2023-09-07T11:27:33","date_gmt":"2023-09-07T09:27:33","guid":{"rendered":"https:\/\/animo.eu\/kruege\/"},"modified":"2024-01-10T12:08:01","modified_gmt":"2024-01-10T11:08:01","slug":"kannen","status":"publish","type":"page","link":"https:\/\/animo.eu\/de\/kannen\/","title":{"rendered":"Kannen"},"content":{"rendered":"\n<section  class=\"pane pane--white \">\n    <div class=\"container\">\n                    <div class=\"row justify-content-center mb-4\">\n                <div class=\"col-12\">\n                    <div class=\"pane__text\">\n                        <h2>Animo-kannen<\/h2>\n                    <\/div>\n                <\/div>\n            <\/div>\n        \n                                \n                            <div class=\"row row--equalized g-4 g-lg-3 g-xl-6\">\n                                            <div class=\"col-12 col-md-6 col-lg-3\">\n                            <div class=\"card card--product\">\n                    <div class=\"card__image\">\n                    <img decoding=\"async\" width=\"550\" height=\"458\" src=\"https:\/\/animo.eu\/wp-content\/uploads\/2023\/09\/Animo-kannen-assortiment-550x458.png\" class=\"image wp-post-image\" alt=\"\" loading=\"lazy\" srcset=\"https:\/\/animo.eu\/wp-content\/uploads\/2023\/09\/Animo-kannen-assortiment-550x458.png 550w, https:\/\/animo.eu\/wp-content\/uploads\/2023\/09\/Animo-kannen-assortiment-300x250.png 300w, https:\/\/animo.eu\/wp-content\/uploads\/2023\/09\/Animo-kannen-assortiment-1024x852.png 1024w, https:\/\/animo.eu\/wp-content\/uploads\/2023\/09\/Animo-kannen-assortiment-768x639.png 768w, https:\/\/animo.eu\/wp-content\/uploads\/2023\/09\/Animo-kannen-assortiment-1536x1279.png 1536w, https:\/\/animo.eu\/wp-content\/uploads\/2023\/09\/Animo-kannen-assortiment-70x58.png 70w, https:\/\/animo.eu\/wp-content\/uploads\/2023\/09\/Animo-kannen-assortiment-800x666.png 800w, https:\/\/animo.eu\/wp-content\/uploads\/2023\/09\/Animo-kannen-assortiment-120x100.png 120w, https:\/\/animo.eu\/wp-content\/uploads\/2023\/09\/Animo-kannen-assortiment-150x125.png 150w, https:\/\/animo.eu\/wp-content\/uploads\/2023\/09\/Animo-kannen-assortiment.png 1772w\" sizes=\"(max-width: 550px) 100vw, 550px\" \/>                <\/div>\n    <div class=\"card-body\">\n        <h3 class=\"card-title\">Kannen<\/h3>\n                    <p class=\"mb-0\">Ideal f\u00fcr Kaffee und andere Hei\u00dfgetr\u00e4nke<\/p>\n            <\/div>\n    <div class=\"card-footer\">\n        <span class=\"btn btn-outline-secondary\">\n            <span class=\"btn__text\">Mehr Infos<\/span>\n            <svg class=\"icon icon--20 icon--arrow\">\n                <use xlink:href=\"https:\/\/animo.eu\/wp-content\/themes\/animo\/build\/img\/symbols.svg#arrow-right\"><\/use>\n            <\/svg>\n        <\/span>\n    <\/div>\n    <a class=\"stretched-link\" href=\"https:\/\/animo.eu\/de\/kannen\/kannen\/\"><\/a>\n<\/div>\n                        <\/div>\n                                    <\/div>\n                                         <\/div>\n<\/section>\n\n\n\n<section  class=\"pane pane--white \">\n    <div class=\"container\">\n        <div class=\"row g-4 g-lg-8 g-xl-15 g-xxl-20 align-items-center flex-lg-row-reverse\">\n                            <div class=\"col-12 col-lg-6\">\n                    <div class=\"pane__text\">\n                        <h2>Sch\u00f6n, langlebig und leicht zu reinigen<\/h2>\n<p>Steht ein pikantes Arbeitstreffen bevor? Aktivit\u00e4ten vor Ort? Verteilte G\u00e4ste, die hereinstr\u00f6men? Mit einer guten Thermoskanne ist man f\u00fcr alles ger\u00fcstet. Die Animo-Thermoskannen sind ideal f\u00fcr Kaffee und andere Hei\u00dfgetr\u00e4nke. Aber wussten Sie, dass Jer auch sehr gut darin ist, gek\u00fchlte Getr\u00e4nke k\u00fchl zu halten? F\u00fcr jedes Modell: sch\u00f6n, langlebig und leicht zu reinigen!<\/p>\n                                                \n                    <\/div>\n                <\/div>\n                                <\/div>\n    <\/div>\n<\/section>\n","protected":false},"excerpt":{"rendered":"","protected":false},"author":21,"featured_media":24837,"parent":0,"menu_order":53,"comment_status":"closed","ping_status":"closed","template":"","meta":{"_acf_changed":false,"footnotes":""},"class_list":["post-37627","page","type-page","status-publish","has-post-thumbnail","hentry"],"acf":[],"yoast_head":"<!-- This site is optimized with the Yoast SEO plugin v25.5 - https:\/\/yoast.com\/wordpress\/plugins\/seo\/ -->\n<title>Kannen -<\/title>\n<meta name=\"description\" content=\"Kannen -\" \/>\n<meta name=\"robots\" content=\"index, follow, max-snippet:-1, max-image-preview:large, max-video-preview:-1\" \/>\n<link rel=\"canonical\" href=\"https:\/\/animo.eu\/de\/kannen\/\" \/>\n<meta property=\"og:locale\" content=\"de_DE\" \/>\n<meta property=\"og:type\" content=\"article\" \/>\n<meta property=\"og:title\" content=\"Kannen -\" \/>\n<meta property=\"og:description\" content=\"Kannen -\" \/>\n<meta property=\"og:url\" content=\"https:\/\/animo.eu\/de\/kannen\/\" \/>\n<meta property=\"article:publisher\" content=\"https:\/\/www.facebook.com\/animobv\/\" \/>\n<meta property=\"article:modified_time\" content=\"2024-01-10T11:08:01+00:00\" \/>\n<meta property=\"og:image\" content=\"https:\/\/animo.eu\/wp-content\/uploads\/2023\/09\/Animo-Filter-paper-90-250.png\" \/>\n\t<meta property=\"og:image:width\" content=\"1236\" \/>\n\t<meta property=\"og:image:height\" content=\"868\" \/>\n\t<meta property=\"og:image:type\" content=\"image\/png\" \/>\n<meta name=\"twitter:card\" content=\"summary_large_image\" \/>\n<meta name=\"twitter:site\" content=\"@animokoffie\" \/>\n<meta name=\"twitter:label1\" content=\"Gesch\u00e4tzte Lesezeit\" \/>\n\t<meta name=\"twitter:data1\" content=\"1\u00a0Minute\" \/>\n<script type=\"application\/ld+json\" class=\"yoast-schema-graph\">{\"@context\":\"https:\/\/schema.org\",\"@graph\":[{\"@type\":\"WebPage\",\"@id\":\"https:\/\/animo.eu\/de\/kannen\/\",\"url\":\"https:\/\/animo.eu\/de\/kannen\/\",\"name\":\"Kannen -\",\"isPartOf\":{\"@id\":\"https:\/\/animo.eu\/de\/#website\"},\"primaryImageOfPage\":{\"@id\":\"https:\/\/animo.eu\/de\/kannen\/#primaryimage\"},\"image\":{\"@id\":\"https:\/\/animo.eu\/de\/kannen\/#primaryimage\"},\"thumbnailUrl\":\"https:\/\/animo.eu\/wp-content\/uploads\/2023\/09\/Animo-Filter-paper-90-250.png\",\"datePublished\":\"2023-09-07T09:27:33+00:00\",\"dateModified\":\"2024-01-10T11:08:01+00:00\",\"description\":\"Kannen -\",\"breadcrumb\":{\"@id\":\"https:\/\/animo.eu\/de\/kannen\/#breadcrumb\"},\"inLanguage\":\"de\",\"potentialAction\":[{\"@type\":\"ReadAction\",\"target\":[\"https:\/\/animo.eu\/de\/kannen\/\"]}]},{\"@type\":\"ImageObject\",\"inLanguage\":\"de\",\"@id\":\"https:\/\/animo.eu\/de\/kannen\/#primaryimage\",\"url\":\"https:\/\/animo.eu\/wp-content\/uploads\/2023\/09\/Animo-Filter-paper-90-250.png\",\"contentUrl\":\"https:\/\/animo.eu\/wp-content\/uploads\/2023\/09\/Animo-Filter-paper-90-250.png\",\"width\":1236,\"height\":868},{\"@type\":\"BreadcrumbList\",\"@id\":\"https:\/\/animo.eu\/de\/kannen\/#breadcrumb\",\"itemListElement\":[{\"@type\":\"ListItem\",\"position\":1,\"name\":\"Home\",\"item\":\"https:\/\/animo.eu\/de\/\"},{\"@type\":\"ListItem\",\"position\":2,\"name\":\"Kannen\"}]},{\"@type\":\"WebSite\",\"@id\":\"https:\/\/animo.eu\/de\/#website\",\"url\":\"https:\/\/animo.eu\/de\/\",\"name\":\"\",\"description\":\"\",\"potentialAction\":[{\"@type\":\"SearchAction\",\"target\":{\"@type\":\"EntryPoint\",\"urlTemplate\":\"https:\/\/animo.eu\/de\/?s={search_term_string}\"},\"query-input\":{\"@type\":\"PropertyValueSpecification\",\"valueRequired\":true,\"valueName\":\"search_term_string\"}}],\"inLanguage\":\"de\"}]}<\/script>\n<!-- \/ Yoast SEO plugin. -->","yoast_head_json":{"title":"Kannen -","description":"Kannen -","robots":{"index":"index","follow":"follow","max-snippet":"max-snippet:-1","max-image-preview":"max-image-preview:large","max-video-preview":"max-video-preview:-1"},"canonical":"https:\/\/animo.eu\/de\/kannen\/","og_locale":"de_DE","og_type":"article","og_title":"Kannen -","og_description":"Kannen -","og_url":"https:\/\/animo.eu\/de\/kannen\/","article_publisher":"https:\/\/www.facebook.com\/animobv\/","article_modified_time":"2024-01-10T11:08:01+00:00","og_image":[{"width":1236,"height":868,"url":"https:\/\/animo.eu\/wp-content\/uploads\/2023\/09\/Animo-Filter-paper-90-250.png","type":"image\/png"}],"twitter_card":"summary_large_image","twitter_site":"@animokoffie","twitter_misc":{"Gesch\u00e4tzte Lesezeit":"1\u00a0Minute"},"schema":{"@context":"https:\/\/schema.org","@graph":[{"@type":"WebPage","@id":"https:\/\/animo.eu\/de\/kannen\/","url":"https:\/\/animo.eu\/de\/kannen\/","name":"Kannen -","isPartOf":{"@id":"https:\/\/animo.eu\/de\/#website"},"primaryImageOfPage":{"@id":"https:\/\/animo.eu\/de\/kannen\/#primaryimage"},"image":{"@id":"https:\/\/animo.eu\/de\/kannen\/#primaryimage"},"thumbnailUrl":"https:\/\/animo.eu\/wp-content\/uploads\/2023\/09\/Animo-Filter-paper-90-250.png","datePublished":"2023-09-07T09:27:33+00:00","dateModified":"2024-01-10T11:08:01+00:00","description":"Kannen -","breadcrumb":{"@id":"https:\/\/animo.eu\/de\/kannen\/#breadcrumb"},"inLanguage":"de","potentialAction":[{"@type":"ReadAction","target":["https:\/\/animo.eu\/de\/kannen\/"]}]},{"@type":"ImageObject","inLanguage":"de","@id":"https:\/\/animo.eu\/de\/kannen\/#primaryimage","url":"https:\/\/animo.eu\/wp-content\/uploads\/2023\/09\/Animo-Filter-paper-90-250.png","contentUrl":"https:\/\/animo.eu\/wp-content\/uploads\/2023\/09\/Animo-Filter-paper-90-250.png","width":1236,"height":868},{"@type":"BreadcrumbList","@id":"https:\/\/animo.eu\/de\/kannen\/#breadcrumb","itemListElement":[{"@type":"ListItem","position":1,"name":"Home","item":"https:\/\/animo.eu\/de\/"},{"@type":"ListItem","position":2,"name":"Kannen"}]},{"@type":"WebSite","@id":"https:\/\/animo.eu\/de\/#website","url":"https:\/\/animo.eu\/de\/","name":"","description":"","potentialAction":[{"@type":"SearchAction","target":{"@type":"EntryPoint","urlTemplate":"https:\/\/animo.eu\/de\/?s={search_term_string}"},"query-input":{"@type":"PropertyValueSpecification","valueRequired":true,"valueName":"search_term_string"}}],"inLanguage":"de"}]}},"_links":{"self":[{"href":"https:\/\/animo.eu\/de\/wp-json\/wp\/v2\/pages\/37627"}],"collection":[{"href":"https:\/\/animo.eu\/de\/wp-json\/wp\/v2\/pages"}],"about":[{"href":"https:\/\/animo.eu\/de\/wp-json\/wp\/v2\/types\/page"}],"author":[{"embeddable":true,"href":"https:\/\/animo.eu\/de\/wp-json\/wp\/v2\/users\/21"}],"replies":[{"embeddable":true,"href":"https:\/\/animo.eu\/de\/wp-json\/wp\/v2\/comments?post=37627"}],"version-history":[{"count":5,"href":"https:\/\/animo.eu\/de\/wp-json\/wp\/v2\/pages\/37627\/revisions"}],"predecessor-version":[{"id":44804,"href":"https:\/\/animo.eu\/de\/wp-json\/wp\/v2\/pages\/37627\/revisions\/44804"}],"wp:featuredmedia":[{"embeddable":true,"href":"https:\/\/animo.eu\/de\/wp-json\/wp\/v2\/media\/24837"}],"wp:attachment":[{"href":"https:\/\/animo.eu\/de\/wp-json\/wp\/v2\/media?parent=37627"}],"curies":[{"name":"wp","href":"https:\/\/api.w.org\/{rel}","templated":true}]}}