{"id":41472,"date":"2023-08-29T12:06:48","date_gmt":"2023-08-29T10:06:48","guid":{"rendered":"https:\/\/animo.eu\/wassertank\/"},"modified":"2023-12-11T09:41:03","modified_gmt":"2023-12-11T08:41:03","slug":"wassertank","status":"publish","type":"page","link":"https:\/\/animo.eu\/de\/wassertank\/","title":{"rendered":"Wassertank"},"content":{"rendered":"\n<section  class=\"pane pane--white \">\n    <div class=\"container\">\n                    <div class=\"row justify-content-center mb-4\">\n                <div class=\"col-12\">\n                    <div class=\"pane__text\">\n                        <h2>Wassertank<\/h2>\n                    <\/div>\n                <\/div>\n            <\/div>\n        \n                                \n                            <div class=\"row row--equalized g-4 g-lg-3 g-xl-6\">\n                                            <div class=\"col-12 col-md-6 col-lg-3\">\n                            <div class=\"card card--product\">\n                    <div class=\"card__image\">\n                    <img decoding=\"async\" width=\"367\" height=\"550\" src=\"https:\/\/animo.eu\/wp-content\/uploads\/2024\/02\/OptiMe-Water-revervoir-open-2-367x550.png\" class=\"image wp-post-image\" alt=\"\" loading=\"lazy\" srcset=\"https:\/\/animo.eu\/wp-content\/uploads\/2024\/02\/OptiMe-Water-revervoir-open-2-367x550.png 367w, https:\/\/animo.eu\/wp-content\/uploads\/2024\/02\/OptiMe-Water-revervoir-open-2-200x300.png 200w, https:\/\/animo.eu\/wp-content\/uploads\/2024\/02\/OptiMe-Water-revervoir-open-2-683x1024.png 683w, https:\/\/animo.eu\/wp-content\/uploads\/2024\/02\/OptiMe-Water-revervoir-open-2-768x1152.png 768w, https:\/\/animo.eu\/wp-content\/uploads\/2024\/02\/OptiMe-Water-revervoir-open-2-1024x1536.png 1024w, https:\/\/animo.eu\/wp-content\/uploads\/2024\/02\/OptiMe-Water-revervoir-open-2-1365x2048.png 1365w, https:\/\/animo.eu\/wp-content\/uploads\/2024\/02\/OptiMe-Water-revervoir-open-2-47x70.png 47w, https:\/\/animo.eu\/wp-content\/uploads\/2024\/02\/OptiMe-Water-revervoir-open-2-533x800.png 533w, https:\/\/animo.eu\/wp-content\/uploads\/2024\/02\/OptiMe-Water-revervoir-open-2-67x100.png 67w, https:\/\/animo.eu\/wp-content\/uploads\/2024\/02\/OptiMe-Water-revervoir-open-2-100x150.png 100w\" sizes=\"(max-width: 367px) 100vw, 367px\" \/>                <\/div>\n    <div class=\"card-body\">\n        <h3 class=\"card-title\">Wassertank<\/h3>\n                    <p class=\"mb-0\">Wenn kein Wasseranschluss vorhanden ist<\/p>\n            <\/div>\n    <div class=\"card-footer\">\n        <span class=\"btn btn-outline-secondary\">\n            <span class=\"btn__text\">Mehr Infos<\/span>\n            <svg class=\"icon icon--20 icon--arrow\">\n                <use xlink:href=\"https:\/\/animo.eu\/wp-content\/themes\/animo\/build\/img\/symbols.svg#arrow-right\"><\/use>\n            <\/svg>\n        <\/span>\n    <\/div>\n    <a class=\"stretched-link\" href=\"https:\/\/animo.eu\/de\/wassertank\/wassertank\/\"><\/a>\n<\/div>\n                        <\/div>\n                                    <\/div>\n                                         <\/div>\n<\/section>\n\n<section  class=\"pane pane--white \">\n    <div class=\"container\">\n        <div class=\"row g-4 g-lg-8 g-xl-15 g-xxl-20 align-items-center flex-lg-row-reverse\">\n                            <div class=\"col-12 col-lg-6\">\n                    <div class=\"pane__text\">\n                        <h2>Animo-Add-ons f\u00fcr zus\u00e4tzlichen Mehrwert<\/h2>\n<p>Um den Animo-Maschinen einen zus\u00e4tzlichen Wert zu verleihen, haben wir verschiedene Zusatzger\u00e4te im Programm. Dazu geh\u00f6ren Becherspender, Becherw\u00e4rmer, Bezahlsysteme und viele andere Annehmlichkeiten, die die Animo-Automaten zu etwas ganz Besonderem machen.<\/p>\n                                                \n                    <\/div>\n                <\/div>\n                                <\/div>\n    <\/div>\n<\/section>\n","protected":false},"excerpt":{"rendered":"","protected":false},"author":21,"featured_media":20198,"parent":0,"menu_order":53,"comment_status":"closed","ping_status":"closed","template":"","meta":{"_acf_changed":false,"footnotes":""},"class_list":["post-41472","page","type-page","status-publish","has-post-thumbnail","hentry"],"acf":[],"yoast_head":"<!-- This site is optimized with the Yoast SEO plugin v25.5 - https:\/\/yoast.com\/wordpress\/plugins\/seo\/ -->\n<title>Wassertank -<\/title>\n<meta name=\"description\" content=\"Wassertank -\" \/>\n<meta name=\"robots\" content=\"index, follow, max-snippet:-1, max-image-preview:large, max-video-preview:-1\" \/>\n<link rel=\"canonical\" href=\"https:\/\/animo.eu\/de\/wassertank\/\" \/>\n<meta property=\"og:locale\" content=\"de_DE\" \/>\n<meta property=\"og:type\" content=\"article\" \/>\n<meta property=\"og:title\" content=\"Wassertank -\" \/>\n<meta property=\"og:description\" content=\"Wassertank -\" \/>\n<meta property=\"og:url\" content=\"https:\/\/animo.eu\/de\/wassertank\/\" \/>\n<meta property=\"article:publisher\" content=\"https:\/\/www.facebook.com\/animobv\/\" \/>\n<meta property=\"article:modified_time\" content=\"2023-12-11T08:41:03+00:00\" \/>\n<meta property=\"og:image\" content=\"https:\/\/animo.eu\/wp-content\/uploads\/2023\/08\/Betalingssytemen-overzicht-1.png\" \/>\n\t<meta property=\"og:image:width\" content=\"1137\" \/>\n\t<meta property=\"og:image:height\" content=\"792\" \/>\n\t<meta property=\"og:image:type\" content=\"image\/png\" \/>\n<meta name=\"twitter:card\" content=\"summary_large_image\" \/>\n<meta name=\"twitter:site\" content=\"@animokoffie\" \/>\n<script type=\"application\/ld+json\" class=\"yoast-schema-graph\">{\"@context\":\"https:\/\/schema.org\",\"@graph\":[{\"@type\":\"WebPage\",\"@id\":\"https:\/\/animo.eu\/de\/wassertank\/\",\"url\":\"https:\/\/animo.eu\/de\/wassertank\/\",\"name\":\"Wassertank -\",\"isPartOf\":{\"@id\":\"https:\/\/animo.eu\/de\/#website\"},\"primaryImageOfPage\":{\"@id\":\"https:\/\/animo.eu\/de\/wassertank\/#primaryimage\"},\"image\":{\"@id\":\"https:\/\/animo.eu\/de\/wassertank\/#primaryimage\"},\"thumbnailUrl\":\"https:\/\/animo.eu\/wp-content\/uploads\/2023\/08\/Betalingssytemen-overzicht-1.png\",\"datePublished\":\"2023-08-29T10:06:48+00:00\",\"dateModified\":\"2023-12-11T08:41:03+00:00\",\"description\":\"Wassertank -\",\"breadcrumb\":{\"@id\":\"https:\/\/animo.eu\/de\/wassertank\/#breadcrumb\"},\"inLanguage\":\"de\",\"potentialAction\":[{\"@type\":\"ReadAction\",\"target\":[\"https:\/\/animo.eu\/de\/wassertank\/\"]}]},{\"@type\":\"ImageObject\",\"inLanguage\":\"de\",\"@id\":\"https:\/\/animo.eu\/de\/wassertank\/#primaryimage\",\"url\":\"https:\/\/animo.eu\/wp-content\/uploads\/2023\/08\/Betalingssytemen-overzicht-1.png\",\"contentUrl\":\"https:\/\/animo.eu\/wp-content\/uploads\/2023\/08\/Betalingssytemen-overzicht-1.png\",\"width\":1137,\"height\":792},{\"@type\":\"BreadcrumbList\",\"@id\":\"https:\/\/animo.eu\/de\/wassertank\/#breadcrumb\",\"itemListElement\":[{\"@type\":\"ListItem\",\"position\":1,\"name\":\"Home\",\"item\":\"https:\/\/animo.eu\/de\/\"},{\"@type\":\"ListItem\",\"position\":2,\"name\":\"Wassertank\"}]},{\"@type\":\"WebSite\",\"@id\":\"https:\/\/animo.eu\/de\/#website\",\"url\":\"https:\/\/animo.eu\/de\/\",\"name\":\"\",\"description\":\"\",\"potentialAction\":[{\"@type\":\"SearchAction\",\"target\":{\"@type\":\"EntryPoint\",\"urlTemplate\":\"https:\/\/animo.eu\/de\/?s={search_term_string}\"},\"query-input\":{\"@type\":\"PropertyValueSpecification\",\"valueRequired\":true,\"valueName\":\"search_term_string\"}}],\"inLanguage\":\"de\"}]}<\/script>\n<!-- \/ Yoast SEO plugin. -->","yoast_head_json":{"title":"Wassertank -","description":"Wassertank -","robots":{"index":"index","follow":"follow","max-snippet":"max-snippet:-1","max-image-preview":"max-image-preview:large","max-video-preview":"max-video-preview:-1"},"canonical":"https:\/\/animo.eu\/de\/wassertank\/","og_locale":"de_DE","og_type":"article","og_title":"Wassertank -","og_description":"Wassertank -","og_url":"https:\/\/animo.eu\/de\/wassertank\/","article_publisher":"https:\/\/www.facebook.com\/animobv\/","article_modified_time":"2023-12-11T08:41:03+00:00","og_image":[{"width":1137,"height":792,"url":"https:\/\/animo.eu\/wp-content\/uploads\/2023\/08\/Betalingssytemen-overzicht-1.png","type":"image\/png"}],"twitter_card":"summary_large_image","twitter_site":"@animokoffie","schema":{"@context":"https:\/\/schema.org","@graph":[{"@type":"WebPage","@id":"https:\/\/animo.eu\/de\/wassertank\/","url":"https:\/\/animo.eu\/de\/wassertank\/","name":"Wassertank -","isPartOf":{"@id":"https:\/\/animo.eu\/de\/#website"},"primaryImageOfPage":{"@id":"https:\/\/animo.eu\/de\/wassertank\/#primaryimage"},"image":{"@id":"https:\/\/animo.eu\/de\/wassertank\/#primaryimage"},"thumbnailUrl":"https:\/\/animo.eu\/wp-content\/uploads\/2023\/08\/Betalingssytemen-overzicht-1.png","datePublished":"2023-08-29T10:06:48+00:00","dateModified":"2023-12-11T08:41:03+00:00","description":"Wassertank -","breadcrumb":{"@id":"https:\/\/animo.eu\/de\/wassertank\/#breadcrumb"},"inLanguage":"de","potentialAction":[{"@type":"ReadAction","target":["https:\/\/animo.eu\/de\/wassertank\/"]}]},{"@type":"ImageObject","inLanguage":"de","@id":"https:\/\/animo.eu\/de\/wassertank\/#primaryimage","url":"https:\/\/animo.eu\/wp-content\/uploads\/2023\/08\/Betalingssytemen-overzicht-1.png","contentUrl":"https:\/\/animo.eu\/wp-content\/uploads\/2023\/08\/Betalingssytemen-overzicht-1.png","width":1137,"height":792},{"@type":"BreadcrumbList","@id":"https:\/\/animo.eu\/de\/wassertank\/#breadcrumb","itemListElement":[{"@type":"ListItem","position":1,"name":"Home","item":"https:\/\/animo.eu\/de\/"},{"@type":"ListItem","position":2,"name":"Wassertank"}]},{"@type":"WebSite","@id":"https:\/\/animo.eu\/de\/#website","url":"https:\/\/animo.eu\/de\/","name":"","description":"","potentialAction":[{"@type":"SearchAction","target":{"@type":"EntryPoint","urlTemplate":"https:\/\/animo.eu\/de\/?s={search_term_string}"},"query-input":{"@type":"PropertyValueSpecification","valueRequired":true,"valueName":"search_term_string"}}],"inLanguage":"de"}]}},"_links":{"self":[{"href":"https:\/\/animo.eu\/de\/wp-json\/wp\/v2\/pages\/41472"}],"collection":[{"href":"https:\/\/animo.eu\/de\/wp-json\/wp\/v2\/pages"}],"about":[{"href":"https:\/\/animo.eu\/de\/wp-json\/wp\/v2\/types\/page"}],"author":[{"embeddable":true,"href":"https:\/\/animo.eu\/de\/wp-json\/wp\/v2\/users\/21"}],"replies":[{"embeddable":true,"href":"https:\/\/animo.eu\/de\/wp-json\/wp\/v2\/comments?post=41472"}],"version-history":[{"count":1,"href":"https:\/\/animo.eu\/de\/wp-json\/wp\/v2\/pages\/41472\/revisions"}],"predecessor-version":[{"id":41473,"href":"https:\/\/animo.eu\/de\/wp-json\/wp\/v2\/pages\/41472\/revisions\/41473"}],"wp:featuredmedia":[{"embeddable":true,"href":"https:\/\/animo.eu\/de\/wp-json\/wp\/v2\/media\/20198"}],"wp:attachment":[{"href":"https:\/\/animo.eu\/de\/wp-json\/wp\/v2\/media?parent=41472"}],"curies":[{"name":"wp","href":"https:\/\/api.w.org\/{rel}","templated":true}]}}