{"id":41824,"date":"2023-09-12T10:24:06","date_gmt":"2023-09-12T08:24:06","guid":{"rendered":"https:\/\/animo.eu\/?page_id=41824"},"modified":"2024-03-26T16:23:05","modified_gmt":"2024-03-26T15:23:05","slug":"pdf_buro_und_geschaeft","status":"publish","type":"page","link":"https:\/\/animo.eu\/de\/branchen\/kaffeemaschinen-fuer-buero-und-geschaeft\/pdf_buro_und_geschaeft\/","title":{"rendered":"PDF B\u00fcro und Gesch\u00e4ft"},"content":{"rendered":"\n<section  class=\"pane pane--white \">\n    <div class=\"container\">\n        <div class=\"row g-4 g-lg-8 g-xl-15 justify-content-center\">\n                                                <div class=\"col-12 col-lg-12\">\n                        <div class=\"pane__text\">\n                            <div class=\"_df_book df-lite\" id=\"df_41803\"  _slug=\"tipsheet-kantoor-en-bedrijf-de\" data-title=\"tipsheet-kantoor-en-bedrijf-de\" wpoptions=\"true\" thumb=\"https:\/\/animo.eu\/wp-content\/uploads\/2023\/09\/Tipsheet-cover-kantoor-scaled.jpg\" thumbtype=\"\" ><\/div><script class=\"df-shortcode-script\" nowprocket type=\"application\/javascript\">window.option_df_41803 = {\"outline\":[],\"autoEnableOutline\":\"false\",\"autoEnableThumbnail\":\"false\",\"overwritePDFOutline\":\"false\",\"direction\":\"1\",\"pageSize\":\"0\",\"source\":\"https:\\\/\\\/animo.eu\\\/wp-content\\\/uploads\\\/2023\\\/12\\\/Tipsheet-Koffie-op-Kantoor-DE.pdf\",\"wpOptions\":\"true\"}; if(window.DFLIP && window.DFLIP.parseBooks){window.DFLIP.parseBooks();}<\/script>\n                                                    <\/div>\n                    <\/div>\n                                    <\/div>\n    <\/div>\n<\/section>\n","protected":false},"excerpt":{"rendered":"","protected":false},"author":21,"featured_media":0,"parent":40141,"menu_order":0,"comment_status":"closed","ping_status":"closed","template":"","meta":{"_acf_changed":false,"footnotes":""},"class_list":["post-41824","page","type-page","status-publish","hentry"],"acf":[],"yoast_head":"<!-- This site is optimized with the Yoast SEO plugin v25.5 - https:\/\/yoast.com\/wordpress\/plugins\/seo\/ -->\n<title>PDF B\u00fcro und Gesch\u00e4ft -<\/title>\n<meta name=\"description\" content=\"PDF B\u00fcro und Gesch\u00e4ft -\" \/>\n<meta name=\"robots\" content=\"index, follow, max-snippet:-1, max-image-preview:large, max-video-preview:-1\" \/>\n<link rel=\"canonical\" href=\"https:\/\/animo.eu\/de\/branchen\/kaffeemaschinen-fuer-buero-und-geschaeft\/pdf_buro_und_geschaeft\/\" \/>\n<meta property=\"og:locale\" content=\"de_DE\" \/>\n<meta property=\"og:type\" content=\"article\" \/>\n<meta property=\"og:title\" content=\"PDF B\u00fcro und Gesch\u00e4ft -\" \/>\n<meta property=\"og:description\" content=\"PDF B\u00fcro und Gesch\u00e4ft -\" \/>\n<meta property=\"og:url\" content=\"https:\/\/animo.eu\/de\/branchen\/kaffeemaschinen-fuer-buero-und-geschaeft\/pdf_buro_und_geschaeft\/\" \/>\n<meta property=\"article:publisher\" content=\"https:\/\/www.facebook.com\/animobv\/\" \/>\n<meta property=\"article:modified_time\" content=\"2024-03-26T15:23:05+00:00\" \/>\n<meta property=\"og:image\" content=\"https:\/\/animo.eu\/wp-content\/uploads\/2023\/06\/animo-dedicated-logo.png\" \/>\n\t<meta property=\"og:image:width\" content=\"1000\" \/>\n\t<meta property=\"og:image:height\" content=\"364\" \/>\n\t<meta property=\"og:image:type\" content=\"image\/png\" \/>\n<meta name=\"twitter:card\" content=\"summary_large_image\" \/>\n<meta name=\"twitter:site\" content=\"@animokoffie\" \/>\n<script type=\"application\/ld+json\" class=\"yoast-schema-graph\">{\"@context\":\"https:\/\/schema.org\",\"@graph\":[{\"@type\":\"WebPage\",\"@id\":\"https:\/\/animo.eu\/de\/branchen\/kaffeemaschinen-fuer-buero-und-geschaeft\/pdf_buro_und_geschaeft\/\",\"url\":\"https:\/\/animo.eu\/de\/branchen\/kaffeemaschinen-fuer-buero-und-geschaeft\/pdf_buro_und_geschaeft\/\",\"name\":\"PDF B\u00fcro und Gesch\u00e4ft -\",\"isPartOf\":{\"@id\":\"https:\/\/animo.eu\/de\/#website\"},\"datePublished\":\"2023-09-12T08:24:06+00:00\",\"dateModified\":\"2024-03-26T15:23:05+00:00\",\"description\":\"PDF B\u00fcro und Gesch\u00e4ft -\",\"breadcrumb\":{\"@id\":\"https:\/\/animo.eu\/de\/branchen\/kaffeemaschinen-fuer-buero-und-geschaeft\/pdf_buro_und_geschaeft\/#breadcrumb\"},\"inLanguage\":\"de\",\"potentialAction\":[{\"@type\":\"ReadAction\",\"target\":[\"https:\/\/animo.eu\/de\/branchen\/kaffeemaschinen-fuer-buero-und-geschaeft\/pdf_buro_und_geschaeft\/\"]}]},{\"@type\":\"BreadcrumbList\",\"@id\":\"https:\/\/animo.eu\/de\/branchen\/kaffeemaschinen-fuer-buero-und-geschaeft\/pdf_buro_und_geschaeft\/#breadcrumb\",\"itemListElement\":[{\"@type\":\"ListItem\",\"position\":1,\"name\":\"Home\",\"item\":\"https:\/\/animo.eu\/de\/\"},{\"@type\":\"ListItem\",\"position\":2,\"name\":\"Branchen\",\"item\":\"https:\/\/animo.eu\/de\/branchen\/\"},{\"@type\":\"ListItem\",\"position\":3,\"name\":\"Kaffeemaschinen f\u00fcr B\u00fcro und Gesch\u00e4ft\",\"item\":\"https:\/\/animo.eu\/de\/branchen\/kaffeemaschinen-fuer-buero-und-geschaeft\/\"},{\"@type\":\"ListItem\",\"position\":4,\"name\":\"PDF B\u00fcro und Gesch\u00e4ft\"}]},{\"@type\":\"WebSite\",\"@id\":\"https:\/\/animo.eu\/de\/#website\",\"url\":\"https:\/\/animo.eu\/de\/\",\"name\":\"\",\"description\":\"\",\"potentialAction\":[{\"@type\":\"SearchAction\",\"target\":{\"@type\":\"EntryPoint\",\"urlTemplate\":\"https:\/\/animo.eu\/de\/?s={search_term_string}\"},\"query-input\":{\"@type\":\"PropertyValueSpecification\",\"valueRequired\":true,\"valueName\":\"search_term_string\"}}],\"inLanguage\":\"de\"}]}<\/script>\n<!-- \/ Yoast SEO plugin. -->","yoast_head_json":{"title":"PDF B\u00fcro und Gesch\u00e4ft -","description":"PDF B\u00fcro und Gesch\u00e4ft -","robots":{"index":"index","follow":"follow","max-snippet":"max-snippet:-1","max-image-preview":"max-image-preview:large","max-video-preview":"max-video-preview:-1"},"canonical":"https:\/\/animo.eu\/de\/branchen\/kaffeemaschinen-fuer-buero-und-geschaeft\/pdf_buro_und_geschaeft\/","og_locale":"de_DE","og_type":"article","og_title":"PDF B\u00fcro und Gesch\u00e4ft -","og_description":"PDF B\u00fcro und Gesch\u00e4ft -","og_url":"https:\/\/animo.eu\/de\/branchen\/kaffeemaschinen-fuer-buero-und-geschaeft\/pdf_buro_und_geschaeft\/","article_publisher":"https:\/\/www.facebook.com\/animobv\/","article_modified_time":"2024-03-26T15:23:05+00:00","og_image":[{"width":1000,"height":364,"url":"https:\/\/animo.eu\/wp-content\/uploads\/2023\/06\/animo-dedicated-logo.png","type":"image\/png"}],"twitter_card":"summary_large_image","twitter_site":"@animokoffie","schema":{"@context":"https:\/\/schema.org","@graph":[{"@type":"WebPage","@id":"https:\/\/animo.eu\/de\/branchen\/kaffeemaschinen-fuer-buero-und-geschaeft\/pdf_buro_und_geschaeft\/","url":"https:\/\/animo.eu\/de\/branchen\/kaffeemaschinen-fuer-buero-und-geschaeft\/pdf_buro_und_geschaeft\/","name":"PDF B\u00fcro und Gesch\u00e4ft -","isPartOf":{"@id":"https:\/\/animo.eu\/de\/#website"},"datePublished":"2023-09-12T08:24:06+00:00","dateModified":"2024-03-26T15:23:05+00:00","description":"PDF B\u00fcro und Gesch\u00e4ft -","breadcrumb":{"@id":"https:\/\/animo.eu\/de\/branchen\/kaffeemaschinen-fuer-buero-und-geschaeft\/pdf_buro_und_geschaeft\/#breadcrumb"},"inLanguage":"de","potentialAction":[{"@type":"ReadAction","target":["https:\/\/animo.eu\/de\/branchen\/kaffeemaschinen-fuer-buero-und-geschaeft\/pdf_buro_und_geschaeft\/"]}]},{"@type":"BreadcrumbList","@id":"https:\/\/animo.eu\/de\/branchen\/kaffeemaschinen-fuer-buero-und-geschaeft\/pdf_buro_und_geschaeft\/#breadcrumb","itemListElement":[{"@type":"ListItem","position":1,"name":"Home","item":"https:\/\/animo.eu\/de\/"},{"@type":"ListItem","position":2,"name":"Branchen","item":"https:\/\/animo.eu\/de\/branchen\/"},{"@type":"ListItem","position":3,"name":"Kaffeemaschinen f\u00fcr B\u00fcro und Gesch\u00e4ft","item":"https:\/\/animo.eu\/de\/branchen\/kaffeemaschinen-fuer-buero-und-geschaeft\/"},{"@type":"ListItem","position":4,"name":"PDF B\u00fcro und Gesch\u00e4ft"}]},{"@type":"WebSite","@id":"https:\/\/animo.eu\/de\/#website","url":"https:\/\/animo.eu\/de\/","name":"","description":"","potentialAction":[{"@type":"SearchAction","target":{"@type":"EntryPoint","urlTemplate":"https:\/\/animo.eu\/de\/?s={search_term_string}"},"query-input":{"@type":"PropertyValueSpecification","valueRequired":true,"valueName":"search_term_string"}}],"inLanguage":"de"}]}},"_links":{"self":[{"href":"https:\/\/animo.eu\/de\/wp-json\/wp\/v2\/pages\/41824"}],"collection":[{"href":"https:\/\/animo.eu\/de\/wp-json\/wp\/v2\/pages"}],"about":[{"href":"https:\/\/animo.eu\/de\/wp-json\/wp\/v2\/types\/page"}],"author":[{"embeddable":true,"href":"https:\/\/animo.eu\/de\/wp-json\/wp\/v2\/users\/21"}],"replies":[{"embeddable":true,"href":"https:\/\/animo.eu\/de\/wp-json\/wp\/v2\/comments?post=41824"}],"version-history":[{"count":4,"href":"https:\/\/animo.eu\/de\/wp-json\/wp\/v2\/pages\/41824\/revisions"}],"predecessor-version":[{"id":65673,"href":"https:\/\/animo.eu\/de\/wp-json\/wp\/v2\/pages\/41824\/revisions\/65673"}],"up":[{"embeddable":true,"href":"https:\/\/animo.eu\/de\/wp-json\/wp\/v2\/pages\/40141"}],"wp:attachment":[{"href":"https:\/\/animo.eu\/de\/wp-json\/wp\/v2\/media?parent=41824"}],"curies":[{"name":"wp","href":"https:\/\/api.w.org\/{rel}","templated":true}]}}