{"id":41949,"date":"2023-09-06T11:15:15","date_gmt":"2023-09-06T09:15:15","guid":{"rendered":"https:\/\/animo.eu\/wasserfilter\/"},"modified":"2023-12-15T10:02:58","modified_gmt":"2023-12-15T09:02:58","slug":"wasserfilter","status":"publish","type":"page","link":"https:\/\/animo.eu\/de\/wasserfilter\/","title":{"rendered":"Wasserfilter"},"content":{"rendered":"\n<section  class=\"pane pane--white \">\n    <div class=\"container\">\n                    <div class=\"row justify-content-center mb-4\">\n                <div class=\"col-12\">\n                    <div class=\"pane__text\">\n                        <h2>Wasserfilter<\/h2>\n                    <\/div>\n                <\/div>\n            <\/div>\n        \n                                \n                            <div class=\"row row--equalized g-4 g-lg-3 g-xl-6\">\n                                            <div class=\"col-12 col-md-6 col-lg-3\">\n                            <div class=\"card card--product\">\n                    <div class=\"card__image\">\n                    <img decoding=\"async\" width=\"550\" height=\"458\" src=\"https:\/\/animo.eu\/wp-content\/uploads\/2023\/09\/Waterfilters-assortiment-550x458.png\" class=\"image wp-post-image\" alt=\"\" loading=\"lazy\" srcset=\"https:\/\/animo.eu\/wp-content\/uploads\/2023\/09\/Waterfilters-assortiment-550x458.png 550w, https:\/\/animo.eu\/wp-content\/uploads\/2023\/09\/Waterfilters-assortiment-300x250.png 300w, https:\/\/animo.eu\/wp-content\/uploads\/2023\/09\/Waterfilters-assortiment-1024x852.png 1024w, https:\/\/animo.eu\/wp-content\/uploads\/2023\/09\/Waterfilters-assortiment-768x639.png 768w, https:\/\/animo.eu\/wp-content\/uploads\/2023\/09\/Waterfilters-assortiment-1536x1279.png 1536w, https:\/\/animo.eu\/wp-content\/uploads\/2023\/09\/Waterfilters-assortiment-70x58.png 70w, https:\/\/animo.eu\/wp-content\/uploads\/2023\/09\/Waterfilters-assortiment-800x666.png 800w, https:\/\/animo.eu\/wp-content\/uploads\/2023\/09\/Waterfilters-assortiment-120x100.png 120w, https:\/\/animo.eu\/wp-content\/uploads\/2023\/09\/Waterfilters-assortiment-150x125.png 150w, https:\/\/animo.eu\/wp-content\/uploads\/2023\/09\/Waterfilters-assortiment.png 1772w\" sizes=\"(max-width: 550px) 100vw, 550px\" \/>                <\/div>\n    <div class=\"card-body\">\n        <h3 class=\"card-title\">Wasserfilter<\/h3>\n                    <p class=\"mb-0\">F\u00fcr besser schmeckenden Kaffee und weniger Wartung der Maschine<\/p>\n            <\/div>\n    <div class=\"card-footer\">\n        <span class=\"btn btn-outline-secondary\">\n            <span class=\"btn__text\">Mehr Infos<\/span>\n            <svg class=\"icon icon--20 icon--arrow\">\n                <use xlink:href=\"https:\/\/animo.eu\/wp-content\/themes\/animo\/build\/img\/symbols.svg#arrow-right\"><\/use>\n            <\/svg>\n        <\/span>\n    <\/div>\n    <a class=\"stretched-link\" href=\"https:\/\/animo.eu\/de\/wasserfilter\/wasserfilter\/\"><\/a>\n<\/div>\n                        <\/div>\n                                    <\/div>\n                                         <\/div>\n<\/section>\n\n<section  class=\"pane pane--white \">\n    <div class=\"container\">\n        <div class=\"row g-4 g-lg-8 g-xl-15 g-xxl-20 align-items-center flex-lg-row-reverse\">\n                            <div class=\"col-12 col-lg-6\">\n                    <div class=\"pane__text\">\n                        <p>Da Kaffee zu 98 % aus Wasser besteht, ist seine Zusammensetzung von gro\u00dfer Bedeutung. Ein zu hoher Salzgehalt (Chlorid) f\u00fchrt zunehmend zu Sch\u00e4den an Materialien in der Kaffeemaschine, wie z.B. Heizelementen, Boilern, Pumpen und Ventilen. F\u00fcr einen besseren Geschmack Ihres Kaffees und weniger Wartung Ihrer Kaffeemaschine liefert Animo die folgenden Wasserfilter.<\/p>\n                                                \n                    <\/div>\n                <\/div>\n                                <\/div>\n    <\/div>\n<\/section>\n","protected":false},"excerpt":{"rendered":"","protected":false},"author":21,"featured_media":24485,"parent":0,"menu_order":49,"comment_status":"closed","ping_status":"closed","template":"","meta":{"_acf_changed":false,"footnotes":""},"class_list":["post-41949","page","type-page","status-publish","has-post-thumbnail","hentry"],"acf":[],"yoast_head":"<!-- This site is optimized with the Yoast SEO plugin v25.5 - https:\/\/yoast.com\/wordpress\/plugins\/seo\/ -->\n<title>Wasserfilter -<\/title>\n<meta name=\"description\" content=\"Wasserfilter -\" \/>\n<meta name=\"robots\" content=\"index, follow, max-snippet:-1, max-image-preview:large, max-video-preview:-1\" \/>\n<link rel=\"canonical\" href=\"https:\/\/animo.eu\/de\/wasserfilter\/\" \/>\n<meta property=\"og:locale\" content=\"de_DE\" \/>\n<meta property=\"og:type\" content=\"article\" \/>\n<meta property=\"og:title\" content=\"Wasserfilter -\" \/>\n<meta property=\"og:description\" content=\"Wasserfilter -\" \/>\n<meta property=\"og:url\" content=\"https:\/\/animo.eu\/de\/wasserfilter\/\" \/>\n<meta property=\"article:publisher\" content=\"https:\/\/www.facebook.com\/animobv\/\" \/>\n<meta property=\"article:modified_time\" content=\"2023-12-15T09:02:58+00:00\" \/>\n<meta property=\"og:image\" content=\"https:\/\/animo.eu\/wp-content\/uploads\/2023\/09\/Waterfilters-assortiment.png\" \/>\n\t<meta property=\"og:image:width\" content=\"1772\" \/>\n\t<meta property=\"og:image:height\" content=\"1475\" \/>\n\t<meta property=\"og:image:type\" content=\"image\/png\" \/>\n<meta name=\"twitter:card\" content=\"summary_large_image\" \/>\n<meta name=\"twitter:site\" content=\"@animokoffie\" \/>\n<script type=\"application\/ld+json\" class=\"yoast-schema-graph\">{\"@context\":\"https:\/\/schema.org\",\"@graph\":[{\"@type\":\"WebPage\",\"@id\":\"https:\/\/animo.eu\/de\/wasserfilter\/\",\"url\":\"https:\/\/animo.eu\/de\/wasserfilter\/\",\"name\":\"Wasserfilter -\",\"isPartOf\":{\"@id\":\"https:\/\/animo.eu\/de\/#website\"},\"primaryImageOfPage\":{\"@id\":\"https:\/\/animo.eu\/de\/wasserfilter\/#primaryimage\"},\"image\":{\"@id\":\"https:\/\/animo.eu\/de\/wasserfilter\/#primaryimage\"},\"thumbnailUrl\":\"https:\/\/animo.eu\/wp-content\/uploads\/2023\/09\/Waterfilters-assortiment.png\",\"datePublished\":\"2023-09-06T09:15:15+00:00\",\"dateModified\":\"2023-12-15T09:02:58+00:00\",\"description\":\"Wasserfilter -\",\"breadcrumb\":{\"@id\":\"https:\/\/animo.eu\/de\/wasserfilter\/#breadcrumb\"},\"inLanguage\":\"de\",\"potentialAction\":[{\"@type\":\"ReadAction\",\"target\":[\"https:\/\/animo.eu\/de\/wasserfilter\/\"]}]},{\"@type\":\"ImageObject\",\"inLanguage\":\"de\",\"@id\":\"https:\/\/animo.eu\/de\/wasserfilter\/#primaryimage\",\"url\":\"https:\/\/animo.eu\/wp-content\/uploads\/2023\/09\/Waterfilters-assortiment.png\",\"contentUrl\":\"https:\/\/animo.eu\/wp-content\/uploads\/2023\/09\/Waterfilters-assortiment.png\",\"width\":1772,\"height\":1475},{\"@type\":\"BreadcrumbList\",\"@id\":\"https:\/\/animo.eu\/de\/wasserfilter\/#breadcrumb\",\"itemListElement\":[{\"@type\":\"ListItem\",\"position\":1,\"name\":\"Home\",\"item\":\"https:\/\/animo.eu\/de\/\"},{\"@type\":\"ListItem\",\"position\":2,\"name\":\"Wasserfilter\"}]},{\"@type\":\"WebSite\",\"@id\":\"https:\/\/animo.eu\/de\/#website\",\"url\":\"https:\/\/animo.eu\/de\/\",\"name\":\"\",\"description\":\"\",\"potentialAction\":[{\"@type\":\"SearchAction\",\"target\":{\"@type\":\"EntryPoint\",\"urlTemplate\":\"https:\/\/animo.eu\/de\/?s={search_term_string}\"},\"query-input\":{\"@type\":\"PropertyValueSpecification\",\"valueRequired\":true,\"valueName\":\"search_term_string\"}}],\"inLanguage\":\"de\"}]}<\/script>\n<!-- \/ Yoast SEO plugin. -->","yoast_head_json":{"title":"Wasserfilter -","description":"Wasserfilter -","robots":{"index":"index","follow":"follow","max-snippet":"max-snippet:-1","max-image-preview":"max-image-preview:large","max-video-preview":"max-video-preview:-1"},"canonical":"https:\/\/animo.eu\/de\/wasserfilter\/","og_locale":"de_DE","og_type":"article","og_title":"Wasserfilter -","og_description":"Wasserfilter -","og_url":"https:\/\/animo.eu\/de\/wasserfilter\/","article_publisher":"https:\/\/www.facebook.com\/animobv\/","article_modified_time":"2023-12-15T09:02:58+00:00","og_image":[{"width":1772,"height":1475,"url":"https:\/\/animo.eu\/wp-content\/uploads\/2023\/09\/Waterfilters-assortiment.png","type":"image\/png"}],"twitter_card":"summary_large_image","twitter_site":"@animokoffie","schema":{"@context":"https:\/\/schema.org","@graph":[{"@type":"WebPage","@id":"https:\/\/animo.eu\/de\/wasserfilter\/","url":"https:\/\/animo.eu\/de\/wasserfilter\/","name":"Wasserfilter -","isPartOf":{"@id":"https:\/\/animo.eu\/de\/#website"},"primaryImageOfPage":{"@id":"https:\/\/animo.eu\/de\/wasserfilter\/#primaryimage"},"image":{"@id":"https:\/\/animo.eu\/de\/wasserfilter\/#primaryimage"},"thumbnailUrl":"https:\/\/animo.eu\/wp-content\/uploads\/2023\/09\/Waterfilters-assortiment.png","datePublished":"2023-09-06T09:15:15+00:00","dateModified":"2023-12-15T09:02:58+00:00","description":"Wasserfilter -","breadcrumb":{"@id":"https:\/\/animo.eu\/de\/wasserfilter\/#breadcrumb"},"inLanguage":"de","potentialAction":[{"@type":"ReadAction","target":["https:\/\/animo.eu\/de\/wasserfilter\/"]}]},{"@type":"ImageObject","inLanguage":"de","@id":"https:\/\/animo.eu\/de\/wasserfilter\/#primaryimage","url":"https:\/\/animo.eu\/wp-content\/uploads\/2023\/09\/Waterfilters-assortiment.png","contentUrl":"https:\/\/animo.eu\/wp-content\/uploads\/2023\/09\/Waterfilters-assortiment.png","width":1772,"height":1475},{"@type":"BreadcrumbList","@id":"https:\/\/animo.eu\/de\/wasserfilter\/#breadcrumb","itemListElement":[{"@type":"ListItem","position":1,"name":"Home","item":"https:\/\/animo.eu\/de\/"},{"@type":"ListItem","position":2,"name":"Wasserfilter"}]},{"@type":"WebSite","@id":"https:\/\/animo.eu\/de\/#website","url":"https:\/\/animo.eu\/de\/","name":"","description":"","potentialAction":[{"@type":"SearchAction","target":{"@type":"EntryPoint","urlTemplate":"https:\/\/animo.eu\/de\/?s={search_term_string}"},"query-input":{"@type":"PropertyValueSpecification","valueRequired":true,"valueName":"search_term_string"}}],"inLanguage":"de"}]}},"_links":{"self":[{"href":"https:\/\/animo.eu\/de\/wp-json\/wp\/v2\/pages\/41949"}],"collection":[{"href":"https:\/\/animo.eu\/de\/wp-json\/wp\/v2\/pages"}],"about":[{"href":"https:\/\/animo.eu\/de\/wp-json\/wp\/v2\/types\/page"}],"author":[{"embeddable":true,"href":"https:\/\/animo.eu\/de\/wp-json\/wp\/v2\/users\/21"}],"replies":[{"embeddable":true,"href":"https:\/\/animo.eu\/de\/wp-json\/wp\/v2\/comments?post=41949"}],"version-history":[{"count":1,"href":"https:\/\/animo.eu\/de\/wp-json\/wp\/v2\/pages\/41949\/revisions"}],"predecessor-version":[{"id":41950,"href":"https:\/\/animo.eu\/de\/wp-json\/wp\/v2\/pages\/41949\/revisions\/41950"}],"wp:featuredmedia":[{"embeddable":true,"href":"https:\/\/animo.eu\/de\/wp-json\/wp\/v2\/media\/24485"}],"wp:attachment":[{"href":"https:\/\/animo.eu\/de\/wp-json\/wp\/v2\/media?parent=41949"}],"curies":[{"name":"wp","href":"https:\/\/api.w.org\/{rel}","templated":true}]}}