{"id":41977,"date":"2023-09-05T15:53:18","date_gmt":"2023-09-05T13:53:18","guid":{"rendered":"https:\/\/animo.eu\/basiseinheiten\/"},"modified":"2024-03-05T09:29:15","modified_gmt":"2024-03-05T08:29:15","slug":"unterschrank","status":"publish","type":"page","link":"https:\/\/animo.eu\/de\/unterschrank\/","title":{"rendered":"Unterschr\u00e4nke"},"content":{"rendered":"\n<section  class=\"pane pane--white \">\n    <div class=\"container\">\n                    <div class=\"row justify-content-center mb-4\">\n                <div class=\"col-12\">\n                    <div class=\"pane__text\">\n                        <h2>Unterschr\u00e4nke<\/h2>\n                    <\/div>\n                <\/div>\n            <\/div>\n        \n                                \n                            <div class=\"row row--equalized g-4 g-lg-3 g-xl-6\">\n                                            <div class=\"col-12 col-md-6 col-lg-3\">\n                            <div class=\"card card--product\">\n                    <div class=\"card__image\">\n                    <img decoding=\"async\" width=\"550\" height=\"328\" src=\"https:\/\/animo.eu\/wp-content\/uploads\/2023\/09\/Assortiment-onderlkasten-550x328.png\" class=\"image wp-post-image\" alt=\"\" loading=\"lazy\" srcset=\"https:\/\/animo.eu\/wp-content\/uploads\/2023\/09\/Assortiment-onderlkasten-550x328.png 550w, https:\/\/animo.eu\/wp-content\/uploads\/2023\/09\/Assortiment-onderlkasten-300x179.png 300w, https:\/\/animo.eu\/wp-content\/uploads\/2023\/09\/Assortiment-onderlkasten-1024x612.png 1024w, https:\/\/animo.eu\/wp-content\/uploads\/2023\/09\/Assortiment-onderlkasten-768x459.png 768w, https:\/\/animo.eu\/wp-content\/uploads\/2023\/09\/Assortiment-onderlkasten-1536x917.png 1536w, https:\/\/animo.eu\/wp-content\/uploads\/2023\/09\/Assortiment-onderlkasten-70x42.png 70w, https:\/\/animo.eu\/wp-content\/uploads\/2023\/09\/Assortiment-onderlkasten-800x478.png 800w, https:\/\/animo.eu\/wp-content\/uploads\/2023\/09\/Assortiment-onderlkasten-167x100.png 167w, https:\/\/animo.eu\/wp-content\/uploads\/2023\/09\/Assortiment-onderlkasten-150x90.png 150w, https:\/\/animo.eu\/wp-content\/uploads\/2023\/09\/Assortiment-onderlkasten.png 1718w\" sizes=\"(max-width: 550px) 100vw, 550px\" \/>                <\/div>\n    <div class=\"card-body\">\n        <h3 class=\"card-title\">Unterschr\u00e4nke<\/h3>\n                    <p class=\"mb-0\">Ein eleganter und zweckm\u00e4\u00dfig gestalteter Unterschrank<\/p>\n            <\/div>\n    <div class=\"card-footer\">\n        <span class=\"btn btn-outline-secondary\">\n            <span class=\"btn__text\">Mehr Infos<\/span>\n            <svg class=\"icon icon--20 icon--arrow\">\n                <use xlink:href=\"https:\/\/animo.eu\/wp-content\/themes\/animo\/build\/img\/symbols.svg#arrow-right\"><\/use>\n            <\/svg>\n        <\/span>\n    <\/div>\n    <a class=\"stretched-link\" href=\"https:\/\/animo.eu\/de\/unterschrank\/unterschranke\/\"><\/a>\n<\/div>\n                        <\/div>\n                                    <\/div>\n                                         <\/div>\n<\/section>\n\n\n\n<section  class=\"pane pane--white \">\n    <div class=\"container\">\n        <div class=\"row g-4 g-lg-8 g-xl-15 g-xxl-20 align-items-center flex-lg-row-reverse\">\n                            <div class=\"col-12 col-lg-6\">\n                    <div class=\"pane__text\">\n                        <h2>Elegant gestaltete Unterschr\u00e4nke<\/h2>\n<p>Animo liefert Unterschr\u00e4nke f\u00fcr die Kaffeemaschinen OptiMe, OptiBean X, OptiBean, OptiFresh und OptiVend. Der formsch\u00f6ne Unterschrank eignet sich besonders f\u00fcr die Aufbewahrung von Zutaten, Zucker, Milch und R\u00fchrst\u00e4bchen. Die R\u00fcckwand des Unterschranks ist nach innen versetzt und schafft so Platz f\u00fcr Anschlussschl\u00e4uche und den m\u00f6glichen Einbau eines Wasserfilters. Der Unterschrank ist auch mit einer K\u00fchleinheit f\u00fcr die Ausgabe von gek\u00fchltem Wasser aus Animo-Kaffeemaschinen erh\u00e4ltlich.<\/p>\n                                                \n                    <\/div>\n                <\/div>\n                                <\/div>\n    <\/div>\n<\/section>\n","protected":false},"excerpt":{"rendered":"","protected":false},"author":21,"featured_media":24391,"parent":0,"menu_order":53,"comment_status":"closed","ping_status":"closed","template":"","meta":{"_acf_changed":false,"footnotes":""},"class_list":["post-41977","page","type-page","status-publish","has-post-thumbnail","hentry"],"acf":[],"yoast_head":"<!-- This site is optimized with the Yoast SEO plugin v25.5 - https:\/\/yoast.com\/wordpress\/plugins\/seo\/ -->\n<title>Unterschr\u00e4nke -<\/title>\n<meta name=\"description\" content=\"Unterschr\u00e4nke -\" \/>\n<meta name=\"robots\" content=\"index, follow, max-snippet:-1, max-image-preview:large, max-video-preview:-1\" \/>\n<link rel=\"canonical\" href=\"https:\/\/animo.eu\/de\/unterschrank\/\" \/>\n<meta property=\"og:locale\" content=\"de_DE\" \/>\n<meta property=\"og:type\" content=\"article\" \/>\n<meta property=\"og:title\" content=\"Unterschr\u00e4nke -\" \/>\n<meta property=\"og:description\" content=\"Unterschr\u00e4nke -\" \/>\n<meta property=\"og:url\" content=\"https:\/\/animo.eu\/de\/unterschrank\/\" \/>\n<meta property=\"article:publisher\" content=\"https:\/\/www.facebook.com\/animobv\/\" \/>\n<meta property=\"article:modified_time\" content=\"2024-03-05T08:29:15+00:00\" \/>\n<meta property=\"og:image\" content=\"https:\/\/animo.eu\/wp-content\/uploads\/2023\/09\/Assortiment-onderlkasten-1.png\" \/>\n\t<meta property=\"og:image:width\" content=\"1718\" \/>\n\t<meta property=\"og:image:height\" content=\"1026\" \/>\n\t<meta property=\"og:image:type\" content=\"image\/png\" \/>\n<meta name=\"twitter:card\" content=\"summary_large_image\" \/>\n<meta name=\"twitter:site\" content=\"@animokoffie\" \/>\n<meta name=\"twitter:label1\" content=\"Gesch\u00e4tzte Lesezeit\" \/>\n\t<meta name=\"twitter:data1\" content=\"1\u00a0Minute\" \/>\n<script type=\"application\/ld+json\" class=\"yoast-schema-graph\">{\"@context\":\"https:\/\/schema.org\",\"@graph\":[{\"@type\":\"WebPage\",\"@id\":\"https:\/\/animo.eu\/de\/unterschrank\/\",\"url\":\"https:\/\/animo.eu\/de\/unterschrank\/\",\"name\":\"Unterschr\u00e4nke -\",\"isPartOf\":{\"@id\":\"https:\/\/animo.eu\/de\/#website\"},\"primaryImageOfPage\":{\"@id\":\"https:\/\/animo.eu\/de\/unterschrank\/#primaryimage\"},\"image\":{\"@id\":\"https:\/\/animo.eu\/de\/unterschrank\/#primaryimage\"},\"thumbnailUrl\":\"https:\/\/animo.eu\/wp-content\/uploads\/2023\/09\/Assortiment-onderlkasten-1.png\",\"datePublished\":\"2023-09-05T13:53:18+00:00\",\"dateModified\":\"2024-03-05T08:29:15+00:00\",\"description\":\"Unterschr\u00e4nke -\",\"breadcrumb\":{\"@id\":\"https:\/\/animo.eu\/de\/unterschrank\/#breadcrumb\"},\"inLanguage\":\"de\",\"potentialAction\":[{\"@type\":\"ReadAction\",\"target\":[\"https:\/\/animo.eu\/de\/unterschrank\/\"]}]},{\"@type\":\"ImageObject\",\"inLanguage\":\"de\",\"@id\":\"https:\/\/animo.eu\/de\/unterschrank\/#primaryimage\",\"url\":\"https:\/\/animo.eu\/wp-content\/uploads\/2023\/09\/Assortiment-onderlkasten-1.png\",\"contentUrl\":\"https:\/\/animo.eu\/wp-content\/uploads\/2023\/09\/Assortiment-onderlkasten-1.png\",\"width\":1718,\"height\":1026},{\"@type\":\"BreadcrumbList\",\"@id\":\"https:\/\/animo.eu\/de\/unterschrank\/#breadcrumb\",\"itemListElement\":[{\"@type\":\"ListItem\",\"position\":1,\"name\":\"Home\",\"item\":\"https:\/\/animo.eu\/de\/\"},{\"@type\":\"ListItem\",\"position\":2,\"name\":\"Unterschr\u00e4nke\"}]},{\"@type\":\"WebSite\",\"@id\":\"https:\/\/animo.eu\/de\/#website\",\"url\":\"https:\/\/animo.eu\/de\/\",\"name\":\"\",\"description\":\"\",\"potentialAction\":[{\"@type\":\"SearchAction\",\"target\":{\"@type\":\"EntryPoint\",\"urlTemplate\":\"https:\/\/animo.eu\/de\/?s={search_term_string}\"},\"query-input\":{\"@type\":\"PropertyValueSpecification\",\"valueRequired\":true,\"valueName\":\"search_term_string\"}}],\"inLanguage\":\"de\"}]}<\/script>\n<!-- \/ Yoast SEO plugin. -->","yoast_head_json":{"title":"Unterschr\u00e4nke -","description":"Unterschr\u00e4nke -","robots":{"index":"index","follow":"follow","max-snippet":"max-snippet:-1","max-image-preview":"max-image-preview:large","max-video-preview":"max-video-preview:-1"},"canonical":"https:\/\/animo.eu\/de\/unterschrank\/","og_locale":"de_DE","og_type":"article","og_title":"Unterschr\u00e4nke -","og_description":"Unterschr\u00e4nke -","og_url":"https:\/\/animo.eu\/de\/unterschrank\/","article_publisher":"https:\/\/www.facebook.com\/animobv\/","article_modified_time":"2024-03-05T08:29:15+00:00","og_image":[{"width":1718,"height":1026,"url":"https:\/\/animo.eu\/wp-content\/uploads\/2023\/09\/Assortiment-onderlkasten-1.png","type":"image\/png"}],"twitter_card":"summary_large_image","twitter_site":"@animokoffie","twitter_misc":{"Gesch\u00e4tzte Lesezeit":"1\u00a0Minute"},"schema":{"@context":"https:\/\/schema.org","@graph":[{"@type":"WebPage","@id":"https:\/\/animo.eu\/de\/unterschrank\/","url":"https:\/\/animo.eu\/de\/unterschrank\/","name":"Unterschr\u00e4nke -","isPartOf":{"@id":"https:\/\/animo.eu\/de\/#website"},"primaryImageOfPage":{"@id":"https:\/\/animo.eu\/de\/unterschrank\/#primaryimage"},"image":{"@id":"https:\/\/animo.eu\/de\/unterschrank\/#primaryimage"},"thumbnailUrl":"https:\/\/animo.eu\/wp-content\/uploads\/2023\/09\/Assortiment-onderlkasten-1.png","datePublished":"2023-09-05T13:53:18+00:00","dateModified":"2024-03-05T08:29:15+00:00","description":"Unterschr\u00e4nke -","breadcrumb":{"@id":"https:\/\/animo.eu\/de\/unterschrank\/#breadcrumb"},"inLanguage":"de","potentialAction":[{"@type":"ReadAction","target":["https:\/\/animo.eu\/de\/unterschrank\/"]}]},{"@type":"ImageObject","inLanguage":"de","@id":"https:\/\/animo.eu\/de\/unterschrank\/#primaryimage","url":"https:\/\/animo.eu\/wp-content\/uploads\/2023\/09\/Assortiment-onderlkasten-1.png","contentUrl":"https:\/\/animo.eu\/wp-content\/uploads\/2023\/09\/Assortiment-onderlkasten-1.png","width":1718,"height":1026},{"@type":"BreadcrumbList","@id":"https:\/\/animo.eu\/de\/unterschrank\/#breadcrumb","itemListElement":[{"@type":"ListItem","position":1,"name":"Home","item":"https:\/\/animo.eu\/de\/"},{"@type":"ListItem","position":2,"name":"Unterschr\u00e4nke"}]},{"@type":"WebSite","@id":"https:\/\/animo.eu\/de\/#website","url":"https:\/\/animo.eu\/de\/","name":"","description":"","potentialAction":[{"@type":"SearchAction","target":{"@type":"EntryPoint","urlTemplate":"https:\/\/animo.eu\/de\/?s={search_term_string}"},"query-input":{"@type":"PropertyValueSpecification","valueRequired":true,"valueName":"search_term_string"}}],"inLanguage":"de"}]}},"_links":{"self":[{"href":"https:\/\/animo.eu\/de\/wp-json\/wp\/v2\/pages\/41977"}],"collection":[{"href":"https:\/\/animo.eu\/de\/wp-json\/wp\/v2\/pages"}],"about":[{"href":"https:\/\/animo.eu\/de\/wp-json\/wp\/v2\/types\/page"}],"author":[{"embeddable":true,"href":"https:\/\/animo.eu\/de\/wp-json\/wp\/v2\/users\/21"}],"replies":[{"embeddable":true,"href":"https:\/\/animo.eu\/de\/wp-json\/wp\/v2\/comments?post=41977"}],"version-history":[{"count":12,"href":"https:\/\/animo.eu\/de\/wp-json\/wp\/v2\/pages\/41977\/revisions"}],"predecessor-version":[{"id":55814,"href":"https:\/\/animo.eu\/de\/wp-json\/wp\/v2\/pages\/41977\/revisions\/55814"}],"wp:featuredmedia":[{"embeddable":true,"href":"https:\/\/animo.eu\/de\/wp-json\/wp\/v2\/media\/24391"}],"wp:attachment":[{"href":"https:\/\/animo.eu\/de\/wp-json\/wp\/v2\/media?parent=41977"}],"curies":[{"name":"wp","href":"https:\/\/api.w.org\/{rel}","templated":true}]}}