{"id":42006,"date":"2023-08-29T13:21:21","date_gmt":"2023-08-29T11:21:21","guid":{"rendered":"https:\/\/animo.eu\/reinigungsmittel\/"},"modified":"2024-03-01T10:10:21","modified_gmt":"2024-03-01T09:10:21","slug":"reinigungsmittel","status":"publish","type":"page","link":"https:\/\/animo.eu\/de\/reinigungsmittel\/","title":{"rendered":"Reinigungsmittel"},"content":{"rendered":"\n<section  class=\"pane pane--white \">\n    <div class=\"container\">\n                    <div class=\"row justify-content-center mb-4\">\n                <div class=\"col-12\">\n                    <div class=\"pane__text\">\n                        <h2>Reinigungsmittel<\/h2>\n                    <\/div>\n                <\/div>\n            <\/div>\n        \n                                \n                            <div class=\"row row--equalized g-4 g-lg-3 g-xl-6\">\n                                            <div class=\"col-12 col-md-6 col-lg-3\">\n                            <div class=\"card card--product\">\n                    <div class=\"card__image\">\n                    <img decoding=\"async\" width=\"550\" height=\"321\" src=\"https:\/\/animo.eu\/wp-content\/uploads\/2023\/08\/Animo-cleaning-stuff-550x321.jpg\" class=\"image wp-post-image\" alt=\"\" loading=\"lazy\" srcset=\"https:\/\/animo.eu\/wp-content\/uploads\/2023\/08\/Animo-cleaning-stuff-550x321.jpg 550w, https:\/\/animo.eu\/wp-content\/uploads\/2023\/08\/Animo-cleaning-stuff-300x175.jpg 300w, https:\/\/animo.eu\/wp-content\/uploads\/2023\/08\/Animo-cleaning-stuff-1024x598.jpg 1024w, https:\/\/animo.eu\/wp-content\/uploads\/2023\/08\/Animo-cleaning-stuff-768x449.jpg 768w, https:\/\/animo.eu\/wp-content\/uploads\/2023\/08\/Animo-cleaning-stuff-70x41.jpg 70w, https:\/\/animo.eu\/wp-content\/uploads\/2023\/08\/Animo-cleaning-stuff-800x467.jpg 800w, https:\/\/animo.eu\/wp-content\/uploads\/2023\/08\/Animo-cleaning-stuff-171x100.jpg 171w, https:\/\/animo.eu\/wp-content\/uploads\/2023\/08\/Animo-cleaning-stuff-150x88.jpg 150w, https:\/\/animo.eu\/wp-content\/uploads\/2023\/08\/Animo-cleaning-stuff.jpg 1438w\" sizes=\"(max-width: 550px) 100vw, 550px\" \/>                <\/div>\n    <div class=\"card-body\">\n        <h3 class=\"card-title\">Reinigungsmittel<\/h3>\n                    <p class=\"mb-0\">Reinigen Sie Ihre Animo-Ger\u00e4te regelm\u00e4\u00dfig und vermeiden Sie Ausf\u00e4lle und Wartungskosten.<\/p>\n            <\/div>\n    <div class=\"card-footer\">\n        <span class=\"btn btn-outline-secondary\">\n            <span class=\"btn__text\">Mehr Infos<\/span>\n            <svg class=\"icon icon--20 icon--arrow\">\n                <use xlink:href=\"https:\/\/animo.eu\/wp-content\/themes\/animo\/build\/img\/symbols.svg#arrow-right\"><\/use>\n            <\/svg>\n        <\/span>\n    <\/div>\n    <a class=\"stretched-link\" href=\"https:\/\/animo.eu\/de\/reinigungsmittel\/reinigungsmittel\/\"><\/a>\n<\/div>\n                        <\/div>\n                                    <\/div>\n                                         <\/div>\n<\/section>\n\n<section  class=\"pane pane--white \">\n    <div class=\"container\">\n        <div class=\"row g-4 g-lg-8 g-xl-15 g-xxl-20 align-items-center flex-lg-row-reverse\">\n                            <div class=\"col-12 col-lg-6\">\n                    <div class=\"pane__text\">\n                        <h2>Animo Spezial-Reinigungsmittel<\/h2>\n<p>Sie k\u00f6nnen Pannen und unn\u00f6tige Wartungskosten vermeiden, indem Sie Ihr<span style=\"background-color: var(--bs-body-bg);color: var(--bs-body-color);font-size: 1rem;text-align: var(--bs-body-text-align)\">  Regelm\u00e4\u00dfig zu reinigende Animo-Ger\u00e4te. Verwenden Sie dazu die speziellen Reinigungsprodukte von Animo. Diese wurden von uns getestet und garantieren die beste Reinigung.  <\/span><span style=\"background-color: var(--bs-body-bg);color: var(--bs-body-color);font-size: 1rem;text-align: var(--bs-body-text-align)\">Treffen Sie Ihre Wahl und informieren Sie sich \u00fcber die Reinigungsmittel und Anweisungen f\u00fcr jeden Typ.<\/span><\/p>\n<p>&nbsp;<\/p>\n                                                \n                    <\/div>\n                <\/div>\n                                <\/div>\n    <\/div>\n<\/section>\n","protected":false},"excerpt":{"rendered":"","protected":false},"author":21,"featured_media":22238,"parent":0,"menu_order":49,"comment_status":"closed","ping_status":"closed","template":"","meta":{"_acf_changed":false,"footnotes":""},"class_list":["post-42006","page","type-page","status-publish","has-post-thumbnail","hentry"],"acf":[],"yoast_head":"<!-- This site is optimized with the Yoast SEO plugin v25.5 - https:\/\/yoast.com\/wordpress\/plugins\/seo\/ -->\n<title>Reinigungsmittel -<\/title>\n<meta name=\"description\" content=\"Reinigungsmittel -\" \/>\n<meta name=\"robots\" content=\"index, follow, max-snippet:-1, max-image-preview:large, max-video-preview:-1\" \/>\n<link rel=\"canonical\" href=\"https:\/\/animo.eu\/de\/reinigungsmittel\/\" \/>\n<meta property=\"og:locale\" content=\"de_DE\" \/>\n<meta property=\"og:type\" content=\"article\" \/>\n<meta property=\"og:title\" content=\"Reinigungsmittel -\" \/>\n<meta property=\"og:description\" content=\"Reinigungsmittel -\" \/>\n<meta property=\"og:url\" content=\"https:\/\/animo.eu\/de\/reinigungsmittel\/\" \/>\n<meta property=\"article:publisher\" content=\"https:\/\/www.facebook.com\/animobv\/\" \/>\n<meta property=\"article:modified_time\" content=\"2024-03-01T09:10:21+00:00\" \/>\n<meta property=\"og:image\" content=\"https:\/\/animo.eu\/wp-content\/uploads\/2023\/08\/Reinigingsmiddelen-assortiment.png\" \/>\n\t<meta property=\"og:image:width\" content=\"1438\" \/>\n\t<meta property=\"og:image:height\" content=\"840\" \/>\n\t<meta property=\"og:image:type\" content=\"image\/jpeg\" \/>\n<meta name=\"twitter:card\" content=\"summary_large_image\" \/>\n<meta name=\"twitter:site\" content=\"@animokoffie\" \/>\n<script type=\"application\/ld+json\" class=\"yoast-schema-graph\">{\"@context\":\"https:\/\/schema.org\",\"@graph\":[{\"@type\":\"WebPage\",\"@id\":\"https:\/\/animo.eu\/de\/reinigungsmittel\/\",\"url\":\"https:\/\/animo.eu\/de\/reinigungsmittel\/\",\"name\":\"Reinigungsmittel -\",\"isPartOf\":{\"@id\":\"https:\/\/animo.eu\/de\/#website\"},\"primaryImageOfPage\":{\"@id\":\"https:\/\/animo.eu\/de\/reinigungsmittel\/#primaryimage\"},\"image\":{\"@id\":\"https:\/\/animo.eu\/de\/reinigungsmittel\/#primaryimage\"},\"thumbnailUrl\":\"https:\/\/animo.eu\/wp-content\/uploads\/2023\/08\/Reinigingsmiddelen-assortiment.png\",\"datePublished\":\"2023-08-29T11:21:21+00:00\",\"dateModified\":\"2024-03-01T09:10:21+00:00\",\"description\":\"Reinigungsmittel -\",\"breadcrumb\":{\"@id\":\"https:\/\/animo.eu\/de\/reinigungsmittel\/#breadcrumb\"},\"inLanguage\":\"de\",\"potentialAction\":[{\"@type\":\"ReadAction\",\"target\":[\"https:\/\/animo.eu\/de\/reinigungsmittel\/\"]}]},{\"@type\":\"ImageObject\",\"inLanguage\":\"de\",\"@id\":\"https:\/\/animo.eu\/de\/reinigungsmittel\/#primaryimage\",\"url\":\"https:\/\/animo.eu\/wp-content\/uploads\/2023\/08\/Reinigingsmiddelen-assortiment.png\",\"contentUrl\":\"https:\/\/animo.eu\/wp-content\/uploads\/2023\/08\/Reinigingsmiddelen-assortiment.png\",\"width\":1438,\"height\":840},{\"@type\":\"BreadcrumbList\",\"@id\":\"https:\/\/animo.eu\/de\/reinigungsmittel\/#breadcrumb\",\"itemListElement\":[{\"@type\":\"ListItem\",\"position\":1,\"name\":\"Home\",\"item\":\"https:\/\/animo.eu\/de\/\"},{\"@type\":\"ListItem\",\"position\":2,\"name\":\"Reinigungsmittel\"}]},{\"@type\":\"WebSite\",\"@id\":\"https:\/\/animo.eu\/de\/#website\",\"url\":\"https:\/\/animo.eu\/de\/\",\"name\":\"\",\"description\":\"\",\"potentialAction\":[{\"@type\":\"SearchAction\",\"target\":{\"@type\":\"EntryPoint\",\"urlTemplate\":\"https:\/\/animo.eu\/de\/?s={search_term_string}\"},\"query-input\":{\"@type\":\"PropertyValueSpecification\",\"valueRequired\":true,\"valueName\":\"search_term_string\"}}],\"inLanguage\":\"de\"}]}<\/script>\n<!-- \/ Yoast SEO plugin. -->","yoast_head_json":{"title":"Reinigungsmittel -","description":"Reinigungsmittel -","robots":{"index":"index","follow":"follow","max-snippet":"max-snippet:-1","max-image-preview":"max-image-preview:large","max-video-preview":"max-video-preview:-1"},"canonical":"https:\/\/animo.eu\/de\/reinigungsmittel\/","og_locale":"de_DE","og_type":"article","og_title":"Reinigungsmittel -","og_description":"Reinigungsmittel -","og_url":"https:\/\/animo.eu\/de\/reinigungsmittel\/","article_publisher":"https:\/\/www.facebook.com\/animobv\/","article_modified_time":"2024-03-01T09:10:21+00:00","og_image":[{"width":1438,"height":840,"url":"https:\/\/animo.eu\/wp-content\/uploads\/2023\/08\/Reinigingsmiddelen-assortiment.png","type":"image\/jpeg"}],"twitter_card":"summary_large_image","twitter_site":"@animokoffie","schema":{"@context":"https:\/\/schema.org","@graph":[{"@type":"WebPage","@id":"https:\/\/animo.eu\/de\/reinigungsmittel\/","url":"https:\/\/animo.eu\/de\/reinigungsmittel\/","name":"Reinigungsmittel -","isPartOf":{"@id":"https:\/\/animo.eu\/de\/#website"},"primaryImageOfPage":{"@id":"https:\/\/animo.eu\/de\/reinigungsmittel\/#primaryimage"},"image":{"@id":"https:\/\/animo.eu\/de\/reinigungsmittel\/#primaryimage"},"thumbnailUrl":"https:\/\/animo.eu\/wp-content\/uploads\/2023\/08\/Reinigingsmiddelen-assortiment.png","datePublished":"2023-08-29T11:21:21+00:00","dateModified":"2024-03-01T09:10:21+00:00","description":"Reinigungsmittel -","breadcrumb":{"@id":"https:\/\/animo.eu\/de\/reinigungsmittel\/#breadcrumb"},"inLanguage":"de","potentialAction":[{"@type":"ReadAction","target":["https:\/\/animo.eu\/de\/reinigungsmittel\/"]}]},{"@type":"ImageObject","inLanguage":"de","@id":"https:\/\/animo.eu\/de\/reinigungsmittel\/#primaryimage","url":"https:\/\/animo.eu\/wp-content\/uploads\/2023\/08\/Reinigingsmiddelen-assortiment.png","contentUrl":"https:\/\/animo.eu\/wp-content\/uploads\/2023\/08\/Reinigingsmiddelen-assortiment.png","width":1438,"height":840},{"@type":"BreadcrumbList","@id":"https:\/\/animo.eu\/de\/reinigungsmittel\/#breadcrumb","itemListElement":[{"@type":"ListItem","position":1,"name":"Home","item":"https:\/\/animo.eu\/de\/"},{"@type":"ListItem","position":2,"name":"Reinigungsmittel"}]},{"@type":"WebSite","@id":"https:\/\/animo.eu\/de\/#website","url":"https:\/\/animo.eu\/de\/","name":"","description":"","potentialAction":[{"@type":"SearchAction","target":{"@type":"EntryPoint","urlTemplate":"https:\/\/animo.eu\/de\/?s={search_term_string}"},"query-input":{"@type":"PropertyValueSpecification","valueRequired":true,"valueName":"search_term_string"}}],"inLanguage":"de"}]}},"_links":{"self":[{"href":"https:\/\/animo.eu\/de\/wp-json\/wp\/v2\/pages\/42006"}],"collection":[{"href":"https:\/\/animo.eu\/de\/wp-json\/wp\/v2\/pages"}],"about":[{"href":"https:\/\/animo.eu\/de\/wp-json\/wp\/v2\/types\/page"}],"author":[{"embeddable":true,"href":"https:\/\/animo.eu\/de\/wp-json\/wp\/v2\/users\/21"}],"replies":[{"embeddable":true,"href":"https:\/\/animo.eu\/de\/wp-json\/wp\/v2\/comments?post=42006"}],"version-history":[{"count":1,"href":"https:\/\/animo.eu\/de\/wp-json\/wp\/v2\/pages\/42006\/revisions"}],"predecessor-version":[{"id":42007,"href":"https:\/\/animo.eu\/de\/wp-json\/wp\/v2\/pages\/42006\/revisions\/42007"}],"wp:featuredmedia":[{"embeddable":true,"href":"https:\/\/animo.eu\/de\/wp-json\/wp\/v2\/media\/22238"}],"wp:attachment":[{"href":"https:\/\/animo.eu\/de\/wp-json\/wp\/v2\/media?parent=42006"}],"curies":[{"name":"wp","href":"https:\/\/api.w.org\/{rel}","templated":true}]}}