{"id":42205,"date":"2023-08-23T10:08:26","date_gmt":"2023-08-23T08:08:26","guid":{"rendered":"https:\/\/animo.eu\/servierwagen\/"},"modified":"2023-12-15T14:27:05","modified_gmt":"2023-12-15T13:27:05","slug":"servierwagen","status":"publish","type":"page","link":"https:\/\/animo.eu\/de\/servierwagen\/","title":{"rendered":"Servierwagen"},"content":{"rendered":"\n<section  class=\"pane pane--white \">\n    <div class=\"container\">\n                    <div class=\"row justify-content-center mb-4\">\n                <div class=\"col-12\">\n                    <div class=\"pane__text\">\n                        <h2>Servierwagen<\/h2>\n                    <\/div>\n                <\/div>\n            <\/div>\n        \n                                \n                            <div class=\"row row--equalized g-4 g-lg-3 g-xl-6\">\n                                            <div class=\"col-12 col-md-6 col-lg-3\">\n                            <div class=\"card card--product\">\n                    <div class=\"card__image\">\n                    <img decoding=\"async\" width=\"550\" height=\"281\" src=\"https:\/\/animo.eu\/wp-content\/uploads\/2025\/03\/Collage-Serveerwagens-Cafecruisers-550x281.png\" class=\"image wp-post-image\" alt=\"\" loading=\"lazy\" srcset=\"https:\/\/animo.eu\/wp-content\/uploads\/2025\/03\/Collage-Serveerwagens-Cafecruisers-550x281.png 550w, https:\/\/animo.eu\/wp-content\/uploads\/2025\/03\/Collage-Serveerwagens-Cafecruisers-300x153.png 300w, https:\/\/animo.eu\/wp-content\/uploads\/2025\/03\/Collage-Serveerwagens-Cafecruisers-1024x523.png 1024w, https:\/\/animo.eu\/wp-content\/uploads\/2025\/03\/Collage-Serveerwagens-Cafecruisers-768x392.png 768w, https:\/\/animo.eu\/wp-content\/uploads\/2025\/03\/Collage-Serveerwagens-Cafecruisers-1536x785.png 1536w, https:\/\/animo.eu\/wp-content\/uploads\/2025\/03\/Collage-Serveerwagens-Cafecruisers-2048x1046.png 2048w, https:\/\/animo.eu\/wp-content\/uploads\/2025\/03\/Collage-Serveerwagens-Cafecruisers-70x36.png 70w, https:\/\/animo.eu\/wp-content\/uploads\/2025\/03\/Collage-Serveerwagens-Cafecruisers-800x409.png 800w, https:\/\/animo.eu\/wp-content\/uploads\/2025\/03\/Collage-Serveerwagens-Cafecruisers-196x100.png 196w, https:\/\/animo.eu\/wp-content\/uploads\/2025\/03\/Collage-Serveerwagens-Cafecruisers-150x77.png 150w\" sizes=\"(max-width: 550px) 100vw, 550px\" \/>                <\/div>\n    <div class=\"card-body\">\n        <h3 class=\"card-title\">Servierwagen<\/h3>\n                    <p class=\"mb-0\">Auf Br\u00f6tchen servieren<\/p>\n            <\/div>\n    <div class=\"card-footer\">\n        <span class=\"btn btn-outline-secondary\">\n            <span class=\"btn__text\">Mehr Infos<\/span>\n            <svg class=\"icon icon--20 icon--arrow\">\n                <use xlink:href=\"https:\/\/animo.eu\/wp-content\/themes\/animo\/build\/img\/symbols.svg#arrow-right\"><\/use>\n            <\/svg>\n        <\/span>\n    <\/div>\n    <a class=\"stretched-link\" href=\"https:\/\/animo.eu\/de\/servierwagen\/servierwagen\/\"><\/a>\n<\/div>\n                        <\/div>\n                                    <\/div>\n                                         <\/div>\n<\/section>\n\n<section  class=\"pane pane--white \">\n    <div class=\"container\">\n        <div class=\"row g-4 g-lg-8 g-xl-15 g-xxl-20 align-items-center flex-lg-row-reverse\">\n                            <div class=\"col-12 col-lg-6\">\n                    <div class=\"pane__text\">\n                        <h2>Auf Br\u00f6tchen servieren<\/h2>\n<p>Das Servierwagensortiment von Animo ist sehr umfangreich und bietet f\u00fcr jede Gelegenheit einen passenden Servierwagen. Jeder Servierwagen von Animo ist mit einer hochwertigen Edelstahlausf\u00fchrung ausgestattet, die zu jeder Einrichtung passt. Animo sch\u00e4tzt die Art und Weise, wie Sie servieren, und hat deshalb einen Servierwagen, der zu jeder Anwendung passt.<\/p>\n                                                \n                    <\/div>\n                <\/div>\n                                <\/div>\n    <\/div>\n<\/section>\n","protected":false},"excerpt":{"rendered":"","protected":false},"author":21,"featured_media":76884,"parent":0,"menu_order":53,"comment_status":"closed","ping_status":"closed","template":"","meta":{"_acf_changed":false,"footnotes":""},"class_list":["post-42205","page","type-page","status-publish","has-post-thumbnail","hentry"],"acf":[],"yoast_head":"<!-- This site is optimized with the Yoast SEO plugin v25.5 - https:\/\/yoast.com\/wordpress\/plugins\/seo\/ -->\n<title>Servierwagen -<\/title>\n<meta name=\"description\" content=\"Servierwagen -\" \/>\n<meta name=\"robots\" content=\"index, follow, max-snippet:-1, max-image-preview:large, max-video-preview:-1\" \/>\n<link rel=\"canonical\" href=\"https:\/\/animo.eu\/de\/servierwagen\/\" \/>\n<meta property=\"og:locale\" content=\"de_DE\" \/>\n<meta property=\"og:type\" content=\"article\" \/>\n<meta property=\"og:title\" content=\"Servierwagen -\" \/>\n<meta property=\"og:description\" content=\"Servierwagen -\" \/>\n<meta property=\"og:url\" content=\"https:\/\/animo.eu\/de\/servierwagen\/\" \/>\n<meta property=\"article:publisher\" content=\"https:\/\/www.facebook.com\/animobv\/\" \/>\n<meta property=\"article:modified_time\" content=\"2023-12-15T13:27:05+00:00\" \/>\n<meta property=\"og:image\" content=\"https:\/\/animo.eu\/wp-content\/uploads\/2023\/08\/Serveerwagen-SK-1.png\" \/>\n\t<meta property=\"og:image:width\" content=\"1772\" \/>\n\t<meta property=\"og:image:height\" content=\"1475\" \/>\n\t<meta property=\"og:image:type\" content=\"image\/png\" \/>\n<meta name=\"twitter:card\" content=\"summary_large_image\" \/>\n<meta name=\"twitter:site\" content=\"@animokoffie\" \/>\n<script type=\"application\/ld+json\" class=\"yoast-schema-graph\">{\"@context\":\"https:\/\/schema.org\",\"@graph\":[{\"@type\":\"WebPage\",\"@id\":\"https:\/\/animo.eu\/de\/servierwagen\/\",\"url\":\"https:\/\/animo.eu\/de\/servierwagen\/\",\"name\":\"Servierwagen -\",\"isPartOf\":{\"@id\":\"https:\/\/animo.eu\/de\/#website\"},\"primaryImageOfPage\":{\"@id\":\"https:\/\/animo.eu\/de\/servierwagen\/#primaryimage\"},\"image\":{\"@id\":\"https:\/\/animo.eu\/de\/servierwagen\/#primaryimage\"},\"thumbnailUrl\":\"https:\/\/animo.eu\/wp-content\/uploads\/2025\/02\/Collage-Serveerwagens-Cafecruisers.jpg\",\"datePublished\":\"2023-08-23T08:08:26+00:00\",\"dateModified\":\"2023-12-15T13:27:05+00:00\",\"description\":\"Servierwagen -\",\"breadcrumb\":{\"@id\":\"https:\/\/animo.eu\/de\/servierwagen\/#breadcrumb\"},\"inLanguage\":\"de\",\"potentialAction\":[{\"@type\":\"ReadAction\",\"target\":[\"https:\/\/animo.eu\/de\/servierwagen\/\"]}]},{\"@type\":\"ImageObject\",\"inLanguage\":\"de\",\"@id\":\"https:\/\/animo.eu\/de\/servierwagen\/#primaryimage\",\"url\":\"https:\/\/animo.eu\/wp-content\/uploads\/2025\/02\/Collage-Serveerwagens-Cafecruisers.jpg\",\"contentUrl\":\"https:\/\/animo.eu\/wp-content\/uploads\/2025\/02\/Collage-Serveerwagens-Cafecruisers.jpg\",\"width\":3348,\"height\":1710},{\"@type\":\"BreadcrumbList\",\"@id\":\"https:\/\/animo.eu\/de\/servierwagen\/#breadcrumb\",\"itemListElement\":[{\"@type\":\"ListItem\",\"position\":1,\"name\":\"Home\",\"item\":\"https:\/\/animo.eu\/de\/\"},{\"@type\":\"ListItem\",\"position\":2,\"name\":\"Servierwagen\"}]},{\"@type\":\"WebSite\",\"@id\":\"https:\/\/animo.eu\/de\/#website\",\"url\":\"https:\/\/animo.eu\/de\/\",\"name\":\"\",\"description\":\"\",\"potentialAction\":[{\"@type\":\"SearchAction\",\"target\":{\"@type\":\"EntryPoint\",\"urlTemplate\":\"https:\/\/animo.eu\/de\/?s={search_term_string}\"},\"query-input\":{\"@type\":\"PropertyValueSpecification\",\"valueRequired\":true,\"valueName\":\"search_term_string\"}}],\"inLanguage\":\"de\"}]}<\/script>\n<!-- \/ Yoast SEO plugin. -->","yoast_head_json":{"title":"Servierwagen -","description":"Servierwagen -","robots":{"index":"index","follow":"follow","max-snippet":"max-snippet:-1","max-image-preview":"max-image-preview:large","max-video-preview":"max-video-preview:-1"},"canonical":"https:\/\/animo.eu\/de\/servierwagen\/","og_locale":"de_DE","og_type":"article","og_title":"Servierwagen -","og_description":"Servierwagen -","og_url":"https:\/\/animo.eu\/de\/servierwagen\/","article_publisher":"https:\/\/www.facebook.com\/animobv\/","article_modified_time":"2023-12-15T13:27:05+00:00","og_image":[{"width":1772,"height":1475,"url":"https:\/\/animo.eu\/wp-content\/uploads\/2023\/08\/Serveerwagen-SK-1.png","type":"image\/png"}],"twitter_card":"summary_large_image","twitter_site":"@animokoffie","schema":{"@context":"https:\/\/schema.org","@graph":[{"@type":"WebPage","@id":"https:\/\/animo.eu\/de\/servierwagen\/","url":"https:\/\/animo.eu\/de\/servierwagen\/","name":"Servierwagen -","isPartOf":{"@id":"https:\/\/animo.eu\/de\/#website"},"primaryImageOfPage":{"@id":"https:\/\/animo.eu\/de\/servierwagen\/#primaryimage"},"image":{"@id":"https:\/\/animo.eu\/de\/servierwagen\/#primaryimage"},"thumbnailUrl":"https:\/\/animo.eu\/wp-content\/uploads\/2025\/02\/Collage-Serveerwagens-Cafecruisers.jpg","datePublished":"2023-08-23T08:08:26+00:00","dateModified":"2023-12-15T13:27:05+00:00","description":"Servierwagen -","breadcrumb":{"@id":"https:\/\/animo.eu\/de\/servierwagen\/#breadcrumb"},"inLanguage":"de","potentialAction":[{"@type":"ReadAction","target":["https:\/\/animo.eu\/de\/servierwagen\/"]}]},{"@type":"ImageObject","inLanguage":"de","@id":"https:\/\/animo.eu\/de\/servierwagen\/#primaryimage","url":"https:\/\/animo.eu\/wp-content\/uploads\/2025\/02\/Collage-Serveerwagens-Cafecruisers.jpg","contentUrl":"https:\/\/animo.eu\/wp-content\/uploads\/2025\/02\/Collage-Serveerwagens-Cafecruisers.jpg","width":3348,"height":1710},{"@type":"BreadcrumbList","@id":"https:\/\/animo.eu\/de\/servierwagen\/#breadcrumb","itemListElement":[{"@type":"ListItem","position":1,"name":"Home","item":"https:\/\/animo.eu\/de\/"},{"@type":"ListItem","position":2,"name":"Servierwagen"}]},{"@type":"WebSite","@id":"https:\/\/animo.eu\/de\/#website","url":"https:\/\/animo.eu\/de\/","name":"","description":"","potentialAction":[{"@type":"SearchAction","target":{"@type":"EntryPoint","urlTemplate":"https:\/\/animo.eu\/de\/?s={search_term_string}"},"query-input":{"@type":"PropertyValueSpecification","valueRequired":true,"valueName":"search_term_string"}}],"inLanguage":"de"}]}},"_links":{"self":[{"href":"https:\/\/animo.eu\/de\/wp-json\/wp\/v2\/pages\/42205"}],"collection":[{"href":"https:\/\/animo.eu\/de\/wp-json\/wp\/v2\/pages"}],"about":[{"href":"https:\/\/animo.eu\/de\/wp-json\/wp\/v2\/types\/page"}],"author":[{"embeddable":true,"href":"https:\/\/animo.eu\/de\/wp-json\/wp\/v2\/users\/21"}],"replies":[{"embeddable":true,"href":"https:\/\/animo.eu\/de\/wp-json\/wp\/v2\/comments?post=42205"}],"version-history":[{"count":1,"href":"https:\/\/animo.eu\/de\/wp-json\/wp\/v2\/pages\/42205\/revisions"}],"predecessor-version":[{"id":42206,"href":"https:\/\/animo.eu\/de\/wp-json\/wp\/v2\/pages\/42205\/revisions\/42206"}],"wp:featuredmedia":[{"embeddable":true,"href":"https:\/\/animo.eu\/de\/wp-json\/wp\/v2\/media\/76884"}],"wp:attachment":[{"href":"https:\/\/animo.eu\/de\/wp-json\/wp\/v2\/media?parent=42205"}],"curies":[{"name":"wp","href":"https:\/\/api.w.org\/{rel}","templated":true}]}}