{"id":42243,"date":"2023-08-22T15:25:18","date_gmt":"2023-08-22T13:25:18","guid":{"rendered":"https:\/\/animo.eu\/getraenkewaermer\/"},"modified":"2024-01-17T10:53:38","modified_gmt":"2024-01-17T09:53:38","slug":"getraenkewaermer","status":"publish","type":"page","link":"https:\/\/animo.eu\/de\/getraenkewaermer\/","title":{"rendered":"Getr\u00e4nkew\u00e4rmer"},"content":{"rendered":"\n<section  class=\"pane pane--white \">\n    <div class=\"container\">\n                    <div class=\"row justify-content-center mb-4\">\n                <div class=\"col-12\">\n                    <div class=\"pane__text\">\n                        <h2>Getr\u00e4nkew\u00e4rmer<\/h2>\n                    <\/div>\n                <\/div>\n            <\/div>\n        \n                                \n                            <div class=\"row row--equalized g-4 g-lg-3 g-xl-6\">\n                                            <div class=\"col-12 col-md-6 col-lg-3\">\n                            <div class=\"card card--product\">\n                    <div class=\"card__image\">\n                    <img decoding=\"async\" width=\"550\" height=\"458\" src=\"https:\/\/animo.eu\/wp-content\/uploads\/2023\/08\/MPW-serie-550x458.png\" class=\"image wp-post-image\" alt=\"\" loading=\"lazy\" srcset=\"https:\/\/animo.eu\/wp-content\/uploads\/2023\/08\/MPW-serie-550x458.png 550w, https:\/\/animo.eu\/wp-content\/uploads\/2023\/08\/MPW-serie-300x250.png 300w, https:\/\/animo.eu\/wp-content\/uploads\/2023\/08\/MPW-serie-1024x852.png 1024w, https:\/\/animo.eu\/wp-content\/uploads\/2023\/08\/MPW-serie-768x639.png 768w, https:\/\/animo.eu\/wp-content\/uploads\/2023\/08\/MPW-serie-1536x1279.png 1536w, https:\/\/animo.eu\/wp-content\/uploads\/2023\/08\/MPW-serie-70x58.png 70w, https:\/\/animo.eu\/wp-content\/uploads\/2023\/08\/MPW-serie-800x666.png 800w, https:\/\/animo.eu\/wp-content\/uploads\/2023\/08\/MPW-serie-120x100.png 120w, https:\/\/animo.eu\/wp-content\/uploads\/2023\/08\/MPW-serie-150x125.png 150w, https:\/\/animo.eu\/wp-content\/uploads\/2023\/08\/MPW-serie.png 1772w\" sizes=\"(max-width: 550px) 100vw, 550px\" \/>                <\/div>\n    <div class=\"card-body\">\n        <h3 class=\"card-title\">MPW Milchkarton-W\u00e4rmer<\/h3>\n                    <p class=\"mb-0\">Milchkartonw\u00e4rmer, zum Erw\u00e4rmen der Milch.<\/p>\n            <\/div>\n    <div class=\"card-footer\">\n        <span class=\"btn btn-outline-secondary\">\n            <span class=\"btn__text\">Mehr Infos<\/span>\n            <svg class=\"icon icon--20 icon--arrow\">\n                <use xlink:href=\"https:\/\/animo.eu\/wp-content\/themes\/animo\/build\/img\/symbols.svg#arrow-right\"><\/use>\n            <\/svg>\n        <\/span>\n    <\/div>\n    <a class=\"stretched-link\" href=\"https:\/\/animo.eu\/de\/getraenkewaermer\/mpw-milchkarton-waermer\/\"><\/a>\n<\/div>\n                        <\/div>\n                                            <div class=\"col-12 col-md-6 col-lg-3\">\n                            <div class=\"card card--product\">\n                    <div class=\"card__image\">\n                    <img decoding=\"async\" width=\"550\" height=\"458\" src=\"https:\/\/animo.eu\/wp-content\/uploads\/2023\/08\/MWRn-serie-550x458.png\" class=\"image wp-post-image\" alt=\"\" loading=\"lazy\" srcset=\"https:\/\/animo.eu\/wp-content\/uploads\/2023\/08\/MWRn-serie-550x458.png 550w, https:\/\/animo.eu\/wp-content\/uploads\/2023\/08\/MWRn-serie-300x250.png 300w, https:\/\/animo.eu\/wp-content\/uploads\/2023\/08\/MWRn-serie-1024x852.png 1024w, https:\/\/animo.eu\/wp-content\/uploads\/2023\/08\/MWRn-serie-768x639.png 768w, https:\/\/animo.eu\/wp-content\/uploads\/2023\/08\/MWRn-serie-1536x1279.png 1536w, https:\/\/animo.eu\/wp-content\/uploads\/2023\/08\/MWRn-serie-70x58.png 70w, https:\/\/animo.eu\/wp-content\/uploads\/2023\/08\/MWRn-serie-800x666.png 800w, https:\/\/animo.eu\/wp-content\/uploads\/2023\/08\/MWRn-serie-120x100.png 120w, https:\/\/animo.eu\/wp-content\/uploads\/2023\/08\/MWRn-serie-150x125.png 150w, https:\/\/animo.eu\/wp-content\/uploads\/2023\/08\/MWRn-serie.png 1772w\" sizes=\"(max-width: 550px) 100vw, 550px\" \/>                <\/div>\n    <div class=\"card-body\">\n        <h3 class=\"card-title\">MWRn-Getr\u00e4nkew\u00e4rmer<\/h3>\n                    <p class=\"mb-0\">Getr\u00e4nke erhitzen? Vertrauen Sie Animo.<\/p>\n            <\/div>\n    <div class=\"card-footer\">\n        <span class=\"btn btn-outline-secondary\">\n            <span class=\"btn__text\">Mehr Infos<\/span>\n            <svg class=\"icon icon--20 icon--arrow\">\n                <use xlink:href=\"https:\/\/animo.eu\/wp-content\/themes\/animo\/build\/img\/symbols.svg#arrow-right\"><\/use>\n            <\/svg>\n        <\/span>\n    <\/div>\n    <a class=\"stretched-link\" href=\"https:\/\/animo.eu\/de\/getraenkewaermer\/mwrn-getraenkewaermer\/\"><\/a>\n<\/div>\n                        <\/div>\n                                    <\/div>\n                                         <\/div>\n<\/section>\n\n<section  class=\"pane pane--white \">\n    <div class=\"container\">\n        <div class=\"row g-4 g-lg-8 g-xl-15 g-xxl-20 align-items-center flex-lg-row-reverse\">\n                            <div class=\"col-12 col-lg-6\">\n                    <div class=\"pane__text\">\n                        <h2>Getr\u00e4nke erhitzen? Vertrauen Animo<\/h2>\n<p>Das Erhitzen von Getr\u00e4nken erfordert Aufmerksamkeit. Jeder K\u00fcchenprofi wei\u00df das. Milch und Schokoladenmilch sind besonders anf\u00e4llig f\u00fcr eine zu schnelle oder unregelm\u00e4\u00dfige Erhitzung. Zum Gl\u00fcck k\u00f6nnen Sie es auch Animo \u00fcberlassen<\/p>\n                                                \n                    <\/div>\n                <\/div>\n                                <\/div>\n    <\/div>\n<\/section>\n","protected":false},"excerpt":{"rendered":"","protected":false},"author":21,"featured_media":9133,"parent":0,"menu_order":53,"comment_status":"closed","ping_status":"closed","template":"","meta":{"_acf_changed":false,"footnotes":""},"class_list":["post-42243","page","type-page","status-publish","has-post-thumbnail","hentry"],"acf":[],"yoast_head":"<!-- This site is optimized with the Yoast SEO plugin v25.5 - https:\/\/yoast.com\/wordpress\/plugins\/seo\/ -->\n<title>Getr\u00e4nkew\u00e4rmer -<\/title>\n<meta name=\"description\" content=\"Getr\u00e4nkew\u00e4rmer - Die Getr\u00e4nkew\u00e4rmer von Animo eignen sich ideal zum Erw\u00e4rmen und Warmhalten von Milch und\/oder Schokoladenmilch.\" \/>\n<meta name=\"robots\" content=\"index, follow, max-snippet:-1, max-image-preview:large, max-video-preview:-1\" \/>\n<link rel=\"canonical\" href=\"https:\/\/animo.eu\/de\/getraenkewaermer\/\" \/>\n<meta property=\"og:locale\" content=\"de_DE\" \/>\n<meta property=\"og:type\" content=\"article\" \/>\n<meta property=\"og:title\" content=\"Getr\u00e4nkew\u00e4rmer -\" \/>\n<meta property=\"og:description\" content=\"Getr\u00e4nkew\u00e4rmer - Die Getr\u00e4nkew\u00e4rmer von Animo eignen sich ideal zum Erw\u00e4rmen und Warmhalten von Milch und\/oder Schokoladenmilch.\" \/>\n<meta property=\"og:url\" content=\"https:\/\/animo.eu\/de\/getraenkewaermer\/\" \/>\n<meta property=\"article:publisher\" content=\"https:\/\/www.facebook.com\/animobv\/\" \/>\n<meta property=\"article:modified_time\" content=\"2024-01-17T09:53:38+00:00\" \/>\n<meta property=\"og:image\" content=\"https:\/\/animo.eu\/wp-content\/uploads\/2023\/08\/Drankwarmers.png\" \/>\n\t<meta property=\"og:image:width\" content=\"1772\" \/>\n\t<meta property=\"og:image:height\" content=\"1475\" \/>\n\t<meta property=\"og:image:type\" content=\"image\/png\" \/>\n<meta name=\"twitter:card\" content=\"summary_large_image\" \/>\n<meta name=\"twitter:site\" content=\"@animokoffie\" \/>\n<script type=\"application\/ld+json\" class=\"yoast-schema-graph\">{\"@context\":\"https:\/\/schema.org\",\"@graph\":[{\"@type\":\"WebPage\",\"@id\":\"https:\/\/animo.eu\/de\/getraenkewaermer\/\",\"url\":\"https:\/\/animo.eu\/de\/getraenkewaermer\/\",\"name\":\"Getr\u00e4nkew\u00e4rmer -\",\"isPartOf\":{\"@id\":\"https:\/\/animo.eu\/de\/#website\"},\"primaryImageOfPage\":{\"@id\":\"https:\/\/animo.eu\/de\/getraenkewaermer\/#primaryimage\"},\"image\":{\"@id\":\"https:\/\/animo.eu\/de\/getraenkewaermer\/#primaryimage\"},\"thumbnailUrl\":\"https:\/\/animo.eu\/wp-content\/uploads\/2023\/08\/Drankwarmers.png\",\"datePublished\":\"2023-08-22T13:25:18+00:00\",\"dateModified\":\"2024-01-17T09:53:38+00:00\",\"description\":\"Getr\u00e4nkew\u00e4rmer - Die Getr\u00e4nkew\u00e4rmer von Animo eignen sich ideal zum Erw\u00e4rmen und Warmhalten von Milch und\/oder Schokoladenmilch.\",\"breadcrumb\":{\"@id\":\"https:\/\/animo.eu\/de\/getraenkewaermer\/#breadcrumb\"},\"inLanguage\":\"de\",\"potentialAction\":[{\"@type\":\"ReadAction\",\"target\":[\"https:\/\/animo.eu\/de\/getraenkewaermer\/\"]}]},{\"@type\":\"ImageObject\",\"inLanguage\":\"de\",\"@id\":\"https:\/\/animo.eu\/de\/getraenkewaermer\/#primaryimage\",\"url\":\"https:\/\/animo.eu\/wp-content\/uploads\/2023\/08\/Drankwarmers.png\",\"contentUrl\":\"https:\/\/animo.eu\/wp-content\/uploads\/2023\/08\/Drankwarmers.png\",\"width\":1772,\"height\":1475},{\"@type\":\"BreadcrumbList\",\"@id\":\"https:\/\/animo.eu\/de\/getraenkewaermer\/#breadcrumb\",\"itemListElement\":[{\"@type\":\"ListItem\",\"position\":1,\"name\":\"Home\",\"item\":\"https:\/\/animo.eu\/de\/\"},{\"@type\":\"ListItem\",\"position\":2,\"name\":\"Getr\u00e4nkew\u00e4rmer\"}]},{\"@type\":\"WebSite\",\"@id\":\"https:\/\/animo.eu\/de\/#website\",\"url\":\"https:\/\/animo.eu\/de\/\",\"name\":\"\",\"description\":\"\",\"potentialAction\":[{\"@type\":\"SearchAction\",\"target\":{\"@type\":\"EntryPoint\",\"urlTemplate\":\"https:\/\/animo.eu\/de\/?s={search_term_string}\"},\"query-input\":{\"@type\":\"PropertyValueSpecification\",\"valueRequired\":true,\"valueName\":\"search_term_string\"}}],\"inLanguage\":\"de\"}]}<\/script>\n<!-- \/ Yoast SEO plugin. -->","yoast_head_json":{"title":"Getr\u00e4nkew\u00e4rmer -","description":"Getr\u00e4nkew\u00e4rmer - Die Getr\u00e4nkew\u00e4rmer von Animo eignen sich ideal zum Erw\u00e4rmen und Warmhalten von Milch und\/oder Schokoladenmilch.","robots":{"index":"index","follow":"follow","max-snippet":"max-snippet:-1","max-image-preview":"max-image-preview:large","max-video-preview":"max-video-preview:-1"},"canonical":"https:\/\/animo.eu\/de\/getraenkewaermer\/","og_locale":"de_DE","og_type":"article","og_title":"Getr\u00e4nkew\u00e4rmer -","og_description":"Getr\u00e4nkew\u00e4rmer - Die Getr\u00e4nkew\u00e4rmer von Animo eignen sich ideal zum Erw\u00e4rmen und Warmhalten von Milch und\/oder Schokoladenmilch.","og_url":"https:\/\/animo.eu\/de\/getraenkewaermer\/","article_publisher":"https:\/\/www.facebook.com\/animobv\/","article_modified_time":"2024-01-17T09:53:38+00:00","og_image":[{"width":1772,"height":1475,"url":"https:\/\/animo.eu\/wp-content\/uploads\/2023\/08\/Drankwarmers.png","type":"image\/png"}],"twitter_card":"summary_large_image","twitter_site":"@animokoffie","schema":{"@context":"https:\/\/schema.org","@graph":[{"@type":"WebPage","@id":"https:\/\/animo.eu\/de\/getraenkewaermer\/","url":"https:\/\/animo.eu\/de\/getraenkewaermer\/","name":"Getr\u00e4nkew\u00e4rmer -","isPartOf":{"@id":"https:\/\/animo.eu\/de\/#website"},"primaryImageOfPage":{"@id":"https:\/\/animo.eu\/de\/getraenkewaermer\/#primaryimage"},"image":{"@id":"https:\/\/animo.eu\/de\/getraenkewaermer\/#primaryimage"},"thumbnailUrl":"https:\/\/animo.eu\/wp-content\/uploads\/2023\/08\/Drankwarmers.png","datePublished":"2023-08-22T13:25:18+00:00","dateModified":"2024-01-17T09:53:38+00:00","description":"Getr\u00e4nkew\u00e4rmer - Die Getr\u00e4nkew\u00e4rmer von Animo eignen sich ideal zum Erw\u00e4rmen und Warmhalten von Milch und\/oder Schokoladenmilch.","breadcrumb":{"@id":"https:\/\/animo.eu\/de\/getraenkewaermer\/#breadcrumb"},"inLanguage":"de","potentialAction":[{"@type":"ReadAction","target":["https:\/\/animo.eu\/de\/getraenkewaermer\/"]}]},{"@type":"ImageObject","inLanguage":"de","@id":"https:\/\/animo.eu\/de\/getraenkewaermer\/#primaryimage","url":"https:\/\/animo.eu\/wp-content\/uploads\/2023\/08\/Drankwarmers.png","contentUrl":"https:\/\/animo.eu\/wp-content\/uploads\/2023\/08\/Drankwarmers.png","width":1772,"height":1475},{"@type":"BreadcrumbList","@id":"https:\/\/animo.eu\/de\/getraenkewaermer\/#breadcrumb","itemListElement":[{"@type":"ListItem","position":1,"name":"Home","item":"https:\/\/animo.eu\/de\/"},{"@type":"ListItem","position":2,"name":"Getr\u00e4nkew\u00e4rmer"}]},{"@type":"WebSite","@id":"https:\/\/animo.eu\/de\/#website","url":"https:\/\/animo.eu\/de\/","name":"","description":"","potentialAction":[{"@type":"SearchAction","target":{"@type":"EntryPoint","urlTemplate":"https:\/\/animo.eu\/de\/?s={search_term_string}"},"query-input":{"@type":"PropertyValueSpecification","valueRequired":true,"valueName":"search_term_string"}}],"inLanguage":"de"}]}},"_links":{"self":[{"href":"https:\/\/animo.eu\/de\/wp-json\/wp\/v2\/pages\/42243"}],"collection":[{"href":"https:\/\/animo.eu\/de\/wp-json\/wp\/v2\/pages"}],"about":[{"href":"https:\/\/animo.eu\/de\/wp-json\/wp\/v2\/types\/page"}],"author":[{"embeddable":true,"href":"https:\/\/animo.eu\/de\/wp-json\/wp\/v2\/users\/21"}],"replies":[{"embeddable":true,"href":"https:\/\/animo.eu\/de\/wp-json\/wp\/v2\/comments?post=42243"}],"version-history":[{"count":1,"href":"https:\/\/animo.eu\/de\/wp-json\/wp\/v2\/pages\/42243\/revisions"}],"predecessor-version":[{"id":42244,"href":"https:\/\/animo.eu\/de\/wp-json\/wp\/v2\/pages\/42243\/revisions\/42244"}],"wp:featuredmedia":[{"embeddable":true,"href":"https:\/\/animo.eu\/de\/wp-json\/wp\/v2\/media\/9133"}],"wp:attachment":[{"href":"https:\/\/animo.eu\/de\/wp-json\/wp\/v2\/media?parent=42243"}],"curies":[{"name":"wp","href":"https:\/\/api.w.org\/{rel}","templated":true}]}}