{"id":42317,"date":"2023-08-21T15:11:29","date_gmt":"2023-08-21T13:11:29","guid":{"rendered":"https:\/\/animo.eu\/getraenkedosen\/"},"modified":"2024-01-10T11:09:25","modified_gmt":"2024-01-10T10:09:25","slug":"getrankebehalter","status":"publish","type":"page","link":"https:\/\/animo.eu\/de\/getrankebehalter\/","title":{"rendered":"Getr\u00e4nkebeh\u00e4lter"},"content":{"rendered":"\n<section  class=\"pane pane--white \">\n    <div class=\"container\">\n                    <div class=\"row justify-content-center mb-4\">\n                <div class=\"col-12\">\n                    <div class=\"pane__text\">\n                        <h2>Getr\u00e4nkebeh\u00e4lter<\/h2>\n                    <\/div>\n                <\/div>\n            <\/div>\n        \n                                \n                            <div class=\"row row--equalized g-4 g-lg-3 g-xl-6\">\n                                            <div class=\"col-12 col-md-6 col-lg-3\">\n                            <div class=\"card card--product\">\n                    <div class=\"card__image\">\n                    <img decoding=\"async\" width=\"550\" height=\"458\" src=\"https:\/\/animo.eu\/wp-content\/uploads\/2023\/08\/CE-en-CI-serie-550x458.png\" class=\"image wp-post-image\" alt=\"\" loading=\"lazy\" srcset=\"https:\/\/animo.eu\/wp-content\/uploads\/2023\/08\/CE-en-CI-serie-550x458.png 550w, https:\/\/animo.eu\/wp-content\/uploads\/2023\/08\/CE-en-CI-serie-300x250.png 300w, https:\/\/animo.eu\/wp-content\/uploads\/2023\/08\/CE-en-CI-serie-1024x852.png 1024w, https:\/\/animo.eu\/wp-content\/uploads\/2023\/08\/CE-en-CI-serie-768x639.png 768w, https:\/\/animo.eu\/wp-content\/uploads\/2023\/08\/CE-en-CI-serie-1536x1279.png 1536w, https:\/\/animo.eu\/wp-content\/uploads\/2023\/08\/CE-en-CI-serie-70x58.png 70w, https:\/\/animo.eu\/wp-content\/uploads\/2023\/08\/CE-en-CI-serie-800x666.png 800w, https:\/\/animo.eu\/wp-content\/uploads\/2023\/08\/CE-en-CI-serie-120x100.png 120w, https:\/\/animo.eu\/wp-content\/uploads\/2023\/08\/CE-en-CI-serie-150x125.png 150w, https:\/\/animo.eu\/wp-content\/uploads\/2023\/08\/CE-en-CI-serie.png 1772w\" sizes=\"(max-width: 550px) 100vw, 550px\" \/>                <\/div>\n    <div class=\"card-body\">\n        <h3 class=\"card-title\">CE-Beh\u00e4lter<\/h3>\n                    <p class=\"mb-0\">Getr\u00e4nkebeh\u00e4lter mit Warmhalteelement und Klixon-Thermostat<\/p>\n            <\/div>\n    <div class=\"card-footer\">\n        <span class=\"btn btn-outline-secondary\">\n            <span class=\"btn__text\">Mehr Infos<\/span>\n            <svg class=\"icon icon--20 icon--arrow\">\n                <use xlink:href=\"https:\/\/animo.eu\/wp-content\/themes\/animo\/build\/img\/symbols.svg#arrow-right\"><\/use>\n            <\/svg>\n        <\/span>\n    <\/div>\n    <a class=\"stretched-link\" href=\"https:\/\/animo.eu\/de\/getrankebehalter\/ce-behaelter\/\"><\/a>\n<\/div>\n                        <\/div>\n                                            <div class=\"col-12 col-md-6 col-lg-3\">\n                            <div class=\"card card--product\">\n                    <div class=\"card__image\">\n                    <img decoding=\"async\" width=\"550\" height=\"458\" src=\"https:\/\/animo.eu\/wp-content\/uploads\/2023\/08\/CE-en-CI-serie-550x458.png\" class=\"image wp-post-image\" alt=\"\" loading=\"lazy\" srcset=\"https:\/\/animo.eu\/wp-content\/uploads\/2023\/08\/CE-en-CI-serie-550x458.png 550w, https:\/\/animo.eu\/wp-content\/uploads\/2023\/08\/CE-en-CI-serie-300x250.png 300w, https:\/\/animo.eu\/wp-content\/uploads\/2023\/08\/CE-en-CI-serie-1024x852.png 1024w, https:\/\/animo.eu\/wp-content\/uploads\/2023\/08\/CE-en-CI-serie-768x639.png 768w, https:\/\/animo.eu\/wp-content\/uploads\/2023\/08\/CE-en-CI-serie-1536x1279.png 1536w, https:\/\/animo.eu\/wp-content\/uploads\/2023\/08\/CE-en-CI-serie-70x58.png 70w, https:\/\/animo.eu\/wp-content\/uploads\/2023\/08\/CE-en-CI-serie-800x666.png 800w, https:\/\/animo.eu\/wp-content\/uploads\/2023\/08\/CE-en-CI-serie-120x100.png 120w, https:\/\/animo.eu\/wp-content\/uploads\/2023\/08\/CE-en-CI-serie-150x125.png 150w, https:\/\/animo.eu\/wp-content\/uploads\/2023\/08\/CE-en-CI-serie.png 1772w\" sizes=\"(max-width: 550px) 100vw, 550px\" \/>                <\/div>\n    <div class=\"card-body\">\n        <h3 class=\"card-title\">CI-Beh\u00e4lter<\/h3>\n                    <p class=\"mb-0\">Mit Polyurethan isolierte Getr\u00e4nkebeh\u00e4lter<\/p>\n            <\/div>\n    <div class=\"card-footer\">\n        <span class=\"btn btn-outline-secondary\">\n            <span class=\"btn__text\">Mehr Infos<\/span>\n            <svg class=\"icon icon--20 icon--arrow\">\n                <use xlink:href=\"https:\/\/animo.eu\/wp-content\/themes\/animo\/build\/img\/symbols.svg#arrow-right\"><\/use>\n            <\/svg>\n        <\/span>\n    <\/div>\n    <a class=\"stretched-link\" href=\"https:\/\/animo.eu\/de\/getrankebehalter\/ci-behaelter\/\"><\/a>\n<\/div>\n                        <\/div>\n                                    <\/div>\n                                         <\/div>\n<\/section>\n\n\n\n<section  class=\"pane pane--white \">\n    <div class=\"container\">\n        <div class=\"row g-4 g-lg-8 g-xl-15 g-xxl-20 align-items-center flex-lg-row-reverse\">\n                            <div class=\"col-12 col-lg-6\">\n                    <div class=\"pane__text\">\n                        <h2>Animo anywise<\/h2>\n<p>Die Ausr\u00fcstung von Animo ist in jeder Hinsicht eine sinnvolle Investition. Das Geh\u00e4use aus rostfreiem Stahl ist nicht nur unverw\u00fcstlich, sondern auch vollst\u00e4ndig recycelbar. Auch die anderen Komponenten sind zuverl\u00e4ssig und haben eine lange Lebensdauer. Dar\u00fcber hinaus achtet Animo sehr auf den Energieverbrauch. Die doppelwandigen Getr\u00e4nkew\u00e4rmer und Lebensmittelbeh\u00e4lter sind hoch w\u00e4rmeisolierend. Die gesamte Energie kommt schlie\u00dflich dem inneren Menschen zugute. Und das wiederum gibt neue Energie!<\/p>\n                                                \n                    <\/div>\n                <\/div>\n                                <\/div>\n    <\/div>\n<\/section>\n","protected":false},"excerpt":{"rendered":"","protected":false},"author":21,"featured_media":15645,"parent":0,"menu_order":49,"comment_status":"closed","ping_status":"closed","template":"","meta":{"_acf_changed":false,"footnotes":""},"class_list":["post-42317","page","type-page","status-publish","has-post-thumbnail","hentry"],"acf":[],"yoast_head":"<!-- This site is optimized with the Yoast SEO plugin v25.5 - https:\/\/yoast.com\/wordpress\/plugins\/seo\/ -->\n<title>Getr\u00e4nkebeh\u00e4lter -<\/title>\n<meta name=\"description\" content=\"Getr\u00e4nkebeh\u00e4lter -\" \/>\n<meta name=\"robots\" content=\"index, follow, max-snippet:-1, max-image-preview:large, max-video-preview:-1\" \/>\n<link rel=\"canonical\" href=\"https:\/\/animo.eu\/de\/getrankebehalter\/\" \/>\n<meta property=\"og:locale\" content=\"de_DE\" \/>\n<meta property=\"og:type\" content=\"article\" \/>\n<meta property=\"og:title\" content=\"Getr\u00e4nkebeh\u00e4lter -\" \/>\n<meta property=\"og:description\" content=\"Getr\u00e4nkebeh\u00e4lter -\" \/>\n<meta property=\"og:url\" content=\"https:\/\/animo.eu\/de\/getrankebehalter\/\" \/>\n<meta property=\"article:publisher\" content=\"https:\/\/www.facebook.com\/animobv\/\" \/>\n<meta property=\"article:modified_time\" content=\"2024-01-10T10:09:25+00:00\" \/>\n<meta property=\"og:image\" content=\"https:\/\/animo.eu\/wp-content\/uploads\/2023\/08\/CE-en-CI-serie-1.png\" \/>\n\t<meta property=\"og:image:width\" content=\"1772\" \/>\n\t<meta property=\"og:image:height\" content=\"1475\" \/>\n\t<meta property=\"og:image:type\" content=\"image\/png\" \/>\n<meta name=\"twitter:card\" content=\"summary_large_image\" \/>\n<meta name=\"twitter:site\" content=\"@animokoffie\" \/>\n<meta name=\"twitter:label1\" content=\"Gesch\u00e4tzte Lesezeit\" \/>\n\t<meta name=\"twitter:data1\" content=\"1\u00a0Minute\" \/>\n<script type=\"application\/ld+json\" class=\"yoast-schema-graph\">{\"@context\":\"https:\/\/schema.org\",\"@graph\":[{\"@type\":\"WebPage\",\"@id\":\"https:\/\/animo.eu\/de\/getrankebehalter\/\",\"url\":\"https:\/\/animo.eu\/de\/getrankebehalter\/\",\"name\":\"Getr\u00e4nkebeh\u00e4lter -\",\"isPartOf\":{\"@id\":\"https:\/\/animo.eu\/de\/#website\"},\"primaryImageOfPage\":{\"@id\":\"https:\/\/animo.eu\/de\/getrankebehalter\/#primaryimage\"},\"image\":{\"@id\":\"https:\/\/animo.eu\/de\/getrankebehalter\/#primaryimage\"},\"thumbnailUrl\":\"https:\/\/animo.eu\/wp-content\/uploads\/2023\/08\/CE-en-CI-serie-1.png\",\"datePublished\":\"2023-08-21T13:11:29+00:00\",\"dateModified\":\"2024-01-10T10:09:25+00:00\",\"description\":\"Getr\u00e4nkebeh\u00e4lter -\",\"breadcrumb\":{\"@id\":\"https:\/\/animo.eu\/de\/getrankebehalter\/#breadcrumb\"},\"inLanguage\":\"de\",\"potentialAction\":[{\"@type\":\"ReadAction\",\"target\":[\"https:\/\/animo.eu\/de\/getrankebehalter\/\"]}]},{\"@type\":\"ImageObject\",\"inLanguage\":\"de\",\"@id\":\"https:\/\/animo.eu\/de\/getrankebehalter\/#primaryimage\",\"url\":\"https:\/\/animo.eu\/wp-content\/uploads\/2023\/08\/CE-en-CI-serie-1.png\",\"contentUrl\":\"https:\/\/animo.eu\/wp-content\/uploads\/2023\/08\/CE-en-CI-serie-1.png\",\"width\":1772,\"height\":1475},{\"@type\":\"BreadcrumbList\",\"@id\":\"https:\/\/animo.eu\/de\/getrankebehalter\/#breadcrumb\",\"itemListElement\":[{\"@type\":\"ListItem\",\"position\":1,\"name\":\"Home\",\"item\":\"https:\/\/animo.eu\/de\/\"},{\"@type\":\"ListItem\",\"position\":2,\"name\":\"Getr\u00e4nkebeh\u00e4lter\"}]},{\"@type\":\"WebSite\",\"@id\":\"https:\/\/animo.eu\/de\/#website\",\"url\":\"https:\/\/animo.eu\/de\/\",\"name\":\"\",\"description\":\"\",\"potentialAction\":[{\"@type\":\"SearchAction\",\"target\":{\"@type\":\"EntryPoint\",\"urlTemplate\":\"https:\/\/animo.eu\/de\/?s={search_term_string}\"},\"query-input\":{\"@type\":\"PropertyValueSpecification\",\"valueRequired\":true,\"valueName\":\"search_term_string\"}}],\"inLanguage\":\"de\"}]}<\/script>\n<!-- \/ Yoast SEO plugin. -->","yoast_head_json":{"title":"Getr\u00e4nkebeh\u00e4lter -","description":"Getr\u00e4nkebeh\u00e4lter -","robots":{"index":"index","follow":"follow","max-snippet":"max-snippet:-1","max-image-preview":"max-image-preview:large","max-video-preview":"max-video-preview:-1"},"canonical":"https:\/\/animo.eu\/de\/getrankebehalter\/","og_locale":"de_DE","og_type":"article","og_title":"Getr\u00e4nkebeh\u00e4lter -","og_description":"Getr\u00e4nkebeh\u00e4lter -","og_url":"https:\/\/animo.eu\/de\/getrankebehalter\/","article_publisher":"https:\/\/www.facebook.com\/animobv\/","article_modified_time":"2024-01-10T10:09:25+00:00","og_image":[{"width":1772,"height":1475,"url":"https:\/\/animo.eu\/wp-content\/uploads\/2023\/08\/CE-en-CI-serie-1.png","type":"image\/png"}],"twitter_card":"summary_large_image","twitter_site":"@animokoffie","twitter_misc":{"Gesch\u00e4tzte Lesezeit":"1\u00a0Minute"},"schema":{"@context":"https:\/\/schema.org","@graph":[{"@type":"WebPage","@id":"https:\/\/animo.eu\/de\/getrankebehalter\/","url":"https:\/\/animo.eu\/de\/getrankebehalter\/","name":"Getr\u00e4nkebeh\u00e4lter -","isPartOf":{"@id":"https:\/\/animo.eu\/de\/#website"},"primaryImageOfPage":{"@id":"https:\/\/animo.eu\/de\/getrankebehalter\/#primaryimage"},"image":{"@id":"https:\/\/animo.eu\/de\/getrankebehalter\/#primaryimage"},"thumbnailUrl":"https:\/\/animo.eu\/wp-content\/uploads\/2023\/08\/CE-en-CI-serie-1.png","datePublished":"2023-08-21T13:11:29+00:00","dateModified":"2024-01-10T10:09:25+00:00","description":"Getr\u00e4nkebeh\u00e4lter -","breadcrumb":{"@id":"https:\/\/animo.eu\/de\/getrankebehalter\/#breadcrumb"},"inLanguage":"de","potentialAction":[{"@type":"ReadAction","target":["https:\/\/animo.eu\/de\/getrankebehalter\/"]}]},{"@type":"ImageObject","inLanguage":"de","@id":"https:\/\/animo.eu\/de\/getrankebehalter\/#primaryimage","url":"https:\/\/animo.eu\/wp-content\/uploads\/2023\/08\/CE-en-CI-serie-1.png","contentUrl":"https:\/\/animo.eu\/wp-content\/uploads\/2023\/08\/CE-en-CI-serie-1.png","width":1772,"height":1475},{"@type":"BreadcrumbList","@id":"https:\/\/animo.eu\/de\/getrankebehalter\/#breadcrumb","itemListElement":[{"@type":"ListItem","position":1,"name":"Home","item":"https:\/\/animo.eu\/de\/"},{"@type":"ListItem","position":2,"name":"Getr\u00e4nkebeh\u00e4lter"}]},{"@type":"WebSite","@id":"https:\/\/animo.eu\/de\/#website","url":"https:\/\/animo.eu\/de\/","name":"","description":"","potentialAction":[{"@type":"SearchAction","target":{"@type":"EntryPoint","urlTemplate":"https:\/\/animo.eu\/de\/?s={search_term_string}"},"query-input":{"@type":"PropertyValueSpecification","valueRequired":true,"valueName":"search_term_string"}}],"inLanguage":"de"}]}},"_links":{"self":[{"href":"https:\/\/animo.eu\/de\/wp-json\/wp\/v2\/pages\/42317"}],"collection":[{"href":"https:\/\/animo.eu\/de\/wp-json\/wp\/v2\/pages"}],"about":[{"href":"https:\/\/animo.eu\/de\/wp-json\/wp\/v2\/types\/page"}],"author":[{"embeddable":true,"href":"https:\/\/animo.eu\/de\/wp-json\/wp\/v2\/users\/21"}],"replies":[{"embeddable":true,"href":"https:\/\/animo.eu\/de\/wp-json\/wp\/v2\/comments?post=42317"}],"version-history":[{"count":3,"href":"https:\/\/animo.eu\/de\/wp-json\/wp\/v2\/pages\/42317\/revisions"}],"predecessor-version":[{"id":44795,"href":"https:\/\/animo.eu\/de\/wp-json\/wp\/v2\/pages\/42317\/revisions\/44795"}],"wp:featuredmedia":[{"embeddable":true,"href":"https:\/\/animo.eu\/de\/wp-json\/wp\/v2\/media\/15645"}],"wp:attachment":[{"href":"https:\/\/animo.eu\/de\/wp-json\/wp\/v2\/media?parent=42317"}],"curies":[{"name":"wp","href":"https:\/\/api.w.org\/{rel}","templated":true}]}}