{"id":42465,"date":"2023-06-02T11:05:02","date_gmt":"2023-06-02T09:05:02","guid":{"rendered":"https:\/\/animo.eu\/kaffeemaschinen-2\/"},"modified":"2024-01-14T10:12:38","modified_gmt":"2024-01-14T09:12:38","slug":"kaffeemaschinen","status":"publish","type":"page","link":"https:\/\/animo.eu\/de\/kaffeemaschinen\/","title":{"rendered":"Kaffeemaschinen"},"content":{"rendered":"\n<section  class=\"pane pane--white \">\n    <div class=\"container\">\n                    <div class=\"row justify-content-center mb-4\">\n                <div class=\"col-12\">\n                    <div class=\"pane__text\">\n                        <h2>Kaffeemaschinen<\/h2>\n                    <\/div>\n                <\/div>\n            <\/div>\n        \n                                \n                            <div class=\"row row--equalized g-4 g-lg-3 g-xl-6\">\n                                            <div class=\"col-12 col-md-6 col-lg-3\">\n                            <div class=\"card card--product\">\n                        <div class=\"card-header\">\n                <div class=\"badge bg-tertiary\">Bohnen (Espresso) mit frischer Milch<\/div>\n            <\/div>\n                <div class=\"card__image\">\n                    <img decoding=\"async\" width=\"550\" height=\"458\" src=\"https:\/\/animo.eu\/wp-content\/uploads\/2023\/08\/OptiMe-met-melkkoeler-550x458.png\" class=\"image wp-post-image\" alt=\"\" loading=\"lazy\" srcset=\"https:\/\/animo.eu\/wp-content\/uploads\/2023\/08\/OptiMe-met-melkkoeler-550x458.png 550w, https:\/\/animo.eu\/wp-content\/uploads\/2023\/08\/OptiMe-met-melkkoeler-300x250.png 300w, https:\/\/animo.eu\/wp-content\/uploads\/2023\/08\/OptiMe-met-melkkoeler-1024x852.png 1024w, https:\/\/animo.eu\/wp-content\/uploads\/2023\/08\/OptiMe-met-melkkoeler-768x639.png 768w, https:\/\/animo.eu\/wp-content\/uploads\/2023\/08\/OptiMe-met-melkkoeler-1536x1279.png 1536w, https:\/\/animo.eu\/wp-content\/uploads\/2023\/08\/OptiMe-met-melkkoeler-70x58.png 70w, https:\/\/animo.eu\/wp-content\/uploads\/2023\/08\/OptiMe-met-melkkoeler-800x666.png 800w, https:\/\/animo.eu\/wp-content\/uploads\/2023\/08\/OptiMe-met-melkkoeler-120x100.png 120w, https:\/\/animo.eu\/wp-content\/uploads\/2023\/08\/OptiMe-met-melkkoeler-150x125.png 150w, https:\/\/animo.eu\/wp-content\/uploads\/2023\/08\/OptiMe-met-melkkoeler.png 1772w\" sizes=\"(max-width: 550px) 100vw, 550px\" \/>                <\/div>\n    <div class=\"card-body\">\n        <h3 class=\"card-title\">OptiMe<\/h3>\n                    <p class=\"mb-0\">Genie\u00dfen Sie einen frisch gemahlenen starken Espresso, einen k\u00f6stlichen Lungo oder einen Cappuccino mit frischer Milch. Der OptiMe verbindet Geschmack und Aussehen in einem einzigartigen pers\u00f6nlichen Design.  <\/p>\n            <\/div>\n    <div class=\"card-footer\">\n        <span class=\"btn btn-outline-secondary\">\n            <span class=\"btn__text\">Mehr Infos<\/span>\n            <svg class=\"icon icon--20 icon--arrow\">\n                <use xlink:href=\"https:\/\/animo.eu\/wp-content\/themes\/animo\/build\/img\/symbols.svg#arrow-right\"><\/use>\n            <\/svg>\n        <\/span>\n    <\/div>\n    <a class=\"stretched-link\" href=\"https:\/\/animo.eu\/de\/kaffeemaschinen\/optime\/\"><\/a>\n<\/div>\n                        <\/div>\n                                            <div class=\"col-12 col-md-6 col-lg-3\">\n                            <div class=\"card card--product\">\n                        <div class=\"card-header\">\n                <div class=\"badge bg-tertiary\">Bohnen (Espresso)<\/div>\n            <\/div>\n                <div class=\"card__image\">\n                    <img decoding=\"async\" width=\"550\" height=\"458\" src=\"https:\/\/animo.eu\/wp-content\/uploads\/2024\/05\/OptiMe-X-white_black-550x458.png\" class=\"image wp-post-image\" alt=\"\" loading=\"lazy\" srcset=\"https:\/\/animo.eu\/wp-content\/uploads\/2024\/05\/OptiMe-X-white_black-550x458.png 550w, https:\/\/animo.eu\/wp-content\/uploads\/2024\/05\/OptiMe-X-white_black-300x250.png 300w, https:\/\/animo.eu\/wp-content\/uploads\/2024\/05\/OptiMe-X-white_black-1024x852.png 1024w, https:\/\/animo.eu\/wp-content\/uploads\/2024\/05\/OptiMe-X-white_black-768x639.png 768w, https:\/\/animo.eu\/wp-content\/uploads\/2024\/05\/OptiMe-X-white_black-1536x1279.png 1536w, https:\/\/animo.eu\/wp-content\/uploads\/2024\/05\/OptiMe-X-white_black-70x58.png 70w, https:\/\/animo.eu\/wp-content\/uploads\/2024\/05\/OptiMe-X-white_black-800x666.png 800w, https:\/\/animo.eu\/wp-content\/uploads\/2024\/05\/OptiMe-X-white_black-120x100.png 120w, https:\/\/animo.eu\/wp-content\/uploads\/2024\/05\/OptiMe-X-white_black-150x125.png 150w, https:\/\/animo.eu\/wp-content\/uploads\/2024\/05\/OptiMe-X-white_black.png 1772w\" sizes=\"(max-width: 550px) 100vw, 550px\" \/>                <\/div>\n    <div class=\"card-body\">\n        <h3 class=\"card-title\">OptiMe X<\/h3>\n                    <p class=\"mb-0\">Mit dem OptiMe X k\u00f6nnen Sie problemlos zwei Tassen gleichzeitig zubereiten. Dies ist dank des X-press Br\u00fchers m\u00f6glich. Der perfekte Kaffee war noch nie so einfach.<\/p>\n            <\/div>\n    <div class=\"card-footer\">\n        <span class=\"btn btn-outline-secondary\">\n            <span class=\"btn__text\">Mehr Infos<\/span>\n            <svg class=\"icon icon--20 icon--arrow\">\n                <use xlink:href=\"https:\/\/animo.eu\/wp-content\/themes\/animo\/build\/img\/symbols.svg#arrow-right\"><\/use>\n            <\/svg>\n        <\/span>\n    <\/div>\n    <a class=\"stretched-link\" href=\"https:\/\/animo.eu\/de\/kaffeemaschinen\/optime-x\/\"><\/a>\n<\/div>\n                        <\/div>\n                                            <div class=\"col-12 col-md-6 col-lg-3\">\n                            <div class=\"card card--product\">\n                        <div class=\"card-header\">\n                <div class=\"badge bg-tertiary\">Bohnen (Espresso)<\/div>\n            <\/div>\n                <div class=\"card__image\">\n                    <img decoding=\"async\" width=\"550\" height=\"458\" src=\"https:\/\/animo.eu\/wp-content\/uploads\/2023\/06\/OptiBean-X-550x458.png\" class=\"image wp-post-image\" alt=\"\" loading=\"lazy\" srcset=\"https:\/\/animo.eu\/wp-content\/uploads\/2023\/06\/OptiBean-X-550x458.png 550w, https:\/\/animo.eu\/wp-content\/uploads\/2023\/06\/OptiBean-X-300x250.png 300w, https:\/\/animo.eu\/wp-content\/uploads\/2023\/06\/OptiBean-X-1024x852.png 1024w, https:\/\/animo.eu\/wp-content\/uploads\/2023\/06\/OptiBean-X-768x639.png 768w, https:\/\/animo.eu\/wp-content\/uploads\/2023\/06\/OptiBean-X-1536x1279.png 1536w, https:\/\/animo.eu\/wp-content\/uploads\/2023\/06\/OptiBean-X-70x58.png 70w, https:\/\/animo.eu\/wp-content\/uploads\/2023\/06\/OptiBean-X-120x100.png 120w, https:\/\/animo.eu\/wp-content\/uploads\/2023\/06\/OptiBean-X-150x125.png 150w, https:\/\/animo.eu\/wp-content\/uploads\/2023\/06\/OptiBean-X.png 1772w\" sizes=\"(max-width: 550px) 100vw, 550px\" \/>                <\/div>\n    <div class=\"card-body\">\n        <h3 class=\"card-title\">OptiBean X<\/h3>\n                    <p class=\"mb-0\">Ein starker Espresso, der perfekte Cappuccino, ein k\u00f6stlicher Lungo &#8211; was auch immer Sie trinken, der wahre Geschmack steckt in den kleinsten Details. Genau das bietet die OptiBean X.<\/p>\n            <\/div>\n    <div class=\"card-footer\">\n        <span class=\"btn btn-outline-secondary\">\n            <span class=\"btn__text\">Mehr Infos<\/span>\n            <svg class=\"icon icon--20 icon--arrow\">\n                <use xlink:href=\"https:\/\/animo.eu\/wp-content\/themes\/animo\/build\/img\/symbols.svg#arrow-right\"><\/use>\n            <\/svg>\n        <\/span>\n    <\/div>\n    <a class=\"stretched-link\" href=\"https:\/\/animo.eu\/de\/kaffeemaschinen\/optibean-x\/\"><\/a>\n<\/div>\n                        <\/div>\n                                            <div class=\"col-12 col-md-6 col-lg-3\">\n                            <div class=\"card card--product\">\n                        <div class=\"card-header\">\n                <div class=\"badge bg-tertiary\">Frisches Gebr\u00e4u<\/div>\n            <\/div>\n                <div class=\"card__image\">\n                    <img decoding=\"async\" width=\"550\" height=\"458\" src=\"https:\/\/animo.eu\/wp-content\/uploads\/2023\/06\/OptiFresh-Touch-550x458.png\" class=\"image wp-post-image\" alt=\"\" loading=\"lazy\" srcset=\"https:\/\/animo.eu\/wp-content\/uploads\/2023\/06\/OptiFresh-Touch-550x458.png 550w, https:\/\/animo.eu\/wp-content\/uploads\/2023\/06\/OptiFresh-Touch-300x250.png 300w, https:\/\/animo.eu\/wp-content\/uploads\/2023\/06\/OptiFresh-Touch-1024x852.png 1024w, https:\/\/animo.eu\/wp-content\/uploads\/2023\/06\/OptiFresh-Touch-768x639.png 768w, https:\/\/animo.eu\/wp-content\/uploads\/2023\/06\/OptiFresh-Touch-1536x1279.png 1536w, https:\/\/animo.eu\/wp-content\/uploads\/2023\/06\/OptiFresh-Touch-70x58.png 70w, https:\/\/animo.eu\/wp-content\/uploads\/2023\/06\/OptiFresh-Touch-120x100.png 120w, https:\/\/animo.eu\/wp-content\/uploads\/2023\/06\/OptiFresh-Touch-150x125.png 150w, https:\/\/animo.eu\/wp-content\/uploads\/2023\/06\/OptiFresh-Touch.png 1772w\" sizes=\"(max-width: 550px) 100vw, 550px\" \/>                <\/div>\n    <div class=\"card-body\">\n        <h3 class=\"card-title\">OptiFresh<\/h3>\n                    <p class=\"mb-0\">Vertraut auf k\u00f6stlichen Filterkaffee (frisch gebr\u00fcht) und viele Sorten. Bevorzugen Sie den Geschmack von frisch gemahlenen Kaffeebohnen? Der OptiFresh wird auch mit einer Kaffeem\u00fchle geliefert, die die Bohnen mahlt und im Handumdrehen k\u00f6stlichen Filterkaffee zubereitet.<\/p>\n            <\/div>\n    <div class=\"card-footer\">\n        <span class=\"btn btn-outline-secondary\">\n            <span class=\"btn__text\">Mehr Infos<\/span>\n            <svg class=\"icon icon--20 icon--arrow\">\n                <use xlink:href=\"https:\/\/animo.eu\/wp-content\/themes\/animo\/build\/img\/symbols.svg#arrow-right\"><\/use>\n            <\/svg>\n        <\/span>\n    <\/div>\n    <a class=\"stretched-link\" href=\"https:\/\/animo.eu\/de\/kaffeemaschinen\/optifresh\/\"><\/a>\n<\/div>\n                        <\/div>\n                                            <div class=\"col-12 col-md-6 col-lg-3\">\n                            <div class=\"card card--product\">\n                        <div class=\"card-header\">\n                <div class=\"badge bg-tertiary\">Sofort<\/div>\n            <\/div>\n                <div class=\"card__image\">\n                    <img decoding=\"async\" width=\"550\" height=\"458\" src=\"https:\/\/animo.eu\/wp-content\/uploads\/2023\/06\/OptiVend-Touch-550x458.png\" class=\"image wp-post-image\" alt=\"\" loading=\"lazy\" srcset=\"https:\/\/animo.eu\/wp-content\/uploads\/2023\/06\/OptiVend-Touch-550x458.png 550w, https:\/\/animo.eu\/wp-content\/uploads\/2023\/06\/OptiVend-Touch-300x250.png 300w, https:\/\/animo.eu\/wp-content\/uploads\/2023\/06\/OptiVend-Touch-1024x852.png 1024w, https:\/\/animo.eu\/wp-content\/uploads\/2023\/06\/OptiVend-Touch-768x639.png 768w, https:\/\/animo.eu\/wp-content\/uploads\/2023\/06\/OptiVend-Touch-1536x1279.png 1536w, https:\/\/animo.eu\/wp-content\/uploads\/2023\/06\/OptiVend-Touch-70x58.png 70w, https:\/\/animo.eu\/wp-content\/uploads\/2023\/06\/OptiVend-Touch-120x100.png 120w, https:\/\/animo.eu\/wp-content\/uploads\/2023\/06\/OptiVend-Touch-150x125.png 150w, https:\/\/animo.eu\/wp-content\/uploads\/2023\/06\/OptiVend-Touch.png 1772w\" sizes=\"(max-width: 550px) 100vw, 550px\" \/>                <\/div>\n    <div class=\"card-body\">\n        <h3 class=\"card-title\">OptiVend<\/h3>\n                    <p class=\"mb-0\">Erleben Sie die Leistung des OptiVend. Genie\u00dfen Sie Instantkaffee in Sekundenschnelle, perfekt in Geschmack und Temperatur. Zu jeder Zeit des Tages.  <\/p>\n            <\/div>\n    <div class=\"card-footer\">\n        <span class=\"btn btn-outline-secondary\">\n            <span class=\"btn__text\">Mehr Infos<\/span>\n            <svg class=\"icon icon--20 icon--arrow\">\n                <use xlink:href=\"https:\/\/animo.eu\/wp-content\/themes\/animo\/build\/img\/symbols.svg#arrow-right\"><\/use>\n            <\/svg>\n        <\/span>\n    <\/div>\n    <a class=\"stretched-link\" href=\"https:\/\/animo.eu\/de\/kaffeemaschinen\/optivend\/\"><\/a>\n<\/div>\n                        <\/div>\n                                    <\/div>\n                                         <\/div>\n<\/section>\n\n<section  class=\"pane pane--white \">\n    <div class=\"container\">\n        <div class=\"row g-4 g-lg-8 g-xl-15 g-xxl-20 align-items-center flex-lg-row-reverse\">\n                            <div class=\"col-12 col-lg-6\">\n                    <div class=\"pane__text\">\n                        <h2>Kaffee f\u00fcr alle Branchen<\/h2>\n<p>Der Kaffeebedarf kann von Unternehmen und Branche zu Branche sehr unterschiedlich sein. In einigen Unternehmen sollen nicht nur die Mitarbeiter, sondern auch die Kunden eine frische Tasse Kaffee genie\u00dfen k\u00f6nnen. F\u00fcr viele Branchen ist die Qualit\u00e4t das erste Auswahlkriterium, w\u00e4hrend es f\u00fcr andere Unternehmen wichtig ist, schnell eine gro\u00dfe Menge Kaffee aufbr\u00fchen zu k\u00f6nnen. Deshalb bietet Animo verschiedene Kaffeemaschinen an, die den unterschiedlichen Bed\u00fcrfnissen aller Branchen gerecht werden. Das Spektrum reicht von B\u00fcros, Hotels, Superm\u00e4rkten, Kantinen und Krankenh\u00e4usern bis hin zu Bildungseinrichtungen, Autowerkst\u00e4tten und Theatern&#8230; und viele mehr.<\/p>\n                                                \n                    <\/div>\n                <\/div>\n                                <\/div>\n    <\/div>\n<\/section>\n","protected":false},"excerpt":{"rendered":"","protected":false},"author":1,"featured_media":69761,"parent":0,"menu_order":80,"comment_status":"closed","ping_status":"closed","template":"","meta":{"_acf_changed":false,"footnotes":""},"class_list":["post-42465","page","type-page","status-publish","has-post-thumbnail","hentry"],"acf":[],"yoast_head":"<!-- This site is optimized with the Yoast SEO plugin v25.5 - https:\/\/yoast.com\/wordpress\/plugins\/seo\/ -->\n<title>Kaffeemaschinen -<\/title>\n<meta name=\"description\" content=\"Kaffeemaschinen - Das Automatenprogramm von Animo, dem Kaffeemaschinenanbieter aus Assen. professionelle Kaffeemaschinen f\u00fcr Krankenh\u00e4user, B\u00fcros, Hotels, Superm\u00e4rkte, Kantinen, Bildungseinrichtungen... und vieles mehr.\" \/>\n<meta name=\"robots\" content=\"index, follow, max-snippet:-1, max-image-preview:large, max-video-preview:-1\" \/>\n<link rel=\"canonical\" href=\"https:\/\/animo.eu\/de\/kaffeemaschinen\/\" \/>\n<meta property=\"og:locale\" content=\"de_DE\" \/>\n<meta property=\"og:type\" content=\"article\" \/>\n<meta property=\"og:title\" content=\"Kaffeemaschinen -\" \/>\n<meta property=\"og:description\" content=\"Kaffeemaschinen - Das Automatenprogramm von Animo, dem Kaffeemaschinenanbieter aus Assen. professionelle Kaffeemaschinen f\u00fcr Krankenh\u00e4user, B\u00fcros, Hotels, Superm\u00e4rkte, Kantinen, Bildungseinrichtungen... und vieles mehr.\" \/>\n<meta property=\"og:url\" content=\"https:\/\/animo.eu\/de\/kaffeemaschinen\/\" \/>\n<meta property=\"article:publisher\" content=\"https:\/\/www.facebook.com\/animobv\/\" \/>\n<meta property=\"article:modified_time\" content=\"2024-01-14T09:12:38+00:00\" \/>\n<meta property=\"og:image\" content=\"https:\/\/animo.eu\/wp-content\/uploads\/2023\/06\/Vending-machines-overzicht-2.png\" \/>\n\t<meta property=\"og:image:width\" content=\"1718\" \/>\n\t<meta property=\"og:image:height\" content=\"1026\" \/>\n\t<meta property=\"og:image:type\" content=\"image\/png\" \/>\n<meta name=\"twitter:card\" content=\"summary_large_image\" \/>\n<meta name=\"twitter:site\" content=\"@animokoffie\" \/>\n<meta name=\"twitter:label1\" content=\"Gesch\u00e4tzte Lesezeit\" \/>\n\t<meta name=\"twitter:data1\" content=\"1\u00a0Minute\" \/>\n<script type=\"application\/ld+json\" class=\"yoast-schema-graph\">{\"@context\":\"https:\/\/schema.org\",\"@graph\":[{\"@type\":\"WebPage\",\"@id\":\"https:\/\/animo.eu\/de\/kaffeemaschinen\/\",\"url\":\"https:\/\/animo.eu\/de\/kaffeemaschinen\/\",\"name\":\"Kaffeemaschinen -\",\"isPartOf\":{\"@id\":\"https:\/\/animo.eu\/de\/#website\"},\"primaryImageOfPage\":{\"@id\":\"https:\/\/animo.eu\/de\/kaffeemaschinen\/#primaryimage\"},\"image\":{\"@id\":\"https:\/\/animo.eu\/de\/kaffeemaschinen\/#primaryimage\"},\"thumbnailUrl\":\"https:\/\/animo.eu\/wp-content\/uploads\/2024\/05\/Vending-machines-overzicht-4-1024x612-1.png\",\"datePublished\":\"2023-06-02T09:05:02+00:00\",\"dateModified\":\"2024-01-14T09:12:38+00:00\",\"description\":\"Kaffeemaschinen - Das Automatenprogramm von Animo, dem Kaffeemaschinenanbieter aus Assen. professionelle Kaffeemaschinen f\u00fcr Krankenh\u00e4user, B\u00fcros, Hotels, Superm\u00e4rkte, Kantinen, Bildungseinrichtungen... und vieles mehr.\",\"breadcrumb\":{\"@id\":\"https:\/\/animo.eu\/de\/kaffeemaschinen\/#breadcrumb\"},\"inLanguage\":\"de\",\"potentialAction\":[{\"@type\":\"ReadAction\",\"target\":[\"https:\/\/animo.eu\/de\/kaffeemaschinen\/\"]}]},{\"@type\":\"ImageObject\",\"inLanguage\":\"de\",\"@id\":\"https:\/\/animo.eu\/de\/kaffeemaschinen\/#primaryimage\",\"url\":\"https:\/\/animo.eu\/wp-content\/uploads\/2024\/05\/Vending-machines-overzicht-4-1024x612-1.png\",\"contentUrl\":\"https:\/\/animo.eu\/wp-content\/uploads\/2024\/05\/Vending-machines-overzicht-4-1024x612-1.png\",\"width\":1024,\"height\":612},{\"@type\":\"BreadcrumbList\",\"@id\":\"https:\/\/animo.eu\/de\/kaffeemaschinen\/#breadcrumb\",\"itemListElement\":[{\"@type\":\"ListItem\",\"position\":1,\"name\":\"Home\",\"item\":\"https:\/\/animo.eu\/de\/\"},{\"@type\":\"ListItem\",\"position\":2,\"name\":\"Kaffeemaschinen\"}]},{\"@type\":\"WebSite\",\"@id\":\"https:\/\/animo.eu\/de\/#website\",\"url\":\"https:\/\/animo.eu\/de\/\",\"name\":\"\",\"description\":\"\",\"potentialAction\":[{\"@type\":\"SearchAction\",\"target\":{\"@type\":\"EntryPoint\",\"urlTemplate\":\"https:\/\/animo.eu\/de\/?s={search_term_string}\"},\"query-input\":{\"@type\":\"PropertyValueSpecification\",\"valueRequired\":true,\"valueName\":\"search_term_string\"}}],\"inLanguage\":\"de\"}]}<\/script>\n<!-- \/ Yoast SEO plugin. -->","yoast_head_json":{"title":"Kaffeemaschinen -","description":"Kaffeemaschinen - Das Automatenprogramm von Animo, dem Kaffeemaschinenanbieter aus Assen. professionelle Kaffeemaschinen f\u00fcr Krankenh\u00e4user, B\u00fcros, Hotels, Superm\u00e4rkte, Kantinen, Bildungseinrichtungen... und vieles mehr.","robots":{"index":"index","follow":"follow","max-snippet":"max-snippet:-1","max-image-preview":"max-image-preview:large","max-video-preview":"max-video-preview:-1"},"canonical":"https:\/\/animo.eu\/de\/kaffeemaschinen\/","og_locale":"de_DE","og_type":"article","og_title":"Kaffeemaschinen -","og_description":"Kaffeemaschinen - Das Automatenprogramm von Animo, dem Kaffeemaschinenanbieter aus Assen. professionelle Kaffeemaschinen f\u00fcr Krankenh\u00e4user, B\u00fcros, Hotels, Superm\u00e4rkte, Kantinen, Bildungseinrichtungen... und vieles mehr.","og_url":"https:\/\/animo.eu\/de\/kaffeemaschinen\/","article_publisher":"https:\/\/www.facebook.com\/animobv\/","article_modified_time":"2024-01-14T09:12:38+00:00","og_image":[{"width":1718,"height":1026,"url":"https:\/\/animo.eu\/wp-content\/uploads\/2023\/06\/Vending-machines-overzicht-2.png","type":"image\/png"}],"twitter_card":"summary_large_image","twitter_site":"@animokoffie","twitter_misc":{"Gesch\u00e4tzte Lesezeit":"1\u00a0Minute"},"schema":{"@context":"https:\/\/schema.org","@graph":[{"@type":"WebPage","@id":"https:\/\/animo.eu\/de\/kaffeemaschinen\/","url":"https:\/\/animo.eu\/de\/kaffeemaschinen\/","name":"Kaffeemaschinen -","isPartOf":{"@id":"https:\/\/animo.eu\/de\/#website"},"primaryImageOfPage":{"@id":"https:\/\/animo.eu\/de\/kaffeemaschinen\/#primaryimage"},"image":{"@id":"https:\/\/animo.eu\/de\/kaffeemaschinen\/#primaryimage"},"thumbnailUrl":"https:\/\/animo.eu\/wp-content\/uploads\/2024\/05\/Vending-machines-overzicht-4-1024x612-1.png","datePublished":"2023-06-02T09:05:02+00:00","dateModified":"2024-01-14T09:12:38+00:00","description":"Kaffeemaschinen - Das Automatenprogramm von Animo, dem Kaffeemaschinenanbieter aus Assen. professionelle Kaffeemaschinen f\u00fcr Krankenh\u00e4user, B\u00fcros, Hotels, Superm\u00e4rkte, Kantinen, Bildungseinrichtungen... und vieles mehr.","breadcrumb":{"@id":"https:\/\/animo.eu\/de\/kaffeemaschinen\/#breadcrumb"},"inLanguage":"de","potentialAction":[{"@type":"ReadAction","target":["https:\/\/animo.eu\/de\/kaffeemaschinen\/"]}]},{"@type":"ImageObject","inLanguage":"de","@id":"https:\/\/animo.eu\/de\/kaffeemaschinen\/#primaryimage","url":"https:\/\/animo.eu\/wp-content\/uploads\/2024\/05\/Vending-machines-overzicht-4-1024x612-1.png","contentUrl":"https:\/\/animo.eu\/wp-content\/uploads\/2024\/05\/Vending-machines-overzicht-4-1024x612-1.png","width":1024,"height":612},{"@type":"BreadcrumbList","@id":"https:\/\/animo.eu\/de\/kaffeemaschinen\/#breadcrumb","itemListElement":[{"@type":"ListItem","position":1,"name":"Home","item":"https:\/\/animo.eu\/de\/"},{"@type":"ListItem","position":2,"name":"Kaffeemaschinen"}]},{"@type":"WebSite","@id":"https:\/\/animo.eu\/de\/#website","url":"https:\/\/animo.eu\/de\/","name":"","description":"","potentialAction":[{"@type":"SearchAction","target":{"@type":"EntryPoint","urlTemplate":"https:\/\/animo.eu\/de\/?s={search_term_string}"},"query-input":{"@type":"PropertyValueSpecification","valueRequired":true,"valueName":"search_term_string"}}],"inLanguage":"de"}]}},"_links":{"self":[{"href":"https:\/\/animo.eu\/de\/wp-json\/wp\/v2\/pages\/42465"}],"collection":[{"href":"https:\/\/animo.eu\/de\/wp-json\/wp\/v2\/pages"}],"about":[{"href":"https:\/\/animo.eu\/de\/wp-json\/wp\/v2\/types\/page"}],"author":[{"embeddable":true,"href":"https:\/\/animo.eu\/de\/wp-json\/wp\/v2\/users\/1"}],"replies":[{"embeddable":true,"href":"https:\/\/animo.eu\/de\/wp-json\/wp\/v2\/comments?post=42465"}],"version-history":[{"count":1,"href":"https:\/\/animo.eu\/de\/wp-json\/wp\/v2\/pages\/42465\/revisions"}],"predecessor-version":[{"id":42466,"href":"https:\/\/animo.eu\/de\/wp-json\/wp\/v2\/pages\/42465\/revisions\/42466"}],"wp:featuredmedia":[{"embeddable":true,"href":"https:\/\/animo.eu\/de\/wp-json\/wp\/v2\/media\/69761"}],"wp:attachment":[{"href":"https:\/\/animo.eu\/de\/wp-json\/wp\/v2\/media?parent=42465"}],"curies":[{"name":"wp","href":"https:\/\/api.w.org\/{rel}","templated":true}]}}