{"id":42606,"date":"2023-03-14T13:12:36","date_gmt":"2023-03-14T12:12:36","guid":{"rendered":"https:\/\/animo.eu\/wasserspender\/"},"modified":"2024-01-14T08:16:55","modified_gmt":"2024-01-14T07:16:55","slug":"wasserkuhler","status":"publish","type":"page","link":"https:\/\/animo.eu\/de\/wasserkuhler\/","title":{"rendered":"Wasserspender"},"content":{"rendered":"\n<section  class=\"pane pane--white \">\n    <div class=\"container\">\n                    <div class=\"row justify-content-center mb-4\">\n                <div class=\"col-12\">\n                    <div class=\"pane__text\">\n                        <h2>Wasserspender<\/h2>\n                    <\/div>\n                <\/div>\n            <\/div>\n        \n                                \n                            <div class=\"row row--equalized g-4 g-lg-3 g-xl-6\">\n                                            <div class=\"col-12 col-md-6 col-lg-3\">\n                            <div class=\"card card--product\">\n                    <div class=\"card__image\">\n                    <img decoding=\"async\" width=\"550\" height=\"458\" src=\"https:\/\/animo.eu\/wp-content\/uploads\/2023\/08\/OptiCool-producten-550x458.png\" class=\"image wp-post-image\" alt=\"\" loading=\"lazy\" srcset=\"https:\/\/animo.eu\/wp-content\/uploads\/2023\/08\/OptiCool-producten-550x458.png 550w, https:\/\/animo.eu\/wp-content\/uploads\/2023\/08\/OptiCool-producten-300x250.png 300w, https:\/\/animo.eu\/wp-content\/uploads\/2023\/08\/OptiCool-producten-1024x852.png 1024w, https:\/\/animo.eu\/wp-content\/uploads\/2023\/08\/OptiCool-producten-768x639.png 768w, https:\/\/animo.eu\/wp-content\/uploads\/2023\/08\/OptiCool-producten-1536x1279.png 1536w, https:\/\/animo.eu\/wp-content\/uploads\/2023\/08\/OptiCool-producten-70x58.png 70w, https:\/\/animo.eu\/wp-content\/uploads\/2023\/08\/OptiCool-producten-800x666.png 800w, https:\/\/animo.eu\/wp-content\/uploads\/2023\/08\/OptiCool-producten-120x100.png 120w, https:\/\/animo.eu\/wp-content\/uploads\/2023\/08\/OptiCool-producten-150x125.png 150w, https:\/\/animo.eu\/wp-content\/uploads\/2023\/08\/OptiCool-producten.png 1772w\" sizes=\"(max-width: 550px) 100vw, 550px\" \/>                <\/div>\n    <div class=\"card-body\">\n        <h3 class=\"card-title\">Wasserspender<\/h3>\n                    <p class=\"mb-0\">Wasserspender f\u00fcr k\u00f6stliches, k\u00fchles, frisches und reines Wasser.<\/p>\n            <\/div>\n    <div class=\"card-footer\">\n        <span class=\"btn btn-outline-secondary\">\n            <span class=\"btn__text\">Mehr Infos<\/span>\n            <svg class=\"icon icon--20 icon--arrow\">\n                <use xlink:href=\"https:\/\/animo.eu\/wp-content\/themes\/animo\/build\/img\/symbols.svg#arrow-right\"><\/use>\n            <\/svg>\n        <\/span>\n    <\/div>\n    <a class=\"stretched-link\" href=\"https:\/\/animo.eu\/de\/wasserkuhler\/wasserkuhler\/\"><\/a>\n<\/div>\n                        <\/div>\n                                    <\/div>\n                                         <\/div>\n<\/section>\n\n<section  class=\"pane pane--white \">\n    <div class=\"container\">\n        <div class=\"row g-4 g-lg-8 g-xl-15 g-xxl-20 align-items-center flex-lg-row-reverse\">\n                            <div class=\"col-12 col-lg-6\">\n                    <div class=\"pane__text\">\n                        <h2>Professionelle Wasserspender f\u00fcr alle Branchen<\/h2>\n<p>Ein k\u00f6stliches, k\u00fchlendes Glas Wasser ist eine angenehme Erfrischung f\u00fcr den Menschen. Mit dem OptiCool ist der ber\u00fchmteste Durstl\u00f6scher der Welt immer in Reichweite. Ideal f\u00fcr das B\u00fcro, Wartezimmer, Sportzentrum, Catering usw.<\/p>\n                                                \n                    <\/div>\n                <\/div>\n                                <\/div>\n    <\/div>\n<\/section>\n","protected":false},"excerpt":{"rendered":"","protected":false},"author":1,"featured_media":14289,"parent":0,"menu_order":84,"comment_status":"closed","ping_status":"closed","template":"","meta":{"_acf_changed":false,"footnotes":""},"class_list":["post-42606","page","type-page","status-publish","has-post-thumbnail","hentry"],"acf":[],"yoast_head":"<!-- This site is optimized with the Yoast SEO plugin v25.5 - https:\/\/yoast.com\/wordpress\/plugins\/seo\/ -->\n<title>Wasserspender -<\/title>\n<meta name=\"description\" content=\"Wasserspender - Mit dem OptiCool ist der ber\u00fchmteste Durstl\u00f6scher der Welt immer in Reichweite. Ideal f\u00fcr das B\u00fcro, Wartezimmer, Sportzentrum, Catering usw.\" \/>\n<meta name=\"robots\" content=\"index, follow, max-snippet:-1, max-image-preview:large, max-video-preview:-1\" \/>\n<link rel=\"canonical\" href=\"https:\/\/animo.eu\/de\/wasserkuhler\/\" \/>\n<meta property=\"og:locale\" content=\"de_DE\" \/>\n<meta property=\"og:type\" content=\"article\" \/>\n<meta property=\"og:title\" content=\"Wasserspender -\" \/>\n<meta property=\"og:description\" content=\"Wasserspender - Mit dem OptiCool ist der ber\u00fchmteste Durstl\u00f6scher der Welt immer in Reichweite. Ideal f\u00fcr das B\u00fcro, Wartezimmer, Sportzentrum, Catering usw.\" \/>\n<meta property=\"og:url\" content=\"https:\/\/animo.eu\/de\/wasserkuhler\/\" \/>\n<meta property=\"article:publisher\" content=\"https:\/\/www.facebook.com\/animobv\/\" \/>\n<meta property=\"article:modified_time\" content=\"2024-01-14T07:16:55+00:00\" \/>\n<meta property=\"og:image\" content=\"https:\/\/animo.eu\/wp-content\/uploads\/2023\/08\/OptiCool-producten.png\" \/>\n\t<meta property=\"og:image:width\" content=\"1772\" \/>\n\t<meta property=\"og:image:height\" content=\"1475\" \/>\n\t<meta property=\"og:image:type\" content=\"image\/png\" \/>\n<meta name=\"twitter:card\" content=\"summary_large_image\" \/>\n<meta name=\"twitter:site\" content=\"@animokoffie\" \/>\n<meta name=\"twitter:label1\" content=\"Gesch\u00e4tzte Lesezeit\" \/>\n\t<meta name=\"twitter:data1\" content=\"1\u00a0Minute\" \/>\n<script type=\"application\/ld+json\" class=\"yoast-schema-graph\">{\"@context\":\"https:\/\/schema.org\",\"@graph\":[{\"@type\":\"WebPage\",\"@id\":\"https:\/\/animo.eu\/de\/wasserkuhler\/\",\"url\":\"https:\/\/animo.eu\/de\/wasserkuhler\/\",\"name\":\"Wasserspender -\",\"isPartOf\":{\"@id\":\"https:\/\/animo.eu\/de\/#website\"},\"primaryImageOfPage\":{\"@id\":\"https:\/\/animo.eu\/de\/wasserkuhler\/#primaryimage\"},\"image\":{\"@id\":\"https:\/\/animo.eu\/de\/wasserkuhler\/#primaryimage\"},\"thumbnailUrl\":\"https:\/\/animo.eu\/wp-content\/uploads\/2023\/08\/OptiCool-producten.png\",\"datePublished\":\"2023-03-14T12:12:36+00:00\",\"dateModified\":\"2024-01-14T07:16:55+00:00\",\"description\":\"Wasserspender - Mit dem OptiCool ist der ber\u00fchmteste Durstl\u00f6scher der Welt immer in Reichweite. Ideal f\u00fcr das B\u00fcro, Wartezimmer, Sportzentrum, Catering usw.\",\"breadcrumb\":{\"@id\":\"https:\/\/animo.eu\/de\/wasserkuhler\/#breadcrumb\"},\"inLanguage\":\"de\",\"potentialAction\":[{\"@type\":\"ReadAction\",\"target\":[\"https:\/\/animo.eu\/de\/wasserkuhler\/\"]}]},{\"@type\":\"ImageObject\",\"inLanguage\":\"de\",\"@id\":\"https:\/\/animo.eu\/de\/wasserkuhler\/#primaryimage\",\"url\":\"https:\/\/animo.eu\/wp-content\/uploads\/2023\/08\/OptiCool-producten.png\",\"contentUrl\":\"https:\/\/animo.eu\/wp-content\/uploads\/2023\/08\/OptiCool-producten.png\",\"width\":1772,\"height\":1475},{\"@type\":\"BreadcrumbList\",\"@id\":\"https:\/\/animo.eu\/de\/wasserkuhler\/#breadcrumb\",\"itemListElement\":[{\"@type\":\"ListItem\",\"position\":1,\"name\":\"Home\",\"item\":\"https:\/\/animo.eu\/de\/\"},{\"@type\":\"ListItem\",\"position\":2,\"name\":\"Wasserspender\"}]},{\"@type\":\"WebSite\",\"@id\":\"https:\/\/animo.eu\/de\/#website\",\"url\":\"https:\/\/animo.eu\/de\/\",\"name\":\"\",\"description\":\"\",\"potentialAction\":[{\"@type\":\"SearchAction\",\"target\":{\"@type\":\"EntryPoint\",\"urlTemplate\":\"https:\/\/animo.eu\/de\/?s={search_term_string}\"},\"query-input\":{\"@type\":\"PropertyValueSpecification\",\"valueRequired\":true,\"valueName\":\"search_term_string\"}}],\"inLanguage\":\"de\"}]}<\/script>\n<!-- \/ Yoast SEO plugin. -->","yoast_head_json":{"title":"Wasserspender -","description":"Wasserspender - Mit dem OptiCool ist der ber\u00fchmteste Durstl\u00f6scher der Welt immer in Reichweite. Ideal f\u00fcr das B\u00fcro, Wartezimmer, Sportzentrum, Catering usw.","robots":{"index":"index","follow":"follow","max-snippet":"max-snippet:-1","max-image-preview":"max-image-preview:large","max-video-preview":"max-video-preview:-1"},"canonical":"https:\/\/animo.eu\/de\/wasserkuhler\/","og_locale":"de_DE","og_type":"article","og_title":"Wasserspender -","og_description":"Wasserspender - Mit dem OptiCool ist der ber\u00fchmteste Durstl\u00f6scher der Welt immer in Reichweite. Ideal f\u00fcr das B\u00fcro, Wartezimmer, Sportzentrum, Catering usw.","og_url":"https:\/\/animo.eu\/de\/wasserkuhler\/","article_publisher":"https:\/\/www.facebook.com\/animobv\/","article_modified_time":"2024-01-14T07:16:55+00:00","og_image":[{"width":1772,"height":1475,"url":"https:\/\/animo.eu\/wp-content\/uploads\/2023\/08\/OptiCool-producten.png","type":"image\/png"}],"twitter_card":"summary_large_image","twitter_site":"@animokoffie","twitter_misc":{"Gesch\u00e4tzte Lesezeit":"1\u00a0Minute"},"schema":{"@context":"https:\/\/schema.org","@graph":[{"@type":"WebPage","@id":"https:\/\/animo.eu\/de\/wasserkuhler\/","url":"https:\/\/animo.eu\/de\/wasserkuhler\/","name":"Wasserspender -","isPartOf":{"@id":"https:\/\/animo.eu\/de\/#website"},"primaryImageOfPage":{"@id":"https:\/\/animo.eu\/de\/wasserkuhler\/#primaryimage"},"image":{"@id":"https:\/\/animo.eu\/de\/wasserkuhler\/#primaryimage"},"thumbnailUrl":"https:\/\/animo.eu\/wp-content\/uploads\/2023\/08\/OptiCool-producten.png","datePublished":"2023-03-14T12:12:36+00:00","dateModified":"2024-01-14T07:16:55+00:00","description":"Wasserspender - Mit dem OptiCool ist der ber\u00fchmteste Durstl\u00f6scher der Welt immer in Reichweite. Ideal f\u00fcr das B\u00fcro, Wartezimmer, Sportzentrum, Catering usw.","breadcrumb":{"@id":"https:\/\/animo.eu\/de\/wasserkuhler\/#breadcrumb"},"inLanguage":"de","potentialAction":[{"@type":"ReadAction","target":["https:\/\/animo.eu\/de\/wasserkuhler\/"]}]},{"@type":"ImageObject","inLanguage":"de","@id":"https:\/\/animo.eu\/de\/wasserkuhler\/#primaryimage","url":"https:\/\/animo.eu\/wp-content\/uploads\/2023\/08\/OptiCool-producten.png","contentUrl":"https:\/\/animo.eu\/wp-content\/uploads\/2023\/08\/OptiCool-producten.png","width":1772,"height":1475},{"@type":"BreadcrumbList","@id":"https:\/\/animo.eu\/de\/wasserkuhler\/#breadcrumb","itemListElement":[{"@type":"ListItem","position":1,"name":"Home","item":"https:\/\/animo.eu\/de\/"},{"@type":"ListItem","position":2,"name":"Wasserspender"}]},{"@type":"WebSite","@id":"https:\/\/animo.eu\/de\/#website","url":"https:\/\/animo.eu\/de\/","name":"","description":"","potentialAction":[{"@type":"SearchAction","target":{"@type":"EntryPoint","urlTemplate":"https:\/\/animo.eu\/de\/?s={search_term_string}"},"query-input":{"@type":"PropertyValueSpecification","valueRequired":true,"valueName":"search_term_string"}}],"inLanguage":"de"}]}},"_links":{"self":[{"href":"https:\/\/animo.eu\/de\/wp-json\/wp\/v2\/pages\/42606"}],"collection":[{"href":"https:\/\/animo.eu\/de\/wp-json\/wp\/v2\/pages"}],"about":[{"href":"https:\/\/animo.eu\/de\/wp-json\/wp\/v2\/types\/page"}],"author":[{"embeddable":true,"href":"https:\/\/animo.eu\/de\/wp-json\/wp\/v2\/users\/1"}],"replies":[{"embeddable":true,"href":"https:\/\/animo.eu\/de\/wp-json\/wp\/v2\/comments?post=42606"}],"version-history":[{"count":8,"href":"https:\/\/animo.eu\/de\/wp-json\/wp\/v2\/pages\/42606\/revisions"}],"predecessor-version":[{"id":45491,"href":"https:\/\/animo.eu\/de\/wp-json\/wp\/v2\/pages\/42606\/revisions\/45491"}],"wp:featuredmedia":[{"embeddable":true,"href":"https:\/\/animo.eu\/de\/wp-json\/wp\/v2\/media\/14289"}],"wp:attachment":[{"href":"https:\/\/animo.eu\/de\/wp-json\/wp\/v2\/media?parent=42606"}],"curies":[{"name":"wp","href":"https:\/\/api.w.org\/{rel}","templated":true}]}}