{"id":42636,"date":"2023-03-14T13:11:58","date_gmt":"2023-03-14T12:11:58","guid":{"rendered":"https:\/\/animo.eu\/kaffeemaschinen-3\/"},"modified":"2024-03-01T15:32:00","modified_gmt":"2024-03-01T14:32:00","slug":"buffetbruhanlagen","status":"publish","type":"page","link":"https:\/\/animo.eu\/de\/buffetbruhanlagen\/","title":{"rendered":"B\u00fcffetbr\u00fchanlagen"},"content":{"rendered":"\n<section  class=\"pane pane--white \">\n    <div class=\"container\">\n                    <div class=\"row justify-content-center mb-4\">\n                <div class=\"col-12\">\n                    <div class=\"pane__text\">\n                        <h2>B\u00fcffetbr\u00fchanlagen Combi-line<\/h2>\n                    <\/div>\n                <\/div>\n            <\/div>\n        \n                                \n                            <div class=\"row row--equalized g-4 g-lg-3 g-xl-6\">\n                                            <div class=\"col-12 col-md-6 col-lg-3\">\n                            <div class=\"card card--product\">\n        <div class=\"card__image\">\n                    <img decoding=\"async\" width=\"550\" height=\"458\" src=\"https:\/\/animo.eu\/wp-content\/uploads\/2023\/08\/Combi-line-product-550x458.png\" class=\"image wp-post-image\" alt=\"\" loading=\"lazy\" srcset=\"https:\/\/animo.eu\/wp-content\/uploads\/2023\/08\/Combi-line-product-550x458.png 550w, https:\/\/animo.eu\/wp-content\/uploads\/2023\/08\/Combi-line-product-300x250.png 300w, https:\/\/animo.eu\/wp-content\/uploads\/2023\/08\/Combi-line-product-1024x852.png 1024w, https:\/\/animo.eu\/wp-content\/uploads\/2023\/08\/Combi-line-product-768x639.png 768w, https:\/\/animo.eu\/wp-content\/uploads\/2023\/08\/Combi-line-product-1536x1279.png 1536w, https:\/\/animo.eu\/wp-content\/uploads\/2023\/08\/Combi-line-product-70x58.png 70w, https:\/\/animo.eu\/wp-content\/uploads\/2023\/08\/Combi-line-product-800x666.png 800w, https:\/\/animo.eu\/wp-content\/uploads\/2023\/08\/Combi-line-product-120x100.png 120w, https:\/\/animo.eu\/wp-content\/uploads\/2023\/08\/Combi-line-product-150x125.png 150w, https:\/\/animo.eu\/wp-content\/uploads\/2023\/08\/Combi-line-product.png 1772w\" sizes=\"(max-width: 550px) 100vw, 550px\" \/>                <\/div>\n    <div class=\"card-body\">\n        <h3 class=\"card-title\">ComBi-line<\/h3>\n                    <p class=\"mb-0\">Mit den Kaffeemaschinen der ComBi-line k\u00f6nnen Sie gro\u00dfe Mengen frischen Filterkaffee einfach und in kurzer Zeit zubereiten.<\/p>\n            <\/div>\n    <div class=\"card-footer\">\n        <span class=\"btn btn-outline-secondary\">\n            <span class=\"btn__text\">Mehr Infos<\/span>\n            <svg class=\"icon icon--20 icon--arrow\">\n                <use xlink:href=\"https:\/\/animo.eu\/wp-content\/themes\/animo\/build\/img\/symbols.svg#arrow-right\"><\/use>\n            <\/svg>\n        <\/span>\n    <\/div>\n    <a class=\"stretched-link\" href=\"https:\/\/animo.eu\/de\/buffetbruhanlagen\/combi-line\/\"><\/a>\n<\/div>\n                        <\/div>\n                                    <\/div>\n                                         <\/div>\n<\/section>\n\n\n\n<section  class=\"pane pane--white \">\n    <div class=\"container\">\n        <div class=\"row g-4 g-lg-8 g-xl-15 g-xxl-20 align-items-center flex-lg-row-reverse\">\n                            <div class=\"col-12 col-lg-6\">\n                    <div class=\"pane__text\">\n                        <h2>Kaffee f\u00fcr alle Branchen<\/h2>\n<p>Der Kaffeebedarf kann von Unternehmen und Branche zu Branche sehr unterschiedlich sein. In einigen Unternehmen sollen nicht nur die Mitarbeiter, sondern auch die Kunden eine frische Tasse Kaffee genie\u00dfen k\u00f6nnen. F\u00fcr viele Branchen ist die Qualit\u00e4t das erste Auswahlkriterium, w\u00e4hrend es f\u00fcr andere Unternehmen wichtig ist, schnell eine gro\u00dfe Menge Kaffee aufbr\u00fchen zu k\u00f6nnen. Deshalb bietet Animo verschiedene Kaffeemaschinen an, die den unterschiedlichen Bed\u00fcrfnissen aller Branchen gerecht werden. Das Spektrum reicht von B\u00fcros, Hotels, Superm\u00e4rkten, Kantinen und Krankenh\u00e4usern bis hin zu Bildungseinrichtungen, Autowerkst\u00e4tten und Theatern&#8230; und viele mehr.<\/p>\n                                                \n                    <\/div>\n                <\/div>\n                                <\/div>\n    <\/div>\n<\/section>\n","protected":false},"excerpt":{"rendered":"","protected":false},"author":1,"featured_media":11865,"parent":0,"menu_order":84,"comment_status":"closed","ping_status":"closed","template":"","meta":{"_acf_changed":false,"footnotes":""},"class_list":["post-42636","page","type-page","status-publish","has-post-thumbnail","hentry"],"acf":[],"yoast_head":"<!-- This site is optimized with the Yoast SEO plugin v25.5 - https:\/\/yoast.com\/wordpress\/plugins\/seo\/ -->\n<title>B\u00fcffetbr\u00fchanlagen -<\/title>\n<meta name=\"description\" content=\"B\u00fcffetbr\u00fchanlagen -\" \/>\n<meta name=\"robots\" content=\"index, follow, max-snippet:-1, max-image-preview:large, max-video-preview:-1\" \/>\n<link rel=\"canonical\" href=\"https:\/\/animo.eu\/de\/buffetbruhanlagen\/\" \/>\n<meta property=\"og:locale\" content=\"de_DE\" \/>\n<meta property=\"og:type\" content=\"article\" \/>\n<meta property=\"og:title\" content=\"B\u00fcffetbr\u00fchanlagen -\" \/>\n<meta property=\"og:description\" content=\"B\u00fcffetbr\u00fchanlagen -\" \/>\n<meta property=\"og:url\" content=\"https:\/\/animo.eu\/de\/buffetbruhanlagen\/\" \/>\n<meta property=\"article:publisher\" content=\"https:\/\/www.facebook.com\/animobv\/\" \/>\n<meta property=\"article:modified_time\" content=\"2024-03-01T14:32:00+00:00\" \/>\n<meta property=\"og:image\" content=\"https:\/\/animo.eu\/wp-content\/uploads\/2023\/08\/CB-2X20W.png\" \/>\n\t<meta property=\"og:image:width\" content=\"1772\" \/>\n\t<meta property=\"og:image:height\" content=\"1475\" \/>\n\t<meta property=\"og:image:type\" content=\"image\/png\" \/>\n<meta name=\"twitter:card\" content=\"summary_large_image\" \/>\n<meta name=\"twitter:site\" content=\"@animokoffie\" \/>\n<meta name=\"twitter:label1\" content=\"Gesch\u00e4tzte Lesezeit\" \/>\n\t<meta name=\"twitter:data1\" content=\"1\u00a0Minute\" \/>\n<script type=\"application\/ld+json\" class=\"yoast-schema-graph\">{\"@context\":\"https:\/\/schema.org\",\"@graph\":[{\"@type\":\"WebPage\",\"@id\":\"https:\/\/animo.eu\/de\/buffetbruhanlagen\/\",\"url\":\"https:\/\/animo.eu\/de\/buffetbruhanlagen\/\",\"name\":\"B\u00fcffetbr\u00fchanlagen -\",\"isPartOf\":{\"@id\":\"https:\/\/animo.eu\/de\/#website\"},\"primaryImageOfPage\":{\"@id\":\"https:\/\/animo.eu\/de\/buffetbruhanlagen\/#primaryimage\"},\"image\":{\"@id\":\"https:\/\/animo.eu\/de\/buffetbruhanlagen\/#primaryimage\"},\"thumbnailUrl\":\"https:\/\/animo.eu\/wp-content\/uploads\/2023\/08\/CB-2X20W.png\",\"datePublished\":\"2023-03-14T12:11:58+00:00\",\"dateModified\":\"2024-03-01T14:32:00+00:00\",\"description\":\"B\u00fcffetbr\u00fchanlagen -\",\"breadcrumb\":{\"@id\":\"https:\/\/animo.eu\/de\/buffetbruhanlagen\/#breadcrumb\"},\"inLanguage\":\"de\",\"potentialAction\":[{\"@type\":\"ReadAction\",\"target\":[\"https:\/\/animo.eu\/de\/buffetbruhanlagen\/\"]}]},{\"@type\":\"ImageObject\",\"inLanguage\":\"de\",\"@id\":\"https:\/\/animo.eu\/de\/buffetbruhanlagen\/#primaryimage\",\"url\":\"https:\/\/animo.eu\/wp-content\/uploads\/2023\/08\/CB-2X20W.png\",\"contentUrl\":\"https:\/\/animo.eu\/wp-content\/uploads\/2023\/08\/CB-2X20W.png\",\"width\":1772,\"height\":1475},{\"@type\":\"BreadcrumbList\",\"@id\":\"https:\/\/animo.eu\/de\/buffetbruhanlagen\/#breadcrumb\",\"itemListElement\":[{\"@type\":\"ListItem\",\"position\":1,\"name\":\"Home\",\"item\":\"https:\/\/animo.eu\/de\/\"},{\"@type\":\"ListItem\",\"position\":2,\"name\":\"B\u00fcffetbr\u00fchanlagen\"}]},{\"@type\":\"WebSite\",\"@id\":\"https:\/\/animo.eu\/de\/#website\",\"url\":\"https:\/\/animo.eu\/de\/\",\"name\":\"\",\"description\":\"\",\"potentialAction\":[{\"@type\":\"SearchAction\",\"target\":{\"@type\":\"EntryPoint\",\"urlTemplate\":\"https:\/\/animo.eu\/de\/?s={search_term_string}\"},\"query-input\":{\"@type\":\"PropertyValueSpecification\",\"valueRequired\":true,\"valueName\":\"search_term_string\"}}],\"inLanguage\":\"de\"}]}<\/script>\n<!-- \/ Yoast SEO plugin. -->","yoast_head_json":{"title":"B\u00fcffetbr\u00fchanlagen -","description":"B\u00fcffetbr\u00fchanlagen -","robots":{"index":"index","follow":"follow","max-snippet":"max-snippet:-1","max-image-preview":"max-image-preview:large","max-video-preview":"max-video-preview:-1"},"canonical":"https:\/\/animo.eu\/de\/buffetbruhanlagen\/","og_locale":"de_DE","og_type":"article","og_title":"B\u00fcffetbr\u00fchanlagen -","og_description":"B\u00fcffetbr\u00fchanlagen -","og_url":"https:\/\/animo.eu\/de\/buffetbruhanlagen\/","article_publisher":"https:\/\/www.facebook.com\/animobv\/","article_modified_time":"2024-03-01T14:32:00+00:00","og_image":[{"width":1772,"height":1475,"url":"https:\/\/animo.eu\/wp-content\/uploads\/2023\/08\/CB-2X20W.png","type":"image\/png"}],"twitter_card":"summary_large_image","twitter_site":"@animokoffie","twitter_misc":{"Gesch\u00e4tzte Lesezeit":"1\u00a0Minute"},"schema":{"@context":"https:\/\/schema.org","@graph":[{"@type":"WebPage","@id":"https:\/\/animo.eu\/de\/buffetbruhanlagen\/","url":"https:\/\/animo.eu\/de\/buffetbruhanlagen\/","name":"B\u00fcffetbr\u00fchanlagen -","isPartOf":{"@id":"https:\/\/animo.eu\/de\/#website"},"primaryImageOfPage":{"@id":"https:\/\/animo.eu\/de\/buffetbruhanlagen\/#primaryimage"},"image":{"@id":"https:\/\/animo.eu\/de\/buffetbruhanlagen\/#primaryimage"},"thumbnailUrl":"https:\/\/animo.eu\/wp-content\/uploads\/2023\/08\/CB-2X20W.png","datePublished":"2023-03-14T12:11:58+00:00","dateModified":"2024-03-01T14:32:00+00:00","description":"B\u00fcffetbr\u00fchanlagen -","breadcrumb":{"@id":"https:\/\/animo.eu\/de\/buffetbruhanlagen\/#breadcrumb"},"inLanguage":"de","potentialAction":[{"@type":"ReadAction","target":["https:\/\/animo.eu\/de\/buffetbruhanlagen\/"]}]},{"@type":"ImageObject","inLanguage":"de","@id":"https:\/\/animo.eu\/de\/buffetbruhanlagen\/#primaryimage","url":"https:\/\/animo.eu\/wp-content\/uploads\/2023\/08\/CB-2X20W.png","contentUrl":"https:\/\/animo.eu\/wp-content\/uploads\/2023\/08\/CB-2X20W.png","width":1772,"height":1475},{"@type":"BreadcrumbList","@id":"https:\/\/animo.eu\/de\/buffetbruhanlagen\/#breadcrumb","itemListElement":[{"@type":"ListItem","position":1,"name":"Home","item":"https:\/\/animo.eu\/de\/"},{"@type":"ListItem","position":2,"name":"B\u00fcffetbr\u00fchanlagen"}]},{"@type":"WebSite","@id":"https:\/\/animo.eu\/de\/#website","url":"https:\/\/animo.eu\/de\/","name":"","description":"","potentialAction":[{"@type":"SearchAction","target":{"@type":"EntryPoint","urlTemplate":"https:\/\/animo.eu\/de\/?s={search_term_string}"},"query-input":{"@type":"PropertyValueSpecification","valueRequired":true,"valueName":"search_term_string"}}],"inLanguage":"de"}]}},"_links":{"self":[{"href":"https:\/\/animo.eu\/de\/wp-json\/wp\/v2\/pages\/42636"}],"collection":[{"href":"https:\/\/animo.eu\/de\/wp-json\/wp\/v2\/pages"}],"about":[{"href":"https:\/\/animo.eu\/de\/wp-json\/wp\/v2\/types\/page"}],"author":[{"embeddable":true,"href":"https:\/\/animo.eu\/de\/wp-json\/wp\/v2\/users\/1"}],"replies":[{"embeddable":true,"href":"https:\/\/animo.eu\/de\/wp-json\/wp\/v2\/comments?post=42636"}],"version-history":[{"count":7,"href":"https:\/\/animo.eu\/de\/wp-json\/wp\/v2\/pages\/42636\/revisions"}],"predecessor-version":[{"id":55688,"href":"https:\/\/animo.eu\/de\/wp-json\/wp\/v2\/pages\/42636\/revisions\/55688"}],"wp:featuredmedia":[{"embeddable":true,"href":"https:\/\/animo.eu\/de\/wp-json\/wp\/v2\/media\/11865"}],"wp:attachment":[{"href":"https:\/\/animo.eu\/de\/wp-json\/wp\/v2\/media?parent=42636"}],"curies":[{"name":"wp","href":"https:\/\/api.w.org\/{rel}","templated":true}]}}