{"id":43651,"date":"2024-01-03T10:28:51","date_gmt":"2024-01-03T09:28:51","guid":{"rendered":"https:\/\/animo.eu\/?page_id=43651"},"modified":"2024-10-28T09:06:17","modified_gmt":"2024-10-28T08:06:17","slug":"csr","status":"publish","type":"page","link":"https:\/\/animo.eu\/de\/uber_animo\/csr\/","title":{"rendered":"Unternehmerische Sozialverantwortung"},"content":{"rendered":"\n<section class=\"hero\">\n    <div class=\"hero__background\">\n                                    <img fetchpriority=\"high\" decoding=\"async\" width=\"750\" height=\"450\" src=\"https:\/\/animo.eu\/wp-content\/uploads\/2024\/01\/Images_hand-milieu.jpg\" class=\"hero__image img-fluid\" alt=\"\" loading=\"eager\" srcset=\"https:\/\/animo.eu\/wp-content\/uploads\/2024\/01\/Images_hand-milieu.jpg 750w, https:\/\/animo.eu\/wp-content\/uploads\/2024\/01\/Images_hand-milieu-300x180.jpg 300w, https:\/\/animo.eu\/wp-content\/uploads\/2024\/01\/Images_hand-milieu-70x42.jpg 70w, https:\/\/animo.eu\/wp-content\/uploads\/2024\/01\/Images_hand-milieu-550x330.jpg 550w, https:\/\/animo.eu\/wp-content\/uploads\/2024\/01\/Images_hand-milieu-167x100.jpg 167w, https:\/\/animo.eu\/wp-content\/uploads\/2024\/01\/Images_hand-milieu-150x90.jpg 150w\" sizes=\"(max-width: 750px) 100vw, 750px\" \/>                                <\/div>    \n            <div class=\"hero__content\">\n            <div class=\"container\">\n                <div class=\"row\">                    <div class=\"col-12 col-lg-9 col-xl-8\">                        <div class=\"hero__text \">\n                            <h1>Nachhaltige und verantwortungsvolle Wahl<\/h1>\n                        <\/div>\n                                                \n                    <\/div>\n                <\/div>\n            <\/div>\n        <\/div>\n        <div class=\"hero__scroll\">\n        <span>Scrollen<\/span>\n        <svg class=\"icon icon--20 text-secondary\">\n            <use xlink:href=\"https:\/\/animo.eu\/wp-content\/themes\/animo\/build\/img\/symbols.svg#arrow-down\"><\/use>\n        <\/svg>      \n    <\/div>\n<\/section>\n\n\n\n<section class=\"pane pane--white pane--anchors\">\n    <ul class=\"list justify-content-center d-none d-lg-flex\">\n                                    <li class=\"list__item mx-6 mx-xl-8 mx-xxl-10\">\n                    <a class=\"text-decoration-none text-secondary\" href=\"#nachhaltiges Unternehmertum\">Nachhaltiges Wirtschaften<\/a>\n                <\/li>\n                            <li class=\"list__item mx-6 mx-xl-8 mx-xxl-10\">\n                    <a class=\"text-decoration-none text-secondary\" href=\"#F\u00fcrsorge f\u00fcr die Zukunft\">F\u00fcr die Zukunft vorsorgen<\/a>\n                <\/li>\n                            <li class=\"list__item mx-6 mx-xl-8 mx-xxl-10\">\n                    <a class=\"text-decoration-none text-secondary\" href=\"#Alzheimer-Krankheit Niederlande\">Alzheimer-Krankheit Niederlande<\/a>\n                <\/li>\n                            <li class=\"list__item mx-6 mx-xl-8 mx-xxl-10\">\n                    <a class=\"text-decoration-none text-secondary\" href=\"#Ronald McDonald Children's Fund\">Ronald McDonald Children&#8217;s Fund<\/a>\n                <\/li>\n                            <li class=\"list__item mx-6 mx-xl-8 mx-xxl-10\">\n                    <a class=\"text-decoration-none text-secondary\" href=\"#Sponsoring\">Patenschaft<\/a>\n                <\/li>\n                        <\/ul>\n<\/section>\n\n\n\n<section  class=\"pane pane--white \">\n    <div class=\"container\">\n        <div class=\"row g-4 g-lg-8 g-xl-15 justify-content-center\">\n                                                <div class=\"col-12 col-lg-8\">\n                        <div class=\"pane__text\">\n                            <h2>Seit seiner Gr\u00fcndung arbeitet Animo mit hochwertigem Edelstahl, der nicht nur unverw\u00fcstlich, sondern auch zu 100% recycelbar ist.<\/h2>\n                                                    <\/div>\n                    <\/div>\n                                    <\/div>\n    <\/div>\n<\/section>\n\n\n\n<section id=\"nachhaltiges Unternehmertum\" class=\"pane pane--tertiary anchor\">\n    <div class=\"container\">\n        <div class=\"row g-4 g-lg-8 g-xl-15 g-xxl-20 align-items-center \">\n                            <div class=\"col-12 col-lg-6\">\n                    <div class=\"pane__text\">\n                        <h2 class=\"paragraph-title\">Nachhaltiges Wirtschaften<\/h2>\n<p>Animo ist sich der allgemeinen Bedeutung von nachhaltigem Wirtschaften bewusst und m\u00f6chte dazu beitragen, CSR in der Wertsch\u00f6pfungskette zu f\u00f6rdern. Das Streben nach nachhaltigen Gewinnen und Kontinuit\u00e4t steht dabei im Vordergrund, verbunden mit der Verantwortung f\u00fcr Umwelt, Gesellschaft und Mitarbeiter.<\/p>\n                                                \n                    <\/div>\n                <\/div>\n                                        <div class=\"col-12 col-lg\">\n                    <figure class=\"figure \">\n                        <img decoding=\"async\" width=\"491\" height=\"491\" src=\"https:\/\/animo.eu\/wp-content\/uploads\/2024\/10\/animo-set01-0192.jpg\" class=\"img-fluid\" alt=\"\" loading=\"lazy\" srcset=\"https:\/\/animo.eu\/wp-content\/uploads\/2024\/10\/animo-set01-0192.jpg 491w, https:\/\/animo.eu\/wp-content\/uploads\/2024\/10\/animo-set01-0192-300x300.jpg 300w, https:\/\/animo.eu\/wp-content\/uploads\/2024\/10\/animo-set01-0192-150x150.jpg 150w, https:\/\/animo.eu\/wp-content\/uploads\/2024\/10\/animo-set01-0192-70x70.jpg 70w, https:\/\/animo.eu\/wp-content\/uploads\/2024\/10\/animo-set01-0192-100x100.jpg 100w, https:\/\/animo.eu\/wp-content\/uploads\/2024\/10\/animo-set01-0192-350x350.jpg 350w\" sizes=\"(max-width: 491px) 100vw, 491px\" \/>                    <\/figure>\n                <\/div>\n                    <\/div>\n    <\/div>\n<\/section>\n\n\n\n<section id=\"F\u00fcrsorge f\u00fcr die Zukunft\" class=\"pane pane--white anchor\">\n    <div class=\"container\">\n        <div class=\"row g-4 g-lg-8 g-xl-15 g-xxl-20 align-items-center flex-lg-row-reverse\">\n                            <div class=\"col-12 col-lg-6\">\n                    <div class=\"pane__text\">\n                        <h2 class=\"paragraph-title\">Gesch\u00e4fte mit Blick auf die Zukunft machen<\/h2>\n<p>Animo ist ein sozial engagiertes Unternehmen. Indem wir bewusst \u00fcber die Art und Weise, wie wir Gesch\u00e4fte machen, und die Folgen unseres Handelns nachdenken und unser Gesch\u00e4ft darauf ausrichten, tragen wir als Animo zu einer Welt bei, in der auch die Generationen nach uns eine Zukunft haben.<\/p>\n                                                \n                    <\/div>\n                <\/div>\n                                        <div class=\"col-12 col-lg\">\n                    <figure class=\"figure image_reversed\">\n                        <img decoding=\"async\" width=\"491\" height=\"491\" src=\"https:\/\/animo.eu\/wp-content\/uploads\/2024\/01\/Sustainable-globe.jpg\" class=\"img-fluid\" alt=\"\" loading=\"lazy\" srcset=\"https:\/\/animo.eu\/wp-content\/uploads\/2024\/01\/Sustainable-globe.jpg 491w, https:\/\/animo.eu\/wp-content\/uploads\/2024\/01\/Sustainable-globe-300x300.jpg 300w, https:\/\/animo.eu\/wp-content\/uploads\/2024\/01\/Sustainable-globe-150x150.jpg 150w, https:\/\/animo.eu\/wp-content\/uploads\/2024\/01\/Sustainable-globe-70x70.jpg 70w, https:\/\/animo.eu\/wp-content\/uploads\/2024\/01\/Sustainable-globe-100x100.jpg 100w, https:\/\/animo.eu\/wp-content\/uploads\/2024\/01\/Sustainable-globe-350x350.jpg 350w\" sizes=\"(max-width: 491px) 100vw, 491px\" \/>                    <\/figure>\n                <\/div>\n                    <\/div>\n    <\/div>\n<\/section>\n\n\n\n<section id=\"Alzheimer-Krankheit Niederlande\" class=\"pane pane--tertiary anchor\">\n    <div class=\"container\">\n        <div class=\"row g-4 g-lg-8 g-xl-15 g-xxl-20 align-items-center \">\n                            <div class=\"col-12 col-lg-6\">\n                    <div class=\"pane__text\">\n                        <h2 class=\"paragraph-title\">Animo in Aktion f\u00fcr die Alzheimer-Krankheit in den Niederlanden<\/h2>\n<p>Die starke Zunahme von Demenzerkrankungen hat erhebliche Auswirkungen auf ein ges\u00fcnderes Altern und damit auf eine lebenswerte Zukunft. Animo m\u00f6chte dazu beitragen, den Traum von Alzheimer&#8217;s Netherlands zu verwirklichen, Demenz zu verhindern oder zu heilen. Das erfordert eine Menge Forschung. Um dies zu finanzieren, unterst\u00fctzt Animo Alzheimer&#8217;s Netherlands.<\/p>\n                                                \n                    <\/div>\n                <\/div>\n                                        <div class=\"col-12 col-lg\">\n                    <figure class=\"figure \">\n                        <img decoding=\"async\" width=\"491\" height=\"491\" src=\"https:\/\/animo.eu\/wp-content\/uploads\/2024\/01\/Ouderen-2.jpg\" class=\"img-fluid\" alt=\"\" loading=\"lazy\" srcset=\"https:\/\/animo.eu\/wp-content\/uploads\/2024\/01\/Ouderen-2.jpg 491w, https:\/\/animo.eu\/wp-content\/uploads\/2024\/01\/Ouderen-2-300x300.jpg 300w, https:\/\/animo.eu\/wp-content\/uploads\/2024\/01\/Ouderen-2-150x150.jpg 150w, https:\/\/animo.eu\/wp-content\/uploads\/2024\/01\/Ouderen-2-70x70.jpg 70w, https:\/\/animo.eu\/wp-content\/uploads\/2024\/01\/Ouderen-2-100x100.jpg 100w, https:\/\/animo.eu\/wp-content\/uploads\/2024\/01\/Ouderen-2-350x350.jpg 350w\" sizes=\"(max-width: 491px) 100vw, 491px\" \/>                    <\/figure>\n                <\/div>\n                    <\/div>\n    <\/div>\n<\/section>\n\n\n\n<section id=\"Ronald McDonald Children's Fund\" class=\"pane pane--white anchor\">\n    <div class=\"container\">\n        <div class=\"row g-4 g-lg-8 g-xl-15 g-xxl-20 align-items-center flex-lg-row-reverse\">\n                            <div class=\"col-12 col-lg-6\">\n                    <div class=\"pane__text\">\n                        <h2 class=\"paragraph-title\">500.000 Kekse zum Trost f\u00fcr den Ronald McDonald Children&#8217;s Fund<\/h2>\n<p>Jedes Jahr werden in den Ronald McDonald-H\u00e4usern mehr als 500.000 Tassen getrunken. Kaffee ist f\u00fcr viele Niederl\u00e4nder wichtig, und vor allem in stressigen Situationen ist es wichtig, dass man jederzeit eine gute Tasse Kaffee trinken kann. Animo sponsert den Ronald McDonald Children&#8217;s Fund mit Animo-Kaffeemaschinen.<\/p>\n<p><strong>Die Familien zusammenhalten<\/strong><br \/>\nDer Ronald McDonald Children&#8217;s Fund sorgt daf\u00fcr, dass kranke Kinder und ihre Familien einander nahe sind. In 12 Ronald McDonald H\u00e4usern wohnen Eltern und Geschwister in fu\u00dfl\u00e4ufiger Entfernung zum Krankenhaus, in 12 Ronald McDonald Haus Zimmern k\u00f6nnen sich Familien in wohnlicher Atmosph\u00e4re entspannen und in 3 (angepassten) Ferienh\u00e4usern k\u00f6nnen Familien mit einem pflegebed\u00fcrftigen Kind w\u00e4hrend eines wohlverdienten Urlaubs verschnaufen. Der Ronald McDonald Children&#8217;s Fund erh\u00e4lt keine Zusch\u00fcsse und funktioniert nur dank freiwilliger Helfer, Sponsoren und Spenden. #Familienzusammenhalt<\/p>\n                                                \n                    <\/div>\n                <\/div>\n                                        <div class=\"col-12 col-lg\">\n                    <figure class=\"figure image_reversed\">\n                        <img decoding=\"async\" width=\"775\" height=\"450\" src=\"https:\/\/animo.eu\/wp-content\/uploads\/2024\/01\/Images_RMKF.jpg\" class=\"img-fluid\" alt=\"\" loading=\"lazy\" srcset=\"https:\/\/animo.eu\/wp-content\/uploads\/2024\/01\/Images_RMKF.jpg 775w, https:\/\/animo.eu\/wp-content\/uploads\/2024\/01\/Images_RMKF-300x174.jpg 300w, https:\/\/animo.eu\/wp-content\/uploads\/2024\/01\/Images_RMKF-768x446.jpg 768w, https:\/\/animo.eu\/wp-content\/uploads\/2024\/01\/Images_RMKF-70x41.jpg 70w, https:\/\/animo.eu\/wp-content\/uploads\/2024\/01\/Images_RMKF-550x319.jpg 550w, https:\/\/animo.eu\/wp-content\/uploads\/2024\/01\/Images_RMKF-172x100.jpg 172w, https:\/\/animo.eu\/wp-content\/uploads\/2024\/01\/Images_RMKF-150x87.jpg 150w\" sizes=\"(max-width: 775px) 100vw, 775px\" \/>                    <\/figure>\n                <\/div>\n                    <\/div>\n    <\/div>\n<\/section>\n\n\n\n<section id=\"Sponsoring\" class=\"pane pane--tertiary anchor\">\n    <div class=\"container\">\n        <div class=\"row g-4 g-lg-8 g-xl-15 g-xxl-20 align-items-center \">\n                            <div class=\"col-12 col-lg-6\">\n                    <div class=\"pane__text\">\n                        <h2 class=\"paragraph-title\">Animo-Sponsoring zur Unterst\u00fctzung der Bedeutung einer gesunden Lebensweise<\/h2>\n<p><strong>Fit &amp; Vital<\/strong><br \/>\nAnimo ist der Ansicht, dass die k\u00f6rperliche Fitness der Mitarbeiter alle Bereiche des Unternehmens betrifft. Bei Animo arbeitet ein Team unter dem Namen &#8218;Fit &amp; Vital&#8216;, um die Mitarbeiter zur Bewegung zu ermutigen. Wir laufen zum Beispiel mit einem Animo-Team bei Laufveranstaltungen und nehmen an Wohlt\u00e4tigkeitsradtouren teil.<\/p>\n<p><strong>Animo Collegerun<\/strong><br \/>\nUm junge Menschen zum Sport zu motivieren, sponsert Animo den Laufwettbewerb f\u00fcr Sch\u00fcler, den Animo Collegerun. Dar\u00fcber hinaus ist Animo Sponsor des TT Cityrun, einer Laufveranstaltung, die direkt mit dem ber\u00fchmten niederl\u00e4ndischen TT MotoGP-Event in Assen verbunden ist.<\/p>\n<p><strong>Lokales Sponsoring<\/strong><br \/>\nWir bei Animo sind der Meinung, dass es wichtig ist, unseren Beitrag zu leisten. Neben gutem Kaffee ist Vitalit\u00e4t sehr wichtig f\u00fcr Animo. Deshalb sponsern wir lokale Sportvereine, um Sport und eine gesunde Lebensweise zu f\u00f6rdern. Neben Sportvereinen engagiert sich Animo auch f\u00fcr wohlt\u00e4tige Zwecke.<\/p>\n                                                \n                    <\/div>\n                <\/div>\n                                        <div class=\"col-12 col-lg\">\n                    <figure class=\"figure \">\n                        <img decoding=\"async\" width=\"491\" height=\"491\" src=\"https:\/\/animo.eu\/wp-content\/uploads\/2024\/01\/animo-TTrun-header1.jpg\" class=\"img-fluid\" alt=\"\" loading=\"lazy\" srcset=\"https:\/\/animo.eu\/wp-content\/uploads\/2024\/01\/animo-TTrun-header1.jpg 491w, https:\/\/animo.eu\/wp-content\/uploads\/2024\/01\/animo-TTrun-header1-300x300.jpg 300w, https:\/\/animo.eu\/wp-content\/uploads\/2024\/01\/animo-TTrun-header1-150x150.jpg 150w, https:\/\/animo.eu\/wp-content\/uploads\/2024\/01\/animo-TTrun-header1-70x70.jpg 70w, https:\/\/animo.eu\/wp-content\/uploads\/2024\/01\/animo-TTrun-header1-100x100.jpg 100w, https:\/\/animo.eu\/wp-content\/uploads\/2024\/01\/animo-TTrun-header1-350x350.jpg 350w\" sizes=\"(max-width: 491px) 100vw, 491px\" \/>                    <\/figure>\n                <\/div>\n                    <\/div>\n    <\/div>\n<\/section>\n","protected":false},"excerpt":{"rendered":"","protected":false},"author":21,"featured_media":44828,"parent":43614,"menu_order":28,"comment_status":"closed","ping_status":"closed","template":"","meta":{"_acf_changed":false,"footnotes":""},"class_list":["post-43651","page","type-page","status-publish","has-post-thumbnail","hentry"],"acf":[],"yoast_head":"<!-- This site is optimized with the Yoast SEO plugin v25.5 - https:\/\/yoast.com\/wordpress\/plugins\/seo\/ -->\n<title>Unternehmerische Sozialverantwortung -<\/title>\n<meta name=\"description\" content=\"Unternehmerische Sozialverantwortung - Animo ist sich der allgemeinen Bedeutung des nachhaltigen Wirtschaftens bewusst und m\u00f6chte dazu beitragen, CSR in der Wertsch\u00f6pfungskette zu f\u00f6rdern.\" \/>\n<meta name=\"robots\" content=\"index, follow, max-snippet:-1, max-image-preview:large, max-video-preview:-1\" \/>\n<link rel=\"canonical\" href=\"https:\/\/animo.eu\/de\/uber_animo\/csr\/\" \/>\n<meta property=\"og:locale\" content=\"de_DE\" \/>\n<meta property=\"og:type\" content=\"article\" \/>\n<meta property=\"og:title\" content=\"Unternehmerische Sozialverantwortung -\" \/>\n<meta property=\"og:description\" content=\"Unternehmerische Sozialverantwortung - Animo ist sich der allgemeinen Bedeutung des nachhaltigen Wirtschaftens bewusst und m\u00f6chte dazu beitragen, CSR in der Wertsch\u00f6pfungskette zu f\u00f6rdern.\" \/>\n<meta property=\"og:url\" content=\"https:\/\/animo.eu\/de\/uber_animo\/csr\/\" \/>\n<meta property=\"article:publisher\" content=\"https:\/\/www.facebook.com\/animobv\/\" \/>\n<meta property=\"article:modified_time\" content=\"2024-10-28T08:06:17+00:00\" \/>\n<meta property=\"og:image\" content=\"https:\/\/animo.eu\/wp-content\/uploads\/2024\/01\/Sustainable-globe-1.jpg\" \/>\n\t<meta property=\"og:image:width\" content=\"491\" \/>\n\t<meta property=\"og:image:height\" content=\"491\" \/>\n\t<meta property=\"og:image:type\" content=\"image\/jpeg\" \/>\n<meta name=\"twitter:card\" content=\"summary_large_image\" \/>\n<meta name=\"twitter:site\" content=\"@animokoffie\" \/>\n<meta name=\"twitter:label1\" content=\"Gesch\u00e4tzte Lesezeit\" \/>\n\t<meta name=\"twitter:data1\" content=\"1\u00a0Minute\" \/>\n<script type=\"application\/ld+json\" class=\"yoast-schema-graph\">{\"@context\":\"https:\/\/schema.org\",\"@graph\":[{\"@type\":\"WebPage\",\"@id\":\"https:\/\/animo.eu\/de\/uber_animo\/csr\/\",\"url\":\"https:\/\/animo.eu\/de\/uber_animo\/csr\/\",\"name\":\"Unternehmerische Sozialverantwortung -\",\"isPartOf\":{\"@id\":\"https:\/\/animo.eu\/de\/#website\"},\"primaryImageOfPage\":{\"@id\":\"https:\/\/animo.eu\/de\/uber_animo\/csr\/#primaryimage\"},\"image\":{\"@id\":\"https:\/\/animo.eu\/de\/uber_animo\/csr\/#primaryimage\"},\"thumbnailUrl\":\"https:\/\/animo.eu\/wp-content\/uploads\/2024\/01\/Sustainable-globe-1.jpg\",\"datePublished\":\"2024-01-03T09:28:51+00:00\",\"dateModified\":\"2024-10-28T08:06:17+00:00\",\"description\":\"Unternehmerische Sozialverantwortung - Animo ist sich der allgemeinen Bedeutung des nachhaltigen Wirtschaftens bewusst und m\u00f6chte dazu beitragen, CSR in der Wertsch\u00f6pfungskette zu f\u00f6rdern.\",\"breadcrumb\":{\"@id\":\"https:\/\/animo.eu\/de\/uber_animo\/csr\/#breadcrumb\"},\"inLanguage\":\"de\",\"potentialAction\":[{\"@type\":\"ReadAction\",\"target\":[\"https:\/\/animo.eu\/de\/uber_animo\/csr\/\"]}]},{\"@type\":\"ImageObject\",\"inLanguage\":\"de\",\"@id\":\"https:\/\/animo.eu\/de\/uber_animo\/csr\/#primaryimage\",\"url\":\"https:\/\/animo.eu\/wp-content\/uploads\/2024\/01\/Sustainable-globe-1.jpg\",\"contentUrl\":\"https:\/\/animo.eu\/wp-content\/uploads\/2024\/01\/Sustainable-globe-1.jpg\",\"width\":491,\"height\":491},{\"@type\":\"BreadcrumbList\",\"@id\":\"https:\/\/animo.eu\/de\/uber_animo\/csr\/#breadcrumb\",\"itemListElement\":[{\"@type\":\"ListItem\",\"position\":1,\"name\":\"Home\",\"item\":\"https:\/\/animo.eu\/de\/\"},{\"@type\":\"ListItem\",\"position\":2,\"name\":\"\u00dcber Animo\",\"item\":\"https:\/\/animo.eu\/de\/uber_animo\/\"},{\"@type\":\"ListItem\",\"position\":3,\"name\":\"Unternehmerische Sozialverantwortung\"}]},{\"@type\":\"WebSite\",\"@id\":\"https:\/\/animo.eu\/de\/#website\",\"url\":\"https:\/\/animo.eu\/de\/\",\"name\":\"\",\"description\":\"\",\"potentialAction\":[{\"@type\":\"SearchAction\",\"target\":{\"@type\":\"EntryPoint\",\"urlTemplate\":\"https:\/\/animo.eu\/de\/?s={search_term_string}\"},\"query-input\":{\"@type\":\"PropertyValueSpecification\",\"valueRequired\":true,\"valueName\":\"search_term_string\"}}],\"inLanguage\":\"de\"}]}<\/script>\n<!-- \/ Yoast SEO plugin. -->","yoast_head_json":{"title":"Unternehmerische Sozialverantwortung -","description":"Unternehmerische Sozialverantwortung - Animo ist sich der allgemeinen Bedeutung des nachhaltigen Wirtschaftens bewusst und m\u00f6chte dazu beitragen, CSR in der Wertsch\u00f6pfungskette zu f\u00f6rdern.","robots":{"index":"index","follow":"follow","max-snippet":"max-snippet:-1","max-image-preview":"max-image-preview:large","max-video-preview":"max-video-preview:-1"},"canonical":"https:\/\/animo.eu\/de\/uber_animo\/csr\/","og_locale":"de_DE","og_type":"article","og_title":"Unternehmerische Sozialverantwortung -","og_description":"Unternehmerische Sozialverantwortung - Animo ist sich der allgemeinen Bedeutung des nachhaltigen Wirtschaftens bewusst und m\u00f6chte dazu beitragen, CSR in der Wertsch\u00f6pfungskette zu f\u00f6rdern.","og_url":"https:\/\/animo.eu\/de\/uber_animo\/csr\/","article_publisher":"https:\/\/www.facebook.com\/animobv\/","article_modified_time":"2024-10-28T08:06:17+00:00","og_image":[{"width":491,"height":491,"url":"https:\/\/animo.eu\/wp-content\/uploads\/2024\/01\/Sustainable-globe-1.jpg","type":"image\/jpeg"}],"twitter_card":"summary_large_image","twitter_site":"@animokoffie","twitter_misc":{"Gesch\u00e4tzte Lesezeit":"1\u00a0Minute"},"schema":{"@context":"https:\/\/schema.org","@graph":[{"@type":"WebPage","@id":"https:\/\/animo.eu\/de\/uber_animo\/csr\/","url":"https:\/\/animo.eu\/de\/uber_animo\/csr\/","name":"Unternehmerische Sozialverantwortung -","isPartOf":{"@id":"https:\/\/animo.eu\/de\/#website"},"primaryImageOfPage":{"@id":"https:\/\/animo.eu\/de\/uber_animo\/csr\/#primaryimage"},"image":{"@id":"https:\/\/animo.eu\/de\/uber_animo\/csr\/#primaryimage"},"thumbnailUrl":"https:\/\/animo.eu\/wp-content\/uploads\/2024\/01\/Sustainable-globe-1.jpg","datePublished":"2024-01-03T09:28:51+00:00","dateModified":"2024-10-28T08:06:17+00:00","description":"Unternehmerische Sozialverantwortung - Animo ist sich der allgemeinen Bedeutung des nachhaltigen Wirtschaftens bewusst und m\u00f6chte dazu beitragen, CSR in der Wertsch\u00f6pfungskette zu f\u00f6rdern.","breadcrumb":{"@id":"https:\/\/animo.eu\/de\/uber_animo\/csr\/#breadcrumb"},"inLanguage":"de","potentialAction":[{"@type":"ReadAction","target":["https:\/\/animo.eu\/de\/uber_animo\/csr\/"]}]},{"@type":"ImageObject","inLanguage":"de","@id":"https:\/\/animo.eu\/de\/uber_animo\/csr\/#primaryimage","url":"https:\/\/animo.eu\/wp-content\/uploads\/2024\/01\/Sustainable-globe-1.jpg","contentUrl":"https:\/\/animo.eu\/wp-content\/uploads\/2024\/01\/Sustainable-globe-1.jpg","width":491,"height":491},{"@type":"BreadcrumbList","@id":"https:\/\/animo.eu\/de\/uber_animo\/csr\/#breadcrumb","itemListElement":[{"@type":"ListItem","position":1,"name":"Home","item":"https:\/\/animo.eu\/de\/"},{"@type":"ListItem","position":2,"name":"\u00dcber Animo","item":"https:\/\/animo.eu\/de\/uber_animo\/"},{"@type":"ListItem","position":3,"name":"Unternehmerische Sozialverantwortung"}]},{"@type":"WebSite","@id":"https:\/\/animo.eu\/de\/#website","url":"https:\/\/animo.eu\/de\/","name":"","description":"","potentialAction":[{"@type":"SearchAction","target":{"@type":"EntryPoint","urlTemplate":"https:\/\/animo.eu\/de\/?s={search_term_string}"},"query-input":{"@type":"PropertyValueSpecification","valueRequired":true,"valueName":"search_term_string"}}],"inLanguage":"de"}]}},"_links":{"self":[{"href":"https:\/\/animo.eu\/de\/wp-json\/wp\/v2\/pages\/43651"}],"collection":[{"href":"https:\/\/animo.eu\/de\/wp-json\/wp\/v2\/pages"}],"about":[{"href":"https:\/\/animo.eu\/de\/wp-json\/wp\/v2\/types\/page"}],"author":[{"embeddable":true,"href":"https:\/\/animo.eu\/de\/wp-json\/wp\/v2\/users\/21"}],"replies":[{"embeddable":true,"href":"https:\/\/animo.eu\/de\/wp-json\/wp\/v2\/comments?post=43651"}],"version-history":[{"count":9,"href":"https:\/\/animo.eu\/de\/wp-json\/wp\/v2\/pages\/43651\/revisions"}],"predecessor-version":[{"id":74872,"href":"https:\/\/animo.eu\/de\/wp-json\/wp\/v2\/pages\/43651\/revisions\/74872"}],"up":[{"embeddable":true,"href":"https:\/\/animo.eu\/de\/wp-json\/wp\/v2\/pages\/43614"}],"wp:featuredmedia":[{"embeddable":true,"href":"https:\/\/animo.eu\/de\/wp-json\/wp\/v2\/media\/44828"}],"wp:attachment":[{"href":"https:\/\/animo.eu\/de\/wp-json\/wp\/v2\/media?parent=43651"}],"curies":[{"name":"wp","href":"https:\/\/api.w.org\/{rel}","templated":true}]}}