{"id":43708,"date":"2024-01-03T10:32:57","date_gmt":"2024-01-03T09:32:57","guid":{"rendered":"https:\/\/animo.eu\/?page_id=43708"},"modified":"2024-01-04T16:21:51","modified_gmt":"2024-01-04T15:21:51","slug":"unterstuetzung-fuer-kontaktformulare","status":"publish","type":"page","link":"https:\/\/animo.eu\/de\/uber_animo\/unterstuetzung-fuer-kontaktformulare\/","title":{"rendered":"Unterst\u00fctzung f\u00fcr Kontaktformulare"},"content":{"rendered":"\n<section id=\"Kontakt-Formular-Unterst\u00fctzung\" class=\"pane pane--white anchor\">\n    <div class=\"container\">\n        <div class=\"row justify-content-center g-4 g-lg-6\">\n                                        <div class=\"col-12 col-lg-7\">                    <div class=\"card card--border card--form\">\n                        <div class=\"card-body p-4 p-lg-8\">\n                                                            <h4>Kontaktformular<\/h4>\n                                                        <!DOCTYPE html><html><head><meta charset='UTF-8' \/><\/head><body class='GF_AJAX_POSTBACK'><p class=\"gform_not_found\">Oops! Wir konnten dein Formular nicht lokalisieren.<\/p><\/body><\/html>                        <\/div>\n                    <\/div>\n                <\/div>\n                    <\/div>\n    <\/div>\n<\/section>\n\n<section  class=\"pane pane--white \">\n    <div class=\"container\">\n        <div class=\"row g-4 g-lg-8 g-xl-15 g-xxl-20 align-items-center \">\n                                        <div class=\"col-12 col-lg\">\n                    <figure class=\"figure \">\n                        <img decoding=\"async\" width=\"616\" height=\"1024\" src=\"https:\/\/animo.eu\/wp-content\/uploads\/2023\/11\/2023_09_25_Animo-support-616x1024.png\" class=\"img-fluid\" alt=\"\" loading=\"lazy\" srcset=\"https:\/\/animo.eu\/wp-content\/uploads\/2023\/11\/2023_09_25_Animo-support-616x1024.png 616w, https:\/\/animo.eu\/wp-content\/uploads\/2023\/11\/2023_09_25_Animo-support-181x300.png 181w, https:\/\/animo.eu\/wp-content\/uploads\/2023\/11\/2023_09_25_Animo-support-768x1276.png 768w, https:\/\/animo.eu\/wp-content\/uploads\/2023\/11\/2023_09_25_Animo-support-924x1536.png 924w, https:\/\/animo.eu\/wp-content\/uploads\/2023\/11\/2023_09_25_Animo-support-1232x2048.png 1232w, https:\/\/animo.eu\/wp-content\/uploads\/2023\/11\/2023_09_25_Animo-support-42x70.png 42w, https:\/\/animo.eu\/wp-content\/uploads\/2023\/11\/2023_09_25_Animo-support-331x550.png 331w, https:\/\/animo.eu\/wp-content\/uploads\/2023\/11\/2023_09_25_Animo-support-481x800.png 481w, https:\/\/animo.eu\/wp-content\/uploads\/2023\/11\/2023_09_25_Animo-support-60x100.png 60w, https:\/\/animo.eu\/wp-content\/uploads\/2023\/11\/2023_09_25_Animo-support-90x150.png 90w\" sizes=\"(max-width: 616px) 100vw, 616px\" \/>                    <\/figure>\n                <\/div>\n                    <\/div>\n    <\/div>\n<\/section>\n","protected":false},"excerpt":{"rendered":"","protected":false},"author":21,"featured_media":0,"parent":43614,"menu_order":42,"comment_status":"closed","ping_status":"closed","template":"","meta":{"_acf_changed":false,"footnotes":""},"class_list":["post-43708","page","type-page","status-publish","hentry"],"acf":[],"yoast_head":"<!-- This site is optimized with the Yoast SEO plugin v25.5 - https:\/\/yoast.com\/wordpress\/plugins\/seo\/ -->\n<title>Unterst\u00fctzung f\u00fcr Kontaktformulare -<\/title>\n<meta name=\"description\" content=\"Unterst\u00fctzung f\u00fcr Kontaktformulare -\" \/>\n<meta name=\"robots\" content=\"index, follow, max-snippet:-1, max-image-preview:large, max-video-preview:-1\" \/>\n<link rel=\"canonical\" href=\"https:\/\/animo.eu\/de\/uber_animo\/unterstuetzung-fuer-kontaktformulare\/\" \/>\n<meta property=\"og:locale\" content=\"de_DE\" \/>\n<meta property=\"og:type\" content=\"article\" \/>\n<meta property=\"og:title\" content=\"Unterst\u00fctzung f\u00fcr Kontaktformulare -\" \/>\n<meta property=\"og:description\" content=\"Unterst\u00fctzung f\u00fcr Kontaktformulare -\" \/>\n<meta property=\"og:url\" content=\"https:\/\/animo.eu\/de\/uber_animo\/unterstuetzung-fuer-kontaktformulare\/\" \/>\n<meta property=\"article:publisher\" content=\"https:\/\/www.facebook.com\/animobv\/\" \/>\n<meta property=\"article:modified_time\" content=\"2024-01-04T15:21:51+00:00\" \/>\n<meta property=\"og:image\" content=\"https:\/\/animo.eu\/wp-content\/uploads\/2023\/06\/animo-dedicated-logo.png\" \/>\n\t<meta property=\"og:image:width\" content=\"1000\" \/>\n\t<meta property=\"og:image:height\" content=\"364\" \/>\n\t<meta property=\"og:image:type\" content=\"image\/png\" \/>\n<meta name=\"twitter:card\" content=\"summary_large_image\" \/>\n<meta name=\"twitter:site\" content=\"@animokoffie\" \/>\n<script type=\"application\/ld+json\" class=\"yoast-schema-graph\">{\"@context\":\"https:\/\/schema.org\",\"@graph\":[{\"@type\":\"WebPage\",\"@id\":\"https:\/\/animo.eu\/de\/uber_animo\/unterstuetzung-fuer-kontaktformulare\/\",\"url\":\"https:\/\/animo.eu\/de\/uber_animo\/unterstuetzung-fuer-kontaktformulare\/\",\"name\":\"Unterst\u00fctzung f\u00fcr Kontaktformulare -\",\"isPartOf\":{\"@id\":\"https:\/\/animo.eu\/de\/#website\"},\"datePublished\":\"2024-01-03T09:32:57+00:00\",\"dateModified\":\"2024-01-04T15:21:51+00:00\",\"description\":\"Unterst\u00fctzung f\u00fcr Kontaktformulare -\",\"breadcrumb\":{\"@id\":\"https:\/\/animo.eu\/de\/uber_animo\/unterstuetzung-fuer-kontaktformulare\/#breadcrumb\"},\"inLanguage\":\"de\",\"potentialAction\":[{\"@type\":\"ReadAction\",\"target\":[\"https:\/\/animo.eu\/de\/uber_animo\/unterstuetzung-fuer-kontaktformulare\/\"]}]},{\"@type\":\"BreadcrumbList\",\"@id\":\"https:\/\/animo.eu\/de\/uber_animo\/unterstuetzung-fuer-kontaktformulare\/#breadcrumb\",\"itemListElement\":[{\"@type\":\"ListItem\",\"position\":1,\"name\":\"Home\",\"item\":\"https:\/\/animo.eu\/de\/\"},{\"@type\":\"ListItem\",\"position\":2,\"name\":\"\u00dcber Animo\",\"item\":\"https:\/\/animo.eu\/de\/uber_animo\/\"},{\"@type\":\"ListItem\",\"position\":3,\"name\":\"Unterst\u00fctzung f\u00fcr Kontaktformulare\"}]},{\"@type\":\"WebSite\",\"@id\":\"https:\/\/animo.eu\/de\/#website\",\"url\":\"https:\/\/animo.eu\/de\/\",\"name\":\"\",\"description\":\"\",\"potentialAction\":[{\"@type\":\"SearchAction\",\"target\":{\"@type\":\"EntryPoint\",\"urlTemplate\":\"https:\/\/animo.eu\/de\/?s={search_term_string}\"},\"query-input\":{\"@type\":\"PropertyValueSpecification\",\"valueRequired\":true,\"valueName\":\"search_term_string\"}}],\"inLanguage\":\"de\"}]}<\/script>\n<!-- \/ Yoast SEO plugin. -->","yoast_head_json":{"title":"Unterst\u00fctzung f\u00fcr Kontaktformulare -","description":"Unterst\u00fctzung f\u00fcr Kontaktformulare -","robots":{"index":"index","follow":"follow","max-snippet":"max-snippet:-1","max-image-preview":"max-image-preview:large","max-video-preview":"max-video-preview:-1"},"canonical":"https:\/\/animo.eu\/de\/uber_animo\/unterstuetzung-fuer-kontaktformulare\/","og_locale":"de_DE","og_type":"article","og_title":"Unterst\u00fctzung f\u00fcr Kontaktformulare -","og_description":"Unterst\u00fctzung f\u00fcr Kontaktformulare -","og_url":"https:\/\/animo.eu\/de\/uber_animo\/unterstuetzung-fuer-kontaktformulare\/","article_publisher":"https:\/\/www.facebook.com\/animobv\/","article_modified_time":"2024-01-04T15:21:51+00:00","og_image":[{"width":1000,"height":364,"url":"https:\/\/animo.eu\/wp-content\/uploads\/2023\/06\/animo-dedicated-logo.png","type":"image\/png"}],"twitter_card":"summary_large_image","twitter_site":"@animokoffie","schema":{"@context":"https:\/\/schema.org","@graph":[{"@type":"WebPage","@id":"https:\/\/animo.eu\/de\/uber_animo\/unterstuetzung-fuer-kontaktformulare\/","url":"https:\/\/animo.eu\/de\/uber_animo\/unterstuetzung-fuer-kontaktformulare\/","name":"Unterst\u00fctzung f\u00fcr Kontaktformulare -","isPartOf":{"@id":"https:\/\/animo.eu\/de\/#website"},"datePublished":"2024-01-03T09:32:57+00:00","dateModified":"2024-01-04T15:21:51+00:00","description":"Unterst\u00fctzung f\u00fcr Kontaktformulare -","breadcrumb":{"@id":"https:\/\/animo.eu\/de\/uber_animo\/unterstuetzung-fuer-kontaktformulare\/#breadcrumb"},"inLanguage":"de","potentialAction":[{"@type":"ReadAction","target":["https:\/\/animo.eu\/de\/uber_animo\/unterstuetzung-fuer-kontaktformulare\/"]}]},{"@type":"BreadcrumbList","@id":"https:\/\/animo.eu\/de\/uber_animo\/unterstuetzung-fuer-kontaktformulare\/#breadcrumb","itemListElement":[{"@type":"ListItem","position":1,"name":"Home","item":"https:\/\/animo.eu\/de\/"},{"@type":"ListItem","position":2,"name":"\u00dcber Animo","item":"https:\/\/animo.eu\/de\/uber_animo\/"},{"@type":"ListItem","position":3,"name":"Unterst\u00fctzung f\u00fcr Kontaktformulare"}]},{"@type":"WebSite","@id":"https:\/\/animo.eu\/de\/#website","url":"https:\/\/animo.eu\/de\/","name":"","description":"","potentialAction":[{"@type":"SearchAction","target":{"@type":"EntryPoint","urlTemplate":"https:\/\/animo.eu\/de\/?s={search_term_string}"},"query-input":{"@type":"PropertyValueSpecification","valueRequired":true,"valueName":"search_term_string"}}],"inLanguage":"de"}]}},"_links":{"self":[{"href":"https:\/\/animo.eu\/de\/wp-json\/wp\/v2\/pages\/43708"}],"collection":[{"href":"https:\/\/animo.eu\/de\/wp-json\/wp\/v2\/pages"}],"about":[{"href":"https:\/\/animo.eu\/de\/wp-json\/wp\/v2\/types\/page"}],"author":[{"embeddable":true,"href":"https:\/\/animo.eu\/de\/wp-json\/wp\/v2\/users\/21"}],"replies":[{"embeddable":true,"href":"https:\/\/animo.eu\/de\/wp-json\/wp\/v2\/comments?post=43708"}],"version-history":[{"count":1,"href":"https:\/\/animo.eu\/de\/wp-json\/wp\/v2\/pages\/43708\/revisions"}],"predecessor-version":[{"id":43715,"href":"https:\/\/animo.eu\/de\/wp-json\/wp\/v2\/pages\/43708\/revisions\/43715"}],"up":[{"embeddable":true,"href":"https:\/\/animo.eu\/de\/wp-json\/wp\/v2\/pages\/43614"}],"wp:attachment":[{"href":"https:\/\/animo.eu\/de\/wp-json\/wp\/v2\/media?parent=43708"}],"curies":[{"name":"wp","href":"https:\/\/api.w.org\/{rel}","templated":true}]}}