{"id":44275,"date":"2023-03-09T13:45:33","date_gmt":"2023-03-09T12:45:33","guid":{"rendered":"https:\/\/animo.eu\/allgemeine-lieferbedingungen\/"},"modified":"2024-03-23T11:15:58","modified_gmt":"2024-03-23T10:15:58","slug":"allgemeine-lieferbedingungen","status":"publish","type":"page","link":"https:\/\/animo.eu\/de\/allgemeine-lieferbedingungen\/","title":{"rendered":"Lieferbedingungen"},"content":{"rendered":"\n<section  class=\"pane pane--white \">\n    <div class=\"container\">\n        <div class=\"row g-4 g-lg-8 g-xl-15 justify-content-center\">\n                                                <div class=\"col-12 col-lg-6\">\n                        <div class=\"pane__text\">\n                            <h1>Allgemeine Liefer- und Zahlungsbedingungen Animo B.V.<\/h1>\n<p><strong>Die allgemeinen Liefer- und Zahlungsbedingungen der Animo GmbH finden Sie <a href=\"https:\/\/animo.eu\/de\/allgemeine-lieferbedingungen\/allgemeine_lieferbedingungen_gmbh\/\" target=\"_blank\" rel=\"noopener\">HIER<\/a><\/strong><\/p>\n<ol>\n<li><strong>Allgemein<\/strong><br \/>\nNachstehend finden Sie die allgemeinen Liefer- und Zahlungsbedingungen von Animo B.V., nachstehend &#8222;Verk\u00e4ufer&#8220; genannt. Der Kunde, der K\u00e4ufer, wird im Folgenden immer als &#8222;K\u00e4ufer&#8220; bezeichnet.<\/li>\n<li><strong>Anwendbarkeit<\/strong><br \/>\n2.1 Diese Allgemeinen Gesch\u00e4ftsbedingungen gelten f\u00fcr alle Angebote und Vertr\u00e4ge des Verk\u00e4ufers.<br \/>\n2.2 F\u00fcr alle Angebote und Vertr\u00e4ge des Verk\u00e4ufers gelten ausschlie\u00dflich diese Allgemeinen Gesch\u00e4ftsbedingungen. Die Einkaufsbedingungen des K\u00e4ufers werden ausdr\u00fccklich abgelehnt und gelten nicht, es sei denn, sie werden vom Verk\u00e4ufer ausdr\u00fccklich schriftlich anerkannt.<\/li>\n<li><strong>Angebot und Annahme<\/strong><br \/>\n3.1 Alle Angebote des Verk\u00e4ufers sind freibleibend. Ein Kaufvertrag gilt als abgeschlossen, wenn der Verk\u00e4ufer die Bestellung schriftlich best\u00e4tigt oder mit ihrer Ausf\u00fchrung begonnen hat.<br \/>\n3.2 Wenn der K\u00e4ufer nicht innerhalb von 24 Stunden nach Erhalt der Auftragsbest\u00e4tigung gegen deren Inhalt protestiert, wird davon ausgegangen, dass der K\u00e4ufer damit einverstanden ist.<br \/>\n3.3 Von den vorstehenden Liefer- und Zahlungsbedingungen abweichende Vereinbarungen, die mit bzw. von Mitarbeitern des K\u00e4ufers getroffen werden, sind nur dann verbindlich, wenn sie vom Gesch\u00e4ftsf\u00fchrer des Verk\u00e4ufers schriftlich best\u00e4tigt werden.<\/li>\n<li><strong>Lieferzeiten<\/strong><br \/>\nDie angegebenen Lieferzeiten sind niemals als Fristen zu betrachten, es sei denn, es wurde ausdr\u00fccklich schriftlich etwas anderes vereinbart. Im Falle einer versp\u00e4teten Lieferung muss der Verk\u00e4ufer schriftlich in Verzug gesetzt werden.<\/li>\n<li><strong>Lieferung und Risiko<\/strong><br \/>\n5.1 Die Lieferung erfolgt an die Wohnung\/den Betrieb des K\u00e4ufers, sofern nicht anders vereinbart.<br \/>\n5.2 Bestellungen \u00fcber EUR 300,- Nettorechnungswert ohne Mehrwertsteuer werden frachtfrei geliefert; bei Bestellungen unter EUR 300,- Nettorechnungswert ohne Mehrwertsteuer gehen die Transportkosten zu Lasten des K\u00e4ufers. F\u00fcr Express-, Eil- und Paketsendungen wird immer ein Zuschlag von 15 EUR berechnet.<br \/>\n5.3 Der Transport der Waren erfolgt grunds\u00e4tzlich auf Gefahr des Verk\u00e4ufers. Die Haftung des Verk\u00e4ufers ist zu jedem Zeitpunkt auf die Deckung\/Entsch\u00e4digung beschr\u00e4nkt, die dem Verk\u00e4ufer von den zust\u00e4ndigen Transportversicherern gew\u00e4hrt wird.<br \/>\n5.4 Der Zeitpunkt der Lieferung ist der Zeitpunkt, an dem die Waren entladen werden (die tats\u00e4chliche \u00dcbergabe). Das Risiko f\u00fcr die Gegenst\u00e4nde geht dann auf den K\u00e4ufer \u00fcber.<\/li>\n<li><strong>Akzeptanz<\/strong><br \/>\n6.1 Der K\u00e4ufer ist verpflichtet, die bestellte Ware jederzeit abzunehmen, wobei im Falle einer Weigerung die Gefahr und die Kosten f\u00fcr R\u00fcckfracht, Lagerung und\/oder andere notwendige Kosten zu Lasten des K\u00e4ufers gehen.<br \/>\n6.2 Nachdem der K\u00e4ufer die Ware einmal abgelehnt hat, kann der Verk\u00e4ufer, bevor er eine zweite Lieferung vornimmt, vom K\u00e4ufer die Zahlung des Kaufpreises mit allen f\u00e4lligen Kosten, einschlie\u00dflich der gerichtlichen und au\u00dfergerichtlichen Inkassokosten, verlangen.<br \/>\n6.3 Wenn der Verk\u00e4ufer aufgrund der in diesem Artikel beschriebenen Umst\u00e4nde eine zweite Lieferung vornimmt, erfolgt der Transport der Waren auf Kosten und Gefahr des K\u00e4ufers.<\/li>\n<li><strong>H\u00f6here Gewalt<\/strong><br \/>\n7.1 Unvorhergesehene Umst\u00e4nde, die die Lieferung oder die rechtzeitige Lieferung der Ware angemessen erschweren, geben dem Verk\u00e4ufer das Recht, den Vertrag ganz oder teilweise aufzul\u00f6sen oder die Lieferfrist den Umst\u00e4nden entsprechend um h\u00f6chstens 6 Monate zu verl\u00e4ngern, unbeschadet des Rechts, w\u00e4hrend dieses Zeitraums zu einem sp\u00e4teren Zeitpunkt wie oben erw\u00e4hnt aufzul\u00f6sen. Der K\u00e4ufer hat keinen Anspruch auf Schadenersatz und\/oder Aufl\u00f6sung im Falle h\u00f6herer Gewalt.<br \/>\n7.2 Zu den unvorhergesehenen Umst\u00e4nden im Sinne von 7.1 geh\u00f6ren unter anderem:<br \/>\na. Krieg oder Aufruhr;<br \/>\nb. nicht (rechtzeitiger) oder nicht ordnungsgem\u00e4\u00dfer Erhalt von Teilen oder Gegenst\u00e4nden von den Lieferanten des Verk\u00e4ufers;<br \/>\nc. Feuer;<br \/>\nd. Maschinendefekt;<br \/>\ne. Streik;<br \/>\nund ferner alle Umst\u00e4nde, die ohne Verschulden des Verk\u00e4ufers die Lieferung oder die rechtzeitige Lieferung der Ware billigerweise verhindern.<\/li>\n<li><strong>Preise<\/strong><br \/>\n8.1 Alle Preise verstehen sich zuz\u00fcglich Mehrwertsteuer und ggf. Entsorgungsbeitrag.<br \/>\nNicht in den Preisen enthalten sind die Kosten f\u00fcr die Aufstellung und Installation der Waren sowie die Transportkosten gem\u00e4\u00df Artikel 5.2 dieser Bedingungen.<br \/>\n8.2 Die Angebote des Verk\u00e4ufers sind freibleibend. Die Preise in der Preisliste des Verk\u00e4ufers k\u00f6nnen vom Verk\u00e4ufer ohne vorherige Ank\u00fcndigung ge\u00e4ndert werden.<\/li>\n<li><strong>Beanstandungen<\/strong><br \/>\n9.1 Wenn die gelieferten Waren nicht dem Vertrag entsprechen, ist der K\u00e4ufer verpflichtet, dies dem Verk\u00e4ufer innerhalb von acht Tagen nach Erhalt der Waren schriftlich mitzuteilen, und zwar unter genauer Angabe der Art und des Grundes der Beanstandungen sowie der Artikelnummern der betreffenden Maschinen\/Teile. Nach Ablauf dieser Frist wird davon ausgegangen, dass der K\u00e4ufer die gelieferten Waren angenommen und genehmigt hat.<br \/>\n9.2 Werden die gelieferten Waren vom Verk\u00e4ufer zur\u00fcckgenommen, werden Verwaltungs- und Bearbeitungskosten in Rechnung gestellt, die auf 10 % des Nettorechnungswerts, mindestens jedoch auf 15 EUR festgesetzt sind. Wenn der K\u00e4ufer den Kaufpreis bereits bezahlt hat, werden die oben genannten Verwaltungs- und Bearbeitungsgeb\u00fchren vom Kaufpreis abgezogen.<br \/>\n9.3 Die R\u00fccksendung von gelieferten Waren, aus welchem Grund auch immer, kann nur frachtfrei erfolgen, wenn die Waren unbenutzt und unbesch\u00e4digt sind und der Verk\u00e4ufer der R\u00fccksendung ausdr\u00fccklich zugestimmt hat, indem er eine &#8222;Return With Authorisation Number&#8220; vergeben hat.<br \/>\n9.4 Waren, die unter Versto\u00df gegen die Bestimmungen in Artikel 9.3 oder ohne Angabe der &#8222;Return With Authorisation Number&#8220; an den Verk\u00e4ufer zur\u00fcckgeschickt werden, werden abgelehnt und auf Kosten des K\u00e4ufers zur\u00fcckgeschickt.<br \/>\n9.5 Die Bestimmungen dieses Artikels ber\u00fchren nicht die gesetzlichen Rechte des K\u00e4ufers bei versteckten M\u00e4ngeln der gelieferten Waren. Der K\u00e4ufer ist verpflichtet, verborgene M\u00e4ngel dem Verk\u00e4ufer so schnell wie m\u00f6glich, in jedem Fall aber innerhalb von acht Tagen nach ihrer Kenntnisnahme, schriftlich zu melden.<\/li>\n<li><strong>Garantie<\/strong><br \/>\n10.1 Der Verk\u00e4ufer gew\u00e4hrt auf die elektrischen und mechanischen Teile der unter dem Animo-Label hergestellten Endger\u00e4te eine Garantie von 24 Monaten ab dem Datum der Lieferung. F\u00fcr alle anderen Teile und Artikel, die nicht von Animo hergestellt wurden, wie z.B. Wasserfilter, gilt eine Garantiezeit von 12 Monaten ab Lieferung. Defekte, die auf normalen Verschlei\u00df von Teilen, unsachgem\u00e4\u00dfen Gebrauch, Verkalkung oder nachl\u00e4ssige Wartung zur\u00fcckzuf\u00fchren sind, fallen nicht unter die Garantie. Die Garantie gilt auch nicht f\u00fcr Innenflaschen aus Glas, Messgl\u00e4ser und Glaskr\u00fcge.<br \/>\n10.2 Die Haftung im Rahmen dieser Garantie beschr\u00e4nkt sich auf die kostenlose Lieferung der zu reparierenden Teile. Die Garantie auf die im Rahmen einer Reparatur durchgef\u00fchrten Arbeiten betr\u00e4gt drei Monate ab Lieferdatum. Die Kosten f\u00fcr die (De-)Montage, die Arbeit und die Kosten f\u00fcr den Einsatz werden immer nach diesen drei Monaten berechnet.<br \/>\n10.3 Defekte Teile sind vom K\u00e4ufer frachtfrei an den Verk\u00e4ufer zur\u00fcckzusenden, unter Angabe der &#8222;Return With Authorisation Number&#8220; gem\u00e4\u00df Artikel 9 dieser Bedingungen sowie der Typen- und Seriennummer der Maschine.<br \/>\n10.4 Die vorstehende Garantie gilt nur, wenn der K\u00e4ufer alle seine Verpflichtungen gegen\u00fcber dem Verk\u00e4ufer erf\u00fcllt hat.<\/li>\n<li><strong>Haftung<\/strong><br \/>\n11.1 Der Verk\u00e4ufer haftet nicht f\u00fcr (die Folgen von) Nichtlieferung oder versp\u00e4teter Lieferung von Waren, sofern dies auf unvorhergesehene Umst\u00e4nde im Sinne von Artikel 7 dieser Bedingungen zur\u00fcckzuf\u00fchren ist.<br \/>\n11.2 Der Verk\u00e4ufer haftet nicht, auch nicht im Rahmen der vorstehenden Garantie, f\u00fcr Sch\u00e4den, die sich ergeben aus:<br \/>\na. fehlerhafte Lagerung oder Behandlung der gelieferten Waren durch den K\u00e4ufer;<br \/>\nb. unsachgem\u00e4\u00dfe und\/oder falsche Verwendung der gelieferten Waren durch den K\u00e4ufer oder andere Benutzer;<br \/>\nc. Vernachl\u00e4ssigung der Wartung der gelieferten Gegenst\u00e4nde durch K\u00e4ufer oder andere Benutzer;<br \/>\nd. Reparaturen, Auswechslungen oder \u00c4nderungen, die von anderen als den vom Verk\u00e4ufer autorisierten Personen durchgef\u00fchrt werden, es sei denn, der Verk\u00e4ufer hat zuvor seine Zustimmung erteilt;<br \/>\ne. unsachgem\u00e4\u00dfe oder nicht den Anweisungen des Verk\u00e4ufers entsprechende Installation der Ware.<br \/>\n11.3 Wenn der Verk\u00e4ufer trotz des Vorstehenden f\u00fcr (die Folgen einer) nicht, nicht rechtzeitig oder nicht richtig erfolgten Lieferung haftet, ist er nur zum Ersatz des Schadens verpflichtet, der die unmittelbare Folge seines Vers\u00e4umnisses ist. In jedem Fall ist der Verk\u00e4ufer nicht verpflichtet, Folgesch\u00e4den zu ersetzen, darunter u. a. Handels- und Folgesch\u00e4den, indirekte Sch\u00e4den und Sch\u00e4den durch entgangenen Gewinn.<br \/>\n11.4 Die Verpflichtung des Verk\u00e4ufers zur Zahlung von Schadenersatz kann niemals den Rechnungswert der gelieferten Waren \u00fcbersteigen.<\/li>\n<li><strong>Zahlung<\/strong><br \/>\n12.1 Die Zahlung erfolgt in bar bei Lieferung der Ware. Als Barzahlung gilt auch die Gutschrift des geschuldeten Betrages auf einem vom Verk\u00e4ufer bei der Lieferung angegebenen Bank- oder Girokonto oder die Aush\u00e4ndigung von garantierten Girokarten oder Bankschecks.<br \/>\n12.2 Haben die Parteien auf Barzahlung verzichtet, so hat die Zahlung innerhalb von 30 Tagen nach Rechnungsdatum zu erfolgen. Die Zahlungsfrist ist als Frist zu betrachten.<br \/>\n12.3 Wenn der K\u00e4ufer einer oder mehreren Zahlungsverpflichtungen nicht, nicht rechtzeitig oder nicht vollst\u00e4ndig nachkommt, schuldet der K\u00e4ufer dem Verk\u00e4ufer f\u00fcr alle versp\u00e4teten Zahlungen Verzugszinsen in H\u00f6he von 1,5 % pro Monat ab dem F\u00e4lligkeitsdatum, wobei ein Teil eines Monats als voller Monat z\u00e4hlt. Der K\u00e4ufer haftet auch f\u00fcr alle Kosten wie Inkassokosten, gerichtliche und au\u00dfergerichtliche Kosten, die durch die nicht, nicht rechtzeitig oder nicht ordnungsgem\u00e4\u00df erfolgte Erf\u00fcllung der Verpflichtungen des K\u00e4ufers entstehen. Dar\u00fcber hinaus ist der Verk\u00e4ufer bei Nichtzahlung, versp\u00e4teter Zahlung oder unvollst\u00e4ndiger Zahlung berechtigt, vom K\u00e4ufer Barzahlung f\u00fcr Nachlieferungen zu verlangen.<br \/>\n12.4 Der K\u00e4ufer kann sich in Bezug auf die Zahlung niemals auf eine Aufrechnung berufen.<\/li>\n<li><strong>Eigentumsvorbehalt<\/strong><br \/>\nDas Eigentum an allen vom Verk\u00e4ufer an den K\u00e4ufer verkauften Waren verbleibt beim Verk\u00e4ufer, solange der K\u00e4ufer die Forderungen des Verk\u00e4ufers aus diesem oder \u00e4hnlichen Vertr\u00e4gen nicht beglichen hat und solange der K\u00e4ufer die Forderungen des Verk\u00e4ufers aus der Nichterf\u00fcllung dieser Verpflichtungen, einschlie\u00dflich der Forderungen in Bezug auf Zinsen und Kosten, nicht beglichen hat. Der K\u00e4ufer hat dem Verk\u00e4ufer auf erstes Anfordern die M\u00f6glichkeit zu geben, die vom Verk\u00e4ufer gelieferten Waren vom K\u00e4ufer zur\u00fcckzunehmen.<\/li>\n<li><strong>Rechtsstreitigkeiten<\/strong><br \/>\n14.1 Auf alle Vertr\u00e4ge des Verk\u00e4ufers findet ausschlie\u00dflich das niederl\u00e4ndische Recht Anwendung.<br \/>\n14.2 Gerichtsstand f\u00fcr Streitigkeiten ist der Ort, an dem der Verk\u00e4ufer seinen Sitz hat.<br \/>\n15.<\/li>\n<li><strong>Depot<\/strong><br \/>\nDiese Bedingungen sind bei der Industrie- und Handelskammer in Meppel unter der Nummer 04016432 hinterlegt.<\/li>\n<\/ol>\n                                                    <\/div>\n                    <\/div>\n                                    <\/div>\n    <\/div>\n<\/section>\n","protected":false},"excerpt":{"rendered":"","protected":false},"author":1,"featured_media":0,"parent":0,"menu_order":80,"comment_status":"closed","ping_status":"closed","template":"","meta":{"_acf_changed":false,"footnotes":""},"class_list":["post-44275","page","type-page","status-publish","hentry"],"acf":[],"yoast_head":"<!-- This site is optimized with the Yoast SEO plugin v25.5 - https:\/\/yoast.com\/wordpress\/plugins\/seo\/ -->\n<title>Lieferbedingungen -<\/title>\n<meta name=\"description\" content=\"Lieferbedingungen -\" \/>\n<meta name=\"robots\" content=\"index, follow, max-snippet:-1, max-image-preview:large, max-video-preview:-1\" \/>\n<link rel=\"canonical\" href=\"https:\/\/animo.eu\/de\/allgemeine-lieferbedingungen\/\" \/>\n<meta property=\"og:locale\" content=\"de_DE\" \/>\n<meta property=\"og:type\" content=\"article\" \/>\n<meta property=\"og:title\" content=\"Lieferbedingungen -\" \/>\n<meta property=\"og:description\" content=\"Lieferbedingungen -\" \/>\n<meta property=\"og:url\" content=\"https:\/\/animo.eu\/de\/allgemeine-lieferbedingungen\/\" \/>\n<meta property=\"article:publisher\" content=\"https:\/\/www.facebook.com\/animobv\/\" \/>\n<meta property=\"article:modified_time\" content=\"2024-03-23T10:15:58+00:00\" \/>\n<meta property=\"og:image\" content=\"https:\/\/animo.eu\/wp-content\/uploads\/2023\/06\/animo-dedicated-logo.png\" \/>\n\t<meta property=\"og:image:width\" content=\"1000\" \/>\n\t<meta property=\"og:image:height\" content=\"364\" \/>\n\t<meta property=\"og:image:type\" content=\"image\/png\" \/>\n<meta name=\"twitter:card\" content=\"summary_large_image\" \/>\n<meta name=\"twitter:site\" content=\"@animokoffie\" \/>\n<script type=\"application\/ld+json\" class=\"yoast-schema-graph\">{\"@context\":\"https:\/\/schema.org\",\"@graph\":[{\"@type\":\"WebPage\",\"@id\":\"https:\/\/animo.eu\/de\/allgemeine-lieferbedingungen\/\",\"url\":\"https:\/\/animo.eu\/de\/allgemeine-lieferbedingungen\/\",\"name\":\"Lieferbedingungen -\",\"isPartOf\":{\"@id\":\"https:\/\/animo.eu\/de\/#website\"},\"datePublished\":\"2023-03-09T12:45:33+00:00\",\"dateModified\":\"2024-03-23T10:15:58+00:00\",\"description\":\"Lieferbedingungen -\",\"breadcrumb\":{\"@id\":\"https:\/\/animo.eu\/de\/allgemeine-lieferbedingungen\/#breadcrumb\"},\"inLanguage\":\"de\",\"potentialAction\":[{\"@type\":\"ReadAction\",\"target\":[\"https:\/\/animo.eu\/de\/allgemeine-lieferbedingungen\/\"]}]},{\"@type\":\"BreadcrumbList\",\"@id\":\"https:\/\/animo.eu\/de\/allgemeine-lieferbedingungen\/#breadcrumb\",\"itemListElement\":[{\"@type\":\"ListItem\",\"position\":1,\"name\":\"Home\",\"item\":\"https:\/\/animo.eu\/de\/\"},{\"@type\":\"ListItem\",\"position\":2,\"name\":\"Lieferbedingungen\"}]},{\"@type\":\"WebSite\",\"@id\":\"https:\/\/animo.eu\/de\/#website\",\"url\":\"https:\/\/animo.eu\/de\/\",\"name\":\"\",\"description\":\"\",\"potentialAction\":[{\"@type\":\"SearchAction\",\"target\":{\"@type\":\"EntryPoint\",\"urlTemplate\":\"https:\/\/animo.eu\/de\/?s={search_term_string}\"},\"query-input\":{\"@type\":\"PropertyValueSpecification\",\"valueRequired\":true,\"valueName\":\"search_term_string\"}}],\"inLanguage\":\"de\"}]}<\/script>\n<!-- \/ Yoast SEO plugin. -->","yoast_head_json":{"title":"Lieferbedingungen -","description":"Lieferbedingungen -","robots":{"index":"index","follow":"follow","max-snippet":"max-snippet:-1","max-image-preview":"max-image-preview:large","max-video-preview":"max-video-preview:-1"},"canonical":"https:\/\/animo.eu\/de\/allgemeine-lieferbedingungen\/","og_locale":"de_DE","og_type":"article","og_title":"Lieferbedingungen -","og_description":"Lieferbedingungen -","og_url":"https:\/\/animo.eu\/de\/allgemeine-lieferbedingungen\/","article_publisher":"https:\/\/www.facebook.com\/animobv\/","article_modified_time":"2024-03-23T10:15:58+00:00","og_image":[{"width":1000,"height":364,"url":"https:\/\/animo.eu\/wp-content\/uploads\/2023\/06\/animo-dedicated-logo.png","type":"image\/png"}],"twitter_card":"summary_large_image","twitter_site":"@animokoffie","schema":{"@context":"https:\/\/schema.org","@graph":[{"@type":"WebPage","@id":"https:\/\/animo.eu\/de\/allgemeine-lieferbedingungen\/","url":"https:\/\/animo.eu\/de\/allgemeine-lieferbedingungen\/","name":"Lieferbedingungen -","isPartOf":{"@id":"https:\/\/animo.eu\/de\/#website"},"datePublished":"2023-03-09T12:45:33+00:00","dateModified":"2024-03-23T10:15:58+00:00","description":"Lieferbedingungen -","breadcrumb":{"@id":"https:\/\/animo.eu\/de\/allgemeine-lieferbedingungen\/#breadcrumb"},"inLanguage":"de","potentialAction":[{"@type":"ReadAction","target":["https:\/\/animo.eu\/de\/allgemeine-lieferbedingungen\/"]}]},{"@type":"BreadcrumbList","@id":"https:\/\/animo.eu\/de\/allgemeine-lieferbedingungen\/#breadcrumb","itemListElement":[{"@type":"ListItem","position":1,"name":"Home","item":"https:\/\/animo.eu\/de\/"},{"@type":"ListItem","position":2,"name":"Lieferbedingungen"}]},{"@type":"WebSite","@id":"https:\/\/animo.eu\/de\/#website","url":"https:\/\/animo.eu\/de\/","name":"","description":"","potentialAction":[{"@type":"SearchAction","target":{"@type":"EntryPoint","urlTemplate":"https:\/\/animo.eu\/de\/?s={search_term_string}"},"query-input":{"@type":"PropertyValueSpecification","valueRequired":true,"valueName":"search_term_string"}}],"inLanguage":"de"}]}},"_links":{"self":[{"href":"https:\/\/animo.eu\/de\/wp-json\/wp\/v2\/pages\/44275"}],"collection":[{"href":"https:\/\/animo.eu\/de\/wp-json\/wp\/v2\/pages"}],"about":[{"href":"https:\/\/animo.eu\/de\/wp-json\/wp\/v2\/types\/page"}],"author":[{"embeddable":true,"href":"https:\/\/animo.eu\/de\/wp-json\/wp\/v2\/users\/1"}],"replies":[{"embeddable":true,"href":"https:\/\/animo.eu\/de\/wp-json\/wp\/v2\/comments?post=44275"}],"version-history":[{"count":9,"href":"https:\/\/animo.eu\/de\/wp-json\/wp\/v2\/pages\/44275\/revisions"}],"predecessor-version":[{"id":56827,"href":"https:\/\/animo.eu\/de\/wp-json\/wp\/v2\/pages\/44275\/revisions\/56827"}],"wp:attachment":[{"href":"https:\/\/animo.eu\/de\/wp-json\/wp\/v2\/media?parent=44275"}],"curies":[{"name":"wp","href":"https:\/\/api.w.org\/{rel}","templated":true}]}}