{"id":44841,"date":"2024-01-10T14:26:07","date_gmt":"2024-01-10T13:26:07","guid":{"rendered":"https:\/\/animo.eu\/?page_id=44841"},"modified":"2024-01-10T14:28:36","modified_gmt":"2024-01-10T13:28:36","slug":"allgemeine_lieferbedingungen_gmbh","status":"publish","type":"page","link":"https:\/\/animo.eu\/de\/allgemeine-lieferbedingungen\/allgemeine_lieferbedingungen_gmbh\/","title":{"rendered":"Allgemeine Lieferbedingungen GmbH"},"content":{"rendered":"\n<section  class=\"pane pane--white \">\n    <div class=\"container\">\n        <div class=\"row g-4 g-lg-8 g-xl-15 justify-content-center\">\n                                                <div class=\"col-12 col-lg-6\">\n                        <div class=\"pane__text\">\n                            <h1>Allgemeine Gesch\u00e4ftsbedingenungen AGB der Animo GmbH<\/h1>\n<p>&nbsp;<\/p>\n<ol>\n<li><strong>Allgemein<br \/>\n<\/strong>1.1 Die nachstehenden &#8222;Allgemeinen Gesch\u00e4ftsbedingungen&#8220; gelten f\u00fcr alle Angebote und Vertr\u00e4ge der Animo GmbH, im weiteren \u201eVerk\u00e4ufer\u201c genannt, gegen\u00fcber und mit ihren Auftraggebern, im weiteren \u201eK\u00e4ufer\u201c genannt, soweit nicht etwas anderes ausdr\u00fccklich schriftlich vereinbart oder gesetzlich zwingend vorgeschrieben ist.<\/li>\n<li><strong>Ausschlu\u00df<\/strong><br \/>\n2.1 Ausschlu\u00df allgemeiner Gesch\u00e4ftsbedingungen des K\u00e4ufers Die allgemeinen Gesch\u00e4fts- bedingungen des Verk\u00e4ufers sind ausschlie\u00dflich. Allgemeine Gesch\u00e4ftsbedingungen des K\u00e4ufers werden ausdr\u00fccklich abgelehnt und werden nicht Bestandteil des Vertrages zwischen Verk\u00e4ufer und K\u00e4ufer, es sei denn, etwas anderes wird schriftlich vereinbart.<br \/>\n2.2. Ausschlie\u00dflich diese Allgemeinen Gesch\u00e4ftsbedingungen gelten f\u00fcr alle Angebote und Vereinbarungen des Verk\u00e4ufers. Die Einkaufsbedingungen des K\u00e4ufers werden ausdr\u00fcklich abgelehnt und sind ung\u00fcltig, es sei denn, da\u00df sie vom Verk\u00e4ufer ausdr\u00fcck- lich schriftlich akzeptiert wurden.<\/li>\n<li><strong>Vertragsschlu\u00df<\/strong><br \/>\n3.1 Alle Angebote des Verk\u00e4ufers sind unverbindlich und freibleibend. Ein verbindliches Angebot stellt erst der Auftrag des K\u00e4ufers dar, der auf der Grundlage dieser allgemeinen Gesch\u00e4ftsbedingungen erfolgt. Ein Vertrag kommt erst durch die schriftliche Auftragsbest\u00e4tigung des Verk\u00e4ufers oder den Beginn mit der Auftragsausf\u00fchrung zustande.<br \/>\n3.2 Weicht die Auftragsbest\u00e4tigung vom Auftrag des K\u00e4ufers ab, so kommt der Vertrag mit dem Inhalt der Auftragsbest\u00e4tigung zustande, wenn der K\u00e4ufer nicht innerhalb von 24 Stunden nach Eingang der Auftragsbest\u00e4tigung Widerspruch gegen deren Inhalt erhebt.<\/li>\n<li><strong>Lieferfristen<\/strong><br \/>\nAngegebene Lieferfristen und Liefertermine sind unverbindlich, sofern nicht ausdr\u00fccklich und schriftlich Verbindlichkeit vereinbart wurde. Der K\u00e4ufer kann 10 Tage nach \u00dcberschreiten eines Liefertermins oder einer Lieferfrist den Verk\u00e4ufer schriftlich auffordern, binnen angemessener Frist zu liefern mit dem Hinweis, da\u00df er die Abnahme nach Ablauf der Frist ablehne. Mit dem Zugang der Aufforderung kommt der Verk\u00e4ufer in Verzug. Der K\u00e4ufer kann neben Lieferung Ersatz eines durch die Verz\u00f6gerung etwa entstandenen Schadens verlangen. Nach erfolglosem Ablauf der Nachfrist ist der K\u00e4ufer berechtigt, durch schriftliche Erkl\u00e4rung vom Kaufvertrag zur\u00fcckzutreten oder Schadensersatz wegen Nichterf\u00fcllung zu verlangen. Im Falle einfacher Fahrl\u00e4ssigkeit des Verk\u00e4ufers ist jeglicher Schadensersatz ausgeschlossen, es sei denn, es handelt sich um die Verletzung wesentlicher Vertragspflichten.<\/li>\n<li><strong>Lieferung<\/strong><br \/>\n5.1 Die Lieferung erfolgt, sofern nichts anderes vereinbart wurde, zum Hauptsitz des K\u00e4ufers.<br \/>\n5.2 Auftr\u00e4ge von mehr als EUR 500,- Netto-Rechnungswert zuz\u00fcglich Mehrwertsteuer werden frei Haus geliefert. Bei Auftr\u00e4gen unter EUR 500,- Netto-Rechnungswert zuz\u00fcglich Mehrwertsteuer gehen die Transportkosten zu Lasten des K\u00e4ufers. F\u00fcr Auftr\u00e4ge unter EUR 80,- Netto-Rechnungswert zuz\u00fcglich Mehrwertsteuer werden EUR 7,50 f\u00fcr dieAuftragsbearbeitung in Rechnung gestellt. Alle Express-Sendungen werden unfrei geliefert. Achtung: Versand erfolgt nur per Paketdienst (UPS) oder per Spedition!<br \/>\n5.3 Der Warentransport erfolgt auf Gefahr des Verk\u00e4ufers. Der Verk\u00e4ufer versichert alle Transporte bei entsprechenden Transportversicherern. Die Haftung des Verk\u00e4ufers beschr\u00e4nkt sich in F\u00e4llen einfacher oder leichter Fahrl\u00e4ssigkeit, soweit keine Hauptpflichten verletzt sind, auf die H\u00f6he des Ausgleichs, den die jeweiligen Transportversicherer dem Verk\u00e4ufer leisten.<br \/>\n5.4 Die Gefahr f\u00fcr die Waren geht mit Entladung auf den K\u00e4ufer \u00fcber. Die Entladung ist zugleich Lieferzeitpunkt.<br \/>\n5.5 R\u00fccksendungen unter einem Netto-Warenwert von EUR 15,- werden aus Kostengr\u00fcnden nicht zur Gutschrift zur\u00fcckgenommen.<\/li>\n<li><strong>Annahmeverzug<\/strong><br \/>\n6.1 Der K\u00e4ufer ist verpflichtet, die bestellten Waren innerhalb \u00fcblicher Gesch\u00e4ftszeiten jederzeit| abzunehmen. Verweigert er die Annahme oder kommt er mit der Annahme in Verzug, geht die Gefahr auf ihn \u00fcber. Zugleich hat er die Kosten der R\u00fccksendung, der Lagerung, einer erneuten Lieferung und andere notwendige Kosten zu tragen.<br \/>\n6.2 Der Verk\u00e4ufer kann, nachdem der K\u00e4ufer die Annahme der Waren einmal verweigert hat oder sich mit der Annahme in Verzug befindet, vom K\u00e4ufer vor einer erneuten Auslieferung Zahlung der Kaufsumme und der durch den Annahmeverzug entstandenen Kosten verlangen.<\/li>\n<li><strong>H\u00f6here Gewalt<\/strong><br \/>\n7.1 F\u00e4lle h\u00f6herer Gewalt &#8211; als solche gelten die Umst\u00e4nde und Vorkommnisse, die mit der Sorgfalt einer ordentlichen Betriebsf\u00fchrung nicht verhindert werden k\u00f6nnen &#8211; suspendieren die Vertragsverpflichtungen des Verk\u00e4ufers und des K\u00e4ufers f\u00fcr die Dauer der St\u00f6rung und im Umfang ihrer Wirkung. \u00dcberschreiten sich daraus ergebende Verz\u00f6gerungen den Zeitraum von 6 Wochen, so ist der Verk\u00e4ufer berechtigt, innerhalb einer Nachfrist von 6 Wochen nach Wegfall der Verz\u00f6gerungsgr\u00fcnde zu liefern oder hinsichtlich des betroffenen Leistungsumfangs vom Vertrag zur\u00fcckzutreten. Sonstige Anspr\u00fcche des K\u00e4ufers oder Verk\u00e4ufers, insbesondere auf Schadensersatz, bestehen nicht.<br \/>\n7.2 Zu F\u00e4llen h\u00f6herer Gewalt geh\u00f6ren u.a.:<br \/>\na) Krieg oder Aufruhr;<br \/>\nb) unterbliebener oder nicht rechtzeitiger oder aber nicht ordnungsgem\u00e4\u00dfer Erhalt von<br \/>\nEinzelteilen oder Waren von Zulieferern des Verk\u00e4ufers;<br \/>\nc) Feuer;<br \/>\nd) Maschinenschaden;<br \/>\ne) Streik.<\/li>\n<li><strong>Preise<\/strong><br \/>\n8.1 Alle Preise verstehen sich zuz\u00fcglich Mehrwertsteuer und anderer staatlicher Abgaben. Nicht in den Preisen enthalten sind die Kosten f\u00fcr das Aufstellen und Installieren der Waren sowie die Transportkosten und etwaige Kosten f\u00fcr die Auftragsbearbeitung. Bestellungen sind nur g\u00fcltig bei \u00dcbernahme der Service und Kundendienst.<br \/>\n8.2 Vom Verk\u00e4ufer vor Vertragsschlu\u00df abgegebene Preisangaben sind unverbindlich. Der Verk\u00e4ufer kann ohne vorherige Mitteilung von den in der Preisliste des Verk\u00e4ufers genannten Preisen abweichen. Ein Vertrag kommt ausschlie\u00dflich zu den in der Auftragsbest\u00e4tigung genannten Preisen zustande.<\/li>\n<li><strong>Gew\u00e4hrleistung<\/strong><br \/>\n9.1 Der K\u00e4ufer ist verpflichtet, seinen Untersuchungs- und R\u00fcgeobliegenheiten gem. \u00a7\u00a7 377, 378 HGB ordnungsgem\u00e4\u00df nachzukommen. F\u00fcr den Fall, da\u00df die gelieferten Waren nicht vereinbarungsgem\u00e4\u00df sind, hat er den Verk\u00e4ufer innerhalb von 3 Tagen nach Erhalt der Waren &#8211; bei verborgenen M\u00e4ngeln innerhalb von 3 Tagen nach ihrer Entdeckung, sp\u00e4testens jedoch 6 Tage nach Erhalt der Ware &#8211; schriftlich zu informieren, und zwar unter genauer Angabe von Art und Begr\u00fcndung der Reklamation sowie unter Nennung der Artikelnummern der jeweiligen Maschinen bzw. Einzelteile. Nach Ablauf dieser Frist gelten die gelieferten Waren als vom K\u00e4ufer genehmigt.<br \/>\n9.2 Falls die gelieferten Waren im Wege der R\u00fcckabwicklung des Vertrages vom Verk\u00e4ufer zur\u00fcckgenommen werden, werden Verwaltungs- und Bearbeitungskosten in Rechnung gestellt, die sich auf mindestens 10 % des Netto-Rechnungswertes belaufen. Falls der K\u00e4ufer den Kaufpreis bereits beglichen hat, werden obengenannte Verwaltungs- und Bearbeitungskosten mit dem Kaufpreis verrechnet.<br \/>\n9.3 Gelieferte Waren k\u00f6nnen, aus welchem Grund auch immer, nur zur\u00fcckgesandt werden, wenn sie ungebraucht und unbesch\u00e4digt sind und der Verk\u00e4ufer au\u00dferdem die R\u00fccksendung der Waren durch Zuweisung einer R\u00fccknahme-Zustimmungsnummer ausdr\u00fccklich gebilligt hat. Dies gilt nicht, wenn die R\u00fcckabwicklung des Vertrages zwischen Verk\u00e4ufer und K\u00e4ufer unstreitig oder rechtswirksam gerichtlich festgestellt ist.<br \/>\n9.4 Die Annahme von Waren, die entgegen den Bestimmungen aus \u00a7 9.3 an den Verk\u00e4ufer zur\u00fcckgesandt werden, wird verweigert. Die Waren werden auf Kosten des K\u00e4ufers wieder an diesen zur\u00fcckgesandt.<\/li>\n<li><strong>Garantie<\/strong><br \/>\n10.1 Der Verk\u00e4ufer leistet f\u00fcr die Dauer von 2 Jahren (ab Lieferdatum durch die Animo GmbH) Garantie auf alle elektrischen und mechanischen Teile. Ausgeschlossen sind verkalkte Teile, sowie Verschlei\u00dfteile. Die Garantie beschr\u00e4nkt sich auf die Lieferung von Ersatzteilen. Die Lieferung dieser Teile erfolgt gegen Berechnung frei Haus. Nach Empfang und Pr\u00fcfung der defekten Garantieteile (incl. Maschinen- und Rechnungsnummer) von Animo erhalten Sie eine Gutschrift. Die R\u00fccksendung der Garantieteile erfolgt nur frei Haus. Nicht unter die Garantie fallen die Kosten f\u00fcr Montage bzw. Demontage, f\u00fcr Arbeitslohn und Anfahrtskosten. Ausgeschlossen von der Garantie sind Glaseins\u00e4tze, Schaugl\u00e4ser und Glaskannen.<br \/>\n10.2 Defekte Einzelteile sind vom K\u00e4ufer entsprechend \u00a7 9.3 dieser allgemeinen Gesch\u00e4ftsbedingungen unter Nennung des Modells und der Seriennummer der Maschine an den Verk\u00e4ufer zur\u00fcckzusenden.<br \/>\n10.3 Obengenannte Garantie gilt nur, wenn der K\u00e4ufer alle seine Verpflichtungen gegen\u00fcber dem Verk\u00e4ufer erf\u00fcllt hat.<\/li>\n<li><strong>Haftung<\/strong><br \/>\n11.1 Der Verk\u00e4ufer haftet nicht, auch nicht im Wege der Garantie des \u00a7 10, f\u00fcr Sch\u00e4den und\/oder Folgesch\u00e4den aufgrund<br \/>\na) falscher Lagerung oder Behandlung der gelieferten Waren durch den K\u00e4ufer oder andere Benutzer;<br \/>\nb) unsachgem\u00e4\u00dfer und\/oder falscher Verwendung der gelieferten Waren durch den K\u00e4ufer oder andere Benutzer;<br \/>\nc) mangelhafter oder fehlender Wartung der gelieferten Waren durch den K\u00e4ufer oder andere Benutzer;<br \/>\nd) von Reparaturen, Austauscharbeiten oder \u00c4nderungen, die von anderen als den vom Verk\u00e4ufer diesbez\u00fcglich erm\u00e4chtigten Personen vorgenommen werden, sofern der Verk\u00e4ufer nicht vorab seine Zustimmung hierzu erteilt hat;<br \/>\ne) unsachgem\u00e4\u00dfer oder nicht entsprechend den vom Verk\u00e4ufer mitgelieferten Anweisungen erfolgter Installation der Waren.<br \/>\n11.2 Die Haftung des Verk\u00e4ufers wird auf Vorsatz und grobe Fahrl\u00e4ssigkeit beschr\u00e4nkt, es sei denn, da\u00df der Verk\u00e4ufer eine vertragswesentliche Pflicht verletzt oder aber der K\u00e4ufer wegen des Fehlens einer zugesicherten Eigenschaft Schadenersatzanspr\u00fcche wegen Nichterf\u00fcllung gem\u00e4\u00df den \u00a7\u00a7 463, 480 Abs. 2 BGB geltend macht. In den letzteren F\u00e4llen wird die Haftung auf voraussehbare Sch\u00e4den beschr\u00e4nkt. Der Verk\u00e4ufer haftet daher mit Ausnahme der im ersten Satz genannten F\u00e4lle nicht f\u00fcr Sch\u00e4den, die nicht am Liefergegenstand selbst entstanden sind, insbesondere nicht f\u00fcr entgangenen Gewinn, f\u00fcr Mangelfolgesch\u00e4den oder f\u00fcr sonstige Verm\u00f6genssch\u00e4den des K\u00e4ufers.<br \/>\n11.3 Sofern der Verk\u00e4ufer fahrl\u00e4ssig eine vertragswesentliche Pflicht verletzt, ist seine Ersatzpflicht f\u00fcr Sach- oder Personensch\u00e4den auf die Deckungssumme seiner Produkthaftpflichtversicherung beschr\u00e4nkt. Diese Haftungsregelung gilt auch f\u00fcr gesetzliche Vertreter, leitende Angestellte sowie Erf\u00fcllungs- und Verrichtungsgehilfen jeweils entsprechend. Dar\u00fcber hinaus gelten die Haftungsbestimmungen auch f\u00fcr die direkte Inanspruchnahme gesetzlicher Vertreter, leitender Angestellter sowie Erf\u00fcllungs- und Verrichtungsgehilfen durch den K\u00e4ufer.<\/li>\n<li><strong>Zahlung<\/strong><br \/>\n12.1 Die Zahlung hat bei Lieferung der Waren in bar, per Vorauskasse oder durch \u00dcberweisung des zu zahlenden Betrages auf ein vom Verk\u00e4ufer genanntes Bankkonto zum Zeitpunkt der Lieferung oder durch Aush\u00e4ndigung gedeckter Schecks zu erfolgen.<br \/>\n12.2 Anstelle der Zahlung bei Lieferung der Waren k\u00f6nnen Verk\u00e4ufer und K\u00e4ufer Zahlung innerhalb von 30 Tagen ab Rechnungsdatum vereinbaren. Im Falle der Nicht- oder Teilzahlung kommt der K\u00e4ufer mit dem 31. Tag ab Rechnungsdatum in Verzug. Bei vollst\u00e4ndiger Zahlung innerhalb von 14 Tagen ab Rechnungsdatum gew\u00e4hrt der Verk\u00e4ufer dem K\u00e4ufer 2 % Skonto auf den Netto-Rechnungsbetrag.<br \/>\n12.3 Erf\u00fcllt der K\u00e4ufer eine oder mehrere Zahlungsverpflichtungen nicht, nicht rechtzeitig oder nicht vollst\u00e4ndig, sind alle zu sp\u00e4t erfolgenden Zahlungen ab dem F\u00e4lligkeitsdatum mit 4 % Zinsen \u00fcber dem jeweiligen Diskont der Deutschen Bundesbank zu fordern. Zugleich tr\u00e4gt der K\u00e4ufer alle gerichtlichen und au\u00dfergericht-lichen Kosten, die durch die unterbliebene, nicht rechtzeitige oder nicht ordnungsgem\u00e4\u00dfe Er-f\u00fcllung seiner Verpflichtungen entstehen. Dar\u00fcber hinaus ist der Verk\u00e4ufer berechtigt, nach-folgende Lieferungen nur noch gegen Vorauszahlung oder Barzahlung bei Lieferung vorzu-nehmen.<br \/>\n12.4 Der K\u00e4ufer kann gegen\u00fcber seiner Zahlungsverpflichtung nur mit unstreitigen oder rechtsg\u00fcltig festgestellten Forderungen gegen den Verk\u00e4ufer aufrechnen.<\/li>\n<li><strong>Eigentumsvorbehalt<\/strong><br \/>\n13.1 Alle gelieferten Waren bleiben bis zur Erf\u00fcllung aller Forderungen, die dem Verk\u00e4ufer aus jedem Rechtsgrund gegen\u00fcber dem K\u00e4ufer zustehen, Eigentum des Verk\u00e4ufers, auch wenn Zahlungen auf besonders bezeichnete Forderungen geleistet werden.<br \/>\n13.2 Der K\u00e4ufer ist verpflichtet, die Eigentumsvorbehaltsware gegen Feuer und Diebstahl zu versichern. Der Verk\u00e4ufer hat jederzeit das Recht, die Vorlegung des Versicherungsscheines zu verlangen.<br \/>\n13.3 Der K\u00e4ufer ist als Wiederverk\u00e4ufer zur Weiterver\u00e4u\u00dferung der Vorbehaltsware im normalen Gesch\u00e4ftsverkehr berechtigt. Ein zwischen ihm und dem Dritten vereinbarter Eigentumsvorbehalt gilt als zugunsten des Verk\u00e4ufers vereinbart. Im \u00fcbrigen tritt der K\u00e4ufer zur Siche-rung der Forderung des Verk\u00e4ufers schon jetzt im Voraus die ihm aus dem (berechtigten oder unberechtigten) Weiterverkauf oder einem sonstigen Rechtsgrund (Versicherungsanspr\u00fcche) bez\u00fcglich der Vorbehaltsware entstehenden Forderungen einschlie\u00dflich s\u00e4mtlicher Saldoforderungen aus Kontokorrent in vollem Umfang an den Verk\u00e4ufer ab.<br \/>\n13.4 Bei Verzug des K\u00e4ufers kann der Verk\u00e4ufer die R\u00fcckgabe der Waren verlangen, ohne da\u00df dies einen R\u00fccktritt vom Vertrag bedeutet. Der Verk\u00e4ufer ist in diesem Fall berechtigt, entweder unverz\u00fcglich frachtfreie R\u00fccksendung der Ware zu verlangen oder wahlweise gegen Verg\u00fctung der Fracht die Ware selbst abzuholen, wobei der K\u00e4ufer mit dem Verk\u00e4ufer schon jetzt bez\u00fcglich eines Eingriffs in den ihm geb\u00fchrenden Besitz der Waren einig ist und s\u00e4mtlichen Ma\u00dfnahmen zustimmt, die zur R\u00fcckf\u00fchrung der Waren geeignet sind.<br \/>\n13.5 Der K\u00e4ufer darf die Ware weder verpf\u00e4nden noch zur Sicherung \u00fcbereignen. Er hat Eingriffe von dritter Seite in das Eigentum dem Verk\u00e4ufer sofort durch eingeschriebenen Brief mitzuteilen. Die Kosten der Intervention hat der K\u00e4ufer zu tragen.<\/li>\n<li><strong>Anzuwendendes Recht und Gerichtsstand<\/strong><br \/>\n14.1 F\u00fcr die vertraglichen Beziehungen zwischen Verk\u00e4ufer und K\u00e4ufer gilt ausschlie\u00dflich deutsches Recht.<br \/>\n14.2 Gerichtsstand f\u00fcr alle Streitigkeiten aus dem Vertragsverh\u00e4ltnis zwischen K\u00e4ufer und Verk\u00e4ufer ist der Hauptsitz des Verk\u00e4ufers. Er kann den K\u00e4ufer wahlweise auch an dessen allgemeinem Gerichtsstand verklagen.<\/li>\n<\/ol>\n                                                    <\/div>\n                    <\/div>\n                                    <\/div>\n    <\/div>\n<\/section>\n","protected":false},"excerpt":{"rendered":"","protected":false},"author":21,"featured_media":0,"parent":44275,"menu_order":0,"comment_status":"closed","ping_status":"closed","template":"","meta":{"_acf_changed":false,"footnotes":""},"class_list":["post-44841","page","type-page","status-publish","hentry"],"acf":[],"yoast_head":"<!-- This site is optimized with the Yoast SEO plugin v25.5 - https:\/\/yoast.com\/wordpress\/plugins\/seo\/ -->\n<title>Allgemeine Lieferbedingungen GmbH -<\/title>\n<meta name=\"description\" content=\"Allgemeine Lieferbedingungen GmbH -\" \/>\n<meta name=\"robots\" content=\"index, follow, max-snippet:-1, max-image-preview:large, max-video-preview:-1\" \/>\n<link rel=\"canonical\" href=\"https:\/\/animo.eu\/de\/allgemeine-lieferbedingungen\/allgemeine_lieferbedingungen_gmbh\/\" \/>\n<meta property=\"og:locale\" content=\"de_DE\" \/>\n<meta property=\"og:type\" content=\"article\" \/>\n<meta property=\"og:title\" content=\"Allgemeine Lieferbedingungen GmbH -\" \/>\n<meta property=\"og:description\" content=\"Allgemeine Lieferbedingungen GmbH -\" \/>\n<meta property=\"og:url\" content=\"https:\/\/animo.eu\/de\/allgemeine-lieferbedingungen\/allgemeine_lieferbedingungen_gmbh\/\" \/>\n<meta property=\"article:publisher\" content=\"https:\/\/www.facebook.com\/animobv\/\" \/>\n<meta property=\"article:modified_time\" content=\"2024-01-10T13:28:36+00:00\" \/>\n<meta property=\"og:image\" content=\"https:\/\/animo.eu\/wp-content\/uploads\/2023\/06\/animo-dedicated-logo.png\" \/>\n\t<meta property=\"og:image:width\" content=\"1000\" \/>\n\t<meta property=\"og:image:height\" content=\"364\" \/>\n\t<meta property=\"og:image:type\" content=\"image\/png\" \/>\n<meta name=\"twitter:card\" content=\"summary_large_image\" \/>\n<meta name=\"twitter:site\" content=\"@animokoffie\" \/>\n<script type=\"application\/ld+json\" class=\"yoast-schema-graph\">{\"@context\":\"https:\/\/schema.org\",\"@graph\":[{\"@type\":\"WebPage\",\"@id\":\"https:\/\/animo.eu\/de\/allgemeine-lieferbedingungen\/allgemeine_lieferbedingungen_gmbh\/\",\"url\":\"https:\/\/animo.eu\/de\/allgemeine-lieferbedingungen\/allgemeine_lieferbedingungen_gmbh\/\",\"name\":\"Allgemeine Lieferbedingungen GmbH -\",\"isPartOf\":{\"@id\":\"https:\/\/animo.eu\/de\/#website\"},\"datePublished\":\"2024-01-10T13:26:07+00:00\",\"dateModified\":\"2024-01-10T13:28:36+00:00\",\"description\":\"Allgemeine Lieferbedingungen GmbH -\",\"breadcrumb\":{\"@id\":\"https:\/\/animo.eu\/de\/allgemeine-lieferbedingungen\/allgemeine_lieferbedingungen_gmbh\/#breadcrumb\"},\"inLanguage\":\"de\",\"potentialAction\":[{\"@type\":\"ReadAction\",\"target\":[\"https:\/\/animo.eu\/de\/allgemeine-lieferbedingungen\/allgemeine_lieferbedingungen_gmbh\/\"]}]},{\"@type\":\"BreadcrumbList\",\"@id\":\"https:\/\/animo.eu\/de\/allgemeine-lieferbedingungen\/allgemeine_lieferbedingungen_gmbh\/#breadcrumb\",\"itemListElement\":[{\"@type\":\"ListItem\",\"position\":1,\"name\":\"Home\",\"item\":\"https:\/\/animo.eu\/de\/\"},{\"@type\":\"ListItem\",\"position\":2,\"name\":\"Lieferbedingungen\",\"item\":\"https:\/\/animo.eu\/de\/allgemeine-lieferbedingungen\/\"},{\"@type\":\"ListItem\",\"position\":3,\"name\":\"Allgemeine Lieferbedingungen GmbH\"}]},{\"@type\":\"WebSite\",\"@id\":\"https:\/\/animo.eu\/de\/#website\",\"url\":\"https:\/\/animo.eu\/de\/\",\"name\":\"\",\"description\":\"\",\"potentialAction\":[{\"@type\":\"SearchAction\",\"target\":{\"@type\":\"EntryPoint\",\"urlTemplate\":\"https:\/\/animo.eu\/de\/?s={search_term_string}\"},\"query-input\":{\"@type\":\"PropertyValueSpecification\",\"valueRequired\":true,\"valueName\":\"search_term_string\"}}],\"inLanguage\":\"de\"}]}<\/script>\n<!-- \/ Yoast SEO plugin. -->","yoast_head_json":{"title":"Allgemeine Lieferbedingungen GmbH -","description":"Allgemeine Lieferbedingungen GmbH -","robots":{"index":"index","follow":"follow","max-snippet":"max-snippet:-1","max-image-preview":"max-image-preview:large","max-video-preview":"max-video-preview:-1"},"canonical":"https:\/\/animo.eu\/de\/allgemeine-lieferbedingungen\/allgemeine_lieferbedingungen_gmbh\/","og_locale":"de_DE","og_type":"article","og_title":"Allgemeine Lieferbedingungen GmbH -","og_description":"Allgemeine Lieferbedingungen GmbH -","og_url":"https:\/\/animo.eu\/de\/allgemeine-lieferbedingungen\/allgemeine_lieferbedingungen_gmbh\/","article_publisher":"https:\/\/www.facebook.com\/animobv\/","article_modified_time":"2024-01-10T13:28:36+00:00","og_image":[{"width":1000,"height":364,"url":"https:\/\/animo.eu\/wp-content\/uploads\/2023\/06\/animo-dedicated-logo.png","type":"image\/png"}],"twitter_card":"summary_large_image","twitter_site":"@animokoffie","schema":{"@context":"https:\/\/schema.org","@graph":[{"@type":"WebPage","@id":"https:\/\/animo.eu\/de\/allgemeine-lieferbedingungen\/allgemeine_lieferbedingungen_gmbh\/","url":"https:\/\/animo.eu\/de\/allgemeine-lieferbedingungen\/allgemeine_lieferbedingungen_gmbh\/","name":"Allgemeine Lieferbedingungen GmbH -","isPartOf":{"@id":"https:\/\/animo.eu\/de\/#website"},"datePublished":"2024-01-10T13:26:07+00:00","dateModified":"2024-01-10T13:28:36+00:00","description":"Allgemeine Lieferbedingungen GmbH -","breadcrumb":{"@id":"https:\/\/animo.eu\/de\/allgemeine-lieferbedingungen\/allgemeine_lieferbedingungen_gmbh\/#breadcrumb"},"inLanguage":"de","potentialAction":[{"@type":"ReadAction","target":["https:\/\/animo.eu\/de\/allgemeine-lieferbedingungen\/allgemeine_lieferbedingungen_gmbh\/"]}]},{"@type":"BreadcrumbList","@id":"https:\/\/animo.eu\/de\/allgemeine-lieferbedingungen\/allgemeine_lieferbedingungen_gmbh\/#breadcrumb","itemListElement":[{"@type":"ListItem","position":1,"name":"Home","item":"https:\/\/animo.eu\/de\/"},{"@type":"ListItem","position":2,"name":"Lieferbedingungen","item":"https:\/\/animo.eu\/de\/allgemeine-lieferbedingungen\/"},{"@type":"ListItem","position":3,"name":"Allgemeine Lieferbedingungen GmbH"}]},{"@type":"WebSite","@id":"https:\/\/animo.eu\/de\/#website","url":"https:\/\/animo.eu\/de\/","name":"","description":"","potentialAction":[{"@type":"SearchAction","target":{"@type":"EntryPoint","urlTemplate":"https:\/\/animo.eu\/de\/?s={search_term_string}"},"query-input":{"@type":"PropertyValueSpecification","valueRequired":true,"valueName":"search_term_string"}}],"inLanguage":"de"}]}},"_links":{"self":[{"href":"https:\/\/animo.eu\/de\/wp-json\/wp\/v2\/pages\/44841"}],"collection":[{"href":"https:\/\/animo.eu\/de\/wp-json\/wp\/v2\/pages"}],"about":[{"href":"https:\/\/animo.eu\/de\/wp-json\/wp\/v2\/types\/page"}],"author":[{"embeddable":true,"href":"https:\/\/animo.eu\/de\/wp-json\/wp\/v2\/users\/21"}],"replies":[{"embeddable":true,"href":"https:\/\/animo.eu\/de\/wp-json\/wp\/v2\/comments?post=44841"}],"version-history":[{"count":9,"href":"https:\/\/animo.eu\/de\/wp-json\/wp\/v2\/pages\/44841\/revisions"}],"predecessor-version":[{"id":44858,"href":"https:\/\/animo.eu\/de\/wp-json\/wp\/v2\/pages\/44841\/revisions\/44858"}],"up":[{"embeddable":true,"href":"https:\/\/animo.eu\/de\/wp-json\/wp\/v2\/pages\/44275"}],"wp:attachment":[{"href":"https:\/\/animo.eu\/de\/wp-json\/wp\/v2\/media?parent=44841"}],"curies":[{"name":"wp","href":"https:\/\/api.w.org\/{rel}","templated":true}]}}