{"id":50797,"date":"2024-02-05T11:48:20","date_gmt":"2024-02-05T10:48:20","guid":{"rendered":"https:\/\/animo.eu\/ausstellungskalender\/"},"modified":"2026-02-27T10:41:56","modified_gmt":"2026-02-27T09:41:56","slug":"veranstaltungskalender","status":"publish","type":"page","link":"https:\/\/animo.eu\/de\/veranstaltungskalender\/","title":{"rendered":"Veranstaltungskalender"},"content":{"rendered":"\n<section  class=\"pane pane--white \">\n    <div class=\"container\">\n        <div class=\"row g-4 g-lg-8 g-xl-15 g-xxl-20  \">\n                            <div class=\"col-12 col-lg-6\">\n                    <div class=\"pane__text\">\n                        <h2 class=\"paragraph-title\">Wo k\u00f6nnen Sie uns finden?<\/h2>\n<p>Sie k\u00f6nnen Animo auf den unten aufgef\u00fchrten Messen finden.<\/p>\n<p>Nat\u00fcrlich k\u00f6nnen Sie auch unseren Ausstellungsraum in Osnabr\u00fcck und Assen oder einen <a href=\"https:\/\/animo.eu\/de\/uber_animo\/verkaufsadressen\/\">unserer H\u00e4ndler<\/a> im ganzen Land besuchen. Dazu k\u00f6nnen Sie uns <a href=\"https:\/\/animo.eu\/de\/kontakt\/\">kontaktieren<\/a>.<\/p>\n                                                \n                    <\/div>\n                <\/div>\n                                <\/div>\n    <\/div>\n<\/section>\n\n\n\n<section  class=\"pane pane--table pane--white \">\n    <div class=\"container\">\n        <div class=\"row\">\n            <div class=\"col-12\">\n                                                                            \n\n<figure class=\"wp-block-table is-style-stripes\"><table><thead><tr><th>Datum<\/th><th>Messe<\/th><th>Ort<\/th><th>Land<\/th><th>Standnummer<\/th><\/tr><\/thead><tbody><tr><td>12 &#8211; 15 Januar<\/td><td><a href=\"https:\/\/www.horecava.nl\/\">Horecava<\/a><\/td><td>Amsterdam<\/td><td>Niederlande<\/td><td>12.230<\/td><\/tr><tr><td>13 &#8211; 17 M\u00e4rz<\/td><td><a href=\"https:\/\/www.internorga.com\/\">Internorga<\/a><\/td><td>Hamburg<\/td><td>Deutschland<\/td><td>A4.116<\/td><\/tr><tr><td>22 &#8211; 23 April<\/td><td><a href=\"https:\/\/www.health-care.be\/inspire-health-care\/\">Inspire Health &amp; Care<\/a><\/td><td>Gent<\/td><td>Belgien<\/td><td>1255<\/td><\/tr><\/tbody><\/table><\/figure>\n\n\n                            <\/div>\n        <\/div>\n    <\/div>\n<\/section>\n","protected":false},"excerpt":{"rendered":"","protected":false},"author":21,"featured_media":53242,"parent":0,"menu_order":8,"comment_status":"closed","ping_status":"closed","template":"","meta":{"_acf_changed":false,"footnotes":""},"class_list":["post-50797","page","type-page","status-publish","has-post-thumbnail","hentry"],"acf":[],"yoast_head":"<!-- This site is optimized with the Yoast SEO plugin v25.5 - https:\/\/yoast.com\/wordpress\/plugins\/seo\/ -->\n<title>Veranstaltungskalender -<\/title>\n<meta name=\"description\" content=\"Veranstaltungskalender -\" \/>\n<meta name=\"robots\" content=\"index, follow, max-snippet:-1, max-image-preview:large, max-video-preview:-1\" \/>\n<link rel=\"canonical\" href=\"https:\/\/animo.eu\/de\/veranstaltungskalender\/\" \/>\n<meta property=\"og:locale\" content=\"de_DE\" \/>\n<meta property=\"og:type\" content=\"article\" \/>\n<meta property=\"og:title\" content=\"Veranstaltungskalender -\" \/>\n<meta property=\"og:description\" content=\"Veranstaltungskalender -\" \/>\n<meta property=\"og:url\" content=\"https:\/\/animo.eu\/de\/veranstaltungskalender\/\" \/>\n<meta property=\"article:publisher\" content=\"https:\/\/www.facebook.com\/animobv\/\" \/>\n<meta property=\"article:modified_time\" content=\"2026-02-27T09:41:56+00:00\" \/>\n<meta property=\"og:image\" content=\"https:\/\/animo.eu\/wp-content\/uploads\/2024\/02\/Beurzen.jpg\" \/>\n\t<meta property=\"og:image:width\" content=\"1772\" \/>\n\t<meta property=\"og:image:height\" content=\"1475\" \/>\n\t<meta property=\"og:image:type\" content=\"image\/jpeg\" \/>\n<meta name=\"twitter:card\" content=\"summary_large_image\" \/>\n<meta name=\"twitter:site\" content=\"@animokoffie\" \/>\n<meta name=\"twitter:label1\" content=\"Gesch\u00e4tzte Lesezeit\" \/>\n\t<meta name=\"twitter:data1\" content=\"1\u00a0Minute\" \/>\n<script type=\"application\/ld+json\" class=\"yoast-schema-graph\">{\"@context\":\"https:\/\/schema.org\",\"@graph\":[{\"@type\":\"WebPage\",\"@id\":\"https:\/\/animo.eu\/de\/veranstaltungskalender\/\",\"url\":\"https:\/\/animo.eu\/de\/veranstaltungskalender\/\",\"name\":\"Veranstaltungskalender -\",\"isPartOf\":{\"@id\":\"https:\/\/animo.eu\/de\/#website\"},\"primaryImageOfPage\":{\"@id\":\"https:\/\/animo.eu\/de\/veranstaltungskalender\/#primaryimage\"},\"image\":{\"@id\":\"https:\/\/animo.eu\/de\/veranstaltungskalender\/#primaryimage\"},\"thumbnailUrl\":\"https:\/\/animo.eu\/wp-content\/uploads\/2024\/02\/Beurzen.jpg\",\"datePublished\":\"2024-02-05T10:48:20+00:00\",\"dateModified\":\"2026-02-27T09:41:56+00:00\",\"description\":\"Veranstaltungskalender -\",\"breadcrumb\":{\"@id\":\"https:\/\/animo.eu\/de\/veranstaltungskalender\/#breadcrumb\"},\"inLanguage\":\"de\",\"potentialAction\":[{\"@type\":\"ReadAction\",\"target\":[\"https:\/\/animo.eu\/de\/veranstaltungskalender\/\"]}]},{\"@type\":\"ImageObject\",\"inLanguage\":\"de\",\"@id\":\"https:\/\/animo.eu\/de\/veranstaltungskalender\/#primaryimage\",\"url\":\"https:\/\/animo.eu\/wp-content\/uploads\/2024\/02\/Beurzen.jpg\",\"contentUrl\":\"https:\/\/animo.eu\/wp-content\/uploads\/2024\/02\/Beurzen.jpg\",\"width\":1772,\"height\":1475},{\"@type\":\"BreadcrumbList\",\"@id\":\"https:\/\/animo.eu\/de\/veranstaltungskalender\/#breadcrumb\",\"itemListElement\":[{\"@type\":\"ListItem\",\"position\":1,\"name\":\"Home\",\"item\":\"https:\/\/animo.eu\/de\/\"},{\"@type\":\"ListItem\",\"position\":2,\"name\":\"Veranstaltungskalender\"}]},{\"@type\":\"WebSite\",\"@id\":\"https:\/\/animo.eu\/de\/#website\",\"url\":\"https:\/\/animo.eu\/de\/\",\"name\":\"\",\"description\":\"\",\"potentialAction\":[{\"@type\":\"SearchAction\",\"target\":{\"@type\":\"EntryPoint\",\"urlTemplate\":\"https:\/\/animo.eu\/de\/?s={search_term_string}\"},\"query-input\":{\"@type\":\"PropertyValueSpecification\",\"valueRequired\":true,\"valueName\":\"search_term_string\"}}],\"inLanguage\":\"de\"}]}<\/script>\n<!-- \/ Yoast SEO plugin. -->","yoast_head_json":{"title":"Veranstaltungskalender -","description":"Veranstaltungskalender -","robots":{"index":"index","follow":"follow","max-snippet":"max-snippet:-1","max-image-preview":"max-image-preview:large","max-video-preview":"max-video-preview:-1"},"canonical":"https:\/\/animo.eu\/de\/veranstaltungskalender\/","og_locale":"de_DE","og_type":"article","og_title":"Veranstaltungskalender -","og_description":"Veranstaltungskalender -","og_url":"https:\/\/animo.eu\/de\/veranstaltungskalender\/","article_publisher":"https:\/\/www.facebook.com\/animobv\/","article_modified_time":"2026-02-27T09:41:56+00:00","og_image":[{"width":1772,"height":1475,"url":"https:\/\/animo.eu\/wp-content\/uploads\/2024\/02\/Beurzen.jpg","type":"image\/jpeg"}],"twitter_card":"summary_large_image","twitter_site":"@animokoffie","twitter_misc":{"Gesch\u00e4tzte Lesezeit":"1\u00a0Minute"},"schema":{"@context":"https:\/\/schema.org","@graph":[{"@type":"WebPage","@id":"https:\/\/animo.eu\/de\/veranstaltungskalender\/","url":"https:\/\/animo.eu\/de\/veranstaltungskalender\/","name":"Veranstaltungskalender -","isPartOf":{"@id":"https:\/\/animo.eu\/de\/#website"},"primaryImageOfPage":{"@id":"https:\/\/animo.eu\/de\/veranstaltungskalender\/#primaryimage"},"image":{"@id":"https:\/\/animo.eu\/de\/veranstaltungskalender\/#primaryimage"},"thumbnailUrl":"https:\/\/animo.eu\/wp-content\/uploads\/2024\/02\/Beurzen.jpg","datePublished":"2024-02-05T10:48:20+00:00","dateModified":"2026-02-27T09:41:56+00:00","description":"Veranstaltungskalender -","breadcrumb":{"@id":"https:\/\/animo.eu\/de\/veranstaltungskalender\/#breadcrumb"},"inLanguage":"de","potentialAction":[{"@type":"ReadAction","target":["https:\/\/animo.eu\/de\/veranstaltungskalender\/"]}]},{"@type":"ImageObject","inLanguage":"de","@id":"https:\/\/animo.eu\/de\/veranstaltungskalender\/#primaryimage","url":"https:\/\/animo.eu\/wp-content\/uploads\/2024\/02\/Beurzen.jpg","contentUrl":"https:\/\/animo.eu\/wp-content\/uploads\/2024\/02\/Beurzen.jpg","width":1772,"height":1475},{"@type":"BreadcrumbList","@id":"https:\/\/animo.eu\/de\/veranstaltungskalender\/#breadcrumb","itemListElement":[{"@type":"ListItem","position":1,"name":"Home","item":"https:\/\/animo.eu\/de\/"},{"@type":"ListItem","position":2,"name":"Veranstaltungskalender"}]},{"@type":"WebSite","@id":"https:\/\/animo.eu\/de\/#website","url":"https:\/\/animo.eu\/de\/","name":"","description":"","potentialAction":[{"@type":"SearchAction","target":{"@type":"EntryPoint","urlTemplate":"https:\/\/animo.eu\/de\/?s={search_term_string}"},"query-input":{"@type":"PropertyValueSpecification","valueRequired":true,"valueName":"search_term_string"}}],"inLanguage":"de"}]}},"_links":{"self":[{"href":"https:\/\/animo.eu\/de\/wp-json\/wp\/v2\/pages\/50797"}],"collection":[{"href":"https:\/\/animo.eu\/de\/wp-json\/wp\/v2\/pages"}],"about":[{"href":"https:\/\/animo.eu\/de\/wp-json\/wp\/v2\/types\/page"}],"author":[{"embeddable":true,"href":"https:\/\/animo.eu\/de\/wp-json\/wp\/v2\/users\/21"}],"replies":[{"embeddable":true,"href":"https:\/\/animo.eu\/de\/wp-json\/wp\/v2\/comments?post=50797"}],"version-history":[{"count":23,"href":"https:\/\/animo.eu\/de\/wp-json\/wp\/v2\/pages\/50797\/revisions"}],"predecessor-version":[{"id":109634,"href":"https:\/\/animo.eu\/de\/wp-json\/wp\/v2\/pages\/50797\/revisions\/109634"}],"wp:featuredmedia":[{"embeddable":true,"href":"https:\/\/animo.eu\/de\/wp-json\/wp\/v2\/media\/53242"}],"wp:attachment":[{"href":"https:\/\/animo.eu\/de\/wp-json\/wp\/v2\/media?parent=50797"}],"curies":[{"name":"wp","href":"https:\/\/api.w.org\/{rel}","templated":true}]}}