{"id":56682,"date":"2024-03-21T11:24:56","date_gmt":"2024-03-21T10:24:56","guid":{"rendered":"https:\/\/animo.eu\/?page_id=56682"},"modified":"2024-05-08T07:55:54","modified_gmt":"2024-05-08T05:55:54","slug":"auftrag-vision-und-grundwerte","status":"publish","type":"page","link":"https:\/\/animo.eu\/de\/uber_animo\/auftrag-vision-und-grundwerte\/","title":{"rendered":"Auftrag, Vision und Grundwerte"},"content":{"rendered":"\n<section class=\"hero\">\n    <div class=\"hero__background\">\n                                    <img fetchpriority=\"high\" decoding=\"async\" width=\"2205\" height=\"1279\" src=\"https:\/\/animo.eu\/wp-content\/uploads\/2024\/03\/Animo-Assen-fabriek.jpg\" class=\"hero__image img-fluid\" alt=\"\" loading=\"eager\" srcset=\"https:\/\/animo.eu\/wp-content\/uploads\/2024\/03\/Animo-Assen-fabriek.jpg 2205w, https:\/\/animo.eu\/wp-content\/uploads\/2024\/03\/Animo-Assen-fabriek-300x174.jpg 300w, https:\/\/animo.eu\/wp-content\/uploads\/2024\/03\/Animo-Assen-fabriek-1024x594.jpg 1024w, https:\/\/animo.eu\/wp-content\/uploads\/2024\/03\/Animo-Assen-fabriek-768x445.jpg 768w, https:\/\/animo.eu\/wp-content\/uploads\/2024\/03\/Animo-Assen-fabriek-1536x891.jpg 1536w, https:\/\/animo.eu\/wp-content\/uploads\/2024\/03\/Animo-Assen-fabriek-2048x1188.jpg 2048w, https:\/\/animo.eu\/wp-content\/uploads\/2024\/03\/Animo-Assen-fabriek-70x41.jpg 70w, https:\/\/animo.eu\/wp-content\/uploads\/2024\/03\/Animo-Assen-fabriek-550x319.jpg 550w, https:\/\/animo.eu\/wp-content\/uploads\/2024\/03\/Animo-Assen-fabriek-800x464.jpg 800w, https:\/\/animo.eu\/wp-content\/uploads\/2024\/03\/Animo-Assen-fabriek-172x100.jpg 172w, https:\/\/animo.eu\/wp-content\/uploads\/2024\/03\/Animo-Assen-fabriek-150x87.jpg 150w\" sizes=\"(max-width: 2205px) 100vw, 2205px\" \/>                                <\/div>    \n            <div class=\"hero__content\">\n            <div class=\"container\">\n                <div class=\"row\">                    <div class=\"col-12 col-lg-9 col-xl-8\">                        <div class=\"hero__text \">\n                            <h1>Dedicated to every cup<\/h1>\n<p>&nbsp;<\/p>\n                        <\/div>\n                                                \n                    <\/div>\n                <\/div>\n            <\/div>\n        <\/div>\n        <div class=\"hero__scroll\">\n        <span>Scrollen<\/span>\n        <svg class=\"icon icon--20 text-secondary\">\n            <use xlink:href=\"https:\/\/animo.eu\/wp-content\/themes\/animo\/build\/img\/symbols.svg#arrow-down\"><\/use>\n        <\/svg>      \n    <\/div>\n<\/section>\n\n<section class=\"pane pane--white pane--anchors\">\n    <ul class=\"list justify-content-center d-none d-lg-flex\">\n                                    <li class=\"list__item mx-6 mx-xl-8 mx-xxl-10\">\n                    <a class=\"text-decoration-none text-secondary\" href=\"#Vision\">Vision &amp; Auftrag<\/a>\n                <\/li>\n                            <li class=\"list__item mx-6 mx-xl-8 mx-xxl-10\">\n                    <a class=\"text-decoration-none text-secondary\" href=\"#Markenpers\u00f6nlichkeit\">Markenpers\u00f6nlichkeit<\/a>\n                <\/li>\n                            <li class=\"list__item mx-6 mx-xl-8 mx-xxl-10\">\n                    <a class=\"text-decoration-none text-secondary\" href=\"#Kaffeemaschinen\">Animo Kaffeemaschinen stehen f\u00fcr<\/a>\n                <\/li>\n                            <li class=\"list__item mx-6 mx-xl-8 mx-xxl-10\">\n                    <a class=\"text-decoration-none text-secondary\" href=\"#Video\">Animo video<\/a>\n                <\/li>\n                        <\/ul>\n<\/section>\n\n<section  class=\"pane pane--white \">\n    <div class=\"container\">\n        <div class=\"row g-4 g-lg-8 g-xl-15 justify-content-center\">\n                                                <div class=\"col-12 col-lg-8\">\n                        <div class=\"pane__text\">\n                            <h2>Animo stellt hochwertige Kaffeezubereitungssysteme und -maschinen f\u00fcr Menschen her, die guten Kaffee servieren wollen. Benutzerfreundliche Ger\u00e4te mit vielen Auswahlm\u00f6glichkeiten, die leicht zu warten und langlebig sind.<\/h2>\n                                                    <\/div>\n                    <\/div>\n                                    <\/div>\n    <\/div>\n<\/section>\n\n<section id=\"Vision\" class=\"pane pane--tertiary anchor\">\n    <div class=\"container\">\n        <div class=\"row g-4 g-lg-8 g-xl-15 g-xxl-20 align-items-center \">\n                            <div class=\"col-12 col-lg-6\">\n                    <div class=\"pane__text\">\n                        <h2>Vision Animo<\/h2>\n<p>Erlangung und St\u00e4rkung einer bevorzugten Position bei H\u00e4ndlern und Endkunden-Entscheidungstr\u00e4gern und exzellenter proaktiver (Verkaufs-)Unterst\u00fctzung &amp; Service, weil wir jeden Tag <em>Engagement f\u00fcr jede<\/em> Tasse beweisen wollen. Wir tun dies durch:<\/p>\n<ul>\n<li>Gezieltes Marketing f\u00fcr bestimmte Zielgruppen<\/li>\n<li>Eine unverwechselbare Markenpositionierung<\/li>\n<li>Angebot hochwertiger Produkte, die sich durch einfache Bedienung und Wartung auszeichnen<\/li>\n<li>Eine differenzierte H\u00e4ndlerstrategie, um gemeinsam mit den H\u00e4ndlern mehr Wert zu schaffen<\/li>\n<li>Interner Vertrieb und Unterst\u00fctzung f\u00fcr Gro\u00dfkunden und Projekte<\/li>\n<li>Online-Verkauf und -Support als integrierter Bestandteil unserer Dienstleistungen f\u00fcr H\u00e4ndler und Endkunden<\/li>\n<\/ul>\n<h2 class=\"paragraph-title\">Auftrag Animo<\/h2>\n<p>Mit Hingabe und Sorgfalt, damit unsere Kunden guten Kaffee servieren k\u00f6nnen, denn:<\/p>\n<ul>\n<li>Wir stellen Ger\u00e4te her, die leckeren Kaffee liefern.<\/li>\n<li>Wir stellen Ger\u00e4te her, die einfach zu bedienen und zu warten sind.<\/li>\n<li>Wir bieten ausgezeichnete technische Unterst\u00fctzung.<\/li>\n<li>Wir stellen Ger\u00e4te her, die lange halten und kaum Ausf\u00e4lle haben.<\/li>\n<li>Wir k\u00f6nnen flexibel auf die Anforderungen der Kunden reagieren.<\/li>\n<\/ul>\n                                                \n                    <\/div>\n                <\/div>\n                                        <div class=\"col-12 col-lg\">\n                    <figure class=\"figure \">\n                        <img decoding=\"async\" width=\"1024\" height=\"1024\" src=\"https:\/\/animo.eu\/wp-content\/uploads\/2023\/09\/Animo-OptiVend-en-OptiBean-X-1024x1024.png\" class=\"img-fluid\" alt=\"\" loading=\"lazy\" srcset=\"https:\/\/animo.eu\/wp-content\/uploads\/2023\/09\/Animo-OptiVend-en-OptiBean-X-1024x1024.png 1024w, https:\/\/animo.eu\/wp-content\/uploads\/2023\/09\/Animo-OptiVend-en-OptiBean-X-300x300.png 300w, https:\/\/animo.eu\/wp-content\/uploads\/2023\/09\/Animo-OptiVend-en-OptiBean-X-150x150.png 150w, https:\/\/animo.eu\/wp-content\/uploads\/2023\/09\/Animo-OptiVend-en-OptiBean-X-768x768.png 768w, https:\/\/animo.eu\/wp-content\/uploads\/2023\/09\/Animo-OptiVend-en-OptiBean-X-1536x1536.png 1536w, https:\/\/animo.eu\/wp-content\/uploads\/2023\/09\/Animo-OptiVend-en-OptiBean-X-2048x2048.png 2048w, https:\/\/animo.eu\/wp-content\/uploads\/2023\/09\/Animo-OptiVend-en-OptiBean-X-70x70.png 70w, https:\/\/animo.eu\/wp-content\/uploads\/2023\/09\/Animo-OptiVend-en-OptiBean-X-550x550.png 550w, https:\/\/animo.eu\/wp-content\/uploads\/2023\/09\/Animo-OptiVend-en-OptiBean-X-800x800.png 800w, https:\/\/animo.eu\/wp-content\/uploads\/2023\/09\/Animo-OptiVend-en-OptiBean-X-100x100.png 100w, https:\/\/animo.eu\/wp-content\/uploads\/2023\/09\/Animo-OptiVend-en-OptiBean-X-1400x1400.png 1400w, https:\/\/animo.eu\/wp-content\/uploads\/2023\/09\/Animo-OptiVend-en-OptiBean-X-700x700.png 700w, https:\/\/animo.eu\/wp-content\/uploads\/2023\/09\/Animo-OptiVend-en-OptiBean-X-350x350.png 350w\" sizes=\"(max-width: 1024px) 100vw, 1024px\" \/>                    <\/figure>\n                <\/div>\n                    <\/div>\n    <\/div>\n<\/section>\n\n<section id=\"Markenpers\u00f6nlichkeit\" class=\"pane pane--white anchor\">\n    <div class=\"container\">\n        <div class=\"row g-4 g-lg-8 g-xl-15 g-xxl-20 align-items-center flex-lg-row-reverse\">\n                            <div class=\"col-12 col-lg-6\">\n                    <div class=\"pane__text\">\n                        <h2>Markenpers\u00f6nlichkeit<\/h2>\n<p><strong>Engagiert:<\/strong> Die Hingabe und Inspiration von Animo steckt teilweise schon im Namen. Sie zeigt sich aber auch in ihrer F\u00fcrsorge, ihrem Service und ihrer Flexibilit\u00e4t. Animo denkt immer mit seinen Kunden mit.<\/p>\n<p><strong>Aufmunternd:<\/strong> Kaffee wirkt aufmunternd, und das kann man bei Animo sehen. Animo ist frisch und positiv.<\/p>\n<p><strong>Robust:<\/strong> die Kernfunktion vielleicht von Animo. Animo ist solide, stabil und zuverl\u00e4ssig. Das ist seit langem so und wird auch noch lange so bleiben.<\/p>\n<p><strong>Zeitgem\u00e4\u00df:<\/strong> Animo geht mit der Zeit, ohne dabei zu hochtrabend oder weit hergeholt zu sein. Sie ist eine moderne Marke.<\/p>\n                                                \n\n\n\n                    <\/div>\n                <\/div>\n                                        <div class=\"col-12 col-lg\">\n                    <figure class=\"figure image_reversed\">\n                        <img decoding=\"async\" width=\"256\" height=\"256\" src=\"https:\/\/animo.eu\/wp-content\/uploads\/2023\/03\/favicon-256x256-1.png\" class=\"img-fluid\" alt=\"\" loading=\"lazy\" srcset=\"https:\/\/animo.eu\/wp-content\/uploads\/2023\/03\/favicon-256x256-1.png 256w, https:\/\/animo.eu\/wp-content\/uploads\/2023\/03\/favicon-256x256-1-150x150.png 150w, https:\/\/animo.eu\/wp-content\/uploads\/2023\/03\/favicon-256x256-1-70x70.png 70w, https:\/\/animo.eu\/wp-content\/uploads\/2023\/03\/favicon-256x256-1-100x100.png 100w\" sizes=\"(max-width: 256px) 100vw, 256px\" \/>                    <\/figure>\n                <\/div>\n                    <\/div>\n    <\/div>\n<\/section>\n\n<section id=\"Kaffeemaschinen\" class=\"pane pane--tertiary anchor\">\n    <div class=\"container\">\n        <div class=\"row g-4 g-lg-8 g-xl-15 g-xxl-20 align-items-center \">\n                            <div class=\"col-12 col-lg-6\">\n                    <div class=\"pane__text\">\n                        <h2>Eine perfekte Tasse Kaffee&#8230;<\/h2>\n<p>Das beginnt mit einer perfekten Maschine, und das ist eine Frage der Erfahrung, des Wissens und des Engagements. Wir stellen hochwertige Kaffeeger\u00e4te f\u00fcr Menschen her, die guten Kaffee servieren wollen.  <em><strong>Zuverl\u00e4ssig, flexibel und qualitativ hochwertig<\/strong><\/em><\/p>\n<p>Unsere Kaffeemaschinen stehen f\u00fcr:<\/p>\n<ul>\n<li>Guter Geschmack<\/li>\n<li>Benutzerfreundliche Bedienung<\/li>\n<li>Leicht zu pflegen<\/li>\n<li>Zuverl\u00e4ssige Leistung<\/li>\n<li>Ausgezeichnete technische Unterst\u00fctzung<\/li>\n<li>Flexibel in der Anpassung<\/li>\n<\/ul>\n                                                \n                    <\/div>\n                <\/div>\n                                        <div class=\"col-12 col-lg\">\n                    <figure class=\"figure \">\n                        <img decoding=\"async\" width=\"491\" height=\"491\" src=\"https:\/\/animo.eu\/wp-content\/uploads\/2024\/03\/Misie-en-visie-vierkant.jpg\" class=\"img-fluid\" alt=\"\" loading=\"lazy\" srcset=\"https:\/\/animo.eu\/wp-content\/uploads\/2024\/03\/Misie-en-visie-vierkant.jpg 491w, https:\/\/animo.eu\/wp-content\/uploads\/2024\/03\/Misie-en-visie-vierkant-300x300.jpg 300w, https:\/\/animo.eu\/wp-content\/uploads\/2024\/03\/Misie-en-visie-vierkant-150x150.jpg 150w, https:\/\/animo.eu\/wp-content\/uploads\/2024\/03\/Misie-en-visie-vierkant-70x70.jpg 70w, https:\/\/animo.eu\/wp-content\/uploads\/2024\/03\/Misie-en-visie-vierkant-100x100.jpg 100w, https:\/\/animo.eu\/wp-content\/uploads\/2024\/03\/Misie-en-visie-vierkant-350x350.jpg 350w\" sizes=\"(max-width: 491px) 100vw, 491px\" \/>                    <\/figure>\n                <\/div>\n                    <\/div>\n    <\/div>\n<\/section>\n\n<section id=\"Video\" class=\"pane pane--white anchor\">\n    <div class=\"container-fluid px-4 pe-lg-0 ps-lg-8\">\n        <div class=\"row g-0\">\n                            <div class=\"col-12\">\n                    <figure class=\"figure figure--video\">\n                        <a href=\"https:\/\/animo.eu\/wp-content\/uploads\/2024\/03\/Animo.mp4\" class=\"icon-frame icon-frame--56\" data-fancybox>\n                            <svg class=\"icon icon--20\">\n                                <use xlink:href=\"https:\/\/animo.eu\/wp-content\/themes\/animo\/build\/img\/symbols.svg#play\"><\/use>\n                            <\/svg>\n                        <\/a>\n                        <img decoding=\"async\" width=\"1400\" height=\"600\" src=\"https:\/\/animo.eu\/wp-content\/uploads\/2024\/03\/Corporate-movie-Animo-1400x600.jpg\" class=\"img-fluid w-100\" alt=\"\" loading=\"lazy\" \/>                    <\/figure>\n                <\/div>\n                    <\/div>\n    <\/div>\n<\/section>\n","protected":false},"excerpt":{"rendered":"","protected":false},"author":21,"featured_media":56717,"parent":43614,"menu_order":23,"comment_status":"closed","ping_status":"closed","template":"","meta":{"_acf_changed":false,"footnotes":""},"class_list":["post-56682","page","type-page","status-publish","has-post-thumbnail","hentry"],"acf":[],"yoast_head":"<!-- This site is optimized with the Yoast SEO plugin v25.5 - https:\/\/yoast.com\/wordpress\/plugins\/seo\/ -->\n<title>Auftrag, Vision und Grundwerte -<\/title>\n<meta name=\"description\" content=\"Auftrag, Vision und Grundwerte - Wir stellen hochwertige Kaffeezubereitungssysteme und -maschinen f\u00fcr Menschen her, die guten Kaffee servieren m\u00f6chten.\" \/>\n<meta name=\"robots\" content=\"index, follow, max-snippet:-1, max-image-preview:large, max-video-preview:-1\" \/>\n<link rel=\"canonical\" href=\"https:\/\/animo.eu\/de\/uber_animo\/auftrag-vision-und-grundwerte\/\" \/>\n<meta property=\"og:locale\" content=\"de_DE\" \/>\n<meta property=\"og:type\" content=\"article\" \/>\n<meta property=\"og:title\" content=\"Auftrag, Vision und Grundwerte -\" \/>\n<meta property=\"og:description\" content=\"Auftrag, Vision und Grundwerte - Wir stellen hochwertige Kaffeezubereitungssysteme und -maschinen f\u00fcr Menschen her, die guten Kaffee servieren m\u00f6chten.\" \/>\n<meta property=\"og:url\" content=\"https:\/\/animo.eu\/de\/uber_animo\/auftrag-vision-und-grundwerte\/\" \/>\n<meta property=\"article:publisher\" content=\"https:\/\/www.facebook.com\/animobv\/\" \/>\n<meta property=\"article:modified_time\" content=\"2024-05-08T05:55:54+00:00\" \/>\n<meta property=\"og:image\" content=\"https:\/\/animo.eu\/wp-content\/uploads\/2024\/03\/Misie-en-visie-vierkant.jpg\" \/>\n\t<meta property=\"og:image:width\" content=\"491\" \/>\n\t<meta property=\"og:image:height\" content=\"491\" \/>\n\t<meta property=\"og:image:type\" content=\"image\/jpeg\" \/>\n<meta name=\"twitter:card\" content=\"summary_large_image\" \/>\n<meta name=\"twitter:site\" content=\"@animokoffie\" \/>\n<meta name=\"twitter:label1\" content=\"Gesch\u00e4tzte Lesezeit\" \/>\n\t<meta name=\"twitter:data1\" content=\"1\u00a0Minute\" \/>\n<script type=\"application\/ld+json\" class=\"yoast-schema-graph\">{\"@context\":\"https:\/\/schema.org\",\"@graph\":[{\"@type\":\"WebPage\",\"@id\":\"https:\/\/animo.eu\/de\/uber_animo\/auftrag-vision-und-grundwerte\/\",\"url\":\"https:\/\/animo.eu\/de\/uber_animo\/auftrag-vision-und-grundwerte\/\",\"name\":\"Auftrag, Vision und Grundwerte -\",\"isPartOf\":{\"@id\":\"https:\/\/animo.eu\/de\/#website\"},\"primaryImageOfPage\":{\"@id\":\"https:\/\/animo.eu\/de\/uber_animo\/auftrag-vision-und-grundwerte\/#primaryimage\"},\"image\":{\"@id\":\"https:\/\/animo.eu\/de\/uber_animo\/auftrag-vision-und-grundwerte\/#primaryimage\"},\"thumbnailUrl\":\"https:\/\/animo.eu\/wp-content\/uploads\/2024\/03\/Misie-en-visie-vierkant.jpg\",\"datePublished\":\"2024-03-21T10:24:56+00:00\",\"dateModified\":\"2024-05-08T05:55:54+00:00\",\"description\":\"Auftrag, Vision und Grundwerte - Wir stellen hochwertige Kaffeezubereitungssysteme und -maschinen f\u00fcr Menschen her, die guten Kaffee servieren m\u00f6chten.\",\"breadcrumb\":{\"@id\":\"https:\/\/animo.eu\/de\/uber_animo\/auftrag-vision-und-grundwerte\/#breadcrumb\"},\"inLanguage\":\"de\",\"potentialAction\":[{\"@type\":\"ReadAction\",\"target\":[\"https:\/\/animo.eu\/de\/uber_animo\/auftrag-vision-und-grundwerte\/\"]}]},{\"@type\":\"ImageObject\",\"inLanguage\":\"de\",\"@id\":\"https:\/\/animo.eu\/de\/uber_animo\/auftrag-vision-und-grundwerte\/#primaryimage\",\"url\":\"https:\/\/animo.eu\/wp-content\/uploads\/2024\/03\/Misie-en-visie-vierkant.jpg\",\"contentUrl\":\"https:\/\/animo.eu\/wp-content\/uploads\/2024\/03\/Misie-en-visie-vierkant.jpg\",\"width\":491,\"height\":491},{\"@type\":\"BreadcrumbList\",\"@id\":\"https:\/\/animo.eu\/de\/uber_animo\/auftrag-vision-und-grundwerte\/#breadcrumb\",\"itemListElement\":[{\"@type\":\"ListItem\",\"position\":1,\"name\":\"Home\",\"item\":\"https:\/\/animo.eu\/de\/\"},{\"@type\":\"ListItem\",\"position\":2,\"name\":\"\u00dcber Animo\",\"item\":\"https:\/\/animo.eu\/de\/uber_animo\/\"},{\"@type\":\"ListItem\",\"position\":3,\"name\":\"Auftrag, Vision und Grundwerte\"}]},{\"@type\":\"WebSite\",\"@id\":\"https:\/\/animo.eu\/de\/#website\",\"url\":\"https:\/\/animo.eu\/de\/\",\"name\":\"\",\"description\":\"\",\"potentialAction\":[{\"@type\":\"SearchAction\",\"target\":{\"@type\":\"EntryPoint\",\"urlTemplate\":\"https:\/\/animo.eu\/de\/?s={search_term_string}\"},\"query-input\":{\"@type\":\"PropertyValueSpecification\",\"valueRequired\":true,\"valueName\":\"search_term_string\"}}],\"inLanguage\":\"de\"}]}<\/script>\n<!-- \/ Yoast SEO plugin. -->","yoast_head_json":{"title":"Auftrag, Vision und Grundwerte -","description":"Auftrag, Vision und Grundwerte - Wir stellen hochwertige Kaffeezubereitungssysteme und -maschinen f\u00fcr Menschen her, die guten Kaffee servieren m\u00f6chten.","robots":{"index":"index","follow":"follow","max-snippet":"max-snippet:-1","max-image-preview":"max-image-preview:large","max-video-preview":"max-video-preview:-1"},"canonical":"https:\/\/animo.eu\/de\/uber_animo\/auftrag-vision-und-grundwerte\/","og_locale":"de_DE","og_type":"article","og_title":"Auftrag, Vision und Grundwerte -","og_description":"Auftrag, Vision und Grundwerte - Wir stellen hochwertige Kaffeezubereitungssysteme und -maschinen f\u00fcr Menschen her, die guten Kaffee servieren m\u00f6chten.","og_url":"https:\/\/animo.eu\/de\/uber_animo\/auftrag-vision-und-grundwerte\/","article_publisher":"https:\/\/www.facebook.com\/animobv\/","article_modified_time":"2024-05-08T05:55:54+00:00","og_image":[{"width":491,"height":491,"url":"https:\/\/animo.eu\/wp-content\/uploads\/2024\/03\/Misie-en-visie-vierkant.jpg","type":"image\/jpeg"}],"twitter_card":"summary_large_image","twitter_site":"@animokoffie","twitter_misc":{"Gesch\u00e4tzte Lesezeit":"1\u00a0Minute"},"schema":{"@context":"https:\/\/schema.org","@graph":[{"@type":"WebPage","@id":"https:\/\/animo.eu\/de\/uber_animo\/auftrag-vision-und-grundwerte\/","url":"https:\/\/animo.eu\/de\/uber_animo\/auftrag-vision-und-grundwerte\/","name":"Auftrag, Vision und Grundwerte -","isPartOf":{"@id":"https:\/\/animo.eu\/de\/#website"},"primaryImageOfPage":{"@id":"https:\/\/animo.eu\/de\/uber_animo\/auftrag-vision-und-grundwerte\/#primaryimage"},"image":{"@id":"https:\/\/animo.eu\/de\/uber_animo\/auftrag-vision-und-grundwerte\/#primaryimage"},"thumbnailUrl":"https:\/\/animo.eu\/wp-content\/uploads\/2024\/03\/Misie-en-visie-vierkant.jpg","datePublished":"2024-03-21T10:24:56+00:00","dateModified":"2024-05-08T05:55:54+00:00","description":"Auftrag, Vision und Grundwerte - Wir stellen hochwertige Kaffeezubereitungssysteme und -maschinen f\u00fcr Menschen her, die guten Kaffee servieren m\u00f6chten.","breadcrumb":{"@id":"https:\/\/animo.eu\/de\/uber_animo\/auftrag-vision-und-grundwerte\/#breadcrumb"},"inLanguage":"de","potentialAction":[{"@type":"ReadAction","target":["https:\/\/animo.eu\/de\/uber_animo\/auftrag-vision-und-grundwerte\/"]}]},{"@type":"ImageObject","inLanguage":"de","@id":"https:\/\/animo.eu\/de\/uber_animo\/auftrag-vision-und-grundwerte\/#primaryimage","url":"https:\/\/animo.eu\/wp-content\/uploads\/2024\/03\/Misie-en-visie-vierkant.jpg","contentUrl":"https:\/\/animo.eu\/wp-content\/uploads\/2024\/03\/Misie-en-visie-vierkant.jpg","width":491,"height":491},{"@type":"BreadcrumbList","@id":"https:\/\/animo.eu\/de\/uber_animo\/auftrag-vision-und-grundwerte\/#breadcrumb","itemListElement":[{"@type":"ListItem","position":1,"name":"Home","item":"https:\/\/animo.eu\/de\/"},{"@type":"ListItem","position":2,"name":"\u00dcber Animo","item":"https:\/\/animo.eu\/de\/uber_animo\/"},{"@type":"ListItem","position":3,"name":"Auftrag, Vision und Grundwerte"}]},{"@type":"WebSite","@id":"https:\/\/animo.eu\/de\/#website","url":"https:\/\/animo.eu\/de\/","name":"","description":"","potentialAction":[{"@type":"SearchAction","target":{"@type":"EntryPoint","urlTemplate":"https:\/\/animo.eu\/de\/?s={search_term_string}"},"query-input":{"@type":"PropertyValueSpecification","valueRequired":true,"valueName":"search_term_string"}}],"inLanguage":"de"}]}},"_links":{"self":[{"href":"https:\/\/animo.eu\/de\/wp-json\/wp\/v2\/pages\/56682"}],"collection":[{"href":"https:\/\/animo.eu\/de\/wp-json\/wp\/v2\/pages"}],"about":[{"href":"https:\/\/animo.eu\/de\/wp-json\/wp\/v2\/types\/page"}],"author":[{"embeddable":true,"href":"https:\/\/animo.eu\/de\/wp-json\/wp\/v2\/users\/21"}],"replies":[{"embeddable":true,"href":"https:\/\/animo.eu\/de\/wp-json\/wp\/v2\/comments?post=56682"}],"version-history":[{"count":6,"href":"https:\/\/animo.eu\/de\/wp-json\/wp\/v2\/pages\/56682\/revisions"}],"predecessor-version":[{"id":68918,"href":"https:\/\/animo.eu\/de\/wp-json\/wp\/v2\/pages\/56682\/revisions\/68918"}],"up":[{"embeddable":true,"href":"https:\/\/animo.eu\/de\/wp-json\/wp\/v2\/pages\/43614"}],"wp:featuredmedia":[{"embeddable":true,"href":"https:\/\/animo.eu\/de\/wp-json\/wp\/v2\/media\/56717"}],"wp:attachment":[{"href":"https:\/\/animo.eu\/de\/wp-json\/wp\/v2\/media?parent=56682"}],"curies":[{"name":"wp","href":"https:\/\/api.w.org\/{rel}","templated":true}]}}