{"id":76519,"date":"2023-02-14T09:30:27","date_gmt":"2023-02-14T08:30:27","guid":{"rendered":"https:\/\/animo.eu\/uber_animo\/arbeiten-bei-animo\/"},"modified":"2025-02-18T10:43:34","modified_gmt":"2025-02-18T09:43:34","slug":"arbeiten-bei-animo","status":"publish","type":"page","link":"https:\/\/animo.eu\/de\/uber_animo\/arbeiten-bei-animo\/","title":{"rendered":"Arbeiten bei Animo"},"content":{"rendered":"\n<section  class=\"pane pane--white \">\n    <div class=\"container\">\n        <div class=\"row g-4 g-lg-8 g-xl-15 justify-content-center\">\n                                                <div class=\"col-12 col-lg-8\">\n                        <div class=\"pane__text\">\n                            <h2>Professionelle Arbeitsumgebung<\/h2>\n<p>Die Arbeit bei Animo ist gleichbedeutend mit einem sozialen und herausfordernden Umfeld. Sie tragen zur Entwicklung und Produktion eines technisch sch\u00f6nen und hochwertigen Produkts bei. Dieser Beitrag kann sich in einer technischen, administrativen oder kaufm\u00e4nnischen Position niederschlagen.<\/p>\n<p>Bei Animo gibt es viele M\u00f6glichkeiten, sich weiterzuentwickeln und schlie\u00dflich eine herausfordernde und unabh\u00e4ngige Position einzunehmen. Bei Animo gibt es eine soziale und informelle Kultur, die dazu beitr\u00e4gt, dass die Arbeit mit den Kollegen Spa\u00df macht.<\/p>\n                                                    <\/div>\n                    <\/div>\n                                    <\/div>\n    <\/div>\n<\/section>\n\n<section  class=\"pane pane--white \">\n    <div class=\"container\">\n        <div class=\"row g-4 justify-content-center\">\n            <div class=\"col-12 col-lg-10 col-xl-8\">\n                <h2>Unser Stellenangebot<\/h2>\n            <\/div>\n            <div class=\"col-12 col-lg-10 col-xl-8\">\n                <ul class=\"list list--blocks\">\n                                    <\/ul>\n            <\/div>\n        <\/div>\n    <\/div>\n<\/section>\n\n<section  class=\"pane pane--white \">\n    <div class=\"container\">\n        <div class=\"row g-4 g-lg-8 g-xl-15 justify-content-center\">\n                                                <div class=\"col-12 col-lg-8\">\n                        <div class=\"pane__text\">\n                            <h2>Internationales Unternehmen<\/h2>\n<p>Animo ist ein internationales Unternehmen mit Auslandsniederlassungen in Deutschland, Belgien und Frankreich. Animo exportiert in mehr als 100 L\u00e4nder.<\/p>\n<p>Animo besch\u00e4ftigt rund 165 Mitarbeiter. Sie alle haben eines gemeinsam, was das Unternehmen wettbewerbsf\u00e4hig und herausfordernd macht: Sie engagieren sich voll und ganz f\u00fcr die Zukunft von Animo.<\/p>\n                                                    <\/div>\n                    <\/div>\n                                    <\/div>\n    <\/div>\n<\/section>\n","protected":false},"excerpt":{"rendered":"","protected":false},"author":1,"featured_media":44185,"parent":43614,"menu_order":22,"comment_status":"closed","ping_status":"closed","template":"","meta":{"_acf_changed":false,"footnotes":""},"class_list":["post-76519","page","type-page","status-publish","has-post-thumbnail","hentry"],"acf":[],"yoast_head":"<!-- This site is optimized with the Yoast SEO plugin v25.5 - https:\/\/yoast.com\/wordpress\/plugins\/seo\/ -->\n<title>Arbeiten bei Animo -<\/title>\n<meta name=\"description\" content=\"Arbeiten bei Animo - Arbeiten bei Animo bedeutet, in einem sozialen und herausfordernden Umfeld zu arbeiten. Sie tragen zur Entwicklung und Herstellung eines technischen und qualitativ hochwertigen Produkts bei.\" \/>\n<meta name=\"robots\" content=\"index, follow, max-snippet:-1, max-image-preview:large, max-video-preview:-1\" \/>\n<link rel=\"canonical\" href=\"https:\/\/animo.eu\/de\/uber_animo\/arbeiten-bei-animo\/\" \/>\n<meta property=\"og:locale\" content=\"de_DE\" \/>\n<meta property=\"og:type\" content=\"article\" \/>\n<meta property=\"og:title\" content=\"Arbeiten bei Animo -\" \/>\n<meta property=\"og:description\" content=\"Arbeiten bei Animo - Arbeiten bei Animo bedeutet, in einem sozialen und herausfordernden Umfeld zu arbeiten. Sie tragen zur Entwicklung und Herstellung eines technischen und qualitativ hochwertigen Produkts bei.\" \/>\n<meta property=\"og:url\" content=\"https:\/\/animo.eu\/de\/uber_animo\/arbeiten-bei-animo\/\" \/>\n<meta property=\"article:publisher\" content=\"https:\/\/www.facebook.com\/animobv\/\" \/>\n<meta property=\"article:modified_time\" content=\"2025-02-18T09:43:34+00:00\" \/>\n<meta property=\"og:image\" content=\"https:\/\/animo.eu\/wp-content\/uploads\/2024\/01\/Monique.jpg\" \/>\n\t<meta property=\"og:image:width\" content=\"491\" \/>\n\t<meta property=\"og:image:height\" content=\"491\" \/>\n\t<meta property=\"og:image:type\" content=\"image\/jpeg\" \/>\n<meta name=\"twitter:card\" content=\"summary_large_image\" \/>\n<meta name=\"twitter:site\" content=\"@animokoffie\" \/>\n<meta name=\"twitter:label1\" content=\"Gesch\u00e4tzte Lesezeit\" \/>\n\t<meta name=\"twitter:data1\" content=\"1\u00a0Minute\" \/>\n<script type=\"application\/ld+json\" class=\"yoast-schema-graph\">{\"@context\":\"https:\/\/schema.org\",\"@graph\":[{\"@type\":\"WebPage\",\"@id\":\"https:\/\/animo.eu\/de\/uber_animo\/arbeiten-bei-animo\/\",\"url\":\"https:\/\/animo.eu\/de\/uber_animo\/arbeiten-bei-animo\/\",\"name\":\"Arbeiten bei Animo -\",\"isPartOf\":{\"@id\":\"https:\/\/animo.eu\/de\/#website\"},\"primaryImageOfPage\":{\"@id\":\"https:\/\/animo.eu\/de\/uber_animo\/arbeiten-bei-animo\/#primaryimage\"},\"image\":{\"@id\":\"https:\/\/animo.eu\/de\/uber_animo\/arbeiten-bei-animo\/#primaryimage\"},\"thumbnailUrl\":\"https:\/\/animo.eu\/wp-content\/uploads\/2024\/01\/Monique.jpg\",\"datePublished\":\"2023-02-14T08:30:27+00:00\",\"dateModified\":\"2025-02-18T09:43:34+00:00\",\"description\":\"Arbeiten bei Animo - Arbeiten bei Animo bedeutet, in einem sozialen und herausfordernden Umfeld zu arbeiten. Sie tragen zur Entwicklung und Herstellung eines technischen und qualitativ hochwertigen Produkts bei.\",\"breadcrumb\":{\"@id\":\"https:\/\/animo.eu\/de\/uber_animo\/arbeiten-bei-animo\/#breadcrumb\"},\"inLanguage\":\"de\",\"potentialAction\":[{\"@type\":\"ReadAction\",\"target\":[\"https:\/\/animo.eu\/de\/uber_animo\/arbeiten-bei-animo\/\"]}]},{\"@type\":\"ImageObject\",\"inLanguage\":\"de\",\"@id\":\"https:\/\/animo.eu\/de\/uber_animo\/arbeiten-bei-animo\/#primaryimage\",\"url\":\"https:\/\/animo.eu\/wp-content\/uploads\/2024\/01\/Monique.jpg\",\"contentUrl\":\"https:\/\/animo.eu\/wp-content\/uploads\/2024\/01\/Monique.jpg\",\"width\":491,\"height\":491},{\"@type\":\"BreadcrumbList\",\"@id\":\"https:\/\/animo.eu\/de\/uber_animo\/arbeiten-bei-animo\/#breadcrumb\",\"itemListElement\":[{\"@type\":\"ListItem\",\"position\":1,\"name\":\"Home\",\"item\":\"https:\/\/animo.eu\/de\/\"},{\"@type\":\"ListItem\",\"position\":2,\"name\":\"\u00dcber Animo\",\"item\":\"https:\/\/animo.eu\/de\/uber_animo\/\"},{\"@type\":\"ListItem\",\"position\":3,\"name\":\"Arbeiten bei Animo\"}]},{\"@type\":\"WebSite\",\"@id\":\"https:\/\/animo.eu\/de\/#website\",\"url\":\"https:\/\/animo.eu\/de\/\",\"name\":\"\",\"description\":\"\",\"potentialAction\":[{\"@type\":\"SearchAction\",\"target\":{\"@type\":\"EntryPoint\",\"urlTemplate\":\"https:\/\/animo.eu\/de\/?s={search_term_string}\"},\"query-input\":{\"@type\":\"PropertyValueSpecification\",\"valueRequired\":true,\"valueName\":\"search_term_string\"}}],\"inLanguage\":\"de\"}]}<\/script>\n<!-- \/ Yoast SEO plugin. -->","yoast_head_json":{"title":"Arbeiten bei Animo -","description":"Arbeiten bei Animo - Arbeiten bei Animo bedeutet, in einem sozialen und herausfordernden Umfeld zu arbeiten. Sie tragen zur Entwicklung und Herstellung eines technischen und qualitativ hochwertigen Produkts bei.","robots":{"index":"index","follow":"follow","max-snippet":"max-snippet:-1","max-image-preview":"max-image-preview:large","max-video-preview":"max-video-preview:-1"},"canonical":"https:\/\/animo.eu\/de\/uber_animo\/arbeiten-bei-animo\/","og_locale":"de_DE","og_type":"article","og_title":"Arbeiten bei Animo -","og_description":"Arbeiten bei Animo - Arbeiten bei Animo bedeutet, in einem sozialen und herausfordernden Umfeld zu arbeiten. Sie tragen zur Entwicklung und Herstellung eines technischen und qualitativ hochwertigen Produkts bei.","og_url":"https:\/\/animo.eu\/de\/uber_animo\/arbeiten-bei-animo\/","article_publisher":"https:\/\/www.facebook.com\/animobv\/","article_modified_time":"2025-02-18T09:43:34+00:00","og_image":[{"width":491,"height":491,"url":"https:\/\/animo.eu\/wp-content\/uploads\/2024\/01\/Monique.jpg","type":"image\/jpeg"}],"twitter_card":"summary_large_image","twitter_site":"@animokoffie","twitter_misc":{"Gesch\u00e4tzte Lesezeit":"1\u00a0Minute"},"schema":{"@context":"https:\/\/schema.org","@graph":[{"@type":"WebPage","@id":"https:\/\/animo.eu\/de\/uber_animo\/arbeiten-bei-animo\/","url":"https:\/\/animo.eu\/de\/uber_animo\/arbeiten-bei-animo\/","name":"Arbeiten bei Animo -","isPartOf":{"@id":"https:\/\/animo.eu\/de\/#website"},"primaryImageOfPage":{"@id":"https:\/\/animo.eu\/de\/uber_animo\/arbeiten-bei-animo\/#primaryimage"},"image":{"@id":"https:\/\/animo.eu\/de\/uber_animo\/arbeiten-bei-animo\/#primaryimage"},"thumbnailUrl":"https:\/\/animo.eu\/wp-content\/uploads\/2024\/01\/Monique.jpg","datePublished":"2023-02-14T08:30:27+00:00","dateModified":"2025-02-18T09:43:34+00:00","description":"Arbeiten bei Animo - Arbeiten bei Animo bedeutet, in einem sozialen und herausfordernden Umfeld zu arbeiten. Sie tragen zur Entwicklung und Herstellung eines technischen und qualitativ hochwertigen Produkts bei.","breadcrumb":{"@id":"https:\/\/animo.eu\/de\/uber_animo\/arbeiten-bei-animo\/#breadcrumb"},"inLanguage":"de","potentialAction":[{"@type":"ReadAction","target":["https:\/\/animo.eu\/de\/uber_animo\/arbeiten-bei-animo\/"]}]},{"@type":"ImageObject","inLanguage":"de","@id":"https:\/\/animo.eu\/de\/uber_animo\/arbeiten-bei-animo\/#primaryimage","url":"https:\/\/animo.eu\/wp-content\/uploads\/2024\/01\/Monique.jpg","contentUrl":"https:\/\/animo.eu\/wp-content\/uploads\/2024\/01\/Monique.jpg","width":491,"height":491},{"@type":"BreadcrumbList","@id":"https:\/\/animo.eu\/de\/uber_animo\/arbeiten-bei-animo\/#breadcrumb","itemListElement":[{"@type":"ListItem","position":1,"name":"Home","item":"https:\/\/animo.eu\/de\/"},{"@type":"ListItem","position":2,"name":"\u00dcber Animo","item":"https:\/\/animo.eu\/de\/uber_animo\/"},{"@type":"ListItem","position":3,"name":"Arbeiten bei Animo"}]},{"@type":"WebSite","@id":"https:\/\/animo.eu\/de\/#website","url":"https:\/\/animo.eu\/de\/","name":"","description":"","potentialAction":[{"@type":"SearchAction","target":{"@type":"EntryPoint","urlTemplate":"https:\/\/animo.eu\/de\/?s={search_term_string}"},"query-input":{"@type":"PropertyValueSpecification","valueRequired":true,"valueName":"search_term_string"}}],"inLanguage":"de"}]}},"_links":{"self":[{"href":"https:\/\/animo.eu\/de\/wp-json\/wp\/v2\/pages\/76519"}],"collection":[{"href":"https:\/\/animo.eu\/de\/wp-json\/wp\/v2\/pages"}],"about":[{"href":"https:\/\/animo.eu\/de\/wp-json\/wp\/v2\/types\/page"}],"author":[{"embeddable":true,"href":"https:\/\/animo.eu\/de\/wp-json\/wp\/v2\/users\/1"}],"replies":[{"embeddable":true,"href":"https:\/\/animo.eu\/de\/wp-json\/wp\/v2\/comments?post=76519"}],"version-history":[{"count":1,"href":"https:\/\/animo.eu\/de\/wp-json\/wp\/v2\/pages\/76519\/revisions"}],"predecessor-version":[{"id":76520,"href":"https:\/\/animo.eu\/de\/wp-json\/wp\/v2\/pages\/76519\/revisions\/76520"}],"up":[{"embeddable":true,"href":"https:\/\/animo.eu\/de\/wp-json\/wp\/v2\/pages\/43614"}],"wp:featuredmedia":[{"embeddable":true,"href":"https:\/\/animo.eu\/de\/wp-json\/wp\/v2\/media\/44185"}],"wp:attachment":[{"href":"https:\/\/animo.eu\/de\/wp-json\/wp\/v2\/media?parent=76519"}],"curies":[{"name":"wp","href":"https:\/\/api.w.org\/{rel}","templated":true}]}}