{"id":1680,"date":"2023-02-02T11:44:47","date_gmt":"2023-02-02T10:44:47","guid":{"rendered":"http:\/\/localhost:8888\/animo\/home\/"},"modified":"2024-06-05T13:54:59","modified_gmt":"2024-06-05T11:54:59","slug":"home","status":"publish","type":"page","link":"https:\/\/animo.eu\/fi\/","title":{"rendered":"Etusivu"},"content":{"rendered":"\n<section class=\"hero\">\n    <div class=\"hero__background\">\n                                            <video class=\"hero__video\" autoplay loop muted playsinline>\n                    <source src=\"https:\/\/animo.eu\/wp-content\/uploads\/2024\/05\/Optime_X_zonder_logo_3840x2160.mp4\" type=\"video\/mp4\">\n                <\/video>\n                <script>\n                (function(){\n                var width = window.innerWidth || document.documentElement.clientWidth || document.body.clientWidth;\n                var height = window.innerHeight || document.documentElement.clientHeight || document.body.clientHeight;\n                if (width < 600)\n                    document.querySelector(\"video source\").setAttribute('src', 'https:\/\/animo.eu\/wp-content\/uploads\/2024\/05\/Optime_X_banner-2520x1080-1.mp4');\n                else if (width < 992)\n                    document.querySelector(\"video source\").setAttribute('src', 'https:\/\/animo.eu\/wp-content\/uploads\/2024\/05\/Optime_X_square_2160x2160.mp4');\n                })();<\/script>\n                        <\/div>    \n            <div class=\"hero__content\">\n            <div class=\"container\">\n                <div class=\"row\">                    <div class=\"col-12 col-lg-9 col-xl-8\">                        <div class=\"hero__text \">\n                            <p>Uusin kahvinkeitin<\/p>\n<h1>OptiMe X<\/h1>\n                        <\/div>\n                                                \n\n    <div class=\"pane__button-group\">\n        <div class=\"row g-2 g-lg-3 justify-content-start\">\n                            <div class=\"col-auto\">\n                                        <a class=\"btn btn-white\" href=\"https:\/\/animo.eu\/fi\/kahvinkeittimet\/optime-x\/\" target=\"_self\">\n                        <span class=\"btn__text\">Tutustu tarkemmin<\/span>\n                        <svg class=\"icon icon--20 icon--arrow\">\n                            <use xlink:href=\"https:\/\/animo.eu\/wp-content\/themes\/animo\/build\/img\/symbols.svg#arrow-right\"><\/use>\n                        <\/svg>\n                    <\/a>\n                <\/div>\n                    <\/div>\n    <\/div>\n\n\n                    <\/div>\n                <\/div>\n            <\/div>\n        <\/div>\n        <div class=\"hero__scroll\">\n        <span>Scroll<\/span>\n        <svg class=\"icon icon--20 text-secondary\">\n            <use xlink:href=\"https:\/\/animo.eu\/wp-content\/themes\/animo\/build\/img\/symbols.svg#arrow-down\"><\/use>\n        <\/svg>      \n    <\/div>\n<\/section>\n\n\n\n<section  class=\"pane pane--white \">\n    <div class=\"container\">\n                    <div class=\"row justify-content-center mb-10\">\n                <div class=\"col-12 col-lg-10 col-xl-8\">\n                    <div class=\"pane__text\">\n                        <h2 style=\"text-align: center\">Suosikkituotteet<\/h2>\n<p style=\"text-align: center\">Autamme sinua mielell\u00e4mme etsim\u00e4\u00e4n maukkainta kahvia.<\/p>\n                    <\/div>\n                <\/div>\n            <\/div>\n                            <div class=\"row row--equalized g-4 g-lg-3 g-xl-6\">\n              \n                <div class=\"col-12 col-md-6 col-lg-3\">\n                    <div class=\"card card--product\">\n                        <div class=\"card-header\">\n                <div class=\"badge bg-tertiary\">Pavut (espresso)<\/div>\n            <\/div>\n                <div class=\"card__image\">\n                    <img decoding=\"async\" width=\"550\" height=\"458\" src=\"https:\/\/animo.eu\/wp-content\/uploads\/2024\/05\/OptiMe-X-white_black-550x458.png\" class=\"image wp-post-image\" alt=\"\" loading=\"lazy\" srcset=\"https:\/\/animo.eu\/wp-content\/uploads\/2024\/05\/OptiMe-X-white_black-550x458.png 550w, https:\/\/animo.eu\/wp-content\/uploads\/2024\/05\/OptiMe-X-white_black-300x250.png 300w, https:\/\/animo.eu\/wp-content\/uploads\/2024\/05\/OptiMe-X-white_black-1024x852.png 1024w, https:\/\/animo.eu\/wp-content\/uploads\/2024\/05\/OptiMe-X-white_black-768x639.png 768w, https:\/\/animo.eu\/wp-content\/uploads\/2024\/05\/OptiMe-X-white_black-1536x1279.png 1536w, https:\/\/animo.eu\/wp-content\/uploads\/2024\/05\/OptiMe-X-white_black-70x58.png 70w, https:\/\/animo.eu\/wp-content\/uploads\/2024\/05\/OptiMe-X-white_black-800x666.png 800w, https:\/\/animo.eu\/wp-content\/uploads\/2024\/05\/OptiMe-X-white_black-120x100.png 120w, https:\/\/animo.eu\/wp-content\/uploads\/2024\/05\/OptiMe-X-white_black-150x125.png 150w, https:\/\/animo.eu\/wp-content\/uploads\/2024\/05\/OptiMe-X-white_black.png 1772w\" sizes=\"(max-width: 550px) 100vw, 550px\" \/>                <\/div>\n    <div class=\"card-body\">\n        <h3 class=\"card-title\">OptiMe X<\/h3>\n                    <p class=\"mb-0\">OptiMe X:n avulla voit helposti valmistaa kaksi kupillista samanaikaisesti. T\u00e4m\u00e4 on mahdollista X-press-keittimen ansiosta. T\u00e4ydellinen kahvi ei ole koskaan ollut helpompaa.<\/p>\n            <\/div>\n    <div class=\"card-footer\">\n        <span class=\"btn btn-outline-secondary\">\n            <span class=\"btn__text\">Lis\u00e4tietoja<\/span>\n            <svg class=\"icon icon--20 icon--arrow\">\n                <use xlink:href=\"https:\/\/animo.eu\/wp-content\/themes\/animo\/build\/img\/symbols.svg#arrow-right\"><\/use>\n            <\/svg>\n        <\/span>\n    <\/div>\n    <a class=\"stretched-link\" href=\"https:\/\/animo.eu\/fi\/kahvinkeittimet\/optime-x\/\"><\/a>\n<\/div>\n                <\/div>\n              \n                <div class=\"col-12 col-md-6 col-lg-3\">\n                    <div class=\"card card--product\">\n                        <div class=\"card-header\">\n                <div class=\"badge bg-tertiary\">Pavut (espresso)<\/div>\n            <\/div>\n                <div class=\"card__image\">\n                    <img decoding=\"async\" width=\"550\" height=\"458\" src=\"https:\/\/animo.eu\/wp-content\/uploads\/2023\/06\/OptiBean-X-550x458.png\" class=\"image wp-post-image\" alt=\"\" loading=\"lazy\" srcset=\"https:\/\/animo.eu\/wp-content\/uploads\/2023\/06\/OptiBean-X-550x458.png 550w, https:\/\/animo.eu\/wp-content\/uploads\/2023\/06\/OptiBean-X-300x250.png 300w, https:\/\/animo.eu\/wp-content\/uploads\/2023\/06\/OptiBean-X-1024x852.png 1024w, https:\/\/animo.eu\/wp-content\/uploads\/2023\/06\/OptiBean-X-768x639.png 768w, https:\/\/animo.eu\/wp-content\/uploads\/2023\/06\/OptiBean-X-1536x1279.png 1536w, https:\/\/animo.eu\/wp-content\/uploads\/2023\/06\/OptiBean-X-70x58.png 70w, https:\/\/animo.eu\/wp-content\/uploads\/2023\/06\/OptiBean-X-120x100.png 120w, https:\/\/animo.eu\/wp-content\/uploads\/2023\/06\/OptiBean-X-150x125.png 150w, https:\/\/animo.eu\/wp-content\/uploads\/2023\/06\/OptiBean-X.png 1772w\" sizes=\"(max-width: 550px) 100vw, 550px\" \/>                <\/div>\n    <div class=\"card-body\">\n        <h3 class=\"card-title\">OptiBean X<\/h3>\n                    <p class=\"mb-0\">Vahva espresso, t\u00e4ydellinen cappuccino, herkullinen lungo - mit\u00e4 tahansa juotkin, todellinen maku piilee pieniss\u00e4 yksityiskohdissa. Juuri t\u00e4t\u00e4 OptiBean X tarjoaa.<\/p>\n            <\/div>\n    <div class=\"card-footer\">\n        <span class=\"btn btn-outline-secondary\">\n            <span class=\"btn__text\">Lis\u00e4tietoja<\/span>\n            <svg class=\"icon icon--20 icon--arrow\">\n                <use xlink:href=\"https:\/\/animo.eu\/wp-content\/themes\/animo\/build\/img\/symbols.svg#arrow-right\"><\/use>\n            <\/svg>\n        <\/span>\n    <\/div>\n    <a class=\"stretched-link\" href=\"https:\/\/animo.eu\/fi\/kahvinkeittimet\/optibean-x\/\"><\/a>\n<\/div>\n                <\/div>\n              \n                <div class=\"col-12 col-md-6 col-lg-3\">\n                    <div class=\"card card--product\">\n                        <div class=\"card-header\">\n                <div class=\"badge bg-tertiary\">Instant<\/div>\n            <\/div>\n                <div class=\"card__image\">\n                    <img decoding=\"async\" width=\"550\" height=\"458\" src=\"https:\/\/animo.eu\/wp-content\/uploads\/2023\/06\/OptiVend-Touch-550x458.png\" class=\"image wp-post-image\" alt=\"\" loading=\"lazy\" srcset=\"https:\/\/animo.eu\/wp-content\/uploads\/2023\/06\/OptiVend-Touch-550x458.png 550w, https:\/\/animo.eu\/wp-content\/uploads\/2023\/06\/OptiVend-Touch-300x250.png 300w, https:\/\/animo.eu\/wp-content\/uploads\/2023\/06\/OptiVend-Touch-1024x852.png 1024w, https:\/\/animo.eu\/wp-content\/uploads\/2023\/06\/OptiVend-Touch-768x639.png 768w, https:\/\/animo.eu\/wp-content\/uploads\/2023\/06\/OptiVend-Touch-1536x1279.png 1536w, https:\/\/animo.eu\/wp-content\/uploads\/2023\/06\/OptiVend-Touch-70x58.png 70w, https:\/\/animo.eu\/wp-content\/uploads\/2023\/06\/OptiVend-Touch-120x100.png 120w, https:\/\/animo.eu\/wp-content\/uploads\/2023\/06\/OptiVend-Touch-150x125.png 150w, https:\/\/animo.eu\/wp-content\/uploads\/2023\/06\/OptiVend-Touch.png 1772w\" sizes=\"(max-width: 550px) 100vw, 550px\" \/>                <\/div>\n    <div class=\"card-body\">\n        <h3 class=\"card-title\">OptiVend<\/h3>\n                    <p class=\"mb-0\">Koe OptiVendin teho. Nauti pikakahvia sekunneissa, t\u00e4ydellisen makuisena ja l\u00e4mpim\u00e4n\u00e4. Mihin aikaan p\u00e4iv\u00e4st\u00e4 tahansa.  <\/p>\n            <\/div>\n    <div class=\"card-footer\">\n        <span class=\"btn btn-outline-secondary\">\n            <span class=\"btn__text\">Lis\u00e4tietoja<\/span>\n            <svg class=\"icon icon--20 icon--arrow\">\n                <use xlink:href=\"https:\/\/animo.eu\/wp-content\/themes\/animo\/build\/img\/symbols.svg#arrow-right\"><\/use>\n            <\/svg>\n        <\/span>\n    <\/div>\n    <a class=\"stretched-link\" href=\"https:\/\/animo.eu\/fi\/kahvinkeittimet\/optivend\/\"><\/a>\n<\/div>\n                <\/div>\n              \n                <div class=\"col-12 col-md-6 col-lg-3\">\n                    <div class=\"card card--product\">\n                        <div class=\"card-header\">\n                <div class=\"badge bg-tertiary\">Suurpanimo<\/div>\n            <\/div>\n                <div class=\"card__image\">\n                    <img decoding=\"async\" width=\"550\" height=\"458\" src=\"https:\/\/animo.eu\/wp-content\/uploads\/2023\/08\/Combi-line-product-550x458.png\" class=\"image wp-post-image\" alt=\"\" loading=\"lazy\" srcset=\"https:\/\/animo.eu\/wp-content\/uploads\/2023\/08\/Combi-line-product-550x458.png 550w, https:\/\/animo.eu\/wp-content\/uploads\/2023\/08\/Combi-line-product-300x250.png 300w, https:\/\/animo.eu\/wp-content\/uploads\/2023\/08\/Combi-line-product-1024x852.png 1024w, https:\/\/animo.eu\/wp-content\/uploads\/2023\/08\/Combi-line-product-768x639.png 768w, https:\/\/animo.eu\/wp-content\/uploads\/2023\/08\/Combi-line-product-1536x1279.png 1536w, https:\/\/animo.eu\/wp-content\/uploads\/2023\/08\/Combi-line-product-70x58.png 70w, https:\/\/animo.eu\/wp-content\/uploads\/2023\/08\/Combi-line-product-800x666.png 800w, https:\/\/animo.eu\/wp-content\/uploads\/2023\/08\/Combi-line-product-120x100.png 120w, https:\/\/animo.eu\/wp-content\/uploads\/2023\/08\/Combi-line-product-150x125.png 150w, https:\/\/animo.eu\/wp-content\/uploads\/2023\/08\/Combi-line-product.png 1772w\" sizes=\"(max-width: 550px) 100vw, 550px\" \/>                <\/div>\n    <div class=\"card-body\">\n        <h3 class=\"card-title\">ComBi-line<\/h3>\n                    <p class=\"mb-0\">ComBi-line-kahvinkeittimill\u00e4 voit valmistaa suuria m\u00e4\u00e4ri\u00e4 tuoretta suodatinkahvia helposti ja lyhyess\u00e4 ajassa.<\/p>\n            <\/div>\n    <div class=\"card-footer\">\n        <span class=\"btn btn-outline-secondary\">\n            <span class=\"btn__text\">Lis\u00e4tietoja<\/span>\n            <svg class=\"icon icon--20 icon--arrow\">\n                <use xlink:href=\"https:\/\/animo.eu\/wp-content\/themes\/animo\/build\/img\/symbols.svg#arrow-right\"><\/use>\n            <\/svg>\n        <\/span>\n    <\/div>\n    <a class=\"stretched-link\" href=\"https:\/\/animo.eu\/fi\/suurpanimo\/kahvinkeittimet\/\"><\/a>\n<\/div>\n                <\/div>\n                        <\/div>\n                        <\/div>\n<\/section>\n\n\n\n<section  class=\"pane pane--white \">\n    <div class=\"container\">\n        <div class=\"row g-4 g-lg-8 g-xl-15 g-xxl-20 align-items-center flex-lg-row-reverse\">\n                            <div class=\"col-12 col-lg-6\">\n                    <div class=\"pane__text\">\n                        <h2>Me olemme Animo<\/h2>\n<p>Valmistamme korkealaatuisia kahvinkeitinj\u00e4rjestelmi\u00e4 ja -koneita ihmisille, jotka haluavat tarjota hyv\u00e4\u00e4 kahvia. K\u00e4ytt\u00e4j\u00e4yst\u00e4v\u00e4lliset laitteet, joissa on monia vaihtoehtoja, jotka ovat helppohoitoisia ja pitk\u00e4ik\u00e4isi\u00e4. Koneet, jotka valmistavat loistavaa kahvia kerta toisensa j\u00e4lkeen. Mutta my\u00f6s teet\u00e4, suklaamaitoa tai keittoa. Olemme tehneet t\u00e4t\u00e4 vuodesta 1950 l\u00e4htien. Kotimaassa ja ulkomailla. Koska hyv\u00e4 kahvi on kiinni hyv\u00e4st\u00e4 kahvinkeittimest\u00e4. Ja hyv\u00e4 kone on kokemusta, tietoa ja omistautumista.<\/p>\n<ul>\n<li>Valmistettu Alankomaissa<\/li>\n<li>Maailmanlaajuinen jakelu<\/li>\n<li>Oma huolto- ja tukiosasto<\/li>\n<li>Kest\u00e4v\u00e4 valinta<\/li>\n<\/ul>\n                                                \n\n    <div class=\"pane__button-group\">\n        <div class=\"row g-2 g-lg-3 justify-content-start\">\n                            <div class=\"col-auto\">\n                                        <a class=\"btn btn-outline-secondary\" href=\"https:\/\/animo.eu\/fi\/home\/tietoja-animosta\/\" target=\"_self\">\n                        <span class=\"btn__text\">Lis\u00e4tietoa<\/span>\n                        <svg class=\"icon icon--20 icon--arrow\">\n                            <use xlink:href=\"https:\/\/animo.eu\/wp-content\/themes\/animo\/build\/img\/symbols.svg#arrow-right\"><\/use>\n                        <\/svg>\n                    <\/a>\n                <\/div>\n                    <\/div>\n    <\/div>\n\n\n                    <\/div>\n                <\/div>\n                                        <div class=\"col-12 col-lg\">\n                    <figure class=\"figure image_reversed\">\n                        <img decoding=\"async\" width=\"1024\" height=\"757\" src=\"https:\/\/animo.eu\/wp-content\/uploads\/2023\/06\/Animo-fabriek-vroeger-1024x757.jpg\" class=\"img-fluid\" alt=\"\" loading=\"lazy\" srcset=\"https:\/\/animo.eu\/wp-content\/uploads\/2023\/06\/Animo-fabriek-vroeger-1024x757.jpg 1024w, https:\/\/animo.eu\/wp-content\/uploads\/2023\/06\/Animo-fabriek-vroeger-300x222.jpg 300w, https:\/\/animo.eu\/wp-content\/uploads\/2023\/06\/Animo-fabriek-vroeger-768x568.jpg 768w, https:\/\/animo.eu\/wp-content\/uploads\/2023\/06\/Animo-fabriek-vroeger-1536x1135.jpg 1536w, https:\/\/animo.eu\/wp-content\/uploads\/2023\/06\/Animo-fabriek-vroeger-70x52.jpg 70w, https:\/\/animo.eu\/wp-content\/uploads\/2023\/06\/Animo-fabriek-vroeger-550x406.jpg 550w, https:\/\/animo.eu\/wp-content\/uploads\/2023\/06\/Animo-fabriek-vroeger-135x100.jpg 135w, https:\/\/animo.eu\/wp-content\/uploads\/2023\/06\/Animo-fabriek-vroeger-150x111.jpg 150w, https:\/\/animo.eu\/wp-content\/uploads\/2023\/06\/Animo-fabriek-vroeger.jpg 1916w\" sizes=\"(max-width: 1024px) 100vw, 1024px\" \/>                    <\/figure>\n                <\/div>\n                    <\/div>\n    <\/div>\n<\/section>\n","protected":false},"excerpt":{"rendered":"","protected":false},"author":1,"featured_media":4550,"parent":0,"menu_order":84,"comment_status":"closed","ping_status":"closed","template":"","meta":{"_acf_changed":false,"footnotes":""},"class_list":["post-1680","page","type-page","status-publish","has-post-thumbnail","hentry"],"acf":[],"yoast_head":"<!-- This site is optimized with the Yoast SEO plugin v25.5 - https:\/\/yoast.com\/wordpress\/plugins\/seo\/ -->\n<title>Etusivu -<\/title>\n<meta name=\"description\" content=\"Etusivu - Olemme valmistaneet korkealaatuisia ammattik\u00e4ytt\u00f6\u00f6n tarkoitettuja kahvinkeittimi\u00e4 ja kahvinkeittimi\u00e4 vuodesta 1950 l\u00e4htien. K\u00e4ytt\u00e4j\u00e4yst\u00e4v\u00e4llisi\u00e4 laitteita, joissa on monia vaihtoehtoja, jotka ovat helppohoitoisia ja pitk\u00e4ik\u00e4isi\u00e4. Hyv\u00e4 kahvi alkaa hyv\u00e4st\u00e4 kahvinkeittimest\u00e4. Animo DEDICATED TO EVERY CUP.\" \/>\n<meta name=\"robots\" content=\"index, follow, max-snippet:-1, max-image-preview:large, max-video-preview:-1\" \/>\n<link rel=\"canonical\" href=\"https:\/\/animo.eu\/fi\/\" \/>\n<meta property=\"og:locale\" content=\"fi_FI\" \/>\n<meta property=\"og:type\" content=\"article\" \/>\n<meta property=\"og:title\" content=\"Etusivu -\" \/>\n<meta property=\"og:description\" content=\"Etusivu - Olemme valmistaneet korkealaatuisia ammattik\u00e4ytt\u00f6\u00f6n tarkoitettuja kahvinkeittimi\u00e4 ja kahvinkeittimi\u00e4 vuodesta 1950 l\u00e4htien. K\u00e4ytt\u00e4j\u00e4yst\u00e4v\u00e4llisi\u00e4 laitteita, joissa on monia vaihtoehtoja, jotka ovat helppohoitoisia ja pitk\u00e4ik\u00e4isi\u00e4. Hyv\u00e4 kahvi alkaa hyv\u00e4st\u00e4 kahvinkeittimest\u00e4. Animo DEDICATED TO EVERY CUP.\" \/>\n<meta property=\"og:url\" content=\"https:\/\/animo.eu\/fi\/\" \/>\n<meta property=\"article:publisher\" content=\"https:\/\/www.facebook.com\/animobv\/\" \/>\n<meta property=\"article:modified_time\" content=\"2024-06-05T11:54:59+00:00\" \/>\n<meta property=\"og:image\" content=\"https:\/\/animo.eu\/wp-content\/uploads\/2023\/06\/Animo-icon-black.png\" \/>\n\t<meta property=\"og:image:width\" content=\"1000\" \/>\n\t<meta property=\"og:image:height\" content=\"364\" \/>\n\t<meta property=\"og:image:type\" content=\"image\/png\" \/>\n<meta name=\"twitter:card\" content=\"summary_large_image\" \/>\n<meta name=\"twitter:site\" content=\"@animokoffie\" \/>\n<meta name=\"twitter:label1\" content=\"Arvioitu lukuaika\" \/>\n\t<meta name=\"twitter:data1\" content=\"1 minuutti\" \/>\n<script type=\"application\/ld+json\" class=\"yoast-schema-graph\">{\"@context\":\"https:\/\/schema.org\",\"@graph\":[{\"@type\":\"WebPage\",\"@id\":\"https:\/\/animo.eu\/fi\/\",\"url\":\"https:\/\/animo.eu\/fi\/\",\"name\":\"Etusivu -\",\"isPartOf\":{\"@id\":\"https:\/\/animo.eu\/fi\/#website\"},\"primaryImageOfPage\":{\"@id\":\"https:\/\/animo.eu\/fi\/#primaryimage\"},\"image\":{\"@id\":\"https:\/\/animo.eu\/fi\/#primaryimage\"},\"thumbnailUrl\":\"https:\/\/animo.eu\/wp-content\/uploads\/2023\/06\/Animo-icon-black.png\",\"datePublished\":\"2023-02-02T10:44:47+00:00\",\"dateModified\":\"2024-06-05T11:54:59+00:00\",\"description\":\"Etusivu - Olemme valmistaneet korkealaatuisia ammattik\u00e4ytt\u00f6\u00f6n tarkoitettuja kahvinkeittimi\u00e4 ja kahvinkeittimi\u00e4 vuodesta 1950 l\u00e4htien. K\u00e4ytt\u00e4j\u00e4yst\u00e4v\u00e4llisi\u00e4 laitteita, joissa on monia vaihtoehtoja, jotka ovat helppohoitoisia ja pitk\u00e4ik\u00e4isi\u00e4. Hyv\u00e4 kahvi alkaa hyv\u00e4st\u00e4 kahvinkeittimest\u00e4. Animo DEDICATED TO EVERY CUP.\",\"breadcrumb\":{\"@id\":\"https:\/\/animo.eu\/fi\/#breadcrumb\"},\"inLanguage\":\"fi\",\"potentialAction\":[{\"@type\":\"ReadAction\",\"target\":[\"https:\/\/animo.eu\/fi\/\"]}]},{\"@type\":\"ImageObject\",\"inLanguage\":\"fi\",\"@id\":\"https:\/\/animo.eu\/fi\/#primaryimage\",\"url\":\"https:\/\/animo.eu\/wp-content\/uploads\/2023\/06\/Animo-icon-black.png\",\"contentUrl\":\"https:\/\/animo.eu\/wp-content\/uploads\/2023\/06\/Animo-icon-black.png\",\"width\":1000,\"height\":364,\"caption\":\"Animo DEDICATED TO EVERY CUP.\"},{\"@type\":\"BreadcrumbList\",\"@id\":\"https:\/\/animo.eu\/fi\/#breadcrumb\",\"itemListElement\":[{\"@type\":\"ListItem\",\"position\":1,\"name\":\"Home\",\"item\":\"https:\/\/animo.eu\/fi\/\"},{\"@type\":\"ListItem\",\"position\":2,\"name\":\"Etusivu\"}]},{\"@type\":\"WebSite\",\"@id\":\"https:\/\/animo.eu\/fi\/#website\",\"url\":\"https:\/\/animo.eu\/fi\/\",\"name\":\"\",\"description\":\"\",\"potentialAction\":[{\"@type\":\"SearchAction\",\"target\":{\"@type\":\"EntryPoint\",\"urlTemplate\":\"https:\/\/animo.eu\/fi\/?s={search_term_string}\"},\"query-input\":{\"@type\":\"PropertyValueSpecification\",\"valueRequired\":true,\"valueName\":\"search_term_string\"}}],\"inLanguage\":\"fi\"}]}<\/script>\n<!-- \/ Yoast SEO plugin. -->","yoast_head_json":{"title":"Etusivu -","description":"Etusivu - Olemme valmistaneet korkealaatuisia ammattik\u00e4ytt\u00f6\u00f6n tarkoitettuja kahvinkeittimi\u00e4 ja kahvinkeittimi\u00e4 vuodesta 1950 l\u00e4htien. K\u00e4ytt\u00e4j\u00e4yst\u00e4v\u00e4llisi\u00e4 laitteita, joissa on monia vaihtoehtoja, jotka ovat helppohoitoisia ja pitk\u00e4ik\u00e4isi\u00e4. Hyv\u00e4 kahvi alkaa hyv\u00e4st\u00e4 kahvinkeittimest\u00e4. Animo DEDICATED TO EVERY CUP.","robots":{"index":"index","follow":"follow","max-snippet":"max-snippet:-1","max-image-preview":"max-image-preview:large","max-video-preview":"max-video-preview:-1"},"canonical":"https:\/\/animo.eu\/fi\/","og_locale":"fi_FI","og_type":"article","og_title":"Etusivu -","og_description":"Etusivu - Olemme valmistaneet korkealaatuisia ammattik\u00e4ytt\u00f6\u00f6n tarkoitettuja kahvinkeittimi\u00e4 ja kahvinkeittimi\u00e4 vuodesta 1950 l\u00e4htien. K\u00e4ytt\u00e4j\u00e4yst\u00e4v\u00e4llisi\u00e4 laitteita, joissa on monia vaihtoehtoja, jotka ovat helppohoitoisia ja pitk\u00e4ik\u00e4isi\u00e4. Hyv\u00e4 kahvi alkaa hyv\u00e4st\u00e4 kahvinkeittimest\u00e4. Animo DEDICATED TO EVERY CUP.","og_url":"https:\/\/animo.eu\/fi\/","article_publisher":"https:\/\/www.facebook.com\/animobv\/","article_modified_time":"2024-06-05T11:54:59+00:00","og_image":[{"width":1000,"height":364,"url":"https:\/\/animo.eu\/wp-content\/uploads\/2023\/06\/Animo-icon-black.png","type":"image\/png"}],"twitter_card":"summary_large_image","twitter_site":"@animokoffie","twitter_misc":{"Arvioitu lukuaika":"1 minuutti"},"schema":{"@context":"https:\/\/schema.org","@graph":[{"@type":"WebPage","@id":"https:\/\/animo.eu\/fi\/","url":"https:\/\/animo.eu\/fi\/","name":"Etusivu -","isPartOf":{"@id":"https:\/\/animo.eu\/fi\/#website"},"primaryImageOfPage":{"@id":"https:\/\/animo.eu\/fi\/#primaryimage"},"image":{"@id":"https:\/\/animo.eu\/fi\/#primaryimage"},"thumbnailUrl":"https:\/\/animo.eu\/wp-content\/uploads\/2023\/06\/Animo-icon-black.png","datePublished":"2023-02-02T10:44:47+00:00","dateModified":"2024-06-05T11:54:59+00:00","description":"Etusivu - Olemme valmistaneet korkealaatuisia ammattik\u00e4ytt\u00f6\u00f6n tarkoitettuja kahvinkeittimi\u00e4 ja kahvinkeittimi\u00e4 vuodesta 1950 l\u00e4htien. K\u00e4ytt\u00e4j\u00e4yst\u00e4v\u00e4llisi\u00e4 laitteita, joissa on monia vaihtoehtoja, jotka ovat helppohoitoisia ja pitk\u00e4ik\u00e4isi\u00e4. Hyv\u00e4 kahvi alkaa hyv\u00e4st\u00e4 kahvinkeittimest\u00e4. Animo DEDICATED TO EVERY CUP.","breadcrumb":{"@id":"https:\/\/animo.eu\/fi\/#breadcrumb"},"inLanguage":"fi","potentialAction":[{"@type":"ReadAction","target":["https:\/\/animo.eu\/fi\/"]}]},{"@type":"ImageObject","inLanguage":"fi","@id":"https:\/\/animo.eu\/fi\/#primaryimage","url":"https:\/\/animo.eu\/wp-content\/uploads\/2023\/06\/Animo-icon-black.png","contentUrl":"https:\/\/animo.eu\/wp-content\/uploads\/2023\/06\/Animo-icon-black.png","width":1000,"height":364,"caption":"Animo DEDICATED TO EVERY CUP."},{"@type":"BreadcrumbList","@id":"https:\/\/animo.eu\/fi\/#breadcrumb","itemListElement":[{"@type":"ListItem","position":1,"name":"Home","item":"https:\/\/animo.eu\/fi\/"},{"@type":"ListItem","position":2,"name":"Etusivu"}]},{"@type":"WebSite","@id":"https:\/\/animo.eu\/fi\/#website","url":"https:\/\/animo.eu\/fi\/","name":"","description":"","potentialAction":[{"@type":"SearchAction","target":{"@type":"EntryPoint","urlTemplate":"https:\/\/animo.eu\/fi\/?s={search_term_string}"},"query-input":{"@type":"PropertyValueSpecification","valueRequired":true,"valueName":"search_term_string"}}],"inLanguage":"fi"}]}},"_links":{"self":[{"href":"https:\/\/animo.eu\/fi\/wp-json\/wp\/v2\/pages\/1680"}],"collection":[{"href":"https:\/\/animo.eu\/fi\/wp-json\/wp\/v2\/pages"}],"about":[{"href":"https:\/\/animo.eu\/fi\/wp-json\/wp\/v2\/types\/page"}],"author":[{"embeddable":true,"href":"https:\/\/animo.eu\/fi\/wp-json\/wp\/v2\/users\/1"}],"replies":[{"embeddable":true,"href":"https:\/\/animo.eu\/fi\/wp-json\/wp\/v2\/comments?post=1680"}],"version-history":[{"count":17,"href":"https:\/\/animo.eu\/fi\/wp-json\/wp\/v2\/pages\/1680\/revisions"}],"predecessor-version":[{"id":71372,"href":"https:\/\/animo.eu\/fi\/wp-json\/wp\/v2\/pages\/1680\/revisions\/71372"}],"wp:featuredmedia":[{"embeddable":true,"href":"https:\/\/animo.eu\/fi\/wp-json\/wp\/v2\/media\/4550"}],"wp:attachment":[{"href":"https:\/\/animo.eu\/fi\/wp-json\/wp\/v2\/media?parent=1680"}],"curies":[{"name":"wp","href":"https:\/\/api.w.org\/{rel}","templated":true}]}}