{"id":36918,"date":"2023-03-09T13:45:43","date_gmt":"2023-03-09T12:45:43","guid":{"rendered":"https:\/\/animo.eu\/tietosuojaseloste\/"},"modified":"2023-11-08T11:23:39","modified_gmt":"2023-11-08T10:23:39","slug":"tietosuojaseloste","status":"publish","type":"page","link":"https:\/\/animo.eu\/fi\/tietosuojaseloste\/","title":{"rendered":"Tietosuojaseloste"},"content":{"rendered":"\n<section  class=\"pane pane--white \">\n    <div class=\"container\">\n        <div class=\"row g-4 g-lg-8 g-xl-15 justify-content-center\">\n                                                <div class=\"col-12 col-lg-6\">\n                        <div class=\"pane__text\">\n                            <h1>Tietosuojaseloste<\/h1>\n<h3>Henkil\u00f6tietojen ker\u00e4\u00e4minen ja k\u00e4ytt\u00f6<\/h3>\n<p>Huomaa, ett\u00e4 ker\u00e4\u00e4mme ja k\u00e4yt\u00e4mme meille antamiasi henkil\u00f6tietoja, koska ne ovat v\u00e4ltt\u00e4m\u00e4tt\u00f6mi\u00e4, jotta voimme solmia kanssasi sopimuksen ja toteuttaa sen. T\u00e4m\u00e4 koskee sek\u00e4 (potentiaalisia) asiakkaitamme ett\u00e4 osapuolia, joilta ostamme liiketoimintaa ja\/tai palveluja.<\/p>\n<p>Jos olet (potentiaalinen) asiakkaamme, k\u00e4yt\u00e4mme tietojasi l\u00e4hett\u00e4\u00e4ksemme sinulle tarjouksen, m\u00e4\u00e4ritt\u00e4\u00e4ksemme, mit\u00e4 vaatimuksia tai toiveita tietyn tuotteen tai palvelun tulisi t\u00e4ytt\u00e4\u00e4, toimittaaksemme sinulle tavaroita tai suorittaaksemme ty\u00f6t\u00e4, laskuttaaksemme sinua ja kommunikoidaksemme kanssasi sujuvasti ja tehokkaasti sopimuksen t\u00e4yt\u00e4nt\u00f6\u00f6npanoon liittyvist\u00e4 n\u00e4k\u00f6kohdista.<\/p>\n<p>Jos olet (mahdollinen) toimittaja tai muu toimeksisaaja, henkil\u00f6tietojasi tarvitaan my\u00f6s sopimuksen tekemist\u00e4 ja toteuttamista varten. Hankinnoissa t\u00e4m\u00e4 on tarpeen, jotta voimme ilmoittaa sinulle, mit\u00e4 eritelmi\u00e4 tai vaatimuksia tietyn tavaran tai palvelun on t\u00e4ytett\u00e4v\u00e4, jotta voimme l\u00e4hett\u00e4\u00e4 sinulle tarjouspyynn\u00f6n tai tehd\u00e4 tilauksen, jotta voimme maksaa laskusi ja jotta voimme viesti\u00e4 kanssasi sujuvasti ja tehokkaasti muista sopimukseen liittyvist\u00e4 seikoista.<\/p>\n<p>Sinulla ei ole velvollisuutta antaa meille henkil\u00f6tietojasi. Jos et kuitenkaan anna meille henkil\u00f6tietoja tai et anna riitt\u00e4v\u00e4sti henkil\u00f6tietoja, emme v\u00e4ltt\u00e4m\u00e4tt\u00e4 pysty suorittamaan edell\u00e4 mainittuja toimia.<\/p>\n<h3>V\u00e4litt\u00e4minen kolmansille osapuolille<\/h3>\n<p>Mink\u00e4 tahansa kanssasi tehdyn sopimuksen toteuttamisen yhteydess\u00e4 meid\u00e4n on ehk\u00e4 toimitettava henkil\u00f6tietojasi osapuolille, jotka toimittavat meille osia, materiaaleja ja tuotteita tai tekev\u00e4t t\u00f6it\u00e4 puolestamme. Lis\u00e4ksi k\u00e4yt\u00e4mme ulkopuolista palvelintilaa myynti- ja ostotietojemme (tai niiden osien) tallentamiseen, joihin sis\u00e4ltyy henkil\u00f6tietojasi. Henkil\u00f6tietosi toimitetaan palvelintilan tarjoajallemme t\u00e4st\u00e4 syyst\u00e4. Lis\u00e4ksi k\u00e4yt\u00e4mme Microsoft Officea ja sen tallennustiloja s\u00e4hk\u00f6posteille ja muille tiedostoille. Koska k\u00e4yt\u00e4mme uutiskirjepostituspalvelua, henkil\u00f6tietosi siirret\u00e4\u00e4n t\u00e4m\u00e4n palvelun tarjoajalle.<\/p>\n<h3>Suoramarkkinointi<\/h3>\n<p>Jos tilaat meilt\u00e4 s\u00e4\u00e4nn\u00f6llisesti, tallennamme ja k\u00e4yt\u00e4mme antamiasi henkil\u00f6tietoja, jotta voimme henkil\u00f6kohtaisesti tiedottaa sinulle s\u00e4hk\u00f6postitse nykyisist\u00e4 ja uusista tuotteistamme ja palveluistamme tulevaisuudessa ja mahdollisesti tehd\u00e4 sinulle tarjouksen niist\u00e4. Meill\u00e4 on oikeutettu etu k\u00e4ytt\u00e4\u00e4 henkil\u00f6tietojasi t\u00e4h\u00e4n tarkoitukseen, nimitt\u00e4in tuotteidemme ja palveluidemme markkinointiin. Aina kun l\u00e4het\u00e4mme sinulle mainospostia, sinulla on mahdollisuus ilmoittaa meille, ett\u00e4 et halua en\u00e4\u00e4 vastaanottaa sit\u00e4. Voit tehd\u00e4 sen jokaisen postituksen lopussa olevan tilauksen peruutuslinkin avulla. Jos olet kertaluonteinen asiakkaamme, l\u00e4het\u00e4mme sinulle mainosviestej\u00e4 vain, jos olet antanut siihen etuk\u00e4teen suostumuksesi.<\/p>\n<h3>Henkil\u00f6tietojen s\u00e4ilytysaika<\/h3>\n<p>Jos pyysit meilt\u00e4 tarjouksen, mutta sinusta ei tullut asiakasta, poistamme tietosi viimeist\u00e4\u00e4n vuoden kuluttua viimeisest\u00e4 yhteydenotostamme. Vastaavasti jos olemme saaneet sinulta tarjouksen, mutta emme ole tulleet asiakkaaksesi, henkil\u00f6tietosi poistetaan viimeist\u00e4\u00e4n vuoden kuluttua viimeisest\u00e4 yhteydenotostamme. Jos sinusta on tullut asiakkaamme tai meist\u00e4 on tullut asiakkaamme, s\u00e4ilyt\u00e4mme henkil\u00f6tietojasi seitsem\u00e4n vuotta sen tilikauden p\u00e4\u00e4ttymisest\u00e4, jonka aikana sopimus kanssasi on kokonaisuudessaan toteutettu. Seitsem\u00e4n vuoden ajanjakso vastaa ajanjaksoa, jonka ajan meid\u00e4n on s\u00e4ilytett\u00e4v\u00e4 kirjanpitomme veroviranomaisia varten. T\u00e4m\u00e4n ajanjakson p\u00e4\u00e4tytty\u00e4 poistamme henkil\u00f6tietosi.<\/p>\n<h3>Sinun oikeutesi<\/h3>\n<p>Sinulla on oikeus pyyt\u00e4\u00e4 meit\u00e4 tutustumaan omiin henkil\u00f6tietoihisi. Voit my\u00f6s pyyt\u00e4\u00e4 meit\u00e4 tarvittaessa t\u00e4ydent\u00e4m\u00e4\u00e4n henkil\u00f6tietojasi tai korjaamaan ep\u00e4tarkkoja tietoja. Lis\u00e4ksi sinulla on oikeus pyyt\u00e4\u00e4 henkil\u00f6tietojesi poistamista tai henkil\u00f6tietojesi k\u00e4yt\u00f6n rajoittamista. Voit my\u00f6s vastustaa tietojesi ker\u00e4\u00e4mist\u00e4 ja k\u00e4ytt\u00f6\u00e4 tai tehd\u00e4 valituksen henkil\u00f6tietoviranomaiselle. Lopuksi voit pyyt\u00e4\u00e4 meit\u00e4 saamaan henkil\u00f6tietosi tai siirt\u00e4m\u00e4\u00e4n ne toiselle henkil\u00f6lle. Jos haluat k\u00e4ytt\u00e4\u00e4 oikeuksiasi, ota yhteytt\u00e4:<\/p>\n<p>Animo BV<br \/>\nTohtori A.F. Philipsweg 47<br \/>\n9403 AD Assen, Alankomaat<br \/>\n0592-376376<br \/>\ninfo@animo.nl<\/p>\n<p>Voit tietenkin my\u00f6s <a href=\"https:\/\/animo.eu\/nl-nl\/contact\">ottaa<\/a> meihin <a href=\"https:\/\/animo.eu\/nl-nl\/contact\">yhteytt\u00e4<\/a>, jos sinulla on kysytt\u00e4v\u00e4\u00e4 tai haluat lis\u00e4tietoja henkil\u00f6tietojesi ker\u00e4\u00e4misest\u00e4 ja k\u00e4yt\u00f6st\u00e4.<\/p>\n                                                    <\/div>\n                    <\/div>\n                                    <\/div>\n    <\/div>\n<\/section>\n","protected":false},"excerpt":{"rendered":"","protected":false},"author":1,"featured_media":0,"parent":0,"menu_order":80,"comment_status":"closed","ping_status":"closed","template":"","meta":{"_acf_changed":false,"footnotes":""},"class_list":["post-36918","page","type-page","status-publish","hentry"],"acf":[],"yoast_head":"<!-- This site is optimized with the Yoast SEO plugin v25.5 - https:\/\/yoast.com\/wordpress\/plugins\/seo\/ -->\n<title>Tietosuojaseloste -<\/title>\n<meta name=\"description\" content=\"Tietosuojaseloste -\" \/>\n<meta name=\"robots\" content=\"index, follow, max-snippet:-1, max-image-preview:large, max-video-preview:-1\" \/>\n<link rel=\"canonical\" href=\"https:\/\/animo.eu\/fi\/tietosuojaseloste\/\" \/>\n<meta property=\"og:locale\" content=\"fi_FI\" \/>\n<meta property=\"og:type\" content=\"article\" \/>\n<meta property=\"og:title\" content=\"Tietosuojaseloste -\" \/>\n<meta property=\"og:description\" content=\"Tietosuojaseloste -\" \/>\n<meta property=\"og:url\" content=\"https:\/\/animo.eu\/fi\/tietosuojaseloste\/\" \/>\n<meta property=\"article:publisher\" content=\"https:\/\/www.facebook.com\/animobv\/\" \/>\n<meta property=\"article:modified_time\" content=\"2023-11-08T10:23:39+00:00\" \/>\n<meta property=\"og:image\" content=\"https:\/\/animo.eu\/wp-content\/uploads\/2023\/06\/animo-dedicated-logo.png\" \/>\n\t<meta property=\"og:image:width\" content=\"1000\" \/>\n\t<meta property=\"og:image:height\" content=\"364\" \/>\n\t<meta property=\"og:image:type\" content=\"image\/png\" \/>\n<meta name=\"twitter:card\" content=\"summary_large_image\" \/>\n<meta name=\"twitter:site\" content=\"@animokoffie\" \/>\n<script type=\"application\/ld+json\" class=\"yoast-schema-graph\">{\"@context\":\"https:\/\/schema.org\",\"@graph\":[{\"@type\":\"WebPage\",\"@id\":\"https:\/\/animo.eu\/fi\/tietosuojaseloste\/\",\"url\":\"https:\/\/animo.eu\/fi\/tietosuojaseloste\/\",\"name\":\"Tietosuojaseloste -\",\"isPartOf\":{\"@id\":\"https:\/\/animo.eu\/fi\/#website\"},\"datePublished\":\"2023-03-09T12:45:43+00:00\",\"dateModified\":\"2023-11-08T10:23:39+00:00\",\"description\":\"Tietosuojaseloste -\",\"breadcrumb\":{\"@id\":\"https:\/\/animo.eu\/fi\/tietosuojaseloste\/#breadcrumb\"},\"inLanguage\":\"fi\",\"potentialAction\":[{\"@type\":\"ReadAction\",\"target\":[\"https:\/\/animo.eu\/fi\/tietosuojaseloste\/\"]}]},{\"@type\":\"BreadcrumbList\",\"@id\":\"https:\/\/animo.eu\/fi\/tietosuojaseloste\/#breadcrumb\",\"itemListElement\":[{\"@type\":\"ListItem\",\"position\":1,\"name\":\"Home\",\"item\":\"https:\/\/animo.eu\/fi\/\"},{\"@type\":\"ListItem\",\"position\":2,\"name\":\"Tietosuojaseloste\"}]},{\"@type\":\"WebSite\",\"@id\":\"https:\/\/animo.eu\/fi\/#website\",\"url\":\"https:\/\/animo.eu\/fi\/\",\"name\":\"\",\"description\":\"\",\"potentialAction\":[{\"@type\":\"SearchAction\",\"target\":{\"@type\":\"EntryPoint\",\"urlTemplate\":\"https:\/\/animo.eu\/fi\/?s={search_term_string}\"},\"query-input\":{\"@type\":\"PropertyValueSpecification\",\"valueRequired\":true,\"valueName\":\"search_term_string\"}}],\"inLanguage\":\"fi\"}]}<\/script>\n<!-- \/ Yoast SEO plugin. -->","yoast_head_json":{"title":"Tietosuojaseloste -","description":"Tietosuojaseloste -","robots":{"index":"index","follow":"follow","max-snippet":"max-snippet:-1","max-image-preview":"max-image-preview:large","max-video-preview":"max-video-preview:-1"},"canonical":"https:\/\/animo.eu\/fi\/tietosuojaseloste\/","og_locale":"fi_FI","og_type":"article","og_title":"Tietosuojaseloste -","og_description":"Tietosuojaseloste -","og_url":"https:\/\/animo.eu\/fi\/tietosuojaseloste\/","article_publisher":"https:\/\/www.facebook.com\/animobv\/","article_modified_time":"2023-11-08T10:23:39+00:00","og_image":[{"width":1000,"height":364,"url":"https:\/\/animo.eu\/wp-content\/uploads\/2023\/06\/animo-dedicated-logo.png","type":"image\/png"}],"twitter_card":"summary_large_image","twitter_site":"@animokoffie","schema":{"@context":"https:\/\/schema.org","@graph":[{"@type":"WebPage","@id":"https:\/\/animo.eu\/fi\/tietosuojaseloste\/","url":"https:\/\/animo.eu\/fi\/tietosuojaseloste\/","name":"Tietosuojaseloste -","isPartOf":{"@id":"https:\/\/animo.eu\/fi\/#website"},"datePublished":"2023-03-09T12:45:43+00:00","dateModified":"2023-11-08T10:23:39+00:00","description":"Tietosuojaseloste -","breadcrumb":{"@id":"https:\/\/animo.eu\/fi\/tietosuojaseloste\/#breadcrumb"},"inLanguage":"fi","potentialAction":[{"@type":"ReadAction","target":["https:\/\/animo.eu\/fi\/tietosuojaseloste\/"]}]},{"@type":"BreadcrumbList","@id":"https:\/\/animo.eu\/fi\/tietosuojaseloste\/#breadcrumb","itemListElement":[{"@type":"ListItem","position":1,"name":"Home","item":"https:\/\/animo.eu\/fi\/"},{"@type":"ListItem","position":2,"name":"Tietosuojaseloste"}]},{"@type":"WebSite","@id":"https:\/\/animo.eu\/fi\/#website","url":"https:\/\/animo.eu\/fi\/","name":"","description":"","potentialAction":[{"@type":"SearchAction","target":{"@type":"EntryPoint","urlTemplate":"https:\/\/animo.eu\/fi\/?s={search_term_string}"},"query-input":{"@type":"PropertyValueSpecification","valueRequired":true,"valueName":"search_term_string"}}],"inLanguage":"fi"}]}},"_links":{"self":[{"href":"https:\/\/animo.eu\/fi\/wp-json\/wp\/v2\/pages\/36918"}],"collection":[{"href":"https:\/\/animo.eu\/fi\/wp-json\/wp\/v2\/pages"}],"about":[{"href":"https:\/\/animo.eu\/fi\/wp-json\/wp\/v2\/types\/page"}],"author":[{"embeddable":true,"href":"https:\/\/animo.eu\/fi\/wp-json\/wp\/v2\/users\/1"}],"replies":[{"embeddable":true,"href":"https:\/\/animo.eu\/fi\/wp-json\/wp\/v2\/comments?post=36918"}],"version-history":[{"count":3,"href":"https:\/\/animo.eu\/fi\/wp-json\/wp\/v2\/pages\/36918\/revisions"}],"predecessor-version":[{"id":37069,"href":"https:\/\/animo.eu\/fi\/wp-json\/wp\/v2\/pages\/36918\/revisions\/37069"}],"wp:attachment":[{"href":"https:\/\/animo.eu\/fi\/wp-json\/wp\/v2\/media?parent=36918"}],"curies":[{"name":"wp","href":"https:\/\/api.w.org\/{rel}","templated":true}]}}