{"id":36950,"date":"2023-09-11T12:09:00","date_gmt":"2023-09-11T10:09:00","guid":{"rendered":"https:\/\/animo.eu\/toimipisteet\/"},"modified":"2024-01-11T09:59:48","modified_gmt":"2024-01-11T08:59:48","slug":"sijainnit","status":"publish","type":"page","link":"https:\/\/animo.eu\/fi\/sijainnit\/","title":{"rendered":"Sijainnit"},"content":{"rendered":"\n<section  class=\"pane pane--white \">\n    <div class=\"container\">\n                    <div class=\"row justify-content-center mb-4\">\n                <div class=\"col-12\">\n                    <div class=\"pane__text\">\n                        <h2><a class=\"crumb\" href=\"https:\/\/animo.eu\/fi-fi\/sijainnit\">Sijainnit<\/a><\/h2>\n                    <\/div>\n                <\/div>\n            <\/div>\n        \n                                \n                            <div class=\"row row--equalized g-4 g-lg-3 g-xl-6\">\n                                            <div class=\"col-12 col-md-6 col-lg-3\">\n                            <div class=\"card card--product\">\n        <div class=\"card__image\">\n                    <img decoding=\"async\" width=\"550\" height=\"458\" src=\"https:\/\/animo.eu\/wp-content\/uploads\/2023\/09\/Branche_overzicht_maritiem-550x458.png\" class=\"image wp-post-image\" alt=\"\" loading=\"lazy\" srcset=\"https:\/\/animo.eu\/wp-content\/uploads\/2023\/09\/Branche_overzicht_maritiem-550x458.png 550w, https:\/\/animo.eu\/wp-content\/uploads\/2023\/09\/Branche_overzicht_maritiem-300x250.png 300w, https:\/\/animo.eu\/wp-content\/uploads\/2023\/09\/Branche_overzicht_maritiem-1024x852.png 1024w, https:\/\/animo.eu\/wp-content\/uploads\/2023\/09\/Branche_overzicht_maritiem-768x639.png 768w, https:\/\/animo.eu\/wp-content\/uploads\/2023\/09\/Branche_overzicht_maritiem-1536x1279.png 1536w, https:\/\/animo.eu\/wp-content\/uploads\/2023\/09\/Branche_overzicht_maritiem-70x58.png 70w, https:\/\/animo.eu\/wp-content\/uploads\/2023\/09\/Branche_overzicht_maritiem-800x666.png 800w, https:\/\/animo.eu\/wp-content\/uploads\/2023\/09\/Branche_overzicht_maritiem-120x100.png 120w, https:\/\/animo.eu\/wp-content\/uploads\/2023\/09\/Branche_overzicht_maritiem-150x125.png 150w, https:\/\/animo.eu\/wp-content\/uploads\/2023\/09\/Branche_overzicht_maritiem.png 1772w\" sizes=\"(max-width: 550px) 100vw, 550px\" \/>                <\/div>\n    <div class=\"card-body\">\n        <h3 class=\"card-title\">Merenkulkualan kahvinkeittimet<\/h3>\n                    <p class=\"mb-0\">Kahvinkeittimet merenkulkualalla<\/p>\n            <\/div>\n    <div class=\"card-footer\">\n        <span class=\"btn btn-outline-secondary\">\n            <span class=\"btn__text\">Lis\u00e4tietoja<\/span>\n            <svg class=\"icon icon--20 icon--arrow\">\n                <use xlink:href=\"https:\/\/animo.eu\/wp-content\/themes\/animo\/build\/img\/symbols.svg#arrow-right\"><\/use>\n            <\/svg>\n        <\/span>\n    <\/div>\n    <a class=\"stretched-link\" href=\"https:\/\/animo.eu\/fi\/sijainnit\/merenkulkualan-kahvinkeittimet\/\"><\/a>\n<\/div>\n                        <\/div>\n                                            <div class=\"col-12 col-md-6 col-lg-3\">\n                            <div class=\"card card--product\">\n        <div class=\"card__image\">\n                    <img decoding=\"async\" width=\"550\" height=\"458\" src=\"https:\/\/animo.eu\/wp-content\/uploads\/2023\/09\/Branche_overzicht_horeca-550x458.png\" class=\"image wp-post-image\" alt=\"\" loading=\"lazy\" srcset=\"https:\/\/animo.eu\/wp-content\/uploads\/2023\/09\/Branche_overzicht_horeca-550x458.png 550w, https:\/\/animo.eu\/wp-content\/uploads\/2023\/09\/Branche_overzicht_horeca-300x250.png 300w, https:\/\/animo.eu\/wp-content\/uploads\/2023\/09\/Branche_overzicht_horeca-1024x852.png 1024w, https:\/\/animo.eu\/wp-content\/uploads\/2023\/09\/Branche_overzicht_horeca-768x639.png 768w, https:\/\/animo.eu\/wp-content\/uploads\/2023\/09\/Branche_overzicht_horeca-1536x1279.png 1536w, https:\/\/animo.eu\/wp-content\/uploads\/2023\/09\/Branche_overzicht_horeca-70x58.png 70w, https:\/\/animo.eu\/wp-content\/uploads\/2023\/09\/Branche_overzicht_horeca-800x666.png 800w, https:\/\/animo.eu\/wp-content\/uploads\/2023\/09\/Branche_overzicht_horeca-120x100.png 120w, https:\/\/animo.eu\/wp-content\/uploads\/2023\/09\/Branche_overzicht_horeca-150x125.png 150w, https:\/\/animo.eu\/wp-content\/uploads\/2023\/09\/Branche_overzicht_horeca.png 1772w\" sizes=\"(max-width: 550px) 100vw, 550px\" \/>                <\/div>\n    <div class=\"card-body\">\n        <h3 class=\"card-title\">Kahvinkeittimet ravintola-alalle<\/h3>\n                    <p class=\"mb-0\">Kahviautomaatit ravintola-alalla<\/p>\n            <\/div>\n    <div class=\"card-footer\">\n        <span class=\"btn btn-outline-secondary\">\n            <span class=\"btn__text\">Lis\u00e4tietoja<\/span>\n            <svg class=\"icon icon--20 icon--arrow\">\n                <use xlink:href=\"https:\/\/animo.eu\/wp-content\/themes\/animo\/build\/img\/symbols.svg#arrow-right\"><\/use>\n            <\/svg>\n        <\/span>\n    <\/div>\n    <a class=\"stretched-link\" href=\"https:\/\/animo.eu\/fi\/sijainnit\/kahvinkeittimet-ravintola-alalle\/\"><\/a>\n<\/div>\n                        <\/div>\n                                            <div class=\"col-12 col-md-6 col-lg-3\">\n                            <div class=\"card card--product\">\n        <div class=\"card__image\">\n                    <img decoding=\"async\" width=\"550\" height=\"458\" src=\"https:\/\/animo.eu\/wp-content\/uploads\/2023\/09\/Branche_overzicht_onderwijs-550x458.png\" class=\"image wp-post-image\" alt=\"\" loading=\"lazy\" srcset=\"https:\/\/animo.eu\/wp-content\/uploads\/2023\/09\/Branche_overzicht_onderwijs-550x458.png 550w, https:\/\/animo.eu\/wp-content\/uploads\/2023\/09\/Branche_overzicht_onderwijs-300x250.png 300w, https:\/\/animo.eu\/wp-content\/uploads\/2023\/09\/Branche_overzicht_onderwijs-1024x852.png 1024w, https:\/\/animo.eu\/wp-content\/uploads\/2023\/09\/Branche_overzicht_onderwijs-768x639.png 768w, https:\/\/animo.eu\/wp-content\/uploads\/2023\/09\/Branche_overzicht_onderwijs-1536x1279.png 1536w, https:\/\/animo.eu\/wp-content\/uploads\/2023\/09\/Branche_overzicht_onderwijs-70x58.png 70w, https:\/\/animo.eu\/wp-content\/uploads\/2023\/09\/Branche_overzicht_onderwijs-800x666.png 800w, https:\/\/animo.eu\/wp-content\/uploads\/2023\/09\/Branche_overzicht_onderwijs-120x100.png 120w, https:\/\/animo.eu\/wp-content\/uploads\/2023\/09\/Branche_overzicht_onderwijs-150x125.png 150w, https:\/\/animo.eu\/wp-content\/uploads\/2023\/09\/Branche_overzicht_onderwijs.png 1772w\" sizes=\"(max-width: 550px) 100vw, 550px\" \/>                <\/div>\n    <div class=\"card-body\">\n        <h3 class=\"card-title\">Kahvinkeittimet koulutusta varten<\/h3>\n                    <p class=\"mb-0\">Kahviautomaatit koulutuksessa<\/p>\n            <\/div>\n    <div class=\"card-footer\">\n        <span class=\"btn btn-outline-secondary\">\n            <span class=\"btn__text\">Lis\u00e4tietoja<\/span>\n            <svg class=\"icon icon--20 icon--arrow\">\n                <use xlink:href=\"https:\/\/animo.eu\/wp-content\/themes\/animo\/build\/img\/symbols.svg#arrow-right\"><\/use>\n            <\/svg>\n        <\/span>\n    <\/div>\n    <a class=\"stretched-link\" href=\"https:\/\/animo.eu\/fi\/sijainnit\/kahvinkeittimet-koulutusta-varten\/\"><\/a>\n<\/div>\n                        <\/div>\n                                            <div class=\"col-12 col-md-6 col-lg-3\">\n                            <div class=\"card card--product\">\n        <div class=\"card__image\">\n                    <img decoding=\"async\" width=\"550\" height=\"458\" src=\"https:\/\/animo.eu\/wp-content\/uploads\/2023\/09\/Branche_overzicht_voetbal-550x458.png\" class=\"image wp-post-image\" alt=\"\" loading=\"lazy\" srcset=\"https:\/\/animo.eu\/wp-content\/uploads\/2023\/09\/Branche_overzicht_voetbal-550x458.png 550w, https:\/\/animo.eu\/wp-content\/uploads\/2023\/09\/Branche_overzicht_voetbal-300x250.png 300w, https:\/\/animo.eu\/wp-content\/uploads\/2023\/09\/Branche_overzicht_voetbal-1024x852.png 1024w, https:\/\/animo.eu\/wp-content\/uploads\/2023\/09\/Branche_overzicht_voetbal-768x639.png 768w, https:\/\/animo.eu\/wp-content\/uploads\/2023\/09\/Branche_overzicht_voetbal-1536x1279.png 1536w, https:\/\/animo.eu\/wp-content\/uploads\/2023\/09\/Branche_overzicht_voetbal-70x58.png 70w, https:\/\/animo.eu\/wp-content\/uploads\/2023\/09\/Branche_overzicht_voetbal-800x666.png 800w, https:\/\/animo.eu\/wp-content\/uploads\/2023\/09\/Branche_overzicht_voetbal-120x100.png 120w, https:\/\/animo.eu\/wp-content\/uploads\/2023\/09\/Branche_overzicht_voetbal-150x125.png 150w, https:\/\/animo.eu\/wp-content\/uploads\/2023\/09\/Branche_overzicht_voetbal.png 1772w\" sizes=\"(max-width: 550px) 100vw, 550px\" \/>                <\/div>\n    <div class=\"card-body\">\n        <h3 class=\"card-title\">Urheilukeitti\u00f6iden kahvinkeittimet<\/h3>\n                    <p class=\"mb-0\">Kahvinkeittimet urheiluravintolaa varten<\/p>\n            <\/div>\n    <div class=\"card-footer\">\n        <span class=\"btn btn-outline-secondary\">\n            <span class=\"btn__text\">Lis\u00e4tietoja<\/span>\n            <svg class=\"icon icon--20 icon--arrow\">\n                <use xlink:href=\"https:\/\/animo.eu\/wp-content\/themes\/animo\/build\/img\/symbols.svg#arrow-right\"><\/use>\n            <\/svg>\n        <\/span>\n    <\/div>\n    <a class=\"stretched-link\" href=\"https:\/\/animo.eu\/fi\/sijainnit\/kahvinkeittimet-urheiluravintolaa-varten\/\"><\/a>\n<\/div>\n                        <\/div>\n                                            <div class=\"col-12 col-md-6 col-lg-3\">\n                            <div class=\"card card--product\">\n        <div class=\"card__image\">\n                    <img decoding=\"async\" width=\"550\" height=\"458\" src=\"https:\/\/animo.eu\/wp-content\/uploads\/2023\/09\/Branche_overzicht_zorg-550x458.png\" class=\"image wp-post-image\" alt=\"\" loading=\"lazy\" srcset=\"https:\/\/animo.eu\/wp-content\/uploads\/2023\/09\/Branche_overzicht_zorg-550x458.png 550w, https:\/\/animo.eu\/wp-content\/uploads\/2023\/09\/Branche_overzicht_zorg-300x250.png 300w, https:\/\/animo.eu\/wp-content\/uploads\/2023\/09\/Branche_overzicht_zorg-1024x852.png 1024w, https:\/\/animo.eu\/wp-content\/uploads\/2023\/09\/Branche_overzicht_zorg-768x639.png 768w, https:\/\/animo.eu\/wp-content\/uploads\/2023\/09\/Branche_overzicht_zorg-1536x1279.png 1536w, https:\/\/animo.eu\/wp-content\/uploads\/2023\/09\/Branche_overzicht_zorg-70x58.png 70w, https:\/\/animo.eu\/wp-content\/uploads\/2023\/09\/Branche_overzicht_zorg-800x666.png 800w, https:\/\/animo.eu\/wp-content\/uploads\/2023\/09\/Branche_overzicht_zorg-120x100.png 120w, https:\/\/animo.eu\/wp-content\/uploads\/2023\/09\/Branche_overzicht_zorg-150x125.png 150w, https:\/\/animo.eu\/wp-content\/uploads\/2023\/09\/Branche_overzicht_zorg.png 1772w\" sizes=\"(max-width: 550px) 100vw, 550px\" \/>                <\/div>\n    <div class=\"card-body\">\n        <h3 class=\"card-title\">Terveydenhuollon kahvinkeittimet<\/h3>\n                    <p class=\"mb-0\">Terveydenhuollon kahvinkeittimet<\/p>\n            <\/div>\n    <div class=\"card-footer\">\n        <span class=\"btn btn-outline-secondary\">\n            <span class=\"btn__text\">Lis\u00e4tietoja<\/span>\n            <svg class=\"icon icon--20 icon--arrow\">\n                <use xlink:href=\"https:\/\/animo.eu\/wp-content\/themes\/animo\/build\/img\/symbols.svg#arrow-right\"><\/use>\n            <\/svg>\n        <\/span>\n    <\/div>\n    <a class=\"stretched-link\" href=\"https:\/\/animo.eu\/fi\/sijainnit\/terveydenhuollon-kahvinkeittimet\/\"><\/a>\n<\/div>\n                        <\/div>\n                                            <div class=\"col-12 col-md-6 col-lg-3\">\n                            <div class=\"card card--product\">\n        <div class=\"card__image\">\n                    <img decoding=\"async\" width=\"550\" height=\"458\" src=\"https:\/\/animo.eu\/wp-content\/uploads\/2023\/09\/Branche_overzicht_kantoor-550x458.png\" class=\"image wp-post-image\" alt=\"\" loading=\"lazy\" srcset=\"https:\/\/animo.eu\/wp-content\/uploads\/2023\/09\/Branche_overzicht_kantoor-550x458.png 550w, https:\/\/animo.eu\/wp-content\/uploads\/2023\/09\/Branche_overzicht_kantoor-300x250.png 300w, https:\/\/animo.eu\/wp-content\/uploads\/2023\/09\/Branche_overzicht_kantoor-1024x852.png 1024w, https:\/\/animo.eu\/wp-content\/uploads\/2023\/09\/Branche_overzicht_kantoor-768x639.png 768w, https:\/\/animo.eu\/wp-content\/uploads\/2023\/09\/Branche_overzicht_kantoor-1536x1279.png 1536w, https:\/\/animo.eu\/wp-content\/uploads\/2023\/09\/Branche_overzicht_kantoor-70x58.png 70w, https:\/\/animo.eu\/wp-content\/uploads\/2023\/09\/Branche_overzicht_kantoor-800x666.png 800w, https:\/\/animo.eu\/wp-content\/uploads\/2023\/09\/Branche_overzicht_kantoor-120x100.png 120w, https:\/\/animo.eu\/wp-content\/uploads\/2023\/09\/Branche_overzicht_kantoor-150x125.png 150w, https:\/\/animo.eu\/wp-content\/uploads\/2023\/09\/Branche_overzicht_kantoor.png 1772w\" sizes=\"(max-width: 550px) 100vw, 550px\" \/>                <\/div>\n    <div class=\"card-body\">\n        <h3 class=\"card-title\">Kahvinkeittimet toimistoon ja yrityksiin<\/h3>\n                    <p class=\"mb-0\">Kahvinkeittimet toimistoon ja yrityksiin<\/p>\n            <\/div>\n    <div class=\"card-footer\">\n        <span class=\"btn btn-outline-secondary\">\n            <span class=\"btn__text\">Lis\u00e4tietoja<\/span>\n            <svg class=\"icon icon--20 icon--arrow\">\n                <use xlink:href=\"https:\/\/animo.eu\/wp-content\/themes\/animo\/build\/img\/symbols.svg#arrow-right\"><\/use>\n            <\/svg>\n        <\/span>\n    <\/div>\n    <a class=\"stretched-link\" href=\"https:\/\/animo.eu\/fi\/sijainnit\/kahvinkeittimet-toimistoon-ja-yrityksiin\/\"><\/a>\n<\/div>\n                        <\/div>\n                                    <\/div>\n                                         <\/div>\n<\/section>\n\n\n\n<section  class=\"pane pane--white \">\n    <div class=\"container\">\n        <div class=\"row g-4 g-lg-8 g-xl-15 g-xxl-20 align-items-center flex-lg-row-reverse\">\n                            <div class=\"col-12 col-lg-6\">\n                    <div class=\"pane__text\">\n                        <h2>Kahvia kaikille toimialoille<\/h2>\n<p>Kahvitarpeet voivat vaihdella paljon yrityksest\u00e4 ja toimialasta toiseen. Joissakin yrityksiss\u00e4 halutaan, ett\u00e4 ty\u00f6ntekij\u00f6iden lis\u00e4ksi my\u00f6s vierailevat asiakkaat voivat nauttia tuoreesta kahvista. Monilla teollisuudenaloilla laatu on ensimm\u00e4inen valintakriteeri, kun taas toisille yrityksille on t\u00e4rke\u00e4\u00e4 pysty\u00e4 valmistamaan suuri m\u00e4\u00e4r\u00e4 kahvia nopeasti. Siksi Animo tarjoaa erilaisia kahvinkeittimi\u00e4, jotka t\u00e4ytt\u00e4v\u00e4t kaikkien toimialojen erilaiset tarpeet. Toimistoista, hotelleista, supermarketeista, ruokaloista ja sairaaloista oppilaitoksiin, autopalvelukeskuksiin ja teattereihin&#8230;. ja monet muut.<\/p>\n                                                \n                    <\/div>\n                <\/div>\n                                        <div class=\"col-12 col-lg\">\n                    <figure class=\"figure image_reversed\">\n                        <img decoding=\"async\" width=\"1024\" height=\"533\" src=\"https:\/\/animo.eu\/wp-content\/uploads\/2023\/09\/Koffie-drinken-BPZ-1024x533.jpg\" class=\"img-fluid\" alt=\"\" loading=\"lazy\" srcset=\"https:\/\/animo.eu\/wp-content\/uploads\/2023\/09\/Koffie-drinken-BPZ-1024x533.jpg 1024w, https:\/\/animo.eu\/wp-content\/uploads\/2023\/09\/Koffie-drinken-BPZ-300x156.jpg 300w, https:\/\/animo.eu\/wp-content\/uploads\/2023\/09\/Koffie-drinken-BPZ-768x400.jpg 768w, https:\/\/animo.eu\/wp-content\/uploads\/2023\/09\/Koffie-drinken-BPZ-70x36.jpg 70w, https:\/\/animo.eu\/wp-content\/uploads\/2023\/09\/Koffie-drinken-BPZ-550x286.jpg 550w, https:\/\/animo.eu\/wp-content\/uploads\/2023\/09\/Koffie-drinken-BPZ-800x417.jpg 800w, https:\/\/animo.eu\/wp-content\/uploads\/2023\/09\/Koffie-drinken-BPZ-192x100.jpg 192w, https:\/\/animo.eu\/wp-content\/uploads\/2023\/09\/Koffie-drinken-BPZ-150x78.jpg 150w, https:\/\/animo.eu\/wp-content\/uploads\/2023\/09\/Koffie-drinken-BPZ.jpg 1440w\" sizes=\"(max-width: 1024px) 100vw, 1024px\" \/>                    <\/figure>\n                <\/div>\n                    <\/div>\n    <\/div>\n<\/section>\n","protected":false},"excerpt":{"rendered":"","protected":false},"author":21,"featured_media":1396,"parent":0,"menu_order":34,"comment_status":"closed","ping_status":"closed","template":"","meta":{"_acf_changed":false,"footnotes":""},"class_list":["post-36950","page","type-page","status-publish","has-post-thumbnail","hentry"],"acf":[],"yoast_head":"<!-- This site is optimized with the Yoast SEO plugin v25.5 - https:\/\/yoast.com\/wordpress\/plugins\/seo\/ -->\n<title>Sijainnit -<\/title>\n<meta name=\"description\" content=\"Sijainnit -\" \/>\n<meta name=\"robots\" content=\"index, follow, max-snippet:-1, max-image-preview:large, max-video-preview:-1\" \/>\n<link rel=\"canonical\" href=\"https:\/\/animo.eu\/fi\/sijainnit\/\" \/>\n<meta property=\"og:locale\" content=\"fi_FI\" \/>\n<meta property=\"og:type\" content=\"article\" \/>\n<meta property=\"og:title\" content=\"Sijainnit -\" \/>\n<meta property=\"og:description\" content=\"Sijainnit -\" \/>\n<meta property=\"og:url\" content=\"https:\/\/animo.eu\/fi\/sijainnit\/\" \/>\n<meta property=\"article:publisher\" content=\"https:\/\/www.facebook.com\/animobv\/\" \/>\n<meta property=\"article:modified_time\" content=\"2024-01-11T08:59:48+00:00\" \/>\n<meta property=\"og:image\" content=\"https:\/\/animo.eu\/wp-content\/uploads\/2023\/01\/2022_04_04-animo-030-e1676041216579.jpg\" \/>\n\t<meta property=\"og:image:width\" content=\"2000\" \/>\n\t<meta property=\"og:image:height\" content=\"1115\" \/>\n\t<meta property=\"og:image:type\" content=\"image\/jpeg\" \/>\n<meta name=\"twitter:card\" content=\"summary_large_image\" \/>\n<meta name=\"twitter:site\" content=\"@animokoffie\" \/>\n<meta name=\"twitter:label1\" content=\"Arvioitu lukuaika\" \/>\n\t<meta name=\"twitter:data1\" content=\"1 minuutti\" \/>\n<script type=\"application\/ld+json\" class=\"yoast-schema-graph\">{\"@context\":\"https:\/\/schema.org\",\"@graph\":[{\"@type\":\"WebPage\",\"@id\":\"https:\/\/animo.eu\/fi\/sijainnit\/\",\"url\":\"https:\/\/animo.eu\/fi\/sijainnit\/\",\"name\":\"Sijainnit -\",\"isPartOf\":{\"@id\":\"https:\/\/animo.eu\/fi\/#website\"},\"primaryImageOfPage\":{\"@id\":\"https:\/\/animo.eu\/fi\/sijainnit\/#primaryimage\"},\"image\":{\"@id\":\"https:\/\/animo.eu\/fi\/sijainnit\/#primaryimage\"},\"thumbnailUrl\":\"https:\/\/animo.eu\/wp-content\/uploads\/2023\/01\/2022_04_04-animo-030-e1676041216579.jpg\",\"datePublished\":\"2023-09-11T10:09:00+00:00\",\"dateModified\":\"2024-01-11T08:59:48+00:00\",\"description\":\"Sijainnit -\",\"breadcrumb\":{\"@id\":\"https:\/\/animo.eu\/fi\/sijainnit\/#breadcrumb\"},\"inLanguage\":\"fi\",\"potentialAction\":[{\"@type\":\"ReadAction\",\"target\":[\"https:\/\/animo.eu\/fi\/sijainnit\/\"]}]},{\"@type\":\"ImageObject\",\"inLanguage\":\"fi\",\"@id\":\"https:\/\/animo.eu\/fi\/sijainnit\/#primaryimage\",\"url\":\"https:\/\/animo.eu\/wp-content\/uploads\/2023\/01\/2022_04_04-animo-030-e1676041216579.jpg\",\"contentUrl\":\"https:\/\/animo.eu\/wp-content\/uploads\/2023\/01\/2022_04_04-animo-030-e1676041216579.jpg\",\"width\":2000,\"height\":1115},{\"@type\":\"BreadcrumbList\",\"@id\":\"https:\/\/animo.eu\/fi\/sijainnit\/#breadcrumb\",\"itemListElement\":[{\"@type\":\"ListItem\",\"position\":1,\"name\":\"Home\",\"item\":\"https:\/\/animo.eu\/fi\/\"},{\"@type\":\"ListItem\",\"position\":2,\"name\":\"Sijainnit\"}]},{\"@type\":\"WebSite\",\"@id\":\"https:\/\/animo.eu\/fi\/#website\",\"url\":\"https:\/\/animo.eu\/fi\/\",\"name\":\"\",\"description\":\"\",\"potentialAction\":[{\"@type\":\"SearchAction\",\"target\":{\"@type\":\"EntryPoint\",\"urlTemplate\":\"https:\/\/animo.eu\/fi\/?s={search_term_string}\"},\"query-input\":{\"@type\":\"PropertyValueSpecification\",\"valueRequired\":true,\"valueName\":\"search_term_string\"}}],\"inLanguage\":\"fi\"}]}<\/script>\n<!-- \/ Yoast SEO plugin. -->","yoast_head_json":{"title":"Sijainnit -","description":"Sijainnit -","robots":{"index":"index","follow":"follow","max-snippet":"max-snippet:-1","max-image-preview":"max-image-preview:large","max-video-preview":"max-video-preview:-1"},"canonical":"https:\/\/animo.eu\/fi\/sijainnit\/","og_locale":"fi_FI","og_type":"article","og_title":"Sijainnit -","og_description":"Sijainnit -","og_url":"https:\/\/animo.eu\/fi\/sijainnit\/","article_publisher":"https:\/\/www.facebook.com\/animobv\/","article_modified_time":"2024-01-11T08:59:48+00:00","og_image":[{"width":2000,"height":1115,"url":"https:\/\/animo.eu\/wp-content\/uploads\/2023\/01\/2022_04_04-animo-030-e1676041216579.jpg","type":"image\/jpeg"}],"twitter_card":"summary_large_image","twitter_site":"@animokoffie","twitter_misc":{"Arvioitu lukuaika":"1 minuutti"},"schema":{"@context":"https:\/\/schema.org","@graph":[{"@type":"WebPage","@id":"https:\/\/animo.eu\/fi\/sijainnit\/","url":"https:\/\/animo.eu\/fi\/sijainnit\/","name":"Sijainnit -","isPartOf":{"@id":"https:\/\/animo.eu\/fi\/#website"},"primaryImageOfPage":{"@id":"https:\/\/animo.eu\/fi\/sijainnit\/#primaryimage"},"image":{"@id":"https:\/\/animo.eu\/fi\/sijainnit\/#primaryimage"},"thumbnailUrl":"https:\/\/animo.eu\/wp-content\/uploads\/2023\/01\/2022_04_04-animo-030-e1676041216579.jpg","datePublished":"2023-09-11T10:09:00+00:00","dateModified":"2024-01-11T08:59:48+00:00","description":"Sijainnit -","breadcrumb":{"@id":"https:\/\/animo.eu\/fi\/sijainnit\/#breadcrumb"},"inLanguage":"fi","potentialAction":[{"@type":"ReadAction","target":["https:\/\/animo.eu\/fi\/sijainnit\/"]}]},{"@type":"ImageObject","inLanguage":"fi","@id":"https:\/\/animo.eu\/fi\/sijainnit\/#primaryimage","url":"https:\/\/animo.eu\/wp-content\/uploads\/2023\/01\/2022_04_04-animo-030-e1676041216579.jpg","contentUrl":"https:\/\/animo.eu\/wp-content\/uploads\/2023\/01\/2022_04_04-animo-030-e1676041216579.jpg","width":2000,"height":1115},{"@type":"BreadcrumbList","@id":"https:\/\/animo.eu\/fi\/sijainnit\/#breadcrumb","itemListElement":[{"@type":"ListItem","position":1,"name":"Home","item":"https:\/\/animo.eu\/fi\/"},{"@type":"ListItem","position":2,"name":"Sijainnit"}]},{"@type":"WebSite","@id":"https:\/\/animo.eu\/fi\/#website","url":"https:\/\/animo.eu\/fi\/","name":"","description":"","potentialAction":[{"@type":"SearchAction","target":{"@type":"EntryPoint","urlTemplate":"https:\/\/animo.eu\/fi\/?s={search_term_string}"},"query-input":{"@type":"PropertyValueSpecification","valueRequired":true,"valueName":"search_term_string"}}],"inLanguage":"fi"}]}},"_links":{"self":[{"href":"https:\/\/animo.eu\/fi\/wp-json\/wp\/v2\/pages\/36950"}],"collection":[{"href":"https:\/\/animo.eu\/fi\/wp-json\/wp\/v2\/pages"}],"about":[{"href":"https:\/\/animo.eu\/fi\/wp-json\/wp\/v2\/types\/page"}],"author":[{"embeddable":true,"href":"https:\/\/animo.eu\/fi\/wp-json\/wp\/v2\/users\/21"}],"replies":[{"embeddable":true,"href":"https:\/\/animo.eu\/fi\/wp-json\/wp\/v2\/comments?post=36950"}],"version-history":[{"count":5,"href":"https:\/\/animo.eu\/fi\/wp-json\/wp\/v2\/pages\/36950\/revisions"}],"predecessor-version":[{"id":44887,"href":"https:\/\/animo.eu\/fi\/wp-json\/wp\/v2\/pages\/36950\/revisions\/44887"}],"wp:featuredmedia":[{"embeddable":true,"href":"https:\/\/animo.eu\/fi\/wp-json\/wp\/v2\/media\/1396"}],"wp:attachment":[{"href":"https:\/\/animo.eu\/fi\/wp-json\/wp\/v2\/media?parent=36950"}],"curies":[{"name":"wp","href":"https:\/\/api.w.org\/{rel}","templated":true}]}}