{"id":36978,"date":"2023-03-09T13:45:17","date_gmt":"2023-03-09T12:45:17","guid":{"rendered":"https:\/\/animo.eu\/evasteet\/"},"modified":"2023-11-08T10:30:20","modified_gmt":"2023-11-08T09:30:20","slug":"evasteet","status":"publish","type":"page","link":"https:\/\/animo.eu\/fi\/evasteet\/","title":{"rendered":"Ev\u00e4steet"},"content":{"rendered":"\n<section  class=\"pane pane--white \">\n    <div class=\"container\">\n        <div class=\"row g-4 g-lg-8 g-xl-15 justify-content-center\">\n                                                <div class=\"col-12 col-lg-6\">\n                        <div class=\"pane__text\">\n                            <h1>Ev\u00e4steet<\/h1>\n<p>T\u00e4m\u00e4 ev\u00e4stek\u00e4yt\u00e4nt\u00f6 koskee kaikkia Animo.eu-sivuston k\u00e4ytt\u00e4ji\u00e4. Alta l\u00f6yd\u00e4t tarvittavat tiedot ev\u00e4steiden sijoittamisesta, k\u00e4yt\u00f6st\u00e4 ja hallinnoinnista Animo.eu:n toimesta, kun k\u00e4ytt\u00e4j\u00e4t vierailevat verkkosivustollamme.<\/p>\n<p><strong>Mit\u00e4 ev\u00e4steet ovat?<\/strong><\/p>\n<p>Ev\u00e4steet ovat pieni\u00e4 tiedostoja, jotka tallennetaan laitteeseesi (kannettava tietokone, tabletti, \u00e4lypuhelin tai vastaava laite), kun vierailet verkkosivustollamme. Ev\u00e4steit\u00e4 k\u00e4ytet\u00e4\u00e4n, jotta Animo.eu-sivusto toimisi tehokkaammin ja jotta voidaan ker\u00e4t\u00e4 tiettyj\u00e4 tietoja k\u00e4ytt\u00e4jien vuorovaikutuksesta verkkosivuston kanssa.<\/p>\n<p><strong>Animo.eu:n ev\u00e4steiden k\u00e4ytt\u00f6<\/strong><\/p>\n<p>Animo.eu k\u00e4ytt\u00e4\u00e4 ev\u00e4steit\u00e4:<\/p>\n<ul>\n<li>Helpottaa navigointia ja parantaa verkkosivuston k\u00e4ytt\u00f6kokemusta.<\/li>\n<li>Ker\u00e4t\u00e4 nimett\u00f6mi\u00e4 tietoja verkkosivustomme k\u00e4yt\u00f6st\u00e4 verkkosivuston suorituskyvyn optimoimiseksi.<\/li>\n<li>Markkinointistrategioiden personointiin n\u00e4ytt\u00e4m\u00e4ll\u00e4 relevantteja mainoksia.<\/li>\n<\/ul>\n<p><strong>K\u00e4ytettyjen ev\u00e4steiden luokat<\/strong><\/p>\n<ul>\n<li><strong>V\u00e4ltt\u00e4m\u00e4tt\u00f6m\u00e4t ev\u00e4steet<\/strong>: Ne ovat v\u00e4ltt\u00e4m\u00e4tt\u00f6mi\u00e4 verkkosivuston teknisen toiminnan kannalta, eik\u00e4 niit\u00e4 voi poistaa k\u00e4yt\u00f6st\u00e4.<\/li>\n<li><strong>Analyyttiset ev\u00e4steet<\/strong>: N\u00e4iden avulla voimme analysoida ja parantaa k\u00e4ytt\u00e4j\u00e4kokemusta ymm\u00e4rt\u00e4m\u00e4ll\u00e4, miten verkkosivustoa k\u00e4ytet\u00e4\u00e4n.<\/li>\n<li><strong>Toiminnalliset ev\u00e4steet<\/strong>: N\u00e4m\u00e4 muistavat mieltymyksesi ja valintasi verkkosivustolla.<\/li>\n<li><strong>Markkinointiev\u00e4steet<\/strong>: N\u00e4m\u00e4 on suunniteltu tukemaan markkinointikampanjoita, ja niiden tarkoituksena on tarjota asianmukaista mainontaa.<\/li>\n<\/ul>\n<p><strong>Ev\u00e4steit\u00e4 koskevat valintasi<\/strong><\/p>\n<p>Voit hallita ev\u00e4steasetuksiasi s\u00e4\u00e4t\u00e4m\u00e4ll\u00e4 selaimesi asetuksia. Voit hyl\u00e4t\u00e4 kaikki ev\u00e4steet tai hyv\u00e4ksy\u00e4 vain tietyt ev\u00e4steet. Huomaa, ett\u00e4 ev\u00e4steiden poistaminen k\u00e4yt\u00f6st\u00e4 voi vaikuttaa verkkosivustomme toimintaan.<\/p>\n<p><strong>Muutokset ev\u00e4stek\u00e4yt\u00e4nt\u00f6\u00f6n<\/strong><\/p>\n<p>Animo.eu voi muuttaa t\u00e4t\u00e4 ev\u00e4stek\u00e4yt\u00e4nt\u00f6\u00e4 milloin tahansa. Kehotamme k\u00e4ytt\u00e4ji\u00e4 tutustumaan t\u00e4h\u00e4n sivuun s\u00e4\u00e4nn\u00f6llisesti, jotta he pysyv\u00e4t ajan tasalla kaikista muutoksista.<\/p>\n<p><strong>Kysymykset ja yhteystiedot<\/strong><\/p>\n<p>Jos sinulla on kysytt\u00e4v\u00e4\u00e4 t\u00e4st\u00e4 k\u00e4yt\u00e4nn\u00f6st\u00e4 tai siit\u00e4, miten Animo.eu k\u00e4ytt\u00e4\u00e4 ev\u00e4steit\u00e4, voit ottaa meihin yhteytt\u00e4 osoitteeseen:<\/p>\n<p>Animo BV<br \/>\nDr. A.F. Philipsweg 47<br \/>\n9403 AD Assen, Alankomaat<br \/>\n+31(0)592-376376<br \/>\ninfo@animo.nl<\/p>\n<p>&nbsp;<\/p>\n                                                    <\/div>\n                    <\/div>\n                                    <\/div>\n    <\/div>\n<\/section>\n","protected":false},"excerpt":{"rendered":"","protected":false},"author":1,"featured_media":0,"parent":0,"menu_order":84,"comment_status":"closed","ping_status":"closed","template":"","meta":{"_acf_changed":false,"footnotes":""},"class_list":["post-36978","page","type-page","status-publish","hentry"],"acf":[],"yoast_head":"<!-- This site is optimized with the Yoast SEO plugin v25.5 - https:\/\/yoast.com\/wordpress\/plugins\/seo\/ -->\n<title>Ev\u00e4steet -<\/title>\n<meta name=\"description\" content=\"Ev\u00e4steet -\" \/>\n<meta name=\"robots\" content=\"index, follow, max-snippet:-1, max-image-preview:large, max-video-preview:-1\" \/>\n<link rel=\"canonical\" href=\"https:\/\/animo.eu\/fi\/evasteet\/\" \/>\n<meta property=\"og:locale\" content=\"fi_FI\" \/>\n<meta property=\"og:type\" content=\"article\" \/>\n<meta property=\"og:title\" content=\"Ev\u00e4steet -\" \/>\n<meta property=\"og:description\" content=\"Ev\u00e4steet -\" \/>\n<meta property=\"og:url\" content=\"https:\/\/animo.eu\/fi\/evasteet\/\" \/>\n<meta property=\"article:publisher\" content=\"https:\/\/www.facebook.com\/animobv\/\" \/>\n<meta property=\"article:modified_time\" content=\"2023-11-08T09:30:20+00:00\" \/>\n<meta property=\"og:image\" content=\"https:\/\/animo.eu\/wp-content\/uploads\/2023\/06\/animo-dedicated-logo.png\" \/>\n\t<meta property=\"og:image:width\" content=\"1000\" \/>\n\t<meta property=\"og:image:height\" content=\"364\" \/>\n\t<meta property=\"og:image:type\" content=\"image\/png\" \/>\n<meta name=\"twitter:card\" content=\"summary_large_image\" \/>\n<meta name=\"twitter:site\" content=\"@animokoffie\" \/>\n<script type=\"application\/ld+json\" class=\"yoast-schema-graph\">{\"@context\":\"https:\/\/schema.org\",\"@graph\":[{\"@type\":\"WebPage\",\"@id\":\"https:\/\/animo.eu\/fi\/evasteet\/\",\"url\":\"https:\/\/animo.eu\/fi\/evasteet\/\",\"name\":\"Ev\u00e4steet -\",\"isPartOf\":{\"@id\":\"https:\/\/animo.eu\/fi\/#website\"},\"datePublished\":\"2023-03-09T12:45:17+00:00\",\"dateModified\":\"2023-11-08T09:30:20+00:00\",\"description\":\"Ev\u00e4steet -\",\"breadcrumb\":{\"@id\":\"https:\/\/animo.eu\/fi\/evasteet\/#breadcrumb\"},\"inLanguage\":\"fi\",\"potentialAction\":[{\"@type\":\"ReadAction\",\"target\":[\"https:\/\/animo.eu\/fi\/evasteet\/\"]}]},{\"@type\":\"BreadcrumbList\",\"@id\":\"https:\/\/animo.eu\/fi\/evasteet\/#breadcrumb\",\"itemListElement\":[{\"@type\":\"ListItem\",\"position\":1,\"name\":\"Home\",\"item\":\"https:\/\/animo.eu\/fi\/\"},{\"@type\":\"ListItem\",\"position\":2,\"name\":\"Ev\u00e4steet\"}]},{\"@type\":\"WebSite\",\"@id\":\"https:\/\/animo.eu\/fi\/#website\",\"url\":\"https:\/\/animo.eu\/fi\/\",\"name\":\"\",\"description\":\"\",\"potentialAction\":[{\"@type\":\"SearchAction\",\"target\":{\"@type\":\"EntryPoint\",\"urlTemplate\":\"https:\/\/animo.eu\/fi\/?s={search_term_string}\"},\"query-input\":{\"@type\":\"PropertyValueSpecification\",\"valueRequired\":true,\"valueName\":\"search_term_string\"}}],\"inLanguage\":\"fi\"}]}<\/script>\n<!-- \/ Yoast SEO plugin. -->","yoast_head_json":{"title":"Ev\u00e4steet -","description":"Ev\u00e4steet -","robots":{"index":"index","follow":"follow","max-snippet":"max-snippet:-1","max-image-preview":"max-image-preview:large","max-video-preview":"max-video-preview:-1"},"canonical":"https:\/\/animo.eu\/fi\/evasteet\/","og_locale":"fi_FI","og_type":"article","og_title":"Ev\u00e4steet -","og_description":"Ev\u00e4steet -","og_url":"https:\/\/animo.eu\/fi\/evasteet\/","article_publisher":"https:\/\/www.facebook.com\/animobv\/","article_modified_time":"2023-11-08T09:30:20+00:00","og_image":[{"width":1000,"height":364,"url":"https:\/\/animo.eu\/wp-content\/uploads\/2023\/06\/animo-dedicated-logo.png","type":"image\/png"}],"twitter_card":"summary_large_image","twitter_site":"@animokoffie","schema":{"@context":"https:\/\/schema.org","@graph":[{"@type":"WebPage","@id":"https:\/\/animo.eu\/fi\/evasteet\/","url":"https:\/\/animo.eu\/fi\/evasteet\/","name":"Ev\u00e4steet -","isPartOf":{"@id":"https:\/\/animo.eu\/fi\/#website"},"datePublished":"2023-03-09T12:45:17+00:00","dateModified":"2023-11-08T09:30:20+00:00","description":"Ev\u00e4steet -","breadcrumb":{"@id":"https:\/\/animo.eu\/fi\/evasteet\/#breadcrumb"},"inLanguage":"fi","potentialAction":[{"@type":"ReadAction","target":["https:\/\/animo.eu\/fi\/evasteet\/"]}]},{"@type":"BreadcrumbList","@id":"https:\/\/animo.eu\/fi\/evasteet\/#breadcrumb","itemListElement":[{"@type":"ListItem","position":1,"name":"Home","item":"https:\/\/animo.eu\/fi\/"},{"@type":"ListItem","position":2,"name":"Ev\u00e4steet"}]},{"@type":"WebSite","@id":"https:\/\/animo.eu\/fi\/#website","url":"https:\/\/animo.eu\/fi\/","name":"","description":"","potentialAction":[{"@type":"SearchAction","target":{"@type":"EntryPoint","urlTemplate":"https:\/\/animo.eu\/fi\/?s={search_term_string}"},"query-input":{"@type":"PropertyValueSpecification","valueRequired":true,"valueName":"search_term_string"}}],"inLanguage":"fi"}]}},"_links":{"self":[{"href":"https:\/\/animo.eu\/fi\/wp-json\/wp\/v2\/pages\/36978"}],"collection":[{"href":"https:\/\/animo.eu\/fi\/wp-json\/wp\/v2\/pages"}],"about":[{"href":"https:\/\/animo.eu\/fi\/wp-json\/wp\/v2\/types\/page"}],"author":[{"embeddable":true,"href":"https:\/\/animo.eu\/fi\/wp-json\/wp\/v2\/users\/1"}],"replies":[{"embeddable":true,"href":"https:\/\/animo.eu\/fi\/wp-json\/wp\/v2\/comments?post=36978"}],"version-history":[{"count":1,"href":"https:\/\/animo.eu\/fi\/wp-json\/wp\/v2\/pages\/36978\/revisions"}],"predecessor-version":[{"id":36979,"href":"https:\/\/animo.eu\/fi\/wp-json\/wp\/v2\/pages\/36978\/revisions\/36979"}],"wp:attachment":[{"href":"https:\/\/animo.eu\/fi\/wp-json\/wp\/v2\/media?parent=36978"}],"curies":[{"name":"wp","href":"https:\/\/api.w.org\/{rel}","templated":true}]}}