{"id":37573,"date":"2023-09-08T13:56:14","date_gmt":"2023-09-08T11:56:14","guid":{"rendered":"https:\/\/animo.eu\/vesipumput\/"},"modified":"2023-11-13T11:13:53","modified_gmt":"2023-11-13T10:13:53","slug":"vesipumput","status":"publish","type":"page","link":"https:\/\/animo.eu\/fi\/vesipumput\/","title":{"rendered":"Vesipumput"},"content":{"rendered":"\n<section  class=\"pane pane--white \">\n    <div class=\"container\">\n                    <div class=\"row justify-content-center mb-4\">\n                <div class=\"col-12\">\n                    <div class=\"pane__text\">\n                        <h2>Itsen\u00e4inen vesipumppu<\/h2>\n                    <\/div>\n                <\/div>\n            <\/div>\n        \n                                \n                            <div class=\"row row--equalized g-4 g-lg-3 g-xl-6\">\n                                            <div class=\"col-12 col-md-6 col-lg-3\">\n                            <div class=\"card card--product\">\n                    <div class=\"card__image\">\n                    <img decoding=\"async\" width=\"437\" height=\"550\" src=\"https:\/\/animo.eu\/wp-content\/uploads\/2023\/09\/Waterpomp-en-fles-437x550.png\" class=\"image wp-post-image\" alt=\"\" loading=\"lazy\" srcset=\"https:\/\/animo.eu\/wp-content\/uploads\/2023\/09\/Waterpomp-en-fles-437x550.png 437w, https:\/\/animo.eu\/wp-content\/uploads\/2023\/09\/Waterpomp-en-fles-238x300.png 238w, https:\/\/animo.eu\/wp-content\/uploads\/2023\/09\/Waterpomp-en-fles-813x1024.png 813w, https:\/\/animo.eu\/wp-content\/uploads\/2023\/09\/Waterpomp-en-fles-768x968.png 768w, https:\/\/animo.eu\/wp-content\/uploads\/2023\/09\/Waterpomp-en-fles-1219x1536.png 1219w, https:\/\/animo.eu\/wp-content\/uploads\/2023\/09\/Waterpomp-en-fles-1626x2048.png 1626w, https:\/\/animo.eu\/wp-content\/uploads\/2023\/09\/Waterpomp-en-fles-56x70.png 56w, https:\/\/animo.eu\/wp-content\/uploads\/2023\/09\/Waterpomp-en-fles-635x800.png 635w, https:\/\/animo.eu\/wp-content\/uploads\/2023\/09\/Waterpomp-en-fles-79x100.png 79w, https:\/\/animo.eu\/wp-content\/uploads\/2023\/09\/Waterpomp-en-fles-119x150.png 119w\" sizes=\"(max-width: 437px) 100vw, 437px\" \/>                <\/div>\n    <div class=\"card-body\">\n        <h3 class=\"card-title\">Vesipumput<\/h3>\n                    <p class=\"mb-0\">Jos sinulla ei ole kiinte\u00e4\u00e4 vesiliit\u00e4nt\u00e4\u00e4<\/p>\n            <\/div>\n    <div class=\"card-footer\">\n        <span class=\"btn btn-outline-secondary\">\n            <span class=\"btn__text\">Lis\u00e4tietoja<\/span>\n            <svg class=\"icon icon--20 icon--arrow\">\n                <use xlink:href=\"https:\/\/animo.eu\/wp-content\/themes\/animo\/build\/img\/symbols.svg#arrow-right\"><\/use>\n            <\/svg>\n        <\/span>\n    <\/div>\n    <a class=\"stretched-link\" href=\"https:\/\/animo.eu\/fi\/vesipumput\/vesipumput\/\"><\/a>\n<\/div>\n                        <\/div>\n                                    <\/div>\n                                         <\/div>\n<\/section>\n\n<section  class=\"pane pane--white \">\n    <div class=\"container\">\n        <div class=\"row g-4 g-lg-8 g-xl-15 g-xxl-20 align-items-center flex-lg-row-reverse\">\n                            <div class=\"col-12 col-lg-6\">\n                    <div class=\"pane__text\">\n                        <h2 class=\"paragraph-title\">Eik\u00f6 sinulla ole kiinte\u00e4\u00e4 vesiliit\u00e4nt\u00e4\u00e4?<\/h2>\n<p>K\u00e4yt\u00e4 sitten Animon Flojet-vesipumppua. T\u00e4ydellinen sarja sis\u00e4lt\u00e4\u00e4 pumpun (230V\/60W), vesis\u00e4ili\u00f6n ja 6 metri\u00e4 liit\u00e4nt\u00e4letkua. Laite on helppo asentaa peruskaappiin.<\/p>\n                                                \n                    <\/div>\n                <\/div>\n                                <\/div>\n    <\/div>\n<\/section>\n","protected":false},"excerpt":{"rendered":"","protected":false},"author":21,"featured_media":25465,"parent":0,"menu_order":53,"comment_status":"closed","ping_status":"closed","template":"","meta":{"_acf_changed":false,"footnotes":""},"class_list":["post-37573","page","type-page","status-publish","has-post-thumbnail","hentry"],"acf":[],"yoast_head":"<!-- This site is optimized with the Yoast SEO plugin v25.5 - https:\/\/yoast.com\/wordpress\/plugins\/seo\/ -->\n<title>Vesipumput -<\/title>\n<meta name=\"description\" content=\"Vesipumput -\" \/>\n<meta name=\"robots\" content=\"index, follow, max-snippet:-1, max-image-preview:large, max-video-preview:-1\" \/>\n<link rel=\"canonical\" href=\"https:\/\/animo.eu\/fi\/vesipumput\/\" \/>\n<meta property=\"og:locale\" content=\"fi_FI\" \/>\n<meta property=\"og:type\" content=\"article\" \/>\n<meta property=\"og:title\" content=\"Vesipumput -\" \/>\n<meta property=\"og:description\" content=\"Vesipumput -\" \/>\n<meta property=\"og:url\" content=\"https:\/\/animo.eu\/fi\/vesipumput\/\" \/>\n<meta property=\"article:publisher\" content=\"https:\/\/www.facebook.com\/animobv\/\" \/>\n<meta property=\"article:modified_time\" content=\"2023-11-13T10:13:53+00:00\" \/>\n<meta property=\"og:image\" content=\"https:\/\/animo.eu\/wp-content\/uploads\/2023\/09\/Animo-waterpomp-93500-lichte-fles.png\" \/>\n\t<meta property=\"og:image:width\" content=\"1772\" \/>\n\t<meta property=\"og:image:height\" content=\"1475\" \/>\n\t<meta property=\"og:image:type\" content=\"image\/png\" \/>\n<meta name=\"twitter:card\" content=\"summary_large_image\" \/>\n<meta name=\"twitter:site\" content=\"@animokoffie\" \/>\n<script type=\"application\/ld+json\" class=\"yoast-schema-graph\">{\"@context\":\"https:\/\/schema.org\",\"@graph\":[{\"@type\":\"WebPage\",\"@id\":\"https:\/\/animo.eu\/fi\/vesipumput\/\",\"url\":\"https:\/\/animo.eu\/fi\/vesipumput\/\",\"name\":\"Vesipumput -\",\"isPartOf\":{\"@id\":\"https:\/\/animo.eu\/fi\/#website\"},\"primaryImageOfPage\":{\"@id\":\"https:\/\/animo.eu\/fi\/vesipumput\/#primaryimage\"},\"image\":{\"@id\":\"https:\/\/animo.eu\/fi\/vesipumput\/#primaryimage\"},\"thumbnailUrl\":\"https:\/\/animo.eu\/wp-content\/uploads\/2023\/09\/Animo-waterpomp-93500-lichte-fles.png\",\"datePublished\":\"2023-09-08T11:56:14+00:00\",\"dateModified\":\"2023-11-13T10:13:53+00:00\",\"description\":\"Vesipumput -\",\"breadcrumb\":{\"@id\":\"https:\/\/animo.eu\/fi\/vesipumput\/#breadcrumb\"},\"inLanguage\":\"fi\",\"potentialAction\":[{\"@type\":\"ReadAction\",\"target\":[\"https:\/\/animo.eu\/fi\/vesipumput\/\"]}]},{\"@type\":\"ImageObject\",\"inLanguage\":\"fi\",\"@id\":\"https:\/\/animo.eu\/fi\/vesipumput\/#primaryimage\",\"url\":\"https:\/\/animo.eu\/wp-content\/uploads\/2023\/09\/Animo-waterpomp-93500-lichte-fles.png\",\"contentUrl\":\"https:\/\/animo.eu\/wp-content\/uploads\/2023\/09\/Animo-waterpomp-93500-lichte-fles.png\",\"width\":1772,\"height\":1475},{\"@type\":\"BreadcrumbList\",\"@id\":\"https:\/\/animo.eu\/fi\/vesipumput\/#breadcrumb\",\"itemListElement\":[{\"@type\":\"ListItem\",\"position\":1,\"name\":\"Home\",\"item\":\"https:\/\/animo.eu\/fi\/\"},{\"@type\":\"ListItem\",\"position\":2,\"name\":\"Vesipumput\"}]},{\"@type\":\"WebSite\",\"@id\":\"https:\/\/animo.eu\/fi\/#website\",\"url\":\"https:\/\/animo.eu\/fi\/\",\"name\":\"\",\"description\":\"\",\"potentialAction\":[{\"@type\":\"SearchAction\",\"target\":{\"@type\":\"EntryPoint\",\"urlTemplate\":\"https:\/\/animo.eu\/fi\/?s={search_term_string}\"},\"query-input\":{\"@type\":\"PropertyValueSpecification\",\"valueRequired\":true,\"valueName\":\"search_term_string\"}}],\"inLanguage\":\"fi\"}]}<\/script>\n<!-- \/ Yoast SEO plugin. -->","yoast_head_json":{"title":"Vesipumput -","description":"Vesipumput -","robots":{"index":"index","follow":"follow","max-snippet":"max-snippet:-1","max-image-preview":"max-image-preview:large","max-video-preview":"max-video-preview:-1"},"canonical":"https:\/\/animo.eu\/fi\/vesipumput\/","og_locale":"fi_FI","og_type":"article","og_title":"Vesipumput -","og_description":"Vesipumput -","og_url":"https:\/\/animo.eu\/fi\/vesipumput\/","article_publisher":"https:\/\/www.facebook.com\/animobv\/","article_modified_time":"2023-11-13T10:13:53+00:00","og_image":[{"width":1772,"height":1475,"url":"https:\/\/animo.eu\/wp-content\/uploads\/2023\/09\/Animo-waterpomp-93500-lichte-fles.png","type":"image\/png"}],"twitter_card":"summary_large_image","twitter_site":"@animokoffie","schema":{"@context":"https:\/\/schema.org","@graph":[{"@type":"WebPage","@id":"https:\/\/animo.eu\/fi\/vesipumput\/","url":"https:\/\/animo.eu\/fi\/vesipumput\/","name":"Vesipumput -","isPartOf":{"@id":"https:\/\/animo.eu\/fi\/#website"},"primaryImageOfPage":{"@id":"https:\/\/animo.eu\/fi\/vesipumput\/#primaryimage"},"image":{"@id":"https:\/\/animo.eu\/fi\/vesipumput\/#primaryimage"},"thumbnailUrl":"https:\/\/animo.eu\/wp-content\/uploads\/2023\/09\/Animo-waterpomp-93500-lichte-fles.png","datePublished":"2023-09-08T11:56:14+00:00","dateModified":"2023-11-13T10:13:53+00:00","description":"Vesipumput -","breadcrumb":{"@id":"https:\/\/animo.eu\/fi\/vesipumput\/#breadcrumb"},"inLanguage":"fi","potentialAction":[{"@type":"ReadAction","target":["https:\/\/animo.eu\/fi\/vesipumput\/"]}]},{"@type":"ImageObject","inLanguage":"fi","@id":"https:\/\/animo.eu\/fi\/vesipumput\/#primaryimage","url":"https:\/\/animo.eu\/wp-content\/uploads\/2023\/09\/Animo-waterpomp-93500-lichte-fles.png","contentUrl":"https:\/\/animo.eu\/wp-content\/uploads\/2023\/09\/Animo-waterpomp-93500-lichte-fles.png","width":1772,"height":1475},{"@type":"BreadcrumbList","@id":"https:\/\/animo.eu\/fi\/vesipumput\/#breadcrumb","itemListElement":[{"@type":"ListItem","position":1,"name":"Home","item":"https:\/\/animo.eu\/fi\/"},{"@type":"ListItem","position":2,"name":"Vesipumput"}]},{"@type":"WebSite","@id":"https:\/\/animo.eu\/fi\/#website","url":"https:\/\/animo.eu\/fi\/","name":"","description":"","potentialAction":[{"@type":"SearchAction","target":{"@type":"EntryPoint","urlTemplate":"https:\/\/animo.eu\/fi\/?s={search_term_string}"},"query-input":{"@type":"PropertyValueSpecification","valueRequired":true,"valueName":"search_term_string"}}],"inLanguage":"fi"}]}},"_links":{"self":[{"href":"https:\/\/animo.eu\/fi\/wp-json\/wp\/v2\/pages\/37573"}],"collection":[{"href":"https:\/\/animo.eu\/fi\/wp-json\/wp\/v2\/pages"}],"about":[{"href":"https:\/\/animo.eu\/fi\/wp-json\/wp\/v2\/types\/page"}],"author":[{"embeddable":true,"href":"https:\/\/animo.eu\/fi\/wp-json\/wp\/v2\/users\/21"}],"replies":[{"embeddable":true,"href":"https:\/\/animo.eu\/fi\/wp-json\/wp\/v2\/comments?post=37573"}],"version-history":[{"count":1,"href":"https:\/\/animo.eu\/fi\/wp-json\/wp\/v2\/pages\/37573\/revisions"}],"predecessor-version":[{"id":37574,"href":"https:\/\/animo.eu\/fi\/wp-json\/wp\/v2\/pages\/37573\/revisions\/37574"}],"wp:featuredmedia":[{"embeddable":true,"href":"https:\/\/animo.eu\/fi\/wp-json\/wp\/v2\/media\/25465"}],"wp:attachment":[{"href":"https:\/\/animo.eu\/fi\/wp-json\/wp\/v2\/media?parent=37573"}],"curies":[{"name":"wp","href":"https:\/\/api.w.org\/{rel}","templated":true}]}}