{"id":37623,"date":"2023-09-07T11:27:33","date_gmt":"2023-09-07T09:27:33","guid":{"rendered":"https:\/\/animo.eu\/kannut\/"},"modified":"2023-11-13T11:49:23","modified_gmt":"2023-11-13T10:49:23","slug":"kannut","status":"publish","type":"page","link":"https:\/\/animo.eu\/fi\/kannut\/","title":{"rendered":"Kannut"},"content":{"rendered":"\n<section  class=\"pane pane--white \">\n    <div class=\"container\">\n                    <div class=\"row justify-content-center mb-4\">\n                <div class=\"col-12\">\n                    <div class=\"pane__text\">\n                        <h2>Animo kannut<\/h2>\n                    <\/div>\n                <\/div>\n            <\/div>\n        \n                                \n                            <div class=\"row row--equalized g-4 g-lg-3 g-xl-6\">\n                                            <div class=\"col-12 col-md-6 col-lg-3\">\n                            <div class=\"card card--product\">\n                    <div class=\"card__image\">\n                    <img decoding=\"async\" width=\"550\" height=\"458\" src=\"https:\/\/animo.eu\/wp-content\/uploads\/2023\/09\/Animo-kannen-assortiment-550x458.png\" class=\"image wp-post-image\" alt=\"\" loading=\"lazy\" srcset=\"https:\/\/animo.eu\/wp-content\/uploads\/2023\/09\/Animo-kannen-assortiment-550x458.png 550w, https:\/\/animo.eu\/wp-content\/uploads\/2023\/09\/Animo-kannen-assortiment-300x250.png 300w, https:\/\/animo.eu\/wp-content\/uploads\/2023\/09\/Animo-kannen-assortiment-1024x852.png 1024w, https:\/\/animo.eu\/wp-content\/uploads\/2023\/09\/Animo-kannen-assortiment-768x639.png 768w, https:\/\/animo.eu\/wp-content\/uploads\/2023\/09\/Animo-kannen-assortiment-1536x1279.png 1536w, https:\/\/animo.eu\/wp-content\/uploads\/2023\/09\/Animo-kannen-assortiment-70x58.png 70w, https:\/\/animo.eu\/wp-content\/uploads\/2023\/09\/Animo-kannen-assortiment-800x666.png 800w, https:\/\/animo.eu\/wp-content\/uploads\/2023\/09\/Animo-kannen-assortiment-120x100.png 120w, https:\/\/animo.eu\/wp-content\/uploads\/2023\/09\/Animo-kannen-assortiment-150x125.png 150w, https:\/\/animo.eu\/wp-content\/uploads\/2023\/09\/Animo-kannen-assortiment.png 1772w\" sizes=\"(max-width: 550px) 100vw, 550px\" \/>                <\/div>\n    <div class=\"card-body\">\n        <h3 class=\"card-title\">Kannut<\/h3>\n                    <p class=\"mb-0\">Ihanteellinen kahville ja muille kuumille juomille<\/p>\n            <\/div>\n    <div class=\"card-footer\">\n        <span class=\"btn btn-outline-secondary\">\n            <span class=\"btn__text\">Lis\u00e4tietoja<\/span>\n            <svg class=\"icon icon--20 icon--arrow\">\n                <use xlink:href=\"https:\/\/animo.eu\/wp-content\/themes\/animo\/build\/img\/symbols.svg#arrow-right\"><\/use>\n            <\/svg>\n        <\/span>\n    <\/div>\n    <a class=\"stretched-link\" href=\"https:\/\/animo.eu\/fi\/kannut\/kannut\/\"><\/a>\n<\/div>\n                        <\/div>\n                                    <\/div>\n                                         <\/div>\n<\/section>\n\n<section  class=\"pane pane--white \">\n    <div class=\"container\">\n        <div class=\"row g-4 g-lg-8 g-xl-15 g-xxl-20 align-items-center flex-lg-row-reverse\">\n                            <div class=\"col-12 col-lg-6\">\n                    <div class=\"pane__text\">\n                        <h2>Kaunis, kest\u00e4v\u00e4 ja helppo puhdistaa<\/h2>\n<p>Edess\u00e4 mausteinen ty\u00f6kokous? Toiminta paikan p\u00e4\u00e4ll\u00e4? Hajaantuneet vieraat valuvat sis\u00e4\u00e4n? Kun sinulla on hyv\u00e4 termospullo, olet valmis kaikkeen. Animon termoskannut ovat ihanteellisia kahville ja muille kuumille juomille. Mutta tiesitk\u00f6, ett\u00e4 se tekee jerist\u00e4 my\u00f6s eritt\u00e4in hyv\u00e4n j\u00e4\u00e4hdytettyjen juomien viilent\u00e4j\u00e4n? Jokaiseen malliin: kaunis, kest\u00e4v\u00e4 ja helppo puhdistaa!<\/p>\n                                                \n                    <\/div>\n                <\/div>\n                                <\/div>\n    <\/div>\n<\/section>\n","protected":false},"excerpt":{"rendered":"","protected":false},"author":21,"featured_media":24835,"parent":0,"menu_order":49,"comment_status":"closed","ping_status":"closed","template":"","meta":{"_acf_changed":false,"footnotes":""},"class_list":["post-37623","page","type-page","status-publish","has-post-thumbnail","hentry"],"acf":[],"yoast_head":"<!-- This site is optimized with the Yoast SEO plugin v25.5 - https:\/\/yoast.com\/wordpress\/plugins\/seo\/ -->\n<title>Kannut -<\/title>\n<meta name=\"description\" content=\"Kannut -\" \/>\n<meta name=\"robots\" content=\"index, follow, max-snippet:-1, max-image-preview:large, max-video-preview:-1\" \/>\n<link rel=\"canonical\" href=\"https:\/\/animo.eu\/fi\/kannut\/\" \/>\n<meta property=\"og:locale\" content=\"fi_FI\" \/>\n<meta property=\"og:type\" content=\"article\" \/>\n<meta property=\"og:title\" content=\"Kannut -\" \/>\n<meta property=\"og:description\" content=\"Kannut -\" \/>\n<meta property=\"og:url\" content=\"https:\/\/animo.eu\/fi\/kannut\/\" \/>\n<meta property=\"article:publisher\" content=\"https:\/\/www.facebook.com\/animobv\/\" \/>\n<meta property=\"article:modified_time\" content=\"2023-11-13T10:49:23+00:00\" \/>\n<meta property=\"og:image\" content=\"https:\/\/animo.eu\/wp-content\/uploads\/2023\/09\/Animo-Filter-paper-90-250.png\" \/>\n\t<meta property=\"og:image:width\" content=\"1236\" \/>\n\t<meta property=\"og:image:height\" content=\"868\" \/>\n\t<meta property=\"og:image:type\" content=\"image\/png\" \/>\n<meta name=\"twitter:card\" content=\"summary_large_image\" \/>\n<meta name=\"twitter:site\" content=\"@animokoffie\" \/>\n<script type=\"application\/ld+json\" class=\"yoast-schema-graph\">{\"@context\":\"https:\/\/schema.org\",\"@graph\":[{\"@type\":\"WebPage\",\"@id\":\"https:\/\/animo.eu\/fi\/kannut\/\",\"url\":\"https:\/\/animo.eu\/fi\/kannut\/\",\"name\":\"Kannut -\",\"isPartOf\":{\"@id\":\"https:\/\/animo.eu\/fi\/#website\"},\"primaryImageOfPage\":{\"@id\":\"https:\/\/animo.eu\/fi\/kannut\/#primaryimage\"},\"image\":{\"@id\":\"https:\/\/animo.eu\/fi\/kannut\/#primaryimage\"},\"thumbnailUrl\":\"https:\/\/animo.eu\/wp-content\/uploads\/2023\/09\/Animo-Filter-paper-90-250.png\",\"datePublished\":\"2023-09-07T09:27:33+00:00\",\"dateModified\":\"2023-11-13T10:49:23+00:00\",\"description\":\"Kannut -\",\"breadcrumb\":{\"@id\":\"https:\/\/animo.eu\/fi\/kannut\/#breadcrumb\"},\"inLanguage\":\"fi\",\"potentialAction\":[{\"@type\":\"ReadAction\",\"target\":[\"https:\/\/animo.eu\/fi\/kannut\/\"]}]},{\"@type\":\"ImageObject\",\"inLanguage\":\"fi\",\"@id\":\"https:\/\/animo.eu\/fi\/kannut\/#primaryimage\",\"url\":\"https:\/\/animo.eu\/wp-content\/uploads\/2023\/09\/Animo-Filter-paper-90-250.png\",\"contentUrl\":\"https:\/\/animo.eu\/wp-content\/uploads\/2023\/09\/Animo-Filter-paper-90-250.png\",\"width\":1236,\"height\":868},{\"@type\":\"BreadcrumbList\",\"@id\":\"https:\/\/animo.eu\/fi\/kannut\/#breadcrumb\",\"itemListElement\":[{\"@type\":\"ListItem\",\"position\":1,\"name\":\"Home\",\"item\":\"https:\/\/animo.eu\/fi\/\"},{\"@type\":\"ListItem\",\"position\":2,\"name\":\"Kannut\"}]},{\"@type\":\"WebSite\",\"@id\":\"https:\/\/animo.eu\/fi\/#website\",\"url\":\"https:\/\/animo.eu\/fi\/\",\"name\":\"\",\"description\":\"\",\"potentialAction\":[{\"@type\":\"SearchAction\",\"target\":{\"@type\":\"EntryPoint\",\"urlTemplate\":\"https:\/\/animo.eu\/fi\/?s={search_term_string}\"},\"query-input\":{\"@type\":\"PropertyValueSpecification\",\"valueRequired\":true,\"valueName\":\"search_term_string\"}}],\"inLanguage\":\"fi\"}]}<\/script>\n<!-- \/ Yoast SEO plugin. -->","yoast_head_json":{"title":"Kannut -","description":"Kannut -","robots":{"index":"index","follow":"follow","max-snippet":"max-snippet:-1","max-image-preview":"max-image-preview:large","max-video-preview":"max-video-preview:-1"},"canonical":"https:\/\/animo.eu\/fi\/kannut\/","og_locale":"fi_FI","og_type":"article","og_title":"Kannut -","og_description":"Kannut -","og_url":"https:\/\/animo.eu\/fi\/kannut\/","article_publisher":"https:\/\/www.facebook.com\/animobv\/","article_modified_time":"2023-11-13T10:49:23+00:00","og_image":[{"width":1236,"height":868,"url":"https:\/\/animo.eu\/wp-content\/uploads\/2023\/09\/Animo-Filter-paper-90-250.png","type":"image\/png"}],"twitter_card":"summary_large_image","twitter_site":"@animokoffie","schema":{"@context":"https:\/\/schema.org","@graph":[{"@type":"WebPage","@id":"https:\/\/animo.eu\/fi\/kannut\/","url":"https:\/\/animo.eu\/fi\/kannut\/","name":"Kannut -","isPartOf":{"@id":"https:\/\/animo.eu\/fi\/#website"},"primaryImageOfPage":{"@id":"https:\/\/animo.eu\/fi\/kannut\/#primaryimage"},"image":{"@id":"https:\/\/animo.eu\/fi\/kannut\/#primaryimage"},"thumbnailUrl":"https:\/\/animo.eu\/wp-content\/uploads\/2023\/09\/Animo-Filter-paper-90-250.png","datePublished":"2023-09-07T09:27:33+00:00","dateModified":"2023-11-13T10:49:23+00:00","description":"Kannut -","breadcrumb":{"@id":"https:\/\/animo.eu\/fi\/kannut\/#breadcrumb"},"inLanguage":"fi","potentialAction":[{"@type":"ReadAction","target":["https:\/\/animo.eu\/fi\/kannut\/"]}]},{"@type":"ImageObject","inLanguage":"fi","@id":"https:\/\/animo.eu\/fi\/kannut\/#primaryimage","url":"https:\/\/animo.eu\/wp-content\/uploads\/2023\/09\/Animo-Filter-paper-90-250.png","contentUrl":"https:\/\/animo.eu\/wp-content\/uploads\/2023\/09\/Animo-Filter-paper-90-250.png","width":1236,"height":868},{"@type":"BreadcrumbList","@id":"https:\/\/animo.eu\/fi\/kannut\/#breadcrumb","itemListElement":[{"@type":"ListItem","position":1,"name":"Home","item":"https:\/\/animo.eu\/fi\/"},{"@type":"ListItem","position":2,"name":"Kannut"}]},{"@type":"WebSite","@id":"https:\/\/animo.eu\/fi\/#website","url":"https:\/\/animo.eu\/fi\/","name":"","description":"","potentialAction":[{"@type":"SearchAction","target":{"@type":"EntryPoint","urlTemplate":"https:\/\/animo.eu\/fi\/?s={search_term_string}"},"query-input":{"@type":"PropertyValueSpecification","valueRequired":true,"valueName":"search_term_string"}}],"inLanguage":"fi"}]}},"_links":{"self":[{"href":"https:\/\/animo.eu\/fi\/wp-json\/wp\/v2\/pages\/37623"}],"collection":[{"href":"https:\/\/animo.eu\/fi\/wp-json\/wp\/v2\/pages"}],"about":[{"href":"https:\/\/animo.eu\/fi\/wp-json\/wp\/v2\/types\/page"}],"author":[{"embeddable":true,"href":"https:\/\/animo.eu\/fi\/wp-json\/wp\/v2\/users\/21"}],"replies":[{"embeddable":true,"href":"https:\/\/animo.eu\/fi\/wp-json\/wp\/v2\/comments?post=37623"}],"version-history":[{"count":1,"href":"https:\/\/animo.eu\/fi\/wp-json\/wp\/v2\/pages\/37623\/revisions"}],"predecessor-version":[{"id":37624,"href":"https:\/\/animo.eu\/fi\/wp-json\/wp\/v2\/pages\/37623\/revisions\/37624"}],"wp:featuredmedia":[{"embeddable":true,"href":"https:\/\/animo.eu\/fi\/wp-json\/wp\/v2\/media\/24835"}],"wp:attachment":[{"href":"https:\/\/animo.eu\/fi\/wp-json\/wp\/v2\/media?parent=37623"}],"curies":[{"name":"wp","href":"https:\/\/api.w.org\/{rel}","templated":true}]}}