{"id":37659,"date":"2023-09-07T08:32:29","date_gmt":"2023-09-07T06:32:29","guid":{"rendered":"https:\/\/animo.eu\/suodatinpaperi\/"},"modified":"2023-11-13T12:17:13","modified_gmt":"2023-11-13T11:17:13","slug":"suodatinpaperi","status":"publish","type":"page","link":"https:\/\/animo.eu\/fi\/suodatinpaperi\/","title":{"rendered":"Suodatinpaperi"},"content":{"rendered":"\n<section  class=\"pane pane--white \">\n    <div class=\"container\">\n                    <div class=\"row justify-content-center mb-4\">\n                <div class=\"col-12\">\n                    <div class=\"pane__text\">\n                        <h2>Suodatinpaperi<\/h2>\n                    <\/div>\n                <\/div>\n            <\/div>\n        \n                                \n                            <div class=\"row row--equalized g-4 g-lg-3 g-xl-6\">\n                                            <div class=\"col-12 col-md-6 col-lg-3\">\n                            <div class=\"card card--product\">\n                    <div class=\"card__image\">\n                    <img decoding=\"async\" width=\"550\" height=\"386\" src=\"https:\/\/animo.eu\/wp-content\/uploads\/2023\/09\/Animo-Filter-paper-90-250-550x386.png\" class=\"image wp-post-image\" alt=\"\" loading=\"lazy\" srcset=\"https:\/\/animo.eu\/wp-content\/uploads\/2023\/09\/Animo-Filter-paper-90-250-550x386.png 550w, https:\/\/animo.eu\/wp-content\/uploads\/2023\/09\/Animo-Filter-paper-90-250-300x211.png 300w, https:\/\/animo.eu\/wp-content\/uploads\/2023\/09\/Animo-Filter-paper-90-250-1024x719.png 1024w, https:\/\/animo.eu\/wp-content\/uploads\/2023\/09\/Animo-Filter-paper-90-250-768x539.png 768w, https:\/\/animo.eu\/wp-content\/uploads\/2023\/09\/Animo-Filter-paper-90-250-70x49.png 70w, https:\/\/animo.eu\/wp-content\/uploads\/2023\/09\/Animo-Filter-paper-90-250-800x562.png 800w, https:\/\/animo.eu\/wp-content\/uploads\/2023\/09\/Animo-Filter-paper-90-250-142x100.png 142w, https:\/\/animo.eu\/wp-content\/uploads\/2023\/09\/Animo-Filter-paper-90-250-150x105.png 150w, https:\/\/animo.eu\/wp-content\/uploads\/2023\/09\/Animo-Filter-paper-90-250.png 1236w\" sizes=\"(max-width: 550px) 100vw, 550px\" \/>                <\/div>\n    <div class=\"card-body\">\n        <h3 class=\"card-title\">Suodatinpaperi<\/h3>\n                    <p class=\"mb-0\">Paras suodatinpaperi todella hyv\u00e4\u00e4 kahvia varten<\/p>\n            <\/div>\n    <div class=\"card-footer\">\n        <span class=\"btn btn-outline-secondary\">\n            <span class=\"btn__text\">Lis\u00e4tietoja<\/span>\n            <svg class=\"icon icon--20 icon--arrow\">\n                <use xlink:href=\"https:\/\/animo.eu\/wp-content\/themes\/animo\/build\/img\/symbols.svg#arrow-right\"><\/use>\n            <\/svg>\n        <\/span>\n    <\/div>\n    <a class=\"stretched-link\" href=\"https:\/\/animo.eu\/fi\/suodatinpaperi\/suodatinpaperi\/\"><\/a>\n<\/div>\n                        <\/div>\n                                    <\/div>\n                                         <\/div>\n<\/section>\n\n<section  class=\"pane pane--white \">\n    <div class=\"container\">\n        <div class=\"row g-4 g-lg-8 g-xl-15 g-xxl-20 align-items-center flex-lg-row-reverse\">\n                            <div class=\"col-12 col-lg-6\">\n                    <div class=\"pane__text\">\n                        <h2>Paras suodatinpaperi todella hyv\u00e4\u00e4 kahvia varten<\/h2>\n<p>N\u00e4ill\u00e4 ymp\u00e4rist\u00f6yst\u00e4v\u00e4llisill\u00e4 suodattimilla takaamme maukkaan ja aromikkaan kahvin. Suodattimissamme k\u00e4ytet\u00e4\u00e4n tukevaa kreppipintaista paperia, joka suodattaa \u00f6ljyt ja rakeisen sakan pois, jolloin saat t\u00e4ytel\u00e4isen kahvikupillisen. Suodatin valkaistaan hapella ymp\u00e4rist\u00f6yst\u00e4v\u00e4llisell\u00e4 prosessilla.<\/p>\n                                                \n                    <\/div>\n                <\/div>\n                                <\/div>\n    <\/div>\n<\/section>\n","protected":false},"excerpt":{"rendered":"","protected":false},"author":21,"featured_media":24835,"parent":0,"menu_order":49,"comment_status":"closed","ping_status":"closed","template":"","meta":{"_acf_changed":false,"footnotes":""},"class_list":["post-37659","page","type-page","status-publish","has-post-thumbnail","hentry"],"acf":[],"yoast_head":"<!-- This site is optimized with the Yoast SEO plugin v25.5 - https:\/\/yoast.com\/wordpress\/plugins\/seo\/ -->\n<title>Suodatinpaperi -<\/title>\n<meta name=\"description\" content=\"Suodatinpaperi -\" \/>\n<meta name=\"robots\" content=\"index, follow, max-snippet:-1, max-image-preview:large, max-video-preview:-1\" \/>\n<link rel=\"canonical\" href=\"https:\/\/animo.eu\/fi\/suodatinpaperi\/\" \/>\n<meta property=\"og:locale\" content=\"fi_FI\" \/>\n<meta property=\"og:type\" content=\"article\" \/>\n<meta property=\"og:title\" content=\"Suodatinpaperi -\" \/>\n<meta property=\"og:description\" content=\"Suodatinpaperi -\" \/>\n<meta property=\"og:url\" content=\"https:\/\/animo.eu\/fi\/suodatinpaperi\/\" \/>\n<meta property=\"article:publisher\" content=\"https:\/\/www.facebook.com\/animobv\/\" \/>\n<meta property=\"article:modified_time\" content=\"2023-11-13T11:17:13+00:00\" \/>\n<meta property=\"og:image\" content=\"https:\/\/animo.eu\/wp-content\/uploads\/2023\/09\/Animo-Filter-paper-90-250.png\" \/>\n\t<meta property=\"og:image:width\" content=\"1236\" \/>\n\t<meta property=\"og:image:height\" content=\"868\" \/>\n\t<meta property=\"og:image:type\" content=\"image\/png\" \/>\n<meta name=\"twitter:card\" content=\"summary_large_image\" \/>\n<meta name=\"twitter:site\" content=\"@animokoffie\" \/>\n<script type=\"application\/ld+json\" class=\"yoast-schema-graph\">{\"@context\":\"https:\/\/schema.org\",\"@graph\":[{\"@type\":\"WebPage\",\"@id\":\"https:\/\/animo.eu\/fi\/suodatinpaperi\/\",\"url\":\"https:\/\/animo.eu\/fi\/suodatinpaperi\/\",\"name\":\"Suodatinpaperi -\",\"isPartOf\":{\"@id\":\"https:\/\/animo.eu\/fi\/#website\"},\"primaryImageOfPage\":{\"@id\":\"https:\/\/animo.eu\/fi\/suodatinpaperi\/#primaryimage\"},\"image\":{\"@id\":\"https:\/\/animo.eu\/fi\/suodatinpaperi\/#primaryimage\"},\"thumbnailUrl\":\"https:\/\/animo.eu\/wp-content\/uploads\/2023\/09\/Animo-Filter-paper-90-250.png\",\"datePublished\":\"2023-09-07T06:32:29+00:00\",\"dateModified\":\"2023-11-13T11:17:13+00:00\",\"description\":\"Suodatinpaperi -\",\"breadcrumb\":{\"@id\":\"https:\/\/animo.eu\/fi\/suodatinpaperi\/#breadcrumb\"},\"inLanguage\":\"fi\",\"potentialAction\":[{\"@type\":\"ReadAction\",\"target\":[\"https:\/\/animo.eu\/fi\/suodatinpaperi\/\"]}]},{\"@type\":\"ImageObject\",\"inLanguage\":\"fi\",\"@id\":\"https:\/\/animo.eu\/fi\/suodatinpaperi\/#primaryimage\",\"url\":\"https:\/\/animo.eu\/wp-content\/uploads\/2023\/09\/Animo-Filter-paper-90-250.png\",\"contentUrl\":\"https:\/\/animo.eu\/wp-content\/uploads\/2023\/09\/Animo-Filter-paper-90-250.png\",\"width\":1236,\"height\":868},{\"@type\":\"BreadcrumbList\",\"@id\":\"https:\/\/animo.eu\/fi\/suodatinpaperi\/#breadcrumb\",\"itemListElement\":[{\"@type\":\"ListItem\",\"position\":1,\"name\":\"Home\",\"item\":\"https:\/\/animo.eu\/fi\/\"},{\"@type\":\"ListItem\",\"position\":2,\"name\":\"Suodatinpaperi\"}]},{\"@type\":\"WebSite\",\"@id\":\"https:\/\/animo.eu\/fi\/#website\",\"url\":\"https:\/\/animo.eu\/fi\/\",\"name\":\"\",\"description\":\"\",\"potentialAction\":[{\"@type\":\"SearchAction\",\"target\":{\"@type\":\"EntryPoint\",\"urlTemplate\":\"https:\/\/animo.eu\/fi\/?s={search_term_string}\"},\"query-input\":{\"@type\":\"PropertyValueSpecification\",\"valueRequired\":true,\"valueName\":\"search_term_string\"}}],\"inLanguage\":\"fi\"}]}<\/script>\n<!-- \/ Yoast SEO plugin. -->","yoast_head_json":{"title":"Suodatinpaperi -","description":"Suodatinpaperi -","robots":{"index":"index","follow":"follow","max-snippet":"max-snippet:-1","max-image-preview":"max-image-preview:large","max-video-preview":"max-video-preview:-1"},"canonical":"https:\/\/animo.eu\/fi\/suodatinpaperi\/","og_locale":"fi_FI","og_type":"article","og_title":"Suodatinpaperi -","og_description":"Suodatinpaperi -","og_url":"https:\/\/animo.eu\/fi\/suodatinpaperi\/","article_publisher":"https:\/\/www.facebook.com\/animobv\/","article_modified_time":"2023-11-13T11:17:13+00:00","og_image":[{"width":1236,"height":868,"url":"https:\/\/animo.eu\/wp-content\/uploads\/2023\/09\/Animo-Filter-paper-90-250.png","type":"image\/png"}],"twitter_card":"summary_large_image","twitter_site":"@animokoffie","schema":{"@context":"https:\/\/schema.org","@graph":[{"@type":"WebPage","@id":"https:\/\/animo.eu\/fi\/suodatinpaperi\/","url":"https:\/\/animo.eu\/fi\/suodatinpaperi\/","name":"Suodatinpaperi -","isPartOf":{"@id":"https:\/\/animo.eu\/fi\/#website"},"primaryImageOfPage":{"@id":"https:\/\/animo.eu\/fi\/suodatinpaperi\/#primaryimage"},"image":{"@id":"https:\/\/animo.eu\/fi\/suodatinpaperi\/#primaryimage"},"thumbnailUrl":"https:\/\/animo.eu\/wp-content\/uploads\/2023\/09\/Animo-Filter-paper-90-250.png","datePublished":"2023-09-07T06:32:29+00:00","dateModified":"2023-11-13T11:17:13+00:00","description":"Suodatinpaperi -","breadcrumb":{"@id":"https:\/\/animo.eu\/fi\/suodatinpaperi\/#breadcrumb"},"inLanguage":"fi","potentialAction":[{"@type":"ReadAction","target":["https:\/\/animo.eu\/fi\/suodatinpaperi\/"]}]},{"@type":"ImageObject","inLanguage":"fi","@id":"https:\/\/animo.eu\/fi\/suodatinpaperi\/#primaryimage","url":"https:\/\/animo.eu\/wp-content\/uploads\/2023\/09\/Animo-Filter-paper-90-250.png","contentUrl":"https:\/\/animo.eu\/wp-content\/uploads\/2023\/09\/Animo-Filter-paper-90-250.png","width":1236,"height":868},{"@type":"BreadcrumbList","@id":"https:\/\/animo.eu\/fi\/suodatinpaperi\/#breadcrumb","itemListElement":[{"@type":"ListItem","position":1,"name":"Home","item":"https:\/\/animo.eu\/fi\/"},{"@type":"ListItem","position":2,"name":"Suodatinpaperi"}]},{"@type":"WebSite","@id":"https:\/\/animo.eu\/fi\/#website","url":"https:\/\/animo.eu\/fi\/","name":"","description":"","potentialAction":[{"@type":"SearchAction","target":{"@type":"EntryPoint","urlTemplate":"https:\/\/animo.eu\/fi\/?s={search_term_string}"},"query-input":{"@type":"PropertyValueSpecification","valueRequired":true,"valueName":"search_term_string"}}],"inLanguage":"fi"}]}},"_links":{"self":[{"href":"https:\/\/animo.eu\/fi\/wp-json\/wp\/v2\/pages\/37659"}],"collection":[{"href":"https:\/\/animo.eu\/fi\/wp-json\/wp\/v2\/pages"}],"about":[{"href":"https:\/\/animo.eu\/fi\/wp-json\/wp\/v2\/types\/page"}],"author":[{"embeddable":true,"href":"https:\/\/animo.eu\/fi\/wp-json\/wp\/v2\/users\/21"}],"replies":[{"embeddable":true,"href":"https:\/\/animo.eu\/fi\/wp-json\/wp\/v2\/comments?post=37659"}],"version-history":[{"count":1,"href":"https:\/\/animo.eu\/fi\/wp-json\/wp\/v2\/pages\/37659\/revisions"}],"predecessor-version":[{"id":37660,"href":"https:\/\/animo.eu\/fi\/wp-json\/wp\/v2\/pages\/37659\/revisions\/37660"}],"wp:featuredmedia":[{"embeddable":true,"href":"https:\/\/animo.eu\/fi\/wp-json\/wp\/v2\/media\/24835"}],"wp:attachment":[{"href":"https:\/\/animo.eu\/fi\/wp-json\/wp\/v2\/media?parent=37659"}],"curies":[{"name":"wp","href":"https:\/\/api.w.org\/{rel}","templated":true}]}}