{"id":41945,"date":"2023-09-06T11:15:15","date_gmt":"2023-09-06T09:15:15","guid":{"rendered":"https:\/\/animo.eu\/vedensuodattimet\/"},"modified":"2023-12-15T10:00:59","modified_gmt":"2023-12-15T09:00:59","slug":"vedensuodattimet","status":"publish","type":"page","link":"https:\/\/animo.eu\/fi\/vedensuodattimet\/","title":{"rendered":"Vedensuodattimet"},"content":{"rendered":"\n<section  class=\"pane pane--white \">\n    <div class=\"container\">\n                    <div class=\"row justify-content-center mb-4\">\n                <div class=\"col-12\">\n                    <div class=\"pane__text\">\n                        <h2>Vedensuodattimet<\/h2>\n                    <\/div>\n                <\/div>\n            <\/div>\n        \n                                \n                            <div class=\"row row--equalized g-4 g-lg-3 g-xl-6\">\n                                            <div class=\"col-12 col-md-6 col-lg-3\">\n                            <div class=\"card card--product\">\n                    <div class=\"card__image\">\n                    <img decoding=\"async\" width=\"550\" height=\"458\" src=\"https:\/\/animo.eu\/wp-content\/uploads\/2023\/09\/Waterfilters-assortiment-550x458.png\" class=\"image wp-post-image\" alt=\"\" loading=\"lazy\" srcset=\"https:\/\/animo.eu\/wp-content\/uploads\/2023\/09\/Waterfilters-assortiment-550x458.png 550w, https:\/\/animo.eu\/wp-content\/uploads\/2023\/09\/Waterfilters-assortiment-300x250.png 300w, https:\/\/animo.eu\/wp-content\/uploads\/2023\/09\/Waterfilters-assortiment-1024x852.png 1024w, https:\/\/animo.eu\/wp-content\/uploads\/2023\/09\/Waterfilters-assortiment-768x639.png 768w, https:\/\/animo.eu\/wp-content\/uploads\/2023\/09\/Waterfilters-assortiment-1536x1279.png 1536w, https:\/\/animo.eu\/wp-content\/uploads\/2023\/09\/Waterfilters-assortiment-70x58.png 70w, https:\/\/animo.eu\/wp-content\/uploads\/2023\/09\/Waterfilters-assortiment-800x666.png 800w, https:\/\/animo.eu\/wp-content\/uploads\/2023\/09\/Waterfilters-assortiment-120x100.png 120w, https:\/\/animo.eu\/wp-content\/uploads\/2023\/09\/Waterfilters-assortiment-150x125.png 150w, https:\/\/animo.eu\/wp-content\/uploads\/2023\/09\/Waterfilters-assortiment.png 1772w\" sizes=\"(max-width: 550px) 100vw, 550px\" \/>                <\/div>\n    <div class=\"card-body\">\n        <h3 class=\"card-title\">Vedensuodattimet<\/h3>\n                    <p class=\"mb-0\">Paremman makuista kahvia ja v\u00e4hemm\u00e4n koneen huoltoa<\/p>\n            <\/div>\n    <div class=\"card-footer\">\n        <span class=\"btn btn-outline-secondary\">\n            <span class=\"btn__text\">Lis\u00e4tietoja<\/span>\n            <svg class=\"icon icon--20 icon--arrow\">\n                <use xlink:href=\"https:\/\/animo.eu\/wp-content\/themes\/animo\/build\/img\/symbols.svg#arrow-right\"><\/use>\n            <\/svg>\n        <\/span>\n    <\/div>\n    <a class=\"stretched-link\" href=\"https:\/\/animo.eu\/fi\/vedensuodattimet\/vedensuodattimet\/\"><\/a>\n<\/div>\n                        <\/div>\n                                    <\/div>\n                                         <\/div>\n<\/section>\n\n<section  class=\"pane pane--white \">\n    <div class=\"container\">\n        <div class=\"row g-4 g-lg-8 g-xl-15 g-xxl-20 align-items-center flex-lg-row-reverse\">\n                            <div class=\"col-12 col-lg-6\">\n                    <div class=\"pane__text\">\n                        <p>Koska vesi muodostaa 98 prosenttia kahvista, sen koostumus on eritt\u00e4in t\u00e4rke\u00e4. Liiallinen suolapitoisuus (kloridi) johtaa yh\u00e4 useammin kahvinkeittimen materiaalien, kuten l\u00e4mmityselementtien, kattiloiden, pumppujen ja venttiilien vaurioitumiseen. Jotta kahvisi maistuisi paremmalta ja kahvinkeittimesi tarvitsisi v\u00e4hemm\u00e4n huoltoa, Animo toimittaa seuraavat vedensuodattimet.<\/p>\n                                                \n                    <\/div>\n                <\/div>\n                                <\/div>\n    <\/div>\n<\/section>\n","protected":false},"excerpt":{"rendered":"","protected":false},"author":21,"featured_media":24483,"parent":0,"menu_order":53,"comment_status":"closed","ping_status":"closed","template":"","meta":{"_acf_changed":false,"footnotes":""},"class_list":["post-41945","page","type-page","status-publish","has-post-thumbnail","hentry"],"acf":[],"yoast_head":"<!-- This site is optimized with the Yoast SEO plugin v25.5 - https:\/\/yoast.com\/wordpress\/plugins\/seo\/ -->\n<title>Vedensuodattimet -<\/title>\n<meta name=\"description\" content=\"Vedensuodattimet -\" \/>\n<meta name=\"robots\" content=\"index, follow, max-snippet:-1, max-image-preview:large, max-video-preview:-1\" \/>\n<link rel=\"canonical\" href=\"https:\/\/animo.eu\/fi\/vedensuodattimet\/\" \/>\n<meta property=\"og:locale\" content=\"fi_FI\" \/>\n<meta property=\"og:type\" content=\"article\" \/>\n<meta property=\"og:title\" content=\"Vedensuodattimet -\" \/>\n<meta property=\"og:description\" content=\"Vedensuodattimet -\" \/>\n<meta property=\"og:url\" content=\"https:\/\/animo.eu\/fi\/vedensuodattimet\/\" \/>\n<meta property=\"article:publisher\" content=\"https:\/\/www.facebook.com\/animobv\/\" \/>\n<meta property=\"article:modified_time\" content=\"2023-12-15T09:00:59+00:00\" \/>\n<meta property=\"og:image\" content=\"https:\/\/animo.eu\/wp-content\/uploads\/2023\/09\/Waterfilters-assortiment.png\" \/>\n\t<meta property=\"og:image:width\" content=\"1772\" \/>\n\t<meta property=\"og:image:height\" content=\"1475\" \/>\n\t<meta property=\"og:image:type\" content=\"image\/png\" \/>\n<meta name=\"twitter:card\" content=\"summary_large_image\" \/>\n<meta name=\"twitter:site\" content=\"@animokoffie\" \/>\n<script type=\"application\/ld+json\" class=\"yoast-schema-graph\">{\"@context\":\"https:\/\/schema.org\",\"@graph\":[{\"@type\":\"WebPage\",\"@id\":\"https:\/\/animo.eu\/fi\/vedensuodattimet\/\",\"url\":\"https:\/\/animo.eu\/fi\/vedensuodattimet\/\",\"name\":\"Vedensuodattimet -\",\"isPartOf\":{\"@id\":\"https:\/\/animo.eu\/fi\/#website\"},\"primaryImageOfPage\":{\"@id\":\"https:\/\/animo.eu\/fi\/vedensuodattimet\/#primaryimage\"},\"image\":{\"@id\":\"https:\/\/animo.eu\/fi\/vedensuodattimet\/#primaryimage\"},\"thumbnailUrl\":\"https:\/\/animo.eu\/wp-content\/uploads\/2023\/09\/Waterfilters-assortiment.png\",\"datePublished\":\"2023-09-06T09:15:15+00:00\",\"dateModified\":\"2023-12-15T09:00:59+00:00\",\"description\":\"Vedensuodattimet -\",\"breadcrumb\":{\"@id\":\"https:\/\/animo.eu\/fi\/vedensuodattimet\/#breadcrumb\"},\"inLanguage\":\"fi\",\"potentialAction\":[{\"@type\":\"ReadAction\",\"target\":[\"https:\/\/animo.eu\/fi\/vedensuodattimet\/\"]}]},{\"@type\":\"ImageObject\",\"inLanguage\":\"fi\",\"@id\":\"https:\/\/animo.eu\/fi\/vedensuodattimet\/#primaryimage\",\"url\":\"https:\/\/animo.eu\/wp-content\/uploads\/2023\/09\/Waterfilters-assortiment.png\",\"contentUrl\":\"https:\/\/animo.eu\/wp-content\/uploads\/2023\/09\/Waterfilters-assortiment.png\",\"width\":1772,\"height\":1475},{\"@type\":\"BreadcrumbList\",\"@id\":\"https:\/\/animo.eu\/fi\/vedensuodattimet\/#breadcrumb\",\"itemListElement\":[{\"@type\":\"ListItem\",\"position\":1,\"name\":\"Home\",\"item\":\"https:\/\/animo.eu\/fi\/\"},{\"@type\":\"ListItem\",\"position\":2,\"name\":\"Vedensuodattimet\"}]},{\"@type\":\"WebSite\",\"@id\":\"https:\/\/animo.eu\/fi\/#website\",\"url\":\"https:\/\/animo.eu\/fi\/\",\"name\":\"\",\"description\":\"\",\"potentialAction\":[{\"@type\":\"SearchAction\",\"target\":{\"@type\":\"EntryPoint\",\"urlTemplate\":\"https:\/\/animo.eu\/fi\/?s={search_term_string}\"},\"query-input\":{\"@type\":\"PropertyValueSpecification\",\"valueRequired\":true,\"valueName\":\"search_term_string\"}}],\"inLanguage\":\"fi\"}]}<\/script>\n<!-- \/ Yoast SEO plugin. -->","yoast_head_json":{"title":"Vedensuodattimet -","description":"Vedensuodattimet -","robots":{"index":"index","follow":"follow","max-snippet":"max-snippet:-1","max-image-preview":"max-image-preview:large","max-video-preview":"max-video-preview:-1"},"canonical":"https:\/\/animo.eu\/fi\/vedensuodattimet\/","og_locale":"fi_FI","og_type":"article","og_title":"Vedensuodattimet -","og_description":"Vedensuodattimet -","og_url":"https:\/\/animo.eu\/fi\/vedensuodattimet\/","article_publisher":"https:\/\/www.facebook.com\/animobv\/","article_modified_time":"2023-12-15T09:00:59+00:00","og_image":[{"width":1772,"height":1475,"url":"https:\/\/animo.eu\/wp-content\/uploads\/2023\/09\/Waterfilters-assortiment.png","type":"image\/png"}],"twitter_card":"summary_large_image","twitter_site":"@animokoffie","schema":{"@context":"https:\/\/schema.org","@graph":[{"@type":"WebPage","@id":"https:\/\/animo.eu\/fi\/vedensuodattimet\/","url":"https:\/\/animo.eu\/fi\/vedensuodattimet\/","name":"Vedensuodattimet -","isPartOf":{"@id":"https:\/\/animo.eu\/fi\/#website"},"primaryImageOfPage":{"@id":"https:\/\/animo.eu\/fi\/vedensuodattimet\/#primaryimage"},"image":{"@id":"https:\/\/animo.eu\/fi\/vedensuodattimet\/#primaryimage"},"thumbnailUrl":"https:\/\/animo.eu\/wp-content\/uploads\/2023\/09\/Waterfilters-assortiment.png","datePublished":"2023-09-06T09:15:15+00:00","dateModified":"2023-12-15T09:00:59+00:00","description":"Vedensuodattimet -","breadcrumb":{"@id":"https:\/\/animo.eu\/fi\/vedensuodattimet\/#breadcrumb"},"inLanguage":"fi","potentialAction":[{"@type":"ReadAction","target":["https:\/\/animo.eu\/fi\/vedensuodattimet\/"]}]},{"@type":"ImageObject","inLanguage":"fi","@id":"https:\/\/animo.eu\/fi\/vedensuodattimet\/#primaryimage","url":"https:\/\/animo.eu\/wp-content\/uploads\/2023\/09\/Waterfilters-assortiment.png","contentUrl":"https:\/\/animo.eu\/wp-content\/uploads\/2023\/09\/Waterfilters-assortiment.png","width":1772,"height":1475},{"@type":"BreadcrumbList","@id":"https:\/\/animo.eu\/fi\/vedensuodattimet\/#breadcrumb","itemListElement":[{"@type":"ListItem","position":1,"name":"Home","item":"https:\/\/animo.eu\/fi\/"},{"@type":"ListItem","position":2,"name":"Vedensuodattimet"}]},{"@type":"WebSite","@id":"https:\/\/animo.eu\/fi\/#website","url":"https:\/\/animo.eu\/fi\/","name":"","description":"","potentialAction":[{"@type":"SearchAction","target":{"@type":"EntryPoint","urlTemplate":"https:\/\/animo.eu\/fi\/?s={search_term_string}"},"query-input":{"@type":"PropertyValueSpecification","valueRequired":true,"valueName":"search_term_string"}}],"inLanguage":"fi"}]}},"_links":{"self":[{"href":"https:\/\/animo.eu\/fi\/wp-json\/wp\/v2\/pages\/41945"}],"collection":[{"href":"https:\/\/animo.eu\/fi\/wp-json\/wp\/v2\/pages"}],"about":[{"href":"https:\/\/animo.eu\/fi\/wp-json\/wp\/v2\/types\/page"}],"author":[{"embeddable":true,"href":"https:\/\/animo.eu\/fi\/wp-json\/wp\/v2\/users\/21"}],"replies":[{"embeddable":true,"href":"https:\/\/animo.eu\/fi\/wp-json\/wp\/v2\/comments?post=41945"}],"version-history":[{"count":1,"href":"https:\/\/animo.eu\/fi\/wp-json\/wp\/v2\/pages\/41945\/revisions"}],"predecessor-version":[{"id":41946,"href":"https:\/\/animo.eu\/fi\/wp-json\/wp\/v2\/pages\/41945\/revisions\/41946"}],"wp:featuredmedia":[{"embeddable":true,"href":"https:\/\/animo.eu\/fi\/wp-json\/wp\/v2\/media\/24483"}],"wp:attachment":[{"href":"https:\/\/animo.eu\/fi\/wp-json\/wp\/v2\/media?parent=41945"}],"curies":[{"name":"wp","href":"https:\/\/api.w.org\/{rel}","templated":true}]}}