{"id":41973,"date":"2023-09-05T15:53:18","date_gmt":"2023-09-05T13:53:18","guid":{"rendered":"https:\/\/animo.eu\/perusyksikot\/"},"modified":"2024-03-05T09:22:21","modified_gmt":"2024-03-05T08:22:21","slug":"perusyksikot","status":"publish","type":"page","link":"https:\/\/animo.eu\/fi\/perusyksikot\/","title":{"rendered":"Alakaapit."},"content":{"rendered":"\n<section  class=\"pane pane--white \">\n    <div class=\"container\">\n                    <div class=\"row justify-content-center mb-4\">\n                <div class=\"col-12\">\n                    <div class=\"pane__text\">\n                        <h2>Alakaapit.<\/h2>\n                    <\/div>\n                <\/div>\n            <\/div>\n        \n                                \n                            <div class=\"row row--equalized g-4 g-lg-3 g-xl-6\">\n                                            <div class=\"col-12 col-md-6 col-lg-3\">\n                            <div class=\"card card--product\">\n                    <div class=\"card__image\">\n                    <img decoding=\"async\" width=\"550\" height=\"328\" src=\"https:\/\/animo.eu\/wp-content\/uploads\/2023\/09\/Assortiment-onderlkasten-550x328.png\" class=\"image wp-post-image\" alt=\"\" loading=\"lazy\" srcset=\"https:\/\/animo.eu\/wp-content\/uploads\/2023\/09\/Assortiment-onderlkasten-550x328.png 550w, https:\/\/animo.eu\/wp-content\/uploads\/2023\/09\/Assortiment-onderlkasten-300x179.png 300w, https:\/\/animo.eu\/wp-content\/uploads\/2023\/09\/Assortiment-onderlkasten-1024x612.png 1024w, https:\/\/animo.eu\/wp-content\/uploads\/2023\/09\/Assortiment-onderlkasten-768x459.png 768w, https:\/\/animo.eu\/wp-content\/uploads\/2023\/09\/Assortiment-onderlkasten-1536x917.png 1536w, https:\/\/animo.eu\/wp-content\/uploads\/2023\/09\/Assortiment-onderlkasten-70x42.png 70w, https:\/\/animo.eu\/wp-content\/uploads\/2023\/09\/Assortiment-onderlkasten-800x478.png 800w, https:\/\/animo.eu\/wp-content\/uploads\/2023\/09\/Assortiment-onderlkasten-167x100.png 167w, https:\/\/animo.eu\/wp-content\/uploads\/2023\/09\/Assortiment-onderlkasten-150x90.png 150w, https:\/\/animo.eu\/wp-content\/uploads\/2023\/09\/Assortiment-onderlkasten.png 1718w\" sizes=\"(max-width: 550px) 100vw, 550px\" \/>                <\/div>\n    <div class=\"card-body\">\n        <h3 class=\"card-title\">Perusyksik\u00f6t<\/h3>\n                    <p class=\"mb-0\">Tyylik\u00e4s ja tarkoituksenmukaisesti muotoiltu alakaappi<\/p>\n            <\/div>\n    <div class=\"card-footer\">\n        <span class=\"btn btn-outline-secondary\">\n            <span class=\"btn__text\">Lis\u00e4tietoja<\/span>\n            <svg class=\"icon icon--20 icon--arrow\">\n                <use xlink:href=\"https:\/\/animo.eu\/wp-content\/themes\/animo\/build\/img\/symbols.svg#arrow-right\"><\/use>\n            <\/svg>\n        <\/span>\n    <\/div>\n    <a class=\"stretched-link\" href=\"https:\/\/animo.eu\/fi\/perusyksikot\/perusyksikot\/\"><\/a>\n<\/div>\n                        <\/div>\n                                    <\/div>\n                                         <\/div>\n<\/section>\n\n<section  class=\"pane pane--white \">\n    <div class=\"container\">\n        <div class=\"row g-4 g-lg-8 g-xl-15 g-xxl-20 align-items-center flex-lg-row-reverse\">\n                            <div class=\"col-12 col-lg-6\">\n                    <div class=\"pane__text\">\n                        <h2>Tyylikk\u00e4\u00e4sti muotoillut alakaapit.<\/h2>\n<p>Animo toimittaa alakaapit. OptiMe-, OptiBean X-, OptiBean-, OptiFresh- ja OptiVend-kahvikoneisiin. Tyylikk\u00e4\u00e4sti muotoiltu alakaappi soveltuu erityisesti ainesosien, sokerin, maidon ja sekoittajien s\u00e4ilytykseen. Alakaapin takasein\u00e4 on sijoitettu sis\u00e4\u00e4np\u00e4in, mik\u00e4 luo tilaa liit\u00e4nt\u00e4letkuille ja mahdolliselle vedensuodattimen asennukselle. Alakaappi on saatavana my\u00f6s j\u00e4\u00e4hdytysyksik\u00f6ll\u00e4 Animon kahvinkeittimien j\u00e4\u00e4hdytetyn veden annostelua varten.<\/p>\n                                                \n                    <\/div>\n                <\/div>\n                                <\/div>\n    <\/div>\n<\/section>\n","protected":false},"excerpt":{"rendered":"","protected":false},"author":21,"featured_media":24389,"parent":0,"menu_order":53,"comment_status":"closed","ping_status":"closed","template":"","meta":{"_acf_changed":false,"footnotes":""},"class_list":["post-41973","page","type-page","status-publish","has-post-thumbnail","hentry"],"acf":[],"yoast_head":"<!-- This site is optimized with the Yoast SEO plugin v25.5 - https:\/\/yoast.com\/wordpress\/plugins\/seo\/ -->\n<title>Alakaapit. -<\/title>\n<meta name=\"description\" content=\"Alakaapit. -\" \/>\n<meta name=\"robots\" content=\"index, follow, max-snippet:-1, max-image-preview:large, max-video-preview:-1\" \/>\n<link rel=\"canonical\" href=\"https:\/\/animo.eu\/fi\/perusyksikot\/\" \/>\n<meta property=\"og:locale\" content=\"fi_FI\" \/>\n<meta property=\"og:type\" content=\"article\" \/>\n<meta property=\"og:title\" content=\"Alakaapit. -\" \/>\n<meta property=\"og:description\" content=\"Alakaapit. -\" \/>\n<meta property=\"og:url\" content=\"https:\/\/animo.eu\/fi\/perusyksikot\/\" \/>\n<meta property=\"article:publisher\" content=\"https:\/\/www.facebook.com\/animobv\/\" \/>\n<meta property=\"article:modified_time\" content=\"2024-03-05T08:22:21+00:00\" \/>\n<meta property=\"og:image\" content=\"https:\/\/animo.eu\/wp-content\/uploads\/2023\/09\/Assortiment-onderlkasten-1.png\" \/>\n\t<meta property=\"og:image:width\" content=\"1718\" \/>\n\t<meta property=\"og:image:height\" content=\"1026\" \/>\n\t<meta property=\"og:image:type\" content=\"image\/png\" \/>\n<meta name=\"twitter:card\" content=\"summary_large_image\" \/>\n<meta name=\"twitter:site\" content=\"@animokoffie\" \/>\n<script type=\"application\/ld+json\" class=\"yoast-schema-graph\">{\"@context\":\"https:\/\/schema.org\",\"@graph\":[{\"@type\":\"WebPage\",\"@id\":\"https:\/\/animo.eu\/fi\/perusyksikot\/\",\"url\":\"https:\/\/animo.eu\/fi\/perusyksikot\/\",\"name\":\"Alakaapit. -\",\"isPartOf\":{\"@id\":\"https:\/\/animo.eu\/fi\/#website\"},\"primaryImageOfPage\":{\"@id\":\"https:\/\/animo.eu\/fi\/perusyksikot\/#primaryimage\"},\"image\":{\"@id\":\"https:\/\/animo.eu\/fi\/perusyksikot\/#primaryimage\"},\"thumbnailUrl\":\"https:\/\/animo.eu\/wp-content\/uploads\/2023\/09\/Assortiment-onderlkasten-1.png\",\"datePublished\":\"2023-09-05T13:53:18+00:00\",\"dateModified\":\"2024-03-05T08:22:21+00:00\",\"description\":\"Alakaapit. -\",\"breadcrumb\":{\"@id\":\"https:\/\/animo.eu\/fi\/perusyksikot\/#breadcrumb\"},\"inLanguage\":\"fi\",\"potentialAction\":[{\"@type\":\"ReadAction\",\"target\":[\"https:\/\/animo.eu\/fi\/perusyksikot\/\"]}]},{\"@type\":\"ImageObject\",\"inLanguage\":\"fi\",\"@id\":\"https:\/\/animo.eu\/fi\/perusyksikot\/#primaryimage\",\"url\":\"https:\/\/animo.eu\/wp-content\/uploads\/2023\/09\/Assortiment-onderlkasten-1.png\",\"contentUrl\":\"https:\/\/animo.eu\/wp-content\/uploads\/2023\/09\/Assortiment-onderlkasten-1.png\",\"width\":1718,\"height\":1026},{\"@type\":\"BreadcrumbList\",\"@id\":\"https:\/\/animo.eu\/fi\/perusyksikot\/#breadcrumb\",\"itemListElement\":[{\"@type\":\"ListItem\",\"position\":1,\"name\":\"Home\",\"item\":\"https:\/\/animo.eu\/fi\/\"},{\"@type\":\"ListItem\",\"position\":2,\"name\":\"Alakaapit.\"}]},{\"@type\":\"WebSite\",\"@id\":\"https:\/\/animo.eu\/fi\/#website\",\"url\":\"https:\/\/animo.eu\/fi\/\",\"name\":\"\",\"description\":\"\",\"potentialAction\":[{\"@type\":\"SearchAction\",\"target\":{\"@type\":\"EntryPoint\",\"urlTemplate\":\"https:\/\/animo.eu\/fi\/?s={search_term_string}\"},\"query-input\":{\"@type\":\"PropertyValueSpecification\",\"valueRequired\":true,\"valueName\":\"search_term_string\"}}],\"inLanguage\":\"fi\"}]}<\/script>\n<!-- \/ Yoast SEO plugin. -->","yoast_head_json":{"title":"Alakaapit. -","description":"Alakaapit. -","robots":{"index":"index","follow":"follow","max-snippet":"max-snippet:-1","max-image-preview":"max-image-preview:large","max-video-preview":"max-video-preview:-1"},"canonical":"https:\/\/animo.eu\/fi\/perusyksikot\/","og_locale":"fi_FI","og_type":"article","og_title":"Alakaapit. -","og_description":"Alakaapit. -","og_url":"https:\/\/animo.eu\/fi\/perusyksikot\/","article_publisher":"https:\/\/www.facebook.com\/animobv\/","article_modified_time":"2024-03-05T08:22:21+00:00","og_image":[{"width":1718,"height":1026,"url":"https:\/\/animo.eu\/wp-content\/uploads\/2023\/09\/Assortiment-onderlkasten-1.png","type":"image\/png"}],"twitter_card":"summary_large_image","twitter_site":"@animokoffie","schema":{"@context":"https:\/\/schema.org","@graph":[{"@type":"WebPage","@id":"https:\/\/animo.eu\/fi\/perusyksikot\/","url":"https:\/\/animo.eu\/fi\/perusyksikot\/","name":"Alakaapit. -","isPartOf":{"@id":"https:\/\/animo.eu\/fi\/#website"},"primaryImageOfPage":{"@id":"https:\/\/animo.eu\/fi\/perusyksikot\/#primaryimage"},"image":{"@id":"https:\/\/animo.eu\/fi\/perusyksikot\/#primaryimage"},"thumbnailUrl":"https:\/\/animo.eu\/wp-content\/uploads\/2023\/09\/Assortiment-onderlkasten-1.png","datePublished":"2023-09-05T13:53:18+00:00","dateModified":"2024-03-05T08:22:21+00:00","description":"Alakaapit. -","breadcrumb":{"@id":"https:\/\/animo.eu\/fi\/perusyksikot\/#breadcrumb"},"inLanguage":"fi","potentialAction":[{"@type":"ReadAction","target":["https:\/\/animo.eu\/fi\/perusyksikot\/"]}]},{"@type":"ImageObject","inLanguage":"fi","@id":"https:\/\/animo.eu\/fi\/perusyksikot\/#primaryimage","url":"https:\/\/animo.eu\/wp-content\/uploads\/2023\/09\/Assortiment-onderlkasten-1.png","contentUrl":"https:\/\/animo.eu\/wp-content\/uploads\/2023\/09\/Assortiment-onderlkasten-1.png","width":1718,"height":1026},{"@type":"BreadcrumbList","@id":"https:\/\/animo.eu\/fi\/perusyksikot\/#breadcrumb","itemListElement":[{"@type":"ListItem","position":1,"name":"Home","item":"https:\/\/animo.eu\/fi\/"},{"@type":"ListItem","position":2,"name":"Alakaapit."}]},{"@type":"WebSite","@id":"https:\/\/animo.eu\/fi\/#website","url":"https:\/\/animo.eu\/fi\/","name":"","description":"","potentialAction":[{"@type":"SearchAction","target":{"@type":"EntryPoint","urlTemplate":"https:\/\/animo.eu\/fi\/?s={search_term_string}"},"query-input":{"@type":"PropertyValueSpecification","valueRequired":true,"valueName":"search_term_string"}}],"inLanguage":"fi"}]}},"_links":{"self":[{"href":"https:\/\/animo.eu\/fi\/wp-json\/wp\/v2\/pages\/41973"}],"collection":[{"href":"https:\/\/animo.eu\/fi\/wp-json\/wp\/v2\/pages"}],"about":[{"href":"https:\/\/animo.eu\/fi\/wp-json\/wp\/v2\/types\/page"}],"author":[{"embeddable":true,"href":"https:\/\/animo.eu\/fi\/wp-json\/wp\/v2\/users\/21"}],"replies":[{"embeddable":true,"href":"https:\/\/animo.eu\/fi\/wp-json\/wp\/v2\/comments?post=41973"}],"version-history":[{"count":6,"href":"https:\/\/animo.eu\/fi\/wp-json\/wp\/v2\/pages\/41973\/revisions"}],"predecessor-version":[{"id":55802,"href":"https:\/\/animo.eu\/fi\/wp-json\/wp\/v2\/pages\/41973\/revisions\/55802"}],"wp:featuredmedia":[{"embeddable":true,"href":"https:\/\/animo.eu\/fi\/wp-json\/wp\/v2\/media\/24389"}],"wp:attachment":[{"href":"https:\/\/animo.eu\/fi\/wp-json\/wp\/v2\/media?parent=41973"}],"curies":[{"name":"wp","href":"https:\/\/api.w.org\/{rel}","templated":true}]}}