{"id":42116,"date":"2023-08-24T15:38:58","date_gmt":"2023-08-24T13:38:58","guid":{"rendered":"https:\/\/animo.eu\/paan-lammittimet\/"},"modified":"2023-12-15T13:44:27","modified_gmt":"2023-12-15T12:44:27","slug":"paan-lammittimet","status":"publish","type":"page","link":"https:\/\/animo.eu\/fi\/paan-lammittimet\/","title":{"rendered":"P\u00e4\u00e4n l\u00e4mmittimet"},"content":{"rendered":"\n<section  class=\"pane pane--white \">\n    <div class=\"container\">\n                    <div class=\"row justify-content-center mb-4\">\n                <div class=\"col-12\">\n                    <div class=\"pane__text\">\n                        <h2>P\u00e4\u00e4n l\u00e4mmittimet<\/h2>\n                    <\/div>\n                <\/div>\n            <\/div>\n        \n                                \n                            <div class=\"row row--equalized g-4 g-lg-3 g-xl-6\">\n                                            <div class=\"col-12 col-md-6 col-lg-3\">\n                            <div class=\"card card--product\">\n                    <div class=\"card__image\">\n                    <img decoding=\"async\" width=\"550\" height=\"458\" src=\"https:\/\/animo.eu\/wp-content\/uploads\/2023\/08\/Koppenwarmer-OptiMe-KLEIN-550x458.png\" class=\"image wp-post-image\" alt=\"\" loading=\"lazy\" srcset=\"https:\/\/animo.eu\/wp-content\/uploads\/2023\/08\/Koppenwarmer-OptiMe-KLEIN-550x458.png 550w, https:\/\/animo.eu\/wp-content\/uploads\/2023\/08\/Koppenwarmer-OptiMe-KLEIN-300x250.png 300w, https:\/\/animo.eu\/wp-content\/uploads\/2023\/08\/Koppenwarmer-OptiMe-KLEIN-1024x852.png 1024w, https:\/\/animo.eu\/wp-content\/uploads\/2023\/08\/Koppenwarmer-OptiMe-KLEIN-768x639.png 768w, https:\/\/animo.eu\/wp-content\/uploads\/2023\/08\/Koppenwarmer-OptiMe-KLEIN-1536x1279.png 1536w, https:\/\/animo.eu\/wp-content\/uploads\/2023\/08\/Koppenwarmer-OptiMe-KLEIN-70x58.png 70w, https:\/\/animo.eu\/wp-content\/uploads\/2023\/08\/Koppenwarmer-OptiMe-KLEIN-800x666.png 800w, https:\/\/animo.eu\/wp-content\/uploads\/2023\/08\/Koppenwarmer-OptiMe-KLEIN-120x100.png 120w, https:\/\/animo.eu\/wp-content\/uploads\/2023\/08\/Koppenwarmer-OptiMe-KLEIN-150x125.png 150w, https:\/\/animo.eu\/wp-content\/uploads\/2023\/08\/Koppenwarmer-OptiMe-KLEIN.png 1772w\" sizes=\"(max-width: 550px) 100vw, 550px\" \/>                <\/div>\n    <div class=\"card-body\">\n        <h3 class=\"card-title\">OptiMe kupinl\u00e4mmitin<\/h3>\n                    <p class=\"mb-0\">Pit\u00e4\u00e4 kahvin kuumana pidemp\u00e4\u00e4n<\/p>\n            <\/div>\n    <div class=\"card-footer\">\n        <span class=\"btn btn-outline-secondary\">\n            <span class=\"btn__text\">Lis\u00e4tietoja<\/span>\n            <svg class=\"icon icon--20 icon--arrow\">\n                <use xlink:href=\"https:\/\/animo.eu\/wp-content\/themes\/animo\/build\/img\/symbols.svg#arrow-right\"><\/use>\n            <\/svg>\n        <\/span>\n    <\/div>\n    <a class=\"stretched-link\" href=\"https:\/\/animo.eu\/fi\/paan-lammittimet\/optime-kupinlammitin\/\"><\/a>\n<\/div>\n                        <\/div>\n                                            <div class=\"col-12 col-md-6 col-lg-3\">\n                            <div class=\"card card--product\">\n                    <div class=\"card__image\">\n                    <img decoding=\"async\" width=\"550\" height=\"458\" src=\"https:\/\/animo.eu\/wp-content\/uploads\/2023\/08\/KKWn-serie-550x458.png\" class=\"image wp-post-image\" alt=\"\" loading=\"lazy\" srcset=\"https:\/\/animo.eu\/wp-content\/uploads\/2023\/08\/KKWn-serie-550x458.png 550w, https:\/\/animo.eu\/wp-content\/uploads\/2023\/08\/KKWn-serie-300x250.png 300w, https:\/\/animo.eu\/wp-content\/uploads\/2023\/08\/KKWn-serie-1024x852.png 1024w, https:\/\/animo.eu\/wp-content\/uploads\/2023\/08\/KKWn-serie-768x639.png 768w, https:\/\/animo.eu\/wp-content\/uploads\/2023\/08\/KKWn-serie-1536x1279.png 1536w, https:\/\/animo.eu\/wp-content\/uploads\/2023\/08\/KKWn-serie-70x58.png 70w, https:\/\/animo.eu\/wp-content\/uploads\/2023\/08\/KKWn-serie-800x666.png 800w, https:\/\/animo.eu\/wp-content\/uploads\/2023\/08\/KKWn-serie-120x100.png 120w, https:\/\/animo.eu\/wp-content\/uploads\/2023\/08\/KKWn-serie-150x125.png 150w, https:\/\/animo.eu\/wp-content\/uploads\/2023\/08\/KKWn-serie.png 1772w\" sizes=\"(max-width: 550px) 100vw, 550px\" \/>                <\/div>\n    <div class=\"card-body\">\n        <h3 class=\"card-title\">KKWn kupinl\u00e4mmitin<\/h3>\n                    <p class=\"mb-0\">Pit\u00e4\u00e4 kahvin kuumana pidemp\u00e4\u00e4n<\/p>\n            <\/div>\n    <div class=\"card-footer\">\n        <span class=\"btn btn-outline-secondary\">\n            <span class=\"btn__text\">Lis\u00e4tietoja<\/span>\n            <svg class=\"icon icon--20 icon--arrow\">\n                <use xlink:href=\"https:\/\/animo.eu\/wp-content\/themes\/animo\/build\/img\/symbols.svg#arrow-right\"><\/use>\n            <\/svg>\n        <\/span>\n    <\/div>\n    <a class=\"stretched-link\" href=\"https:\/\/animo.eu\/fi\/paan-lammittimet\/kkwn-kupinlammitin\/\"><\/a>\n<\/div>\n                        <\/div>\n                                    <\/div>\n                                         <\/div>\n<\/section>\n\n<section  class=\"pane pane--white \">\n    <div class=\"container\">\n        <div class=\"row g-4 g-lg-8 g-xl-15 g-xxl-20 align-items-center flex-lg-row-reverse\">\n                            <div class=\"col-12 col-lg-6\">\n                    <div class=\"pane__text\">\n                        <h2>Animo-lis\u00e4osat tuovat lis\u00e4arvoa<\/h2>\n<p>Animo-koneiden lis\u00e4arvon lis\u00e4\u00e4miseksi valikoimassamme on useita lis\u00e4laitteita. N\u00e4ihin kuuluvat kuppiautomaatit, kupinl\u00e4mmittimet, maksuj\u00e4rjestelm\u00e4t ja monet muut mukavuudet, jotka tekev\u00e4t Animo-automaateista todella erinomaisia.<\/p>\n                                                \n                    <\/div>\n                <\/div>\n                                <\/div>\n    <\/div>\n<\/section>\n","protected":false},"excerpt":{"rendered":"","protected":false},"author":21,"featured_media":19410,"parent":0,"menu_order":49,"comment_status":"closed","ping_status":"closed","template":"","meta":{"_acf_changed":false,"footnotes":""},"class_list":["post-42116","page","type-page","status-publish","has-post-thumbnail","hentry"],"acf":[],"yoast_head":"<!-- This site is optimized with the Yoast SEO plugin v25.5 - https:\/\/yoast.com\/wordpress\/plugins\/seo\/ -->\n<title>P\u00e4\u00e4n l\u00e4mmittimet -<\/title>\n<meta name=\"description\" content=\"P\u00e4\u00e4n l\u00e4mmittimet -\" \/>\n<meta name=\"robots\" content=\"index, follow, max-snippet:-1, max-image-preview:large, max-video-preview:-1\" \/>\n<link rel=\"canonical\" href=\"https:\/\/animo.eu\/fi\/paan-lammittimet\/\" \/>\n<meta property=\"og:locale\" content=\"fi_FI\" \/>\n<meta property=\"og:type\" content=\"article\" \/>\n<meta property=\"og:title\" content=\"P\u00e4\u00e4n l\u00e4mmittimet -\" \/>\n<meta property=\"og:description\" content=\"P\u00e4\u00e4n l\u00e4mmittimet -\" \/>\n<meta property=\"og:url\" content=\"https:\/\/animo.eu\/fi\/paan-lammittimet\/\" \/>\n<meta property=\"article:publisher\" content=\"https:\/\/www.facebook.com\/animobv\/\" \/>\n<meta property=\"article:modified_time\" content=\"2023-12-15T12:44:27+00:00\" \/>\n<meta property=\"og:image\" content=\"https:\/\/animo.eu\/wp-content\/uploads\/2023\/08\/Koppenwarmers-KKWn-en-OptiMe.png\" \/>\n\t<meta property=\"og:image:width\" content=\"1772\" \/>\n\t<meta property=\"og:image:height\" content=\"1475\" \/>\n\t<meta property=\"og:image:type\" content=\"image\/png\" \/>\n<meta name=\"twitter:card\" content=\"summary_large_image\" \/>\n<meta name=\"twitter:site\" content=\"@animokoffie\" \/>\n<script type=\"application\/ld+json\" class=\"yoast-schema-graph\">{\"@context\":\"https:\/\/schema.org\",\"@graph\":[{\"@type\":\"WebPage\",\"@id\":\"https:\/\/animo.eu\/fi\/paan-lammittimet\/\",\"url\":\"https:\/\/animo.eu\/fi\/paan-lammittimet\/\",\"name\":\"P\u00e4\u00e4n l\u00e4mmittimet -\",\"isPartOf\":{\"@id\":\"https:\/\/animo.eu\/fi\/#website\"},\"primaryImageOfPage\":{\"@id\":\"https:\/\/animo.eu\/fi\/paan-lammittimet\/#primaryimage\"},\"image\":{\"@id\":\"https:\/\/animo.eu\/fi\/paan-lammittimet\/#primaryimage\"},\"thumbnailUrl\":\"https:\/\/animo.eu\/wp-content\/uploads\/2023\/08\/Koppenwarmers-KKWn-en-OptiMe.png\",\"datePublished\":\"2023-08-24T13:38:58+00:00\",\"dateModified\":\"2023-12-15T12:44:27+00:00\",\"description\":\"P\u00e4\u00e4n l\u00e4mmittimet -\",\"breadcrumb\":{\"@id\":\"https:\/\/animo.eu\/fi\/paan-lammittimet\/#breadcrumb\"},\"inLanguage\":\"fi\",\"potentialAction\":[{\"@type\":\"ReadAction\",\"target\":[\"https:\/\/animo.eu\/fi\/paan-lammittimet\/\"]}]},{\"@type\":\"ImageObject\",\"inLanguage\":\"fi\",\"@id\":\"https:\/\/animo.eu\/fi\/paan-lammittimet\/#primaryimage\",\"url\":\"https:\/\/animo.eu\/wp-content\/uploads\/2023\/08\/Koppenwarmers-KKWn-en-OptiMe.png\",\"contentUrl\":\"https:\/\/animo.eu\/wp-content\/uploads\/2023\/08\/Koppenwarmers-KKWn-en-OptiMe.png\",\"width\":1772,\"height\":1475},{\"@type\":\"BreadcrumbList\",\"@id\":\"https:\/\/animo.eu\/fi\/paan-lammittimet\/#breadcrumb\",\"itemListElement\":[{\"@type\":\"ListItem\",\"position\":1,\"name\":\"Home\",\"item\":\"https:\/\/animo.eu\/fi\/\"},{\"@type\":\"ListItem\",\"position\":2,\"name\":\"P\u00e4\u00e4n l\u00e4mmittimet\"}]},{\"@type\":\"WebSite\",\"@id\":\"https:\/\/animo.eu\/fi\/#website\",\"url\":\"https:\/\/animo.eu\/fi\/\",\"name\":\"\",\"description\":\"\",\"potentialAction\":[{\"@type\":\"SearchAction\",\"target\":{\"@type\":\"EntryPoint\",\"urlTemplate\":\"https:\/\/animo.eu\/fi\/?s={search_term_string}\"},\"query-input\":{\"@type\":\"PropertyValueSpecification\",\"valueRequired\":true,\"valueName\":\"search_term_string\"}}],\"inLanguage\":\"fi\"}]}<\/script>\n<!-- \/ Yoast SEO plugin. -->","yoast_head_json":{"title":"P\u00e4\u00e4n l\u00e4mmittimet -","description":"P\u00e4\u00e4n l\u00e4mmittimet -","robots":{"index":"index","follow":"follow","max-snippet":"max-snippet:-1","max-image-preview":"max-image-preview:large","max-video-preview":"max-video-preview:-1"},"canonical":"https:\/\/animo.eu\/fi\/paan-lammittimet\/","og_locale":"fi_FI","og_type":"article","og_title":"P\u00e4\u00e4n l\u00e4mmittimet -","og_description":"P\u00e4\u00e4n l\u00e4mmittimet -","og_url":"https:\/\/animo.eu\/fi\/paan-lammittimet\/","article_publisher":"https:\/\/www.facebook.com\/animobv\/","article_modified_time":"2023-12-15T12:44:27+00:00","og_image":[{"width":1772,"height":1475,"url":"https:\/\/animo.eu\/wp-content\/uploads\/2023\/08\/Koppenwarmers-KKWn-en-OptiMe.png","type":"image\/png"}],"twitter_card":"summary_large_image","twitter_site":"@animokoffie","schema":{"@context":"https:\/\/schema.org","@graph":[{"@type":"WebPage","@id":"https:\/\/animo.eu\/fi\/paan-lammittimet\/","url":"https:\/\/animo.eu\/fi\/paan-lammittimet\/","name":"P\u00e4\u00e4n l\u00e4mmittimet -","isPartOf":{"@id":"https:\/\/animo.eu\/fi\/#website"},"primaryImageOfPage":{"@id":"https:\/\/animo.eu\/fi\/paan-lammittimet\/#primaryimage"},"image":{"@id":"https:\/\/animo.eu\/fi\/paan-lammittimet\/#primaryimage"},"thumbnailUrl":"https:\/\/animo.eu\/wp-content\/uploads\/2023\/08\/Koppenwarmers-KKWn-en-OptiMe.png","datePublished":"2023-08-24T13:38:58+00:00","dateModified":"2023-12-15T12:44:27+00:00","description":"P\u00e4\u00e4n l\u00e4mmittimet -","breadcrumb":{"@id":"https:\/\/animo.eu\/fi\/paan-lammittimet\/#breadcrumb"},"inLanguage":"fi","potentialAction":[{"@type":"ReadAction","target":["https:\/\/animo.eu\/fi\/paan-lammittimet\/"]}]},{"@type":"ImageObject","inLanguage":"fi","@id":"https:\/\/animo.eu\/fi\/paan-lammittimet\/#primaryimage","url":"https:\/\/animo.eu\/wp-content\/uploads\/2023\/08\/Koppenwarmers-KKWn-en-OptiMe.png","contentUrl":"https:\/\/animo.eu\/wp-content\/uploads\/2023\/08\/Koppenwarmers-KKWn-en-OptiMe.png","width":1772,"height":1475},{"@type":"BreadcrumbList","@id":"https:\/\/animo.eu\/fi\/paan-lammittimet\/#breadcrumb","itemListElement":[{"@type":"ListItem","position":1,"name":"Home","item":"https:\/\/animo.eu\/fi\/"},{"@type":"ListItem","position":2,"name":"P\u00e4\u00e4n l\u00e4mmittimet"}]},{"@type":"WebSite","@id":"https:\/\/animo.eu\/fi\/#website","url":"https:\/\/animo.eu\/fi\/","name":"","description":"","potentialAction":[{"@type":"SearchAction","target":{"@type":"EntryPoint","urlTemplate":"https:\/\/animo.eu\/fi\/?s={search_term_string}"},"query-input":{"@type":"PropertyValueSpecification","valueRequired":true,"valueName":"search_term_string"}}],"inLanguage":"fi"}]}},"_links":{"self":[{"href":"https:\/\/animo.eu\/fi\/wp-json\/wp\/v2\/pages\/42116"}],"collection":[{"href":"https:\/\/animo.eu\/fi\/wp-json\/wp\/v2\/pages"}],"about":[{"href":"https:\/\/animo.eu\/fi\/wp-json\/wp\/v2\/types\/page"}],"author":[{"embeddable":true,"href":"https:\/\/animo.eu\/fi\/wp-json\/wp\/v2\/users\/21"}],"replies":[{"embeddable":true,"href":"https:\/\/animo.eu\/fi\/wp-json\/wp\/v2\/comments?post=42116"}],"version-history":[{"count":1,"href":"https:\/\/animo.eu\/fi\/wp-json\/wp\/v2\/pages\/42116\/revisions"}],"predecessor-version":[{"id":42117,"href":"https:\/\/animo.eu\/fi\/wp-json\/wp\/v2\/pages\/42116\/revisions\/42117"}],"wp:featuredmedia":[{"embeddable":true,"href":"https:\/\/animo.eu\/fi\/wp-json\/wp\/v2\/media\/19410"}],"wp:attachment":[{"href":"https:\/\/animo.eu\/fi\/wp-json\/wp\/v2\/media?parent=42116"}],"curies":[{"name":"wp","href":"https:\/\/api.w.org\/{rel}","templated":true}]}}