{"id":42283,"date":"2023-08-22T12:16:29","date_gmt":"2023-08-22T10:16:29","guid":{"rendered":"https:\/\/animo.eu\/elintarvikeastiat\/"},"modified":"2024-03-23T10:50:37","modified_gmt":"2024-03-23T09:50:37","slug":"elintarvikeastiat","status":"publish","type":"page","link":"https:\/\/animo.eu\/fi\/elintarvikeastiat\/","title":{"rendered":"Elintarvikeastiat"},"content":{"rendered":"\n<section  class=\"pane pane--white \">\n    <div class=\"container\">\n                    <div class=\"row justify-content-center mb-4\">\n                <div class=\"col-12\">\n                    <div class=\"pane__text\">\n                        <h2>Elintarvikeastiat<\/h2>\n                    <\/div>\n                <\/div>\n            <\/div>\n        \n                                \n                            <div class=\"row row--equalized g-4 g-lg-3 g-xl-6\">\n                                            <div class=\"col-12 col-md-6 col-lg-3\">\n                            <div class=\"card card--product\">\n                    <div class=\"card__image\">\n                    <img decoding=\"async\" width=\"550\" height=\"458\" src=\"https:\/\/animo.eu\/wp-content\/uploads\/2023\/08\/VC-voedselcontainers-550x458.png\" class=\"image wp-post-image\" alt=\"\" loading=\"lazy\" srcset=\"https:\/\/animo.eu\/wp-content\/uploads\/2023\/08\/VC-voedselcontainers-550x458.png 550w, https:\/\/animo.eu\/wp-content\/uploads\/2023\/08\/VC-voedselcontainers-300x250.png 300w, https:\/\/animo.eu\/wp-content\/uploads\/2023\/08\/VC-voedselcontainers-1024x852.png 1024w, https:\/\/animo.eu\/wp-content\/uploads\/2023\/08\/VC-voedselcontainers-768x639.png 768w, https:\/\/animo.eu\/wp-content\/uploads\/2023\/08\/VC-voedselcontainers-1536x1279.png 1536w, https:\/\/animo.eu\/wp-content\/uploads\/2023\/08\/VC-voedselcontainers-70x58.png 70w, https:\/\/animo.eu\/wp-content\/uploads\/2023\/08\/VC-voedselcontainers-800x666.png 800w, https:\/\/animo.eu\/wp-content\/uploads\/2023\/08\/VC-voedselcontainers-120x100.png 120w, https:\/\/animo.eu\/wp-content\/uploads\/2023\/08\/VC-voedselcontainers-150x125.png 150w, https:\/\/animo.eu\/wp-content\/uploads\/2023\/08\/VC-voedselcontainers.png 1772w\" sizes=\"(max-width: 550px) 100vw, 550px\" \/>                <\/div>\n    <div class=\"card-body\">\n        <h3 class=\"card-title\">Elintarvikeastiat<\/h3>\n                    <p class=\"mb-0\">Juomas\u00e4ili\u00f6t, joissa on l\u00e4mmityselementti ja klixon-termostaatti<\/p>\n            <\/div>\n    <div class=\"card-footer\">\n        <span class=\"btn btn-outline-secondary\">\n            <span class=\"btn__text\">Lis\u00e4tietoja<\/span>\n            <svg class=\"icon icon--20 icon--arrow\">\n                <use xlink:href=\"https:\/\/animo.eu\/wp-content\/themes\/animo\/build\/img\/symbols.svg#arrow-right\"><\/use>\n            <\/svg>\n        <\/span>\n    <\/div>\n    <a class=\"stretched-link\" href=\"https:\/\/animo.eu\/fi\/elintarvikeastiat\/elintarvikeastiat\/\"><\/a>\n<\/div>\n                        <\/div>\n                                    <\/div>\n                                         <\/div>\n<\/section>\n\n<section  class=\"pane pane--white \">\n    <div class=\"container\">\n        <div class=\"row g-4 g-lg-8 g-xl-15 g-xxl-20 align-items-center flex-lg-row-reverse\">\n                            <div class=\"col-12 col-lg-6\">\n                    <div class=\"pane__text\">\n                        <h2>Animo anywise<\/h2>\n<p>Animo-laitteet ovat kaikin puolin viisas investointi. Ruostumattomasta ter\u00e4ksest\u00e4 valmistettu kotelo ei ole vain tuhoutumaton, vaan my\u00f6s t\u00e4ysin kierr\u00e4tett\u00e4v\u00e4. My\u00f6s muut komponentit ovat luotettavia ja pitk\u00e4ik\u00e4isi\u00e4. Lis\u00e4ksi Animo kiinnitt\u00e4\u00e4 erityist\u00e4 huomiota energiankulutukseen. Kaksisein\u00e4iset juomal\u00e4mmittimet ja elintarvikeastiat ovat hyvin l\u00e4mp\u00f6\u00e4 erist\u00e4vi\u00e4. Kaikki energia p\u00e4\u00e4tyy sis\u00e4isen ihmisen hyv\u00e4ksi. Ja se puolestaan antaa uutta energiaa!<\/p>\n                                                \n                    <\/div>\n                <\/div>\n                                <\/div>\n    <\/div>\n<\/section>\n","protected":false},"excerpt":{"rendered":"","protected":false},"author":21,"featured_media":9278,"parent":0,"menu_order":49,"comment_status":"closed","ping_status":"closed","template":"","meta":{"_acf_changed":false,"footnotes":""},"class_list":["post-42283","page","type-page","status-publish","has-post-thumbnail","hentry"],"acf":[],"yoast_head":"<!-- This site is optimized with the Yoast SEO plugin v25.5 - https:\/\/yoast.com\/wordpress\/plugins\/seo\/ -->\n<title>Elintarvikeastiat -<\/title>\n<meta name=\"description\" content=\"Elintarvikeastiat -\" \/>\n<meta name=\"robots\" content=\"index, follow, max-snippet:-1, max-image-preview:large, max-video-preview:-1\" \/>\n<link rel=\"canonical\" href=\"https:\/\/animo.eu\/fi\/elintarvikeastiat\/\" \/>\n<meta property=\"og:locale\" content=\"fi_FI\" \/>\n<meta property=\"og:type\" content=\"article\" \/>\n<meta property=\"og:title\" content=\"Elintarvikeastiat -\" \/>\n<meta property=\"og:description\" content=\"Elintarvikeastiat -\" \/>\n<meta property=\"og:url\" content=\"https:\/\/animo.eu\/fi\/elintarvikeastiat\/\" \/>\n<meta property=\"article:publisher\" content=\"https:\/\/www.facebook.com\/animobv\/\" \/>\n<meta property=\"article:modified_time\" content=\"2024-03-23T09:50:37+00:00\" \/>\n<meta property=\"og:image\" content=\"https:\/\/animo.eu\/wp-content\/uploads\/2023\/08\/VC-voedselcontainers-3.png\" \/>\n\t<meta property=\"og:image:width\" content=\"1772\" \/>\n\t<meta property=\"og:image:height\" content=\"1475\" \/>\n\t<meta property=\"og:image:type\" content=\"image\/png\" \/>\n<meta name=\"twitter:card\" content=\"summary_large_image\" \/>\n<meta name=\"twitter:site\" content=\"@animokoffie\" \/>\n<script type=\"application\/ld+json\" class=\"yoast-schema-graph\">{\"@context\":\"https:\/\/schema.org\",\"@graph\":[{\"@type\":\"WebPage\",\"@id\":\"https:\/\/animo.eu\/fi\/elintarvikeastiat\/\",\"url\":\"https:\/\/animo.eu\/fi\/elintarvikeastiat\/\",\"name\":\"Elintarvikeastiat -\",\"isPartOf\":{\"@id\":\"https:\/\/animo.eu\/fi\/#website\"},\"primaryImageOfPage\":{\"@id\":\"https:\/\/animo.eu\/fi\/elintarvikeastiat\/#primaryimage\"},\"image\":{\"@id\":\"https:\/\/animo.eu\/fi\/elintarvikeastiat\/#primaryimage\"},\"thumbnailUrl\":\"https:\/\/animo.eu\/wp-content\/uploads\/2023\/08\/VC-voedselcontainers-3.png\",\"datePublished\":\"2023-08-22T10:16:29+00:00\",\"dateModified\":\"2024-03-23T09:50:37+00:00\",\"description\":\"Elintarvikeastiat -\",\"breadcrumb\":{\"@id\":\"https:\/\/animo.eu\/fi\/elintarvikeastiat\/#breadcrumb\"},\"inLanguage\":\"fi\",\"potentialAction\":[{\"@type\":\"ReadAction\",\"target\":[\"https:\/\/animo.eu\/fi\/elintarvikeastiat\/\"]}]},{\"@type\":\"ImageObject\",\"inLanguage\":\"fi\",\"@id\":\"https:\/\/animo.eu\/fi\/elintarvikeastiat\/#primaryimage\",\"url\":\"https:\/\/animo.eu\/wp-content\/uploads\/2023\/08\/VC-voedselcontainers-3.png\",\"contentUrl\":\"https:\/\/animo.eu\/wp-content\/uploads\/2023\/08\/VC-voedselcontainers-3.png\",\"width\":1772,\"height\":1475},{\"@type\":\"BreadcrumbList\",\"@id\":\"https:\/\/animo.eu\/fi\/elintarvikeastiat\/#breadcrumb\",\"itemListElement\":[{\"@type\":\"ListItem\",\"position\":1,\"name\":\"Home\",\"item\":\"https:\/\/animo.eu\/fi\/\"},{\"@type\":\"ListItem\",\"position\":2,\"name\":\"Elintarvikeastiat\"}]},{\"@type\":\"WebSite\",\"@id\":\"https:\/\/animo.eu\/fi\/#website\",\"url\":\"https:\/\/animo.eu\/fi\/\",\"name\":\"\",\"description\":\"\",\"potentialAction\":[{\"@type\":\"SearchAction\",\"target\":{\"@type\":\"EntryPoint\",\"urlTemplate\":\"https:\/\/animo.eu\/fi\/?s={search_term_string}\"},\"query-input\":{\"@type\":\"PropertyValueSpecification\",\"valueRequired\":true,\"valueName\":\"search_term_string\"}}],\"inLanguage\":\"fi\"}]}<\/script>\n<!-- \/ Yoast SEO plugin. -->","yoast_head_json":{"title":"Elintarvikeastiat -","description":"Elintarvikeastiat -","robots":{"index":"index","follow":"follow","max-snippet":"max-snippet:-1","max-image-preview":"max-image-preview:large","max-video-preview":"max-video-preview:-1"},"canonical":"https:\/\/animo.eu\/fi\/elintarvikeastiat\/","og_locale":"fi_FI","og_type":"article","og_title":"Elintarvikeastiat -","og_description":"Elintarvikeastiat -","og_url":"https:\/\/animo.eu\/fi\/elintarvikeastiat\/","article_publisher":"https:\/\/www.facebook.com\/animobv\/","article_modified_time":"2024-03-23T09:50:37+00:00","og_image":[{"width":1772,"height":1475,"url":"https:\/\/animo.eu\/wp-content\/uploads\/2023\/08\/VC-voedselcontainers-3.png","type":"image\/png"}],"twitter_card":"summary_large_image","twitter_site":"@animokoffie","schema":{"@context":"https:\/\/schema.org","@graph":[{"@type":"WebPage","@id":"https:\/\/animo.eu\/fi\/elintarvikeastiat\/","url":"https:\/\/animo.eu\/fi\/elintarvikeastiat\/","name":"Elintarvikeastiat -","isPartOf":{"@id":"https:\/\/animo.eu\/fi\/#website"},"primaryImageOfPage":{"@id":"https:\/\/animo.eu\/fi\/elintarvikeastiat\/#primaryimage"},"image":{"@id":"https:\/\/animo.eu\/fi\/elintarvikeastiat\/#primaryimage"},"thumbnailUrl":"https:\/\/animo.eu\/wp-content\/uploads\/2023\/08\/VC-voedselcontainers-3.png","datePublished":"2023-08-22T10:16:29+00:00","dateModified":"2024-03-23T09:50:37+00:00","description":"Elintarvikeastiat -","breadcrumb":{"@id":"https:\/\/animo.eu\/fi\/elintarvikeastiat\/#breadcrumb"},"inLanguage":"fi","potentialAction":[{"@type":"ReadAction","target":["https:\/\/animo.eu\/fi\/elintarvikeastiat\/"]}]},{"@type":"ImageObject","inLanguage":"fi","@id":"https:\/\/animo.eu\/fi\/elintarvikeastiat\/#primaryimage","url":"https:\/\/animo.eu\/wp-content\/uploads\/2023\/08\/VC-voedselcontainers-3.png","contentUrl":"https:\/\/animo.eu\/wp-content\/uploads\/2023\/08\/VC-voedselcontainers-3.png","width":1772,"height":1475},{"@type":"BreadcrumbList","@id":"https:\/\/animo.eu\/fi\/elintarvikeastiat\/#breadcrumb","itemListElement":[{"@type":"ListItem","position":1,"name":"Home","item":"https:\/\/animo.eu\/fi\/"},{"@type":"ListItem","position":2,"name":"Elintarvikeastiat"}]},{"@type":"WebSite","@id":"https:\/\/animo.eu\/fi\/#website","url":"https:\/\/animo.eu\/fi\/","name":"","description":"","potentialAction":[{"@type":"SearchAction","target":{"@type":"EntryPoint","urlTemplate":"https:\/\/animo.eu\/fi\/?s={search_term_string}"},"query-input":{"@type":"PropertyValueSpecification","valueRequired":true,"valueName":"search_term_string"}}],"inLanguage":"fi"}]}},"_links":{"self":[{"href":"https:\/\/animo.eu\/fi\/wp-json\/wp\/v2\/pages\/42283"}],"collection":[{"href":"https:\/\/animo.eu\/fi\/wp-json\/wp\/v2\/pages"}],"about":[{"href":"https:\/\/animo.eu\/fi\/wp-json\/wp\/v2\/types\/page"}],"author":[{"embeddable":true,"href":"https:\/\/animo.eu\/fi\/wp-json\/wp\/v2\/users\/21"}],"replies":[{"embeddable":true,"href":"https:\/\/animo.eu\/fi\/wp-json\/wp\/v2\/comments?post=42283"}],"version-history":[{"count":1,"href":"https:\/\/animo.eu\/fi\/wp-json\/wp\/v2\/pages\/42283\/revisions"}],"predecessor-version":[{"id":42284,"href":"https:\/\/animo.eu\/fi\/wp-json\/wp\/v2\/pages\/42283\/revisions\/42284"}],"wp:featuredmedia":[{"embeddable":true,"href":"https:\/\/animo.eu\/fi\/wp-json\/wp\/v2\/media\/9278"}],"wp:attachment":[{"href":"https:\/\/animo.eu\/fi\/wp-json\/wp\/v2\/media?parent=42283"}],"curies":[{"name":"wp","href":"https:\/\/api.w.org\/{rel}","templated":true}]}}