{"id":42356,"date":"2023-08-18T11:59:27","date_gmt":"2023-08-18T09:59:27","guid":{"rendered":"https:\/\/animo.eu\/kattilat\/"},"modified":"2023-12-15T15:34:58","modified_gmt":"2023-12-15T14:34:58","slug":"kattilat","status":"publish","type":"page","link":"https:\/\/animo.eu\/fi\/kattilat\/","title":{"rendered":"Kattilat"},"content":{"rendered":"\n<section  class=\"pane pane--white \">\n    <div class=\"container\">\n                    <div class=\"row justify-content-center mb-4\">\n                <div class=\"col-12\">\n                    <div class=\"pane__text\">\n                        <h2>Ammattik\u00e4ytt\u00f6\u00f6n tarkoitetut vedenkeittimet<\/h2>\n                    <\/div>\n                <\/div>\n            <\/div>\n        \n                                \n                            <div class=\"row row--equalized g-4 g-lg-3 g-xl-6\">\n                                            <div class=\"col-12 col-md-6 col-lg-3\">\n                            <div class=\"card card--product\">\n                    <div class=\"card__image\">\n                    <img decoding=\"async\" width=\"550\" height=\"458\" src=\"https:\/\/animo.eu\/wp-content\/uploads\/2023\/08\/WKT-n-rechthoekig-550x458.png\" class=\"image wp-post-image\" alt=\"\" loading=\"lazy\" srcset=\"https:\/\/animo.eu\/wp-content\/uploads\/2023\/08\/WKT-n-rechthoekig-550x458.png 550w, https:\/\/animo.eu\/wp-content\/uploads\/2023\/08\/WKT-n-rechthoekig-300x250.png 300w, https:\/\/animo.eu\/wp-content\/uploads\/2023\/08\/WKT-n-rechthoekig-1024x852.png 1024w, https:\/\/animo.eu\/wp-content\/uploads\/2023\/08\/WKT-n-rechthoekig-768x639.png 768w, https:\/\/animo.eu\/wp-content\/uploads\/2023\/08\/WKT-n-rechthoekig-1536x1279.png 1536w, https:\/\/animo.eu\/wp-content\/uploads\/2023\/08\/WKT-n-rechthoekig-70x58.png 70w, https:\/\/animo.eu\/wp-content\/uploads\/2023\/08\/WKT-n-rechthoekig-800x666.png 800w, https:\/\/animo.eu\/wp-content\/uploads\/2023\/08\/WKT-n-rechthoekig-120x100.png 120w, https:\/\/animo.eu\/wp-content\/uploads\/2023\/08\/WKT-n-rechthoekig-150x125.png 150w, https:\/\/animo.eu\/wp-content\/uploads\/2023\/08\/WKT-n-rechthoekig.png 1772w\" sizes=\"(max-width: 550px) 100vw, 550px\" \/>                <\/div>\n    <div class=\"card-body\">\n        <h3 class=\"card-title\">WKT 3n ja WKT 5n<\/h3>\n                    <p class=\"mb-0\">Suorakulmaiset noutop\u00f6yd\u00e4n kattilat.<\/p>\n            <\/div>\n    <div class=\"card-footer\">\n        <span class=\"btn btn-outline-secondary\">\n            <span class=\"btn__text\">Lis\u00e4tietoja<\/span>\n            <svg class=\"icon icon--20 icon--arrow\">\n                <use xlink:href=\"https:\/\/animo.eu\/wp-content\/themes\/animo\/build\/img\/symbols.svg#arrow-right\"><\/use>\n            <\/svg>\n        <\/span>\n    <\/div>\n    <a class=\"stretched-link\" href=\"https:\/\/animo.eu\/fi\/kattilat\/wkt-3n-ja-wkt-5n\/\"><\/a>\n<\/div>\n                        <\/div>\n                                            <div class=\"col-12 col-md-6 col-lg-3\">\n                            <div class=\"card card--product\">\n                    <div class=\"card__image\">\n                    <img decoding=\"async\" width=\"550\" height=\"458\" src=\"https:\/\/animo.eu\/wp-content\/uploads\/2023\/08\/WKT-n-rond-550x458.png\" class=\"image wp-post-image\" alt=\"\" loading=\"lazy\" srcset=\"https:\/\/animo.eu\/wp-content\/uploads\/2023\/08\/WKT-n-rond-550x458.png 550w, https:\/\/animo.eu\/wp-content\/uploads\/2023\/08\/WKT-n-rond-300x250.png 300w, https:\/\/animo.eu\/wp-content\/uploads\/2023\/08\/WKT-n-rond-1024x852.png 1024w, https:\/\/animo.eu\/wp-content\/uploads\/2023\/08\/WKT-n-rond-768x639.png 768w, https:\/\/animo.eu\/wp-content\/uploads\/2023\/08\/WKT-n-rond-1536x1279.png 1536w, https:\/\/animo.eu\/wp-content\/uploads\/2023\/08\/WKT-n-rond-70x58.png 70w, https:\/\/animo.eu\/wp-content\/uploads\/2023\/08\/WKT-n-rond-800x666.png 800w, https:\/\/animo.eu\/wp-content\/uploads\/2023\/08\/WKT-n-rond-120x100.png 120w, https:\/\/animo.eu\/wp-content\/uploads\/2023\/08\/WKT-n-rond-150x125.png 150w, https:\/\/animo.eu\/wp-content\/uploads\/2023\/08\/WKT-n-rond.png 1772w\" sizes=\"(max-width: 550px) 100vw, 550px\" \/>                <\/div>\n    <div class=\"card-body\">\n        <h3 class=\"card-title\">WKT 10n ja WKT 20n<\/h3>\n                    <p class=\"mb-0\">P\u00f6yd\u00e4ll\u00e4 olevat vedenkeittimet.<\/p>\n            <\/div>\n    <div class=\"card-footer\">\n        <span class=\"btn btn-outline-secondary\">\n            <span class=\"btn__text\">Lis\u00e4tietoja<\/span>\n            <svg class=\"icon icon--20 icon--arrow\">\n                <use xlink:href=\"https:\/\/animo.eu\/wp-content\/themes\/animo\/build\/img\/symbols.svg#arrow-right\"><\/use>\n            <\/svg>\n        <\/span>\n    <\/div>\n    <a class=\"stretched-link\" href=\"https:\/\/animo.eu\/fi\/kattilat\/wkt-10n-ja-wkt-20n\/\"><\/a>\n<\/div>\n                        <\/div>\n                                            <div class=\"col-12 col-md-6 col-lg-3\">\n                            <div class=\"card card--product\">\n                    <div class=\"card__image\">\n                    <img decoding=\"async\" width=\"443\" height=\"550\" src=\"https:\/\/animo.eu\/wp-content\/uploads\/2023\/08\/Product-Pictures_WKI-n-1-443x550.png\" class=\"image wp-post-image\" alt=\"\" loading=\"lazy\" srcset=\"https:\/\/animo.eu\/wp-content\/uploads\/2023\/08\/Product-Pictures_WKI-n-1-443x550.png 443w, https:\/\/animo.eu\/wp-content\/uploads\/2023\/08\/Product-Pictures_WKI-n-1-241x300.png 241w, https:\/\/animo.eu\/wp-content\/uploads\/2023\/08\/Product-Pictures_WKI-n-1-56x70.png 56w, https:\/\/animo.eu\/wp-content\/uploads\/2023\/08\/Product-Pictures_WKI-n-1-644x800.png 644w, https:\/\/animo.eu\/wp-content\/uploads\/2023\/08\/Product-Pictures_WKI-n-1-80x100.png 80w, https:\/\/animo.eu\/wp-content\/uploads\/2023\/08\/Product-Pictures_WKI-n-1-121x150.png 121w, https:\/\/animo.eu\/wp-content\/uploads\/2023\/08\/Product-Pictures_WKI-n-1.png 684w\" sizes=\"(max-width: 443px) 100vw, 443px\" \/>                <\/div>\n    <div class=\"card-body\">\n        <h3 class=\"card-title\">WKI<\/h3>\n                    <p class=\"mb-0\">Varastokattilat sein\u00e4asennusta varten.<\/p>\n            <\/div>\n    <div class=\"card-footer\">\n        <span class=\"btn btn-outline-secondary\">\n            <span class=\"btn__text\">Lis\u00e4tietoja<\/span>\n            <svg class=\"icon icon--20 icon--arrow\">\n                <use xlink:href=\"https:\/\/animo.eu\/wp-content\/themes\/animo\/build\/img\/symbols.svg#arrow-right\"><\/use>\n            <\/svg>\n        <\/span>\n    <\/div>\n    <a class=\"stretched-link\" href=\"https:\/\/animo.eu\/fi\/kattilat\/wki\/\"><\/a>\n<\/div>\n                        <\/div>\n                                            <div class=\"col-12 col-md-6 col-lg-3\">\n                            <div class=\"card card--product\">\n                    <div class=\"card__image\">\n                    <img decoding=\"async\" width=\"550\" height=\"458\" src=\"https:\/\/animo.eu\/wp-content\/uploads\/2023\/08\/WKT-D-serie-550x458.png\" class=\"image wp-post-image\" alt=\"\" loading=\"lazy\" srcset=\"https:\/\/animo.eu\/wp-content\/uploads\/2023\/08\/WKT-D-serie-550x458.png 550w, https:\/\/animo.eu\/wp-content\/uploads\/2023\/08\/WKT-D-serie-300x250.png 300w, https:\/\/animo.eu\/wp-content\/uploads\/2023\/08\/WKT-D-serie-1024x852.png 1024w, https:\/\/animo.eu\/wp-content\/uploads\/2023\/08\/WKT-D-serie-768x639.png 768w, https:\/\/animo.eu\/wp-content\/uploads\/2023\/08\/WKT-D-serie-1536x1279.png 1536w, https:\/\/animo.eu\/wp-content\/uploads\/2023\/08\/WKT-D-serie-70x58.png 70w, https:\/\/animo.eu\/wp-content\/uploads\/2023\/08\/WKT-D-serie-800x666.png 800w, https:\/\/animo.eu\/wp-content\/uploads\/2023\/08\/WKT-D-serie-120x100.png 120w, https:\/\/animo.eu\/wp-content\/uploads\/2023\/08\/WKT-D-serie-150x125.png 150w, https:\/\/animo.eu\/wp-content\/uploads\/2023\/08\/WKT-D-serie.png 1772w\" sizes=\"(max-width: 550px) 100vw, 550px\" \/>                <\/div>\n    <div class=\"card-body\">\n        <h3 class=\"card-title\">WKT-D<\/h3>\n                    <p class=\"mb-0\">Kaksisein\u00e4iset vedenkeittimet.<\/p>\n            <\/div>\n    <div class=\"card-footer\">\n        <span class=\"btn btn-outline-secondary\">\n            <span class=\"btn__text\">Lis\u00e4tietoja<\/span>\n            <svg class=\"icon icon--20 icon--arrow\">\n                <use xlink:href=\"https:\/\/animo.eu\/wp-content\/themes\/animo\/build\/img\/symbols.svg#arrow-right\"><\/use>\n            <\/svg>\n        <\/span>\n    <\/div>\n    <a class=\"stretched-link\" href=\"https:\/\/animo.eu\/fi\/kattilat\/wkt-d\/\"><\/a>\n<\/div>\n                        <\/div>\n                                    <\/div>\n                                         <\/div>\n<\/section>\n\n<section  class=\"pane pane--white \">\n    <div class=\"container\">\n        <div class=\"row g-4 g-lg-8 g-xl-15 g-xxl-20 align-items-center flex-lg-row-reverse\">\n                            <div class=\"col-12 col-lg-6\">\n                    <div class=\"pane__text\">\n                        <h2>Animo markkinajohtaja vedenkeittimiss\u00e4<\/h2>\n<p>Animo on markkinajohtaja suurikokoisten vedenkeittimien alalla.<\/p>\n                                                \n                    <\/div>\n                <\/div>\n                                <\/div>\n    <\/div>\n<\/section>\n","protected":false},"excerpt":{"rendered":"","protected":false},"author":21,"featured_media":13977,"parent":0,"menu_order":57,"comment_status":"closed","ping_status":"closed","template":"","meta":{"_acf_changed":false,"footnotes":""},"class_list":["post-42356","page","type-page","status-publish","has-post-thumbnail","hentry"],"acf":[],"yoast_head":"<!-- This site is optimized with the Yoast SEO plugin v25.5 - https:\/\/yoast.com\/wordpress\/plugins\/seo\/ -->\n<title>Kattilat -<\/title>\n<meta name=\"description\" content=\"Kattilat -\" \/>\n<meta name=\"robots\" content=\"index, follow, max-snippet:-1, max-image-preview:large, max-video-preview:-1\" \/>\n<link rel=\"canonical\" href=\"https:\/\/animo.eu\/fi\/kattilat\/\" \/>\n<meta property=\"og:locale\" content=\"fi_FI\" \/>\n<meta property=\"og:type\" content=\"article\" \/>\n<meta property=\"og:title\" content=\"Kattilat -\" \/>\n<meta property=\"og:description\" content=\"Kattilat -\" \/>\n<meta property=\"og:url\" content=\"https:\/\/animo.eu\/fi\/kattilat\/\" \/>\n<meta property=\"article:publisher\" content=\"https:\/\/www.facebook.com\/animobv\/\" \/>\n<meta property=\"article:modified_time\" content=\"2023-12-15T14:34:58+00:00\" \/>\n<meta property=\"og:image\" content=\"https:\/\/animo.eu\/wp-content\/uploads\/2023\/08\/WKT-serie-1.png\" \/>\n\t<meta property=\"og:image:width\" content=\"1772\" \/>\n\t<meta property=\"og:image:height\" content=\"1475\" \/>\n\t<meta property=\"og:image:type\" content=\"image\/png\" \/>\n<meta name=\"twitter:card\" content=\"summary_large_image\" \/>\n<meta name=\"twitter:site\" content=\"@animokoffie\" \/>\n<script type=\"application\/ld+json\" class=\"yoast-schema-graph\">{\"@context\":\"https:\/\/schema.org\",\"@graph\":[{\"@type\":\"WebPage\",\"@id\":\"https:\/\/animo.eu\/fi\/kattilat\/\",\"url\":\"https:\/\/animo.eu\/fi\/kattilat\/\",\"name\":\"Kattilat -\",\"isPartOf\":{\"@id\":\"https:\/\/animo.eu\/fi\/#website\"},\"primaryImageOfPage\":{\"@id\":\"https:\/\/animo.eu\/fi\/kattilat\/#primaryimage\"},\"image\":{\"@id\":\"https:\/\/animo.eu\/fi\/kattilat\/#primaryimage\"},\"thumbnailUrl\":\"https:\/\/animo.eu\/wp-content\/uploads\/2023\/08\/WKT-serie-1.png\",\"datePublished\":\"2023-08-18T09:59:27+00:00\",\"dateModified\":\"2023-12-15T14:34:58+00:00\",\"description\":\"Kattilat -\",\"breadcrumb\":{\"@id\":\"https:\/\/animo.eu\/fi\/kattilat\/#breadcrumb\"},\"inLanguage\":\"fi\",\"potentialAction\":[{\"@type\":\"ReadAction\",\"target\":[\"https:\/\/animo.eu\/fi\/kattilat\/\"]}]},{\"@type\":\"ImageObject\",\"inLanguage\":\"fi\",\"@id\":\"https:\/\/animo.eu\/fi\/kattilat\/#primaryimage\",\"url\":\"https:\/\/animo.eu\/wp-content\/uploads\/2023\/08\/WKT-serie-1.png\",\"contentUrl\":\"https:\/\/animo.eu\/wp-content\/uploads\/2023\/08\/WKT-serie-1.png\",\"width\":1772,\"height\":1475},{\"@type\":\"BreadcrumbList\",\"@id\":\"https:\/\/animo.eu\/fi\/kattilat\/#breadcrumb\",\"itemListElement\":[{\"@type\":\"ListItem\",\"position\":1,\"name\":\"Home\",\"item\":\"https:\/\/animo.eu\/fi\/\"},{\"@type\":\"ListItem\",\"position\":2,\"name\":\"Kattilat\"}]},{\"@type\":\"WebSite\",\"@id\":\"https:\/\/animo.eu\/fi\/#website\",\"url\":\"https:\/\/animo.eu\/fi\/\",\"name\":\"\",\"description\":\"\",\"potentialAction\":[{\"@type\":\"SearchAction\",\"target\":{\"@type\":\"EntryPoint\",\"urlTemplate\":\"https:\/\/animo.eu\/fi\/?s={search_term_string}\"},\"query-input\":{\"@type\":\"PropertyValueSpecification\",\"valueRequired\":true,\"valueName\":\"search_term_string\"}}],\"inLanguage\":\"fi\"}]}<\/script>\n<!-- \/ Yoast SEO plugin. -->","yoast_head_json":{"title":"Kattilat -","description":"Kattilat -","robots":{"index":"index","follow":"follow","max-snippet":"max-snippet:-1","max-image-preview":"max-image-preview:large","max-video-preview":"max-video-preview:-1"},"canonical":"https:\/\/animo.eu\/fi\/kattilat\/","og_locale":"fi_FI","og_type":"article","og_title":"Kattilat -","og_description":"Kattilat -","og_url":"https:\/\/animo.eu\/fi\/kattilat\/","article_publisher":"https:\/\/www.facebook.com\/animobv\/","article_modified_time":"2023-12-15T14:34:58+00:00","og_image":[{"width":1772,"height":1475,"url":"https:\/\/animo.eu\/wp-content\/uploads\/2023\/08\/WKT-serie-1.png","type":"image\/png"}],"twitter_card":"summary_large_image","twitter_site":"@animokoffie","schema":{"@context":"https:\/\/schema.org","@graph":[{"@type":"WebPage","@id":"https:\/\/animo.eu\/fi\/kattilat\/","url":"https:\/\/animo.eu\/fi\/kattilat\/","name":"Kattilat -","isPartOf":{"@id":"https:\/\/animo.eu\/fi\/#website"},"primaryImageOfPage":{"@id":"https:\/\/animo.eu\/fi\/kattilat\/#primaryimage"},"image":{"@id":"https:\/\/animo.eu\/fi\/kattilat\/#primaryimage"},"thumbnailUrl":"https:\/\/animo.eu\/wp-content\/uploads\/2023\/08\/WKT-serie-1.png","datePublished":"2023-08-18T09:59:27+00:00","dateModified":"2023-12-15T14:34:58+00:00","description":"Kattilat -","breadcrumb":{"@id":"https:\/\/animo.eu\/fi\/kattilat\/#breadcrumb"},"inLanguage":"fi","potentialAction":[{"@type":"ReadAction","target":["https:\/\/animo.eu\/fi\/kattilat\/"]}]},{"@type":"ImageObject","inLanguage":"fi","@id":"https:\/\/animo.eu\/fi\/kattilat\/#primaryimage","url":"https:\/\/animo.eu\/wp-content\/uploads\/2023\/08\/WKT-serie-1.png","contentUrl":"https:\/\/animo.eu\/wp-content\/uploads\/2023\/08\/WKT-serie-1.png","width":1772,"height":1475},{"@type":"BreadcrumbList","@id":"https:\/\/animo.eu\/fi\/kattilat\/#breadcrumb","itemListElement":[{"@type":"ListItem","position":1,"name":"Home","item":"https:\/\/animo.eu\/fi\/"},{"@type":"ListItem","position":2,"name":"Kattilat"}]},{"@type":"WebSite","@id":"https:\/\/animo.eu\/fi\/#website","url":"https:\/\/animo.eu\/fi\/","name":"","description":"","potentialAction":[{"@type":"SearchAction","target":{"@type":"EntryPoint","urlTemplate":"https:\/\/animo.eu\/fi\/?s={search_term_string}"},"query-input":{"@type":"PropertyValueSpecification","valueRequired":true,"valueName":"search_term_string"}}],"inLanguage":"fi"}]}},"_links":{"self":[{"href":"https:\/\/animo.eu\/fi\/wp-json\/wp\/v2\/pages\/42356"}],"collection":[{"href":"https:\/\/animo.eu\/fi\/wp-json\/wp\/v2\/pages"}],"about":[{"href":"https:\/\/animo.eu\/fi\/wp-json\/wp\/v2\/types\/page"}],"author":[{"embeddable":true,"href":"https:\/\/animo.eu\/fi\/wp-json\/wp\/v2\/users\/21"}],"replies":[{"embeddable":true,"href":"https:\/\/animo.eu\/fi\/wp-json\/wp\/v2\/comments?post=42356"}],"version-history":[{"count":1,"href":"https:\/\/animo.eu\/fi\/wp-json\/wp\/v2\/pages\/42356\/revisions"}],"predecessor-version":[{"id":42357,"href":"https:\/\/animo.eu\/fi\/wp-json\/wp\/v2\/pages\/42356\/revisions\/42357"}],"wp:featuredmedia":[{"embeddable":true,"href":"https:\/\/animo.eu\/fi\/wp-json\/wp\/v2\/media\/13977"}],"wp:attachment":[{"href":"https:\/\/animo.eu\/fi\/wp-json\/wp\/v2\/media?parent=42356"}],"curies":[{"name":"wp","href":"https:\/\/api.w.org\/{rel}","templated":true}]}}