{"id":42432,"date":"2023-03-14T13:12:31","date_gmt":"2023-03-14T12:12:31","guid":{"rendered":"https:\/\/animo.eu\/perkolaattorit-2\/"},"modified":"2024-01-11T09:54:38","modified_gmt":"2024-01-11T08:54:38","slug":"perkolaattorit","status":"publish","type":"page","link":"https:\/\/animo.eu\/fi\/perkolaattorit\/","title":{"rendered":"Perkolaattorit"},"content":{"rendered":"\n<section  class=\"pane pane--white \">\n    <div class=\"container\">\n                    <div class=\"row justify-content-center mb-4\">\n                <div class=\"col-12\">\n                    <div class=\"pane__text\">\n                        <h2>Perkolaattorit<\/h2>\n                    <\/div>\n                <\/div>\n            <\/div>\n        \n                                \n                            <div class=\"row row--equalized g-4 g-lg-3 g-xl-6\">\n                                            <div class=\"col-12 col-md-6 col-lg-3\">\n                            <div class=\"card card--product\">\n                    <div class=\"card__image\">\n                    <img decoding=\"async\" width=\"550\" height=\"458\" src=\"https:\/\/animo.eu\/wp-content\/uploads\/2023\/08\/Percostar-550x458.png\" class=\"image wp-post-image\" alt=\"\" loading=\"lazy\" srcset=\"https:\/\/animo.eu\/wp-content\/uploads\/2023\/08\/Percostar-550x458.png 550w, https:\/\/animo.eu\/wp-content\/uploads\/2023\/08\/Percostar-300x250.png 300w, https:\/\/animo.eu\/wp-content\/uploads\/2023\/08\/Percostar-1024x852.png 1024w, https:\/\/animo.eu\/wp-content\/uploads\/2023\/08\/Percostar-768x639.png 768w, https:\/\/animo.eu\/wp-content\/uploads\/2023\/08\/Percostar-1536x1279.png 1536w, https:\/\/animo.eu\/wp-content\/uploads\/2023\/08\/Percostar-70x58.png 70w, https:\/\/animo.eu\/wp-content\/uploads\/2023\/08\/Percostar-800x666.png 800w, https:\/\/animo.eu\/wp-content\/uploads\/2023\/08\/Percostar-120x100.png 120w, https:\/\/animo.eu\/wp-content\/uploads\/2023\/08\/Percostar-150x125.png 150w, https:\/\/animo.eu\/wp-content\/uploads\/2023\/08\/Percostar.png 1772w\" sizes=\"(max-width: 550px) 100vw, 550px\" \/>                <\/div>\n    <div class=\"card-body\">\n        <h3 class=\"card-title\">Perkolaattorit<\/h3>\n                    <p class=\"mb-0\">Percostar on suunniteltu erityisesti suurten kahvim\u00e4\u00e4rien tarjoiluun.<\/p>\n            <\/div>\n    <div class=\"card-footer\">\n        <span class=\"btn btn-outline-secondary\">\n            <span class=\"btn__text\">Lis\u00e4tietoja<\/span>\n            <svg class=\"icon icon--20 icon--arrow\">\n                <use xlink:href=\"https:\/\/animo.eu\/wp-content\/themes\/animo\/build\/img\/symbols.svg#arrow-right\"><\/use>\n            <\/svg>\n        <\/span>\n    <\/div>\n    <a class=\"stretched-link\" href=\"https:\/\/animo.eu\/fi\/perkolaattorit\/perkolaattorit\/\"><\/a>\n<\/div>\n                        <\/div>\n                                    <\/div>\n                                         <\/div>\n<\/section>\n\n<section  class=\"pane pane--white \">\n    <div class=\"container\">\n        <div class=\"row g-4 g-lg-8 g-xl-15 g-xxl-20 align-items-center flex-lg-row-reverse\">\n                            <div class=\"col-12 col-lg-6\">\n                    <div class=\"pane__text\">\n                        <h2>Kahvia kaikille toimialoille<\/h2>\n<p>Kahvitarpeet voivat vaihdella paljon yrityksest\u00e4 ja toimialasta toiseen. Joissakin yrityksiss\u00e4 halutaan, ett\u00e4 ty\u00f6ntekij\u00f6iden lis\u00e4ksi my\u00f6s vierailevat asiakkaat voivat nauttia tuoreesta kahvista. Monilla teollisuudenaloilla laatu on ensimm\u00e4inen valintakriteeri, kun taas toisille yrityksille on t\u00e4rke\u00e4\u00e4 pysty\u00e4 valmistamaan suuri m\u00e4\u00e4r\u00e4 kahvia nopeasti. Siksi Animo tarjoaa erilaisia kahvinkeittimi\u00e4, jotka t\u00e4ytt\u00e4v\u00e4t kaikkien toimialojen erilaiset tarpeet. Toimistoista, hotelleista, supermarketeista, ruokaloista ja sairaaloista oppilaitoksiin, autopalvelukeskuksiin ja teattereihin&#8230;. ja monet muut.<\/p>\n                                                \n                    <\/div>\n                <\/div>\n                                <\/div>\n    <\/div>\n<\/section>\n","protected":false},"excerpt":{"rendered":"","protected":false},"author":1,"featured_media":8899,"parent":0,"menu_order":67,"comment_status":"closed","ping_status":"closed","template":"","meta":{"_acf_changed":false,"footnotes":""},"class_list":["post-42432","page","type-page","status-publish","has-post-thumbnail","hentry"],"acf":[],"yoast_head":"<!-- This site is optimized with the Yoast SEO plugin v25.5 - https:\/\/yoast.com\/wordpress\/plugins\/seo\/ -->\n<title>Perkolaattorit -<\/title>\n<meta name=\"description\" content=\"Perkolaattorit -\" \/>\n<meta name=\"robots\" content=\"index, follow, max-snippet:-1, max-image-preview:large, max-video-preview:-1\" \/>\n<link rel=\"canonical\" href=\"https:\/\/animo.eu\/fi\/perkolaattorit\/\" \/>\n<meta property=\"og:locale\" content=\"fi_FI\" \/>\n<meta property=\"og:type\" content=\"article\" \/>\n<meta property=\"og:title\" content=\"Perkolaattorit -\" \/>\n<meta property=\"og:description\" content=\"Perkolaattorit -\" \/>\n<meta property=\"og:url\" content=\"https:\/\/animo.eu\/fi\/perkolaattorit\/\" \/>\n<meta property=\"article:publisher\" content=\"https:\/\/www.facebook.com\/animobv\/\" \/>\n<meta property=\"article:modified_time\" content=\"2024-01-11T08:54:38+00:00\" \/>\n<meta property=\"og:image\" content=\"https:\/\/animo.eu\/wp-content\/uploads\/2023\/08\/Percostar.png\" \/>\n\t<meta property=\"og:image:width\" content=\"1772\" \/>\n\t<meta property=\"og:image:height\" content=\"1475\" \/>\n\t<meta property=\"og:image:type\" content=\"image\/png\" \/>\n<meta name=\"twitter:card\" content=\"summary_large_image\" \/>\n<meta name=\"twitter:site\" content=\"@animokoffie\" \/>\n<meta name=\"twitter:label1\" content=\"Arvioitu lukuaika\" \/>\n\t<meta name=\"twitter:data1\" content=\"1 minuutti\" \/>\n<script type=\"application\/ld+json\" class=\"yoast-schema-graph\">{\"@context\":\"https:\/\/schema.org\",\"@graph\":[{\"@type\":\"WebPage\",\"@id\":\"https:\/\/animo.eu\/fi\/perkolaattorit\/\",\"url\":\"https:\/\/animo.eu\/fi\/perkolaattorit\/\",\"name\":\"Perkolaattorit -\",\"isPartOf\":{\"@id\":\"https:\/\/animo.eu\/fi\/#website\"},\"primaryImageOfPage\":{\"@id\":\"https:\/\/animo.eu\/fi\/perkolaattorit\/#primaryimage\"},\"image\":{\"@id\":\"https:\/\/animo.eu\/fi\/perkolaattorit\/#primaryimage\"},\"thumbnailUrl\":\"https:\/\/animo.eu\/wp-content\/uploads\/2023\/08\/Percostar.png\",\"datePublished\":\"2023-03-14T12:12:31+00:00\",\"dateModified\":\"2024-01-11T08:54:38+00:00\",\"description\":\"Perkolaattorit -\",\"breadcrumb\":{\"@id\":\"https:\/\/animo.eu\/fi\/perkolaattorit\/#breadcrumb\"},\"inLanguage\":\"fi\",\"potentialAction\":[{\"@type\":\"ReadAction\",\"target\":[\"https:\/\/animo.eu\/fi\/perkolaattorit\/\"]}]},{\"@type\":\"ImageObject\",\"inLanguage\":\"fi\",\"@id\":\"https:\/\/animo.eu\/fi\/perkolaattorit\/#primaryimage\",\"url\":\"https:\/\/animo.eu\/wp-content\/uploads\/2023\/08\/Percostar.png\",\"contentUrl\":\"https:\/\/animo.eu\/wp-content\/uploads\/2023\/08\/Percostar.png\",\"width\":1772,\"height\":1475},{\"@type\":\"BreadcrumbList\",\"@id\":\"https:\/\/animo.eu\/fi\/perkolaattorit\/#breadcrumb\",\"itemListElement\":[{\"@type\":\"ListItem\",\"position\":1,\"name\":\"Home\",\"item\":\"https:\/\/animo.eu\/fi\/\"},{\"@type\":\"ListItem\",\"position\":2,\"name\":\"Perkolaattorit\"}]},{\"@type\":\"WebSite\",\"@id\":\"https:\/\/animo.eu\/fi\/#website\",\"url\":\"https:\/\/animo.eu\/fi\/\",\"name\":\"\",\"description\":\"\",\"potentialAction\":[{\"@type\":\"SearchAction\",\"target\":{\"@type\":\"EntryPoint\",\"urlTemplate\":\"https:\/\/animo.eu\/fi\/?s={search_term_string}\"},\"query-input\":{\"@type\":\"PropertyValueSpecification\",\"valueRequired\":true,\"valueName\":\"search_term_string\"}}],\"inLanguage\":\"fi\"}]}<\/script>\n<!-- \/ Yoast SEO plugin. -->","yoast_head_json":{"title":"Perkolaattorit -","description":"Perkolaattorit -","robots":{"index":"index","follow":"follow","max-snippet":"max-snippet:-1","max-image-preview":"max-image-preview:large","max-video-preview":"max-video-preview:-1"},"canonical":"https:\/\/animo.eu\/fi\/perkolaattorit\/","og_locale":"fi_FI","og_type":"article","og_title":"Perkolaattorit -","og_description":"Perkolaattorit -","og_url":"https:\/\/animo.eu\/fi\/perkolaattorit\/","article_publisher":"https:\/\/www.facebook.com\/animobv\/","article_modified_time":"2024-01-11T08:54:38+00:00","og_image":[{"width":1772,"height":1475,"url":"https:\/\/animo.eu\/wp-content\/uploads\/2023\/08\/Percostar.png","type":"image\/png"}],"twitter_card":"summary_large_image","twitter_site":"@animokoffie","twitter_misc":{"Arvioitu lukuaika":"1 minuutti"},"schema":{"@context":"https:\/\/schema.org","@graph":[{"@type":"WebPage","@id":"https:\/\/animo.eu\/fi\/perkolaattorit\/","url":"https:\/\/animo.eu\/fi\/perkolaattorit\/","name":"Perkolaattorit -","isPartOf":{"@id":"https:\/\/animo.eu\/fi\/#website"},"primaryImageOfPage":{"@id":"https:\/\/animo.eu\/fi\/perkolaattorit\/#primaryimage"},"image":{"@id":"https:\/\/animo.eu\/fi\/perkolaattorit\/#primaryimage"},"thumbnailUrl":"https:\/\/animo.eu\/wp-content\/uploads\/2023\/08\/Percostar.png","datePublished":"2023-03-14T12:12:31+00:00","dateModified":"2024-01-11T08:54:38+00:00","description":"Perkolaattorit -","breadcrumb":{"@id":"https:\/\/animo.eu\/fi\/perkolaattorit\/#breadcrumb"},"inLanguage":"fi","potentialAction":[{"@type":"ReadAction","target":["https:\/\/animo.eu\/fi\/perkolaattorit\/"]}]},{"@type":"ImageObject","inLanguage":"fi","@id":"https:\/\/animo.eu\/fi\/perkolaattorit\/#primaryimage","url":"https:\/\/animo.eu\/wp-content\/uploads\/2023\/08\/Percostar.png","contentUrl":"https:\/\/animo.eu\/wp-content\/uploads\/2023\/08\/Percostar.png","width":1772,"height":1475},{"@type":"BreadcrumbList","@id":"https:\/\/animo.eu\/fi\/perkolaattorit\/#breadcrumb","itemListElement":[{"@type":"ListItem","position":1,"name":"Home","item":"https:\/\/animo.eu\/fi\/"},{"@type":"ListItem","position":2,"name":"Perkolaattorit"}]},{"@type":"WebSite","@id":"https:\/\/animo.eu\/fi\/#website","url":"https:\/\/animo.eu\/fi\/","name":"","description":"","potentialAction":[{"@type":"SearchAction","target":{"@type":"EntryPoint","urlTemplate":"https:\/\/animo.eu\/fi\/?s={search_term_string}"},"query-input":{"@type":"PropertyValueSpecification","valueRequired":true,"valueName":"search_term_string"}}],"inLanguage":"fi"}]}},"_links":{"self":[{"href":"https:\/\/animo.eu\/fi\/wp-json\/wp\/v2\/pages\/42432"}],"collection":[{"href":"https:\/\/animo.eu\/fi\/wp-json\/wp\/v2\/pages"}],"about":[{"href":"https:\/\/animo.eu\/fi\/wp-json\/wp\/v2\/types\/page"}],"author":[{"embeddable":true,"href":"https:\/\/animo.eu\/fi\/wp-json\/wp\/v2\/users\/1"}],"replies":[{"embeddable":true,"href":"https:\/\/animo.eu\/fi\/wp-json\/wp\/v2\/comments?post=42432"}],"version-history":[{"count":1,"href":"https:\/\/animo.eu\/fi\/wp-json\/wp\/v2\/pages\/42432\/revisions"}],"predecessor-version":[{"id":42433,"href":"https:\/\/animo.eu\/fi\/wp-json\/wp\/v2\/pages\/42432\/revisions\/42433"}],"wp:featuredmedia":[{"embeddable":true,"href":"https:\/\/animo.eu\/fi\/wp-json\/wp\/v2\/media\/8899"}],"wp:attachment":[{"href":"https:\/\/animo.eu\/fi\/wp-json\/wp\/v2\/media?parent=42432"}],"curies":[{"name":"wp","href":"https:\/\/api.w.org\/{rel}","templated":true}]}}