{"id":42596,"date":"2023-03-09T13:45:33","date_gmt":"2023-03-09T12:45:33","guid":{"rendered":"https:\/\/animo.eu\/?page_id=42596"},"modified":"2024-03-23T11:55:01","modified_gmt":"2024-03-23T10:55:01","slug":"yleiset_toimitusehdot","status":"publish","type":"page","link":"https:\/\/animo.eu\/fi\/yleiset_toimitusehdot\/","title":{"rendered":"Yleiset toimitusehdot"},"content":{"rendered":"\n<section  class=\"pane pane--white \">\n    <div class=\"container\">\n        <div class=\"row g-4 g-lg-8 g-xl-15 justify-content-center\">\n                                                <div class=\"col-12 col-lg-6\">\n                        <div class=\"pane__text\">\n                            <h1>Yleiset toimitus- ja maksuehdot Animo B.V.<\/h1>\n<p><strong>Animo Belgium BV:n yleiset toimitus- ja maksuehdot l\u00f6ytyv\u00e4t <a class=\"uk-button uk-button-black\" href=\"https:\/\/animo.eu\/algemene-voorwaarden\/algemene-leveringsvoorwaarden-animo-belgium-bv\/\">T\u00c4\u00c4LT\u00c4<\/a>.<\/strong><\/p>\n<ol>\n<li><strong>Yleist\u00e4<\/strong><br \/>\nSeuraavassa esitet\u00e4\u00e4n Animo B.V.:n, j\u00e4ljemp\u00e4n\u00e4 &#8221;myyj\u00e4&#8221;, yleiset toimitus- ja maksuehdot. J\u00e4ljemp\u00e4n\u00e4 viitataan aina asiakkaaseen, ostajaan, nimell\u00e4 &#8221;ostaja&#8221;.<\/li>\n<li><strong>Sovellettavuus<\/strong><br \/>\n2.1 N\u00e4it\u00e4 yleisi\u00e4 sopimusehtoja sovelletaan kaikkiin myyj\u00e4n tarjouksiin ja sopimuksiin.<br \/>\n2.2 Ainoastaan n\u00e4it\u00e4 yleisi\u00e4 sopimusehtoja sovelletaan kaikkiin myyj\u00e4n tarjouksiin ja sopimuksiin. Ostajan ostoehdot on nimenomaisesti hyl\u00e4tty, eik\u00e4 niit\u00e4 sovelleta, ellei myyj\u00e4 ole nimenomaisesti hyv\u00e4ksynyt niit\u00e4 kirjallisesti.<\/li>\n<li><strong>Tarjous ja hyv\u00e4ksyminen<\/strong><br \/>\n3.1 Kaikki myyj\u00e4n tekem\u00e4t tarjoukset ovat sitoumuksettomia. Kauppasopimus katsotaan tehdyksi, kun myyj\u00e4 on vahvistanut tilauksen kirjallisesti tai kun myyj\u00e4 on aloittanut sen toteuttamisen.<br \/>\n3.2 Jos ostaja ei vastusta tilausvahvistuksen sis\u00e4lt\u00f6\u00e4 24 tunnin kuluessa sen vastaanottamisesta, ostajan katsotaan hyv\u00e4ksyneen sen.<br \/>\n3.3 Edell\u00e4 mainituista toimitus- ja maksuehdoista poikkeavat sopimukset, jotka on tehty ostajan ty\u00f6ntekij\u00f6iden kanssa ja\/tai jotka ostajan ty\u00f6ntekij\u00e4t ovat tehneet, ovat sitovia vain, jos myyj\u00e4n johtaja on ne kirjallisesti vahvistanut.<\/li>\n<li><strong>Toimitusajat<\/strong><br \/>\nIlmoitettuja toimitusaikoja ei miss\u00e4\u00e4n tapauksessa pid\u00e4 pit\u00e4\u00e4 m\u00e4\u00e4r\u00e4aikoina, ellei toisin ole nimenomaisesti kirjallisesti sovittu. Jos toimitus viiv\u00e4styy, myyj\u00e4lle on annettava kirjallinen ilmoitus laiminly\u00f6nnist\u00e4.<\/li>\n<li><strong>Toimitus ja riski<\/strong><br \/>\n5.1 Toimitus tapahtuu ostajan kotiin\/liikkeeseen, ellei toisin sovita.<br \/>\n5.2 Yli 300,- euron nettolaskutusarvon ylitt\u00e4v\u00e4t tilaukset ilman arvonlis\u00e4veroa toimitetaan kuljetuskustannuksin; alle 300,- euron nettolaskutusarvon alittavista tilauksista ilman arvonlis\u00e4veroa kuljetuskustannukset maksaa ostaja. Pika-, pika- ja pakettil\u00e4hetyksist\u00e4 veloitetaan aina 15 euron lis\u00e4maksu.<br \/>\n5.3 Tavaroiden kuljetus tapahtuu l\u00e4ht\u00f6kohtaisesti myyj\u00e4n vastuulla. Myyj\u00e4n vastuu rajoittuu aina siihen vakuutusturvaan\/korvaukseen, jonka asianomaiset kuljetusvakuutusyhti\u00f6t ovat my\u00f6nt\u00e4neet myyj\u00e4lle.<br \/>\n5.4 Toimitusajankohta on aika, jolloin tavarat puretaan\/puretaan (varsinainen siirto). Riski siirtyy t\u00e4ll\u00f6in ostajalle.<\/li>\n<li><strong>Hyv\u00e4ksyminen<\/strong><br \/>\n6.1 Ostaja on aina velvollinen ottamaan tilatut tavarat vastaan, kun taas kielt\u00e4ytymistapauksessa ostaja vastaa palautusrahdin, varastoinnin ja\/tai muiden tarvittavien kustannusten riskist\u00e4 ja kustannuksista.<br \/>\n6.2 Kun ostaja on kielt\u00e4ytynyt tavarasta kerran, myyj\u00e4 voi ennen toisen toimituksen suorittamista vaatia ostajaa maksamaan kauppahinnan kaikkine kuluineen, mukaan lukien oikeudelliset ja muut perint\u00e4kulut.<br \/>\n6.3 Jos myyj\u00e4 ryhtyy t\u00e4ss\u00e4 artiklassa kuvatuista syist\u00e4 toiseen toimitukseen, tavaroiden kuljetus tapahtuu ostajan kustannuksella ja riskill\u00e4.<\/li>\n<li><strong>Ylivoimainen este<\/strong><br \/>\n7.1 Ennakoimattomat olosuhteet, jotka kohtuudella est\u00e4v\u00e4t tavaran toimittamisen tai oikea-aikaisen toimittamisen, antavat myyj\u00e4lle oikeuden purkaa sopimus kokonaan tai osittain tai pident\u00e4\u00e4 toimitusaikaa olosuhteiden mukaan enint\u00e4\u00e4n kuudella kuukaudella, sanotun kuitenkaan rajoittamatta oikeutta purkaa sopimus edell\u00e4 mainitulla tavalla my\u00f6hemmin t\u00e4m\u00e4n ajanjakson aikana. Ostajalla ei ole oikeutta korvaukseen ja\/tai purkamiseen ylivoimaisen esteen sattuessa.<br \/>\n7.2 Kohdassa 7.1 tarkoitettuihin ennakoimattomiin olosuhteisiin kuuluvat muun muassa:<br \/>\na. sota tai kapina;<br \/>\nb. Myyj\u00e4n toimittajilta saatujen osien tai tarvikkeiden vastaanottamatta j\u00e4tt\u00e4minen (ajoissa) tai virheellinen vastaanotto;<br \/>\nc. tulipalo;<br \/>\nd. konevika;<br \/>\ne. lakko;<br \/>\nja lis\u00e4ksi kaikki olosuhteet, jotka ilman myyj\u00e4n syyt\u00e4 est\u00e4v\u00e4t kohtuullisesti tavaroiden toimituksen tai oikea-aikaisen toimituksen.<\/li>\n<li><strong>Hinnat<\/strong><br \/>\n8.1 Kaikki hinnat eiv\u00e4t sis\u00e4ll\u00e4 arvonlis\u00e4veroa eiv\u00e4tk\u00e4 mahdollisia h\u00e4vitt\u00e4mismaksuja.<br \/>\nHintoihin eiv\u00e4t sis\u00e4lly tavaroiden sijoittamis- ja asennuskustannukset eiv\u00e4tk\u00e4 n\u00e4iden ehtojen 5.2 artiklassa tarkoitetut kuljetuskustannukset.<br \/>\n8.2 Myyj\u00e4n antamat tarjoukset ovat sitoumuksettomia. Myyj\u00e4 voi poiketa hinnaston hinnoista ilman ennakkoilmoitusta.<\/li>\n<li><strong>Valitukset<\/strong><br \/>\n9.1 Jos toimitettu tavara ei ole sopimuksen mukainen, ostajan on ilmoitettava t\u00e4st\u00e4 myyj\u00e4lle kirjallisesti kahdeksan p\u00e4iv\u00e4n kuluessa tavaran vastaanottamisesta ja ilmoitettava tarkasti valituksen luonne ja perusteet sek\u00e4 asianomaisten koneiden\/osien nimikenumerot. M\u00e4\u00e4r\u00e4ajan p\u00e4\u00e4tytty\u00e4 ostajan katsotaan hyv\u00e4ksyneen toimitetut tavarat.<br \/>\n9.2 Jos myyj\u00e4 ottaa toimitetut tavarat takaisin, veloitetaan hallinto- ja k\u00e4sittelykulut, jotka ovat 10 % laskun nettoarvosta, kuitenkin v\u00e4hint\u00e4\u00e4n 15 euroa. Jos ostaja on jo maksanut kauppahinnan, edell\u00e4 mainitut hallinto- ja k\u00e4sittelykulut v\u00e4hennet\u00e4\u00e4n kauppahinnasta.<br \/>\n9.3 Toimitettujen tavaroiden palautus voi tapahtua mist\u00e4 tahansa syyst\u00e4 vain, jos tavarat ovat k\u00e4ytt\u00e4m\u00e4tt\u00f6mi\u00e4 ja vahingoittumattomia ja Myyj\u00e4 on nimenomaisesti hyv\u00e4ksynyt tavaroiden palautuksen antamalla &#8221;Return With Authorisation Number&#8221; -numeron.<br \/>\n9.4 Tavarat, jotka palautetaan myyj\u00e4lle kohdan 9.3 m\u00e4\u00e4r\u00e4ysten vastaisesti tai ilmoittamatta &#8221;Return With Authorisation Number&#8221; -numeroa, hyl\u00e4t\u00e4\u00e4n ja palautetaan ostajan kustannuksella.<br \/>\n9.5 T\u00e4m\u00e4n artiklan m\u00e4\u00e4r\u00e4ykset eiv\u00e4t vaikuta ostajan lakis\u00e4\u00e4teisiin oikeuksiin, jos toimitetuissa tavaroissa ei ole piilevi\u00e4 vikoja. Ostaja on velvollinen ilmoittamaan myyj\u00e4lle piilevist\u00e4 puutteista kirjallisesti mahdollisimman pian, mutta joka tapauksessa kahdeksan p\u00e4iv\u00e4n kuluessa siit\u00e4, kun h\u00e4n on saanut niist\u00e4 tiedon.<\/li>\n<li><strong>Takuu<\/strong><br \/>\n10.1 Myyj\u00e4 takaa Animo-merkill\u00e4 valmistettujen p\u00e4\u00e4telaitteiden s\u00e4hk\u00f6iset ja mekaaniset osat 24 kuukauden ajan toimitusp\u00e4iv\u00e4st\u00e4. Kaikkien muiden kuin Animon valmistamien osien ja tarvikkeiden, kuten muun muassa vedensuodattimien, takuuaika on 12 kuukautta toimituksesta. Takuu ei kata vikoja, jotka johtuvat osien normaalista kulumisesta, ep\u00e4asianmukaisesta k\u00e4yt\u00f6st\u00e4, kalkkeutumisesta tai huolimattomasta huollosta. Takuu ei my\u00f6sk\u00e4\u00e4n koske lasisia sis\u00e4pulloja, mittalaseja ja lasikannuja.<br \/>\n10.2 T\u00e4m\u00e4n takuun mukainen vastuu rajoittuu korjattavien osien maksuttomaan toimittamiseen. Korjauksen seurauksena tehtyjen t\u00f6iden takuu on kolme kuukautta toimitusp\u00e4iv\u00e4st\u00e4. (Purkamis-, ty\u00f6- ja puhelinkustannukset veloitetaan aina n\u00e4iden kolmen kuukauden j\u00e4lkeen.<br \/>\n10.3 Ostajan on palautettava vialliset osat myyj\u00e4lle rahtikuluitta ja ilmoitettava n\u00e4iden ehtojen 9 artiklassa tarkoitettu &#8221;Return With Authorisation Number&#8221; (palautus luvalla) sek\u00e4 koneen tyyppi ja sarjanumero.<br \/>\n10.4 Edell\u00e4 mainittu takuu on voimassa vain, jos ostaja on t\u00e4ytt\u00e4nyt kaikki velvollisuutensa myyj\u00e4\u00e4 kohtaan.<\/li>\n<li><strong>Vastuu<\/strong><br \/>\n11.1 Myyj\u00e4 ei ole vastuussa tavaran toimittamatta j\u00e4tt\u00e4misest\u00e4 tai my\u00f6h\u00e4stymisest\u00e4 (sen seurauksista) silt\u00e4 osin kuin se johtuu n\u00e4iden ehtojen 7 artiklassa tarkoitetuista ennakoimattomista olosuhteista.<br \/>\n11.2 Myyj\u00e4 ei ole vastuussa, my\u00f6sk\u00e4\u00e4n edell\u00e4 mainitun takuun nojalla, mist\u00e4\u00e4n vahingoista, jotka johtuvat:<br \/>\na. ostajan suorittama toimitettujen tavaroiden virheellinen varastointi tai k\u00e4sittely;<br \/>\nb. ostajan tai muiden k\u00e4ytt\u00e4jien asiantuntemattomasta ja\/tai virheellisest\u00e4 toimitettujen tavaroiden k\u00e4yt\u00f6st\u00e4;<br \/>\nc. ostajat tai muut k\u00e4ytt\u00e4j\u00e4t laiminly\u00f6v\u00e4t toimitettujen tuotteiden huollon;<br \/>\nd. muiden kuin Myyj\u00e4n valtuuttamien henkil\u00f6iden suorittamat korjaukset, vaihdot tai muutokset, ellei Myyj\u00e4 ole antanut siihen etuk\u00e4teen suostumustaan;<br \/>\ne. tavaroiden virheellinen asennus tai asennus, joka ei ole myyj\u00e4n antamien ohjeiden mukainen.<br \/>\n11.3 Jos myyj\u00e4 on edell\u00e4 mainitusta huolimatta vastuussa toimituksen laiminly\u00f6nnist\u00e4, my\u00f6h\u00e4stymisest\u00e4 tai virheett\u00f6m\u00e4st\u00e4 toimituksesta (sen seurauksista), h\u00e4n on velvollinen korvaamaan vain sen vahingon, joka on v\u00e4lit\u00f6n seuraus h\u00e4nen laiminly\u00f6nnist\u00e4\u00e4n. Myyj\u00e4 ei ole miss\u00e4\u00e4n tapauksessa velvollinen korvaamaan v\u00e4lillisi\u00e4 vahinkoja, mukaan lukien muun muassa liiketaloudelliset vahingot ja v\u00e4lilliset vahingot, v\u00e4lilliset vahingot ja voitonmenetyksest\u00e4 johtuvat vahingot.<br \/>\n11.4 Myyj\u00e4n vahingonkorvausvelvollisuus ei voi koskaan ylitt\u00e4\u00e4 toimitetun tavaran laskutusarvoa.<\/li>\n<li><strong>Maksu<\/strong><br \/>\n12.1 Maksu on suoritettava k\u00e4teisell\u00e4 tavaroiden toimituksen yhteydess\u00e4. K\u00e4teismaksuna pidet\u00e4\u00e4n my\u00f6s er\u00e4\u00e4ntyneen summan hyvitt\u00e4mist\u00e4 myyj\u00e4n luovutushetkell\u00e4 ilmoittamalle pankki- tai tilisiirtotilille tai taattujen tilisiirtokorttien tai pankkisekkien luovuttamista.<br \/>\n12.2 Jos osapuolet ovat luopuneet k\u00e4teismaksusta, maksu on suoritettava 30 p\u00e4iv\u00e4n kuluessa laskun p\u00e4iv\u00e4yksest\u00e4. Maksuaikaa on pidett\u00e4v\u00e4 m\u00e4\u00e4r\u00e4p\u00e4iv\u00e4n\u00e4.<br \/>\n12.3 Jos ostaja laiminly\u00f6 yhden tai useamman maksuvelvoitteen t\u00e4ytt\u00e4misen tai laiminly\u00f6 sen ajallaan tai kokonaan, ostaja on velkaa myyj\u00e4lle viiv\u00e4styskorkoa, joka on 1,5 % kuukaudessa er\u00e4p\u00e4iv\u00e4st\u00e4 alkaen, jolloin osa kuukaudesta lasketaan kokonaiseksi kuukaudeksi. Ostaja vastaa my\u00f6s kaikista kustannuksista, kuten perint\u00e4kuluista sek\u00e4 oikeudellisista ja tuomioistuimen ulkopuolisista kuluista, jotka aiheutuvat siit\u00e4, ett\u00e4 ostaja ei ole t\u00e4ytt\u00e4nyt velvoitteitaan ajoissa tai virheellisesti. Lis\u00e4ksi myyj\u00e4ll\u00e4 on oikeus vaatia ostajalta k\u00e4teismaksua my\u00f6hempien toimitusten osalta, jos maksu j\u00e4tet\u00e4\u00e4n suorittamatta, viiv\u00e4styy tai on puutteellinen.<br \/>\n12.4 Ostaja ei voi koskaan vedota kuittaukseen maksun osalta.<\/li>\n<li><strong>Omistusoikeuden s\u00e4ilytt\u00e4minen<\/strong><br \/>\nKaikkien myyj\u00e4n ostajalle myymien tavaroiden omistusoikeus s\u00e4ilyy myyj\u00e4ll\u00e4 niin kauan kuin ostaja ei ole maksanut myyj\u00e4n t\u00e4m\u00e4n tai vastaavan sopimuksen mukaisia saatavia ja niin kauan kuin ostaja ei ole maksanut myyj\u00e4n saatavia, jotka johtuvat n\u00e4iden velvoitteiden t\u00e4ytt\u00e4m\u00e4tt\u00e4 j\u00e4tt\u00e4misest\u00e4, mukaan lukien korko- ja kuluvaatimukset. Ostajan on ensimm\u00e4isest\u00e4 pyynn\u00f6st\u00e4 annettava myyj\u00e4lle mahdollisuus ottaa myyj\u00e4n toimittamat tavarat takaisin ostajalta.<\/li>\n<li><strong>Riidat<\/strong><br \/>\n14.1 Kaikkiin myyj\u00e4n sopimuksiin sovelletaan yksinomaan Alankomaiden lakia.<br \/>\n14.2 Riidat ratkaistaan myyj\u00e4n valitseman paikan tuomioistuimessa.<br \/>\n15.<\/li>\n<li><strong>Varikko<\/strong><br \/>\nN\u00e4m\u00e4 ehdot on j\u00e4tetty Meppelin kauppa- ja teollisuuskamarille numerolla 04016432.<\/li>\n<\/ol>\n                                                    <\/div>\n                    <\/div>\n                                    <\/div>\n    <\/div>\n<\/section>\n","protected":false},"excerpt":{"rendered":"","protected":false},"author":1,"featured_media":0,"parent":0,"menu_order":80,"comment_status":"closed","ping_status":"closed","template":"","meta":{"_acf_changed":false,"footnotes":""},"class_list":["post-42596","page","type-page","status-publish","hentry"],"acf":[],"yoast_head":"<!-- This site is optimized with the Yoast SEO plugin v25.5 - https:\/\/yoast.com\/wordpress\/plugins\/seo\/ -->\n<title>Yleiset toimitusehdot -<\/title>\n<meta name=\"description\" content=\"Yleiset toimitusehdot -\" \/>\n<meta name=\"robots\" content=\"index, follow, max-snippet:-1, max-image-preview:large, max-video-preview:-1\" \/>\n<link rel=\"canonical\" href=\"https:\/\/animo.eu\/fi\/yleiset_toimitusehdot\/\" \/>\n<meta property=\"og:locale\" content=\"fi_FI\" \/>\n<meta property=\"og:type\" content=\"article\" \/>\n<meta property=\"og:title\" content=\"Yleiset toimitusehdot -\" \/>\n<meta property=\"og:description\" content=\"Yleiset toimitusehdot -\" \/>\n<meta property=\"og:url\" content=\"https:\/\/animo.eu\/fi\/yleiset_toimitusehdot\/\" \/>\n<meta property=\"article:publisher\" content=\"https:\/\/www.facebook.com\/animobv\/\" \/>\n<meta property=\"article:modified_time\" content=\"2024-03-23T10:55:01+00:00\" \/>\n<meta property=\"og:image\" content=\"https:\/\/animo.eu\/wp-content\/uploads\/2023\/06\/animo-dedicated-logo.png\" \/>\n\t<meta property=\"og:image:width\" content=\"1000\" \/>\n\t<meta property=\"og:image:height\" content=\"364\" \/>\n\t<meta property=\"og:image:type\" content=\"image\/png\" \/>\n<meta name=\"twitter:card\" content=\"summary_large_image\" \/>\n<meta name=\"twitter:site\" content=\"@animokoffie\" \/>\n<script type=\"application\/ld+json\" class=\"yoast-schema-graph\">{\"@context\":\"https:\/\/schema.org\",\"@graph\":[{\"@type\":\"WebPage\",\"@id\":\"https:\/\/animo.eu\/fi\/yleiset_toimitusehdot\/\",\"url\":\"https:\/\/animo.eu\/fi\/yleiset_toimitusehdot\/\",\"name\":\"Yleiset toimitusehdot -\",\"isPartOf\":{\"@id\":\"https:\/\/animo.eu\/fi\/#website\"},\"datePublished\":\"2023-03-09T12:45:33+00:00\",\"dateModified\":\"2024-03-23T10:55:01+00:00\",\"description\":\"Yleiset toimitusehdot -\",\"breadcrumb\":{\"@id\":\"https:\/\/animo.eu\/fi\/yleiset_toimitusehdot\/#breadcrumb\"},\"inLanguage\":\"fi\",\"potentialAction\":[{\"@type\":\"ReadAction\",\"target\":[\"https:\/\/animo.eu\/fi\/yleiset_toimitusehdot\/\"]}]},{\"@type\":\"BreadcrumbList\",\"@id\":\"https:\/\/animo.eu\/fi\/yleiset_toimitusehdot\/#breadcrumb\",\"itemListElement\":[{\"@type\":\"ListItem\",\"position\":1,\"name\":\"Home\",\"item\":\"https:\/\/animo.eu\/fi\/\"},{\"@type\":\"ListItem\",\"position\":2,\"name\":\"Yleiset toimitusehdot\"}]},{\"@type\":\"WebSite\",\"@id\":\"https:\/\/animo.eu\/fi\/#website\",\"url\":\"https:\/\/animo.eu\/fi\/\",\"name\":\"\",\"description\":\"\",\"potentialAction\":[{\"@type\":\"SearchAction\",\"target\":{\"@type\":\"EntryPoint\",\"urlTemplate\":\"https:\/\/animo.eu\/fi\/?s={search_term_string}\"},\"query-input\":{\"@type\":\"PropertyValueSpecification\",\"valueRequired\":true,\"valueName\":\"search_term_string\"}}],\"inLanguage\":\"fi\"}]}<\/script>\n<!-- \/ Yoast SEO plugin. -->","yoast_head_json":{"title":"Yleiset toimitusehdot -","description":"Yleiset toimitusehdot -","robots":{"index":"index","follow":"follow","max-snippet":"max-snippet:-1","max-image-preview":"max-image-preview:large","max-video-preview":"max-video-preview:-1"},"canonical":"https:\/\/animo.eu\/fi\/yleiset_toimitusehdot\/","og_locale":"fi_FI","og_type":"article","og_title":"Yleiset toimitusehdot -","og_description":"Yleiset toimitusehdot -","og_url":"https:\/\/animo.eu\/fi\/yleiset_toimitusehdot\/","article_publisher":"https:\/\/www.facebook.com\/animobv\/","article_modified_time":"2024-03-23T10:55:01+00:00","og_image":[{"width":1000,"height":364,"url":"https:\/\/animo.eu\/wp-content\/uploads\/2023\/06\/animo-dedicated-logo.png","type":"image\/png"}],"twitter_card":"summary_large_image","twitter_site":"@animokoffie","schema":{"@context":"https:\/\/schema.org","@graph":[{"@type":"WebPage","@id":"https:\/\/animo.eu\/fi\/yleiset_toimitusehdot\/","url":"https:\/\/animo.eu\/fi\/yleiset_toimitusehdot\/","name":"Yleiset toimitusehdot -","isPartOf":{"@id":"https:\/\/animo.eu\/fi\/#website"},"datePublished":"2023-03-09T12:45:33+00:00","dateModified":"2024-03-23T10:55:01+00:00","description":"Yleiset toimitusehdot -","breadcrumb":{"@id":"https:\/\/animo.eu\/fi\/yleiset_toimitusehdot\/#breadcrumb"},"inLanguage":"fi","potentialAction":[{"@type":"ReadAction","target":["https:\/\/animo.eu\/fi\/yleiset_toimitusehdot\/"]}]},{"@type":"BreadcrumbList","@id":"https:\/\/animo.eu\/fi\/yleiset_toimitusehdot\/#breadcrumb","itemListElement":[{"@type":"ListItem","position":1,"name":"Home","item":"https:\/\/animo.eu\/fi\/"},{"@type":"ListItem","position":2,"name":"Yleiset toimitusehdot"}]},{"@type":"WebSite","@id":"https:\/\/animo.eu\/fi\/#website","url":"https:\/\/animo.eu\/fi\/","name":"","description":"","potentialAction":[{"@type":"SearchAction","target":{"@type":"EntryPoint","urlTemplate":"https:\/\/animo.eu\/fi\/?s={search_term_string}"},"query-input":{"@type":"PropertyValueSpecification","valueRequired":true,"valueName":"search_term_string"}}],"inLanguage":"fi"}]}},"_links":{"self":[{"href":"https:\/\/animo.eu\/fi\/wp-json\/wp\/v2\/pages\/42596"}],"collection":[{"href":"https:\/\/animo.eu\/fi\/wp-json\/wp\/v2\/pages"}],"about":[{"href":"https:\/\/animo.eu\/fi\/wp-json\/wp\/v2\/types\/page"}],"author":[{"embeddable":true,"href":"https:\/\/animo.eu\/fi\/wp-json\/wp\/v2\/users\/1"}],"replies":[{"embeddable":true,"href":"https:\/\/animo.eu\/fi\/wp-json\/wp\/v2\/comments?post=42596"}],"version-history":[{"count":3,"href":"https:\/\/animo.eu\/fi\/wp-json\/wp\/v2\/pages\/42596\/revisions"}],"predecessor-version":[{"id":44762,"href":"https:\/\/animo.eu\/fi\/wp-json\/wp\/v2\/pages\/42596\/revisions\/44762"}],"wp:attachment":[{"href":"https:\/\/animo.eu\/fi\/wp-json\/wp\/v2\/media?parent=42596"}],"curies":[{"name":"wp","href":"https:\/\/api.w.org\/{rel}","templated":true}]}}